{"id":73727,"date":"2025-02-04T16:57:14","date_gmt":"2025-02-04T16:57:14","guid":{"rendered":"https:\/\/jackpotlotteryonline.com\/?page_id=73727"},"modified":"2025-02-04T16:57:14","modified_gmt":"2025-02-04T16:57:14","slug":"kupite-eurojackpot-karte-sa-bilo-kog-mesta","status":"publish","type":"page","link":"https:\/\/jackpotlotteryonline.com\/sr\/kako-kupiti-tiket-za-lutriju-online\/kupite-eurojackpot-karte-sa-bilo-kog-mesta\/","title":{"rendered":"Kupite Eurojackpot karte sa bilo kog mesta"},"content":{"rendered":"<p>O Eurojackpotu<br \/>\nEurojackpot ima jednu uzbudljivu karakteristiku koju treba da znate: kada jackpot dostigne 90 miliona evra, postoji ograni\u010denje na maksimalni jackpot koji mo\u017eete osvojiti. To zna\u010di da \u0107e sva dodatna sredstva od prodaje karata koja prema\u0161e ovu sumu biti preneta na nagradu drugog nivoa. Ova nagrada \u0107e biti zna\u010dajno vi\u0161a. S obzirom na to da su \u0161anse za dobitak u drugoj kategoriji 10 puta ve\u0107e nego za glavnu nagradu, uvek je dobra strategija da se fokusirate na ovu loteriju kada jackpot dostigne 90 miliona evra.<\/p>\n<p>Eurojackpot ima dva izvla\u010denja nedeljno, u utorak i petak. Izaberite 5 brojeva od 50, plus dva dodatna broja od 1 do 10, i ima\u0107ete priliku da osvojite nagradu u ukupno 12 kategorija.<\/p>\n<p>Kako da kupite Eurojackpot kartu<br \/>\nEurojackpot je evropska lutrija, a karte se uglavnom prodaju u zemljama \u010dlanicama. Lutrija se igra u 18 zemalja, i svako ko \u017eivi u tim zemljama mo\u017ee da u\u010destvuje. Eurojackpot zemlje su: Hrvatska, Danska, Estonija, Finska, Nema\u010dka, Island, Italija, Letonija, Litvanija, Holandija, Norve\u0161ka, Slovenija, \u0160panija i \u0160vedska.<\/p>\n<p>Iako Eurojackpot ima 18 zemalja \u010dlanica, karte se ponekad prodaju i u nekim drugim evropskim zemljama. Stanovnici tih zemalja mogu da kupe kartu direktno od lokalnih prodavaca lutrija. Ipak, ovo ne va\u017ei za igra\u010de van Evrope koji \u017eele da u\u010destvuju.<\/p>\n<p>\u0160ta da radite ako \u017eivite van Evrope<br \/>\nAko \u017eivite van Evrope i \u017eelite da igrate Eurojackpot, najbolja opcija je da kupite kartu online. To mo\u017eete da uradite putem interneta ili mobilnog ure\u0111aja. Jednostavno prona\u0111ite legitimnu veb stranicu za lutriju, kupite kartu i sa\u010dekajte izvla\u010denje.<\/p>\n<p>Karte za Eurojackpot prodaju se na mnogim internet sajtovima, ali je va\u017eno da izaberete pouzdanog prodavca. Internet vam omogu\u0107ava pristup mnogim me\u0111unarodnim lutrijama, ne samo Eurojackpotu. Me\u0111utim, budite sigurni da zaista u\u010destvujete u izvla\u010denju, a ne samo da se kladite na njegov ishod, jer postoji razlika izme\u0111u ta dva.<\/p>\n<p>Gde da kupite Eurojackpot karte<br \/>\nKada tra\u017eite Eurojackpot prodavca online, nemojte kupiti kartu odmah \u2013 prvo se uverite da je u pitanju usluga \u201econcierge\u201c (usluga posredovanja). Ove usluge omogu\u0107avaju igra\u010dima da kupuju karte za velike me\u0111unarodne lutrije kao \u0161to je Eurojackpot.<\/p>\n<p>Najbolji na\u010din da se osigurate da zaista u\u010destvujete u izvla\u010denju je da kupite kartu putem jackpotlotteryonline.com. Na\u0161i agenti kupuju fizi\u010dke karte sa brojevima koje izaberete, \u0161to zna\u010di da ste stvarni u\u010desnik lutrije. Ako se va\u0161i brojevi izvuku, vi \u0107ete osvojiti nagradu! Pored toga, mi se brinemo o procesu isplate, tako da samo treba da povu\u010dete svoje dobitke na va\u0161 ra\u010dun.<\/p>\n<p>Prednosti registracije na jackpotlotteryonline.com<br \/>\nJackpotlotteryonline.com je pouzdana usluga za kupovinu karata za me\u0111unarodne lutrije. Kada se registrujete kod nas, dobijate:<\/p>\n<p>Pristup vi\u0161e od dvadeset me\u0111unarodnih lutrija, uklju\u010duju\u0107i Eurojackpot<br \/>\nLako igranje lutrija<br \/>\nMogu\u0107nost u\u010destvovanja u vi\u0161e izvla\u010denja odjednom<br \/>\nPra\u0107enje va\u0161ih karata i dobitaka<br \/>\nAutomatske obavesti kada osvojite nagradu<br \/>\nJednostavan proces povla\u010denja va\u0161ih dobitaka<br \/>\nNa\u0161 cilj je da iskustvo igranja lutrije u\u010dinimo jednostavnim i zabavnim.<\/p>\n<p>Kako da igrate Eurojackpot \u2013 Korak po korak<br \/>\nKorak 1: Posetite jackpotlotteryonline.com i izaberite Eurojackpot lutriju.<\/p>\n<p>Korak 2: Izaberite 5 glavnih brojeva i 2 dodatna broja. Ako ne znate koje brojeve da izaberete, koristite opciju \u201eQuick Pick All\u201c za brzo generisanje brojeva.<\/p>\n<p>Korak 3: Izaberite da li \u017eelite da kupite jednu kartu ili vi\u0161e karata za vi\u0161e izvla\u010denja. Kupovina vi\u0161e karata pove\u0107ava va\u0161e \u0161anse za dobitak.<\/p>\n<p>Korak 4: Idite na stranicu za pla\u0107anje i registrujte se. Registracija vam omogu\u0107ava:<\/p>\n<p>Pristup va\u0161oj karti i zahtev za isplatu ako osvojite nagradu<br \/>\nDa dobijete obave\u0161tenje ako ste osvojili nagradu<br \/>\nDa brzo i lako povu\u010dete svoje dobitke<br \/>\nTo je to! U\u010destvovanje u Eurojackpotu je jednostavno i sigurno, bez obzira gde se nalazite.<\/p>\n<p>Kupite Eurojackpot karte izvan Evrope<br \/>\nAko \u017eivite izvan Evrope, sada mo\u017eete da kupite Eurojackpot karte online. Lutrije su uzbudljive \u2013 nikada ne znate kada \u0107ete biti slede\u0107i milioner!<\/p>\n","protected":false},"excerpt":{"rendered":"<p>O Eurojackpotu Eurojackpot ima jednu uzbudljivu karakteristiku koju treba da znate: kada jackpot dostigne 90 miliona evra, postoji ograni\u010denje na maksimalni jackpot koji mo\u017eete osvojiti. To zna\u010di da \u0107e sva dodatna sredstva od prodaje karata koja prema\u0161e ovu sumu biti preneta na nagradu drugog nivoa. Ova nagrada \u0107e biti zna\u010dajno vi\u0161a. S obzirom na to [&hellip;]<\/p>\n","protected":false},"author":7,"featured_media":0,"parent":73606,"menu_order":4,"comment_status":"closed","ping_status":"closed","template":"eurojackpot-info.php","meta":{"_et_pb_use_builder":"","_et_pb_old_content":"","_et_gb_content_width":"","exclude_from_search":false,"footnotes":""},"class_list":["post-73727","page","type-page","status-publish","hentry"],"yoast_head":"<!-- This site is optimized with the Yoast SEO plugin v23.3 - https:\/\/yoast.com\/wordpress\/plugins\/seo\/ -->\n<title>Kupite EuroJackpot karte izvan Evrope | Nabavite karte online<\/title>\n<meta name=\"description\" content=\"U nekim evropskim zemljama mo\u017eete kupiti EuroJackpot karte u prodavnici. Ali ovde mo\u017eete dobiti karte \u010dak i izvan Evrope.\" \/>\n<meta name=\"robots\" content=\"index, follow, max-snippet:-1, max-image-preview:large, max-video-preview:-1\" \/>\n<link rel=\"canonical\" href=\"https:\/\/jackpotlotteryonline.com\/sr\/kako-kupiti-tiket-za-lutriju-online\/kupite-eurojackpot-karte-sa-bilo-kog-mesta\/\" \/>\n<meta property=\"og:locale\" content=\"sr_RS\" \/>\n<meta property=\"og:type\" content=\"article\" \/>\n<meta property=\"og:title\" content=\"Kupite EuroJackpot karte izvan Evrope | Nabavite karte online\" \/>\n<meta property=\"og:description\" content=\"U nekim evropskim zemljama mo\u017eete kupiti EuroJackpot karte u prodavnici. Ali ovde mo\u017eete dobiti karte \u010dak i izvan Evrope.\" \/>\n<meta property=\"og:url\" content=\"https:\/\/jackpotlotteryonline.com\/sr\/kako-kupiti-tiket-za-lutriju-online\/kupite-eurojackpot-karte-sa-bilo-kog-mesta\/\" \/>\n<meta property=\"og:site_name\" content=\"Lotto Online - Crack The International Lottery Jackpots\" \/>\n<meta name=\"twitter:card\" content=\"summary_large_image\" \/>\n<!-- \/ Yoast SEO plugin. -->","yoast_head_json":{"title":"Kupite EuroJackpot karte izvan Evrope | Nabavite karte online","description":"U nekim evropskim zemljama mo\u017eete kupiti EuroJackpot karte u prodavnici. Ali ovde mo\u017eete dobiti karte \u010dak i izvan Evrope.","robots":{"index":"index","follow":"follow","max-snippet":"max-snippet:-1","max-image-preview":"max-image-preview:large","max-video-preview":"max-video-preview:-1"},"canonical":"https:\/\/jackpotlotteryonline.com\/sr\/kako-kupiti-tiket-za-lutriju-online\/kupite-eurojackpot-karte-sa-bilo-kog-mesta\/","og_locale":"sr_RS","og_type":"article","og_title":"Kupite EuroJackpot karte izvan Evrope | Nabavite karte online","og_description":"U nekim evropskim zemljama mo\u017eete kupiti EuroJackpot karte u prodavnici. Ali ovde mo\u017eete dobiti karte \u010dak i izvan Evrope.","og_url":"https:\/\/jackpotlotteryonline.com\/sr\/kako-kupiti-tiket-za-lutriju-online\/kupite-eurojackpot-karte-sa-bilo-kog-mesta\/","og_site_name":"Lotto Online - Crack The International Lottery Jackpots","twitter_card":"summary_large_image","schema":{"@context":"https:\/\/schema.org","@graph":[{"@type":"WebPage","@id":"https:\/\/jackpotlotteryonline.com\/sr\/kako-kupiti-tiket-za-lutriju-online\/kupite-eurojackpot-karte-sa-bilo-kog-mesta\/","url":"https:\/\/jackpotlotteryonline.com\/sr\/kako-kupiti-tiket-za-lutriju-online\/kupite-eurojackpot-karte-sa-bilo-kog-mesta\/","name":"Kupite EuroJackpot karte izvan Evrope | Nabavite karte online","isPartOf":{"@id":"https:\/\/jackpotlotteryonline.com\/#website"},"datePublished":"2025-02-04T16:57:14+00:00","dateModified":"2025-02-04T16:57:14+00:00","description":"U nekim evropskim zemljama mo\u017eete kupiti EuroJackpot karte u prodavnici. Ali ovde mo\u017eete dobiti karte \u010dak i izvan Evrope.","breadcrumb":{"@id":"https:\/\/jackpotlotteryonline.com\/sr\/kako-kupiti-tiket-za-lutriju-online\/kupite-eurojackpot-karte-sa-bilo-kog-mesta\/#breadcrumb"},"inLanguage":"sr-RS","potentialAction":[{"@type":"ReadAction","target":["https:\/\/jackpotlotteryonline.com\/sr\/kako-kupiti-tiket-za-lutriju-online\/kupite-eurojackpot-karte-sa-bilo-kog-mesta\/"]}]},{"@type":"BreadcrumbList","@id":"https:\/\/jackpotlotteryonline.com\/sr\/kako-kupiti-tiket-za-lutriju-online\/kupite-eurojackpot-karte-sa-bilo-kog-mesta\/#breadcrumb","itemListElement":[{"@type":"ListItem","position":1,"name":"Home","item":"https:\/\/jackpotlotteryonline.com\/sr\/"},{"@type":"ListItem","position":2,"name":"Kako kupiti tiket za lutriju online","item":"https:\/\/jackpotlotteryonline.com\/sr\/kako-kupiti-tiket-za-lutriju-online\/"},{"@type":"ListItem","position":3,"name":"Kupite Eurojackpot karte sa bilo kog mesta"}]},{"@type":"WebSite","@id":"https:\/\/jackpotlotteryonline.com\/#website","url":"https:\/\/jackpotlotteryonline.com\/","name":"Lotto Online - Crack The International Lottery Jackpots","description":"","potentialAction":[{"@type":"SearchAction","target":{"@type":"EntryPoint","urlTemplate":"https:\/\/jackpotlotteryonline.com\/?s={search_term_string}"},"query-input":"required name=search_term_string"}],"inLanguage":"sr-RS"}]}},"_links":{"self":[{"href":"https:\/\/jackpotlotteryonline.com\/sr\/wp-json\/wp\/v2\/pages\/73727","targetHints":{"allow":["GET"]}}],"collection":[{"href":"https:\/\/jackpotlotteryonline.com\/sr\/wp-json\/wp\/v2\/pages"}],"about":[{"href":"https:\/\/jackpotlotteryonline.com\/sr\/wp-json\/wp\/v2\/types\/page"}],"author":[{"embeddable":true,"href":"https:\/\/jackpotlotteryonline.com\/sr\/wp-json\/wp\/v2\/users\/7"}],"replies":[{"embeddable":true,"href":"https:\/\/jackpotlotteryonline.com\/sr\/wp-json\/wp\/v2\/comments?post=73727"}],"version-history":[{"count":0,"href":"https:\/\/jackpotlotteryonline.com\/sr\/wp-json\/wp\/v2\/pages\/73727\/revisions"}],"up":[{"embeddable":true,"href":"https:\/\/jackpotlotteryonline.com\/sr\/wp-json\/wp\/v2\/pages\/73606"}],"wp:attachment":[{"href":"https:\/\/jackpotlotteryonline.com\/sr\/wp-json\/wp\/v2\/media?parent=73727"}],"curies":[{"name":"wp","href":"https:\/\/api.w.org\/{rel}","templated":true}]}}