{"id":73752,"date":"2025-02-04T17:26:24","date_gmt":"2025-02-04T17:26:24","guid":{"rendered":"https:\/\/jackpotlotteryonline.com\/?page_id=73752"},"modified":"2025-02-04T17:26:24","modified_gmt":"2025-02-04T17:26:24","slug":"kupovina-superenalotto-loto-tiketa","status":"publish","type":"page","link":"https:\/\/jackpotlotteryonline.com\/sr\/kako-kupiti-tiket-za-lutriju-online\/kupovina-superenalotto-loto-tiketa\/","title":{"rendered":"Kupovina SuperEnalotto Loto Tiketa"},"content":{"rendered":"<h1>Za\u0161to SuperEnalotto?<\/h1>\n<p> Da li ste ikada razmi\u0161ljali o tome kako mo\u017eete da kupite SuperEnalotto tiket van Italije? SuperEnalotto je jedan od najpopularnijih lota u Evropi. Nije ni \u010dudo \u0161to ljudi iz celog sveta redovno u\u010destvuju u ovom lutriji.<br \/>\nNa JackpotLotteryOnline.com, pru\u017eamo vam pristup najboljim me\u0111unarodnim lutrijama, kao \u0161to je SuperEnalotto. Mo\u017eete kupiti tikete, proveriti izvla\u010denja i upravljati svojim nagradama, sve na jednom mestu.<\/p>\n<p>Za\u0161to mnogi ljudi biraju SuperEnalotto? Evo nekoliko razloga zbog kojih je SuperEnalotto postao izuzetno popularan me\u0111u igra\u010dima. Ako \u017eelite da u\u010destvujete odmah, posetite na\u0161 sajt i kupite SuperEnalotto tikete kako biste u\u010destvovali u izvla\u010denjima i imali \u0161ansu za osvajanje velikih nagrada.<\/p>\n<h2>SuperEnalotto Ima Ogromne Nagrade<\/h2>\n<p> Prvi razlog zbog kojeg igra\u010di vole ovu igru verovatno su velike nagrade SuperEnalotto. SuperEnalotto po\u010dinje sa minimalnom nagradom od 2 miliona evra, \u0161to mo\u017eda ne izgleda mnogo u pore\u0111enju sa drugim lutrijama.<br \/>\nMe\u0111utim, najva\u017enija stvar je da u SuperEnalotto nema ograni\u010denja na veli\u010dinu nagrade. Ako niko ne osvoji nagradu u izvu\u010denju, ona se prenosi na naredno izvla\u010denje. Da pojasnimo, SuperEnalotto se izvla\u010di <a href=\"https:\/\/jackpotlotteryonline.com\/winning-numbers\/superenalotto\">\u010detiri puta nedeljno<\/a>. To zna\u010di da nagrada mo\u017ee brzo da raste i pove\u0107ava se tokom vremena.<\/p>\n<p>Na primer, 2019. godine, nagrada je dostigla rekordnih 209 miliona evra nakon nekoliko prenosa.<\/p>\n<h2>Da li smo pomenuli da se izvla\u010di tri puta nedeljno?<\/h2>\n<p> SuperEnalotto se izvla\u010di \u010detiri puta nedeljno: utorkom, \u010detvrtkom, petkom i subotom.<br \/>\nTo zna\u010di da nagrada mo\u017ee br\u017ee da raste jer postoji vi\u0161e \u0161ansi za izvu\u010dena bez dobitnika. Nagrada mo\u017ee \u010dak da se pove\u0107a i tokom jedne nedelje. Ako ne \u017eelite da propustite naredno izvla\u010denje, posetite jackpotlotteryonline.com i kupite SuperEnalotto tikete. Nikada ne znate kada \u0107e sre\u0107a biti na va\u0161oj strani.<\/p>\n<h2>5 Najve\u0107ih Pobednika SuperEnalotto<\/h2>\n<p> <img loading=\"lazy\" decoding=\"async\" class=\"alignright size-full wp-image-31316\" src=\"https:\/\/jackpotlotteryonline.com\/wp-content\/uploads\/2022\/11\/logo_superenalotto.png\" alt=\"SuperEnalotto winners\" width=\"200\" height=\"212\" \/>Jo\u0161 uvek niste sigurni da igrate SuperEnalotto? Evo nekoliko neverovatnih nagrada koje su osvojene i sigurno \u0107e vas ubediti da se pridru\u017eite.<br \/>\nNajve\u0107a nagrada ikada osvojena bila je 2019. godine, kada je grupa igra\u010da osvojila nagradu od 209 miliona evra. Kao \u0161to smo ranije rekli, ova nagrada je osvojena sa jednim dobitnim tiketom. Zamislite da osvojite vi\u0161e od 200 miliona evra!<\/p>\n<p>Druga najve\u0107a nagrada osvojena je 2010. godine, kada je grupa igra\u010da osvojila 177 miliona evra. Tre\u0107a najve\u0107a nagrada osvojena je 2016. godine, kada je tiket osvojio 163 miliona evra. Zatim su dva dobitnika u 2009. godini podelila nagradu od 147 miliona evra, a poslednja nagrada od 139 miliona evra osvojena je 2010. godine.<\/p>\n<h2>Kako da Igramo SuperEnalotto<\/h2>\n<p> <a href=\"https:\/\/jackpotlotteryonline.com\/play-online\/superenalotto\">Za igru SuperEnalotto<\/a>, potrebno je da odaberete 6 brojeva od 1 do 90. Mo\u017eete odabrati vi\u0161e redova kako biste pove\u0107ali svoje \u0161anse za pobedu. Zatim odlu\u010dite koliko izvla\u010denja \u017eelite da u\u010destvujete. Mo\u017eete se prijaviti za 5 uzastopnih nedelja. \u0160to vi\u0161e igrate, to su ve\u0107e va\u0161e \u0161anse za pobedu.<br \/>\nTako\u0111e, postoji opcija zvana SuperStar koja pove\u0107ava va\u0161e \u0161anse za pobedu. Tako\u0111e mo\u017eete kupiti dodatni broj pod nazivom &#8220;Joker&#8221;, koji se koristi za odre\u0111ivanje drugih nagrada, ali ne uti\u010de na glavnu nagradu.<\/p>\n<p>Nakon \u0161to odaberete brojeve i platite tiket, potrebno je da sa\u010dekate izvla\u010denje. Ako se prijavite kod nas, pru\u017eamo automatski sistem koji vam omogu\u0107ava da u\u017eivate u jednostavnoj i bezbri\u017enoj igri. Mi \u0107emo se pobrinuti za sve detalje, tako da mo\u017eete da se fokusirate samo na zabavu.<\/p>\n<section class=\"layout\" style=\"border: solid 1px; width: 100%;\">\n<div class=\"img-div\" style=\"margin-top: 5px;\"><img decoding=\"async\" class=\"wp-image-17212 alignleft\" style=\"height: 45px; margin: 8px 8px 0px;\" src=\"https:\/\/jackpotlotteryonline.com\/wp-content\/uploads\/2022\/11\/read1.jpg\" alt=\"Read More\" width=\"\" height=\"\" \/><\/div>\n<div style=\"padding-left: 5px;\">\n<div style=\"font-size: 1.1em;\">\n<strong>Izaberite brojeve ru\u010dno ili koristite RNG<\/strong><\/p>\n<p style=\"font-size: 0.85em; margin-top: -1.5em;\">Kako se generi\u0161u dobitni brojevi? <a href=\"https:\/\/jackpotlotteryonline.com\/how-to-generate-winning-lotto-numbers\">Pro\u010ditaj vi\u0161e<\/a><\/p>\n<\/p><\/div>\n<\/p><\/div>\n<\/section>\n<h2>Kako Pove\u0107ati Svoje \u0160anse za Pobediti u SuperEnalotto?<\/h2>\n<p> Generalno, lutrije su poznate po niskim \u0161ansama za pobedu. U stvari, \u0161anse za pobedu u SuperEnalotto nisu ba\u0161 visoke, ali to je ono \u0161to je \u010dini jo\u0161 privla\u010dnijom. Pobeda kada su \u0161anse protiv vas daje poseban ose\u0107aj ispunjenja. To je sjajan na\u010din da se ose\u0107ate kao da su \u0161anse u va\u0161em korist.<br \/>\n\u0160anse za osvajanje glavne nagrade u SuperEnalotto su 1 prema 622,614,630. Ali postoji 6 razli\u010ditih kategorija nagrada, a \u0161anse za pobedu u ni\u017eim kategorijama su 1 prema 16.<\/p>\n<p>Ove \u0161anse su o\u010digledno uzbudljive i omogu\u0107avaju igra\u010dima da imaju realne \u0161anse da pobede.<\/p>\n<h2>Kategorije Nagrada u SuperEnalotto<\/h2>\n<p> <img loading=\"lazy\" decoding=\"async\" class=\"size-medium wp-image-35376 alignright\" src=\"https:\/\/jackpotlotteryonline.com\/wp-content\/uploads\/2022\/11\/2_ticket_superenalotto4-1-211x300.jpg\" alt=\"SuperEnalotto Prize Categories\" width=\"211\" height=\"300\" srcset=\"https:\/\/jackpotlotteryonline.com\/wp-content\/uploads\/2022\/11\/2_ticket_superenalotto4-1-211x300.jpg 211w, https:\/\/jackpotlotteryonline.com\/wp-content\/uploads\/2022\/11\/2_ticket_superenalotto4-1.jpg 300w\" sizes=\"auto, (max-width: 211px) 100vw, 211px\" \/>Tokom izvla\u010denja, 6 brojeva se nasumi\u010dno bira iz brojeva od 1 do 90. Tiketi koji se poklapaju sa svih 6 brojeva dobijaju glavnu nagradu.<br \/>\nGlavna nagrada po\u010dinje sa 2 miliona evra, ali obi\u010dno postaje mnogo ve\u0107a kroz prenose. Ostale kategorije nagrada su podeljene na osnovu procenta ukupnih nagrada, pa se iznos nagrada mo\u017ee razlikovati od jednog izvla\u010denja do drugog.<\/p>\n<p>6 brojeva &#8211; Glavna nagrada (17.4% od ukupnih nagrada)<br \/>\n5 brojeva + Joker &#8211; 13%<br \/>\n5 brojeva &#8211; 4.2%<br \/>\n4 broja &#8211; 4.2%<br \/>\n3 broja &#8211; 12.8%<br \/>\n2 broja &#8211; 40%<\/p>\n<p><strong>Evo prose\u010dnih iznosa za svaku kategoriju nagrada:<\/strong><\/p>\n<p>6 brojeva &#8211; \u20ac92,056,091.66<br \/>\n5 brojeva + Joker &#8211; \u20ac594,951.95<br \/>\n5 brojeva &#8211; \u20ac49,736.38<br \/>\n4 broja &#8211; \u20ac354.83<br \/>\n3 broja &#8211; \u20ac27.15<br \/>\n2 broja &#8211; \u20ac5.48<\/p>\n<h2>Igrajte SuperEnalotto Online<\/h2>\n<p> SuperEnalotto je italijanska lutrija i tiketi su dostupni samo u Italiji. Ako \u017eivite izvan Italije, mo\u017eete kupiti SuperEnalotto tikete putem me\u0111unarodnih online lutrija. Kupite tikete putem nas i u\u010destvujte. <\/p>\n<h2>Prednosti Kupovine SuperEnalotto Tiketa Online<\/h2>\n<ul>\n<li>Brz i jednostavan pristup lutrijama<\/li>\n<li>Igrajte iz udobnosti svog doma<\/li>\n<li>Va\u0161 tiket je digitalno sa\u010duvan, \u0161to pove\u0107ava sigurnost. To je jedini na\u010din da zahtevate svoju nagradu.<\/li>\n<li>Bi\u0107ete odmah obave\u0161teni kada osvojite nagradu<\/li>\n<li>Lako mo\u017eete da preuzmete svoju nagradu bez potrebe za putovanjem u Italiju<\/li>\n<\/ul>\n","protected":false},"excerpt":{"rendered":"<p>Za\u0161to SuperEnalotto? Da li ste ikada razmi\u0161ljali o tome kako mo\u017eete da kupite SuperEnalotto tiket van Italije? SuperEnalotto je jedan od najpopularnijih lota u Evropi. Nije ni \u010dudo \u0161to ljudi iz celog sveta redovno u\u010destvuju u ovom lutriji. Na JackpotLotteryOnline.com, pru\u017eamo vam pristup najboljim me\u0111unarodnim lutrijama, kao \u0161to je SuperEnalotto. Mo\u017eete kupiti tikete, proveriti izvla\u010denja [&hellip;]<\/p>\n","protected":false},"author":7,"featured_media":0,"parent":73606,"menu_order":5,"comment_status":"closed","ping_status":"closed","template":"superenalotto.php","meta":{"_et_pb_use_builder":"","_et_pb_old_content":"","_et_gb_content_width":"","exclude_from_search":false,"footnotes":""},"class_list":["post-73752","page","type-page","status-publish","hentry"],"yoast_head":"<!-- This site is optimized with the Yoast SEO plugin v23.3 - https:\/\/yoast.com\/wordpress\/plugins\/seo\/ -->\n<title>Kupite SuperEnalotto karte izvan Italije | Nabavite karte online<\/title>\n<meta name=\"description\" content=\"Ne \u017eivite u Italiji, ali \u017eelite u\u010destvovati u SuperEnalotto? Kupite svoju online kartu za SuperEnalotto kroz nas.\" \/>\n<meta name=\"robots\" content=\"index, follow, max-snippet:-1, max-image-preview:large, max-video-preview:-1\" \/>\n<link rel=\"canonical\" href=\"https:\/\/jackpotlotteryonline.com\/sr\/kako-kupiti-tiket-za-lutriju-online\/kupovina-superenalotto-loto-tiketa\/\" \/>\n<meta property=\"og:locale\" content=\"sr_RS\" \/>\n<meta property=\"og:type\" content=\"article\" \/>\n<meta property=\"og:title\" content=\"Kupite SuperEnalotto karte izvan Italije | Nabavite karte online\" \/>\n<meta property=\"og:description\" content=\"Ne \u017eivite u Italiji, ali \u017eelite u\u010destvovati u SuperEnalotto? Kupite svoju online kartu za SuperEnalotto kroz nas.\" \/>\n<meta property=\"og:url\" content=\"https:\/\/jackpotlotteryonline.com\/sr\/kako-kupiti-tiket-za-lutriju-online\/kupovina-superenalotto-loto-tiketa\/\" \/>\n<meta property=\"og:site_name\" content=\"Lotto Online - Crack The International Lottery Jackpots\" \/>\n<meta property=\"og:image\" content=\"https:\/\/jackpotlotteryonline.com\/wp-content\/uploads\/2022\/11\/logo_superenalotto.png\" \/>\n<meta name=\"twitter:card\" content=\"summary_large_image\" \/>\n<!-- \/ Yoast SEO plugin. -->","yoast_head_json":{"title":"Kupite SuperEnalotto karte izvan Italije | Nabavite karte online","description":"Ne \u017eivite u Italiji, ali \u017eelite u\u010destvovati u SuperEnalotto? Kupite svoju online kartu za SuperEnalotto kroz nas.","robots":{"index":"index","follow":"follow","max-snippet":"max-snippet:-1","max-image-preview":"max-image-preview:large","max-video-preview":"max-video-preview:-1"},"canonical":"https:\/\/jackpotlotteryonline.com\/sr\/kako-kupiti-tiket-za-lutriju-online\/kupovina-superenalotto-loto-tiketa\/","og_locale":"sr_RS","og_type":"article","og_title":"Kupite SuperEnalotto karte izvan Italije | Nabavite karte online","og_description":"Ne \u017eivite u Italiji, ali \u017eelite u\u010destvovati u SuperEnalotto? Kupite svoju online kartu za SuperEnalotto kroz nas.","og_url":"https:\/\/jackpotlotteryonline.com\/sr\/kako-kupiti-tiket-za-lutriju-online\/kupovina-superenalotto-loto-tiketa\/","og_site_name":"Lotto Online - Crack The International Lottery Jackpots","og_image":[{"url":"https:\/\/jackpotlotteryonline.com\/wp-content\/uploads\/2022\/11\/logo_superenalotto.png"}],"twitter_card":"summary_large_image","schema":{"@context":"https:\/\/schema.org","@graph":[{"@type":"WebPage","@id":"https:\/\/jackpotlotteryonline.com\/sr\/kako-kupiti-tiket-za-lutriju-online\/kupovina-superenalotto-loto-tiketa\/","url":"https:\/\/jackpotlotteryonline.com\/sr\/kako-kupiti-tiket-za-lutriju-online\/kupovina-superenalotto-loto-tiketa\/","name":"Kupite SuperEnalotto karte izvan Italije | Nabavite karte online","isPartOf":{"@id":"https:\/\/jackpotlotteryonline.com\/#website"},"primaryImageOfPage":{"@id":"https:\/\/jackpotlotteryonline.com\/sr\/kako-kupiti-tiket-za-lutriju-online\/kupovina-superenalotto-loto-tiketa\/#primaryimage"},"image":{"@id":"https:\/\/jackpotlotteryonline.com\/sr\/kako-kupiti-tiket-za-lutriju-online\/kupovina-superenalotto-loto-tiketa\/#primaryimage"},"thumbnailUrl":"https:\/\/jackpotlotteryonline.com\/wp-content\/uploads\/2022\/11\/logo_superenalotto.png","datePublished":"2025-02-04T17:26:24+00:00","dateModified":"2025-02-04T17:26:24+00:00","description":"Ne \u017eivite u Italiji, ali \u017eelite u\u010destvovati u SuperEnalotto? Kupite svoju online kartu za SuperEnalotto kroz nas.","breadcrumb":{"@id":"https:\/\/jackpotlotteryonline.com\/sr\/kako-kupiti-tiket-za-lutriju-online\/kupovina-superenalotto-loto-tiketa\/#breadcrumb"},"inLanguage":"sr-RS","potentialAction":[{"@type":"ReadAction","target":["https:\/\/jackpotlotteryonline.com\/sr\/kako-kupiti-tiket-za-lutriju-online\/kupovina-superenalotto-loto-tiketa\/"]}]},{"@type":"ImageObject","inLanguage":"sr-RS","@id":"https:\/\/jackpotlotteryonline.com\/sr\/kako-kupiti-tiket-za-lutriju-online\/kupovina-superenalotto-loto-tiketa\/#primaryimage","url":"https:\/\/jackpotlotteryonline.com\/wp-content\/uploads\/2022\/11\/logo_superenalotto.png","contentUrl":"https:\/\/jackpotlotteryonline.com\/wp-content\/uploads\/2022\/11\/logo_superenalotto.png"},{"@type":"BreadcrumbList","@id":"https:\/\/jackpotlotteryonline.com\/sr\/kako-kupiti-tiket-za-lutriju-online\/kupovina-superenalotto-loto-tiketa\/#breadcrumb","itemListElement":[{"@type":"ListItem","position":1,"name":"Home","item":"https:\/\/jackpotlotteryonline.com\/sr\/"},{"@type":"ListItem","position":2,"name":"Kako kupiti tiket za lutriju online","item":"https:\/\/jackpotlotteryonline.com\/sr\/kako-kupiti-tiket-za-lutriju-online\/"},{"@type":"ListItem","position":3,"name":"Kupovina SuperEnalotto Loto Tiketa"}]},{"@type":"WebSite","@id":"https:\/\/jackpotlotteryonline.com\/#website","url":"https:\/\/jackpotlotteryonline.com\/","name":"Lotto Online - Crack The International Lottery Jackpots","description":"","potentialAction":[{"@type":"SearchAction","target":{"@type":"EntryPoint","urlTemplate":"https:\/\/jackpotlotteryonline.com\/?s={search_term_string}"},"query-input":"required name=search_term_string"}],"inLanguage":"sr-RS"}]}},"_links":{"self":[{"href":"https:\/\/jackpotlotteryonline.com\/sr\/wp-json\/wp\/v2\/pages\/73752","targetHints":{"allow":["GET"]}}],"collection":[{"href":"https:\/\/jackpotlotteryonline.com\/sr\/wp-json\/wp\/v2\/pages"}],"about":[{"href":"https:\/\/jackpotlotteryonline.com\/sr\/wp-json\/wp\/v2\/types\/page"}],"author":[{"embeddable":true,"href":"https:\/\/jackpotlotteryonline.com\/sr\/wp-json\/wp\/v2\/users\/7"}],"replies":[{"embeddable":true,"href":"https:\/\/jackpotlotteryonline.com\/sr\/wp-json\/wp\/v2\/comments?post=73752"}],"version-history":[{"count":0,"href":"https:\/\/jackpotlotteryonline.com\/sr\/wp-json\/wp\/v2\/pages\/73752\/revisions"}],"up":[{"embeddable":true,"href":"https:\/\/jackpotlotteryonline.com\/sr\/wp-json\/wp\/v2\/pages\/73606"}],"wp:attachment":[{"href":"https:\/\/jackpotlotteryonline.com\/sr\/wp-json\/wp\/v2\/media?parent=73752"}],"curies":[{"name":"wp","href":"https:\/\/api.w.org\/{rel}","templated":true}]}}