{"id":73768,"date":"2025-02-04T17:56:43","date_gmt":"2025-02-04T17:56:43","guid":{"rendered":"https:\/\/jackpotlotteryonline.com\/?page_id=73768"},"modified":"2025-02-04T17:56:43","modified_gmt":"2025-02-04T17:56:43","slug":"kupovina-karata-za-el-gordo","status":"publish","type":"page","link":"https:\/\/jackpotlotteryonline.com\/sr\/kako-kupiti-tiket-za-lutriju-online\/kupovina-karata-za-el-gordo\/","title":{"rendered":"Kupovina karata za El Gordo"},"content":{"rendered":"<h2>Fenomenalna \u0161panska lutrija<\/h2>\n<p>El Gordo je na putu, a svi oni koji \u017eive u \u0160paniji ili su tamo na odmoru su sre\u0107nici. Ipak, postoji mnogo ljudi \u0161irom sveta koji \u010dekaju da u\u010destvuju u ovoj lutriji, uz sve zabave i doga\u0111aje koji je prate. I oni koji ne \u017eive u \u0160paniji tako\u0111e mogu da u\u010destvuju i ovde obja\u0161njavamo kako.<\/p>\n<p>Ako ste prvi put u lutrijama, mo\u017eda ve\u0107 znate da je ova lutrija \u0161panska. El Gordo zna\u010di \u201eveliki\u201c na \u0161panskom jeziku i poznata je po svojim velikim nagradama. Ova lutrija je jedna od najve\u0107ih na svetu.<\/p>\n<p>Me\u0111utim, ako ne \u017eivite u \u0160paniji, kako mo\u017eete da u\u010destvujete? Nastavite da \u010ditate da biste saznali kako.<\/p>\n<h2>Kako da kupite kartu za El Gordo izvan \u0160panije<\/h2>\n<p><img loading=\"lazy\" decoding=\"async\" class=\"size-full wp-image-17870 alignright\" src=\"http:\/\/jackpotlotteryonline.com\/wp-content\/uploads\/2022\/10\/lotto_euros.jpg\" alt=\"Buy El Gordo tickets\" width=\"225\" height=\"134\" \/><br \/>\nNajlak\u0161i na\u010din da kupite kartu za El Gordo je da to uradite putem interneta, koriste\u0107i online agenta kao \u0161to je jackpotlotteryonline.com. Pru\u017eamo vam platformu koja vam omogu\u0107ava jednostavno u\u010destvovanje u najboljim me\u0111unarodnim lutrijama. Sa nama mo\u017eete prona\u0107i idealnu platformu za sebe.<\/p>\n<p>Tu smo da osiguramo da svi mogu u\u017eivati u u\u010destvovanju u lutrijama. Kada u\u010destvujete u El Gordo, postajete deo istorije i tradicije, jer ova lutrija u \u0160paniji poznata kao \u201eBo\u017ei\u0107na lutrija\u201c i deo je bo\u017ei\u0107nih proslava.<\/p>\n<p>Ako u\u010destvujete po prvi put, mo\u017eda \u0107e vam biti malo zbunjuju\u0107e. Za razliku od drugih lutrija, ne mo\u017eete sami da birate brojeve. Svaka karta ve\u0107 ima svoj broj. Ali zanimljiv deo je \u0161to El Gordo ima 100.000 razli\u010ditih brojeva. Na jackpotlotteryonline.com \u0107emo vas voditi kroz ceo proces.<\/p>\n<h2>Za\u0161to u\u010destvovati u El Gordo?<\/h2>\n<p>Mnogi ljudi \u0161irom sveta \u017eele da u\u010destvuju u El Gordo, a postoji nekoliko razloga za to. Ve\u0107 smo spomenuli da ova lutrija ima dugu istoriju, jer je zapo\u010dela 1812. godine. To je druga najstarija lutrija na svetu i deo je \u0161panske kulture.<\/p>\n<p>Rezultati izvla\u010denja se obelodanjuju <a href=\"https:\/\/jackpotlotteryonline.com\/winning-numbers\/el-gordo-draw-results\">ovde<\/a> 22. decembra svake godine, \u0161to ovu lutriju \u010dini savr\u0161enom za bo\u017ei\u0107ne praznike. Izvla\u010denje se prenosi u\u017eivo i \u010ditaju ga u\u010denici \u0161kole San Ildefonso. El Gordo ima duboku tradiciju i doga\u0111aj je na koji mnogi ljudi \u010dekaju svake godine.<\/p>\n<p>Ova lutrija je tako\u0111e proslava zajedni\u0161tva i odli\u010dan na\u010din da se ljudi iz razli\u010ditih zajednica okupe i zajedno slave. Karte su podeljene na delove, tako da ljudi mogu kupiti kartu koja odgovara njihovom bud\u017eetu, a da i dalje budu deo ove neverovatne lutrija.<\/p>\n<section class=\"layout\" style=\"border: solid 1px; width: 100%;\">\n<div class=\"img-div\" style=\"margin-top: 5px;\"><img decoding=\"async\" class=\"wp-image-17212 alignleft\" style=\"height: 45px; margin: 8px 8px 0px;\" src=\"http:\/\/jackpotlotteryonline.com\/wp-content\/uploads\/2022\/11\/read1.jpg\" alt=\"read\" width=\"\" height=\"\" \/><\/div>\n<div style=\"padding-left: 5px;\">\n<div style=\"font-size: 1.1em;\">\n<p><strong>Ne propustite, izvla\u010denje najve\u0107e lutrijske nagrade na svetu<\/strong><\/p>\n<p style=\"font-size: 0.85em; margin-top: -1.5em;\">Lista rezultata me\u0111unarodnih lutrijskih izvla\u010denja \u2013<span style=\"box-sizing: border-box; margin: 0px; padding: 0px;\">\u00a0<a href=\"https:\/\/jackpotlotteryonline.com\/when-are-the-draw-times-for-the-international-lotteries\" target=\"_blank\" rel=\"noopener\">Pro\u010ditajte vi\u0161e<\/a><\/span><a href=\"https:\/\/jackpotlotteryonline.com\/when-are-the-draw-times-for-the-international-lotteries\">\u00a0vidite ovde<\/a><\/p>\n<\/div>\n<\/div>\n<\/section>\n<h2>Kako da u\u010destvujete u El Gordo<\/h2>\n<p><img loading=\"lazy\" decoding=\"async\" class=\"alignright size-full wp-image-32459\" src=\"http:\/\/jackpotlotteryonline.com\/wp-content\/uploads\/2022\/11\/2_ticket_el_gordo-1.jpg\" alt=\"play El Gordo\" width=\"213\" height=\"300\" \/><br \/>\nKada u\u010destvujete u \u0161panskoj bo\u017ei\u0107noj lutriji, karte su numerisane od 00000 do 99999. Svaka karta je podeljena na 10 delova, a svaki deo ima poddelove koji vam omogu\u0107avaju da kupite kartu koja odgovara va\u0161em bud\u017eetu.<\/p>\n<p>Ono \u0161to je jo\u0161 zanimljivije je da El Gordo nudi odli\u010dne \u0161anse za dobitak. Glavna nagrada mo\u017ee dosti\u0107i stotine miliona evra, ali \u010dak i ako ne osvojite glavnu nagradu, \u0161anse za osvajanje drugih velikih nagrada su i dalje veoma dobre. Dakle, \u010dak i ako ne osvojite glavnu nagradu, jo\u0161 uvek imate \u0161anse za osvajanje drugih velikih nagrada.<\/p>\n<p>Nakon \u0161to kupite svoju kartu, sve \u0161to treba da uradite je da \u010dekate izvla\u010denje 22. decembra. Na na\u0161oj platformi mo\u017eete se registrovati da biste primali obave\u0161tenja kada osvojite nagradu. Tako\u0111e mo\u017eete lako da povu\u010dete svoju nagradu.<\/p>\n<h2>Kako da igrate El Gordo online<\/h2>\n<p>Ako ste uzbu\u0111eni da u\u010destvujete u \u0161panskoj bo\u017ei\u0107noj lutriji, pratite slede\u0107e korake:<\/p>\n<ol>\n<li>Kupite kartu za El Gordo putem na\u0161e platforme<\/li>\n<li>Registrujte se da biste primali obave\u0161tenja kada osvojite nagradu<\/li>\n<li>\u010cekajte izvla\u010denje<\/li>\n<li>Povucite svoju nagradu<\/li>\n<\/ol>\n<p>Kada se registrujete sa nama, mo\u017eete odmah da po\u010dnete da u\u010destvujete u lutriji bez previ\u0161e truda. Mi \u0107emo upravljati svim detaljima, a vi mo\u017eete u\u017eivati u igri. Ako tra\u017eite lutriju sa odli\u010dnim \u0161ansama za dobitak, ne morate vi\u0161e da tra\u017eite.<\/p>\n<p>El Gordo nudi odli\u010dne \u0161anse za dobitak, ali kao i svaka lutrija, ne postoji garancija da \u0107ete pobediti. Me\u0111utim, jedini na\u010din da imate \u0161ansu za dobitak je da u\u010destvujete. Registrujte se kod nas i odmah kupite svoju kartu za \u0161pansku bo\u017ei\u0107nu lutriju.<\/p>\n","protected":false},"excerpt":{"rendered":"<p>Fenomenalna \u0161panska lutrija El Gordo je na putu, a svi oni koji \u017eive u \u0160paniji ili su tamo na odmoru su sre\u0107nici. Ipak, postoji mnogo ljudi \u0161irom sveta koji \u010dekaju da u\u010destvuju u ovoj lutriji, uz sve zabave i doga\u0111aje koji je prate. I oni koji ne \u017eive u \u0160paniji tako\u0111e mogu da u\u010destvuju i [&hellip;]<\/p>\n","protected":false},"author":7,"featured_media":0,"parent":73606,"menu_order":7,"comment_status":"closed","ping_status":"closed","template":"la-primitiva-info.php","meta":{"_et_pb_use_builder":"","_et_pb_old_content":"","_et_gb_content_width":"","exclude_from_search":false,"footnotes":""},"class_list":["post-73768","page","type-page","status-publish","hentry"],"yoast_head":"<!-- This site is optimized with the Yoast SEO plugin v23.3 - https:\/\/yoast.com\/wordpress\/plugins\/seo\/ -->\n<title>Kupovina karata za La Primitiva lutriju izvan \u0160panije<\/title>\n<meta name=\"description\" content=\"Kupite kartu za La Primitiva i isprobajte svoju sre\u0107u!\" \/>\n<meta name=\"robots\" content=\"index, follow, max-snippet:-1, max-image-preview:large, max-video-preview:-1\" \/>\n<link rel=\"canonical\" href=\"https:\/\/jackpotlotteryonline.com\/sr\/kako-kupiti-tiket-za-lutriju-online\/kupovina-karata-za-el-gordo\/\" \/>\n<meta property=\"og:locale\" content=\"sr_RS\" \/>\n<meta property=\"og:type\" content=\"article\" \/>\n<meta property=\"og:title\" content=\"Kupovina karata za La Primitiva lutriju izvan \u0160panije\" \/>\n<meta property=\"og:description\" content=\"Kupite kartu za La Primitiva i isprobajte svoju sre\u0107u!\" \/>\n<meta property=\"og:url\" content=\"https:\/\/jackpotlotteryonline.com\/sr\/kako-kupiti-tiket-za-lutriju-online\/kupovina-karata-za-el-gordo\/\" \/>\n<meta property=\"og:site_name\" content=\"Lotto Online - Crack The International Lottery Jackpots\" \/>\n<meta property=\"og:image\" content=\"http:\/\/jackpotlotteryonline.com\/wp-content\/uploads\/2022\/10\/lotto_euros.jpg\" \/>\n<meta name=\"twitter:card\" content=\"summary_large_image\" \/>\n<!-- \/ Yoast SEO plugin. -->","yoast_head_json":{"title":"Kupovina karata za La Primitiva lutriju izvan \u0160panije","description":"Kupite kartu za La Primitiva i isprobajte svoju sre\u0107u!","robots":{"index":"index","follow":"follow","max-snippet":"max-snippet:-1","max-image-preview":"max-image-preview:large","max-video-preview":"max-video-preview:-1"},"canonical":"https:\/\/jackpotlotteryonline.com\/sr\/kako-kupiti-tiket-za-lutriju-online\/kupovina-karata-za-el-gordo\/","og_locale":"sr_RS","og_type":"article","og_title":"Kupovina karata za La Primitiva lutriju izvan \u0160panije","og_description":"Kupite kartu za La Primitiva i isprobajte svoju sre\u0107u!","og_url":"https:\/\/jackpotlotteryonline.com\/sr\/kako-kupiti-tiket-za-lutriju-online\/kupovina-karata-za-el-gordo\/","og_site_name":"Lotto Online - Crack The International Lottery Jackpots","og_image":[{"url":"http:\/\/jackpotlotteryonline.com\/wp-content\/uploads\/2022\/10\/lotto_euros.jpg"}],"twitter_card":"summary_large_image","schema":{"@context":"https:\/\/schema.org","@graph":[{"@type":"WebPage","@id":"https:\/\/jackpotlotteryonline.com\/sr\/kako-kupiti-tiket-za-lutriju-online\/kupovina-karata-za-el-gordo\/","url":"https:\/\/jackpotlotteryonline.com\/sr\/kako-kupiti-tiket-za-lutriju-online\/kupovina-karata-za-el-gordo\/","name":"Kupovina karata za La Primitiva lutriju izvan \u0160panije","isPartOf":{"@id":"https:\/\/jackpotlotteryonline.com\/#website"},"primaryImageOfPage":{"@id":"https:\/\/jackpotlotteryonline.com\/sr\/kako-kupiti-tiket-za-lutriju-online\/kupovina-karata-za-el-gordo\/#primaryimage"},"image":{"@id":"https:\/\/jackpotlotteryonline.com\/sr\/kako-kupiti-tiket-za-lutriju-online\/kupovina-karata-za-el-gordo\/#primaryimage"},"thumbnailUrl":"http:\/\/jackpotlotteryonline.com\/wp-content\/uploads\/2022\/10\/lotto_euros.jpg","datePublished":"2025-02-04T17:56:43+00:00","dateModified":"2025-02-04T17:56:43+00:00","description":"Kupite kartu za La Primitiva i isprobajte svoju sre\u0107u!","breadcrumb":{"@id":"https:\/\/jackpotlotteryonline.com\/sr\/kako-kupiti-tiket-za-lutriju-online\/kupovina-karata-za-el-gordo\/#breadcrumb"},"inLanguage":"sr-RS","potentialAction":[{"@type":"ReadAction","target":["https:\/\/jackpotlotteryonline.com\/sr\/kako-kupiti-tiket-za-lutriju-online\/kupovina-karata-za-el-gordo\/"]}]},{"@type":"ImageObject","inLanguage":"sr-RS","@id":"https:\/\/jackpotlotteryonline.com\/sr\/kako-kupiti-tiket-za-lutriju-online\/kupovina-karata-za-el-gordo\/#primaryimage","url":"http:\/\/jackpotlotteryonline.com\/wp-content\/uploads\/2022\/10\/lotto_euros.jpg","contentUrl":"http:\/\/jackpotlotteryonline.com\/wp-content\/uploads\/2022\/10\/lotto_euros.jpg"},{"@type":"BreadcrumbList","@id":"https:\/\/jackpotlotteryonline.com\/sr\/kako-kupiti-tiket-za-lutriju-online\/kupovina-karata-za-el-gordo\/#breadcrumb","itemListElement":[{"@type":"ListItem","position":1,"name":"Home","item":"https:\/\/jackpotlotteryonline.com\/sr\/"},{"@type":"ListItem","position":2,"name":"Kako kupiti tiket za lutriju online","item":"https:\/\/jackpotlotteryonline.com\/sr\/kako-kupiti-tiket-za-lutriju-online\/"},{"@type":"ListItem","position":3,"name":"Kupovina karata za El Gordo"}]},{"@type":"WebSite","@id":"https:\/\/jackpotlotteryonline.com\/#website","url":"https:\/\/jackpotlotteryonline.com\/","name":"Lotto Online - Crack The International Lottery Jackpots","description":"","potentialAction":[{"@type":"SearchAction","target":{"@type":"EntryPoint","urlTemplate":"https:\/\/jackpotlotteryonline.com\/?s={search_term_string}"},"query-input":"required name=search_term_string"}],"inLanguage":"sr-RS"}]}},"_links":{"self":[{"href":"https:\/\/jackpotlotteryonline.com\/sr\/wp-json\/wp\/v2\/pages\/73768","targetHints":{"allow":["GET"]}}],"collection":[{"href":"https:\/\/jackpotlotteryonline.com\/sr\/wp-json\/wp\/v2\/pages"}],"about":[{"href":"https:\/\/jackpotlotteryonline.com\/sr\/wp-json\/wp\/v2\/types\/page"}],"author":[{"embeddable":true,"href":"https:\/\/jackpotlotteryonline.com\/sr\/wp-json\/wp\/v2\/users\/7"}],"replies":[{"embeddable":true,"href":"https:\/\/jackpotlotteryonline.com\/sr\/wp-json\/wp\/v2\/comments?post=73768"}],"version-history":[{"count":0,"href":"https:\/\/jackpotlotteryonline.com\/sr\/wp-json\/wp\/v2\/pages\/73768\/revisions"}],"up":[{"embeddable":true,"href":"https:\/\/jackpotlotteryonline.com\/sr\/wp-json\/wp\/v2\/pages\/73606"}],"wp:attachment":[{"href":"https:\/\/jackpotlotteryonline.com\/sr\/wp-json\/wp\/v2\/media?parent=73768"}],"curies":[{"name":"wp","href":"https:\/\/api.w.org\/{rel}","templated":true}]}}