{"id":73787,"date":"2025-02-05T07:34:14","date_gmt":"2025-02-05T07:34:14","guid":{"rendered":"https:\/\/jackpotlotteryonline.com\/?page_id=73787"},"modified":"2025-02-05T07:34:14","modified_gmt":"2025-02-05T07:34:14","slug":"kupovina-tiketa-za-nemacku-lutriju","status":"publish","type":"page","link":"https:\/\/jackpotlotteryonline.com\/sr\/kako-kupiti-tiket-za-lutriju-online\/kupovina-tiketa-za-nemacku-lutriju\/","title":{"rendered":"Kupovina tiketa za nema\u010dku lutriju"},"content":{"rendered":"<p>Igra\u010di koji \u017eive van Nema\u010dke mogu smatrati kupovinu tiketa za nema\u010dku lutriju izazovnom, ali to nije tako te\u0161ko kao \u0161to izgleda. Nema\u010dka lutrija, poznata kao 6 aus 49, jedna je od najstarijih lutrija u Evropi. Osnovana je 1955. godine i brzo je postala najve\u0107a lutrija u zemlji.<\/p>\n<p>U\u010de\u0161\u0107e u ovoj lutriji je mogu\u0107e putem ovla\u0161\u0107enih prodavaca u Nema\u010dkoj. Me\u0111utim, ako \u017eivite u nekoj drugoj zemlji, mo\u017eete koristiti pouzdanu onlajn lutrijsku platformu kao \u0161to je jackpotlotteryonline.com.<\/p>\n<p><a href=\"https:\/\/jackpotlotteryonline.com\/play-online\/german-lotto\">Igranje lutrije onlajn<\/a> je jednostavno, a uz na\u0161u platformu, to postaje lako i zabavno iskustvo.<\/p>\n<h2>Kako igrati nema\u010dku lutriju na na\u0161em sajtu?<\/h2>\n<p> <img loading=\"lazy\" decoding=\"async\" class=\"alignright size-medium wp-image-33350\" src=\"https:\/\/jackpotlotteryonline.com\/wp-content\/uploads\/2022\/11\/2_ticket_euromillions3-1-111x300.jpg\" alt=\"Nema\u010dka lutrija tiket\" width=\"111\" height=\"300\" srcset=\"https:\/\/jackpotlotteryonline.com\/wp-content\/uploads\/2022\/11\/2_ticket_euromillions3-1-111x300.jpg 111w, https:\/\/jackpotlotteryonline.com\/wp-content\/uploads\/2022\/11\/2_ticket_euromillions3-1.jpg 180w\" sizes=\"auto, (max-width: 111px) 100vw, 111px\" \/>Fraza **6 aus 49** zna\u010di &#8220;\u0161est od 49&#8221;. Da biste igrali nema\u010dku lutriju, potrebno je da odaberete \u0161est brojeva izme\u0111u 1 i 49, kao i jedan dodatni broj (Superzahl) izme\u0111u 0 i 9. Ovo va\u017ei kako za onlajn igru, tako i za kupovinu tiketa u prodavnici.<br \/>\nKada kupujete tiket za nema\u010dku lutriju putem na\u0161eg sajta, mo\u017eete birati svojih \u0161est brojeva izme\u0111u 49 ponu\u0111enih. Mo\u017eete popuniti vi\u0161e redova, jer svaki red predstavlja dodatnu \u0161ansu za osvajanje nagrade. Tako\u0111e, mo\u017eete odlu\u010diti da li \u017eelite da u\u010destvujete u jednom izvla\u010denju ili u vi\u0161e njih.<\/p>\n<p><a href=\"https:\/\/jackpotlotteryonline.com\/winning-numbers\/german-lotto\">Nema\u010dka lutrija ima izvla\u010denja dva puta nedeljno<\/a> \u2013 sredom i subotom. Mo\u017eete odabrati jedno ili oba izvla\u010denja. Nakon \u0161to izaberete brojeve, slede\u0107i korak je pla\u0107anje tiketa. Bi\u0107e vam tra\u017eeno da se registrujete na na\u0161em sajtu. Ovo je neophodno iz slede\u0107ih razloga:<\/p>\n<ul>\n<li>Registracijom, va\u0161 tiket \u0107e biti sa\u010duvan na va\u0161em nalogu, \u0161to je klju\u010dno za preuzimanje nagrade.<\/li>\n<li>Mo\u017eete proveriti rezultate izvla\u010denja i bi\u0107ete obave\u0161teni putem imejla ako osvojite nagradu.<\/li>\n<li>Mo\u017eete podi\u0107i svoju nagradu direktno sa na\u0161e platforme.<\/li>\n<\/ul>\n<h2>Kako osvojiti nagradu na lutriji?<\/h2>\n<p> Tokom izvla\u010denja, \u0161est brojeva od 1 do 49 se slu\u010dajno bira. Dodatni broj, poznat kao **Superzahl**, izvla\u010di se iz posebnog bubnja. Ako svi va\u0161i brojevi odgovaraju izvu\u010denim brojevima, osvajate glavnu nagradu (d\u017eekpot).<br \/>\nMe\u0111utim, d\u017eekpot nije jedina nagrada u ovoj igri. Ova evropska lutrija nudi 10 razli\u010ditih nivoa nagrada, a mo\u017eete osvojiti nagradu \u010dak i ako pogodite samo dva broja i dodatni broj.<\/p>\n<p>Kao \u0161to smo ve\u0107 pomenuli, \u0161anse za osvajanje nagrade su prili\u010dno dobre. \u0160ansa za osvajanje d\u017eekpota je 1 prema 139.838.160, ali \u0161ansa da osvojite neku nagradu je 1 prema 31. Ako nikada ranije niste igrali 6 aus 49, sada je pravo vreme da probate! Mo\u017eete kupiti tiket na jackpotlotteryonline.com.<\/p>\n<h2>Kako znati da je va\u0161 tiket validan?<\/h2>\n<p> <img loading=\"lazy\" decoding=\"async\" class=\"size-medium wp-image-27698 alignright\" src=\"https:\/\/jackpotlotteryonline.com\/wp-content\/uploads\/2022\/11\/1_lottery_results-300x150.jpg\" alt=\"Kupovina tiketa za nema\u010dku lutriju onlajn\" width=\"300\" height=\"150\" srcset=\"https:\/\/jackpotlotteryonline.com\/wp-content\/uploads\/2022\/11\/1_lottery_results-300x150.jpg 300w, https:\/\/jackpotlotteryonline.com\/wp-content\/uploads\/2022\/11\/1_lottery_results.jpg 350w\" sizes=\"auto, (max-width: 300px) 100vw, 300px\" \/>Ovo je va\u017eno pitanje, posebno ako kupujete tiket za nema\u010dku lutriju onlajn. Mo\u017eda mislite da ste kupili validan tiket, ali na kraju shvatite da va\u0161e ime nije registrovano za izvla\u010denje.<br \/>\nSvaki tiket lutrije ima serijski broj koji potvr\u0111uje njegovu validnost. Na jackpotlotteryonline.com, nudimo na\u0161im igra\u010dima dodatnu sigurnost. Kada kupite tiket putem na\u0161e platforme, dobijate zvani\u010dni serijski broj direktno od nema\u010dke lutrije.<\/p>\n<p>Koriste\u0107i na\u0161 servis, va\u0161a igra je direktno povezana sa zvani\u010dnom lutrijom. Ako va\u0161i brojevi odgovaraju dobitnim brojevima, dobijate nagradu.<\/p>\n<h2>Kako preuzeti svoju nagradu?<\/h2>\n<p> Jedna od najve\u0107ih prednosti igranja lutrije putem na\u0161e platforme je to \u0161to ne morate da brinete o preuzimanju nagrade. Prvo, va\u0161 tiket je sa\u010duvan na va\u0161em nalogu, \u0161to zna\u010di da ga ne mo\u017eete izgubiti. Godine 2021. jedan d\u017eekpot od **11,3 miliona evra** nije preuzet na vreme, pa je novac vra\u0107en u fond nagrada. Ne \u017eelimo da vam se to dogodi!<br \/>\nDrugo, ako osvojite nagradu, odmah \u0107ete biti obave\u0161teni, a kada se prijavite na svoj nalog, mo\u0107i \u0107ete da podignete novac. Dovoljno je da prebacite osvojeni iznos na svoj bankovni ra\u010dun i u\u017eivate u svojoj nagradi.<\/p>\n<p>Znamo da je igranje lutrije zabavno i uzbudljivo. \u017delimo da vam omogu\u0107imo jednostavno i sigurno iskustvo, tako da mo\u017eete u\u017eivati u igri bez ikakvih komplikacija.<\/p>\n<section class=\"layout\" style=\"border: solid 1px; width: 100%;\">\n<div class=\"img-div\" style=\"margin-top: 5px;\"> <img decoding=\"async\" class=\"wp-image-17212 alignleft\" style=\"height: 45px; margin: 8px 8px 0px;\" src=\"https:\/\/jackpotlotteryonline.com\/wp-content\/uploads\/2022\/11\/read1.jpg\" alt=\"read\" width=\"\" height=\"\" \/> <\/div>\n<div style=\"padding-left: 5px;\">\n<div style=\"font-size: 1.1em;\"> <strong>Koji automobil biste kupili ako osvojite lutriju?<\/strong> <\/p>\n<p style=\"font-size: 0.85em; margin-top: -1.5em;\"> Osvojite d\u017eekpot i kupite novi automobil <a href=\"https:\/\/jackpotlotteryonline.com\/what-car-would-you-buy-if-you-win-the-lottery\">Pro\u010ditajte vi\u0161e<\/a> <\/p>\n<\/p><\/div>\n<\/p><\/div>\n<\/section>\n<h2>Nagrade u lutriji 6 aus 49<\/h2>\n<p> Zanima vas kakve nagrade mo\u017eete osvojiti u nema\u010dkoj lutriji? Evo liste kategorija nagrada i procenata fonda nagrada:<br \/>\n6 pogodaka + Superzahl \u2013 12,80% (D\u017eekpot)<br \/>\n6 pogodaka \u2013 10%<br \/>\n5 pogodaka + Superzahl \u2013 5%<br \/>\n5 pogodaka \u2013 15%<br \/>\n4 pogotka + Superzahl \u2013 5%<br \/>\n4 pogotka \u2013 10%<br \/>\n3 pogotka + Superzahl \u2013 10%<br \/>\n3 pogotka \u2013 45%<br \/>\n2 pogotka + Superzahl \u2013 20 evra<\/p>\n","protected":false},"excerpt":{"rendered":"<p>Igra\u010di koji \u017eive van Nema\u010dke mogu smatrati kupovinu tiketa za nema\u010dku lutriju izazovnom, ali to nije tako te\u0161ko kao \u0161to izgleda. Nema\u010dka lutrija, poznata kao 6 aus 49, jedna je od najstarijih lutrija u Evropi. Osnovana je 1955. godine i brzo je postala najve\u0107a lutrija u zemlji. U\u010de\u0161\u0107e u ovoj lutriji je mogu\u0107e putem ovla\u0161\u0107enih [&hellip;]<\/p>\n","protected":false},"author":7,"featured_media":0,"parent":73606,"menu_order":8,"comment_status":"closed","ping_status":"closed","template":"lotto-german-info.php","meta":{"_et_pb_use_builder":"","_et_pb_old_content":"","_et_gb_content_width":"","exclude_from_search":false,"footnotes":""},"class_list":["post-73787","page","type-page","status-publish","hentry"],"yoast_head":"<!-- This site is optimized with the Yoast SEO plugin v23.3 - https:\/\/yoast.com\/wordpress\/plugins\/seo\/ -->\n<title>Kupite tikete za nema\u010dki loto izvan Nema\u010dke | Nema\u010dki loto online<\/title>\n<meta name=\"description\" content=\"Tiketi za nema\u010dki loto 6\/49 su dostupni ovde. Mo\u017eete ih sigurno kupiti online, \u010dak i ako ste izvan Nema\u010dke.\" \/>\n<meta name=\"robots\" content=\"index, follow, max-snippet:-1, max-image-preview:large, max-video-preview:-1\" \/>\n<link rel=\"canonical\" href=\"https:\/\/jackpotlotteryonline.com\/sr\/kako-kupiti-tiket-za-lutriju-online\/kupovina-tiketa-za-nemacku-lutriju\/\" \/>\n<meta property=\"og:locale\" content=\"sr_RS\" \/>\n<meta property=\"og:type\" content=\"article\" \/>\n<meta property=\"og:title\" content=\"Kupite tikete za nema\u010dki loto izvan Nema\u010dke | Nema\u010dki loto online\" \/>\n<meta property=\"og:description\" content=\"Tiketi za nema\u010dki loto 6\/49 su dostupni ovde. Mo\u017eete ih sigurno kupiti online, \u010dak i ako ste izvan Nema\u010dke.\" \/>\n<meta property=\"og:url\" content=\"https:\/\/jackpotlotteryonline.com\/sr\/kako-kupiti-tiket-za-lutriju-online\/kupovina-tiketa-za-nemacku-lutriju\/\" \/>\n<meta property=\"og:site_name\" content=\"Lotto Online - Crack The International Lottery Jackpots\" \/>\n<meta property=\"og:image\" content=\"https:\/\/jackpotlotteryonline.com\/wp-content\/uploads\/2022\/11\/2_ticket_euromillions3-1-111x300.jpg\" \/>\n<meta name=\"twitter:card\" content=\"summary_large_image\" \/>\n<!-- \/ Yoast SEO plugin. -->","yoast_head_json":{"title":"Kupite tikete za nema\u010dki loto izvan Nema\u010dke | Nema\u010dki loto online","description":"Tiketi za nema\u010dki loto 6\/49 su dostupni ovde. Mo\u017eete ih sigurno kupiti online, \u010dak i ako ste izvan Nema\u010dke.","robots":{"index":"index","follow":"follow","max-snippet":"max-snippet:-1","max-image-preview":"max-image-preview:large","max-video-preview":"max-video-preview:-1"},"canonical":"https:\/\/jackpotlotteryonline.com\/sr\/kako-kupiti-tiket-za-lutriju-online\/kupovina-tiketa-za-nemacku-lutriju\/","og_locale":"sr_RS","og_type":"article","og_title":"Kupite tikete za nema\u010dki loto izvan Nema\u010dke | Nema\u010dki loto online","og_description":"Tiketi za nema\u010dki loto 6\/49 su dostupni ovde. Mo\u017eete ih sigurno kupiti online, \u010dak i ako ste izvan Nema\u010dke.","og_url":"https:\/\/jackpotlotteryonline.com\/sr\/kako-kupiti-tiket-za-lutriju-online\/kupovina-tiketa-za-nemacku-lutriju\/","og_site_name":"Lotto Online - Crack The International Lottery Jackpots","og_image":[{"url":"https:\/\/jackpotlotteryonline.com\/wp-content\/uploads\/2022\/11\/2_ticket_euromillions3-1-111x300.jpg"}],"twitter_card":"summary_large_image","schema":{"@context":"https:\/\/schema.org","@graph":[{"@type":"WebPage","@id":"https:\/\/jackpotlotteryonline.com\/sr\/kako-kupiti-tiket-za-lutriju-online\/kupovina-tiketa-za-nemacku-lutriju\/","url":"https:\/\/jackpotlotteryonline.com\/sr\/kako-kupiti-tiket-za-lutriju-online\/kupovina-tiketa-za-nemacku-lutriju\/","name":"Kupite tikete za nema\u010dki loto izvan Nema\u010dke | Nema\u010dki loto online","isPartOf":{"@id":"https:\/\/jackpotlotteryonline.com\/#website"},"primaryImageOfPage":{"@id":"https:\/\/jackpotlotteryonline.com\/sr\/kako-kupiti-tiket-za-lutriju-online\/kupovina-tiketa-za-nemacku-lutriju\/#primaryimage"},"image":{"@id":"https:\/\/jackpotlotteryonline.com\/sr\/kako-kupiti-tiket-za-lutriju-online\/kupovina-tiketa-za-nemacku-lutriju\/#primaryimage"},"thumbnailUrl":"https:\/\/jackpotlotteryonline.com\/wp-content\/uploads\/2022\/11\/2_ticket_euromillions3-1-111x300.jpg","datePublished":"2025-02-05T07:34:14+00:00","dateModified":"2025-02-05T07:34:14+00:00","description":"Tiketi za nema\u010dki loto 6\/49 su dostupni ovde. Mo\u017eete ih sigurno kupiti online, \u010dak i ako ste izvan Nema\u010dke.","breadcrumb":{"@id":"https:\/\/jackpotlotteryonline.com\/sr\/kako-kupiti-tiket-za-lutriju-online\/kupovina-tiketa-za-nemacku-lutriju\/#breadcrumb"},"inLanguage":"sr-RS","potentialAction":[{"@type":"ReadAction","target":["https:\/\/jackpotlotteryonline.com\/sr\/kako-kupiti-tiket-za-lutriju-online\/kupovina-tiketa-za-nemacku-lutriju\/"]}]},{"@type":"ImageObject","inLanguage":"sr-RS","@id":"https:\/\/jackpotlotteryonline.com\/sr\/kako-kupiti-tiket-za-lutriju-online\/kupovina-tiketa-za-nemacku-lutriju\/#primaryimage","url":"https:\/\/jackpotlotteryonline.com\/wp-content\/uploads\/2022\/11\/2_ticket_euromillions3-1-111x300.jpg","contentUrl":"https:\/\/jackpotlotteryonline.com\/wp-content\/uploads\/2022\/11\/2_ticket_euromillions3-1-111x300.jpg"},{"@type":"BreadcrumbList","@id":"https:\/\/jackpotlotteryonline.com\/sr\/kako-kupiti-tiket-za-lutriju-online\/kupovina-tiketa-za-nemacku-lutriju\/#breadcrumb","itemListElement":[{"@type":"ListItem","position":1,"name":"Home","item":"https:\/\/jackpotlotteryonline.com\/sr\/"},{"@type":"ListItem","position":2,"name":"Kako kupiti tiket za lutriju online","item":"https:\/\/jackpotlotteryonline.com\/sr\/kako-kupiti-tiket-za-lutriju-online\/"},{"@type":"ListItem","position":3,"name":"Kupovina tiketa za nema\u010dku lutriju"}]},{"@type":"WebSite","@id":"https:\/\/jackpotlotteryonline.com\/#website","url":"https:\/\/jackpotlotteryonline.com\/","name":"Lotto Online - Crack The International Lottery Jackpots","description":"","potentialAction":[{"@type":"SearchAction","target":{"@type":"EntryPoint","urlTemplate":"https:\/\/jackpotlotteryonline.com\/?s={search_term_string}"},"query-input":"required name=search_term_string"}],"inLanguage":"sr-RS"}]}},"_links":{"self":[{"href":"https:\/\/jackpotlotteryonline.com\/sr\/wp-json\/wp\/v2\/pages\/73787","targetHints":{"allow":["GET"]}}],"collection":[{"href":"https:\/\/jackpotlotteryonline.com\/sr\/wp-json\/wp\/v2\/pages"}],"about":[{"href":"https:\/\/jackpotlotteryonline.com\/sr\/wp-json\/wp\/v2\/types\/page"}],"author":[{"embeddable":true,"href":"https:\/\/jackpotlotteryonline.com\/sr\/wp-json\/wp\/v2\/users\/7"}],"replies":[{"embeddable":true,"href":"https:\/\/jackpotlotteryonline.com\/sr\/wp-json\/wp\/v2\/comments?post=73787"}],"version-history":[{"count":0,"href":"https:\/\/jackpotlotteryonline.com\/sr\/wp-json\/wp\/v2\/pages\/73787\/revisions"}],"up":[{"embeddable":true,"href":"https:\/\/jackpotlotteryonline.com\/sr\/wp-json\/wp\/v2\/pages\/73606"}],"wp:attachment":[{"href":"https:\/\/jackpotlotteryonline.com\/sr\/wp-json\/wp\/v2\/media?parent=73787"}],"curies":[{"name":"wp","href":"https:\/\/api.w.org\/{rel}","templated":true}]}}