{"id":73812,"date":"2025-02-05T07:57:40","date_gmt":"2025-02-05T07:57:40","guid":{"rendered":"https:\/\/jackpotlotteryonline.com\/?page_id=73812"},"modified":"2025-02-05T07:57:40","modified_gmt":"2025-02-05T07:57:40","slug":"kupovina-listica-za-francuski-loto","status":"publish","type":"page","link":"https:\/\/jackpotlotteryonline.com\/sr\/kako-kupiti-tiket-za-lutriju-online\/kupovina-listica-za-francuski-loto\/","title":{"rendered":"Kupovina listi\u0107a za Francuski loto"},"content":{"rendered":"<p>Mo\u017eemo li kupiti listi\u0107e za Francuski loto iz zemalja van Evrope?<br \/>\nBilo da ste iskusni igra\u010d lutrije ili po\u010detnik, mo\u017eda ste se zapitali za\u0161to bi vas ovaj loto trebalo da zanima. Delimo razloge zbog kojih mislimo da je Francuski loto odli\u010dna igra, a ako \u017eivite van Francuske, pokazujemo vam kako mo\u017eete u\u010destvovati u ovom izvla\u010denju.  <\/p>\n<p>Lutrija je igra zasnovana na sre\u0107i, a ponekad je potrebno pro\u0161iriti svoje horizonte da biste pove\u0107ali \u0161anse za dobitak. To zna\u010di da istra\u017eivanje razli\u010ditih lutrija mo\u017ee pomo\u0107i da pove\u0107ate svoje \u0161anse za pobedu. Francuski loto je jedna od tih lutrija i u ovom \u010dlanku \u0107emo objasniti za\u0161to bi trebalo da ga isprobate.  <\/p>\n<p>## Impresivne nagrade  <\/p>\n<p>Francuski loto, poznat i kao *Loto*, privukao je pa\u017enju igra\u010da \u0161irom sveta zbog svojih primamljivih nagrada. **Minimalni po\u010detni d\u017eekpot iznosi 2 miliona evra**, a ako nema pobednika, nagrada nastavlja da raste.  <\/p>\n<p>Kada nema dobitnika, iznos d\u017eekpota **se pove\u0107ava za milion evra u svakom izvla\u010denju** i mo\u017ee dosti\u0107i **11 miliona evra ili vi\u0161e**. Nagrada mo\u017ee rasti **najvi\u0161e kroz 34 uzastopna izvla\u010denja**.  <\/p>\n<p>## Tri izvla\u010denja nedeljno  <\/p>\n<p>Jo\u0161 jedan razlog za igranje ovog lota je u\u010destalost izvla\u010denja. [Francuski loto se izvla\u010di tri puta nedeljno](https:\/\/jackpotlotteryonline.com\/winning-numbers\/france-lotto), \u0161to vam pru\u017ea brojne prilike za dobitak. **Izvla\u010denja se odr\u017eavaju ponedeljkom, sredom i subotom**.  <\/p>\n<p>Ako odlu\u010dite da u\u010destvujete, mo\u017eete pove\u0107ati svoje \u0161anse igraju\u0107i u vi\u0161e izvla\u010denja.  <\/p>\n<p>## 10 razli\u010ditih nivoa nagrada  <\/p>\n<p>Iako je d\u017eekpot najatraktivnija nagrada, [Francuski loto](https:\/\/jackpotlotteryonline.com\/play-online\/france-lotto) nudi i brojne druge prilike za dobitak. Ova lutrija ima **10 razli\u010ditih nagradnih nivoa**, a \u010dak i ako pogodite samo **Chance broj**, osvoji\u0107ete nagradu.  <\/p>\n<p>Evo svih nivoa nagrada:  <\/p>\n<p>&#8211; **5 brojeva + Chance broj** \u2013 d\u017eekpot<br \/>\n&#8211; **5 brojeva** \u2013 8,44% ukupnog nagradnog fonda<br \/>\n&#8211; **4 broja + Chance broj** \u2013 2,06% ukupnog nagradnog fonda<br \/>\n&#8211; **4 broja** \u2013 7,43% ukupnog nagradnog fonda<br \/>\n&#8211; **3 broja + Chance broj** \u2013 4,44% ukupnog nagradnog fonda<br \/>\n&#8211; **3 broja** \u2013 15,98% ukupnog nagradnog fonda<br \/>\n&#8211; **2 broja + Chance broj** \u2013 12,43% ukupnog nagradnog fonda<br \/>\n&#8211; **2 broja** \u2013 49,22% ukupnog nagradnog fonda<br \/>\n&#8211; **1 broj + Chance broj** \u2013 2,20 evra<br \/>\n&#8211; **Samo Chance broj** \u2013 2,20 evra  <\/p>\n<p>## Jednostavno u\u010de\u0161\u0107e, online i u\u017eivo  <\/p>\n<p>Jo\u0161 jedan razlog za igranje Francuskog lota je jednostavnost kupovine listi\u0107a. **Ako \u017eivite u Francuskoj**, mo\u017eete oti\u0107i do zvani\u010dnog prodajnog mesta i kupiti listi\u0107. Treba da izaberete 5 glavnih brojeva i 1 Chance broj.  <\/p>\n<p>**Ako ste izvan Francuske**, ne mo\u017eete kupiti listi\u0107 li\u010dno, pa je **najbolja opcija kupovina online**. Kada igrate online, birate istih 5 glavnih brojeva i 1 Chance broj.  <\/p>\n<p>## Kupovina listi\u0107a za Francuski loto na Jackpotlotteryonline.com  <\/p>\n<p>Ako prvi put kupujete loto listi\u0107 online, mo\u017ee biti zbunjuju\u0107e prona\u0107i pravi sajt me\u0111u tolikim ponudama. Ali kako prona\u0107i pouzdanog pru\u017eaoca usluga?  <\/p>\n<p>Re\u0161enje je jednostavno: **izaberite sajt koji nudi concierge uslugu**.  <\/p>\n<p>Na [Jackpotlotteryonline.com](https:\/\/jackpotlotteryonline.com) nudimo concierge uslugu koja vam omogu\u0107ava da u\u010destvujete u \u017eeljenim lutrijama. Kada kupite listi\u0107 putem na\u0161eg sajta, na\u0161i predstavnici ga kupuju u zvani\u010dnim prodajnim mestima u Francuskoj.  <\/p>\n<p>Ovaj proces zna\u010di da **zaista u\u010destvujete u lutriji, a ne samo da se kladite**, \u0161to zna\u010di da \u0107ete u slu\u010daju dobitka dobiti pravu nagradu.  <\/p>\n<p>## Kako pove\u0107ati \u0161anse za dobitak  <\/p>\n<p>Lutrija je igra brojeva. \u0160to vi\u0161e igrate, **ve\u0107e su vam \u0161anse za dobitak**. Mnogi dobitnici ka\u017eu da su igrali godinama pre nego \u0161to su osvojili nagradu.  <\/p>\n<p>Evo nekoliko saveta kako da pove\u0107ate svoje \u0161anse:  <\/p>\n<p>&#8211; **Kupite vi\u0161e listi\u0107a** \u2013 \u0161to vi\u0161e listi\u0107a imate, to su vam ve\u0107e \u0161anse za dobitak.<br \/>\n&#8211; **Igrajte u vi\u0161e izvla\u010denja** \u2013 ve\u0107i broj u\u010destvovanja pove\u0107ava va\u0161e \u0161anse.<br \/>\n&#8211; **Pridru\u017eite se lutrijskim sindikatima** \u2013 igraju\u0107i u grupi, pove\u0107avate \u0161anse za osvajanje nagrade.<br \/>\n&#8211; **Ostanite pozitivni** \u2013 mnogi dobitnici su verovali da \u0107e pobediti pre nego \u0161to su zaista dobili nagradu.<br \/>\n&#8211; **Ne odustajte** \u2013 \u010dak i ako ne pobedite odmah, nastavite da igrate.<br \/>\n&#8211; **U\u017eivajte u igri!** Na kraju krajeva, lutrija je zabava, pa je najva\u017enije da **se dobro zabavite**.  <\/p>\n<p>## Kupite listi\u0107e za Francuski loto ve\u0107 danas  <\/p>\n<p>Ako ste zainteresovani da u\u010destvujete u Francuskom lotou, sada je savr\u0161en trenutak da kupite svoj listi\u0107. **Sre\u0107om, mo\u017eete ga kupiti online, bez obzira gde se nalazite u svetu**.  <\/p>\n<p>Registrujte se na [Jackpotlotteryonline.com](https:\/\/jackpotlotteryonline.com) i ne brinite o gubitku listi\u0107a ili propu\u0161tanju rezultata. Kada pobedite, **odmah \u0107ete biti obave\u0161teni** i mo\u0107i \u0107ete da preuzmete svoju nagradu.  <\/p>\n<p>Igranje lutrije mo\u017ee biti jednostavno i bez stresa. Mo\u017eda je **danas va\u0161 sre\u0107an dan!** Kupite svoj listi\u0107 odmah i oku\u0161ajte sre\u0107u! \ud83c\udf89<\/p>\n","protected":false},"excerpt":{"rendered":"<p>Mo\u017eemo li kupiti listi\u0107e za Francuski loto iz zemalja van Evrope? Bilo da ste iskusni igra\u010d lutrije ili po\u010detnik, mo\u017eda ste se zapitali za\u0161to bi vas ovaj loto trebalo da zanima. Delimo razloge zbog kojih mislimo da je Francuski loto odli\u010dna igra, a ako \u017eivite van Francuske, pokazujemo vam kako mo\u017eete u\u010destvovati u ovom izvla\u010denju. [&hellip;]<\/p>\n","protected":false},"author":7,"featured_media":0,"parent":73606,"menu_order":9,"comment_status":"closed","ping_status":"closed","template":"lotto-fr-info.php","meta":{"_et_pb_use_builder":"","_et_pb_old_content":"","_et_gb_content_width":"","exclude_from_search":false,"footnotes":""},"class_list":["post-73812","page","type-page","status-publish","hentry"],"yoast_head":"<!-- This site is optimized with the Yoast SEO plugin v23.3 - https:\/\/yoast.com\/wordpress\/plugins\/seo\/ -->\n<title>Kupite tikete za Francuski Loto izvan Francuske | Nabavite tikete za France Lotto online<\/title>\n<meta name=\"description\" content=\"Da biste kupili tikete za France Lotto, ne morate biti u Francuskoj. Nabavite svoje tikete za Francusku lutriju online ovde!\" \/>\n<meta name=\"robots\" content=\"index, follow, max-snippet:-1, max-image-preview:large, max-video-preview:-1\" \/>\n<link rel=\"canonical\" href=\"https:\/\/jackpotlotteryonline.com\/sr\/kako-kupiti-tiket-za-lutriju-online\/kupovina-listica-za-francuski-loto\/\" \/>\n<meta property=\"og:locale\" content=\"sr_RS\" \/>\n<meta property=\"og:type\" content=\"article\" \/>\n<meta property=\"og:title\" content=\"Kupite tikete za Francuski Loto izvan Francuske | Nabavite tikete za France Lotto online\" \/>\n<meta property=\"og:description\" content=\"Da biste kupili tikete za France Lotto, ne morate biti u Francuskoj. Nabavite svoje tikete za Francusku lutriju online ovde!\" \/>\n<meta property=\"og:url\" content=\"https:\/\/jackpotlotteryonline.com\/sr\/kako-kupiti-tiket-za-lutriju-online\/kupovina-listica-za-francuski-loto\/\" \/>\n<meta property=\"og:site_name\" content=\"Lotto Online - Crack The International Lottery Jackpots\" \/>\n<meta name=\"twitter:card\" content=\"summary_large_image\" \/>\n<!-- \/ Yoast SEO plugin. -->","yoast_head_json":{"title":"Kupite tikete za Francuski Loto izvan Francuske | Nabavite tikete za France Lotto online","description":"Da biste kupili tikete za France Lotto, ne morate biti u Francuskoj. Nabavite svoje tikete za Francusku lutriju online ovde!","robots":{"index":"index","follow":"follow","max-snippet":"max-snippet:-1","max-image-preview":"max-image-preview:large","max-video-preview":"max-video-preview:-1"},"canonical":"https:\/\/jackpotlotteryonline.com\/sr\/kako-kupiti-tiket-za-lutriju-online\/kupovina-listica-za-francuski-loto\/","og_locale":"sr_RS","og_type":"article","og_title":"Kupite tikete za Francuski Loto izvan Francuske | Nabavite tikete za France Lotto online","og_description":"Da biste kupili tikete za France Lotto, ne morate biti u Francuskoj. Nabavite svoje tikete za Francusku lutriju online ovde!","og_url":"https:\/\/jackpotlotteryonline.com\/sr\/kako-kupiti-tiket-za-lutriju-online\/kupovina-listica-za-francuski-loto\/","og_site_name":"Lotto Online - Crack The International Lottery Jackpots","twitter_card":"summary_large_image","schema":{"@context":"https:\/\/schema.org","@graph":[{"@type":"WebPage","@id":"https:\/\/jackpotlotteryonline.com\/sr\/kako-kupiti-tiket-za-lutriju-online\/kupovina-listica-za-francuski-loto\/","url":"https:\/\/jackpotlotteryonline.com\/sr\/kako-kupiti-tiket-za-lutriju-online\/kupovina-listica-za-francuski-loto\/","name":"Kupite tikete za Francuski Loto izvan Francuske | Nabavite tikete za France Lotto online","isPartOf":{"@id":"https:\/\/jackpotlotteryonline.com\/#website"},"datePublished":"2025-02-05T07:57:40+00:00","dateModified":"2025-02-05T07:57:40+00:00","description":"Da biste kupili tikete za France Lotto, ne morate biti u Francuskoj. Nabavite svoje tikete za Francusku lutriju online ovde!","breadcrumb":{"@id":"https:\/\/jackpotlotteryonline.com\/sr\/kako-kupiti-tiket-za-lutriju-online\/kupovina-listica-za-francuski-loto\/#breadcrumb"},"inLanguage":"sr-RS","potentialAction":[{"@type":"ReadAction","target":["https:\/\/jackpotlotteryonline.com\/sr\/kako-kupiti-tiket-za-lutriju-online\/kupovina-listica-za-francuski-loto\/"]}]},{"@type":"BreadcrumbList","@id":"https:\/\/jackpotlotteryonline.com\/sr\/kako-kupiti-tiket-za-lutriju-online\/kupovina-listica-za-francuski-loto\/#breadcrumb","itemListElement":[{"@type":"ListItem","position":1,"name":"Home","item":"https:\/\/jackpotlotteryonline.com\/sr\/"},{"@type":"ListItem","position":2,"name":"Kako kupiti tiket za lutriju online","item":"https:\/\/jackpotlotteryonline.com\/sr\/kako-kupiti-tiket-za-lutriju-online\/"},{"@type":"ListItem","position":3,"name":"Kupovina listi\u0107a za Francuski loto"}]},{"@type":"WebSite","@id":"https:\/\/jackpotlotteryonline.com\/#website","url":"https:\/\/jackpotlotteryonline.com\/","name":"Lotto Online - Crack The International Lottery Jackpots","description":"","potentialAction":[{"@type":"SearchAction","target":{"@type":"EntryPoint","urlTemplate":"https:\/\/jackpotlotteryonline.com\/?s={search_term_string}"},"query-input":"required name=search_term_string"}],"inLanguage":"sr-RS"}]}},"_links":{"self":[{"href":"https:\/\/jackpotlotteryonline.com\/sr\/wp-json\/wp\/v2\/pages\/73812","targetHints":{"allow":["GET"]}}],"collection":[{"href":"https:\/\/jackpotlotteryonline.com\/sr\/wp-json\/wp\/v2\/pages"}],"about":[{"href":"https:\/\/jackpotlotteryonline.com\/sr\/wp-json\/wp\/v2\/types\/page"}],"author":[{"embeddable":true,"href":"https:\/\/jackpotlotteryonline.com\/sr\/wp-json\/wp\/v2\/users\/7"}],"replies":[{"embeddable":true,"href":"https:\/\/jackpotlotteryonline.com\/sr\/wp-json\/wp\/v2\/comments?post=73812"}],"version-history":[{"count":0,"href":"https:\/\/jackpotlotteryonline.com\/sr\/wp-json\/wp\/v2\/pages\/73812\/revisions"}],"up":[{"embeddable":true,"href":"https:\/\/jackpotlotteryonline.com\/sr\/wp-json\/wp\/v2\/pages\/73606"}],"wp:attachment":[{"href":"https:\/\/jackpotlotteryonline.com\/sr\/wp-json\/wp\/v2\/media?parent=73812"}],"curies":[{"name":"wp","href":"https:\/\/api.w.org\/{rel}","templated":true}]}}