{"id":73840,"date":"2025-02-05T08:21:27","date_gmt":"2025-02-05T08:21:27","guid":{"rendered":"https:\/\/jackpotlotteryonline.com\/?page_id=73840"},"modified":"2025-02-05T08:21:27","modified_gmt":"2025-02-05T08:21:27","slug":"kupovina-el-gordo-tiketa","status":"publish","type":"page","link":"https:\/\/jackpotlotteryonline.com\/sr\/kako-kupiti-tiket-za-lutriju-online\/kupovina-el-gordo-tiketa\/","title":{"rendered":"Kupovina El Gordo Tiketa"},"content":{"rendered":"<h2>\u0160panska Lotarija koja oduzima dah<\/h2>\n<p>El Gordo se pribli\u017eava, a nisu svi sre\u0107nici koji \u017eive u \u0160paniji ili putuju tamo. Me\u0111utim, igra\u010di \u0161irom sveta nestrpljivo \u010dekaju da u\u010destvuju u ovoj uzbudljivoj i popularnoj lutriji. \u010cak i oni koji \u017eive van \u0160panije mogu da u\u010destvuju u ovoj lutriji, a mi \u0107emo vam pokazati kako.<\/p>\n<p>Ako ste novi u <a href=\"https:\/\/jackpotlotteryonline.com\/play-online\/el-gordo\">igranju lutrija<\/a>, zanimljivo je da znate da je ova lutrija \u0161panska. Zove se El Gordo, \u0161to zna\u010di &#8220;Debeli&#8221; i odnosi se na njen veliki d\u017eekpot. Smatra se da je ovo najve\u0107i lutrijski d\u017eekpot na svetu.<\/p>\n<p>Kako mo\u017eete da budete deo ovog uzbu\u0111enja \u010dak i ako ne \u017eivite u \u0160paniji? \u010citajte dalje i sazna\u0107ete sve.<\/p>\n<h2>Kako da kupite El Gordo tikete van \u0160panije<\/h2>\n<p><img loading=\"lazy\" decoding=\"async\" class=\"size-full wp-image-17870 alignright\" src=\"https:\/\/jackpotlotteryonline.com\/wp-content\/uploads\/2022\/10\/lotto_euros.jpg\" alt=\"Buy El Gordo tickets\" width=\"225\" height=\"134\" \/><br \/>\nNajlak\u0161i na\u010din da kupite El Gordo tikete je putem interneta, preko online platformi za prodaju lutrijskih tiketa kao \u0161to je jackpotlotteryonline.com. Pru\u017eamo vam jednostavan servis koji vam omogu\u0107ava da u\u017eivate u igri me\u0111unarodnih lutrija. Kada se registrujete na na\u0161em sajtu, dobi\u0107ete platformu koja je prilago\u0111ena va\u0161im potrebama.<\/p>\n<p>\u017delimo da se na\u0161i korisnici zabavljaju igraju\u0107i lutriju. Kada u\u010destvujete u El Gordo lutriji, postajete deo istorije i tradicije. Ova \u0161panska lutrija je tako\u0111e poznata kao bo\u017ei\u0107na lutrija, jer se odr\u017eava tokom prazni\u010dnog perioda.<\/p>\n<p>U\u010destvovanje u \u0161panskoj bo\u017ei\u0107noj lutriji mo\u017ee biti zbunjuju\u0107e ako ste prvi put u\u010destvovali. Za razliku od drugih lutrija, ne birate brojeve &#8211; svaki tiket ve\u0107 ima svoje brojeve. Zanimljivo je da El Gordo lutrija ima 100.000 brojeva. Na na\u0161em sajtu, vodi\u0107emo vas kroz svaki korak.<\/p>\n<h2>Za\u0161to biste trebali da u\u010destvujete u El Gordo lutriji<\/h2>\n<p>Postoji mnogo razloga za\u0161to igra\u010di \u0161irom sveta vole El Gordo. Kao \u0161to smo spomenuli, ova lutrija je duboko ukorenjena u istoriji i tradiciji. Prvo izvla\u010denje bilo je 1812. godine, pre vi\u0161e od 200 godina. El Gordo je druga najstarija lutrija na svetu koja je jo\u0161 uvek u funkciji i postala je deo \u0161panske kulture.<\/p>\n<p><a href=\"https:\/\/jackpotlotteryonline.com\/winning-numbers\/el-gordo-draw-results\">Izvla\u010denje<\/a> se odr\u017eava svake godine 22. decembra, \u0161to je sjajan na\u010din da ulep\u0161ate prazni\u010dnu sezonu. Sama ceremonija izvla\u010denja je velika i uzbudljiva, a rezultati se \u010ditaju od strane u\u010denika \u0161kole San Ildefonso. Kao \u0161to smo rekli, El Gordo je ispunjen tradicijom \u2013 ovo je ne\u0161to \u0161to igra\u010di iz godine u godinu nestrpljivo \u010dekaju.<\/p>\n<p>Pored toga, El Gordo je lutrija koja slavi zajednicu. Tiketi su podeljeni u vi\u0161e delova, a vrlo je uobi\u010dajeno da \u010ditave \u010detvrti kupuju jedan tiket. Za\u0161to ne biste u\u010dinili ovo prazni\u010dnim iskustvom sa porodicom i prijateljima, tako \u0161to \u0107ete u\u010destvovati u El Gordo lutriji? To je sjajan na\u010din da proslavite Bo\u017ei\u0107.<\/p>\n<section class=\"layout\" style=\"border: solid 1px; width: 100%;\">\n<div class=\"img-div\" style=\"margin-top: 5px;\">\n    <img decoding=\"async\" class=\"wp-image-17212 alignleft\" style=\"height: 45px; margin: 8px 8px 0px;\" src=\"https:\/\/jackpotlotteryonline.com\/wp-content\/uploads\/2022\/11\/read1.jpg\" alt=\"read\" width=\"\" height=\"\" \/>\n  <\/div>\n<div style=\"padding-left: 5px;\">\n<div style=\"font-size: 1.1em;\">\n      <strong>Nemojte propustiti vreme izvla\u010denja najve\u0107ih lutrija na svetu<\/strong><\/p>\n<p style=\"font-size: 0.85em; margin-top: -1.5em;\">Lista vremena izvla\u010denja me\u0111unarodnih lutrija \u2013 <span style=\"box-sizing: border-box; margin: 0px; padding: 0px;\">\u00a0<a href=\"https:\/\/jackpotlotteryonline.com\/when-are-the-draw-times-for-the-international-lotteries\" target=\"_blank\" rel=\"noopener\">Pro\u010ditajte vi\u0161e<\/a><\/span><a href=\"https:\/\/jackpotlotteryonline.com\/when-are-the-draw-times-for-the-international-lotteries\">\u00a0vi\u0161e<\/a><\/p>\n<\/p><\/div>\n<\/p><\/div>\n<\/section>\n<h2>Kako da igrate El Gordo lutriju<\/h2>\n<p><img loading=\"lazy\" decoding=\"async\" class=\"alignright size-full wp-image-32459\" src=\"https:\/\/jackpotlotteryonline.com\/wp-content\/uploads\/2022\/11\/2_ticket_el_gordo-1.jpg\" alt=\"play El Gordo\" width=\"213\" height=\"300\" \/><br \/>\nKada u\u010destvujete u \u0161panskoj bo\u017ei\u0107noj lutriji, va\u0161 tiket \u0107e imati brojeve od 00000 do 99999. Svaki tiket je podeljen na 10 delova, koji se dalje dele na manje delove. U zavisnosti od va\u0161eg bud\u017eeta, mo\u017eete prona\u0107i tiket koji vam odgovara.<\/p>\n<p>Tako\u0111e, zanimljivo je da igra\u010di imaju mnogo ve\u0107e \u0161anse da pobede u El Gordo lutriji. Ukupni d\u017eekpot je milijarde evra, a \u0161anse su zaista sjajne. Dakle, \u010dak i ako ne osvojite glavnu nagradu, mo\u017eete osvojiti hiljade evra.<\/p>\n<p>Nakon \u0161to kupite tiket, jedino \u0161to treba da uradite je da \u010dekate izvla\u010denje 22. decembra. Na na\u0161em sajtu vas molimo da se registrujete, kako bismo vas odmah obavestili ako pobedite. Tako\u0111e, povla\u010denje va\u0161ih nagrada je vrlo jednostavno putem na\u0161e platforme.<\/p>\n<h2>Koraci za igranje El Gordo lutrije online<\/h2>\n<p>Sada kada ste uzbu\u0111eni kao i mi zbog \u0161panske bo\u017ei\u0107ne lutrije, hajde da pro\u0111emo kroz korake za igru:<\/p>\n<ol>\n<li>Kupite El Gordo tiket na na\u0161em sajtu<\/li>\n<li>Registrujte se da bismo vas kontaktirali ako pobedite<\/li>\n<li>\u010cekajte izvla\u010denje<\/li>\n<li>Povucite nagradu ako pobedite<\/li>\n<\/ol>\n<p>Ovo je vrlo jednostavno kada se registrujete na na\u0161em sajtu. Mi elimini\u0161emo sve komplikacije, kako biste mogli samo da u\u017eivate u igri. Ako tra\u017eite lutriju sa odli\u010dnim \u0161ansama za pobedu i zabavu, ne morate da tra\u017eite dalje.<\/p>\n<p>Moramo napomenuti da, iako El Gordo nudi sjajne \u0161anse za pobedu, ovo je igra zasnovana na sre\u0107i. Nema garancije da \u0107ete pobediti, ali nema razloga da ne pobedite. Jedini na\u010din da imate \u0161ansu za pobedu je da u\u010destvujete. Pa, registrujte se sada na na\u0161em sajtu i kupite svoje El Gordo tikete.<\/p>\n","protected":false},"excerpt":{"rendered":"<p>\u0160panska Lotarija koja oduzima dah El Gordo se pribli\u017eava, a nisu svi sre\u0107nici koji \u017eive u \u0160paniji ili putuju tamo. Me\u0111utim, igra\u010di \u0161irom sveta nestrpljivo \u010dekaju da u\u010destvuju u ovoj uzbudljivoj i popularnoj lutriji. \u010cak i oni koji \u017eive van \u0160panije mogu da u\u010destvuju u ovoj lutriji, a mi \u0107emo vam pokazati kako. Ako ste [&hellip;]<\/p>\n","protected":false},"author":7,"featured_media":0,"parent":73606,"menu_order":6,"comment_status":"closed","ping_status":"closed","template":"el-gordo-info.php","meta":{"_et_pb_use_builder":"","_et_pb_old_content":"","_et_gb_content_width":"","exclude_from_search":false,"footnotes":""},"class_list":["post-73840","page","type-page","status-publish","hentry"],"yoast_head":"<!-- This site is optimized with the Yoast SEO plugin v23.3 - https:\/\/yoast.com\/wordpress\/plugins\/seo\/ -->\n<title>Kupovina El Gordo Tiketa van \u0160panije | Online El Gordo Tiketi<\/title>\n<meta name=\"description\" content=\"Mo\u017eete da kupite El Gordo tikete online, \u010dak i ako \u017eivite van \u0160panije \u2013 putem na\u0161e online platforme za tikete.\" \/>\n<meta name=\"robots\" content=\"index, follow, max-snippet:-1, max-image-preview:large, max-video-preview:-1\" \/>\n<link rel=\"canonical\" href=\"https:\/\/jackpotlotteryonline.com\/sr\/kako-kupiti-tiket-za-lutriju-online\/kupovina-el-gordo-tiketa\/\" \/>\n<meta property=\"og:locale\" content=\"sr_RS\" \/>\n<meta property=\"og:type\" content=\"article\" \/>\n<meta property=\"og:title\" content=\"Kupovina El Gordo Tiketa van \u0160panije | Online El Gordo Tiketi\" \/>\n<meta property=\"og:description\" content=\"Mo\u017eete da kupite El Gordo tikete online, \u010dak i ako \u017eivite van \u0160panije \u2013 putem na\u0161e online platforme za tikete.\" \/>\n<meta property=\"og:url\" content=\"https:\/\/jackpotlotteryonline.com\/sr\/kako-kupiti-tiket-za-lutriju-online\/kupovina-el-gordo-tiketa\/\" \/>\n<meta property=\"og:site_name\" content=\"Lotto Online - Crack The International Lottery Jackpots\" \/>\n<meta property=\"og:image\" content=\"https:\/\/jackpotlotteryonline.com\/wp-content\/uploads\/2022\/10\/lotto_euros.jpg\" \/>\n<meta name=\"twitter:card\" content=\"summary_large_image\" \/>\n<!-- \/ Yoast SEO plugin. -->","yoast_head_json":{"title":"Kupovina El Gordo Tiketa van \u0160panije | Online El Gordo Tiketi","description":"Mo\u017eete da kupite El Gordo tikete online, \u010dak i ako \u017eivite van \u0160panije \u2013 putem na\u0161e online platforme za tikete.","robots":{"index":"index","follow":"follow","max-snippet":"max-snippet:-1","max-image-preview":"max-image-preview:large","max-video-preview":"max-video-preview:-1"},"canonical":"https:\/\/jackpotlotteryonline.com\/sr\/kako-kupiti-tiket-za-lutriju-online\/kupovina-el-gordo-tiketa\/","og_locale":"sr_RS","og_type":"article","og_title":"Kupovina El Gordo Tiketa van \u0160panije | Online El Gordo Tiketi","og_description":"Mo\u017eete da kupite El Gordo tikete online, \u010dak i ako \u017eivite van \u0160panije \u2013 putem na\u0161e online platforme za tikete.","og_url":"https:\/\/jackpotlotteryonline.com\/sr\/kako-kupiti-tiket-za-lutriju-online\/kupovina-el-gordo-tiketa\/","og_site_name":"Lotto Online - Crack The International Lottery Jackpots","og_image":[{"url":"https:\/\/jackpotlotteryonline.com\/wp-content\/uploads\/2022\/10\/lotto_euros.jpg"}],"twitter_card":"summary_large_image","schema":{"@context":"https:\/\/schema.org","@graph":[{"@type":"WebPage","@id":"https:\/\/jackpotlotteryonline.com\/sr\/kako-kupiti-tiket-za-lutriju-online\/kupovina-el-gordo-tiketa\/","url":"https:\/\/jackpotlotteryonline.com\/sr\/kako-kupiti-tiket-za-lutriju-online\/kupovina-el-gordo-tiketa\/","name":"Kupovina El Gordo Tiketa van \u0160panije | Online El Gordo Tiketi","isPartOf":{"@id":"https:\/\/jackpotlotteryonline.com\/#website"},"primaryImageOfPage":{"@id":"https:\/\/jackpotlotteryonline.com\/sr\/kako-kupiti-tiket-za-lutriju-online\/kupovina-el-gordo-tiketa\/#primaryimage"},"image":{"@id":"https:\/\/jackpotlotteryonline.com\/sr\/kako-kupiti-tiket-za-lutriju-online\/kupovina-el-gordo-tiketa\/#primaryimage"},"thumbnailUrl":"https:\/\/jackpotlotteryonline.com\/wp-content\/uploads\/2022\/10\/lotto_euros.jpg","datePublished":"2025-02-05T08:21:27+00:00","dateModified":"2025-02-05T08:21:27+00:00","description":"Mo\u017eete da kupite El Gordo tikete online, \u010dak i ako \u017eivite van \u0160panije \u2013 putem na\u0161e online platforme za tikete.","breadcrumb":{"@id":"https:\/\/jackpotlotteryonline.com\/sr\/kako-kupiti-tiket-za-lutriju-online\/kupovina-el-gordo-tiketa\/#breadcrumb"},"inLanguage":"sr-RS","potentialAction":[{"@type":"ReadAction","target":["https:\/\/jackpotlotteryonline.com\/sr\/kako-kupiti-tiket-za-lutriju-online\/kupovina-el-gordo-tiketa\/"]}]},{"@type":"ImageObject","inLanguage":"sr-RS","@id":"https:\/\/jackpotlotteryonline.com\/sr\/kako-kupiti-tiket-za-lutriju-online\/kupovina-el-gordo-tiketa\/#primaryimage","url":"https:\/\/jackpotlotteryonline.com\/wp-content\/uploads\/2022\/10\/lotto_euros.jpg","contentUrl":"https:\/\/jackpotlotteryonline.com\/wp-content\/uploads\/2022\/10\/lotto_euros.jpg"},{"@type":"BreadcrumbList","@id":"https:\/\/jackpotlotteryonline.com\/sr\/kako-kupiti-tiket-za-lutriju-online\/kupovina-el-gordo-tiketa\/#breadcrumb","itemListElement":[{"@type":"ListItem","position":1,"name":"Home","item":"https:\/\/jackpotlotteryonline.com\/sr\/"},{"@type":"ListItem","position":2,"name":"Kako kupiti tiket za lutriju online","item":"https:\/\/jackpotlotteryonline.com\/sr\/kako-kupiti-tiket-za-lutriju-online\/"},{"@type":"ListItem","position":3,"name":"Kupovina El Gordo Tiketa"}]},{"@type":"WebSite","@id":"https:\/\/jackpotlotteryonline.com\/#website","url":"https:\/\/jackpotlotteryonline.com\/","name":"Lotto Online - Crack The International Lottery Jackpots","description":"","potentialAction":[{"@type":"SearchAction","target":{"@type":"EntryPoint","urlTemplate":"https:\/\/jackpotlotteryonline.com\/?s={search_term_string}"},"query-input":"required name=search_term_string"}],"inLanguage":"sr-RS"}]}},"_links":{"self":[{"href":"https:\/\/jackpotlotteryonline.com\/sr\/wp-json\/wp\/v2\/pages\/73840","targetHints":{"allow":["GET"]}}],"collection":[{"href":"https:\/\/jackpotlotteryonline.com\/sr\/wp-json\/wp\/v2\/pages"}],"about":[{"href":"https:\/\/jackpotlotteryonline.com\/sr\/wp-json\/wp\/v2\/types\/page"}],"author":[{"embeddable":true,"href":"https:\/\/jackpotlotteryonline.com\/sr\/wp-json\/wp\/v2\/users\/7"}],"replies":[{"embeddable":true,"href":"https:\/\/jackpotlotteryonline.com\/sr\/wp-json\/wp\/v2\/comments?post=73840"}],"version-history":[{"count":0,"href":"https:\/\/jackpotlotteryonline.com\/sr\/wp-json\/wp\/v2\/pages\/73840\/revisions"}],"up":[{"embeddable":true,"href":"https:\/\/jackpotlotteryonline.com\/sr\/wp-json\/wp\/v2\/pages\/73606"}],"wp:attachment":[{"href":"https:\/\/jackpotlotteryonline.com\/sr\/wp-json\/wp\/v2\/media?parent=73840"}],"curies":[{"name":"wp","href":"https:\/\/api.w.org\/{rel}","templated":true}]}}