{"id":73861,"date":"2025-02-05T08:30:23","date_gmt":"2025-02-05T08:30:23","guid":{"rendered":"https:\/\/jackpotlotteryonline.com\/?page_id=73861"},"modified":"2025-02-05T08:30:23","modified_gmt":"2025-02-05T08:30:23","slug":"uk-lottery","status":"publish","type":"page","link":"https:\/\/jackpotlotteryonline.com\/sr\/kako-kupiti-tiket-za-lutriju-online\/uk-lottery\/","title":{"rendered":"UK Lottery"},"content":{"rendered":"<h2>Pregled UK lutrije online<\/h2>\n<p><strong>UK lutrija<\/strong> je popularna igra poznata po svojoj sposobnosti da napravi milionere. Tako\u0111e se mo\u017ee igrati online. <a href=\"https:\/\/jackpotlotteryonline.com\/winning-numbers\/uk-lottery\">Igra se izvla\u010di dva puta nedeljno<\/a>, sredom i subotom.<\/p>\n<h2>Kako funkcioni\u0161e UK lutrija<\/h2>\n<p>Svaki igra\u010d mora da izabere 6 brojeva na svom tiketu iz opsega brojeva od 1 do 49. Kada se izvu\u010de, izabere se \u0161est brojeva zajedno sa jednim bonus brojem. Zbog relativno malog procenta isplate, ne preporu\u010dujemo ovu lutriju. Postoji mnogo drugih me\u0111unarodnih lutrija dostupnih online sa boljim isplatama i ve\u0107im d\u017eekpotovima.<\/p>\n<section class=\"layout\" style=\"border: solid 1px; width: 100%;\">\n<div class=\"img-div\" style=\"margin-top: 5px;\"><img decoding=\"async\" class=\"wp-image-17212 alignleft\" style=\"height: 45px; margin: 8px 8px 0px;\" src=\"http:\/\/jackpotlotteryonline.com\/wp-content\/uploads\/2022\/11\/read1.jpg\" alt=\"read\" width=\"\" height=\"\" \/><\/div>\n<div style=\"padding-left: 5px;\">\n<div style=\"font-size: 1.1em;\">\n<strong>Evropske Lutrije<\/strong><\/p>\n<p style=\"font-size: 0.85em; margin-top: -1.5em;\">Koje evropske lutrije su najbolje? <a href=\"https:\/\/jackpotlotteryonline.com\/which-european-lotteries-are-the-best\">Pro\u010ditajte vi\u0161e<\/a><\/p>\n<\/div>\n<\/div>\n<\/section>\n<h2>Pobediti na UK lutriji<\/h2>\n<p><img loading=\"lazy\" decoding=\"async\" class=\"alignright size-medium wp-image-19520\" src=\"http:\/\/jackpotlotteryonline.com\/wp-content\/uploads\/2022\/10\/2_ticket_uk_lottery-192x300.jpg\" alt=\"kupiti UK lutrijski tiket\" width=\"192\" height=\"300\" srcset=\"https:\/\/jackpotlotteryonline.com\/wp-content\/uploads\/2022\/10\/2_ticket_uk_lottery-192x300.jpg 192w, https:\/\/jackpotlotteryonline.com\/wp-content\/uploads\/2022\/10\/2_ticket_uk_lottery.jpg 250w\" sizes=\"auto, (max-width: 192px) 100vw, 192px\" \/>Morate da pogodite najmanje tri broja iz glavnih brojeva da biste osvojili nagradu. Bonus broj je relevantan samo ako pogodite barem pet od glavnih brojeva na izvla\u010denju.<\/p>\n<p>Jednostavno je da zatra\u017eite svoj dobitak. Ako osvojite do \u20ac2500, novac \u0107e biti direktno upla\u0107en na va\u0161 korisni\u010dki nalog na na\u0161em sajtu. Za dobitke ve\u0107e od \u20ac2.500, na\u0161 odjel za korisni\u010dku podr\u0161ku \u0107e vas kontaktirati i organizovati direktnu isplatu od strane lutrijske kompanije.<\/p>\n<p>Otprilike 45% svih sredstava sa UK lutrije ide za nagrade. Ako pogodite svih \u0161est glavnih brojeva, dobi\u0107ete 52% fonda; ako pogodite pet glavnih brojeva i bonus broj, dobi\u0107ete 16% preostalog fonda; ako pogodite pet glavnih brojeva, dobi\u0107ete 10% preostalog fonda; ako pogodite \u010detiri glavna broja, dobi\u0107ete 22% preostalog fonda, a ako pogodite tri glavna broja, obi\u010dno \u0107ete dobiti \u00a310. UK lutrija tako\u0111e nudi online igre sa instant dobitcima.<\/p>\n<h2>Igranje UK lutrije online<\/h2>\n<p>Mo\u017eete <a href=\"https:\/\/jackpotlotteryonline.com\/play-online\/uk-lottery\">igrati UK lutriju online<\/a>, \u0161to je \u010dini pristupa\u010dnijom i pogodnijom. Ne morate vi\u0161e da idete u prodavnicu da biste kupili UK lutrijski tiket; sada mo\u017eete kupiti tikete iz udobnosti svog doma, i nije potrebno da \u017eivite u UK.<\/p>\n<p>Da biste igrali UK lutriju online i izvan UK, potrebno je da kliknete na gornji baner za UK lutriju. Jednostavno se registrujete i zatim izvr\u0161ite online uplatu.<\/p>\n<h2>Za\u0161to su ve\u0107ina me\u0111unarodnih lutrijskih d\u017eekpotova privla\u010dniji od UK lutrije<\/h2>\n<ul>\n<li>D\u017eekpotovi su mnogo ve\u0107i u me\u0111unarodnim lutrijama (pogledajte iznose na baneru gore)<\/li>\n<li>UK lutrija deli samo 45% sredstava kao nagrade<\/li>\n<li>Na na\u0161em sajtu imate razli\u010dite mega-lutrije i ogromne d\u017eekpotove na izbor!<\/li>\n<\/ul>\n","protected":false},"excerpt":{"rendered":"<p>Pregled UK lutrije online UK lutrija je popularna igra poznata po svojoj sposobnosti da napravi milionere. Tako\u0111e se mo\u017ee igrati online. Igra se izvla\u010di dva puta nedeljno, sredom i subotom. Kako funkcioni\u0161e UK lutrija Svaki igra\u010d mora da izabere 6 brojeva na svom tiketu iz opsega brojeva od 1 do 49. Kada se izvu\u010de, izabere [&hellip;]<\/p>\n","protected":false},"author":7,"featured_media":0,"parent":73606,"menu_order":10,"comment_status":"closed","ping_status":"closed","template":"lotto-uk-info.php","meta":{"_et_pb_use_builder":"","_et_pb_old_content":"","_et_gb_content_width":"","exclude_from_search":false,"footnotes":""},"class_list":["post-73861","page","type-page","status-publish","hentry"],"yoast_head":"<!-- This site is optimized with the Yoast SEO plugin v23.3 - https:\/\/yoast.com\/wordpress\/plugins\/seo\/ -->\n<title>Kupite tikete online za UK lutriju izvan UK<\/title>\n<meta name=\"description\" content=\"Kako funkcioni\u0161e UK lutrija i kako da kupite tiket i osvojite online izvan UK\" \/>\n<meta name=\"robots\" content=\"index, follow, max-snippet:-1, max-image-preview:large, max-video-preview:-1\" \/>\n<link rel=\"canonical\" href=\"https:\/\/jackpotlotteryonline.com\/sr\/kako-kupiti-tiket-za-lutriju-online\/uk-lottery\/\" \/>\n<meta property=\"og:locale\" content=\"sr_RS\" \/>\n<meta property=\"og:type\" content=\"article\" \/>\n<meta property=\"og:title\" content=\"Kupite tikete online za UK lutriju izvan UK\" \/>\n<meta property=\"og:description\" content=\"Kako funkcioni\u0161e UK lutrija i kako da kupite tiket i osvojite online izvan UK\" \/>\n<meta property=\"og:url\" content=\"https:\/\/jackpotlotteryonline.com\/sr\/kako-kupiti-tiket-za-lutriju-online\/uk-lottery\/\" \/>\n<meta property=\"og:site_name\" content=\"Lotto Online - Crack The International Lottery Jackpots\" \/>\n<meta property=\"og:image\" content=\"http:\/\/jackpotlotteryonline.com\/wp-content\/uploads\/2022\/11\/read1.jpg\" \/>\n<meta name=\"twitter:card\" content=\"summary_large_image\" \/>\n<!-- \/ Yoast SEO plugin. -->","yoast_head_json":{"title":"Kupite tikete online za UK lutriju izvan UK","description":"Kako funkcioni\u0161e UK lutrija i kako da kupite tiket i osvojite online izvan UK","robots":{"index":"index","follow":"follow","max-snippet":"max-snippet:-1","max-image-preview":"max-image-preview:large","max-video-preview":"max-video-preview:-1"},"canonical":"https:\/\/jackpotlotteryonline.com\/sr\/kako-kupiti-tiket-za-lutriju-online\/uk-lottery\/","og_locale":"sr_RS","og_type":"article","og_title":"Kupite tikete online za UK lutriju izvan UK","og_description":"Kako funkcioni\u0161e UK lutrija i kako da kupite tiket i osvojite online izvan UK","og_url":"https:\/\/jackpotlotteryonline.com\/sr\/kako-kupiti-tiket-za-lutriju-online\/uk-lottery\/","og_site_name":"Lotto Online - Crack The International Lottery Jackpots","og_image":[{"url":"http:\/\/jackpotlotteryonline.com\/wp-content\/uploads\/2022\/11\/read1.jpg"}],"twitter_card":"summary_large_image","schema":{"@context":"https:\/\/schema.org","@graph":[{"@type":"WebPage","@id":"https:\/\/jackpotlotteryonline.com\/sr\/kako-kupiti-tiket-za-lutriju-online\/uk-lottery\/","url":"https:\/\/jackpotlotteryonline.com\/sr\/kako-kupiti-tiket-za-lutriju-online\/uk-lottery\/","name":"Kupite tikete online za UK lutriju izvan UK","isPartOf":{"@id":"https:\/\/jackpotlotteryonline.com\/#website"},"primaryImageOfPage":{"@id":"https:\/\/jackpotlotteryonline.com\/sr\/kako-kupiti-tiket-za-lutriju-online\/uk-lottery\/#primaryimage"},"image":{"@id":"https:\/\/jackpotlotteryonline.com\/sr\/kako-kupiti-tiket-za-lutriju-online\/uk-lottery\/#primaryimage"},"thumbnailUrl":"http:\/\/jackpotlotteryonline.com\/wp-content\/uploads\/2022\/11\/read1.jpg","datePublished":"2025-02-05T08:30:23+00:00","dateModified":"2025-02-05T08:30:23+00:00","description":"Kako funkcioni\u0161e UK lutrija i kako da kupite tiket i osvojite online izvan UK","breadcrumb":{"@id":"https:\/\/jackpotlotteryonline.com\/sr\/kako-kupiti-tiket-za-lutriju-online\/uk-lottery\/#breadcrumb"},"inLanguage":"sr-RS","potentialAction":[{"@type":"ReadAction","target":["https:\/\/jackpotlotteryonline.com\/sr\/kako-kupiti-tiket-za-lutriju-online\/uk-lottery\/"]}]},{"@type":"ImageObject","inLanguage":"sr-RS","@id":"https:\/\/jackpotlotteryonline.com\/sr\/kako-kupiti-tiket-za-lutriju-online\/uk-lottery\/#primaryimage","url":"http:\/\/jackpotlotteryonline.com\/wp-content\/uploads\/2022\/11\/read1.jpg","contentUrl":"http:\/\/jackpotlotteryonline.com\/wp-content\/uploads\/2022\/11\/read1.jpg"},{"@type":"BreadcrumbList","@id":"https:\/\/jackpotlotteryonline.com\/sr\/kako-kupiti-tiket-za-lutriju-online\/uk-lottery\/#breadcrumb","itemListElement":[{"@type":"ListItem","position":1,"name":"Home","item":"https:\/\/jackpotlotteryonline.com\/sr\/"},{"@type":"ListItem","position":2,"name":"Kako kupiti tiket za lutriju online","item":"https:\/\/jackpotlotteryonline.com\/sr\/kako-kupiti-tiket-za-lutriju-online\/"},{"@type":"ListItem","position":3,"name":"UK Lottery"}]},{"@type":"WebSite","@id":"https:\/\/jackpotlotteryonline.com\/#website","url":"https:\/\/jackpotlotteryonline.com\/","name":"Lotto Online - Crack The International Lottery Jackpots","description":"","potentialAction":[{"@type":"SearchAction","target":{"@type":"EntryPoint","urlTemplate":"https:\/\/jackpotlotteryonline.com\/?s={search_term_string}"},"query-input":"required name=search_term_string"}],"inLanguage":"sr-RS"}]}},"_links":{"self":[{"href":"https:\/\/jackpotlotteryonline.com\/sr\/wp-json\/wp\/v2\/pages\/73861","targetHints":{"allow":["GET"]}}],"collection":[{"href":"https:\/\/jackpotlotteryonline.com\/sr\/wp-json\/wp\/v2\/pages"}],"about":[{"href":"https:\/\/jackpotlotteryonline.com\/sr\/wp-json\/wp\/v2\/types\/page"}],"author":[{"embeddable":true,"href":"https:\/\/jackpotlotteryonline.com\/sr\/wp-json\/wp\/v2\/users\/7"}],"replies":[{"embeddable":true,"href":"https:\/\/jackpotlotteryonline.com\/sr\/wp-json\/wp\/v2\/comments?post=73861"}],"version-history":[{"count":0,"href":"https:\/\/jackpotlotteryonline.com\/sr\/wp-json\/wp\/v2\/pages\/73861\/revisions"}],"up":[{"embeddable":true,"href":"https:\/\/jackpotlotteryonline.com\/sr\/wp-json\/wp\/v2\/pages\/73606"}],"wp:attachment":[{"href":"https:\/\/jackpotlotteryonline.com\/sr\/wp-json\/wp\/v2\/media?parent=73861"}],"curies":[{"name":"wp","href":"https:\/\/api.w.org\/{rel}","templated":true}]}}