{"id":73879,"date":"2025-02-05T08:43:59","date_gmt":"2025-02-05T08:43:59","guid":{"rendered":"https:\/\/jackpotlotteryonline.com\/?page_id=73879"},"modified":"2025-02-05T08:43:59","modified_gmt":"2025-02-05T08:43:59","slug":"kupovina-set-for-life-loto-tiketa","status":"publish","type":"page","link":"https:\/\/jackpotlotteryonline.com\/sr\/kako-kupiti-tiket-za-lutriju-online\/kupovina-set-for-life-loto-tiketa\/","title":{"rendered":"Kupovina Set for Life Loto Tiketa"},"content":{"rendered":"<p>Spremni ste da dobijete \u0161ansu za finansijsku sigurnost tokom celog \u017eivota? Nikada nije bilo bolje vreme da osvojite 10.000 funti svakog meseca tokom 30 godina, a sve to po\u010dinje sa <a href=\"https:\/\/jackpotlotteryonline.com\/play-online\/set-for-life\">igranjem britanske lutrije<\/a>.<\/p>\n<p>Ova lutrija se organizuje od strane National Lottery i prvi put je povu\u010dena 1999. godine. Od tada je postala jedna od najpopularnijih lutrija me\u0111u Britancima, jer je gotovo nemogu\u0107e odoljeti \u0161ansi da osvoji\u0161 10.000 funti svakog meseca na 30 godina. Nikako ne bi trebalo da propustite ovu priliku. Osvojiti ovu lutriju je kao da svake godine dobijete poklon od Deda Mraza.<\/p>\n<p><img loading=\"lazy\" decoding=\"async\" class=\"alignright wp-image-35457\" src=\"http:\/\/jackpotlotteryonline.com\/wp-content\/uploads\/2022\/11\/2_ticket_uk_lottery-192x300.jpg\" alt=\"set for life online ticket\" width=\"150\" height=\"234\" srcset=\"https:\/\/jackpotlotteryonline.com\/wp-content\/uploads\/2022\/11\/2_ticket_uk_lottery-192x300.jpg 192w, https:\/\/jackpotlotteryonline.com\/wp-content\/uploads\/2022\/11\/2_ticket_uk_lottery.jpg 250w\" sizes=\"auto, (max-width: 150px) 100vw, 150px\" \/><\/p>\n<p>Ovi tiketi se prodaju putem opse\u017enog mre\u017enog sistema dilera \u0161irom Britanije. Me\u0111utim, ako ne \u017eivite u Britaniji, ne postoji razlog za\u0161to ne biste mogli da kupite tikete za ovu lutriju. Jackpotlotteryonline.com omogu\u0107ava svima, bez obzira na lokaciju, da u\u010destvuju u me\u0111unarodnim lutrijama sa svog ra\u010dunara ili mobilnog ure\u0111aja.<\/p>\n<p>Registrujte se kod nas da biste zapo\u010deli igranje najuzbudljivijih lutrija u Britaniji i \u0161irom sveta.<\/p>\n<p>Kako Igrati Set for Life Online<br \/>\nOva lutrija se razlikuje od drugih, jer je to godi\u0161nja lutrija, \u0161to zna\u010di da dobitnici ne\u0107e oti\u0107i ku\u0107i sa milionima evra ili funti. Glavna razlika je u na\u010dinu isplate nagrada. Kao i druge lutrije, igra\u010d mora da odabere odre\u0111eni broj glavnih brojeva sa specifi\u010dnog opsega, kao i jedan specijalan broj.<\/p>\n<p>Da biste kupili Set for Life tikete online, posetite \u017eeljeni sajt i izaberite 5 glavnih brojeva izme\u0111u 1 i 47. Zatim odaberite specijalan broj pod nazivom \u201eLife Ball\u201c koji se bira iz opsega od 1 do 10. Mo\u017eete koristiti svoje sre\u0107ne brojeve ili koristiti opciju automatskog odabira za slu\u010dajni odabir brojeva. Tako\u0111e mo\u017eete odabrati vi\u0161e linija brojeva kako biste pove\u0107ali \u0161anse za pobedu.<\/p>\n<p>Da biste pobedili na ovoj lutriji, morate da pogodite svih 6 izvu\u010denih brojeva. Ako se registrujete sa nama, mo\u017eete se <a href=\"https:\/\/jackpotlotteryonline.com\/winning-numbers\/set-for-life\">prijaviti za vi\u0161e izvla\u010denja tokom narednih nedelja.<\/a><\/p>\n<p>Nagrade<br \/>\nVe\u0107 smo spomenuli glavnu nagradu, koja iznosi 10.000 funti svakog meseca tokom 30 godina. Me\u0111utim, ovo nije jedina nagrada koju igra\u010di mogu osvojiti. Na primer, ako pogodite samo 5 glavnih brojeva, dobi\u0107ete 10.000 funti svakog meseca tokom 1 godine. Nije lo\u0161e, zar ne?<\/p>\n<p>Hajde da pogledamo detalje o nagradama i \u0161ta igra\u010di mogu da o\u010dekuju ako osvoje ovu britansku lutriju.<\/p>\n<p>Pogodite 5 glavnih brojeva + Life Ball &#8211; 10.000 funti svakog meseca tokom 30 godina<br \/>\nPogodite samo 5 glavnih brojeva &#8211; 10.000 funti svakog meseca tokom 1 godine<br \/>\nPogodite 4 glavna broja + Life Ball &#8211; 250 funti<br \/>\nPogodite samo 4 glavna broja &#8211; 50 funti<br \/>\nPogodite 3 glavna broja + Life Ball &#8211; 30 funti<br \/>\nPogodite samo 3 glavna broja &#8211; 20 funti<br \/>\nPogodite 2 glavna broja + Life Ball &#8211; 10 funti<br \/>\nPogodite samo 2 glavna broja &#8211; 5 funti<br \/>\nKako Preuzeti Nagradu<br \/>\nImate 180 dana da preuzmete svoju nagradu, a nakon toga vi\u0161e ne\u0107ete mo\u0107i da je preuzmete. Svi dobitci u britanskoj lutriji su oslobo\u0111eni od poreza, \u0161to zna\u010di da mo\u017eete da u\u017eivate u svom dobitku bez ikakvih odbitaka. Me\u0111utim, za igra\u010de koji u\u010destvuju iz drugih zemalja, najbolje je da se raspitate o poreskim zakonima u svojoj zemlji.<\/p>\n<section class=\"layout\" style=\"border: solid 1px; width: 100%;\">\n<div class=\"img-div\" style=\"margin-top: 5px;\"><img decoding=\"async\" class=\"wp-image-17212 alignleft\" style=\"height: 45px; margin: 8px 8px 0px;\" src=\"http:\/\/jackpotlotteryonline.com\/wp-content\/uploads\/2022\/11\/read1.jpg\" alt=\"read\" width=\"\" height=\"\" \/><\/div>\n<div style=\"padding-left: 5px;\">\n<div style=\"font-size: 1.1em;\"><strong>Porez na dobitke u lutriji<\/strong><\/p>\n<p style=\"font-size: 0.85em; margin-top: -1.5em;\">Da li moram da platim porez na dobitke na lutriji? <a href=\"https:\/\/jackpotlotteryonline.com\/do-i-have-to-pay-taxes-on-lottery-winnings\">Pro\u010ditaj vi\u0161e<\/a><\/p>\n<\/div>\n<\/div>\n<\/section>\n<p>Neverovatna Prilika za Celi \u017divot<br \/>\n\u0160ansa za osvajanje Set for Life je jedinstvena prilika koja mo\u017ee da obezbedi finansijsku sigurnost tokom celog \u017eivota. Ova lutrija zna\u010di da nikada vi\u0161e ne\u0107ete morati da brinete o novcu, ukoliko pobedite. Postoje pri\u010de o dobitnicima lutrija koji su potro\u0161ili svo bogatstvo i sada su bankrotirali. Sa ovom lutrijom, ne morate da brinete da \u0107e vam se to desiti. \u010cak i ako potro\u0161ite sav novac tokom prvog meseca, znate da \u0107ete imati priliku da bolje iskoristite slede\u0107i mesec.<\/p>\n<p>Zamislite \u0161ta bi zna\u010dilo da svaki mesec dobijate ovaj iznos tokom 30 godina.<\/p>\n<p>Prijavite se sa nama za igranje Set for Life<br \/>\nKupovina britanskih lutrijskih tiketa nikada nije bila lak\u0161a nego sada. Kada se prijavite sa nama, omogu\u0107avamo vam da u\u010destvujete u najboljim lutrijama \u0161irom sveta bez stresa. Na\u0161 cilj je da obezbedimo izuzetna iskustva za na\u0161e korisnike. Zato se registrujte sa nama danas i kupite Set for Life tikete sa bilo kog mesta na svetu.<\/p>\n","protected":false},"excerpt":{"rendered":"<p>Spremni ste da dobijete \u0161ansu za finansijsku sigurnost tokom celog \u017eivota? Nikada nije bilo bolje vreme da osvojite 10.000 funti svakog meseca tokom 30 godina, a sve to po\u010dinje sa igranjem britanske lutrije. Ova lutrija se organizuje od strane National Lottery i prvi put je povu\u010dena 1999. godine. Od tada je postala jedna od najpopularnijih [&hellip;]<\/p>\n","protected":false},"author":7,"featured_media":0,"parent":73606,"menu_order":11,"comment_status":"closed","ping_status":"closed","template":"set-for-life-info.php","meta":{"_et_pb_use_builder":"","_et_pb_old_content":"","_et_gb_content_width":"","exclude_from_search":false,"footnotes":""},"class_list":["post-73879","page","type-page","status-publish","hentry"],"yoast_head":"<!-- This site is optimized with the Yoast SEO plugin v23.3 - https:\/\/yoast.com\/wordpress\/plugins\/seo\/ -->\n<title>Kupovina Set for Life Tiketa sa Posedovanja Izvan Britanije | Kupovina Set for Life Tiketa Online<\/title>\n<meta name=\"description\" content=\"Set for Life je veoma posebna lutrija, ali da biste u\u010destvovali izvan Britanije, morate kupiti tikete online.\" \/>\n<meta name=\"robots\" content=\"index, follow, max-snippet:-1, max-image-preview:large, max-video-preview:-1\" \/>\n<link rel=\"canonical\" href=\"https:\/\/jackpotlotteryonline.com\/sr\/kako-kupiti-tiket-za-lutriju-online\/kupovina-set-for-life-loto-tiketa\/\" \/>\n<meta property=\"og:locale\" content=\"sr_RS\" \/>\n<meta property=\"og:type\" content=\"article\" \/>\n<meta property=\"og:title\" content=\"Kupovina Set for Life Tiketa sa Posedovanja Izvan Britanije | Kupovina Set for Life Tiketa Online\" \/>\n<meta property=\"og:description\" content=\"Set for Life je veoma posebna lutrija, ali da biste u\u010destvovali izvan Britanije, morate kupiti tikete online.\" \/>\n<meta property=\"og:url\" content=\"https:\/\/jackpotlotteryonline.com\/sr\/kako-kupiti-tiket-za-lutriju-online\/kupovina-set-for-life-loto-tiketa\/\" \/>\n<meta property=\"og:site_name\" content=\"Lotto Online - Crack The International Lottery Jackpots\" \/>\n<meta property=\"og:image\" content=\"http:\/\/jackpotlotteryonline.com\/wp-content\/uploads\/2022\/11\/2_ticket_uk_lottery-192x300.jpg\" \/>\n<meta name=\"twitter:card\" content=\"summary_large_image\" \/>\n<!-- \/ Yoast SEO plugin. -->","yoast_head_json":{"title":"Kupovina Set for Life Tiketa sa Posedovanja Izvan Britanije | Kupovina Set for Life Tiketa Online","description":"Set for Life je veoma posebna lutrija, ali da biste u\u010destvovali izvan Britanije, morate kupiti tikete online.","robots":{"index":"index","follow":"follow","max-snippet":"max-snippet:-1","max-image-preview":"max-image-preview:large","max-video-preview":"max-video-preview:-1"},"canonical":"https:\/\/jackpotlotteryonline.com\/sr\/kako-kupiti-tiket-za-lutriju-online\/kupovina-set-for-life-loto-tiketa\/","og_locale":"sr_RS","og_type":"article","og_title":"Kupovina Set for Life Tiketa sa Posedovanja Izvan Britanije | Kupovina Set for Life Tiketa Online","og_description":"Set for Life je veoma posebna lutrija, ali da biste u\u010destvovali izvan Britanije, morate kupiti tikete online.","og_url":"https:\/\/jackpotlotteryonline.com\/sr\/kako-kupiti-tiket-za-lutriju-online\/kupovina-set-for-life-loto-tiketa\/","og_site_name":"Lotto Online - Crack The International Lottery Jackpots","og_image":[{"url":"http:\/\/jackpotlotteryonline.com\/wp-content\/uploads\/2022\/11\/2_ticket_uk_lottery-192x300.jpg"}],"twitter_card":"summary_large_image","schema":{"@context":"https:\/\/schema.org","@graph":[{"@type":"WebPage","@id":"https:\/\/jackpotlotteryonline.com\/sr\/kako-kupiti-tiket-za-lutriju-online\/kupovina-set-for-life-loto-tiketa\/","url":"https:\/\/jackpotlotteryonline.com\/sr\/kako-kupiti-tiket-za-lutriju-online\/kupovina-set-for-life-loto-tiketa\/","name":"Kupovina Set for Life Tiketa sa Posedovanja Izvan Britanije | Kupovina Set for Life Tiketa Online","isPartOf":{"@id":"https:\/\/jackpotlotteryonline.com\/#website"},"primaryImageOfPage":{"@id":"https:\/\/jackpotlotteryonline.com\/sr\/kako-kupiti-tiket-za-lutriju-online\/kupovina-set-for-life-loto-tiketa\/#primaryimage"},"image":{"@id":"https:\/\/jackpotlotteryonline.com\/sr\/kako-kupiti-tiket-za-lutriju-online\/kupovina-set-for-life-loto-tiketa\/#primaryimage"},"thumbnailUrl":"http:\/\/jackpotlotteryonline.com\/wp-content\/uploads\/2022\/11\/2_ticket_uk_lottery-192x300.jpg","datePublished":"2025-02-05T08:43:59+00:00","dateModified":"2025-02-05T08:43:59+00:00","description":"Set for Life je veoma posebna lutrija, ali da biste u\u010destvovali izvan Britanije, morate kupiti tikete online.","breadcrumb":{"@id":"https:\/\/jackpotlotteryonline.com\/sr\/kako-kupiti-tiket-za-lutriju-online\/kupovina-set-for-life-loto-tiketa\/#breadcrumb"},"inLanguage":"sr-RS","potentialAction":[{"@type":"ReadAction","target":["https:\/\/jackpotlotteryonline.com\/sr\/kako-kupiti-tiket-za-lutriju-online\/kupovina-set-for-life-loto-tiketa\/"]}]},{"@type":"ImageObject","inLanguage":"sr-RS","@id":"https:\/\/jackpotlotteryonline.com\/sr\/kako-kupiti-tiket-za-lutriju-online\/kupovina-set-for-life-loto-tiketa\/#primaryimage","url":"http:\/\/jackpotlotteryonline.com\/wp-content\/uploads\/2022\/11\/2_ticket_uk_lottery-192x300.jpg","contentUrl":"http:\/\/jackpotlotteryonline.com\/wp-content\/uploads\/2022\/11\/2_ticket_uk_lottery-192x300.jpg"},{"@type":"BreadcrumbList","@id":"https:\/\/jackpotlotteryonline.com\/sr\/kako-kupiti-tiket-za-lutriju-online\/kupovina-set-for-life-loto-tiketa\/#breadcrumb","itemListElement":[{"@type":"ListItem","position":1,"name":"Home","item":"https:\/\/jackpotlotteryonline.com\/sr\/"},{"@type":"ListItem","position":2,"name":"Kako kupiti tiket za lutriju online","item":"https:\/\/jackpotlotteryonline.com\/sr\/kako-kupiti-tiket-za-lutriju-online\/"},{"@type":"ListItem","position":3,"name":"Kupovina Set for Life Loto Tiketa"}]},{"@type":"WebSite","@id":"https:\/\/jackpotlotteryonline.com\/#website","url":"https:\/\/jackpotlotteryonline.com\/","name":"Lotto Online - Crack The International Lottery Jackpots","description":"","potentialAction":[{"@type":"SearchAction","target":{"@type":"EntryPoint","urlTemplate":"https:\/\/jackpotlotteryonline.com\/?s={search_term_string}"},"query-input":"required name=search_term_string"}],"inLanguage":"sr-RS"}]}},"_links":{"self":[{"href":"https:\/\/jackpotlotteryonline.com\/sr\/wp-json\/wp\/v2\/pages\/73879","targetHints":{"allow":["GET"]}}],"collection":[{"href":"https:\/\/jackpotlotteryonline.com\/sr\/wp-json\/wp\/v2\/pages"}],"about":[{"href":"https:\/\/jackpotlotteryonline.com\/sr\/wp-json\/wp\/v2\/types\/page"}],"author":[{"embeddable":true,"href":"https:\/\/jackpotlotteryonline.com\/sr\/wp-json\/wp\/v2\/users\/7"}],"replies":[{"embeddable":true,"href":"https:\/\/jackpotlotteryonline.com\/sr\/wp-json\/wp\/v2\/comments?post=73879"}],"version-history":[{"count":0,"href":"https:\/\/jackpotlotteryonline.com\/sr\/wp-json\/wp\/v2\/pages\/73879\/revisions"}],"up":[{"embeddable":true,"href":"https:\/\/jackpotlotteryonline.com\/sr\/wp-json\/wp\/v2\/pages\/73606"}],"wp:attachment":[{"href":"https:\/\/jackpotlotteryonline.com\/sr\/wp-json\/wp\/v2\/media?parent=73879"}],"curies":[{"name":"wp","href":"https:\/\/api.w.org\/{rel}","templated":true}]}}