{"id":73902,"date":"2025-02-05T08:56:24","date_gmt":"2025-02-05T08:56:24","guid":{"rendered":"https:\/\/jackpotlotteryonline.com\/?page_id=73902"},"modified":"2025-02-05T08:56:24","modified_gmt":"2025-02-05T08:56:24","slug":"kupovina-thunderball-loterija-karti","status":"publish","type":"page","link":"https:\/\/jackpotlotteryonline.com\/sr\/kako-kupiti-tiket-za-lutriju-online\/kupovina-thunderball-loterija-karti\/","title":{"rendered":"Kupovina Thunderball Loterija Karti"},"content":{"rendered":"<p>U Ujedinjenom Kraljevstvu postoji mnogo opcija za igre na sre\u0107u, od slot ma\u0161ina do penzionerskih lutrija, i svaki dan se izvode razli\u010dita izvla\u010denja. Me\u0111utim, jedan od najpopularnijih je Thunderball. Ova uzbudljiva lutrija je specifi\u010dna jer iako nema d\u017eekpotove u milionima, i dalje je jedna od najomiljenijih. Zapravo, ako osvojite glavnu nagradu, ne\u0107ete postati milioner, ali za\u0161to je toliko ljudi voli?<\/p>\n<p>Jednostavan odgovor je jer, iako nagrade mo\u017eda nisu ogromne kao na nekim drugim igrama, \u0161anse za pobedu su znatno bolje. Sa \u010detiri izvla\u010denja svake nedelje i velikim nagradama, nije ni \u010dudo \u0161to se ljubitelji lutrija redovno klade na ovu igru.<\/p>\n<p>Ako \u017eivite van Ujedinjenog Kraljevstva, mo\u017eete se kladiti u svako izvla\u010denje ove lutrije. Ako tra\u017eite efikasan i bezstresni na\u010din za kupovinu loto karata, mo\u017eete posetiti sajt jackpotlotteryonline.com.<\/p>\n<h2><img loading=\"lazy\" decoding=\"async\" class=\"alignright wp-image-30425\" src=\"http:\/\/jackpotlotteryonline.com\/wp-content\/uploads\/2022\/11\/1_you_win_jackpot-300x300.jpg\" alt=\"win big with Thunderball\" width=\"228\" height=\"228\" srcset=\"https:\/\/jackpotlotteryonline.com\/wp-content\/uploads\/2022\/11\/1_you_win_jackpot-300x300.jpg 300w, https:\/\/jackpotlotteryonline.com\/wp-content\/uploads\/2022\/11\/1_you_win_jackpot-100x100.jpg 100w, https:\/\/jackpotlotteryonline.com\/wp-content\/uploads\/2022\/11\/1_you_win_jackpot-150x150.jpg 150w, https:\/\/jackpotlotteryonline.com\/wp-content\/uploads\/2022\/11\/1_you_win_jackpot.jpg 320w\" sizes=\"auto, (max-width: 228px) 100vw, 228px\" \/> Kako funkcioni\u0161e Thunderball?<\/h2>\n<p>Ova britanska lutrija je jednostavna i laka za igru, a \u010dak i iskusni igra\u010di lutrija ne\u0107e imati problema da je igraju.<\/p>\n<p>Da biste igrali na <a href=\"https:\/\/jackpotlotteryonline.com\/play-online\/thunderball\">ovoj britanskoj lutriji<\/a>, igra\u010di moraju izabrati 5 glavnih brojeva od 1 do 39 i 1 posebni broj od 1 do 14. Ovaj posebni broj se naziva Thunderball.<\/p>\n<p>Nakon \u0161to odaberete svoje brojeve, slede\u0107i korak je u\u010de\u0161\u0107e u <a href=\"https:\/\/jackpotlotteryonline.com\/winning-numbers\/thunderball\">izvla\u010denju<\/a> i \u010dekanje na rezultate. Kao \u0161to je re\u010deno, ova lutrija se izvodi \u010detiri puta nedeljno. To zna\u010di da imate \u010detiri \u0161anse nedeljno da osvojite glavnu nagradu! Izvla\u010denja se odr\u017eavaju utorkom, sredom, \u010detvrtkom i subotom.<\/p>\n<h2>Da li je legalno kupovati loto karte za britanske lutrije online?<\/h2>\n<p>Pitanje koje mnogi postavljaju je da li je legalno u\u010destvovati u online lutrijama? Ovo pitanje je sasvim razumljivo, jer postoje prevare, a va\u017eno je biti oprezan. Me\u0111utim, postoje i legitimni sajtovi koji prodaju loto karte za lutrije \u0161irom sveta, \u0161to je potpuno legalno.<\/p>\n<p>Ova britanska lutrija nije ograni\u010dena samo na britanske dr\u017eavljane. Jedino geografsko ograni\u010denje je \u0161to se fizi\u010dke karte prodaju samo kroz prodavce unutar zemlje. Za online u\u010de\u0161\u0107e, morate koristiti pouzdane sajtove za lutrije.<\/p>\n<p>Va\u017eno je da budete sigurni da kupujete karte od uglednih prodavaca i da imaju dobar ugled. Dobar na\u010din da to proverite je da pogledate njihovu istoriju isplata. To \u0107e vam osigurati da \u0107ete biti ispla\u0107eni pravilno.<\/p>\n<section class=\"layout\" style=\"border: solid 1px; width: 100%;\">\n<div class=\"img-div\" style=\"margin-top: 5px;\"><img decoding=\"async\" class=\"wp-image-17212 alignleft\" style=\"height: 45px; margin: 8px 8px 0px;\" src=\"http:\/\/jackpotlotteryonline.com\/wp-content\/uploads\/2022\/11\/read1.jpg\" alt=\"read\" width=\"\" height=\"\" \/><\/div>\n<div style=\"padding-left: 5px;\">\n<div style=\"font-size: 1.1em;\">\n<p><strong>Va\u0161a nacionalna lutrija u pore\u0111enju sa me\u0111unarodnim lutrijama<\/strong><\/p>\n<p style=\"font-size: 0.85em; margin-top: -1.5em;\">Mo\u017eda va\u0161a nacionalna lutrija nije najbolji izbor. Ve\u0107e nagrade u me\u0111unarodnim lutrijama mogu biti bolji izbor. <a href=\"https:\/\/jackpotlotteryonline.com\/your-national-lottery-in-international-comparison\">Pro\u010ditajte vi\u0161e<\/a><\/p>\n<\/div>\n<\/div>\n<\/section>\n<h2>Nagrade i premije<\/h2>\n<p>Koliko je velika glavna nagrada ove britanske lutrije? Glavna nagrada je 500.000 funti i garantovana je za svako izvla\u010denje. Karte koje pogode svih pet glavnih brojeva i posebni broj osvajaju glavnu nagradu.<\/p>\n<p>Me\u0111utim, tu nije kraj. Postoje i druge nagrade koje igra\u010di mogu osvojiti na ovoj lutriji. Druga nagrada je fiksna i iznosi 5.000 funti. To je zna\u010dajna suma. Ukupno postoji 9 nivoa nagrada, a samo poga\u0111anje posebnog broja mo\u017ee vam doneti premiju.<\/p>\n<p>Kao \u0161to je napomenuto, \u0161anse za pobedu na ovoj lutriji su odli\u010dne. Zbog toga, nakon prvog izvla\u010denja 1999. godine, mnogi ljubitelji lutrija su po\u010deli da u\u010destvuju u ovoj igri. Kako je rastao interes, broj izvla\u010denja je pove\u0107an sa jednog na \u010detiri puta nedeljno. Dakle, ako u\u010destvujete u ovoj britanskoj lutriji, va\u0161e \u0161anse za osvajanje glavne nagrade su 1 od 8.060.598, a \u0161anse za dobijanje bilo koje nagrade su 1 od 13.<\/p>\n<p><strong><img loading=\"lazy\" decoding=\"async\" class=\"alignright size-medium wp-image-35457\" src=\"http:\/\/jackpotlotteryonline.com\/wp-content\/uploads\/2022\/11\/2_ticket_uk_lottery-192x300.jpg\" alt=\"Buy Thunderball ticket online\" width=\"192\" height=\"300\" srcset=\"https:\/\/jackpotlotteryonline.com\/wp-content\/uploads\/2022\/11\/2_ticket_uk_lottery-192x300.jpg 192w, https:\/\/jackpotlotteryonline.com\/wp-content\/uploads\/2022\/11\/2_ticket_uk_lottery.jpg 250w\" sizes=\"auto, (max-width: 192px) 100vw, 192px\" \/> Nagrade na ovoj lutriji uklju\u010duju:<\/strong><\/p>\n<p>&#8211; 5 brojeva + posebni broj &#8211; 500.000 funti (glavna nagrada)<br \/>\n&#8211; 5 brojeva &#8211; 5.000 funti<br \/>\n&#8211; 4 broja + posebni broj &#8211; 250 funti<br \/>\n&#8211; 4 broja &#8211; 100 funti<br \/>\n&#8211; 3 broja + posebni broj &#8211; 20 funti<br \/>\n&#8211; 3 broja &#8211; 10 funti<br \/>\n&#8211; 2 broja + posebni broj &#8211; 10 funti<br \/>\n&#8211; 1 broj + posebni broj &#8211; 5 funti<br \/>\n&#8211; Posebni broj &#8211; 3 funti<\/p>\n<h2>Kako preuzeti svoju nagradu<\/h2>\n<p>Kako \u0107ete preuzeti svoju nagradu zavisi od toga kako ste kupili svoju kartu. Ako ste u\u010destvovali putem na\u0161eg sajta, mo\u017eete se prijaviti na svoj nalog i obaviti isplate putem platforme.<\/p>\n<p>Pre nego \u0161to preuzmete svoju nagradu, va\u017eno je da znate nekoliko stvari ako igrate u Ujedinjenom Kraljevstvu. Kao \u0161to je re\u010deno, ova lutrija nije ograni\u010dena samo na britanske dr\u017eavljane. Me\u0111utim, postoje neki va\u017eni faktori na koje treba obratiti pa\u017enju:<\/p>\n<ul>\n<li>Lutrija je otvorena za osobe starije od 16 godina.<\/li>\n<li>Nagrada se ispla\u0107uje u celosti.<\/li>\n<li>Nagrade na ovoj lutriji nisu oporezovane u Ujedinjenom Kraljevstvu. Ako igrate iz druge zemlje, trebalo bi da se upoznate sa poreznim zakonima va\u0161e zemlje.<\/li>\n<li>Nagrade treba preuzeti u roku od 180 dana, ina\u010de se vra\u0107aju u fond.<\/li>\n<li>Ako ste kartu kupili od fizi\u010dkog prodavca, treba da se obratite organizaciji lutrije da biste preuzeli svoju nagradu.<\/li>\n<\/ul>\n<h2>Za\u0161to igrati sa nama?<\/h2>\n<p>Mi smo stru\u010dnjaci u pru\u017eanju najboljih me\u0111unarodnih lutrija za igra\u010de \u0161irom sveta. Godinama radimo na tome da pobolj\u0161amo proces kako bismo na\u0161im korisnicima pru\u017eili najbolje i bezbri\u017eno iskustvo.<\/p>\n<p>Registracijom na na\u0161 sajt, mo\u017eete u\u010destvovati u razli\u010ditim lutrijama na jednoj online platformi. Sa na\u0161om sigurno\u0161\u0107u, va\u0161e loto karte su sigurno pohranjene, bez straha od gubitka. Kada osvojite nagradu, bi\u0107ete odmah obave\u0161teni, tako da ni\u0161ta ne\u0107ete propustiti.<\/p>\n<p>Na kraju, re\u0161avamo sve probleme koji mogu nastati tokom igre lutrije i poma\u017eemo vam da u\u017eivate u svom vremenu. Bez obzira na to gde se nalazite, mo\u017eete u\u010destvovati u najboljim me\u0111unarodnim lutrijama sa samo jednim internet povezivanjem.<\/p>\n<p>Sa nama, imate mnogo opcija. Mo\u017eete igrati u vi\u0161e lutrija, u\u010destvovati u vi\u0161e izvla\u010denja ili postaviti automatski unos za kupovinu karata. Posetite na\u0161 sajt danas i kupite Thunderball kartu online izvan Ujedinjenog Kraljevstva.<\/p>\n","protected":false},"excerpt":{"rendered":"<p>U Ujedinjenom Kraljevstvu postoji mnogo opcija za igre na sre\u0107u, od slot ma\u0161ina do penzionerskih lutrija, i svaki dan se izvode razli\u010dita izvla\u010denja. Me\u0111utim, jedan od najpopularnijih je Thunderball. Ova uzbudljiva lutrija je specifi\u010dna jer iako nema d\u017eekpotove u milionima, i dalje je jedna od najomiljenijih. Zapravo, ako osvojite glavnu nagradu, ne\u0107ete postati milioner, ali [&hellip;]<\/p>\n","protected":false},"author":7,"featured_media":0,"parent":73606,"menu_order":12,"comment_status":"closed","ping_status":"closed","template":"thunderball-info.php","meta":{"_et_pb_use_builder":"","_et_pb_old_content":"","_et_gb_content_width":"","exclude_from_search":false,"footnotes":""},"class_list":["post-73902","page","type-page","status-publish","hentry"],"yoast_head":"<!-- This site is optimized with the Yoast SEO plugin v23.3 - https:\/\/yoast.com\/wordpress\/plugins\/seo\/ -->\n<title>Kupite Thunderball kartu online izvan Ujedinjenog Kraljevstva | Thunderball Lutrija Online<\/title>\n<meta name=\"description\" content=\"Kupite Thunderball kartu izvan UK, tako \u0161to \u0107ete je kupiti online ovde! Dobijte skeniranu Thunderball kartu putem na\u0161e legalne usluge.\" \/>\n<meta name=\"robots\" content=\"index, follow, max-snippet:-1, max-image-preview:large, max-video-preview:-1\" \/>\n<link rel=\"canonical\" href=\"https:\/\/jackpotlotteryonline.com\/sr\/kako-kupiti-tiket-za-lutriju-online\/kupovina-thunderball-loterija-karti\/\" \/>\n<meta property=\"og:locale\" content=\"sr_RS\" \/>\n<meta property=\"og:type\" content=\"article\" \/>\n<meta property=\"og:title\" content=\"Kupite Thunderball kartu online izvan Ujedinjenog Kraljevstva | Thunderball Lutrija Online\" \/>\n<meta property=\"og:description\" content=\"Kupite Thunderball kartu izvan UK, tako \u0161to \u0107ete je kupiti online ovde! Dobijte skeniranu Thunderball kartu putem na\u0161e legalne usluge.\" \/>\n<meta property=\"og:url\" content=\"https:\/\/jackpotlotteryonline.com\/sr\/kako-kupiti-tiket-za-lutriju-online\/kupovina-thunderball-loterija-karti\/\" \/>\n<meta property=\"og:site_name\" content=\"Lotto Online - Crack The International Lottery Jackpots\" \/>\n<meta property=\"og:image\" content=\"http:\/\/jackpotlotteryonline.com\/wp-content\/uploads\/2022\/11\/1_you_win_jackpot-300x300.jpg\" \/>\n<meta name=\"twitter:card\" content=\"summary_large_image\" \/>\n<!-- \/ Yoast SEO plugin. -->","yoast_head_json":{"title":"Kupite Thunderball kartu online izvan Ujedinjenog Kraljevstva | Thunderball Lutrija Online","description":"Kupite Thunderball kartu izvan UK, tako \u0161to \u0107ete je kupiti online ovde! Dobijte skeniranu Thunderball kartu putem na\u0161e legalne usluge.","robots":{"index":"index","follow":"follow","max-snippet":"max-snippet:-1","max-image-preview":"max-image-preview:large","max-video-preview":"max-video-preview:-1"},"canonical":"https:\/\/jackpotlotteryonline.com\/sr\/kako-kupiti-tiket-za-lutriju-online\/kupovina-thunderball-loterija-karti\/","og_locale":"sr_RS","og_type":"article","og_title":"Kupite Thunderball kartu online izvan Ujedinjenog Kraljevstva | Thunderball Lutrija Online","og_description":"Kupite Thunderball kartu izvan UK, tako \u0161to \u0107ete je kupiti online ovde! Dobijte skeniranu Thunderball kartu putem na\u0161e legalne usluge.","og_url":"https:\/\/jackpotlotteryonline.com\/sr\/kako-kupiti-tiket-za-lutriju-online\/kupovina-thunderball-loterija-karti\/","og_site_name":"Lotto Online - Crack The International Lottery Jackpots","og_image":[{"url":"http:\/\/jackpotlotteryonline.com\/wp-content\/uploads\/2022\/11\/1_you_win_jackpot-300x300.jpg"}],"twitter_card":"summary_large_image","schema":{"@context":"https:\/\/schema.org","@graph":[{"@type":"WebPage","@id":"https:\/\/jackpotlotteryonline.com\/sr\/kako-kupiti-tiket-za-lutriju-online\/kupovina-thunderball-loterija-karti\/","url":"https:\/\/jackpotlotteryonline.com\/sr\/kako-kupiti-tiket-za-lutriju-online\/kupovina-thunderball-loterija-karti\/","name":"Kupite Thunderball kartu online izvan Ujedinjenog Kraljevstva | Thunderball Lutrija Online","isPartOf":{"@id":"https:\/\/jackpotlotteryonline.com\/#website"},"primaryImageOfPage":{"@id":"https:\/\/jackpotlotteryonline.com\/sr\/kako-kupiti-tiket-za-lutriju-online\/kupovina-thunderball-loterija-karti\/#primaryimage"},"image":{"@id":"https:\/\/jackpotlotteryonline.com\/sr\/kako-kupiti-tiket-za-lutriju-online\/kupovina-thunderball-loterija-karti\/#primaryimage"},"thumbnailUrl":"http:\/\/jackpotlotteryonline.com\/wp-content\/uploads\/2022\/11\/1_you_win_jackpot-300x300.jpg","datePublished":"2025-02-05T08:56:24+00:00","dateModified":"2025-02-05T08:56:24+00:00","description":"Kupite Thunderball kartu izvan UK, tako \u0161to \u0107ete je kupiti online ovde! Dobijte skeniranu Thunderball kartu putem na\u0161e legalne usluge.","breadcrumb":{"@id":"https:\/\/jackpotlotteryonline.com\/sr\/kako-kupiti-tiket-za-lutriju-online\/kupovina-thunderball-loterija-karti\/#breadcrumb"},"inLanguage":"sr-RS","potentialAction":[{"@type":"ReadAction","target":["https:\/\/jackpotlotteryonline.com\/sr\/kako-kupiti-tiket-za-lutriju-online\/kupovina-thunderball-loterija-karti\/"]}]},{"@type":"ImageObject","inLanguage":"sr-RS","@id":"https:\/\/jackpotlotteryonline.com\/sr\/kako-kupiti-tiket-za-lutriju-online\/kupovina-thunderball-loterija-karti\/#primaryimage","url":"http:\/\/jackpotlotteryonline.com\/wp-content\/uploads\/2022\/11\/1_you_win_jackpot-300x300.jpg","contentUrl":"http:\/\/jackpotlotteryonline.com\/wp-content\/uploads\/2022\/11\/1_you_win_jackpot-300x300.jpg"},{"@type":"BreadcrumbList","@id":"https:\/\/jackpotlotteryonline.com\/sr\/kako-kupiti-tiket-za-lutriju-online\/kupovina-thunderball-loterija-karti\/#breadcrumb","itemListElement":[{"@type":"ListItem","position":1,"name":"Home","item":"https:\/\/jackpotlotteryonline.com\/sr\/"},{"@type":"ListItem","position":2,"name":"Kako kupiti tiket za lutriju online","item":"https:\/\/jackpotlotteryonline.com\/sr\/kako-kupiti-tiket-za-lutriju-online\/"},{"@type":"ListItem","position":3,"name":"Kupovina Thunderball Loterija Karti"}]},{"@type":"WebSite","@id":"https:\/\/jackpotlotteryonline.com\/#website","url":"https:\/\/jackpotlotteryonline.com\/","name":"Lotto Online - Crack The International Lottery Jackpots","description":"","potentialAction":[{"@type":"SearchAction","target":{"@type":"EntryPoint","urlTemplate":"https:\/\/jackpotlotteryonline.com\/?s={search_term_string}"},"query-input":"required name=search_term_string"}],"inLanguage":"sr-RS"}]}},"_links":{"self":[{"href":"https:\/\/jackpotlotteryonline.com\/sr\/wp-json\/wp\/v2\/pages\/73902","targetHints":{"allow":["GET"]}}],"collection":[{"href":"https:\/\/jackpotlotteryonline.com\/sr\/wp-json\/wp\/v2\/pages"}],"about":[{"href":"https:\/\/jackpotlotteryonline.com\/sr\/wp-json\/wp\/v2\/types\/page"}],"author":[{"embeddable":true,"href":"https:\/\/jackpotlotteryonline.com\/sr\/wp-json\/wp\/v2\/users\/7"}],"replies":[{"embeddable":true,"href":"https:\/\/jackpotlotteryonline.com\/sr\/wp-json\/wp\/v2\/comments?post=73902"}],"version-history":[{"count":0,"href":"https:\/\/jackpotlotteryonline.com\/sr\/wp-json\/wp\/v2\/pages\/73902\/revisions"}],"up":[{"embeddable":true,"href":"https:\/\/jackpotlotteryonline.com\/sr\/wp-json\/wp\/v2\/pages\/73606"}],"wp:attachment":[{"href":"https:\/\/jackpotlotteryonline.com\/sr\/wp-json\/wp\/v2\/media?parent=73902"}],"curies":[{"name":"wp","href":"https:\/\/api.w.org\/{rel}","templated":true}]}}