{"id":73926,"date":"2025-02-05T09:39:38","date_gmt":"2025-02-05T09:39:38","guid":{"rendered":"https:\/\/jackpotlotteryonline.com\/?page_id=73926"},"modified":"2025-02-05T09:39:38","modified_gmt":"2025-02-05T09:39:38","slug":"new-york-lotto-bilet","status":"publish","type":"page","link":"https:\/\/jackpotlotteryonline.com\/sr\/kako-kupiti-tiket-za-lutriju-online\/new-york-lotto-bilet\/","title":{"rendered":"New York Lotto Bilet"},"content":{"rendered":"<p>Ako tra\u017eite lutriju sa bogatom istorijom, New York Lotto je odli\u010dan izbor. Ova lutrija, koja ima bogatu istoriju, tako\u0111e je ustanovljena u dobrotvorne svrhe. <a href=\"https:\/\/jackpotlotteryonline.com\/play-online\/new-york-lotto\">Igranje lutrije<\/a> je zabavan na\u010din da dodate uzbu\u0111enje svom \u017eivotu, ali sa \u0161ansama za osvajanje velikih nagrada.<\/p>\n<p>Ako \u017eivite van Sjedinjenih Ameri\u010dkih Dr\u017eava i \u017eelite da kupite bilet za ovu lutriju, mo\u017eete to u\u010diniti putem sajta jackpotlotteryonline.com. Obezbe\u0111ujemo pristup najpoznatijim internacionalnim lutrijama, bez obzira na to gde se nalazite.<\/p>\n<h2>Kratka Istorija New York Lotto<\/h2>\n<p> Ovu lutriju vodi dr\u017eava Njujork, a osnovana je 1967. godine kako bi pomogla u finansiranju obrazovanja u dr\u017eavi. Gra\u0111ani dr\u017eave glasali su putem referenduma da se izmeni ustav dr\u017eave i dozvoli organizovanje lutrije. Zanimljivo je da je prvobitni slogan lutrije bio &#8220;\u0160ansa za \u017eivot koja poma\u017ee obrazovanju.&#8221;<br \/>\nDakle, ako tra\u017eite zabavan na\u010din da igrate lutriju, ovo je odli\u010dan izbor. Ne samo da mo\u017eete osvojiti velike nagrade, ve\u0107 pritom radite ne\u0161to dobro.<\/p>\n<p>Me\u0111utim, ova lutrija je prethodno bila povezana sa nekoliko skandala. Tokom 1975\u20131976. godine, zbog nepravilnosti u odabiru dobitnika, prodaja karata je bila obustavljena, a tokom 1980-ih, nekoliko dr\u017eavnih slu\u017ebenika je uhva\u0107eno u manipulisanje rezultatima za prijatelje i porodicu. Ipak, ove probleme smo ostavili iza sebe, i danas je New York Lotto jedna od najpoznatijih i najsigurnijih lutrija u zemlji.<\/p>\n<h2>Kako Kupiti Bilet za New York Lotto Izvan Sjedinjenih Dr\u017eava<\/h2>\n<p> <img loading=\"lazy\" decoding=\"async\" class=\"alignright size-full wp-image-26402\" src=\"http:\/\/jackpotlotteryonline.com\/wp-content\/uploads\/2022\/11\/1_buy_online_ticket_powerball.jpg\" alt=\"buy New York Lottery tickets\" width=\"300\" height=\"194\" \/>Ako \u017eivite izvan Sjedinjenih Dr\u017eava, jedini zakoniti na\u010din za kupovinu karata za ovu lutriju je putem online servisa za lutrije kao \u0161to je jackpotlotteryonline.com.<br \/>\nDa biste kupili bilet, posetite sajt, odaberite lutriju u kojoj \u017eelite da u\u010destvujete, a zatim izaberite \u0161est brojeva izme\u0111u 1 i 59. Mo\u017eete kupiti vi\u0161e redova da biste pove\u0107ali svoje \u0161anse za pobedu. Nakon \u0161to izaberete brojeve, u\u010destvova\u0107ete u izvla\u010denju i izvr\u0161i\u0107ete uplatu.<\/p>\n<p>Igranje online lutrija je legalno i sigurno. Omogu\u0107ava igra\u010dima \u0161irom sveta da u\u010destvuju u najpoznatijim lutrijama. Sada mo\u017eete kladiti se bez geografskih ograni\u010denja.<\/p>\n<h2>Bonus Broj<\/h2>\n<p> Da, postoji bonus broj koji je sedmi broj u izvla\u010denju. Bonus broj se ne koristi za odre\u0111ivanje glavne nagrade, ve\u0107 za odre\u0111ivanje drugih nagrada. Da biste osvojili druge nagrade, va\u0161ih \u0161est odabranih brojeva mora da se poklopi sa izvu\u010denim brojevima i bonus brojem. <\/p>\n<section class=\"layout\" style=\"border: solid 1px; width: 100%;\">\n<div class=\"img-div\" style=\"margin-top: 5px;\"><img decoding=\"async\" class=\"wp-image-17212 alignleft\" style=\"height: 45px; margin: 8px 8px 0px;\" src=\"http:\/\/jackpotlotteryonline.com\/wp-content\/uploads\/2022\/11\/read1.jpg\" alt=\"read\" width=\"\" height=\"\" \/><\/div>\n<div style=\"padding-left: 5px;\">\n<div style=\"font-size: 1.1em;\">\n<strong>Lutrijski Saveti<\/strong><\/p>\n<p style=\"font-size: 0.85em; margin-top: -1.5em;\">Saveti koji vam mogu pomo\u0107i da pobedite na lutriji &#8211; <a href=\"https:\/\/jackpotlotteryonline.com\/tips-that-help-you-win-at-the-lottery\">Saznajte vi\u0161e<\/a><\/p>\n<\/p><\/div>\n<\/p><\/div>\n<\/section>\n<h2>Kategorije Nagrada<\/h2>\n<p> Ukupne \u0161anse za dobitak na nekoj nagradi su 1 u 92.05. Distribucija nagrada zavisi od prodaje karata. 40% od ukupne prodaje karata ide na nagrade. Glavna nagrada nije fiksna i zavisi od toga koliko se karata proda. Kategorije nagrada su slede\u0107e:<br \/>\nKategorija 1: 6 brojeva &#8211; Glavna nagrada (30%)<br \/>\nKategorija 2: 5 brojeva + bonus broj &#8211; 2.9% od prodaje karata<br \/>\nKategorija 3: 5 brojeva &#8211; 2.2% od prodaje karata<br \/>\nKategorija 4: 4 broja &#8211; 2.5% od prodaje karata<br \/>\nKategorija 5: 3 broja &#8211; 2.4% od prodaje karata<\/p>\n<h2>Vreme Izvla\u010denja New York Lotto<\/h2>\n<p> <a href=\"https:\/\/jackpotlotteryonline.com\/winning-numbers\/new-york-lottery\">New York Lotto<\/a> (ponekad nazvana NY Lotto) izvodi se dva puta nedeljno, u sredu i subotu. To zna\u010di da mo\u017eete u\u010destvovati u vi\u0161e izvla\u010denja tokom vremena.<br \/>\nDa biste proverili da li ste pobedili, mo\u017eete gledati izvla\u010denje na televiziji ili proveriti rezultate putem vesti. Ako nemate vremena, najlak\u0161i na\u010din je da se prijavite na na\u0161 sajt i bi\u0107ete odmah obave\u0161teni ako ste pobedili.<\/p>\n<h2>Za\u0161to Igrati New York Lotto?<\/h2>\n<p> Iako mo\u017eda mislite da prodaja karata nije dovoljno velika da biste osvojili velike nagrade, treba da znate da je interesovanje za ovu lutriju uvek visoko, \u0161to zna\u010di da prodaja karata bude uvek dobra. Njene velike nagrade mo\u017eda nisu toliko velike kao u drugim me\u0111unarodnim lutrijama, ali mo\u017eete osvojiti i do 10 miliona dolara.<br \/>\n\u0160anse za dobitak na nagradama tako\u0111e su mnogo povoljnije nego u velikim me\u0111unarodnim lutrijama. Neki to mogu videti kao igru sa ni\u017eim rizikom, ali velike \u0161anse za dobitak \u010dine ovu lutriju vrlo privla\u010dnom.<\/p>\n<h2>Prijavite se i u\u017eivajte u sigurnom iskustvu<\/h2>\n<p> <img loading=\"lazy\" decoding=\"async\" class=\"size-full wp-image-35321 alignright\" src=\"http:\/\/jackpotlotteryonline.com\/wp-content\/uploads\/2022\/11\/2_ticket_superenalotto-1.jpg\" alt=\"Play the New York Lotto\" width=\"228\" height=\"300\" \/>Prijavljivanjem na na\u0161 sajt, igra u New York Lotto postaje jednostavna. Mo\u017eete dobiti pristup mnogim me\u0111unarodnim lutrijama i postaviti svoje opklade na najpoznatijim lutrijama. Izaberite brojeve, u\u010destvujte i, ako \u017eelite, kupite vi\u0161e karata kako biste pove\u0107ali svoje \u0161anse. <\/p>\n<h2>Kako da Znam Da Sam Igrao U Lutriji?<\/h2>\n<p> Ovo je va\u017eno pitanje, jer neki servisi prodaju lutrijske karte, ali vam ne omogu\u0107avaju direktan pristup stvarnoj lutriji. Mi to ne radimo.<br \/>\nNa\u0161a usluga vam omogu\u0107ava direktan pristup lutrijama u kojima \u017eelite da u\u010destvujete. Va\u0161a karta je kupljena od strane na\u0161ih predstavnika sa va\u0161im izabranim brojevima, \u0161to zna\u010di da, ako va\u0161i brojevi odgovaraju izvu\u010denim brojevima, vi ste pobednik.<\/p>\n<h2>Igrajte New York Lotto Danas<\/h2>\n<p> Ne gubite vi\u0161e vreme, kupite svoju kartu danas. Mo\u017eda je ovo po\u010detak avanture koja \u0107e promeniti va\u0161 \u017eivot. Posetite sajt jackpotlotteryonline.com i po\u010dnite da igrate, bez obzira na to gde se nalazite.<\/p>\n","protected":false},"excerpt":{"rendered":"<p>Ako tra\u017eite lutriju sa bogatom istorijom, New York Lotto je odli\u010dan izbor. Ova lutrija, koja ima bogatu istoriju, tako\u0111e je ustanovljena u dobrotvorne svrhe. Igranje lutrije je zabavan na\u010din da dodate uzbu\u0111enje svom \u017eivotu, ali sa \u0161ansama za osvajanje velikih nagrada. Ako \u017eivite van Sjedinjenih Ameri\u010dkih Dr\u017eava i \u017eelite da kupite bilet za ovu lutriju, [&hellip;]<\/p>\n","protected":false},"author":7,"featured_media":0,"parent":73606,"menu_order":14,"comment_status":"closed","ping_status":"closed","template":"newyork-info.php","meta":{"_et_pb_use_builder":"","_et_pb_old_content":"","_et_gb_content_width":"","exclude_from_search":false,"footnotes":""},"class_list":["post-73926","page","type-page","status-publish","hentry"],"yoast_head":"<!-- This site is optimized with the Yoast SEO plugin v23.3 - https:\/\/yoast.com\/wordpress\/plugins\/seo\/ -->\n<title>Kupite tikete za New York Lottery izvan SAD-a | New York Lottery online<\/title>\n<meta name=\"description\" content=\"\u017delite da kupite tiket za New York Lottery, ali \u017eivite izvan SAD-a? Kupite svoje loto tikete online ovde!\" \/>\n<meta name=\"robots\" content=\"index, follow, max-snippet:-1, max-image-preview:large, max-video-preview:-1\" \/>\n<link rel=\"canonical\" href=\"https:\/\/jackpotlotteryonline.com\/sr\/kako-kupiti-tiket-za-lutriju-online\/new-york-lotto-bilet\/\" \/>\n<meta property=\"og:locale\" content=\"sr_RS\" \/>\n<meta property=\"og:type\" content=\"article\" \/>\n<meta property=\"og:title\" content=\"Kupite tikete za New York Lottery izvan SAD-a | New York Lottery online\" \/>\n<meta property=\"og:description\" content=\"\u017delite da kupite tiket za New York Lottery, ali \u017eivite izvan SAD-a? Kupite svoje loto tikete online ovde!\" \/>\n<meta property=\"og:url\" content=\"https:\/\/jackpotlotteryonline.com\/sr\/kako-kupiti-tiket-za-lutriju-online\/new-york-lotto-bilet\/\" \/>\n<meta property=\"og:site_name\" content=\"Lotto Online - Crack The International Lottery Jackpots\" \/>\n<meta property=\"og:image\" content=\"http:\/\/jackpotlotteryonline.com\/wp-content\/uploads\/2022\/11\/1_buy_online_ticket_powerball.jpg\" \/>\n<meta name=\"twitter:card\" content=\"summary_large_image\" \/>\n<!-- \/ Yoast SEO plugin. -->","yoast_head_json":{"title":"Kupite tikete za New York Lottery izvan SAD-a | New York Lottery online","description":"\u017delite da kupite tiket za New York Lottery, ali \u017eivite izvan SAD-a? Kupite svoje loto tikete online ovde!","robots":{"index":"index","follow":"follow","max-snippet":"max-snippet:-1","max-image-preview":"max-image-preview:large","max-video-preview":"max-video-preview:-1"},"canonical":"https:\/\/jackpotlotteryonline.com\/sr\/kako-kupiti-tiket-za-lutriju-online\/new-york-lotto-bilet\/","og_locale":"sr_RS","og_type":"article","og_title":"Kupite tikete za New York Lottery izvan SAD-a | New York Lottery online","og_description":"\u017delite da kupite tiket za New York Lottery, ali \u017eivite izvan SAD-a? Kupite svoje loto tikete online ovde!","og_url":"https:\/\/jackpotlotteryonline.com\/sr\/kako-kupiti-tiket-za-lutriju-online\/new-york-lotto-bilet\/","og_site_name":"Lotto Online - Crack The International Lottery Jackpots","og_image":[{"url":"http:\/\/jackpotlotteryonline.com\/wp-content\/uploads\/2022\/11\/1_buy_online_ticket_powerball.jpg"}],"twitter_card":"summary_large_image","schema":{"@context":"https:\/\/schema.org","@graph":[{"@type":"WebPage","@id":"https:\/\/jackpotlotteryonline.com\/sr\/kako-kupiti-tiket-za-lutriju-online\/new-york-lotto-bilet\/","url":"https:\/\/jackpotlotteryonline.com\/sr\/kako-kupiti-tiket-za-lutriju-online\/new-york-lotto-bilet\/","name":"Kupite tikete za New York Lottery izvan SAD-a | New York Lottery online","isPartOf":{"@id":"https:\/\/jackpotlotteryonline.com\/#website"},"primaryImageOfPage":{"@id":"https:\/\/jackpotlotteryonline.com\/sr\/kako-kupiti-tiket-za-lutriju-online\/new-york-lotto-bilet\/#primaryimage"},"image":{"@id":"https:\/\/jackpotlotteryonline.com\/sr\/kako-kupiti-tiket-za-lutriju-online\/new-york-lotto-bilet\/#primaryimage"},"thumbnailUrl":"http:\/\/jackpotlotteryonline.com\/wp-content\/uploads\/2022\/11\/1_buy_online_ticket_powerball.jpg","datePublished":"2025-02-05T09:39:38+00:00","dateModified":"2025-02-05T09:39:38+00:00","description":"\u017delite da kupite tiket za New York Lottery, ali \u017eivite izvan SAD-a? Kupite svoje loto tikete online ovde!","breadcrumb":{"@id":"https:\/\/jackpotlotteryonline.com\/sr\/kako-kupiti-tiket-za-lutriju-online\/new-york-lotto-bilet\/#breadcrumb"},"inLanguage":"sr-RS","potentialAction":[{"@type":"ReadAction","target":["https:\/\/jackpotlotteryonline.com\/sr\/kako-kupiti-tiket-za-lutriju-online\/new-york-lotto-bilet\/"]}]},{"@type":"ImageObject","inLanguage":"sr-RS","@id":"https:\/\/jackpotlotteryonline.com\/sr\/kako-kupiti-tiket-za-lutriju-online\/new-york-lotto-bilet\/#primaryimage","url":"http:\/\/jackpotlotteryonline.com\/wp-content\/uploads\/2022\/11\/1_buy_online_ticket_powerball.jpg","contentUrl":"http:\/\/jackpotlotteryonline.com\/wp-content\/uploads\/2022\/11\/1_buy_online_ticket_powerball.jpg"},{"@type":"BreadcrumbList","@id":"https:\/\/jackpotlotteryonline.com\/sr\/kako-kupiti-tiket-za-lutriju-online\/new-york-lotto-bilet\/#breadcrumb","itemListElement":[{"@type":"ListItem","position":1,"name":"Home","item":"https:\/\/jackpotlotteryonline.com\/sr\/"},{"@type":"ListItem","position":2,"name":"Kako kupiti tiket za lutriju online","item":"https:\/\/jackpotlotteryonline.com\/sr\/kako-kupiti-tiket-za-lutriju-online\/"},{"@type":"ListItem","position":3,"name":"New York Lotto Bilet"}]},{"@type":"WebSite","@id":"https:\/\/jackpotlotteryonline.com\/#website","url":"https:\/\/jackpotlotteryonline.com\/","name":"Lotto Online - Crack The International Lottery Jackpots","description":"","potentialAction":[{"@type":"SearchAction","target":{"@type":"EntryPoint","urlTemplate":"https:\/\/jackpotlotteryonline.com\/?s={search_term_string}"},"query-input":"required name=search_term_string"}],"inLanguage":"sr-RS"}]}},"_links":{"self":[{"href":"https:\/\/jackpotlotteryonline.com\/sr\/wp-json\/wp\/v2\/pages\/73926","targetHints":{"allow":["GET"]}}],"collection":[{"href":"https:\/\/jackpotlotteryonline.com\/sr\/wp-json\/wp\/v2\/pages"}],"about":[{"href":"https:\/\/jackpotlotteryonline.com\/sr\/wp-json\/wp\/v2\/types\/page"}],"author":[{"embeddable":true,"href":"https:\/\/jackpotlotteryonline.com\/sr\/wp-json\/wp\/v2\/users\/7"}],"replies":[{"embeddable":true,"href":"https:\/\/jackpotlotteryonline.com\/sr\/wp-json\/wp\/v2\/comments?post=73926"}],"version-history":[{"count":0,"href":"https:\/\/jackpotlotteryonline.com\/sr\/wp-json\/wp\/v2\/pages\/73926\/revisions"}],"up":[{"embeddable":true,"href":"https:\/\/jackpotlotteryonline.com\/sr\/wp-json\/wp\/v2\/pages\/73606"}],"wp:attachment":[{"href":"https:\/\/jackpotlotteryonline.com\/sr\/wp-json\/wp\/v2\/media?parent=73926"}],"curies":[{"name":"wp","href":"https:\/\/api.w.org\/{rel}","templated":true}]}}