{"id":73955,"date":"2025-02-05T10:43:40","date_gmt":"2025-02-05T10:43:40","guid":{"rendered":"https:\/\/jackpotlotteryonline.com\/?page_id=73955"},"modified":"2025-02-05T10:43:40","modified_gmt":"2025-02-05T10:43:40","slug":"kupite-lotto-america-tikete-online","status":"publish","type":"page","link":"https:\/\/jackpotlotteryonline.com\/sr\/kako-kupiti-tiket-za-lutriju-online\/kupite-lotto-america-tikete-online\/","title":{"rendered":"Kupite Lotto America tikete online*"},"content":{"rendered":"<p>**  <\/p>\n<p>U martu 2018. godine, jedna porodica osvojila je d\u017eekpot na lutriji Lotto America u iznosu od 23 miliona dolara. To je najve\u0107a nagrada koju je do sada osvojio jedan igra\u010d, \u0161to je privuklo dodatnu pa\u017enju na ovu lutriju. Lutrija je osnovana 1988. godine od strane sedam ameri\u010dkih dr\u017eava, a kasnije su se pridru\u017eile i druge dr\u017eave. Tokom godina, Lotto America je stvorila mnoge milionere.  <\/p>\n<p>Mo\u017eete kupiti tikete za ovu lutriju u bilo kojoj od dr\u017eava koje u\u010destvuju. Zanimljivo je da ovo nije jedina lutrija u Sjedinjenim Ameri\u010dkim Dr\u017eavama, ali konstantno privla\u010di igra\u010de iz svih krajeva. Ako ste igra\u010d izvan Severne Amerike, mo\u017eda se pitate kako mo\u017eete kupiti tikete za ovu lutriju.  <\/p>\n<p>Mi \u0107emo vas provesti kroz <a href=\"https:\/\/jackpotlotteryonline.com\/play-online\/lotto-america\">proces igranja ove lutrije izvan SAD-a<\/a>. Tako\u0111e \u0107emo se potruditi da odgovorimo na sva va\u0161a pitanja u vezi sa Lotto America i na\u010dinom u\u010destvovanja.  <\/p>\n<p>&#8212;<\/p>\n<h2>Kako funkcioni\u0161e lutrija?<\/h2>\n<p><img loading=\"lazy\" decoding=\"async\" class=\"size-full wp-image-29993 alignright\" src=\"https:\/\/jackpotlotteryonline.com\/wp-content\/uploads\/2022\/11\/1_win_lottery_usa_online.jpg\" alt=\"osvojite veliki dobitak sa Lotto America\" width=\"300\" height=\"200\" \/>  <\/p>\n<p>Kao i ve\u0107ina lutrijskih igara, i ova je igra brojeva na vi\u0161e na\u010dina. \u0160anse za dobitak nisu velike, ali u lutriji nikada ne znate kada \u0107e vam sre\u0107a biti naklonjena.  <\/p>\n<p>Za ovu ameri\u010dku lutriju, igra\u010di moraju izabrati pet glavnih brojeva izme\u0111u 1 i 52. Pored toga, potrebno je izabrati i jedan Star Ball broj izme\u0111u 1 i 10. Ukupno se bira \u0161est brojeva.  <\/p>\n<p>Ako niste sigurni koje brojeve da izaberete, mo\u017eete koristiti opciju automatskog izbora kako biste ubrzali proces. Tako\u0111e, mo\u017eete izabrati vi\u0161e kombinacija brojeva kako biste pove\u0107ali svoje \u0161anse za dobitak.  <\/p>\n<p>Nakon toga, birate koliko izvla\u010denja \u017eelite da u\u010destvujete. Ova ameri\u010dka lutrija se izvla\u010di tri puta nedeljno \u2013 ponedeljkom, sredom i subotom. Mo\u017eete se prijaviti za vi\u0161e izvla\u010denja odjednom.  <\/p>\n<p>&#8212;<\/p>\n<h2>Igranje All-Star Bonusa<\/h2>\n<p>All-Star Bonus je opcija koja vam omogu\u0107ava da umno\u017eite svoje dobitke. Kada birate brojeve, mo\u017eete uklju\u010diti All-Star Bonus uz dodatnu naknadu. Ovo je posebno korisno za one koji osvoje nagrade u ni\u017eim kategorijama, jer mo\u017ee zna\u010dajno pove\u0107ati iznos koji dobiju.  <\/p>\n<p>All-Star Bonus se nasumi\u010dno odre\u0111uje i objavljuje na <a href=\"https:\/\/jackpotlotteryonline.com\/winning-numbers\/lotto-america\">dan izvla\u010denja<\/a>. Imajte na umu da ovu opciju morate dodati prilikom kupovine tiketa \u2013 ne mo\u017eete je dodati naknadno.  <\/p>\n<p>&#8212;<\/p>\n<h2>Osvajanje d\u017eekpota<\/h2>\n<p>D\u017eekpot po\u010dinje od 2 miliona dolara. Ako nema dobitnika, nagrada prelazi u slede\u0107e izvla\u010denje i pove\u0107ava se sve dok ne dostigne 10 miliona dolara. Kao \u0161to smo ve\u0107 pomenuli, nagrada mo\u017ee pre\u0107i i ovaj iznos.  <\/p>\n<p>Va\u017eno je napomenuti da d\u017eekpot nije jedina nagrada koju mo\u017eete osvojiti u ovoj lutriji. Postoji jo\u0161 osam nivoa nagrada, uklju\u010duju\u0107i nagradu za samo poga\u0111anje Star Ball broja. Kada se ova nagrada kombinuje sa All-Star Bonusom, igra\u010d mo\u017ee osvojiti znatno ve\u0107i iznos.  <\/p>\n<p>&#8212;<\/p>\n<section class=\"layout\" style=\"border: solid 1px; width: 100%;\">\n<div class=\"img-div\" style=\"margin-top: 5px;\"><img decoding=\"async\" class=\"wp-image-17212 alignleft\" style=\"height: 45px; margin: 8px 8px 0px;\" src=\"https:\/\/jackpotlotteryonline.com\/wp-content\/uploads\/2022\/11\/read1.jpg\" alt=\"pro\u010ditajte vi\u0161e\" width=\"\" height=\"\" \/><\/div>\n<div style=\"padding-left: 5px;\">\n<div style=\"font-size: 1.1em;\">\n<p><strong>Neki dobitnici lutrije su pomogli zajednici<\/strong>  <\/p>\n<p style=\"font-size: 0.85em; margin-top: -1.5em;\">Zanimljive i inspirativne pri\u010de o dobitnicima lutrije koji su odlu\u010dili da vrate zajednici. <a href=\"https:\/\/jackpotlotteryonline.com\/stories-about-lottery-winners-giving-back\">Pro\u010ditajte vi\u0161e<\/a><\/p>\n<\/div>\n<\/div>\n<\/section>\n<p>&#8212;<\/p>\n<h2>Kada osvojite nagradu<\/h2>\n<p>Prema zvani\u010dnim pravilima Lotto America, svoju nagradu mo\u017eete preuzeti samo u dr\u017eavi u kojoj ste kupili tiket. Dakle, ako ste kupili tiket u Mejnu, morate oti\u0107i u tu dr\u017eavu da biste preuzeli nagradu. Me\u0111utim, ako \u017eivite izvan Sjedinjenih Ameri\u010dkih Dr\u017eava, situacija je ne\u0161to druga\u010dija.  <\/p>\n<p>&#8212;<\/p>\n<h2>Kako kupiti Lotto America tikete izvan SAD-a?<\/h2>\n<p><img loading=\"lazy\" decoding=\"async\" class=\"alignright size-medium wp-image-34079\" src=\"https:\/\/jackpotlotteryonline.com\/wp-content\/uploads\/2022\/11\/2_ticket_mon_wed_lotto_au-176x300.jpg\" alt=\"kupite Lotto America tikete\" width=\"176\" height=\"300\" srcset=\"https:\/\/jackpotlotteryonline.com\/wp-content\/uploads\/2022\/11\/2_ticket_mon_wed_lotto_au-176x300.jpg 176w, https:\/\/jackpotlotteryonline.com\/wp-content\/uploads\/2022\/11\/2_ticket_mon_wed_lotto_au.jpg 250w\" sizes=\"auto, (max-width: 176px) 100vw, 176px\" \/>  <\/p>\n<p>Postoje samo dva na\u010dina da u\u010destvujete u ovoj lutriji. Prvi na\u010din je kupovina tiketa od ovla\u0161\u0107enog prodavca u nekoj od dr\u017eava gde se tiketi prodaju. Drugi na\u010din je igranje putem interneta.  <\/p>\n<p>Sve vi\u0161e igra\u010da \u0161irom sveta u\u010destvuje u me\u0111unarodnim lutrijama putem interneta. Postoje lutrijski sajtovi koji omogu\u0107avaju legalan pristup lutrijama iz razli\u010ditih zemalja. Pre nego \u0161to koristite neki od ovih sajtova, va\u017eno je da proverite da li je to concierge servis. To \u0107e vam osigurati da zaista u\u010destvujete u izvla\u010denju, umesto da samo ula\u017eete opkladu na rezultat lutrije.  <\/p>\n<p>Kada kupite svoj lutrijski tiket preko nas, dobijate direktan pristup lutriji po va\u0161em izboru. Vodimo concierge servis sa agentima \u0161irom sveta. Nakon \u0161to kupite tiket online, na\u0161i agenti u toj zemlji \u0107e preuzeti fizi\u010dki tiket sa istim brojevima. Bez obzira na to gde se nalazite, mo\u017eete biti sigurni da imate \u0161ansu da osvojite velike nagrade!<\/p>\n","protected":false},"excerpt":{"rendered":"<p>** U martu 2018. godine, jedna porodica osvojila je d\u017eekpot na lutriji Lotto America u iznosu od 23 miliona dolara. To je najve\u0107a nagrada koju je do sada osvojio jedan igra\u010d, \u0161to je privuklo dodatnu pa\u017enju na ovu lutriju. Lutrija je osnovana 1988. godine od strane sedam ameri\u010dkih dr\u017eava, a kasnije su se pridru\u017eile i [&hellip;]<\/p>\n","protected":false},"author":7,"featured_media":0,"parent":73606,"menu_order":13,"comment_status":"closed","ping_status":"closed","template":"lotto-america-info.php","meta":{"_et_pb_use_builder":"","_et_pb_old_content":"","_et_gb_content_width":"","exclude_from_search":false,"footnotes":""},"class_list":["post-73955","page","type-page","status-publish","hentry"],"yoast_head":"<!-- This site is optimized with the Yoast SEO plugin v23.3 - https:\/\/yoast.com\/wordpress\/plugins\/seo\/ -->\n<title>Kupite Lotto America tikete izvan SAD-a | Nabavite Lotto America tikete online<\/title>\n<meta name=\"description\" content=\"Lotto America se mo\u017ee igrati izvan SAD-a \u2013 jednostavno kupite svoj tiket putem na\u0161e online usluge za tikete\" \/>\n<meta name=\"robots\" content=\"index, follow, max-snippet:-1, max-image-preview:large, max-video-preview:-1\" \/>\n<link rel=\"canonical\" href=\"https:\/\/jackpotlotteryonline.com\/sr\/kako-kupiti-tiket-za-lutriju-online\/kupite-lotto-america-tikete-online\/\" \/>\n<meta property=\"og:locale\" content=\"sr_RS\" \/>\n<meta property=\"og:type\" content=\"article\" \/>\n<meta property=\"og:title\" content=\"Kupite Lotto America tikete izvan SAD-a | Nabavite Lotto America tikete online\" \/>\n<meta property=\"og:description\" content=\"Lotto America se mo\u017ee igrati izvan SAD-a \u2013 jednostavno kupite svoj tiket putem na\u0161e online usluge za tikete\" \/>\n<meta property=\"og:url\" content=\"https:\/\/jackpotlotteryonline.com\/sr\/kako-kupiti-tiket-za-lutriju-online\/kupite-lotto-america-tikete-online\/\" \/>\n<meta property=\"og:site_name\" content=\"Lotto Online - Crack The International Lottery Jackpots\" \/>\n<meta property=\"og:image\" content=\"https:\/\/jackpotlotteryonline.com\/wp-content\/uploads\/2022\/11\/1_win_lottery_usa_online.jpg\" \/>\n<meta name=\"twitter:card\" content=\"summary_large_image\" \/>\n<!-- \/ Yoast SEO plugin. -->","yoast_head_json":{"title":"Kupite Lotto America tikete izvan SAD-a | Nabavite Lotto America tikete online","description":"Lotto America se mo\u017ee igrati izvan SAD-a \u2013 jednostavno kupite svoj tiket putem na\u0161e online usluge za tikete","robots":{"index":"index","follow":"follow","max-snippet":"max-snippet:-1","max-image-preview":"max-image-preview:large","max-video-preview":"max-video-preview:-1"},"canonical":"https:\/\/jackpotlotteryonline.com\/sr\/kako-kupiti-tiket-za-lutriju-online\/kupite-lotto-america-tikete-online\/","og_locale":"sr_RS","og_type":"article","og_title":"Kupite Lotto America tikete izvan SAD-a | Nabavite Lotto America tikete online","og_description":"Lotto America se mo\u017ee igrati izvan SAD-a \u2013 jednostavno kupite svoj tiket putem na\u0161e online usluge za tikete","og_url":"https:\/\/jackpotlotteryonline.com\/sr\/kako-kupiti-tiket-za-lutriju-online\/kupite-lotto-america-tikete-online\/","og_site_name":"Lotto Online - Crack The International Lottery Jackpots","og_image":[{"url":"https:\/\/jackpotlotteryonline.com\/wp-content\/uploads\/2022\/11\/1_win_lottery_usa_online.jpg"}],"twitter_card":"summary_large_image","schema":{"@context":"https:\/\/schema.org","@graph":[{"@type":"WebPage","@id":"https:\/\/jackpotlotteryonline.com\/sr\/kako-kupiti-tiket-za-lutriju-online\/kupite-lotto-america-tikete-online\/","url":"https:\/\/jackpotlotteryonline.com\/sr\/kako-kupiti-tiket-za-lutriju-online\/kupite-lotto-america-tikete-online\/","name":"Kupite Lotto America tikete izvan SAD-a | Nabavite Lotto America tikete online","isPartOf":{"@id":"https:\/\/jackpotlotteryonline.com\/#website"},"primaryImageOfPage":{"@id":"https:\/\/jackpotlotteryonline.com\/sr\/kako-kupiti-tiket-za-lutriju-online\/kupite-lotto-america-tikete-online\/#primaryimage"},"image":{"@id":"https:\/\/jackpotlotteryonline.com\/sr\/kako-kupiti-tiket-za-lutriju-online\/kupite-lotto-america-tikete-online\/#primaryimage"},"thumbnailUrl":"https:\/\/jackpotlotteryonline.com\/wp-content\/uploads\/2022\/11\/1_win_lottery_usa_online.jpg","datePublished":"2025-02-05T10:43:40+00:00","dateModified":"2025-02-05T10:43:40+00:00","description":"Lotto America se mo\u017ee igrati izvan SAD-a \u2013 jednostavno kupite svoj tiket putem na\u0161e online usluge za tikete","breadcrumb":{"@id":"https:\/\/jackpotlotteryonline.com\/sr\/kako-kupiti-tiket-za-lutriju-online\/kupite-lotto-america-tikete-online\/#breadcrumb"},"inLanguage":"sr-RS","potentialAction":[{"@type":"ReadAction","target":["https:\/\/jackpotlotteryonline.com\/sr\/kako-kupiti-tiket-za-lutriju-online\/kupite-lotto-america-tikete-online\/"]}]},{"@type":"ImageObject","inLanguage":"sr-RS","@id":"https:\/\/jackpotlotteryonline.com\/sr\/kako-kupiti-tiket-za-lutriju-online\/kupite-lotto-america-tikete-online\/#primaryimage","url":"https:\/\/jackpotlotteryonline.com\/wp-content\/uploads\/2022\/11\/1_win_lottery_usa_online.jpg","contentUrl":"https:\/\/jackpotlotteryonline.com\/wp-content\/uploads\/2022\/11\/1_win_lottery_usa_online.jpg"},{"@type":"BreadcrumbList","@id":"https:\/\/jackpotlotteryonline.com\/sr\/kako-kupiti-tiket-za-lutriju-online\/kupite-lotto-america-tikete-online\/#breadcrumb","itemListElement":[{"@type":"ListItem","position":1,"name":"Home","item":"https:\/\/jackpotlotteryonline.com\/sr\/"},{"@type":"ListItem","position":2,"name":"Kako kupiti tiket za lutriju online","item":"https:\/\/jackpotlotteryonline.com\/sr\/kako-kupiti-tiket-za-lutriju-online\/"},{"@type":"ListItem","position":3,"name":"Kupite Lotto America tikete online*"}]},{"@type":"WebSite","@id":"https:\/\/jackpotlotteryonline.com\/#website","url":"https:\/\/jackpotlotteryonline.com\/","name":"Lotto Online - Crack The International Lottery Jackpots","description":"","potentialAction":[{"@type":"SearchAction","target":{"@type":"EntryPoint","urlTemplate":"https:\/\/jackpotlotteryonline.com\/?s={search_term_string}"},"query-input":"required name=search_term_string"}],"inLanguage":"sr-RS"}]}},"_links":{"self":[{"href":"https:\/\/jackpotlotteryonline.com\/sr\/wp-json\/wp\/v2\/pages\/73955","targetHints":{"allow":["GET"]}}],"collection":[{"href":"https:\/\/jackpotlotteryonline.com\/sr\/wp-json\/wp\/v2\/pages"}],"about":[{"href":"https:\/\/jackpotlotteryonline.com\/sr\/wp-json\/wp\/v2\/types\/page"}],"author":[{"embeddable":true,"href":"https:\/\/jackpotlotteryonline.com\/sr\/wp-json\/wp\/v2\/users\/7"}],"replies":[{"embeddable":true,"href":"https:\/\/jackpotlotteryonline.com\/sr\/wp-json\/wp\/v2\/comments?post=73955"}],"version-history":[{"count":0,"href":"https:\/\/jackpotlotteryonline.com\/sr\/wp-json\/wp\/v2\/pages\/73955\/revisions"}],"up":[{"embeddable":true,"href":"https:\/\/jackpotlotteryonline.com\/sr\/wp-json\/wp\/v2\/pages\/73606"}],"wp:attachment":[{"href":"https:\/\/jackpotlotteryonline.com\/sr\/wp-json\/wp\/v2\/media?parent=73955"}],"curies":[{"name":"wp","href":"https:\/\/api.w.org\/{rel}","templated":true}]}}