{"id":73987,"date":"2025-02-05T12:45:00","date_gmt":"2025-02-05T12:45:00","guid":{"rendered":"https:\/\/jackpotlotteryonline.com\/?page_id=73987"},"modified":"2025-02-05T12:45:00","modified_gmt":"2025-02-05T12:45:00","slug":"kupovina-mega-sena-listica","status":"publish","type":"page","link":"https:\/\/jackpotlotteryonline.com\/sr\/kako-kupiti-tiket-za-lutriju-online\/kupovina-mega-sena-listica\/","title":{"rendered":"Kupovina Mega Sena listi\u0107a"},"content":{"rendered":"<p>Mega Sena je najve\u0107a lutrija u Brazilu, sa jednim od najve\u0107ih d\u017eekpotova na svetu. Nije ni \u010dudo \u0161to igra\u010di \u0161irom sveta \u017eele priliku da osvoje ovaj d\u017eekpot. Zanimljivo je da je Mega Sena ujedno i jedna od najlak\u0161ih lutrija za igranje, \u010dak lak\u0161a od mnogih drugih me\u0111unarodnih lutrija. Jednostavnost igre, veliki d\u017eekpot i povoljni izgledi za dobitak \u010dine ovu lutriju izuzetno privla\u010dnom za igra\u010de \u0161irom sveta.  <\/p>\n<p><a href=\"https:\/\/jackpotlotteryonline.com\/play-online\/mega-sena\">Igranje Mega Sena lutrije<\/a> je jednostavno \u2013 samo treba da pogodite \u0161est izvu\u010denih brojeva. Nema posebnih ili bonus brojeva. Dovoljno je da izaberete 6 brojeva od 1 do 60 i <a href=\"https:\/\/jackpotlotteryonline.com\/winning-numbers\/mega-sena\">u\u010destvujete u izvla\u010denju<\/a>.  <\/p>\n<p>Iako morate izabrati \u0161est brojeva da biste u\u010destvovali u izvla\u010denju, ne postoji ograni\u010denje broja kombinacija koje mo\u017eete odigrati. Tako mo\u017eete odigrati deset kombinacija sa po \u0161est brojeva i pove\u0107ati svoje \u0161anse za dobitak.  <\/p>\n<h2>Gde kupiti Mega Sena listi\u0107e?<\/h2>\n<p><img loading=\"lazy\" decoding=\"async\" class=\"alignright wp-image-28778\" src=\"https:\/\/jackpotlotteryonline.com\/wp-content\/uploads\/2022\/11\/1_online_ticket_eurojackpot2.jpg\" alt=\"play Mega Sena\" width=\"197\" height=\"131\" \/>Ako \u017eivite u Brazilu, kupovina listi\u0107a je jednostavna \u2013 samo treba da odete do najbli\u017eeg prodavca lutrije. Me\u0111utim, za igra\u010de izvan Brazila to mo\u017ee biti izazov. Ako ne \u017eivite u Brazilu, postoji jedna opcija \u2013 kupovina listi\u0107a putem interneta.  <\/p>\n<h2>Kako kupiti Mega Sena listi\u0107e online?<\/h2>\n<p>Igranje lutrije putem interneta je vrlo jednostavno i omogu\u0107ava igra\u010dima da u\u010destvuju u lutrijama \u0161irom sveta. U normalnim okolnostima, igra\u010di koji ne \u017eive u odre\u0111enoj zemlji ne bi mogli da u\u010destvuju u njenim lutrijama. Me\u0111utim, internet je omogu\u0107io globalno u\u010destvovanje i eliminisao geografska ograni\u010denja.  <\/p>\n<p>Sada je igranje Mega Sena lutrije lako \u2013 samo posetite online lutrijski sajt kao \u0161to je jackpotlotteryonline.com. Tamo mo\u017eete izabrati brojeve i odlu\u010diti koliko izvla\u010denja \u017eelite da igrate. Nakon toga, samo treba da sa\u010dekate rezultate izvla\u010denja.  <\/p>\n<h3>Koliki je d\u017eekpot u ovoj lutriji?<\/h3>\n<p>Da li smo pomenuli da je Mega Sena jedna od najve\u0107ih lutrija na svetu? Mo\u017eda zvu\u010di neverovatno kada vidite po\u010detni d\u017eekpot od 450.000 dolara, posebno u pore\u0111enju sa nekim lutrijama koje po\u010dinju sa ve\u0107im nagradama.  <\/p>\n<p>Me\u0111utim, ono \u0161to \u010dini Mega Sena lutriju posebnom jeste to da d\u017eekpot mo\u017ee da raste do ogromnih iznosa. Neki od najve\u0107ih osvojenih d\u017eekpotova bili su u vrednosti od nekoliko miliona dolara. Najve\u0107i d\u017eekpot ikada osvojen bio je ne\u0161to vi\u0161e od 73 miliona dolara.  <\/p>\n<p>Kada to uzmete u obzir, jasno je da je Mega Sena odli\u010dna opcija ako tra\u017eite lutriju sa velikim nagradama.  <\/p>\n<section class=\"layout\" style=\"border: solid 1px; width: 100%;\">\n<div class=\"img-div\" style=\"margin-top: 5px;\"><img decoding=\"async\" class=\"wp-image-17212 alignleft\" style=\"height: 45px; margin: 8px 8px 0px;\" src=\"https:\/\/jackpotlotteryonline.com\/wp-content\/uploads\/2022\/11\/read1.jpg\" alt=\"read\" width=\"\" height=\"\" \/><\/div>\n<div style=\"padding-left: 5px;\">\n<div style=\"font-size: 1.1em;\">\n<strong>Nekoliko trikova i saveta za izbor brojeva<\/strong><\/p>\n<p style=\"font-size: 0.85em; margin-top: -1.5em;\">Pove\u0107ajte svoje \u0161anse za dobitak \u2013 koristite strategiju pri odabiru brojeva <a href=\"https:\/\/jackpotlotteryonline.com\/a-few-tricks-and-tips-for-choosing-your-numbers\">saznajte vi\u0161e<\/a><\/p>\n<\/div>\n<\/div>\n<\/section>\n<h2>\u0160ta ako osvojite lutriju?<\/h2>\n<p>Ovo je \u010desto pitanje, naro\u010dito od igra\u010da koji kupuju Mega Sena listi\u0107e izvan Ju\u017ene Amerike. Mo\u017eda se pitate da li morate da otputujete u Brazil da biste podigli svoju nagradu. Odgovor je \u2013 ne morate! Naravno, ako \u017eelite da posetite Brazil i u\u017eivate u znamenitostima, to je sjajna prilika.  <\/p>\n<p>Me\u0111utim, ako \u017eelite jednostavan na\u010din da igrate lutriju i primite svoju nagradu bez dodatnog stresa, igranje putem interneta je odli\u010dna opcija.  <\/p>\n<p>Kada se registrujete kod nas, omogu\u0107avamo vam da u\u010destvujete u me\u0111unarodnim lutrijama, uklju\u010duju\u0107i i Mega Sena lutriju. Pored toga, lako mo\u017eete podi\u0107i svoje dobitke direktno sa na\u0161eg sajta na svoj ra\u010dun.  <\/p>\n<h2>\u0160ta je Mega da Virada?<\/h2>\n<p><img loading=\"lazy\" decoding=\"async\" class=\"alignright size-full wp-image-35593\" src=\"https:\/\/jackpotlotteryonline.com\/wp-content\/uploads\/2022\/11\/2_ticket_uk_lottery2-1-190x300-1.jpg\" alt=\"buy Mega Sena tickets\" width=\"190\" height=\"300\" \/>Drago nam je da ste pitali! Mega da Virada je jedan od najve\u0107ih d\u017eekpotova. Zapravo, to je najve\u0107i d\u017eekpot u Brazilu svake godine, a mo\u017ee dosti\u0107i \u010dak 60 miliona dolara.  <\/p>\n<p>Mega da Virada je specijalni d\u017eekpot Mega Sena lutrije koji se izvla\u010di jednom godi\u0161nje \u2013 31. decembra. Ovaj d\u017eekpot mora biti osvojen, jer se ne prenosi na slede\u0107u godinu.  <\/p>\n<h2>Redovni dani izvla\u010denja Mega Sena lutrije<\/h2>\n<p>Kada kupujete Mega Sena listi\u0107e, mo\u017eete u\u010destvovati u izvla\u010denju sredom ili subotom. Naravno, mo\u017eete igrati oba izvla\u010denja, \u0161to preporu\u010dujemo jer pove\u0107ava va\u0161e \u0161anse za dobitak.  <\/p>\n<p>Ako zaista \u017eelite da pove\u0107ate svoje \u0161anse za osvajanje d\u017eekpota, razmislite o pridru\u017eivanju lutrijskom sindikatu. Prednost ovoga je \u0161to mo\u017eete u\u010destvovati u vi\u0161e izvla\u010denja bez tro\u0161enja velike koli\u010dine novca.  <\/p>\n<h2>Nagradne kategorije<\/h2>\n<p>Mega Sena lutrija ima tri nagradne kategorije, uklju\u010duju\u0107i d\u017eekpot. To zna\u010di da pored glavne nagrade, igra\u010di imaju \u0161ansu da osvoje nagrade i u dve dodatne kategorije. Evo kako mo\u017eete osvojiti nagrade:  <\/p>\n<p>&#8211; Pogodite 6 brojeva \u2013 d\u017eekpot \u2013 35% nagradnog fonda<br \/>\n&#8211; Pogodite 5 brojeva \u2013 druga nagrada \u2013 19% nagradnog fonda<br \/>\n&#8211; Pogodite 4 broja \u2013 tre\u0107a nagrada \u2013 19% nagradnog fonda  <\/p>\n<p><strong>Zanimljiva \u010dinjenica: \u0160ansa za osvajanje nagrade sa jednim listi\u0107em (6 brojeva) je 1 prema 2.298.<\/strong>  <\/p>\n<h2>Registrujte se kod nas i igrajte Mega Sena lutriju<\/h2>\n<p>Ne dozvolite da vas \u010dinjenica da ne \u017eivite u Ju\u017enoj Americi spre\u010di da u\u017eivate u Mega Sena lutriji. \u0160anse za dobitak su odli\u010dne, a nagrade primamljive.  <\/p>\n<p>Ako \u017eivite izvan Brazila, mo\u017eete kupiti Mega Sena listi\u0107e na na\u0161em sajtu jednostavnom registracijom. Mi vam nudimo re\u0161enje koje pojednostavljuje proces igranja lutrije, tako da se mo\u017eete opustiti dok mi obavljamo sav posao za vas.  <\/p>\n<p>Zaigrajte sada i oku\u0161ajte svoju sre\u0107u! \ud83c\udf89  <\/p>\n<p>&#8212;<\/p>\n<p>Javite mi ako su potrebne izmene! \ud83d\ude0a<\/p>\n","protected":false},"excerpt":{"rendered":"<p>Mega Sena je najve\u0107a lutrija u Brazilu, sa jednim od najve\u0107ih d\u017eekpotova na svetu. Nije ni \u010dudo \u0161to igra\u010di \u0161irom sveta \u017eele priliku da osvoje ovaj d\u017eekpot. Zanimljivo je da je Mega Sena ujedno i jedna od najlak\u0161ih lutrija za igranje, \u010dak lak\u0161a od mnogih drugih me\u0111unarodnih lutrija. Jednostavnost igre, veliki d\u017eekpot i povoljni izgledi [&hellip;]<\/p>\n","protected":false},"author":7,"featured_media":0,"parent":73606,"menu_order":15,"comment_status":"closed","ping_status":"closed","template":"megasena-info.php","meta":{"_et_pb_use_builder":"","_et_pb_old_content":"","_et_gb_content_width":"","exclude_from_search":false,"footnotes":""},"class_list":["post-73987","page","type-page","status-publish","hentry"],"yoast_head":"<!-- This site is optimized with the Yoast SEO plugin v23.3 - https:\/\/yoast.com\/wordpress\/plugins\/seo\/ -->\n<title>Kupite Mega Sena tikete izvan Brazila | Nabavite Mega Sena tikete online<\/title>\n<meta name=\"description\" content=\"Ne morate biti u Brazilu da biste u\u010destvovali u Mega Seni \u2013 kupite svoj Mega Sena tiket online na na\u0161em veb-sajtu\" \/>\n<meta name=\"robots\" content=\"index, follow, max-snippet:-1, max-image-preview:large, max-video-preview:-1\" \/>\n<link rel=\"canonical\" href=\"https:\/\/jackpotlotteryonline.com\/sr\/kako-kupiti-tiket-za-lutriju-online\/kupovina-mega-sena-listica\/\" \/>\n<meta property=\"og:locale\" content=\"sr_RS\" \/>\n<meta property=\"og:type\" content=\"article\" \/>\n<meta property=\"og:title\" content=\"Kupite Mega Sena tikete izvan Brazila | Nabavite Mega Sena tikete online\" \/>\n<meta property=\"og:description\" content=\"Ne morate biti u Brazilu da biste u\u010destvovali u Mega Seni \u2013 kupite svoj Mega Sena tiket online na na\u0161em veb-sajtu\" \/>\n<meta property=\"og:url\" content=\"https:\/\/jackpotlotteryonline.com\/sr\/kako-kupiti-tiket-za-lutriju-online\/kupovina-mega-sena-listica\/\" \/>\n<meta property=\"og:site_name\" content=\"Lotto Online - Crack The International Lottery Jackpots\" \/>\n<meta property=\"og:image\" content=\"https:\/\/jackpotlotteryonline.com\/wp-content\/uploads\/2022\/11\/1_online_ticket_eurojackpot2.jpg\" \/>\n<meta name=\"twitter:card\" content=\"summary_large_image\" \/>\n<!-- \/ Yoast SEO plugin. -->","yoast_head_json":{"title":"Kupite Mega Sena tikete izvan Brazila | Nabavite Mega Sena tikete online","description":"Ne morate biti u Brazilu da biste u\u010destvovali u Mega Seni \u2013 kupite svoj Mega Sena tiket online na na\u0161em veb-sajtu","robots":{"index":"index","follow":"follow","max-snippet":"max-snippet:-1","max-image-preview":"max-image-preview:large","max-video-preview":"max-video-preview:-1"},"canonical":"https:\/\/jackpotlotteryonline.com\/sr\/kako-kupiti-tiket-za-lutriju-online\/kupovina-mega-sena-listica\/","og_locale":"sr_RS","og_type":"article","og_title":"Kupite Mega Sena tikete izvan Brazila | Nabavite Mega Sena tikete online","og_description":"Ne morate biti u Brazilu da biste u\u010destvovali u Mega Seni \u2013 kupite svoj Mega Sena tiket online na na\u0161em veb-sajtu","og_url":"https:\/\/jackpotlotteryonline.com\/sr\/kako-kupiti-tiket-za-lutriju-online\/kupovina-mega-sena-listica\/","og_site_name":"Lotto Online - Crack The International Lottery Jackpots","og_image":[{"url":"https:\/\/jackpotlotteryonline.com\/wp-content\/uploads\/2022\/11\/1_online_ticket_eurojackpot2.jpg"}],"twitter_card":"summary_large_image","schema":{"@context":"https:\/\/schema.org","@graph":[{"@type":"WebPage","@id":"https:\/\/jackpotlotteryonline.com\/sr\/kako-kupiti-tiket-za-lutriju-online\/kupovina-mega-sena-listica\/","url":"https:\/\/jackpotlotteryonline.com\/sr\/kako-kupiti-tiket-za-lutriju-online\/kupovina-mega-sena-listica\/","name":"Kupite Mega Sena tikete izvan Brazila | Nabavite Mega Sena tikete online","isPartOf":{"@id":"https:\/\/jackpotlotteryonline.com\/#website"},"primaryImageOfPage":{"@id":"https:\/\/jackpotlotteryonline.com\/sr\/kako-kupiti-tiket-za-lutriju-online\/kupovina-mega-sena-listica\/#primaryimage"},"image":{"@id":"https:\/\/jackpotlotteryonline.com\/sr\/kako-kupiti-tiket-za-lutriju-online\/kupovina-mega-sena-listica\/#primaryimage"},"thumbnailUrl":"https:\/\/jackpotlotteryonline.com\/wp-content\/uploads\/2022\/11\/1_online_ticket_eurojackpot2.jpg","datePublished":"2025-02-05T12:45:00+00:00","dateModified":"2025-02-05T12:45:00+00:00","description":"Ne morate biti u Brazilu da biste u\u010destvovali u Mega Seni \u2013 kupite svoj Mega Sena tiket online na na\u0161em veb-sajtu","breadcrumb":{"@id":"https:\/\/jackpotlotteryonline.com\/sr\/kako-kupiti-tiket-za-lutriju-online\/kupovina-mega-sena-listica\/#breadcrumb"},"inLanguage":"sr-RS","potentialAction":[{"@type":"ReadAction","target":["https:\/\/jackpotlotteryonline.com\/sr\/kako-kupiti-tiket-za-lutriju-online\/kupovina-mega-sena-listica\/"]}]},{"@type":"ImageObject","inLanguage":"sr-RS","@id":"https:\/\/jackpotlotteryonline.com\/sr\/kako-kupiti-tiket-za-lutriju-online\/kupovina-mega-sena-listica\/#primaryimage","url":"https:\/\/jackpotlotteryonline.com\/wp-content\/uploads\/2022\/11\/1_online_ticket_eurojackpot2.jpg","contentUrl":"https:\/\/jackpotlotteryonline.com\/wp-content\/uploads\/2022\/11\/1_online_ticket_eurojackpot2.jpg"},{"@type":"BreadcrumbList","@id":"https:\/\/jackpotlotteryonline.com\/sr\/kako-kupiti-tiket-za-lutriju-online\/kupovina-mega-sena-listica\/#breadcrumb","itemListElement":[{"@type":"ListItem","position":1,"name":"Home","item":"https:\/\/jackpotlotteryonline.com\/sr\/"},{"@type":"ListItem","position":2,"name":"Kako kupiti tiket za lutriju online","item":"https:\/\/jackpotlotteryonline.com\/sr\/kako-kupiti-tiket-za-lutriju-online\/"},{"@type":"ListItem","position":3,"name":"Kupovina Mega Sena listi\u0107a"}]},{"@type":"WebSite","@id":"https:\/\/jackpotlotteryonline.com\/#website","url":"https:\/\/jackpotlotteryonline.com\/","name":"Lotto Online - Crack The International Lottery Jackpots","description":"","potentialAction":[{"@type":"SearchAction","target":{"@type":"EntryPoint","urlTemplate":"https:\/\/jackpotlotteryonline.com\/?s={search_term_string}"},"query-input":"required name=search_term_string"}],"inLanguage":"sr-RS"}]}},"_links":{"self":[{"href":"https:\/\/jackpotlotteryonline.com\/sr\/wp-json\/wp\/v2\/pages\/73987","targetHints":{"allow":["GET"]}}],"collection":[{"href":"https:\/\/jackpotlotteryonline.com\/sr\/wp-json\/wp\/v2\/pages"}],"about":[{"href":"https:\/\/jackpotlotteryonline.com\/sr\/wp-json\/wp\/v2\/types\/page"}],"author":[{"embeddable":true,"href":"https:\/\/jackpotlotteryonline.com\/sr\/wp-json\/wp\/v2\/users\/7"}],"replies":[{"embeddable":true,"href":"https:\/\/jackpotlotteryonline.com\/sr\/wp-json\/wp\/v2\/comments?post=73987"}],"version-history":[{"count":0,"href":"https:\/\/jackpotlotteryonline.com\/sr\/wp-json\/wp\/v2\/pages\/73987\/revisions"}],"up":[{"embeddable":true,"href":"https:\/\/jackpotlotteryonline.com\/sr\/wp-json\/wp\/v2\/pages\/73606"}],"wp:attachment":[{"href":"https:\/\/jackpotlotteryonline.com\/sr\/wp-json\/wp\/v2\/media?parent=73987"}],"curies":[{"name":"wp","href":"https:\/\/api.w.org\/{rel}","templated":true}]}}