{"id":74058,"date":"2025-02-05T13:22:39","date_gmt":"2025-02-05T13:22:39","guid":{"rendered":"https:\/\/jackpotlotteryonline.com\/?page_id=74058"},"modified":"2025-02-05T13:22:39","modified_gmt":"2025-02-05T13:22:39","slug":"rezultati-lutrije","status":"publish","type":"page","link":"https:\/\/jackpotlotteryonline.com\/sr\/rezultati-lutrije\/","title":{"rendered":"Rezultati lutrije"},"content":{"rendered":"<h2>Rezultati lutrije online<\/h2>\n<p>Sa tako \u0161irokim spektrom lutrija dostupnih za igru, i lakim pristupom internetu koji danas imamo, mnogi ljudi preferiraju da brzo provere rezultate lutrije online. Ako ste kupili tiket za lutriju, sigurno ste nestrpljivi da saznate koji su brojevi dobitnici za tu konkretnu izvla\u010denje. <strong>Sad mo\u017eete lako proveriti rezultate me\u0111unarodnih lutrijskih d\u017eekpotova online za nekoliko sekundi.<\/strong><\/p>\n<p>Ova usluga je dostupna \u0161irom sveta, tako da nije va\u017eno gde se nalazite, bilo da ste na odmoru, poslovnom putu u inostranstvu, ili jednostavno na poslu ili sa prijateljima, vi\u0161e ne morate da tra\u017eite u lokalnim novinama ili \u010dekate nekoliko dana da biste saznali da li ste dobitnik d\u017eekpota. Sada mo\u017eete jednostavno posetiti na\u0161 sajt i izabrati rezultate za lutriju na kojoj ste ulo\u017eili i brzo saznati da li ste pogodili bilo koji broj.<\/p>\n<section class=\"layout\" style=\"border: solid 1px; width: 100%;\">\n<div class=\"img-div\" style=\"margin-top: 5px;\"><img decoding=\"async\" class=\"wp-image-17212 alignleft\" style=\"height: 45px; margin: 8px 8px 0px;\" src=\"http:\/\/jackpotlotteryonline.com\/wp-content\/uploads\/2022\/11\/read1.jpg\" alt=\"read\" width=\"\" height=\"\" \/><\/div>\n<div style=\"padding-left: 5px;\">\n<div style=\"font-size: 1.1em;\">\n<p><strong>Gledajte \u017eive izvla\u010denja brojeva lutrije<\/strong><\/p>\n<p style=\"font-size: 0.85em; margin-top: -1.5em;\">Kako da gledate u\u017eivo izvla\u010denja va\u0161ih omiljenih lutrija &#8211; <a href=\"https:\/\/jackpotlotteryonline.com\/watch-your-lottery-numbers-being-drawn-live\">Pro\u010ditajte vi\u0161e<\/a><\/p>\n<\/div>\n<\/div>\n<\/section>\n<h2>Me\u0111unarodni brojevi dobitni za lutrijski d\u017eekpot<\/h2>\n<p>Proverite brojeve dobitnika ove nedelje za najve\u0107e me\u0111unarodne lutrijske d\u017eekpotove, koji se svakodnevno a\u017euriraju na na\u0161em sajtu. Lista\u0107emo najbolje i najve\u0107e lutrija na planeti, uklju\u010duju\u0107i El Gordo, Euromillions, Mega Millions, Powerball, SuperEnaLotto i mnoge druge.<\/p>\n<p><img loading=\"lazy\" decoding=\"async\" class=\"alignright size-medium wp-image-19277\" src=\"http:\/\/jackpotlotteryonline.com\/wp-content\/uploads\/2022\/10\/2_ticket_powerball_au2-163x300.jpg\" alt=\"lottery ticket scan\" width=\"163\" height=\"300\" srcset=\"https:\/\/jackpotlotteryonline.com\/wp-content\/uploads\/2022\/10\/2_ticket_powerball_au2-163x300.jpg 163w, https:\/\/jackpotlotteryonline.com\/wp-content\/uploads\/2022\/10\/2_ticket_powerball_au2.jpg 250w\" sizes=\"auto, (max-width: 163px) 100vw, 163px\" \/><\/p>\n<p><strong>Mo\u017eda mislite da ve\u0107ina tih lutrija nije dostupna za vas, ali to nije ta\u010dno!<\/strong> Danas je lako <a href=\"https:\/\/jackpotlotteryonline.com\/buy-tickets\">kupiti tikete online<\/a> za skoro svaku lutriju. To zna\u010di da ne morate da \u017eivite u zemlji u kojoj se lutrija odr\u017eava.<\/p>\n<p><strong>Ovo je omogu\u0107eno uslugom koju pru\u017eamo.<\/strong><\/p>\n<p>Samo kliknite na bilo koji od dugmadi &#8220;<a href=\"https:\/\/jackpotlotteryonline.com\/play-online\">Igraj<\/a>&#8221; iznad, i bi\u0107ete preusmereni na stranicu za izbor brojeva za tu konkretnu lutriju. Izaberite brojeve, registrujte se i platite online \u2013 to je tako jednostavno! Odmah nakon \u0161to zavr\u0161ite kupovinu, dobi\u0107ete potvrdu svog li\u010dnog tiketa, a kasnije \u0107emo vam poslati skeniranu verziju va\u0161eg tiketa. Tako\u0111e \u0107emo se pobrinuti da dobijete ono \u0161to ste osvojili. Ti svetski d\u017eekpotovi \u010desto mogu biti 100 puta ve\u0107i od va\u0161ih lokalnih lutrija, pa \u0161ta \u010dekate? Izaberite!<\/p>\n<h2>Vidite da li ste pobedili &#8211; uporedite svoj tiket sa dobitnim brojevima<\/h2>\n<p>Ne samo da mo\u017eete proveriti rezultate lutrije online sa svog laptopa, desktop ra\u010dunara, ili \u010dak iPhone-a kod ku\u0107e ili na poslu, ve\u0107 mo\u017eete odmah proveriti rezultate mnogih lutrija na jednoj stranici.<\/p>\n<p>Kada se svako izvla\u010denje zavr\u0161i, rezultati se a\u017euriraju u realnom vremenu. To zna\u010di da su rezultati me\u0111unarodnih d\u017eekpotova online dostupni za pristup u trenutku kada se izvla\u010denje odr\u017ei.<\/p>\n<p><img loading=\"lazy\" decoding=\"async\" class=\"alignright wp-image-19599\" src=\"http:\/\/jackpotlotteryonline.com\/wp-content\/uploads\/2022\/10\/1_balls_draw_lotto_numbers-200x300.jpg\" alt=\"lottery winning numbers\" width=\"154\" height=\"231\" srcset=\"https:\/\/jackpotlotteryonline.com\/wp-content\/uploads\/2022\/10\/1_balls_draw_lotto_numbers-200x300.jpg 200w, https:\/\/jackpotlotteryonline.com\/wp-content\/uploads\/2022\/10\/1_balls_draw_lotto_numbers.jpg 320w\" sizes=\"auto, (max-width: 154px) 100vw, 154px\" \/><\/p>\n<p>Ako ste odlu\u010dili da <a href=\"https:\/\/jackpotlotteryonline.com\/buy-tickets\">kupite tiket za lutriju online<\/a>, bez obzira na vrstu lutrije, proveravanje va\u0161ih lutrijskih rezultata online na na\u0161em sajtu je jo\u0161 lak\u0161e. To je zato \u0161to \u0107ete prilikom kupovine tiketa online biti zamoljeni da unesete svoju email adresu. To je potrebno da biste mogli da otvorite nalog za igru, ali i da bismo vas obavestili u slu\u010daju da osvojite.<\/p>\n<p>Kada se izvla\u010denje zavr\u0161i, automatski \u0107ete biti obave\u0161teni putem email-a ako su va\u0161i brojevi odgovarali brojevima koji su osvojili nov\u010danu nagradu. Samo proverite svoj email inbox.<\/p>\n<p>Tako\u0111e, ako ste kupili tiket za lutriju online ovde, mo\u017eete da se prijavite na svoj korisni\u010dki nalog, i rezultati \u0107e biti prikazani odmah pored va\u0161eg tiketa za pore\u0111enje. Brojevi na va\u0161em tiketu koji se poklapaju sa izvla\u010denjem bi\u0107e ozna\u010deni. To je \u0161to je mogu\u0107e najprakti\u010dnije!<\/p>\n<p>Sa mnogim sjajnim pogodnostima i korisnim funkcijama kao \u0161to je brzo proveravanje va\u0161ih lutrijskih rezultata online, <strong>mnogi ljudi sada biraju da kupe lutrijske tikete online umesto da idu u prodavnice.<\/strong><\/p>\n","protected":false},"excerpt":{"rendered":"<p>Rezultati lutrije online Sa tako \u0161irokim spektrom lutrija dostupnih za igru, i lakim pristupom internetu koji danas imamo, mnogi ljudi preferiraju da brzo provere rezultate lutrije online. Ako ste kupili tiket za lutriju, sigurno ste nestrpljivi da saznate koji su brojevi dobitnici za tu konkretnu izvla\u010denje. Sad mo\u017eete lako proveriti rezultate me\u0111unarodnih lutrijskih d\u017eekpotova online [&hellip;]<\/p>\n","protected":false},"author":7,"featured_media":0,"parent":0,"menu_order":4,"comment_status":"closed","ping_status":"closed","template":"Results.php","meta":{"_et_pb_use_builder":"","_et_pb_old_content":"","_et_gb_content_width":"","exclude_from_search":false,"footnotes":""},"class_list":["post-74058","page","type-page","status-publish","hentry"],"yoast_head":"<!-- This site is optimized with the Yoast SEO plugin v23.3 - https:\/\/yoast.com\/wordpress\/plugins\/seo\/ -->\n<title>Pobedni\u010dki brojevi i rezultati za me\u0111unarodne loto d\u017eekpotove<\/title>\n<meta name=\"description\" content=\"Ova stranica prikazuje rezultate i pobedni\u010dke brojeve za ve\u0107inu me\u0111unarodnih loto d\u017eekpotova online.\" \/>\n<meta name=\"robots\" content=\"index, follow, max-snippet:-1, max-image-preview:large, max-video-preview:-1\" \/>\n<link rel=\"canonical\" href=\"https:\/\/jackpotlotteryonline.com\/sr\/rezultati-lutrije\/\" \/>\n<meta property=\"og:locale\" content=\"sr_RS\" \/>\n<meta property=\"og:type\" content=\"article\" \/>\n<meta property=\"og:title\" content=\"Pobedni\u010dki brojevi i rezultati za me\u0111unarodne loto d\u017eekpotove\" \/>\n<meta property=\"og:description\" content=\"Ova stranica prikazuje rezultate i pobedni\u010dke brojeve za ve\u0107inu me\u0111unarodnih loto d\u017eekpotova online.\" \/>\n<meta property=\"og:url\" content=\"https:\/\/jackpotlotteryonline.com\/sr\/rezultati-lutrije\/\" \/>\n<meta property=\"og:site_name\" content=\"Lotto Online - Crack The International Lottery Jackpots\" \/>\n<meta property=\"og:image\" content=\"http:\/\/jackpotlotteryonline.com\/wp-content\/uploads\/2022\/11\/read1.jpg\" \/>\n<meta name=\"twitter:card\" content=\"summary_large_image\" \/>\n<!-- \/ Yoast SEO plugin. -->","yoast_head_json":{"title":"Pobedni\u010dki brojevi i rezultati za me\u0111unarodne loto d\u017eekpotove","description":"Ova stranica prikazuje rezultate i pobedni\u010dke brojeve za ve\u0107inu me\u0111unarodnih loto d\u017eekpotova online.","robots":{"index":"index","follow":"follow","max-snippet":"max-snippet:-1","max-image-preview":"max-image-preview:large","max-video-preview":"max-video-preview:-1"},"canonical":"https:\/\/jackpotlotteryonline.com\/sr\/rezultati-lutrije\/","og_locale":"sr_RS","og_type":"article","og_title":"Pobedni\u010dki brojevi i rezultati za me\u0111unarodne loto d\u017eekpotove","og_description":"Ova stranica prikazuje rezultate i pobedni\u010dke brojeve za ve\u0107inu me\u0111unarodnih loto d\u017eekpotova online.","og_url":"https:\/\/jackpotlotteryonline.com\/sr\/rezultati-lutrije\/","og_site_name":"Lotto Online - Crack The International Lottery Jackpots","og_image":[{"url":"http:\/\/jackpotlotteryonline.com\/wp-content\/uploads\/2022\/11\/read1.jpg"}],"twitter_card":"summary_large_image","schema":{"@context":"https:\/\/schema.org","@graph":[{"@type":"WebPage","@id":"https:\/\/jackpotlotteryonline.com\/sr\/rezultati-lutrije\/","url":"https:\/\/jackpotlotteryonline.com\/sr\/rezultati-lutrije\/","name":"Pobedni\u010dki brojevi i rezultati za me\u0111unarodne loto d\u017eekpotove","isPartOf":{"@id":"https:\/\/jackpotlotteryonline.com\/#website"},"primaryImageOfPage":{"@id":"https:\/\/jackpotlotteryonline.com\/sr\/rezultati-lutrije\/#primaryimage"},"image":{"@id":"https:\/\/jackpotlotteryonline.com\/sr\/rezultati-lutrije\/#primaryimage"},"thumbnailUrl":"http:\/\/jackpotlotteryonline.com\/wp-content\/uploads\/2022\/11\/read1.jpg","datePublished":"2025-02-05T13:22:39+00:00","dateModified":"2025-02-05T13:22:39+00:00","description":"Ova stranica prikazuje rezultate i pobedni\u010dke brojeve za ve\u0107inu me\u0111unarodnih loto d\u017eekpotova online.","breadcrumb":{"@id":"https:\/\/jackpotlotteryonline.com\/sr\/rezultati-lutrije\/#breadcrumb"},"inLanguage":"sr-RS","potentialAction":[{"@type":"ReadAction","target":["https:\/\/jackpotlotteryonline.com\/sr\/rezultati-lutrije\/"]}]},{"@type":"ImageObject","inLanguage":"sr-RS","@id":"https:\/\/jackpotlotteryonline.com\/sr\/rezultati-lutrije\/#primaryimage","url":"http:\/\/jackpotlotteryonline.com\/wp-content\/uploads\/2022\/11\/read1.jpg","contentUrl":"http:\/\/jackpotlotteryonline.com\/wp-content\/uploads\/2022\/11\/read1.jpg"},{"@type":"BreadcrumbList","@id":"https:\/\/jackpotlotteryonline.com\/sr\/rezultati-lutrije\/#breadcrumb","itemListElement":[{"@type":"ListItem","position":1,"name":"Home","item":"https:\/\/jackpotlotteryonline.com\/sr\/"},{"@type":"ListItem","position":2,"name":"Rezultati lutrije"}]},{"@type":"WebSite","@id":"https:\/\/jackpotlotteryonline.com\/#website","url":"https:\/\/jackpotlotteryonline.com\/","name":"Lotto Online - Crack The International Lottery Jackpots","description":"","potentialAction":[{"@type":"SearchAction","target":{"@type":"EntryPoint","urlTemplate":"https:\/\/jackpotlotteryonline.com\/?s={search_term_string}"},"query-input":"required name=search_term_string"}],"inLanguage":"sr-RS"}]}},"_links":{"self":[{"href":"https:\/\/jackpotlotteryonline.com\/sr\/wp-json\/wp\/v2\/pages\/74058","targetHints":{"allow":["GET"]}}],"collection":[{"href":"https:\/\/jackpotlotteryonline.com\/sr\/wp-json\/wp\/v2\/pages"}],"about":[{"href":"https:\/\/jackpotlotteryonline.com\/sr\/wp-json\/wp\/v2\/types\/page"}],"author":[{"embeddable":true,"href":"https:\/\/jackpotlotteryonline.com\/sr\/wp-json\/wp\/v2\/users\/7"}],"replies":[{"embeddable":true,"href":"https:\/\/jackpotlotteryonline.com\/sr\/wp-json\/wp\/v2\/comments?post=74058"}],"version-history":[{"count":0,"href":"https:\/\/jackpotlotteryonline.com\/sr\/wp-json\/wp\/v2\/pages\/74058\/revisions"}],"wp:attachment":[{"href":"https:\/\/jackpotlotteryonline.com\/sr\/wp-json\/wp\/v2\/media?parent=74058"}],"curies":[{"name":"wp","href":"https:\/\/api.w.org\/{rel}","templated":true}]}}