{"id":74093,"date":"2025-02-05T13:44:22","date_gmt":"2025-02-05T13:44:22","guid":{"rendered":"https:\/\/jackpotlotteryonline.com\/?page_id=74093"},"modified":"2025-02-05T13:44:22","modified_gmt":"2025-02-05T13:44:22","slug":"kupovina-oz-lotto-karata","status":"publish","type":"page","link":"https:\/\/jackpotlotteryonline.com\/sr\/kako-kupiti-tiket-za-lutriju-online\/kupovina-oz-lotto-karata\/","title":{"rendered":"Kupovina Oz Lotto karata"},"content":{"rendered":"<p>Oz Lotto je prva australijska nacionalna lutrija. Po\u010dela je 1994. godine i postala je popularna me\u0111u igra\u010dima \u0161irom sveta zbog velikog d\u017eekpota. Me\u0111utim, postoji vi\u0161e razloga za\u0161to ova lutrija privla\u010di igra\u010de, osim velike nagrade.<\/p>\n<p>Razli\u010dite lutrije imaju svoja pravila i metode, ali jedna zajedni\u010dka stvar je da \u0161anse nisu uvek povoljne. Me\u0111utim, ovo nije slu\u010daj sa ovom australijskom lutrijom. Ako tra\u017eite lutriju sa neverovatnim \u0161ansama, onda igrajte Oz lutriju.<\/p>\n<p>Generalno, lutrije su otvorene za gra\u0111ane zemalja u kojima se lutrija odr\u017eava. Dakle, ova lutrija je otvorena za one koji \u017eive u Australiji. Ne morate biti gra\u0111anin da biste u\u010destvovali u lutriji. Me\u0111utim, ako \u017eivite van zemlje, morate kupiti svoje lutrijske karte putem interneta.<\/p>\n<h2>Kako kupiti Oz Lotto karte \u0161irom sveta<\/h2>\n<p><img loading=\"lazy\" decoding=\"async\" class=\"alignright size-full wp-image-31532\" src=\"http:\/\/jackpotlotteryonline.com\/wp-content\/uploads\/2022\/11\/lottoballs.jpg\" alt=\"Igraj Oz Lotto\" width=\"245\" height=\"123\" \/>Najlak\u0161i i najjednostavniji na\u010din da do\u0111ete do Oz Lotto lutrije izvan Australije je putem interneta. Postoje online prodavci lutrijskih karata koji igra\u010dima omogu\u0107avaju pristup najboljim me\u0111unarodnim lutrijama. Ovi sajtovi pru\u017eaju zakonit na\u010din za igra\u010de \u0161irom sveta da poku\u0161aju da osvoje milione.<\/p>\n<p>Internet nudi svet gotovo beskrajnih mogu\u0107nosti, ali nisu sve pozitivne. Pretraga bilo kog nasumi\u010dnog sajta za lutriju mo\u017ee dovesti do neprijatnih iskustava. Zato je uvek dobra ideja tra\u017eiti pouzdane sajtove koji imaju dobru reputaciju me\u0111u igra\u010dima. U nastavku delimo savete koji \u0107e vam pomo\u0107i da izaberete pravi sajt za lutriju.<\/p>\n<h2>Saveti za kori\u0161\u0107enje pravog sajta za lutriju<\/h2>\n<p>Proverite da li imaju \u0161irok izbor me\u0111unarodnih lutrija. Nema smisla registrovati se na sajt koji prikazuje samo nekoliko lutrija. Glavni smisao <a href=\"https:\/\/jackpotlotteryonline.com\/play-online\/oz-lotto\">igranja lutrija na internetu<\/a> je dostupnost i prakti\u010dnost. \u0160ta je prakti\u010dnije od toga da mo\u017eete u\u010destvovati u vi\u0161e me\u0111unarodnih lutrija sa jednog online mesta?<\/p>\n<p>Ako \u017eelite da u\u010destvujete u lutriji, koristite sajtove sa uslugom koncijer\u017ea. Ovaj savet je veoma va\u017ean jer mo\u017eete potro\u0161iti novac bez da zapravo u\u010destvujete u lutriji. To je zato \u0161to neki sajtovi za lutriju omogu\u0107avaju igra\u010dima da se klade na rezultate. Dakle, \u010dak i ako se va\u0161i brojevi poklapaju, ima\u0107ete pravo samo na deo d\u017eekpota jer niste u\u010destvovali u lutriji.<\/p>\n<section class=\"layout\" style=\"border: solid 1px; width: 100%;\">\n<div class=\"img-div\" style=\"margin-top: 5px;\"><img decoding=\"async\" class=\"wp-image-17212 alignleft\" style=\"height: 45px; margin: 8px 8px 0px;\" src=\"http:\/\/jackpotlotteryonline.com\/wp-content\/uploads\/2022\/11\/read1.jpg\" alt=\"\u010ditaj\" width=\"\" height=\"\" \/><\/div>\n<div style=\"padding-left: 5px;\">\n<div style=\"font-size: 1.1em;\">\n<p><strong>Prevarama u lutriji na koje treba da obratite pa\u017enju<\/strong><\/p>\n<p style=\"font-size: 0.85em; margin-top: -1.5em;\">Ne nasedajte na ove prevarantske lutrijske trikove <a href=\"https:\/\/jackpotlotteryonline.com\/beware-of-online-lottery-scams\">Pro\u010ditajte vi\u0161e<\/a><\/p>\n<\/div>\n<\/div>\n<\/section>\n<h2>Registrujte se kod nas da biste u\u010destvovali u lutriji online<\/h2>\n<p><img loading=\"lazy\" decoding=\"async\" class=\"size-medium wp-image-34403 alignright\" src=\"http:\/\/jackpotlotteryonline.com\/wp-content\/uploads\/2022\/11\/2_ticket_oz_lotto2-179x300.jpg\" alt=\"Kupite Oz Lotto karte\" width=\"179\" height=\"300\" srcset=\"https:\/\/jackpotlotteryonline.com\/wp-content\/uploads\/2022\/11\/2_ticket_oz_lotto2-179x300.jpg 179w, https:\/\/jackpotlotteryonline.com\/wp-content\/uploads\/2022\/11\/2_ticket_oz_lotto2.jpg 250w\" sizes=\"auto, (max-width: 179px) 100vw, 179px\" \/>Kupovina lutrijskih karata putem interneta ili mobilne aplikacije je jednostavna i bez stresa. Kada identifikujete prodavca koji \u017eelite da koristite, posetite njihov sajt i izaberite lutriju po va\u0161em izboru. Slede\u0107i korak je da izaberete svoje brojeve. Za Oz Lotto, potrebno je da izaberete deset brojeva od 1 do 47.<\/p>\n<p><a href=\"https:\/\/jackpotlotteryonline.com\/winning-numbers\/oz-lotto\">U\u010destvujte u \u017erebanju i izvr\u0161ite uplatu<\/a>. \u017drebanje se odr\u017eava jednom nedeljno, svakog utorka. Zanimljivo je \u0161to mo\u017eete kupiti vi\u0161e karata i u\u010destvovati u nekoliko budu\u0107ih \u017erebanja. Tako\u0111e, ako niste sigurni koji broj da izaberete, mo\u017eete lako koristiti automatski izabira\u010d brojeva.<\/p>\n<p>Kao \u0161to smo rekli, igranje lutrije putem interneta je prakti\u010dan i bez-stresni na\u010din za u\u017eivanje u ovoj zabavi. Bilo da ste iskusan igra\u010d ili novajlija, mo\u017eete imati sjajno iskustvo upravo ovde. Na\u0161e koncijer\u017e usluge pru\u017eaju igra\u010dima zakonit na\u010din za u\u010destvovanje u lutriji. Kada kupite Oz Lotto kartu od nas, dobi\u0107ete pravu stvar.<\/p>\n","protected":false},"excerpt":{"rendered":"<p>Oz Lotto je prva australijska nacionalna lutrija. Po\u010dela je 1994. godine i postala je popularna me\u0111u igra\u010dima \u0161irom sveta zbog velikog d\u017eekpota. Me\u0111utim, postoji vi\u0161e razloga za\u0161to ova lutrija privla\u010di igra\u010de, osim velike nagrade. Razli\u010dite lutrije imaju svoja pravila i metode, ali jedna zajedni\u010dka stvar je da \u0161anse nisu uvek povoljne. Me\u0111utim, ovo nije slu\u010daj [&hellip;]<\/p>\n","protected":false},"author":7,"featured_media":0,"parent":73606,"menu_order":16,"comment_status":"closed","ping_status":"closed","template":"","meta":{"_et_pb_use_builder":"","_et_pb_old_content":"","_et_gb_content_width":"","exclude_from_search":false,"footnotes":""},"class_list":["post-74093","page","type-page","status-publish","hentry"],"yoast_head":"<!-- This site is optimized with the Yoast SEO plugin v23.3 - https:\/\/yoast.com\/wordpress\/plugins\/seo\/ -->\n<title>Kupite Oz Lotto karte izvan Australije | Oz Lotto karte online<\/title>\n<meta name=\"description\" content=\"Oz Lotto je dostupno za vas, ako ne \u017eivite u Australiji, mo\u017eemo vam obezbediti legalnu kartu za ovu australijsku lutriju online.\" \/>\n<meta name=\"robots\" content=\"index, follow, max-snippet:-1, max-image-preview:large, max-video-preview:-1\" \/>\n<link rel=\"canonical\" href=\"https:\/\/jackpotlotteryonline.com\/sr\/kako-kupiti-tiket-za-lutriju-online\/kupovina-oz-lotto-karata\/\" \/>\n<meta property=\"og:locale\" content=\"sr_RS\" \/>\n<meta property=\"og:type\" content=\"article\" \/>\n<meta property=\"og:title\" content=\"Kupite Oz Lotto karte izvan Australije | Oz Lotto karte online\" \/>\n<meta property=\"og:description\" content=\"Oz Lotto je dostupno za vas, ako ne \u017eivite u Australiji, mo\u017eemo vam obezbediti legalnu kartu za ovu australijsku lutriju online.\" \/>\n<meta property=\"og:url\" content=\"https:\/\/jackpotlotteryonline.com\/sr\/kako-kupiti-tiket-za-lutriju-online\/kupovina-oz-lotto-karata\/\" \/>\n<meta property=\"og:site_name\" content=\"Lotto Online - Crack The International Lottery Jackpots\" \/>\n<meta property=\"og:image\" content=\"http:\/\/jackpotlotteryonline.com\/wp-content\/uploads\/2022\/11\/lottoballs.jpg\" \/>\n<meta name=\"twitter:card\" content=\"summary_large_image\" \/>\n<!-- \/ Yoast SEO plugin. -->","yoast_head_json":{"title":"Kupite Oz Lotto karte izvan Australije | Oz Lotto karte online","description":"Oz Lotto je dostupno za vas, ako ne \u017eivite u Australiji, mo\u017eemo vam obezbediti legalnu kartu za ovu australijsku lutriju online.","robots":{"index":"index","follow":"follow","max-snippet":"max-snippet:-1","max-image-preview":"max-image-preview:large","max-video-preview":"max-video-preview:-1"},"canonical":"https:\/\/jackpotlotteryonline.com\/sr\/kako-kupiti-tiket-za-lutriju-online\/kupovina-oz-lotto-karata\/","og_locale":"sr_RS","og_type":"article","og_title":"Kupite Oz Lotto karte izvan Australije | Oz Lotto karte online","og_description":"Oz Lotto je dostupno za vas, ako ne \u017eivite u Australiji, mo\u017eemo vam obezbediti legalnu kartu za ovu australijsku lutriju online.","og_url":"https:\/\/jackpotlotteryonline.com\/sr\/kako-kupiti-tiket-za-lutriju-online\/kupovina-oz-lotto-karata\/","og_site_name":"Lotto Online - Crack The International Lottery Jackpots","og_image":[{"url":"http:\/\/jackpotlotteryonline.com\/wp-content\/uploads\/2022\/11\/lottoballs.jpg"}],"twitter_card":"summary_large_image","schema":{"@context":"https:\/\/schema.org","@graph":[{"@type":"WebPage","@id":"https:\/\/jackpotlotteryonline.com\/sr\/kako-kupiti-tiket-za-lutriju-online\/kupovina-oz-lotto-karata\/","url":"https:\/\/jackpotlotteryonline.com\/sr\/kako-kupiti-tiket-za-lutriju-online\/kupovina-oz-lotto-karata\/","name":"Kupite Oz Lotto karte izvan Australije | Oz Lotto karte online","isPartOf":{"@id":"https:\/\/jackpotlotteryonline.com\/#website"},"primaryImageOfPage":{"@id":"https:\/\/jackpotlotteryonline.com\/sr\/kako-kupiti-tiket-za-lutriju-online\/kupovina-oz-lotto-karata\/#primaryimage"},"image":{"@id":"https:\/\/jackpotlotteryonline.com\/sr\/kako-kupiti-tiket-za-lutriju-online\/kupovina-oz-lotto-karata\/#primaryimage"},"thumbnailUrl":"http:\/\/jackpotlotteryonline.com\/wp-content\/uploads\/2022\/11\/lottoballs.jpg","datePublished":"2025-02-05T13:44:22+00:00","dateModified":"2025-02-05T13:44:22+00:00","description":"Oz Lotto je dostupno za vas, ako ne \u017eivite u Australiji, mo\u017eemo vam obezbediti legalnu kartu za ovu australijsku lutriju online.","breadcrumb":{"@id":"https:\/\/jackpotlotteryonline.com\/sr\/kako-kupiti-tiket-za-lutriju-online\/kupovina-oz-lotto-karata\/#breadcrumb"},"inLanguage":"sr-RS","potentialAction":[{"@type":"ReadAction","target":["https:\/\/jackpotlotteryonline.com\/sr\/kako-kupiti-tiket-za-lutriju-online\/kupovina-oz-lotto-karata\/"]}]},{"@type":"ImageObject","inLanguage":"sr-RS","@id":"https:\/\/jackpotlotteryonline.com\/sr\/kako-kupiti-tiket-za-lutriju-online\/kupovina-oz-lotto-karata\/#primaryimage","url":"http:\/\/jackpotlotteryonline.com\/wp-content\/uploads\/2022\/11\/lottoballs.jpg","contentUrl":"http:\/\/jackpotlotteryonline.com\/wp-content\/uploads\/2022\/11\/lottoballs.jpg"},{"@type":"BreadcrumbList","@id":"https:\/\/jackpotlotteryonline.com\/sr\/kako-kupiti-tiket-za-lutriju-online\/kupovina-oz-lotto-karata\/#breadcrumb","itemListElement":[{"@type":"ListItem","position":1,"name":"Home","item":"https:\/\/jackpotlotteryonline.com\/sr\/"},{"@type":"ListItem","position":2,"name":"Kako kupiti tiket za lutriju online","item":"https:\/\/jackpotlotteryonline.com\/sr\/kako-kupiti-tiket-za-lutriju-online\/"},{"@type":"ListItem","position":3,"name":"Kupovina Oz Lotto karata"}]},{"@type":"WebSite","@id":"https:\/\/jackpotlotteryonline.com\/#website","url":"https:\/\/jackpotlotteryonline.com\/","name":"Lotto Online - Crack The International Lottery Jackpots","description":"","potentialAction":[{"@type":"SearchAction","target":{"@type":"EntryPoint","urlTemplate":"https:\/\/jackpotlotteryonline.com\/?s={search_term_string}"},"query-input":"required name=search_term_string"}],"inLanguage":"sr-RS"}]}},"_links":{"self":[{"href":"https:\/\/jackpotlotteryonline.com\/sr\/wp-json\/wp\/v2\/pages\/74093","targetHints":{"allow":["GET"]}}],"collection":[{"href":"https:\/\/jackpotlotteryonline.com\/sr\/wp-json\/wp\/v2\/pages"}],"about":[{"href":"https:\/\/jackpotlotteryonline.com\/sr\/wp-json\/wp\/v2\/types\/page"}],"author":[{"embeddable":true,"href":"https:\/\/jackpotlotteryonline.com\/sr\/wp-json\/wp\/v2\/users\/7"}],"replies":[{"embeddable":true,"href":"https:\/\/jackpotlotteryonline.com\/sr\/wp-json\/wp\/v2\/comments?post=74093"}],"version-history":[{"count":0,"href":"https:\/\/jackpotlotteryonline.com\/sr\/wp-json\/wp\/v2\/pages\/74093\/revisions"}],"up":[{"embeddable":true,"href":"https:\/\/jackpotlotteryonline.com\/sr\/wp-json\/wp\/v2\/pages\/73606"}],"wp:attachment":[{"href":"https:\/\/jackpotlotteryonline.com\/sr\/wp-json\/wp\/v2\/media?parent=74093"}],"curies":[{"name":"wp","href":"https:\/\/api.w.org\/{rel}","templated":true}]}}