{"id":74115,"date":"2025-02-05T14:02:07","date_gmt":"2025-02-05T14:02:07","guid":{"rendered":"https:\/\/jackpotlotteryonline.com\/?page_id=74115"},"modified":"2025-02-05T14:02:07","modified_gmt":"2025-02-05T14:02:07","slug":"jop-powerball-australia-billetter","status":"publish","type":"page","link":"https:\/\/jackpotlotteryonline.com\/sr\/kako-kupiti-tiket-za-lutriju-online\/jop-powerball-australia-billetter\/","title":{"rendered":"J\u00f8p Powerball Australia billetter"},"content":{"rendered":"<p>N\u00e5r du tenker p\u00e5 denne lotterien, er det f\u00f8rste som kommer til tankene vanligvis den amerikanske lotterien, og ikke den australske versjonen. Dette fantastiske lotteriet er elsket av australske lotto-entusiaster. Powerball Australia blir raskt en av de mest popul\u00e6re internasjonale lotteriene, ettersom spillere over hele verden gjenkjenner dets potensial.<\/p>\n<p>Med en garantert minimumsjackpot p\u00e5 3 millioner dollar, blir bel\u00f8pet overf\u00f8rt dersom det ikke er noen vinner etter et trekning. Det kan overf\u00f8res flere ganger til det blir ganske stort. Den rekordstore jackpoten p\u00e5 160 millioner dollar ble vunnet i oktober 2022 med \u00e9n enkelt billett.<\/p>\n<p>Hvis du \u00f8nsker \u00e5 utvide rekkevidden din som lotterispiller, b\u00f8r du vurdere Powerball Australia. Det er morsomt, fullt av energi, og gir spillerne muligheten til \u00e5 vinne stort uten de vanvittige oddsene som den amerikanske versjonen har. I tillegg spiller det ingen rolle hvor du bor, da du kan <a href=\"https:\/\/jackpotlotteryonline.com\/play-online\/powerball-australia\">spille online p\u00e5 jackpotlotteryonline.com.<\/a><\/p>\n<h2>Hvordan fungerer Powerball Australia?<\/h2>\n<p><img loading=\"lazy\" decoding=\"async\" class=\"size-full wp-image-31181 alignright\" src=\"http:\/\/jackpotlotteryonline.com\/wp-content\/uploads\/2022\/11\/logo_powerball-300x50-1.jpg\" alt=\"spill powerball\" width=\"300\" height=\"50\" \/><\/p>\n<p>Dette lotteriet har kuler med to sett med tall i to forskjellige tromler. Kulene trekkes tilfeldig fra hver trommel, og enhver innsending som matcher de trukne tallene vinner. Den f\u00f8rste trommelen har 35 kuler, og spillerne m\u00e5 velge 7 tall innenfor dette omr\u00e5det. Den andre trommelen har 20 tall, og spillerne m\u00e5 velge ETT tall innenfor dette omr\u00e5det.<\/p>\n<p>Et spill har 8 tall, og en billett kan ha mer enn \u00e9n spillrekke. Faktisk anbefales det \u00e5 delta med flere rekker for \u00e5 \u00f8ke vinnersjansene. Sjansene for \u00e5 vinne jackpotten er 1 i 134,490,400.<\/p>\n<p>Ja, oddsene er ganske h\u00f8ye, men det er slik lotteriet fungerer. Det er et tallspill, og mye har \u00e5 gj\u00f8re med flaks. Det er umulig \u00e5 vite n\u00e5r flaksen vil favorisere en spiller. I tillegg er det en morsom hobby, s\u00e5 lenge du holder deg innenfor det du har r\u00e5d til.<\/p>\n<h2>Kan du \u00f8ke vinnersjansene dine?<\/h2>\n<p>Interessant nok kan du \u00f8ke sjansene for \u00e5 vinne jackpotten. Det finnes ingen garanterte metoder, selv om de fleste vinnere innr\u00f8mmer at de spilte flere ganger f\u00f8r de vant noe. Der ligger hemmeligheten.<\/p>\n<p>Etter v\u00e5r beste forst\u00e5else er m\u00e5ten \u00e5 vippe oddsene i din fav\u00f8r p\u00e5 \u00e5 kj\u00f8pe flere billetter. Det betyr flere spillrekker og flere trekninger. Lotteriet holder trekningene en gang i uken, p\u00e5 torsdager. Hvis du kj\u00f8per billettene dine p\u00e5 v\u00e5r nettside, kan du delta p\u00e5 trekningene flere uker p\u00e5 forh\u00e5nd.<\/p>\n<p>Et annet alternativ er \u00e5 bli med i et lotteri-syndikat. Fordelen med \u00e5 bli med i et syndikat er at pengene dine strekker seg mye lenger enn hvis du spiller alene. Selvf\u00f8lgelig, hvis et syndikat vinner, vil hver medlem dele gevinsten.<\/p>\n<section class=\"layout\" style=\"border: solid 1px; width: 100%;\">\n<div class=\"img-div\" style=\"margin-top: 5px;\">\n    <img decoding=\"async\" class=\"wp-image-17212 alignleft\" style=\"height: 45px; margin: 8px 8px 0px;\" src=\"http:\/\/jackpotlotteryonline.com\/wp-content\/uploads\/2022\/11\/read1.jpg\" alt=\"les\" width=\"\" height=\"\" \/>\n  <\/div>\n<div style=\"padding-left: 5px;\">\n<div style=\"font-size: 1.1em;\">\n      <strong>Velg vinnende lotto tall manuelt eller med RNG<\/strong><\/p>\n<p style=\"font-size: 0.85em; margin-top: -1.5em;\">\n        Hvordan generere vinnende lotto tall? <a href=\"https:\/\/jackpotlotteryonline.com\/how-to-generate-winning-lotto-numbers\">Les mer<\/a>\n      <\/p>\n<\/p><\/div>\n<\/p><\/div>\n<\/section>\n<h2>Hvordan spille Aussie-lotteriet online<\/h2>\n<p><img loading=\"lazy\" decoding=\"async\" class=\"alignright size-medium wp-image-34538\" src=\"http:\/\/jackpotlotteryonline.com\/wp-content\/uploads\/2022\/11\/2_ticket_powerball_au-157x300.jpg\" alt=\"kj\u00f8p powerball lotto billett\" width=\"157\" height=\"300\" srcset=\"https:\/\/jackpotlotteryonline.com\/wp-content\/uploads\/2022\/11\/2_ticket_powerball_au-157x300.jpg 157w, https:\/\/jackpotlotteryonline.com\/wp-content\/uploads\/2022\/11\/2_ticket_powerball_au.jpg 250w\" sizes=\"auto, (max-width: 157px) 100vw, 157px\" \/><\/p>\n<p>\u00c5 spille lotteri online er enkelt, og du kan gj\u00f8re det hvor som helst. N\u00e5r du bes\u00f8ker oss p\u00e5 jackpotlotteryonline.com, kan du enkelt kj\u00f8pe billetter til topp internasjonale lotterier, inkludert australske lotterier. For \u00e5 kj\u00f8pe billettene dine, velg enkelt tallene dine og bli med i trekningen. Er du usikker p\u00e5 hvilke tall du skal bruke? Bruk v\u00e5rt raske valg-verkt\u00f8y for \u00e5 generere tilfeldige tall.<\/p>\n<p>N\u00e5r du kommer til betalingssidene, vil vi be deg om \u00e5 registrere deg. Dette gj\u00f8res for at billetten din skal v\u00e6re sikker p\u00e5 kontoen din. Du kan ogs\u00e5 sette lotteriene dine p\u00e5 autopilot, slik at du automatisk blir med i trekningene du velger. Skulle du vinne en premie, vil vi informere deg raskt, og deretter kan du ta ut premien fra v\u00e5r plattform.<\/p>\n<p>Vi jobber hardt for \u00e5 forenkle lotterierfaringen for deg, slik at du kan slappe av og fokusere p\u00e5 \u00e5 ha det g\u00f8y.<\/p>\n<h2>Premiedeling<\/h2>\n<p>Dette australske lotteriet har 9 premieklasser, og spillere trenger ikke \u00e5 matche alle 8 trukne tallene for \u00e5 vinne en premie. Selv om jackpotten starter p\u00e5 3 millioner dollar, kan den overf\u00f8res flere ganger til den blir mye st\u00f8rre.<\/p>\n<p>Merk at det ikke er noen grense for jackpotst\u00f8rrelsen, men den kan kun overf\u00f8res 25 ganger f\u00f8r den g\u00e5r tilbake til 3 millioner dollar.<\/p>\n<p>Premiene i de lavere klassene er en prosentandel av premiepotten. Vi vil dele gjennomsnittlig utbetaling for \u00e5 gi deg en id\u00e9. Dette er ikke en garantert utbetaling for hver trekning, ettersom bel\u00f8pene kan variere.<\/p>\n<p>&#8211; 7 hovedtall + spesialnummer &#8211; $23,043,155.47 (gjennomsnittlig utbetaling)<br \/>\n&#8211; 7 tall alene &#8211; $126,484.05<br \/>\n&#8211; 6 tall + spesialnummer &#8211; $5,326.97<br \/>\n&#8211; 6 tall alene &#8211; $454.35<br \/>\n&#8211; 5 tall + spesialnummer &#8211; $158.34<br \/>\n&#8211; 4 tall + spesialnummer &#8211; $70.85<br \/>\n&#8211; 5 tall alene &#8211; $42.23<br \/>\n&#8211; 3 tall + spesialnummer &#8211; $17.57<br \/>\n&#8211; 2 tall + spesialnummer &#8211; $10.71<\/p>\n<h2>Hvordan sjekke resultatene<\/h2>\n<p>Resultatene publiseres p\u00e5 v\u00e5r nettside etter hver trekning. Trekningene finner sted hver torsdag kl. 19:25 AEST.<\/p>\n<p>Vi forst\u00e5r at noen ganger skjer livet, og du kan kanskje ikke <a href=\"https:\/\/jackpotlotteryonline.com\/winning-numbers\/powerball-australia\">sjekke trekningens resultater umiddelbart<\/a>. S\u00e5 hvis du vinner en premie, vil vi ikke bare varsle deg via kontoen din, men vi vil ogs\u00e5 sende deg en e-post. P\u00e5 den m\u00e5ten trenger du ikke \u00e5 g\u00e5 glipp av \u00e5 kreve premien din.<\/p>\n<h2>Registrer deg hos oss for \u00e5 kj\u00f8pe Powerball Australia billetter online<\/h2>\n<p>Er du spent p\u00e5 muligheten til \u00e5 spille denne lotterien? Vel, det er vi ogs\u00e5, og vi er glade for \u00e5 bringe det til en mobil enhet n\u00e6r deg. N\u00e5r du har internettilgang, kan du kj\u00f8pe en billett til den australske lotterien.<\/p>\n<p>Lotteriet er et morsomt spill, og det er historier om lotterivinnere overalt. Du kan v\u00e6re den neste vinneren, men du vil ikke vite det med mindre du blir med p\u00e5 trekningene. Vi har forenklet prosessen for \u00e5 gj\u00f8re det til en stressfri opplevelse for deg. Du trenger ikke \u00e5 forlate v\u00e5r nettside for \u00e5 gj\u00f8re noen av dine lotterirelaterte oppgaver. Det er s\u00e5 enkelt.<\/p>\n<p>Uansett hvor du er i verden, kan du kj\u00f8pe en billett til det st\u00f8rste australske lotteriet rett her p\u00e5 v\u00e5r nettside. Registrer deg i dag.<\/p>\n","protected":false},"excerpt":{"rendered":"<p>N\u00e5r du tenker p\u00e5 denne lotterien, er det f\u00f8rste som kommer til tankene vanligvis den amerikanske lotterien, og ikke den australske versjonen. Dette fantastiske lotteriet er elsket av australske lotto-entusiaster. Powerball Australia blir raskt en av de mest popul\u00e6re internasjonale lotteriene, ettersom spillere over hele verden gjenkjenner dets potensial. Med en garantert minimumsjackpot p\u00e5 3 [&hellip;]<\/p>\n","protected":false},"author":7,"featured_media":0,"parent":73606,"menu_order":17,"comment_status":"closed","ping_status":"closed","template":"powerball-au-info.php","meta":{"_et_pb_use_builder":"","_et_pb_old_content":"","_et_gb_content_width":"","exclude_from_search":false,"footnotes":""},"class_list":["post-74115","page","type-page","status-publish","hentry"],"yoast_head":"<!-- This site is optimized with the Yoast SEO plugin v23.3 - https:\/\/yoast.com\/wordpress\/plugins\/seo\/ -->\n<title>Kj\u00f8p Powerball Australia billetter fra utenfor Australia<\/title>\n<meta name=\"description\" content=\"Den australske versjonen av Powerball-lotteriet - du kan delta ved \u00e5 bare kj\u00f8pe en billett online her p\u00e5 v\u00e5r nettside.\" \/>\n<meta name=\"robots\" content=\"index, follow, max-snippet:-1, max-image-preview:large, max-video-preview:-1\" \/>\n<link rel=\"canonical\" href=\"https:\/\/jackpotlotteryonline.com\/sr\/kako-kupiti-tiket-za-lutriju-online\/jop-powerball-australia-billetter\/\" \/>\n<meta property=\"og:locale\" content=\"sr_RS\" \/>\n<meta property=\"og:type\" content=\"article\" \/>\n<meta property=\"og:title\" content=\"Kj\u00f8p Powerball Australia billetter fra utenfor Australia\" \/>\n<meta property=\"og:description\" content=\"Den australske versjonen av Powerball-lotteriet - du kan delta ved \u00e5 bare kj\u00f8pe en billett online her p\u00e5 v\u00e5r nettside.\" \/>\n<meta property=\"og:url\" content=\"https:\/\/jackpotlotteryonline.com\/sr\/kako-kupiti-tiket-za-lutriju-online\/jop-powerball-australia-billetter\/\" \/>\n<meta property=\"og:site_name\" content=\"Lotto Online - Crack The International Lottery Jackpots\" \/>\n<meta property=\"og:image\" content=\"http:\/\/jackpotlotteryonline.com\/wp-content\/uploads\/2022\/11\/logo_powerball-300x50-1.jpg\" \/>\n<meta name=\"twitter:card\" content=\"summary_large_image\" \/>\n<!-- \/ Yoast SEO plugin. -->","yoast_head_json":{"title":"Kj\u00f8p Powerball Australia billetter fra utenfor Australia","description":"Den australske versjonen av Powerball-lotteriet - du kan delta ved \u00e5 bare kj\u00f8pe en billett online her p\u00e5 v\u00e5r nettside.","robots":{"index":"index","follow":"follow","max-snippet":"max-snippet:-1","max-image-preview":"max-image-preview:large","max-video-preview":"max-video-preview:-1"},"canonical":"https:\/\/jackpotlotteryonline.com\/sr\/kako-kupiti-tiket-za-lutriju-online\/jop-powerball-australia-billetter\/","og_locale":"sr_RS","og_type":"article","og_title":"Kj\u00f8p Powerball Australia billetter fra utenfor Australia","og_description":"Den australske versjonen av Powerball-lotteriet - du kan delta ved \u00e5 bare kj\u00f8pe en billett online her p\u00e5 v\u00e5r nettside.","og_url":"https:\/\/jackpotlotteryonline.com\/sr\/kako-kupiti-tiket-za-lutriju-online\/jop-powerball-australia-billetter\/","og_site_name":"Lotto Online - Crack The International Lottery Jackpots","og_image":[{"url":"http:\/\/jackpotlotteryonline.com\/wp-content\/uploads\/2022\/11\/logo_powerball-300x50-1.jpg"}],"twitter_card":"summary_large_image","schema":{"@context":"https:\/\/schema.org","@graph":[{"@type":"WebPage","@id":"https:\/\/jackpotlotteryonline.com\/sr\/kako-kupiti-tiket-za-lutriju-online\/jop-powerball-australia-billetter\/","url":"https:\/\/jackpotlotteryonline.com\/sr\/kako-kupiti-tiket-za-lutriju-online\/jop-powerball-australia-billetter\/","name":"Kj\u00f8p Powerball Australia billetter fra utenfor Australia","isPartOf":{"@id":"https:\/\/jackpotlotteryonline.com\/#website"},"primaryImageOfPage":{"@id":"https:\/\/jackpotlotteryonline.com\/sr\/kako-kupiti-tiket-za-lutriju-online\/jop-powerball-australia-billetter\/#primaryimage"},"image":{"@id":"https:\/\/jackpotlotteryonline.com\/sr\/kako-kupiti-tiket-za-lutriju-online\/jop-powerball-australia-billetter\/#primaryimage"},"thumbnailUrl":"http:\/\/jackpotlotteryonline.com\/wp-content\/uploads\/2022\/11\/logo_powerball-300x50-1.jpg","datePublished":"2025-02-05T14:02:07+00:00","dateModified":"2025-02-05T14:02:07+00:00","description":"Den australske versjonen av Powerball-lotteriet - du kan delta ved \u00e5 bare kj\u00f8pe en billett online her p\u00e5 v\u00e5r nettside.","breadcrumb":{"@id":"https:\/\/jackpotlotteryonline.com\/sr\/kako-kupiti-tiket-za-lutriju-online\/jop-powerball-australia-billetter\/#breadcrumb"},"inLanguage":"sr-RS","potentialAction":[{"@type":"ReadAction","target":["https:\/\/jackpotlotteryonline.com\/sr\/kako-kupiti-tiket-za-lutriju-online\/jop-powerball-australia-billetter\/"]}]},{"@type":"ImageObject","inLanguage":"sr-RS","@id":"https:\/\/jackpotlotteryonline.com\/sr\/kako-kupiti-tiket-za-lutriju-online\/jop-powerball-australia-billetter\/#primaryimage","url":"http:\/\/jackpotlotteryonline.com\/wp-content\/uploads\/2022\/11\/logo_powerball-300x50-1.jpg","contentUrl":"http:\/\/jackpotlotteryonline.com\/wp-content\/uploads\/2022\/11\/logo_powerball-300x50-1.jpg"},{"@type":"BreadcrumbList","@id":"https:\/\/jackpotlotteryonline.com\/sr\/kako-kupiti-tiket-za-lutriju-online\/jop-powerball-australia-billetter\/#breadcrumb","itemListElement":[{"@type":"ListItem","position":1,"name":"Home","item":"https:\/\/jackpotlotteryonline.com\/sr\/"},{"@type":"ListItem","position":2,"name":"Kako kupiti tiket za lutriju online","item":"https:\/\/jackpotlotteryonline.com\/sr\/kako-kupiti-tiket-za-lutriju-online\/"},{"@type":"ListItem","position":3,"name":"J\u00f8p Powerball Australia billetter"}]},{"@type":"WebSite","@id":"https:\/\/jackpotlotteryonline.com\/#website","url":"https:\/\/jackpotlotteryonline.com\/","name":"Lotto Online - Crack The International Lottery Jackpots","description":"","potentialAction":[{"@type":"SearchAction","target":{"@type":"EntryPoint","urlTemplate":"https:\/\/jackpotlotteryonline.com\/?s={search_term_string}"},"query-input":"required name=search_term_string"}],"inLanguage":"sr-RS"}]}},"_links":{"self":[{"href":"https:\/\/jackpotlotteryonline.com\/sr\/wp-json\/wp\/v2\/pages\/74115","targetHints":{"allow":["GET"]}}],"collection":[{"href":"https:\/\/jackpotlotteryonline.com\/sr\/wp-json\/wp\/v2\/pages"}],"about":[{"href":"https:\/\/jackpotlotteryonline.com\/sr\/wp-json\/wp\/v2\/types\/page"}],"author":[{"embeddable":true,"href":"https:\/\/jackpotlotteryonline.com\/sr\/wp-json\/wp\/v2\/users\/7"}],"replies":[{"embeddable":true,"href":"https:\/\/jackpotlotteryonline.com\/sr\/wp-json\/wp\/v2\/comments?post=74115"}],"version-history":[{"count":0,"href":"https:\/\/jackpotlotteryonline.com\/sr\/wp-json\/wp\/v2\/pages\/74115\/revisions"}],"up":[{"embeddable":true,"href":"https:\/\/jackpotlotteryonline.com\/sr\/wp-json\/wp\/v2\/pages\/73606"}],"wp:attachment":[{"href":"https:\/\/jackpotlotteryonline.com\/sr\/wp-json\/wp\/v2\/media?parent=74115"}],"curies":[{"name":"wp","href":"https:\/\/api.w.org\/{rel}","templated":true}]}}