{"id":74144,"date":"2025-02-05T14:34:03","date_gmt":"2025-02-05T14:34:03","guid":{"rendered":"https:\/\/jackpotlotteryonline.com\/?page_id=74144"},"modified":"2025-02-05T14:34:03","modified_gmt":"2025-02-05T14:34:03","slug":"kupovina-tiketa-za-saturday-lotto-australija","status":"publish","type":"page","link":"https:\/\/jackpotlotteryonline.com\/sr\/kako-kupiti-tiket-za-lutriju-online\/kupovina-tiketa-za-saturday-lotto-australija\/","title":{"rendered":"Kupovina tiketa za Saturday Lotto Australija"},"content":{"rendered":"<p>Australija ima mnogo lutrija, kao \u0161to su Wednesday Lotto, Powerball i Saturday Lotto Australija. Saturday Lotto je veoma popularna lutrija me\u0111u igra\u010dima i pru\u017ea ne\u0161to na \u0161ta se ljudi svakog vikenda mogu radovati. Kada je ova lutrija prvi put predstavljena, samo su australijski igra\u010di mogli u\u010destvovati. Na sre\u0107u, danas igra\u010di iz celog sveta mogu u\u010destvovati u Saturday Lotto.<\/p>\n<p>Kako mo\u017eete kupiti tiket za Saturday Lotto ako \u017eivite van Australije? Nastavite da \u010ditate da biste saznali! Objasni\u0107emo vam sve korake i odgovoriti na sva va\u0161a pitanja. Tako\u0111e \u0107emo odvojiti vreme da objasnimo kako ova lutrija funkcioni\u0161e, za one koji mo\u017eda nisu upoznati s njom. Nadamo se da \u0107ete nakon \u010ditanja ovog \u010dlanka biti uzbu\u0111eni i spremni da kupite tiket za ovu lutriju.<\/p>\n<h2>\u0160ta je Saturday Lotto Australija?<\/h2>\n<p>Ovo je lutrija koja je prvi put uvedena 1972. godine u Australiji, i postala je jedna od najpopularnijih lutrija me\u0111u igra\u010dima. Ova lutrija je poznata i pod imenima Tatts Lotto, X Lotto i Gold Lotto u odre\u0111enim delovima zemlje i upravlja njom grupacija Tatts Lottery.<\/p>\n<p>Lutrija ima \u0161est nagradnih kategorija, koje \u0107emo detaljnije objasniti u nastavku. Saturday Lotto po\u010dinje sa po\u010detnom nagradom od 5 miliona australijskih dolara. Zanimljivo je da su \u0161anse za osvajanje glavne nagrade mnogo ve\u0107e nego na nekim drugim lutrijama. Za razliku od drugih lutrija, igra\u010d samo treba da pogodi glavne brojeve da bi osvojio glavnu nagradu.<\/p>\n<p>Postoje i dodatni brojevi, ali ti brojevi se koriste za odre\u0111ivanje pobednika u drugim nagradnim kategorijama. To pokazuje da, iako postoje i druge lutrija za razli\u010dite dane u nedelji, upravo je Saturday Lotto ona koju Australijanci najvi\u0161e vole. U slede\u0107im paragrafima \u0107emo objasniti kako da se kladite i koje su sve nagradne kategorije.<\/p>\n<h2>Kako igrati Saturday Lotto?<\/h2>\n<p><img loading=\"lazy\" decoding=\"async\" class=\"alignright size-full wp-image-35132\" src=\"http:\/\/jackpotlotteryonline.com\/wp-content\/uploads\/2022\/11\/2_ticket_saturday_lotto_au2-1-180x300-1.jpg\" alt=\"Kupovina tiketa za Saturday Lotto online\" width=\"180\" height=\"300\" \/><\/p>\n<p>Za <a href=\"https:\/\/jackpotlotteryonline.com\/play-online\/saturday-lotto\">igranje ove lutrije<\/a> treba da izaberete 6 glavnih brojeva izme\u0111u 1 i 45, a zatim jo\u0161 2 dodatna broja izme\u0111u 1 i 6. Dodatni brojevi se ne koriste za odre\u0111ivanje glavne nagrade \u2013 potrebno je da pogodite 8 izvu\u010denih brojeva da biste osvojili glavnu nagradu.<\/p>\n<p>Svog vikenda, 6 brojeva se nasumi\u010dno izvla\u010di sa toke koja sadr\u017ei 45 brojeva. Ovi brojevi su pobedni\u010dki brojevi, a svi tiketi koji odgovaraju tim brojevima su dobitni. Zatim se izvla\u010de jo\u0161 dva dodatna broja sa posebne toke sa 6 brojeva. Ovi brojevi se koriste za odre\u0111ivanje nagrada u drugim kategorijama.<\/p>\n<p>Kao \u0161to ime implicira, izvla\u010denja se odr\u017eavaju svakog vikenda u subotu. Tike se zatvaraju za u\u010de\u0161\u0107e u 19:25 po AEST vremenu. Igra\u010di koji \u017eele da u\u010destvuju u izvl\u010denju za tu nedelju moraju da kupe tikete pre ovog vremena.<\/p>\n<h2>Nagradne kategorije<\/h2>\n<p>Tatts Lotto ima 8 nagradnih kategorija. Kada kupite tiket za ovu lutriju, imate \u0161ansu da osvojite nagradu u bilo kojoj od ovih kategorija. Slede\u0107a tabela prikazuje kombinacije dobitnih brojeva i nagrade:<\/p>\n<p>&#8211; Kategorija 1 (Glavna nagrada) \u2013 Poga\u0111anje svih 6 glavnih brojeva<br \/>\n&#8211; Kategorija 2 \u2013 Poga\u0111anje 5 glavnih brojeva + 1 dodatni broj<br \/>\n&#8211; Kategorija 3 \u2013 Poga\u0111anje 5 glavnih brojeva<br \/>\n&#8211; Kategorija 4 \u2013 Poga\u0111anje 4 glavna broja<br \/>\n&#8211; Kategorija 5 \u2013 Poga\u0111anje 3 glavna broja + 1 dodatni broj<br \/>\n&#8211; Kategorija 6 \u2013 Poga\u0111anje 3 glavna broja<\/p>\n<p>Organizatori su se potrudili da igra\u010dima omogu\u0107e bolje \u0161anse da pobede na ovoj lutriji. \u0160anse za pobedu su prili\u010dno dobre, a sa po\u010detnom nagradom od 5 miliona australijskih dolara, nije iznena\u0111enje \u0161to je Saturday Lotto tako voljena lutrija. Ako to ve\u0107 niste u\u010dinili, mo\u017eda je vreme da razmislite o kupovini tiketa.<\/p>\n<h2>Pro\u0161li dobitnici<\/h2>\n<p>Pre nego \u0161to objasnimo kako mo\u017eete da kupite tiket za Saturday Lotto izvan Australije, mo\u017eda \u017eelite da pogledate neke od pro\u0161lih dobitnika. Tokom godina, bilo je mnogo dobitnika, pa \u0107emo se fokusirati na nekoliko najnovijih, nadaju\u0107i se da \u0107e vas inspirisati.<\/p>\n<p>Prva osoba na na\u0161oj listi je majka iz Australije koja je odlu\u010dila da ostane anonimna. Ona je podelila glavnu nagradu u Saturday Lotto sa jo\u0161 jednim dobitnikom. Izve\u0161taji ka\u017eu da je trebalo dva nedelje da sazna da je osvojila. Da je \u010dekala jo\u0161, ne bi mogla da preuzme nagradu. Na sre\u0107u, ponovo je proverila i shvatila da je osvojila.<\/p>\n<p>Jo\u0161 jedan dobitnik je mu\u0161karac koji je godinama igrao sa istim brojevima u Saturday Lotto. Njegova upornost se isplatila i osvojio je glavnu nagradu. Mnogi dobitnici lutrija ka\u017eu da su igrali mnogo godina pre nego \u0161to su osvojili. Ponekad je potrebno da budete strpljivi i dosledni da biste dobili \u017eeljeni rezultat.<\/p>\n<h2>Kupovina tiketa izvan Australije<\/h2>\n<p>Dakle, ako ne \u017eivite u prelepoj Australiji, kako mo\u017eete da kupite tiket za Saturday Lotto? Pre Interneta, ovo je bilo gotovo nemogu\u0107e, ili bar veoma te\u0161ko. Na sre\u0107u, sada mo\u017eete da kupite tikete za Tatts Lotto online.<\/p>\n<p>Postoje online servisi koji omogu\u0107avaju igra\u010dima da u\u010destvuju u me\u0111unarodnim lutrijama. Ovi servisi nude &#8220;koncijerske&#8221; usluge koje poma\u017eu igra\u010dima da kupe tikete u bilo kojoj zemlji. Kada se registrujete na takvim sajtovima, mo\u017eete lako da u\u010destvujete u Saturday Lotto i preuzmete bilo koju nagradu koju osvojite.<\/p>\n<p>Na sajtu jackpotlotteryonline.com, imamo koncijerski servis koji omogu\u0107ava na\u0161im korisnicima lak\u0161e iskustvo. Kada se registrujete na na\u0161em sajtu, mo\u017eete lako kupiti tikete za Saturday Lotto i mnoge druge me\u0111unarodne lutrije.<\/p>\n<h2>\u010cesta pitanja<\/h2>\n<p><img loading=\"lazy\" decoding=\"async\" class=\"wp-image-29264 alignright\" src=\"http:\/\/jackpotlotteryonline.com\/wp-content\/uploads\/2022\/11\/1_play_online_lotto-300x300.jpg\" alt=\"Igrajte u Saturday Lotto online\" width=\"235\" height=\"235\" srcset=\"https:\/\/jackpotlotteryonline.com\/wp-content\/uploads\/2022\/11\/1_play_online_lotto-300x300.jpg 300w, https:\/\/jackpotlotteryonline.com\/wp-content\/uploads\/2022\/11\/1_play_online_lotto-100x100.jpg 100w, https:\/\/jackpotlotteryonline.com\/wp-content\/uploads\/2022\/11\/1_play_online_lotto-150x150.jpg 150w, https:\/\/jackpotlotteryonline.com\/wp-content\/uploads\/2022\/11\/1_play_online_lotto.jpg 480w\" sizes=\"auto, (max-width: 235px) 100vw, 235px\" \/><\/p>\n<p>Znam da mo\u017eda imate mnogo pitanja. To je potpuno normalno \u2013 tu smo da na njih odgovorimo. Trudi\u0107emo se da obuhvatimo sve, ali ako imate bilo kakve sumnje, rado \u0107emo vam pomo\u0107i. Ovde su neka od naj\u010de\u0161\u0107ih pitanja na koja \u0107emo odgovoriti.<\/p>\n<h3>Da li mogu da kupim tiket online?<\/h3>\n<p>Da, mo\u017eete da kupite tikete za lutriju online i to je potpuno legalno. Samo se pobrinite da koristite pouzdanog provajdera za u\u010de\u0161\u0107e u lutrijama. Mnoge lutrijske grupe imaju svoje specijalizovane sajtove, a ako \u017eelite da igrate u vi\u0161e lutrija, najbolja opcija je da se registrujete na sajt koji vam omogu\u0107ava pristup vi\u0161e njih.<\/p>\n<h3>Kako da kupim tiket?<\/h3>\n<p>Kupovina tiketa je veoma jednostavna kada se registrujete na na\u0161em sajtu. Samo izaberite brojeve i u\u010destvujte u izla\u010denju. Mo\u017eete kupiti vi\u0161e tiketa kako biste pove\u0107ali svoje \u0161anse za pobedu. Ako niste sigurni koji brojevi da izaberete, na\u0161 automatizovani alat \u0107e to u\u010diniti umesto vas. Mi radimo na tome da proces kupovine bude jednostavan i intuitivan za igra\u010de.<\/p>\n<h3>\u0160ta je koncijerski servis?<\/h3>\n<p>Drago nam je da ste ovo pitanje postavili. Kada ka\u017eemo da pru\u017eamo koncijerski servis, to zna\u010di da imamo agente u razli\u010ditim zemljama, uklju\u010duju\u0107i Australiju. Kada kupite tiket za lutriju od nas, na\u0161i agenti idu i kupuju fizi\u010dki tiket sa istim brojevima koje ste izabrali. To zna\u010di da mo\u017eete u\u010destvovati u lutriji, bez obzira gde se nalazite.<\/p>\n<h3>Kako da postanem dobitnik?<\/h3>\n<p>Da biste pobedili na ovoj australijskoj lutriji, potrebno je da pogodite svih 6 glavnih brojeva koji budu izvu\u010deni da biste osvojili glavnu nagradu. Ne morate da pogodite dodatne brojeve jer se oni koriste za odre\u0111ivanje nagrada u kategorijama 2 i 5.<\/p>\n<h3>Kako da proverim rezultate?<\/h3>\n<p>Nakon svakog izla\u010denja, mi objavljujemo rezultate na sajtu jackpotlotteryonline.com. Da biste saznali rezultate za Saturday Lotto, samo treba da posetite <a href=\"https:\/\/jackpotlotteryonline.com\/winning-numbers\/saturday-lotto\">stranicu sa rezultatima Saturday Lotto<\/a>.<\/p>\n<h3>\u0160ta ako zaboravim da proverim rezultate?<\/h3>\n<p>Najbolji deo je \u0161to, kada kupite tiket od nas, nije va\u017eno da li proveravate rezultate \u2013 mi to radimo umesto vas. Ako ste osvojili nagradu, obavesti\u0107emo vas putem va\u0161eg korisni\u010dkog portala i email-a.<\/p>\n<h3>\u0160ta da radim ako postanem dobitnik?<\/h3>\n<p>\u010cestitamo! Ako ste pobedili, slede\u0107i korak je veoma jednostavan. Posetite svoj korisni\u010dki portal i povucite novac putem dostupnih metoda pla\u0107anja. To je vrlo jednostavno.<\/p>\n<h2>Registrujte se na na\u0161em sajtu danas!<\/h2>\n<p>Igranje lutrija je zabavno i daje igra\u010dima ne\u0161to na \u0161ta se mogu radovati svake nedelje. Saturday Lotto ima fantasti\u010dne nagrade, a \u0161anse za pobedu su odli\u010dne, tako da je ova lutrija savr\u0161ena za svakog igra\u010da, bilo da je po\u010detnik ili profesionalac. Sada ova lutrija nije samo za Australijance, jer ljudi \u0161irom sveta mogu u\u010destvovati u njoj.<\/p>\n<p>Ako \u017eelite da u\u017eivate u igri, za\u0161to ne biste razmislili o Saturday Lotto? Bez obzira gde se nalazite, mo\u017eete da kupite tiket za ovu lutriju kada se registrujete na na\u0161em sajtu. Kupite vi\u0161e tiketa i jednostavno u\u010destvujte u razli\u010ditim izla\u010denjima. Na\u0161 posao je da vam omogu\u0107imo da u\u010destvujete u lutrijama koje volite, sa \u0161to manje stresa.<\/p>\n<p>Opustite se i u\u017eivajte \u2013 nikada ne znate kada bi mogao biti dan kada \u0107ete osvojiti veliki dobitak. Za\u0161to danas ne biste kupili tiket i registrovali se na na\u0161em sajtu?<\/p>\n","protected":false},"excerpt":{"rendered":"<p>Australija ima mnogo lutrija, kao \u0161to su Wednesday Lotto, Powerball i Saturday Lotto Australija. Saturday Lotto je veoma popularna lutrija me\u0111u igra\u010dima i pru\u017ea ne\u0161to na \u0161ta se ljudi svakog vikenda mogu radovati. Kada je ova lutrija prvi put predstavljena, samo su australijski igra\u010di mogli u\u010destvovati. Na sre\u0107u, danas igra\u010di iz celog sveta mogu u\u010destvovati [&hellip;]<\/p>\n","protected":false},"author":7,"featured_media":0,"parent":73606,"menu_order":18,"comment_status":"closed","ping_status":"closed","template":"saturday-lotto-info.php","meta":{"_et_pb_use_builder":"","_et_pb_old_content":"","_et_gb_content_width":"","exclude_from_search":false,"footnotes":""},"class_list":["post-74144","page","type-page","status-publish","hentry"],"yoast_head":"<!-- This site is optimized with the Yoast SEO plugin v23.3 - https:\/\/yoast.com\/wordpress\/plugins\/seo\/ -->\n<title>Kupovina tiketa za Saturday Lotto Australija izvan Australije<\/title>\n<meta name=\"description\" content=\"Popularna australijska lutrija Saturday Lotto nudi fantasti\u010dne nagrade. Igra\u010di \u0161irom sveta sada mogu kupiti tikete za Saturday Lotto online.\" \/>\n<meta name=\"robots\" content=\"index, follow, max-snippet:-1, max-image-preview:large, max-video-preview:-1\" \/>\n<link rel=\"canonical\" href=\"https:\/\/jackpotlotteryonline.com\/sr\/kako-kupiti-tiket-za-lutriju-online\/kupovina-tiketa-za-saturday-lotto-australija\/\" \/>\n<meta property=\"og:locale\" content=\"sr_RS\" \/>\n<meta property=\"og:type\" content=\"article\" \/>\n<meta property=\"og:title\" content=\"Kupovina tiketa za Saturday Lotto Australija izvan Australije\" \/>\n<meta property=\"og:description\" content=\"Popularna australijska lutrija Saturday Lotto nudi fantasti\u010dne nagrade. Igra\u010di \u0161irom sveta sada mogu kupiti tikete za Saturday Lotto online.\" \/>\n<meta property=\"og:url\" content=\"https:\/\/jackpotlotteryonline.com\/sr\/kako-kupiti-tiket-za-lutriju-online\/kupovina-tiketa-za-saturday-lotto-australija\/\" \/>\n<meta property=\"og:site_name\" content=\"Lotto Online - Crack The International Lottery Jackpots\" \/>\n<meta property=\"og:image\" content=\"http:\/\/jackpotlotteryonline.com\/wp-content\/uploads\/2022\/11\/2_ticket_saturday_lotto_au2-1-180x300-1.jpg\" \/>\n<meta name=\"twitter:card\" content=\"summary_large_image\" \/>\n<!-- \/ Yoast SEO plugin. -->","yoast_head_json":{"title":"Kupovina tiketa za Saturday Lotto Australija izvan Australije","description":"Popularna australijska lutrija Saturday Lotto nudi fantasti\u010dne nagrade. Igra\u010di \u0161irom sveta sada mogu kupiti tikete za Saturday Lotto online.","robots":{"index":"index","follow":"follow","max-snippet":"max-snippet:-1","max-image-preview":"max-image-preview:large","max-video-preview":"max-video-preview:-1"},"canonical":"https:\/\/jackpotlotteryonline.com\/sr\/kako-kupiti-tiket-za-lutriju-online\/kupovina-tiketa-za-saturday-lotto-australija\/","og_locale":"sr_RS","og_type":"article","og_title":"Kupovina tiketa za Saturday Lotto Australija izvan Australije","og_description":"Popularna australijska lutrija Saturday Lotto nudi fantasti\u010dne nagrade. Igra\u010di \u0161irom sveta sada mogu kupiti tikete za Saturday Lotto online.","og_url":"https:\/\/jackpotlotteryonline.com\/sr\/kako-kupiti-tiket-za-lutriju-online\/kupovina-tiketa-za-saturday-lotto-australija\/","og_site_name":"Lotto Online - Crack The International Lottery Jackpots","og_image":[{"url":"http:\/\/jackpotlotteryonline.com\/wp-content\/uploads\/2022\/11\/2_ticket_saturday_lotto_au2-1-180x300-1.jpg"}],"twitter_card":"summary_large_image","schema":{"@context":"https:\/\/schema.org","@graph":[{"@type":"WebPage","@id":"https:\/\/jackpotlotteryonline.com\/sr\/kako-kupiti-tiket-za-lutriju-online\/kupovina-tiketa-za-saturday-lotto-australija\/","url":"https:\/\/jackpotlotteryonline.com\/sr\/kako-kupiti-tiket-za-lutriju-online\/kupovina-tiketa-za-saturday-lotto-australija\/","name":"Kupovina tiketa za Saturday Lotto Australija izvan Australije","isPartOf":{"@id":"https:\/\/jackpotlotteryonline.com\/#website"},"primaryImageOfPage":{"@id":"https:\/\/jackpotlotteryonline.com\/sr\/kako-kupiti-tiket-za-lutriju-online\/kupovina-tiketa-za-saturday-lotto-australija\/#primaryimage"},"image":{"@id":"https:\/\/jackpotlotteryonline.com\/sr\/kako-kupiti-tiket-za-lutriju-online\/kupovina-tiketa-za-saturday-lotto-australija\/#primaryimage"},"thumbnailUrl":"http:\/\/jackpotlotteryonline.com\/wp-content\/uploads\/2022\/11\/2_ticket_saturday_lotto_au2-1-180x300-1.jpg","datePublished":"2025-02-05T14:34:03+00:00","dateModified":"2025-02-05T14:34:03+00:00","description":"Popularna australijska lutrija Saturday Lotto nudi fantasti\u010dne nagrade. Igra\u010di \u0161irom sveta sada mogu kupiti tikete za Saturday Lotto online.","breadcrumb":{"@id":"https:\/\/jackpotlotteryonline.com\/sr\/kako-kupiti-tiket-za-lutriju-online\/kupovina-tiketa-za-saturday-lotto-australija\/#breadcrumb"},"inLanguage":"sr-RS","potentialAction":[{"@type":"ReadAction","target":["https:\/\/jackpotlotteryonline.com\/sr\/kako-kupiti-tiket-za-lutriju-online\/kupovina-tiketa-za-saturday-lotto-australija\/"]}]},{"@type":"ImageObject","inLanguage":"sr-RS","@id":"https:\/\/jackpotlotteryonline.com\/sr\/kako-kupiti-tiket-za-lutriju-online\/kupovina-tiketa-za-saturday-lotto-australija\/#primaryimage","url":"http:\/\/jackpotlotteryonline.com\/wp-content\/uploads\/2022\/11\/2_ticket_saturday_lotto_au2-1-180x300-1.jpg","contentUrl":"http:\/\/jackpotlotteryonline.com\/wp-content\/uploads\/2022\/11\/2_ticket_saturday_lotto_au2-1-180x300-1.jpg"},{"@type":"BreadcrumbList","@id":"https:\/\/jackpotlotteryonline.com\/sr\/kako-kupiti-tiket-za-lutriju-online\/kupovina-tiketa-za-saturday-lotto-australija\/#breadcrumb","itemListElement":[{"@type":"ListItem","position":1,"name":"Home","item":"https:\/\/jackpotlotteryonline.com\/sr\/"},{"@type":"ListItem","position":2,"name":"Kako kupiti tiket za lutriju online","item":"https:\/\/jackpotlotteryonline.com\/sr\/kako-kupiti-tiket-za-lutriju-online\/"},{"@type":"ListItem","position":3,"name":"Kupovina tiketa za Saturday Lotto Australija"}]},{"@type":"WebSite","@id":"https:\/\/jackpotlotteryonline.com\/#website","url":"https:\/\/jackpotlotteryonline.com\/","name":"Lotto Online - Crack The International Lottery Jackpots","description":"","potentialAction":[{"@type":"SearchAction","target":{"@type":"EntryPoint","urlTemplate":"https:\/\/jackpotlotteryonline.com\/?s={search_term_string}"},"query-input":"required name=search_term_string"}],"inLanguage":"sr-RS"}]}},"_links":{"self":[{"href":"https:\/\/jackpotlotteryonline.com\/sr\/wp-json\/wp\/v2\/pages\/74144","targetHints":{"allow":["GET"]}}],"collection":[{"href":"https:\/\/jackpotlotteryonline.com\/sr\/wp-json\/wp\/v2\/pages"}],"about":[{"href":"https:\/\/jackpotlotteryonline.com\/sr\/wp-json\/wp\/v2\/types\/page"}],"author":[{"embeddable":true,"href":"https:\/\/jackpotlotteryonline.com\/sr\/wp-json\/wp\/v2\/users\/7"}],"replies":[{"embeddable":true,"href":"https:\/\/jackpotlotteryonline.com\/sr\/wp-json\/wp\/v2\/comments?post=74144"}],"version-history":[{"count":0,"href":"https:\/\/jackpotlotteryonline.com\/sr\/wp-json\/wp\/v2\/pages\/74144\/revisions"}],"up":[{"embeddable":true,"href":"https:\/\/jackpotlotteryonline.com\/sr\/wp-json\/wp\/v2\/pages\/73606"}],"wp:attachment":[{"href":"https:\/\/jackpotlotteryonline.com\/sr\/wp-json\/wp\/v2\/media?parent=74144"}],"curies":[{"name":"wp","href":"https:\/\/api.w.org\/{rel}","templated":true}]}}