{"id":74173,"date":"2025-02-05T16:39:19","date_gmt":"2025-02-05T16:39:19","guid":{"rendered":"https:\/\/jackpotlotteryonline.com\/?page_id=74173"},"modified":"2025-02-05T16:39:19","modified_gmt":"2025-02-05T16:39:19","slug":"74173-2","status":"publish","type":"page","link":"https:\/\/jackpotlotteryonline.com\/sr\/rezultati-lutrije\/74173-2\/","title":{"rendered":""},"content":{"rendered":"<p>Rezultati izvla\u010denja Powerball<\/p>\n<p>Powerball je ameri\u010dka lutrija koja ima jedan od najve\u0107ih d\u017eekpotova svih vremena. Pobediti na ameri\u010dkom Powerballu je ultimativni san gotovo svakog kladioni\u010dara. Zbog neverovatno velikih d\u017eekpotova, koji ponekad dosti\u017eu 1 milijardu dolara, igra\u010di \u0161irom sveta kupuju Powerball tikete online. Svaki igra\u010d gaji sna\u017enu nadu da \u0107e osvojiti lutriju. Me\u0111utim, kupiti tiket je jedno, a proveriti dobitne brojeve je ne\u0161to drugo. Da biste saznali da li imate dobitni tiket za Powerball lutriju, va\u017eno je da proverite rezultate izvla\u010denja.<\/p>\n<p>Na ovoj stranici podeli\u0107emo sa vama kako da proverite dobitne rezultate online. Tako\u0111e, pokaza\u0107emo vam kako da ostvarite pristup svojim dobitcima, \u010dak iako ste online igra\u010d.<\/p>\n<p>Zapamtite da mo\u017eete <a href=\"https:\/\/jackpotlotteryonline.com\/buy-tickets\/powerball\">kupiti dobitne tikete za Powerball<\/a> na jackpotlotteryonline.com i proveriti dobitne brojeve tamo u isto vreme.<\/p>\n<h2><span style=\"font-weight: 400;\">Za\u0161to je Powerball toliko popularan?<\/span><\/h2>\n<p> <span style=\"font-weight: 400;\"><img loading=\"lazy\" decoding=\"async\" class=\"alignright size-full wp-image-29588\" src=\"http:\/\/jackpotlotteryonline.com\/wp-content\/uploads\/2022\/11\/1_results_powerball.jpg\" alt=\"igrati powerball\" width=\"300\" height=\"224\" \/>Postoji nekoliko razloga za\u0161to igra\u010di pose\u0107uju Powerball. To je ameri\u010dka multi-dr\u017eavna lutrija, \u0161to zna\u010di da se tiketi prodaju u nekoliko ameri\u010dkih dr\u017eava. Dakle, oni koji \u017eive u tim dr\u017eavama mogu lako da kupe Powerball tikete. Ali nisu samo ameri\u010dki ljubitelji lutrija ti koji kupuju tikete sa nadom da \u0107e pobediti na ovoj lutriji. Kladioni\u010dari \u0161irom sveta tako\u0111e \u017eure da kupe dobitne Powerball tikete.<\/span><br \/>\n<span style=\"font-weight: 400;\">U oktobru 2022. godine, Powerball d\u017eekpot je dostigao rekordnih 1 milijardu dolara i pobedio je jedan jedini dobitnik. Samo pomisao na osvajanje milijarde dolara je dovoljna da uzbudi igra\u010de svuda. Tako\u0111e, iako su \u0161anse za pobedu u Powerballu prili\u010dno visoke, igra\u010di \u010desto osvajaju d\u017eekpot.<\/span><\/p>\n<p><span style=\"font-weight: 400;\">Ponovo, Powerball ima nekoliko kategorija sa so\u010dnim nagradama. Dakle, \u010dak i ako ne osvojite prvu nagradu, jo\u0161 uvek mo\u017eete oti\u0107i ku\u0107i sa velikim dobitkom.<\/span><\/p>\n<h2><span style=\"font-weight: 400;\">Igranje i osvajanje Powerball-a online<\/span><\/h2>\n<p> <span style=\"font-weight: 400;\">Zabavni deo igre <a href=\"https:\/\/jackpotlotteryonline.com\/play-online\/powerball\">Powerball-a online<\/a> je to \u0161to mo\u017eete brzo da pristupite ovoj ameri\u010dkoj lutriji sa bilo kog mesta. Ako kupite svoj dobitni tiket na jackpotlotteryonline.com, mo\u017eete lako da izaberete svoje dobitne brojeve. Jednostavno izaberite 5 brojeva od 1 do 69 i jedan dodatni broj od 1 do 26.<\/span><br \/>\n<span style=\"font-weight: 400;\">Nakon \u0161to izaberete svoje dobitne brojeve, slede\u0107i korak je da u\u010destvujete u izvla\u010denju. Powerball ima tri nedeljna izvla\u010denja, utorkom, \u010detvrtkom i nedeljom. Mi vam olak\u0161avamo da u\u010destvujete u jednom ili vi\u0161e izvla\u010denja, u zavisnosti od va\u0161ih \u017eelja. Tako\u0111e, mo\u017eete u\u010destvovati u izvla\u010denjima nekoliko nedelja unapred.<\/span><\/p>\n<p><span style=\"font-weight: 400;\">Nakon obrade va\u0161eg pla\u0107anja, slede\u0107i korak je da \u010dekate izvla\u010denja. To je trenutak kada \u0107e biti objavljeni dobitni brojevi i mo\u017eete da saznate da li ste pobedili na lutriji.<\/span><\/p>\n<section class=\"layout\" style=\"border: solid 1px; width: 100%;\">\n<div class=\"img-div\" style=\"margin-top: 5px;\"> <img decoding=\"async\" class=\"wp-image-17212 alignleft\" style=\"height: 45px; margin: 8px 8px 0px;\" src=\"http:\/\/jackpotlotteryonline.com\/wp-content\/uploads\/2022\/11\/read1.jpg\" alt=\"pro\u010ditajte\" width=\"\" height=\"\" \/> <\/div>\n<div style=\"padding-left: 5px;\">\n<div style=\"font-size: 1.1em;\"> <strong>Istorijski, rekordni d\u017eekpotovi na lutriji<\/strong> <\/p>\n<p style=\"font-size: 0.85em; margin-top: -1.5em;\"> Najve\u0107i lutrijski d\u017eekpotovi u istoriji \u0107e vam pomeriti granice. <a href=\"https:\/\/jackpotlotteryonline.com\/biggest-lotto-jackpots-in-history\">Pro\u010ditajte vi\u0161e<\/a> <\/p>\n<\/p><\/div>\n<\/p><\/div>\n<\/section>\n<h2><span style=\"font-weight: 400;\">Provera dobitnih brojeva<\/span><\/h2>\n<p> <span style=\"font-weight: 400;\"><img loading=\"lazy\" decoding=\"async\" class=\"alignright size-full wp-image-30371\" src=\"http:\/\/jackpotlotteryonline.com\/wp-content\/uploads\/2022\/11\/1_winning_numbers_powerball.jpg\" alt=\"pobedite sa powerball\" width=\"300\" height=\"129\" \/>Po\u0161to igrate Powerball online, ne mo\u017eete da odete do prodavca lutrijskih tiketa da proverite da li imate dobitni tiket. Dakle, najbolji na\u010din da to uradite je da proverite online. Ako igrate sa nama, mo\u017eete da se vratite na ovu stranicu nakon svakog izvla\u010denja da biste videli dobitne brojeve.<\/span><br \/>\n<span style=\"font-weight: 400;\">Me\u0111utim, \u010dak i ako se ne vratite da proverite, mo\u017eete znati da li ste osvojili neku nagradu. To je zato \u0161to morate biti registrovani sa nama kako biste kupili svoj Powerball tiket. Razlog za to je da vas mo\u017eemo obavestiti \u010dim imate dobitni tiket. Ako imate dobitni tiket, posla\u0107emo vam e-mail da vas obavestimo. To je stvarno tako jednostavno.<\/span><\/p>\n<h2><span style=\"font-weight: 400;\">Preuzimanje va\u0161ih dobitaka<\/span><\/h2>\n<p> <span style=\"font-weight: 400;\">Preuzimanje va\u0161ih dobitaka je jo\u0161 jedan aspekt koji mo\u017ee biti problemati\u010dan za online igra\u010de. Jer, ako igrate Powerball online, \u017eelite da budete sigurni da mo\u017eete da pristupite svojim dobitcima. Ako igrate Powerball sa nama, onda je preuzimanje va\u0161eg dobitka jednostavna stvar. Na\u0161 sistem je dizajniran na na\u010din da mo\u017eete povu\u0107i svoje dobitke na svoj ra\u010dun.<\/span><br \/>\n<span style=\"font-weight: 400;\">Ovo je dostupno za dobitke koji su manji od 2.500 evra. Ako pobedite iznos ve\u0107i od toga, mi \u0107emo vam pomo\u0107i da popunite obrazac za prijavu. Bi\u0107e potrebno da to uradite da biste preuzeli svoj dobitak direktno od kompanije lutrije.<\/span><\/p>\n<h2><span style=\"font-weight: 400;\">Pobediti na Powerball lutriji<\/span><\/h2>\n<p> <span style=\"font-weight: 400;\">Pobediti na Powerball lutriji zna\u010di da imate tiket koji se poklapa sa izvu\u010denim rezultatima. Da bismo vam pokazali koliko je Powerball neverovatan, hajde da vam poka\u017eemo \u0161ta mo\u017eete da osvojite u drugim nagradama.<\/span><br \/>\n<span style=\"font-weight: 400;\">Divizija 1: Poklapanje 5 + Powerball &#8211; D\u017eekpot<\/span><\/p>\n<p><span style=\"font-weight: 400;\">Divizija 2: Poklapanje 5 samostalno &#8211; 1 milion dolara<\/span><\/p>\n<p><span style=\"font-weight: 400;\">Divizija 3: Poklapanje 4 + Powerball &#8211; 50.000 dolara<\/span><\/p>\n<p><span style=\"font-weight: 400;\">Divizija 4: Poklapanje 4 samostalno &#8211; 100 dolara<\/span><\/p>\n<p><span style=\"font-weight: 400;\">Divizija 5: Poklapanje 3 + Powerball &#8211; 100 dolara<\/span><\/p>\n<p><span style=\"font-weight: 400;\">Divizija 6: Poklapanje 3 samostalno &#8211; 7 dolara<\/span><\/p>\n<p><span style=\"font-weight: 400;\">Divizija 7: Poklapanje 2 + Powerball &#8211; 7 dolara<\/span><\/p>\n<p><span style=\"font-weight: 400;\">Divizija 8<\/p>\n","protected":false},"excerpt":{"rendered":"<p>Rezultati izvla\u010denja Powerball Powerball je ameri\u010dka lutrija koja ima jedan od najve\u0107ih d\u017eekpotova svih vremena. Pobediti na ameri\u010dkom Powerballu je ultimativni san gotovo svakog kladioni\u010dara. Zbog neverovatno velikih d\u017eekpotova, koji ponekad dosti\u017eu 1 milijardu dolara, igra\u010di \u0161irom sveta kupuju Powerball tikete online. Svaki igra\u010d gaji sna\u017enu nadu da \u0107e osvojiti lutriju. Me\u0111utim, kupiti tiket je [&hellip;]<\/p>\n","protected":false},"author":7,"featured_media":0,"parent":74058,"menu_order":1,"comment_status":"closed","ping_status":"closed","template":"powerball-usa-results.php","meta":{"_et_pb_use_builder":"","_et_pb_old_content":"","_et_gb_content_width":"","exclude_from_search":false,"footnotes":""},"class_list":["post-74173","page","type-page","status-publish","hentry"],"yoast_head":"<!-- This site is optimized with the Yoast SEO plugin v23.3 - https:\/\/yoast.com\/wordpress\/plugins\/seo\/ -->\n<title>Powerball brojevi dobitnika i rezultati izvla\u010denja<\/title>\n<meta name=\"description\" content=\"Svi najnoviji rezultati izvla\u010denja i brojevi dobitnika za Powerball USA, plus arhiva rezultata, sve na jednom sajtu.\" \/>\n<meta name=\"robots\" content=\"index, follow, max-snippet:-1, max-image-preview:large, max-video-preview:-1\" \/>\n<link rel=\"canonical\" href=\"https:\/\/jackpotlotteryonline.com\/sr\/rezultati-lutrije\/74173-2\/\" \/>\n<meta property=\"og:locale\" content=\"sr_RS\" \/>\n<meta property=\"og:type\" content=\"article\" \/>\n<meta property=\"og:title\" content=\"Powerball brojevi dobitnika i rezultati izvla\u010denja\" \/>\n<meta property=\"og:description\" content=\"Svi najnoviji rezultati izvla\u010denja i brojevi dobitnika za Powerball USA, plus arhiva rezultata, sve na jednom sajtu.\" \/>\n<meta property=\"og:url\" content=\"https:\/\/jackpotlotteryonline.com\/sr\/rezultati-lutrije\/74173-2\/\" \/>\n<meta property=\"og:site_name\" content=\"Lotto Online - Crack The International Lottery Jackpots\" \/>\n<meta property=\"og:image\" content=\"http:\/\/jackpotlotteryonline.com\/wp-content\/uploads\/2022\/11\/1_results_powerball.jpg\" \/>\n<meta name=\"twitter:card\" content=\"summary_large_image\" \/>\n<!-- \/ Yoast SEO plugin. -->","yoast_head_json":{"title":"Powerball brojevi dobitnika i rezultati izvla\u010denja","description":"Svi najnoviji rezultati izvla\u010denja i brojevi dobitnika za Powerball USA, plus arhiva rezultata, sve na jednom sajtu.","robots":{"index":"index","follow":"follow","max-snippet":"max-snippet:-1","max-image-preview":"max-image-preview:large","max-video-preview":"max-video-preview:-1"},"canonical":"https:\/\/jackpotlotteryonline.com\/sr\/rezultati-lutrije\/74173-2\/","og_locale":"sr_RS","og_type":"article","og_title":"Powerball brojevi dobitnika i rezultati izvla\u010denja","og_description":"Svi najnoviji rezultati izvla\u010denja i brojevi dobitnika za Powerball USA, plus arhiva rezultata, sve na jednom sajtu.","og_url":"https:\/\/jackpotlotteryonline.com\/sr\/rezultati-lutrije\/74173-2\/","og_site_name":"Lotto Online - Crack The International Lottery Jackpots","og_image":[{"url":"http:\/\/jackpotlotteryonline.com\/wp-content\/uploads\/2022\/11\/1_results_powerball.jpg"}],"twitter_card":"summary_large_image","schema":{"@context":"https:\/\/schema.org","@graph":[{"@type":"WebPage","@id":"https:\/\/jackpotlotteryonline.com\/sr\/rezultati-lutrije\/74173-2\/","url":"https:\/\/jackpotlotteryonline.com\/sr\/rezultati-lutrije\/74173-2\/","name":"Powerball brojevi dobitnika i rezultati izvla\u010denja","isPartOf":{"@id":"https:\/\/jackpotlotteryonline.com\/#website"},"primaryImageOfPage":{"@id":"https:\/\/jackpotlotteryonline.com\/sr\/rezultati-lutrije\/74173-2\/#primaryimage"},"image":{"@id":"https:\/\/jackpotlotteryonline.com\/sr\/rezultati-lutrije\/74173-2\/#primaryimage"},"thumbnailUrl":"http:\/\/jackpotlotteryonline.com\/wp-content\/uploads\/2022\/11\/1_results_powerball.jpg","datePublished":"2025-02-05T16:39:19+00:00","dateModified":"2025-02-05T16:39:19+00:00","description":"Svi najnoviji rezultati izvla\u010denja i brojevi dobitnika za Powerball USA, plus arhiva rezultata, sve na jednom sajtu.","breadcrumb":{"@id":"https:\/\/jackpotlotteryonline.com\/sr\/rezultati-lutrije\/74173-2\/#breadcrumb"},"inLanguage":"sr-RS","potentialAction":[{"@type":"ReadAction","target":["https:\/\/jackpotlotteryonline.com\/sr\/rezultati-lutrije\/74173-2\/"]}]},{"@type":"ImageObject","inLanguage":"sr-RS","@id":"https:\/\/jackpotlotteryonline.com\/sr\/rezultati-lutrije\/74173-2\/#primaryimage","url":"http:\/\/jackpotlotteryonline.com\/wp-content\/uploads\/2022\/11\/1_results_powerball.jpg","contentUrl":"http:\/\/jackpotlotteryonline.com\/wp-content\/uploads\/2022\/11\/1_results_powerball.jpg"},{"@type":"BreadcrumbList","@id":"https:\/\/jackpotlotteryonline.com\/sr\/rezultati-lutrije\/74173-2\/#breadcrumb","itemListElement":[{"@type":"ListItem","position":1,"name":"Home","item":"https:\/\/jackpotlotteryonline.com\/sr\/"},{"@type":"ListItem","position":2,"name":"Rezultati lutrije","item":"https:\/\/jackpotlotteryonline.com\/sr\/rezultati-lutrije\/"}]},{"@type":"WebSite","@id":"https:\/\/jackpotlotteryonline.com\/#website","url":"https:\/\/jackpotlotteryonline.com\/","name":"Lotto Online - Crack The International Lottery Jackpots","description":"","potentialAction":[{"@type":"SearchAction","target":{"@type":"EntryPoint","urlTemplate":"https:\/\/jackpotlotteryonline.com\/?s={search_term_string}"},"query-input":"required name=search_term_string"}],"inLanguage":"sr-RS"}]}},"_links":{"self":[{"href":"https:\/\/jackpotlotteryonline.com\/sr\/wp-json\/wp\/v2\/pages\/74173","targetHints":{"allow":["GET"]}}],"collection":[{"href":"https:\/\/jackpotlotteryonline.com\/sr\/wp-json\/wp\/v2\/pages"}],"about":[{"href":"https:\/\/jackpotlotteryonline.com\/sr\/wp-json\/wp\/v2\/types\/page"}],"author":[{"embeddable":true,"href":"https:\/\/jackpotlotteryonline.com\/sr\/wp-json\/wp\/v2\/users\/7"}],"replies":[{"embeddable":true,"href":"https:\/\/jackpotlotteryonline.com\/sr\/wp-json\/wp\/v2\/comments?post=74173"}],"version-history":[{"count":0,"href":"https:\/\/jackpotlotteryonline.com\/sr\/wp-json\/wp\/v2\/pages\/74173\/revisions"}],"up":[{"embeddable":true,"href":"https:\/\/jackpotlotteryonline.com\/sr\/wp-json\/wp\/v2\/pages\/74058"}],"wp:attachment":[{"href":"https:\/\/jackpotlotteryonline.com\/sr\/wp-json\/wp\/v2\/media?parent=74173"}],"curies":[{"name":"wp","href":"https:\/\/api.w.org\/{rel}","templated":true}]}}