{"id":74186,"date":"2025-02-05T17:10:42","date_gmt":"2025-02-05T17:10:42","guid":{"rendered":"https:\/\/jackpotlotteryonline.com\/?page_id=74186"},"modified":"2025-02-05T17:10:42","modified_gmt":"2025-02-05T17:10:42","slug":"rezultati-izvlacenja-mega-millions","status":"publish","type":"page","link":"https:\/\/jackpotlotteryonline.com\/sr\/rezultati-lutrije\/rezultati-izvlacenja-mega-millions\/","title":{"rendered":"Rezultati izvla\u010denja Mega Millions"},"content":{"rendered":"<p><span style=\"font-weight: 400;\">Mega Millions je poznat po svojim ogromnim nagradama, a igra\u010di \u0161irom sveta sanjaju o dobitku na ovoj lutriji. Osvojiti Mega Millions je poput ameri\u010dkog sna \u2013 milioni ljudi se nadaju da \u0107e ga ostvariti. Sre\u0107om, sada mo\u017eete kupiti Mega Millions tikete putem interneta, bez obzira gde se nalazite, i oku\u0161ati sre\u0107u u osvajanju velikog d\u017eekpota. Radoznali ste kako? Objasni\u0107emo vam.<\/span><\/p>\n<p><span style=\"font-weight: 400;\">Bilo da ste novi igra\u010d ili iskusni u\u010desnik, <a href=\"https:\/\/jackpotlotteryonline.com\/buy-tickets\/mega-millions\">ovde mo\u017eete kupiti Mega Millions tikete.<\/a> Osim toga, na jackpotlotteryonline.com mo\u017eete igrati najve\u0107e lutrije na svetu. Bez obzira da li \u017eelite da u\u010destvujete u izvla\u010denju iz Australije, Evrope ili SAD-a, pokrivamo sve.<\/span><\/p>\n<section class=\"layout\" style=\"border: solid 1px; width: 100%;\">\n<div class=\"img-div\" style=\"margin-top: 5px;\"><img decoding=\"async\" class=\"wp-image-17212 alignleft\" style=\"height: 45px; margin: 8px 8px 0px;\" src=\"http:\/\/jackpotlotteryonline.com\/wp-content\/uploads\/2022\/11\/read1.jpg\" alt=\"read\" width=\"\" height=\"\" \/><\/div>\n<div style=\"padding-left: 5px;\">\n<div style=\"font-size: 1.1em;\">\n<p><strong>Evropske lutrije<\/strong><\/p>\n<p style=\"font-size: 0.85em; margin-top: -1.5em;\">Koja evropska lutrija je najbolja? <a href=\"https:\/\/jackpotlotteryonline.com\/which-european-lotteries-are-the-best\">Saznajte vi\u0161e<\/a><\/p>\n<\/div>\n<\/div>\n<\/section>\n<p><span style=\"font-weight: 400;\">Tako\u0111e obja\u0161njavamo kako mo\u017eete podi\u0107i svoju nagradu. <a href=\"https:\/\/jackpotlotteryonline.com\/play-online\/mega-millions\">Igrate Mega Millions<\/a> i pobedili ste, ali ne znate kako da preuzmete svoj dobitak? Ne brinite, ovde \u0107ete prona\u0107i sve potrebne informacije o rezultatima Mega Millions izvla\u010denja.<\/span><\/p>\n<h2><span style=\"font-weight: 400;\"><img loading=\"lazy\" decoding=\"async\" class=\"alignright size-full wp-image-31073\" src=\"http:\/\/jackpotlotteryonline.com\/wp-content\/uploads\/2022\/11\/logo_Mega_Millions_233x110.png\" alt=\"Kupite Mega Millions tikete online\" width=\"232\" height=\"110\" \/>Kako izabrati dobitne brojeve za Mega Millions<\/span><\/h2>\n<p><span style=\"font-weight: 400;\">Svako ko kupi tiket sanja o pobedi. To je u ljudskoj prirodi. Svi znamo da su \u0161anse male, ali na kraju neko mora pobediti. Za\u0161to to ne biste bili vi? Dakle, kako se mo\u017ee pobediti? Neki igra\u010di koriste strategije za izbor brojeva.<\/span><\/p>\n<p><span style=\"font-weight: 400;\">Iskreno, ne postoji 100% siguran na\u010din da pobedite. Lutrija je igra sre\u0107e, i svi imaju jednake \u0161anse. Ali postoje neke tehnike koje mogu pove\u0107ati va\u0161e \u0161anse. Na\u010din na koji birate brojeve mo\u017ee napraviti razliku.<\/span><\/p>\n<p><span style=\"font-weight: 400;\">Mnogi ljudi koriste svoje sre\u0107ne brojeve. Na primer, biraju datume ro\u0111enja ili druge va\u017ene datume. Neki veruju da im horoskopski znak donosi sre\u0107u. Ako verujete u to, odaberite brojeve na osnovu va\u017enih datuma. Ako ne \u017eelite sami da birate brojeve, mo\u017eete koristiti generator nasumi\u010dnih brojeva.<\/span><\/p>\n<h2><span style=\"font-weight: 400;\">Kako pobediti na Mega Millions online<\/span><\/h2>\n<p><span style=\"font-weight: 400;\">Zamislite trenutak kada saznate da ste osvojili Mega Millions. To je razlog zbog kojeg milioni ljudi kupuju tikete. Igraju\u0107i online, mo\u017eete kupiti tikete s bilo kog mesta i, ako pobedite, va\u0161i dobitci \u0107e biti sigurni.<\/span><\/p>\n","protected":false},"excerpt":{"rendered":"<p>Mega Millions je poznat po svojim ogromnim nagradama, a igra\u010di \u0161irom sveta sanjaju o dobitku na ovoj lutriji. Osvojiti Mega Millions je poput ameri\u010dkog sna \u2013 milioni ljudi se nadaju da \u0107e ga ostvariti. Sre\u0107om, sada mo\u017eete kupiti Mega Millions tikete putem interneta, bez obzira gde se nalazite, i oku\u0161ati sre\u0107u u osvajanju velikog d\u017eekpota. [&hellip;]<\/p>\n","protected":false},"author":7,"featured_media":0,"parent":74058,"menu_order":2,"comment_status":"closed","ping_status":"closed","template":"megamillion-results.php","meta":{"_et_pb_use_builder":"","_et_pb_old_content":"","_et_gb_content_width":"","exclude_from_search":false,"footnotes":""},"class_list":["post-74186","page","type-page","status-publish","hentry"],"yoast_head":"<!-- This site is optimized with the Yoast SEO plugin v23.3 - https:\/\/yoast.com\/wordpress\/plugins\/seo\/ -->\n<title>Dobitni brojevi i rezultati izvla\u010denja za Mega Millions<\/title>\n<meta name=\"description\" content=\"Prona\u0111ite rezultate ovog i prethodnih izvla\u010denja za Mega Millions i dobitne brojeve ovde na na\u0161em sajtu.\" \/>\n<meta name=\"robots\" content=\"index, follow, max-snippet:-1, max-image-preview:large, max-video-preview:-1\" \/>\n<link rel=\"canonical\" href=\"https:\/\/jackpotlotteryonline.com\/sr\/rezultati-lutrije\/rezultati-izvlacenja-mega-millions\/\" \/>\n<meta property=\"og:locale\" content=\"sr_RS\" \/>\n<meta property=\"og:type\" content=\"article\" \/>\n<meta property=\"og:title\" content=\"Dobitni brojevi i rezultati izvla\u010denja za Mega Millions\" \/>\n<meta property=\"og:description\" content=\"Prona\u0111ite rezultate ovog i prethodnih izvla\u010denja za Mega Millions i dobitne brojeve ovde na na\u0161em sajtu.\" \/>\n<meta property=\"og:url\" content=\"https:\/\/jackpotlotteryonline.com\/sr\/rezultati-lutrije\/rezultati-izvlacenja-mega-millions\/\" \/>\n<meta property=\"og:site_name\" content=\"Lotto Online - Crack The International Lottery Jackpots\" \/>\n<meta property=\"og:image\" content=\"http:\/\/jackpotlotteryonline.com\/wp-content\/uploads\/2022\/11\/read1.jpg\" \/>\n<meta name=\"twitter:card\" content=\"summary_large_image\" \/>\n<!-- \/ Yoast SEO plugin. -->","yoast_head_json":{"title":"Dobitni brojevi i rezultati izvla\u010denja za Mega Millions","description":"Prona\u0111ite rezultate ovog i prethodnih izvla\u010denja za Mega Millions i dobitne brojeve ovde na na\u0161em sajtu.","robots":{"index":"index","follow":"follow","max-snippet":"max-snippet:-1","max-image-preview":"max-image-preview:large","max-video-preview":"max-video-preview:-1"},"canonical":"https:\/\/jackpotlotteryonline.com\/sr\/rezultati-lutrije\/rezultati-izvlacenja-mega-millions\/","og_locale":"sr_RS","og_type":"article","og_title":"Dobitni brojevi i rezultati izvla\u010denja za Mega Millions","og_description":"Prona\u0111ite rezultate ovog i prethodnih izvla\u010denja za Mega Millions i dobitne brojeve ovde na na\u0161em sajtu.","og_url":"https:\/\/jackpotlotteryonline.com\/sr\/rezultati-lutrije\/rezultati-izvlacenja-mega-millions\/","og_site_name":"Lotto Online - Crack The International Lottery Jackpots","og_image":[{"url":"http:\/\/jackpotlotteryonline.com\/wp-content\/uploads\/2022\/11\/read1.jpg"}],"twitter_card":"summary_large_image","schema":{"@context":"https:\/\/schema.org","@graph":[{"@type":"WebPage","@id":"https:\/\/jackpotlotteryonline.com\/sr\/rezultati-lutrije\/rezultati-izvlacenja-mega-millions\/","url":"https:\/\/jackpotlotteryonline.com\/sr\/rezultati-lutrije\/rezultati-izvlacenja-mega-millions\/","name":"Dobitni brojevi i rezultati izvla\u010denja za Mega Millions","isPartOf":{"@id":"https:\/\/jackpotlotteryonline.com\/#website"},"primaryImageOfPage":{"@id":"https:\/\/jackpotlotteryonline.com\/sr\/rezultati-lutrije\/rezultati-izvlacenja-mega-millions\/#primaryimage"},"image":{"@id":"https:\/\/jackpotlotteryonline.com\/sr\/rezultati-lutrije\/rezultati-izvlacenja-mega-millions\/#primaryimage"},"thumbnailUrl":"http:\/\/jackpotlotteryonline.com\/wp-content\/uploads\/2022\/11\/read1.jpg","datePublished":"2025-02-05T17:10:42+00:00","dateModified":"2025-02-05T17:10:42+00:00","description":"Prona\u0111ite rezultate ovog i prethodnih izvla\u010denja za Mega Millions i dobitne brojeve ovde na na\u0161em sajtu.","breadcrumb":{"@id":"https:\/\/jackpotlotteryonline.com\/sr\/rezultati-lutrije\/rezultati-izvlacenja-mega-millions\/#breadcrumb"},"inLanguage":"sr-RS","potentialAction":[{"@type":"ReadAction","target":["https:\/\/jackpotlotteryonline.com\/sr\/rezultati-lutrije\/rezultati-izvlacenja-mega-millions\/"]}]},{"@type":"ImageObject","inLanguage":"sr-RS","@id":"https:\/\/jackpotlotteryonline.com\/sr\/rezultati-lutrije\/rezultati-izvlacenja-mega-millions\/#primaryimage","url":"http:\/\/jackpotlotteryonline.com\/wp-content\/uploads\/2022\/11\/read1.jpg","contentUrl":"http:\/\/jackpotlotteryonline.com\/wp-content\/uploads\/2022\/11\/read1.jpg"},{"@type":"BreadcrumbList","@id":"https:\/\/jackpotlotteryonline.com\/sr\/rezultati-lutrije\/rezultati-izvlacenja-mega-millions\/#breadcrumb","itemListElement":[{"@type":"ListItem","position":1,"name":"Home","item":"https:\/\/jackpotlotteryonline.com\/sr\/"},{"@type":"ListItem","position":2,"name":"Rezultati lutrije","item":"https:\/\/jackpotlotteryonline.com\/sr\/rezultati-lutrije\/"},{"@type":"ListItem","position":3,"name":"Rezultati izvla\u010denja Mega Millions"}]},{"@type":"WebSite","@id":"https:\/\/jackpotlotteryonline.com\/#website","url":"https:\/\/jackpotlotteryonline.com\/","name":"Lotto Online - Crack The International Lottery Jackpots","description":"","potentialAction":[{"@type":"SearchAction","target":{"@type":"EntryPoint","urlTemplate":"https:\/\/jackpotlotteryonline.com\/?s={search_term_string}"},"query-input":"required name=search_term_string"}],"inLanguage":"sr-RS"}]}},"_links":{"self":[{"href":"https:\/\/jackpotlotteryonline.com\/sr\/wp-json\/wp\/v2\/pages\/74186","targetHints":{"allow":["GET"]}}],"collection":[{"href":"https:\/\/jackpotlotteryonline.com\/sr\/wp-json\/wp\/v2\/pages"}],"about":[{"href":"https:\/\/jackpotlotteryonline.com\/sr\/wp-json\/wp\/v2\/types\/page"}],"author":[{"embeddable":true,"href":"https:\/\/jackpotlotteryonline.com\/sr\/wp-json\/wp\/v2\/users\/7"}],"replies":[{"embeddable":true,"href":"https:\/\/jackpotlotteryonline.com\/sr\/wp-json\/wp\/v2\/comments?post=74186"}],"version-history":[{"count":0,"href":"https:\/\/jackpotlotteryonline.com\/sr\/wp-json\/wp\/v2\/pages\/74186\/revisions"}],"up":[{"embeddable":true,"href":"https:\/\/jackpotlotteryonline.com\/sr\/wp-json\/wp\/v2\/pages\/74058"}],"wp:attachment":[{"href":"https:\/\/jackpotlotteryonline.com\/sr\/wp-json\/wp\/v2\/media?parent=74186"}],"curies":[{"name":"wp","href":"https:\/\/api.w.org\/{rel}","templated":true}]}}