{"id":74203,"date":"2025-02-05T17:35:20","date_gmt":"2025-02-05T17:35:20","guid":{"rendered":"https:\/\/jackpotlotteryonline.com\/?page_id=74203"},"modified":"2025-02-05T17:35:20","modified_gmt":"2025-02-05T17:35:20","slug":"euromillions-rezultati-izvlacenja","status":"publish","type":"page","link":"https:\/\/jackpotlotteryonline.com\/sr\/rezultati-lutrije\/euromillions-rezultati-izvlacenja\/","title":{"rendered":"Euromillions rezultati izvla\u010denja"},"content":{"rendered":"<p><span style=\"font-weight: 400;\">Igra\u010di koji kupuju loto tiket \u010desto se brinu zbog propu\u0161tanja svojih loto nagrada. To je zato \u0161to ljudi postanu nemarni i tiketi se gube; bez va\u0161eg loto tiketa ne mo\u017eete da preuzmete svoju nagradu. Me\u0111utim, kada igrate loto online, nikada ne morate da brinete o izgubljenim tiketima, jer je sve digitalno. Ipak, proveravanje dobitnih brojeva mo\u017ee i dalje biti problem ako ne znate \u0161ta da radite. I zato smo mi tu.<\/span><\/p>\n<p><span style=\"font-weight: 400;\">Na jackpotlotteryonline.com pru\u017eamo igra\u010dima pristup najboljim me\u0111unarodnim online loterijama. Tako\u0111e, olak\u0161avamo vam kupovinu loto tiketa i proveru Euromillions dobitnih brojeva odakle god da se nalazite.<\/span><\/p>\n<h2><span style=\"font-weight: 400;\"><img loading=\"lazy\" decoding=\"async\" class=\"alignright size-full wp-image-31019\" src=\"http:\/\/jackpotlotteryonline.com\/wp-content\/uploads\/2022\/11\/euromillions.png\" alt=\"win Euromillions jackpot\" width=\"200\" height=\"212\" \/>Kako osvojiti d\u017eekpot?<\/span><\/h2>\n<p><span style=\"font-weight: 400;\">To je va\u017eno pitanje jer bi svako ko igra loto voleo da zna \u0161ta je potrebno da pobedi. Jednostavan odgovor je da igra\u010d mora da pogodi izvu\u010dene brojeve. Naravno, svi znamo da to nije tako jednostavno. Loto u velikoj meri zavisi od sre\u0107e.<\/span><\/p>\n<p><span style=\"font-weight: 400;\">Za Euromillions, igra\u010d treba da izabere 5 brojeva od 1 do 70 i 2 Lucky Star broja. Onaj ko pogodi svih 7 izvu\u010denih brojeva, pobe\u0111uje u lotou.<\/span><\/p>\n<p><span style=\"font-weight: 400;\">Mo\u017eete proveriti pro\u0161le kombinacije ovde da biste saznali koji brojevi se pojavljuju najvi\u0161e ili najmanje. To vam mo\u017ee pomo\u0107i da planirate va\u0161u pobedni\u010dku strategiju za evropsku loteriju.<\/span><\/p>\n<h2><span style=\"font-weight: 400;\">Kako proveriti pobednika<\/span><\/h2>\n<p><span style=\"font-weight: 400;\">Postoji nekoliko na\u010dina da proverite pobednika online lutrije. Problem sa proverom bilo kog nasumi\u010dnog sajta je taj \u0161to mo\u017eda ne\u0107ete dobiti ta\u010dne informacije. Tako\u0111e, ako proverite vesti, mo\u017eda \u0107ete saznati samo kombinaciju koja je osvojila d\u017eekpot.<\/span><\/p>\n<p><span style=\"font-weight: 400;\">Evropska loto ima nekoliko kategorija nagrada, i \u010dak iako niste osvojili glavnu nagradu, jo\u0161 uvek mo\u017eete oti\u0107i ku\u0107i sa dobrom sumom. Dakle, va\u017eno je da proverite va\u0161 tiket u odnosu na druge kategorije nagrada.<\/span><\/p>\n<p><span style=\"font-weight: 400;\">Ako <a href=\"https:\/\/jackpotlotteryonline.com\/buy-tickets\/euromillions\">kupite svoj loto tiket<\/a> na jackpotlotteryonline.com, posla\u0107emo vam e-mail \u010dim osvojite neku nagradu. Dakle, ne morate da brinete o gubitku svojih nagrada.<\/span><\/p>\n<h2><span style=\"font-weight: 400;\">Kako pristupiti svojoj nagradi<\/span><\/h2>\n<p><span style=\"font-weight: 400;\">Po\u0161to igrate <a href=\"https:\/\/jackpotlotteryonline.com\/play-online\/euromillions\">loto online<\/a>, prirodno je da se pitate \u0161ta se de\u0161ava kada osvojite nagradu. Ako igrate sa nama, pristup va\u0161oj nagradi je jednostavan kao i kupovina va\u0161eg tiketa. To zna\u010di da lako mo\u017eete povu\u0107i svoju nagradu sa na\u0161eg sajta. Bez problema i komplikacija.<\/span><\/p>\n<p><span style=\"font-weight: 400;\">Ako osvojite d\u017eekpot ili iznos ve\u0107i od \u20ac2,500, mo\u017eda \u0107ete morati da popunite obrazac za prijavu. Ali ne brinite, to nije slo\u017een proces i mi \u0107emo vas voditi kroz njega.<\/span><\/p>\n<section class=\"layout\" style=\"border: solid 1px; width: 100%;\">\n<div class=\"img-div\" style=\"margin-top: 5px;\"><img decoding=\"async\" class=\"wp-image-17212 alignleft\" style=\"height: 45px; margin: 8px 8px 0px;\" src=\"http:\/\/jackpotlotteryonline.com\/wp-content\/uploads\/2022\/11\/read1.jpg\" alt=\"read\" width=\"\" height=\"\" \/><\/div>\n<div style=\"padding-left: 5px;\">\n<div style=\"font-size: 1.1em;\">\n<p><strong>Kako da primim uplatu ako osvojim loto online?<\/strong><\/p>\n<p style=\"font-size: 0.85em; margin-top: -1.5em;\">Evo kako \u0107ete primiti svoj novac ako osvojite loto online <a href=\"https:\/\/jackpotlotteryonline.com\/how-do-i-get-paid-if-i-win-the-lottery-online\">pro\u010ditajte vi\u0161e<\/a><\/p>\n<\/div>\n<\/div>\n<\/section>\n<h2><span style=\"font-weight: 400;\">Proverite svoje Euromillions dobitne brojeve danas<\/span><\/h2>\n<p><span style=\"font-weight: 400;\">Trudili smo se da kreiramo sigurno online okru\u017eenje za na\u0161e igra\u010de. Pru\u017eamo sve \u0161to vam je potrebno za udobno igranje lota. Sa nama imate pristup najboljim me\u0111unarodnim lotoima i mo\u017eete unapred u\u010destvovati u vi\u0161e izvla\u010denja. Osim toga, mo\u017eete lako proveriti izvla\u010denja ovde i povu\u0107i svoje nagrade.<\/span><\/p>\n","protected":false},"excerpt":{"rendered":"<p>Igra\u010di koji kupuju loto tiket \u010desto se brinu zbog propu\u0161tanja svojih loto nagrada. To je zato \u0161to ljudi postanu nemarni i tiketi se gube; bez va\u0161eg loto tiketa ne mo\u017eete da preuzmete svoju nagradu. Me\u0111utim, kada igrate loto online, nikada ne morate da brinete o izgubljenim tiketima, jer je sve digitalno. Ipak, proveravanje dobitnih brojeva [&hellip;]<\/p>\n","protected":false},"author":7,"featured_media":0,"parent":74058,"menu_order":3,"comment_status":"closed","ping_status":"closed","template":"euromillions-results.php","meta":{"_et_pb_use_builder":"","_et_pb_old_content":"","_et_gb_content_width":"","exclude_from_search":false,"footnotes":""},"class_list":["post-74203","page","type-page","status-publish","hentry"],"yoast_head":"<!-- This site is optimized with the Yoast SEO plugin v23.3 - https:\/\/yoast.com\/wordpress\/plugins\/seo\/ -->\n<title>Euromillions dobitni brojevi i rezultati izvla\u010denja*<\/title>\n<meta name=\"description\" content=\"Rezultati izvla\u010denja za Euromillions - dobitni brojevi za poslednje izvla\u010denje, kao i arhiva pro\u0161lih rezultata*\" \/>\n<meta name=\"robots\" content=\"index, follow, max-snippet:-1, max-image-preview:large, max-video-preview:-1\" \/>\n<link rel=\"canonical\" href=\"https:\/\/jackpotlotteryonline.com\/sr\/rezultati-lutrije\/euromillions-rezultati-izvlacenja\/\" \/>\n<meta property=\"og:locale\" content=\"sr_RS\" \/>\n<meta property=\"og:type\" content=\"article\" \/>\n<meta property=\"og:title\" content=\"Euromillions dobitni brojevi i rezultati izvla\u010denja*\" \/>\n<meta property=\"og:description\" content=\"Rezultati izvla\u010denja za Euromillions - dobitni brojevi za poslednje izvla\u010denje, kao i arhiva pro\u0161lih rezultata*\" \/>\n<meta property=\"og:url\" content=\"https:\/\/jackpotlotteryonline.com\/sr\/rezultati-lutrije\/euromillions-rezultati-izvlacenja\/\" \/>\n<meta property=\"og:site_name\" content=\"Lotto Online - Crack The International Lottery Jackpots\" \/>\n<meta property=\"og:image\" content=\"http:\/\/jackpotlotteryonline.com\/wp-content\/uploads\/2022\/11\/euromillions.png\" \/>\n<meta name=\"twitter:card\" content=\"summary_large_image\" \/>\n<!-- \/ Yoast SEO plugin. -->","yoast_head_json":{"title":"Euromillions dobitni brojevi i rezultati izvla\u010denja*","description":"Rezultati izvla\u010denja za Euromillions - dobitni brojevi za poslednje izvla\u010denje, kao i arhiva pro\u0161lih rezultata*","robots":{"index":"index","follow":"follow","max-snippet":"max-snippet:-1","max-image-preview":"max-image-preview:large","max-video-preview":"max-video-preview:-1"},"canonical":"https:\/\/jackpotlotteryonline.com\/sr\/rezultati-lutrije\/euromillions-rezultati-izvlacenja\/","og_locale":"sr_RS","og_type":"article","og_title":"Euromillions dobitni brojevi i rezultati izvla\u010denja*","og_description":"Rezultati izvla\u010denja za Euromillions - dobitni brojevi za poslednje izvla\u010denje, kao i arhiva pro\u0161lih rezultata*","og_url":"https:\/\/jackpotlotteryonline.com\/sr\/rezultati-lutrije\/euromillions-rezultati-izvlacenja\/","og_site_name":"Lotto Online - Crack The International Lottery Jackpots","og_image":[{"url":"http:\/\/jackpotlotteryonline.com\/wp-content\/uploads\/2022\/11\/euromillions.png"}],"twitter_card":"summary_large_image","schema":{"@context":"https:\/\/schema.org","@graph":[{"@type":"WebPage","@id":"https:\/\/jackpotlotteryonline.com\/sr\/rezultati-lutrije\/euromillions-rezultati-izvlacenja\/","url":"https:\/\/jackpotlotteryonline.com\/sr\/rezultati-lutrije\/euromillions-rezultati-izvlacenja\/","name":"Euromillions dobitni brojevi i rezultati izvla\u010denja*","isPartOf":{"@id":"https:\/\/jackpotlotteryonline.com\/#website"},"primaryImageOfPage":{"@id":"https:\/\/jackpotlotteryonline.com\/sr\/rezultati-lutrije\/euromillions-rezultati-izvlacenja\/#primaryimage"},"image":{"@id":"https:\/\/jackpotlotteryonline.com\/sr\/rezultati-lutrije\/euromillions-rezultati-izvlacenja\/#primaryimage"},"thumbnailUrl":"http:\/\/jackpotlotteryonline.com\/wp-content\/uploads\/2022\/11\/euromillions.png","datePublished":"2025-02-05T17:35:20+00:00","dateModified":"2025-02-05T17:35:20+00:00","description":"Rezultati izvla\u010denja za Euromillions - dobitni brojevi za poslednje izvla\u010denje, kao i arhiva pro\u0161lih rezultata*","breadcrumb":{"@id":"https:\/\/jackpotlotteryonline.com\/sr\/rezultati-lutrije\/euromillions-rezultati-izvlacenja\/#breadcrumb"},"inLanguage":"sr-RS","potentialAction":[{"@type":"ReadAction","target":["https:\/\/jackpotlotteryonline.com\/sr\/rezultati-lutrije\/euromillions-rezultati-izvlacenja\/"]}]},{"@type":"ImageObject","inLanguage":"sr-RS","@id":"https:\/\/jackpotlotteryonline.com\/sr\/rezultati-lutrije\/euromillions-rezultati-izvlacenja\/#primaryimage","url":"http:\/\/jackpotlotteryonline.com\/wp-content\/uploads\/2022\/11\/euromillions.png","contentUrl":"http:\/\/jackpotlotteryonline.com\/wp-content\/uploads\/2022\/11\/euromillions.png"},{"@type":"BreadcrumbList","@id":"https:\/\/jackpotlotteryonline.com\/sr\/rezultati-lutrije\/euromillions-rezultati-izvlacenja\/#breadcrumb","itemListElement":[{"@type":"ListItem","position":1,"name":"Home","item":"https:\/\/jackpotlotteryonline.com\/sr\/"},{"@type":"ListItem","position":2,"name":"Rezultati lutrije","item":"https:\/\/jackpotlotteryonline.com\/sr\/rezultati-lutrije\/"},{"@type":"ListItem","position":3,"name":"Euromillions rezultati izvla\u010denja"}]},{"@type":"WebSite","@id":"https:\/\/jackpotlotteryonline.com\/#website","url":"https:\/\/jackpotlotteryonline.com\/","name":"Lotto Online - Crack The International Lottery Jackpots","description":"","potentialAction":[{"@type":"SearchAction","target":{"@type":"EntryPoint","urlTemplate":"https:\/\/jackpotlotteryonline.com\/?s={search_term_string}"},"query-input":"required name=search_term_string"}],"inLanguage":"sr-RS"}]}},"_links":{"self":[{"href":"https:\/\/jackpotlotteryonline.com\/sr\/wp-json\/wp\/v2\/pages\/74203","targetHints":{"allow":["GET"]}}],"collection":[{"href":"https:\/\/jackpotlotteryonline.com\/sr\/wp-json\/wp\/v2\/pages"}],"about":[{"href":"https:\/\/jackpotlotteryonline.com\/sr\/wp-json\/wp\/v2\/types\/page"}],"author":[{"embeddable":true,"href":"https:\/\/jackpotlotteryonline.com\/sr\/wp-json\/wp\/v2\/users\/7"}],"replies":[{"embeddable":true,"href":"https:\/\/jackpotlotteryonline.com\/sr\/wp-json\/wp\/v2\/comments?post=74203"}],"version-history":[{"count":0,"href":"https:\/\/jackpotlotteryonline.com\/sr\/wp-json\/wp\/v2\/pages\/74203\/revisions"}],"up":[{"embeddable":true,"href":"https:\/\/jackpotlotteryonline.com\/sr\/wp-json\/wp\/v2\/pages\/74058"}],"wp:attachment":[{"href":"https:\/\/jackpotlotteryonline.com\/sr\/wp-json\/wp\/v2\/media?parent=74203"}],"curies":[{"name":"wp","href":"https:\/\/api.w.org\/{rel}","templated":true}]}}