{"id":74216,"date":"2025-02-06T05:27:41","date_gmt":"2025-02-06T05:27:41","guid":{"rendered":"https:\/\/jackpotlotteryonline.com\/?page_id=74216"},"modified":"2025-02-06T05:27:41","modified_gmt":"2025-02-06T05:27:41","slug":"rezultati-izvlacenja-la-primitiva","status":"publish","type":"page","link":"https:\/\/jackpotlotteryonline.com\/sr\/rezultati-lutrije\/rezultati-izvlacenja-la-primitiva\/","title":{"rendered":"Rezultati izvla\u010denja La Primitiva"},"content":{"rendered":"<h2><span style=\"font-weight: 400;\">Kako izabrati dobitne brojeve La Primitiva<\/span><\/h2>\n<p><span style=\"font-weight: 400;\">Da biste igrali La Primitiva, prvo morate izabrati 6 brojeva od 1 do 49. Pored toga, morate izabrati jedan broj od 0 do 9, koji se naziva <\/span><i><span style=\"font-weight: 400;\">Reintegro<\/span><\/i><span style=\"font-weight: 400;\"> broj. Tako\u0111e, postoji jo\u0161 jedan broj poznat kao <\/span><i><span style=\"font-weight: 400;\">Komplementarni broj<\/span><\/i><span style=\"font-weight: 400;\">, koji se koristi za odre\u0111ivanje pojedinih kategorija nagrada.<\/span>  <\/p>\n<p><span style=\"font-weight: 400;\">Postoji mnogo razli\u010ditih na\u010dina za biranje brojeva u La Primitiva lutriji. Neki igra\u010di biraju brojeve koji imaju li\u010dno zna\u010denje, kao \u0161to su datumi ro\u0111enja ili godi\u0161njice. Drugi biraju nasumi\u010dne brojeve i nadaju se sre\u0107i. Po\u0161to je La Primitiva igra na sre\u0107u, ne postoji nijedna strategija koja garantuje pobedu.<\/span>  <\/p>\n<section class=\"layout\" style=\"border: solid 1px; width: 100%;\">\n<div class=\"img-div\" style=\"margin-top: 5px;\">\n    <img decoding=\"async\" class=\"wp-image-17212 alignleft\" style=\"height: 45px; margin: 8px 8px 0px;\" src=\"http:\/\/jackpotlotteryonline.com\/wp-content\/uploads\/2022\/11\/read1.jpg\" alt=\"read\" width=\"\" height=\"\" \/>\n  <\/div>\n<div style=\"padding-left: 5px;\">\n<div style=\"font-size: 1.1em;\">\n      <strong>Saveti za lutriju<\/strong><\/p>\n<p style=\"font-size: 0.85em; margin-top: -1.5em;\">Saveti koji vam mogu pomo\u0107i da osvojite lutriju <a href=\"https:\/\/jackpotlotteryonline.com\/tips-that-help-you-win-at-the-lottery\">Pro\u010ditajte vi\u0161e<\/a><\/p>\n<\/p><\/div>\n<\/p><\/div>\n<\/section>\n<h2><span style=\"font-weight: 400;\">Kako pobediti na La Primitiva lutriji<\/span><\/h2>\n<p><span style=\"font-weight: 400;\">Izvla\u010denja La Primitiva odr\u017eavaju se tri puta nedeljno, ponedeljkom, \u010detvrtkom i subotom. Nakon \u0161to odaberete svoje brojeve, sve \u0161to preostaje je da u\u010destvujete u izvla\u010denju. Nakon zavr\u0161etka izvla\u010denja, ako se va\u0161i brojevi poklapaju sa dobitnim, osvajate nagradu.<\/span>  <\/p>\n<p><span style=\"font-weight: 400;\">Da biste osvojili glavnu nagradu (d\u017eekpot) u La Primitiva lutriji, igra\u010d mora da pogodi svih 7 brojeva (6 glavnih brojeva + Reintegro broj). Minimalni d\u017eekpot iznosi 5 miliona evra. Ako postoji vi\u0161e dobitnika, nagrada se deli. Ostale nagrade u ovoj lutriji su slede\u0107e:<\/span>  <\/p>\n<p><span style=\"font-weight: 400;\"><br \/>\n  <img loading=\"lazy\" decoding=\"async\" class=\"alignright size-full wp-image-27671\" src=\"http:\/\/jackpotlotteryonline.com\/wp-content\/uploads\/2022\/11\/1_lottery_online_winner3.jpg\" alt=\"Velika pobeda na La Primitiva\" width=\"300\" height=\"300\" srcset=\"https:\/\/jackpotlotteryonline.com\/wp-content\/uploads\/2022\/11\/1_lottery_online_winner3.jpg 300w, https:\/\/jackpotlotteryonline.com\/wp-content\/uploads\/2022\/11\/1_lottery_online_winner3-100x100.jpg 100w, https:\/\/jackpotlotteryonline.com\/wp-content\/uploads\/2022\/11\/1_lottery_online_winner3-150x150.jpg 150w\" sizes=\"auto, (max-width: 300px) 100vw, 300px\" \/><br \/>\n  D\u017eekpot \u2013 6 pogodaka + Reintegro broj<br \/>\n<\/span>  <\/p>\n<p><span style=\"font-weight: 400;\">Kategorija 1 \u2013 6 pogodaka<\/span>  <\/p>\n<p><span style=\"font-weight: 400;\">Kategorija 2 \u2013 5 pogodaka + Komplementarni broj<\/span>  <\/p>\n<p><span style=\"font-weight: 400;\">Kategorija 3 \u2013 5 pogodaka<\/span>  <\/p>\n<p><span style=\"font-weight: 400;\">Kategorija 4 \u2013 4 pogodaka<\/span>  <\/p>\n<p><span style=\"font-weight: 400;\">Kategorija 5 \u2013 3 pogodaka<\/span>  <\/p>\n<p><span style=\"font-weight: 400;\">Reintegro \u2013 samo Reintegro broj<\/span>  <\/p>\n<h2><span style=\"font-weight: 400;\">Igrajte La Primitiva online sa jackpotlotteryonline.com<\/span><\/h2>\n<p><span style=\"font-weight: 400;\">Kada <a href=\"https:\/\/jackpotlotteryonline.com\/play-online\/la-primitiva\">igrate La Primitiva<\/a> putem na\u0161eg sajta, ne samo da mo\u017eete u\u010destvovati u lutriji, ve\u0107 i da proverite rezultate. Igranje online nudi mnogo opcija kako za po\u010detnike, tako i za iskusne igra\u010de. Omogu\u0107ili smo jednostavan na\u010din za kupovinu tiketa, proveru rezultata i upravljanje dobitcima.<\/span>  <\/p>\n<p><span style=\"font-weight: 400;\">Mo\u017eete <a href=\"https:\/\/jackpotlotteryonline.com\/buy-tickets\/la-primitiva\">kupiti tiket za La Primitiva<\/a> direktno sa na\u0161eg sajta i izabrati svoje dobitne brojeve. Ako niste sigurni koje brojeve da odaberete, mo\u017eete koristiti na\u0161 generator slu\u010dajnih brojeva. Nakon toga, prijavite se za izvla\u010denja po va\u0161em izboru. Ako jo\u0161 nemate nalog, mora\u0107ete da ga kreirate.<\/span>  <\/p>\n<p><span style=\"font-weight: 400;\">Registracija na sajtu je neophodna jer vam omogu\u0107ava da:<\/span>  <\/p>\n<ul>\n<li style=\"font-weight: 400;\" aria-level=\"1\"><span style=\"font-weight: 400;\">Sa\u010duvate svoj digitalni tiket<\/span><\/li>\n<li style=\"font-weight: 400;\" aria-level=\"1\"><span style=\"font-weight: 400;\">Automatski u\u010destvujete u budu\u0107im izvla\u010denjima<\/span><\/li>\n<li style=\"font-weight: 400;\" aria-level=\"1\"><span style=\"font-weight: 400;\">Dobijete obave\u0161tenje kada osvojite nagradu<\/span><\/li>\n<\/ul>\n<h2><span style=\"font-weight: 400;\">Kako proveriti rezultate La Primitiva lutrije<\/span><\/h2>\n<p><span style=\"font-weight: 400;\">Provera rezultata La Primitiva lutrije nikada nije bila lak\u0161a zahvaljuju\u0107i igranju online na na\u0161em sajtu. Nakon svakog izvla\u010denja, rezultati se objavljuju na na\u0161em sajtu. Tako\u0111e, ako osvojite nagradu, dobi\u0107ete e-mail obave\u0161tenje kako ne biste propustili priliku da preuzmete svoj dobitak.<\/span>  <\/p>\n<h2><span style=\"font-weight: 400;\">Kako podi\u0107i svoju nagradu<\/span><\/h2>\n<p><span style=\"font-weight: 400;\">Jedna od najboljih prednosti igranja La Primitiva online jeste to \u0161to ne morate putovati u \u0160paniju da biste podigli svoju nagradu. Za nagrade do 2500 evra, mo\u017eete jednostavno preneti osvojeni iznos na svoj bankovni ra\u010dun putem na\u0161e platforme.<\/span>  <\/p>\n<p><span style=\"font-weight: 400;\">Igrajte sa nama i proverite dobitne brojeve La Primitiva online.<\/span>  <\/p>\n","protected":false},"excerpt":{"rendered":"<p>Kako izabrati dobitne brojeve La Primitiva Da biste igrali La Primitiva, prvo morate izabrati 6 brojeva od 1 do 49. Pored toga, morate izabrati jedan broj od 0 do 9, koji se naziva Reintegro broj. Tako\u0111e, postoji jo\u0161 jedan broj poznat kao Komplementarni broj, koji se koristi za odre\u0111ivanje pojedinih kategorija nagrada. Postoji mnogo razli\u010ditih [&hellip;]<\/p>\n","protected":false},"author":7,"featured_media":0,"parent":74058,"menu_order":7,"comment_status":"closed","ping_status":"closed","template":"la-primitiva-results.php","meta":{"_et_pb_use_builder":"","_et_pb_old_content":"","_et_gb_content_width":"","exclude_from_search":false,"footnotes":""},"class_list":["post-74216","page","type-page","status-publish","hentry"],"yoast_head":"<!-- This site is optimized with the Yoast SEO plugin v23.3 - https:\/\/yoast.com\/wordpress\/plugins\/seo\/ -->\n<title>Dobitni brojevi i rezultati izvla\u010denja La Primitiva<\/title>\n<meta name=\"description\" content=\"Rezultati \u0161panske lutrije La Primitiva \u2013 sva izvla\u010denja, dobitni brojevi i arhiva rezultata na jednom mestu.\" \/>\n<meta name=\"robots\" content=\"index, follow, max-snippet:-1, max-image-preview:large, max-video-preview:-1\" \/>\n<link rel=\"canonical\" href=\"https:\/\/jackpotlotteryonline.com\/sr\/rezultati-lutrije\/rezultati-izvlacenja-la-primitiva\/\" \/>\n<meta property=\"og:locale\" content=\"sr_RS\" \/>\n<meta property=\"og:type\" content=\"article\" \/>\n<meta property=\"og:title\" content=\"Dobitni brojevi i rezultati izvla\u010denja La Primitiva\" \/>\n<meta property=\"og:description\" content=\"Rezultati \u0161panske lutrije La Primitiva \u2013 sva izvla\u010denja, dobitni brojevi i arhiva rezultata na jednom mestu.\" \/>\n<meta property=\"og:url\" content=\"https:\/\/jackpotlotteryonline.com\/sr\/rezultati-lutrije\/rezultati-izvlacenja-la-primitiva\/\" \/>\n<meta property=\"og:site_name\" content=\"Lotto Online - Crack The International Lottery Jackpots\" \/>\n<meta property=\"og:image\" content=\"http:\/\/jackpotlotteryonline.com\/wp-content\/uploads\/2022\/11\/read1.jpg\" \/>\n<meta name=\"twitter:card\" content=\"summary_large_image\" \/>\n<!-- \/ Yoast SEO plugin. -->","yoast_head_json":{"title":"Dobitni brojevi i rezultati izvla\u010denja La Primitiva","description":"Rezultati \u0161panske lutrije La Primitiva \u2013 sva izvla\u010denja, dobitni brojevi i arhiva rezultata na jednom mestu.","robots":{"index":"index","follow":"follow","max-snippet":"max-snippet:-1","max-image-preview":"max-image-preview:large","max-video-preview":"max-video-preview:-1"},"canonical":"https:\/\/jackpotlotteryonline.com\/sr\/rezultati-lutrije\/rezultati-izvlacenja-la-primitiva\/","og_locale":"sr_RS","og_type":"article","og_title":"Dobitni brojevi i rezultati izvla\u010denja La Primitiva","og_description":"Rezultati \u0161panske lutrije La Primitiva \u2013 sva izvla\u010denja, dobitni brojevi i arhiva rezultata na jednom mestu.","og_url":"https:\/\/jackpotlotteryonline.com\/sr\/rezultati-lutrije\/rezultati-izvlacenja-la-primitiva\/","og_site_name":"Lotto Online - Crack The International Lottery Jackpots","og_image":[{"url":"http:\/\/jackpotlotteryonline.com\/wp-content\/uploads\/2022\/11\/read1.jpg"}],"twitter_card":"summary_large_image","schema":{"@context":"https:\/\/schema.org","@graph":[{"@type":"WebPage","@id":"https:\/\/jackpotlotteryonline.com\/sr\/rezultati-lutrije\/rezultati-izvlacenja-la-primitiva\/","url":"https:\/\/jackpotlotteryonline.com\/sr\/rezultati-lutrije\/rezultati-izvlacenja-la-primitiva\/","name":"Dobitni brojevi i rezultati izvla\u010denja La Primitiva","isPartOf":{"@id":"https:\/\/jackpotlotteryonline.com\/#website"},"primaryImageOfPage":{"@id":"https:\/\/jackpotlotteryonline.com\/sr\/rezultati-lutrije\/rezultati-izvlacenja-la-primitiva\/#primaryimage"},"image":{"@id":"https:\/\/jackpotlotteryonline.com\/sr\/rezultati-lutrije\/rezultati-izvlacenja-la-primitiva\/#primaryimage"},"thumbnailUrl":"http:\/\/jackpotlotteryonline.com\/wp-content\/uploads\/2022\/11\/read1.jpg","datePublished":"2025-02-06T05:27:41+00:00","dateModified":"2025-02-06T05:27:41+00:00","description":"Rezultati \u0161panske lutrije La Primitiva \u2013 sva izvla\u010denja, dobitni brojevi i arhiva rezultata na jednom mestu.","breadcrumb":{"@id":"https:\/\/jackpotlotteryonline.com\/sr\/rezultati-lutrije\/rezultati-izvlacenja-la-primitiva\/#breadcrumb"},"inLanguage":"sr-RS","potentialAction":[{"@type":"ReadAction","target":["https:\/\/jackpotlotteryonline.com\/sr\/rezultati-lutrije\/rezultati-izvlacenja-la-primitiva\/"]}]},{"@type":"ImageObject","inLanguage":"sr-RS","@id":"https:\/\/jackpotlotteryonline.com\/sr\/rezultati-lutrije\/rezultati-izvlacenja-la-primitiva\/#primaryimage","url":"http:\/\/jackpotlotteryonline.com\/wp-content\/uploads\/2022\/11\/read1.jpg","contentUrl":"http:\/\/jackpotlotteryonline.com\/wp-content\/uploads\/2022\/11\/read1.jpg"},{"@type":"BreadcrumbList","@id":"https:\/\/jackpotlotteryonline.com\/sr\/rezultati-lutrije\/rezultati-izvlacenja-la-primitiva\/#breadcrumb","itemListElement":[{"@type":"ListItem","position":1,"name":"Home","item":"https:\/\/jackpotlotteryonline.com\/sr\/"},{"@type":"ListItem","position":2,"name":"Rezultati lutrije","item":"https:\/\/jackpotlotteryonline.com\/sr\/rezultati-lutrije\/"},{"@type":"ListItem","position":3,"name":"Rezultati izvla\u010denja La Primitiva"}]},{"@type":"WebSite","@id":"https:\/\/jackpotlotteryonline.com\/#website","url":"https:\/\/jackpotlotteryonline.com\/","name":"Lotto Online - Crack The International Lottery Jackpots","description":"","potentialAction":[{"@type":"SearchAction","target":{"@type":"EntryPoint","urlTemplate":"https:\/\/jackpotlotteryonline.com\/?s={search_term_string}"},"query-input":"required name=search_term_string"}],"inLanguage":"sr-RS"}]}},"_links":{"self":[{"href":"https:\/\/jackpotlotteryonline.com\/sr\/wp-json\/wp\/v2\/pages\/74216","targetHints":{"allow":["GET"]}}],"collection":[{"href":"https:\/\/jackpotlotteryonline.com\/sr\/wp-json\/wp\/v2\/pages"}],"about":[{"href":"https:\/\/jackpotlotteryonline.com\/sr\/wp-json\/wp\/v2\/types\/page"}],"author":[{"embeddable":true,"href":"https:\/\/jackpotlotteryonline.com\/sr\/wp-json\/wp\/v2\/users\/7"}],"replies":[{"embeddable":true,"href":"https:\/\/jackpotlotteryonline.com\/sr\/wp-json\/wp\/v2\/comments?post=74216"}],"version-history":[{"count":0,"href":"https:\/\/jackpotlotteryonline.com\/sr\/wp-json\/wp\/v2\/pages\/74216\/revisions"}],"up":[{"embeddable":true,"href":"https:\/\/jackpotlotteryonline.com\/sr\/wp-json\/wp\/v2\/pages\/74058"}],"wp:attachment":[{"href":"https:\/\/jackpotlotteryonline.com\/sr\/wp-json\/wp\/v2\/media?parent=74216"}],"curies":[{"name":"wp","href":"https:\/\/api.w.org\/{rel}","templated":true}]}}