{"id":74231,"date":"2025-02-06T05:40:27","date_gmt":"2025-02-06T05:40:27","guid":{"rendered":"https:\/\/jackpotlotteryonline.com\/?page_id=74231"},"modified":"2025-02-06T05:40:27","modified_gmt":"2025-02-06T05:40:27","slug":"nemacki-lotto-rezultati","status":"publish","type":"page","link":"https:\/\/jackpotlotteryonline.com\/sr\/rezultati-lutrije\/nemacki-lotto-rezultati\/","title":{"rendered":"Nema\u010dki Lotto rezultati"},"content":{"rendered":"<p><span style=\"font-weight: 400;\">Ako ste <a href=\"https:\/\/jackpotlotteryonline.com\/play-online\/german-lotto\">igrali nema\u010dki lotto<\/a> ili planirate da probate, va\u017eno je da proverite dobitne brojeve. Pobediti na lotou mo\u017ee vam promeniti \u017eivot.<\/span><\/p>\n<p><span style=\"font-weight: 400;\">Tako\u0111e poznat kao <\/span><i><span style=\"font-weight: 400;\">6 aus 49<\/span><\/i><span style=\"font-weight: 400;\"> (6 od 49), ovaj je jedan od najpopularnijih lotou u Evropi. Sa fantasti\u010dnim \u0161ansama i nagradama koje menjaju \u017eivot, nema\u010dki lotto nudi devet razli\u010ditih kategorija nagrada.<\/span><\/p>\n<p><span style=\"font-weight: 400;\">Igra je jednostavna, a sada mo\u017eete u\u010destvovati u nema\u010dkom lotou sa bilo kog mesta na svetu. Tako\u0111e mo\u017eete proveriti svoje dobitne brojeve kada igrate na jackpotlotteryonline.com.<\/span><\/p>\n<h2><span style=\"font-weight: 400;\"><img loading=\"lazy\" decoding=\"async\" class=\"alignright size-medium wp-image-29156\" src=\"http:\/\/jackpotlotteryonline.com\/wp-content\/uploads\/2022\/11\/1_play_lotto_to_win-300x214.jpg\" alt=\"Igrajte nema\u010dki lotto i osvojite velike nagrade\" width=\"300\" height=\"214\" srcset=\"https:\/\/jackpotlotteryonline.com\/wp-content\/uploads\/2022\/11\/1_play_lotto_to_win-300x214.jpg 300w, https:\/\/jackpotlotteryonline.com\/wp-content\/uploads\/2022\/11\/1_play_lotto_to_win.jpg 320w\" sizes=\"auto, (max-width: 300px) 100vw, 300px\" \/>Kako igrati nema\u010dki lotto<\/span><\/h2>\n<p><span style=\"font-weight: 400;\">Za igranje, odaberite 6 brojeva od 1 do 49. Ako pogodi\u0161 dobitne brojeve, pobe\u0111uje\u0161 d\u017eekpot. Tako\u0111e, izvla\u010di se dodatni broj, nazvan \u201eSuper broj\u201c. Ovaj broj se nasumi\u010dno bira i koristi se za odre\u0111ivanje dobitnika u tri kategorije nagrada, uklju\u010duju\u0107i d\u017eekpot.<\/span><\/p>\n<p><span style=\"font-weight: 400;\">D\u017eekpot po\u010dinje sa garantovanih 1 milion evra, ali ako nema dobitnika, premija se prenosi u slede\u0107e izvla\u010denje. Nema\u010dki lotto d\u017eekpot mo\u017ee porasti na \u010dak 14.000.000 \u20ac, \u0161to je neverovatno.<\/span><\/p>\n<h2><span style=\"font-weight: 400;\">Igrajte na jackpotlotteryonline.com<\/span><\/h2>\n<p><span style=\"font-weight: 400;\">Kada <a href=\"https:\/\/jackpotlotteryonline.com\/buy-tickets\/lotto-germany\">kupite tiket kod nas<\/a>, zapravo u\u010destvujete u lotou. Mi nismo kao neki online loto servisi koji vam omogu\u0107avaju da kla\u0111enje na ishod. Ako samo kla\u0111ete, ne\u0107ete osvojiti stvarnu loto nagradu, \u010dak i ako pogodite ta\u010dne brojeve.<\/span><\/p>\n<p><span style=\"font-weight: 400;\">Mi smo koncijer\u017e servis koji omogu\u0107ava na\u0161im korisnicima pristup loto igrama \u0161irom sveta. Kada kupite tiket za nema\u010dki lotto online, na\u0161i agenti u Nema\u010dkoj kupuju fizi\u010dki tiket sa va\u0161im odabranim brojevima, a zatim skeniraju tiket i postavljaju ga na va\u0161 nalog.<\/span><\/p>\n<h3><strong>Kako da igrate kod nas:<\/strong><\/h3>\n<ul>\n<li style=\"font-weight: 400;\" aria-level=\"1\"><span style=\"font-weight: 400;\">Odaberite 6 brojeva iz 49. Tako\u0111e mo\u017eete koristiti generator nasumi\u010dnih brojeva.<\/span><\/li>\n<li style=\"font-weight: 400;\" aria-level=\"1\"><span style=\"font-weight: 400;\">Odaberite broj izvla\u010denja u kojem \u017eelite da u\u010destvujete \u2013 jedno ili vi\u0161e.<\/span><\/li>\n<li style=\"font-weight: 400;\" aria-level=\"1\"><span style=\"font-weight: 400;\">Odaberite koliko nedelja \u017eelite da igrate (ili igrajte samo jedan put).<\/span><\/li>\n<li style=\"font-weight: 400;\" aria-level=\"1\"><span style=\"font-weight: 400;\">Registrujte se da biste zavr\u0161ili pla\u0107anje (tako da vas mo\u017eemo obavestiti ako pobedite).<\/span><\/li>\n<\/ul>\n<h2><span style=\"font-weight: 400;\">Pobedite u nema\u010dkom lotou (distribucija nagrada)<\/span><\/h2>\n<p><span style=\"font-weight: 400;\"><img loading=\"lazy\" decoding=\"async\" class=\"alignright size-medium wp-image-28616\" src=\"http:\/\/jackpotlotteryonline.com\/wp-content\/uploads\/2022\/11\/1_online_lotto-300x128.jpg\" alt=\"Igrajte nema\u010dki lotto\" width=\"300\" height=\"128\" srcset=\"https:\/\/jackpotlotteryonline.com\/wp-content\/uploads\/2022\/11\/1_online_lotto-300x128.jpg 300w, https:\/\/jackpotlotteryonline.com\/wp-content\/uploads\/2022\/11\/1_online_lotto.jpg 320w\" sizes=\"auto, (max-width: 300px) 100vw, 300px\" \/>Kao \u0161to je ve\u0107 pomenuto, ovaj evropski loto ima 9 razli\u010ditih kategorija nagrada. To zna\u010di da postoji mnogo \u0161ansi za osvajanje nagrade, \u0161to obja\u0161njava za\u0161to je ovaj loto toliko popularan u Evropi. \u0160anse za dobitak d\u017eekpota su 1 prema 139.838.160.<\/span><\/p>\n<p><span style=\"font-weight: 400;\">Evo kako se distribuiraju nagrade i \u0161anse za dobitak:<\/span><\/p>\n<p><span style=\"font-weight: 400;\">Prva kategorija: 6 brojeva + Super broj \u2013 \u20ac12,585,434.40 (d\u017eekpot) \u2013 1:139,838,160<\/span><\/p>\n<p><span style=\"font-weight: 400;\">Druga kategorija: 6 brojeva \u2013 \u20ac1,003,509.30 \u2013 1:15,537,573<\/span><\/p>\n<p><span style=\"font-weight: 400;\">Tre\u0107a kategorija: 5 brojeva + Super broj \u2013 \u20ac12,135.40 \u2013 1:524,008<\/span><\/p>\n<p><span style=\"font-weight: 400;\">\u010cetvrta kategorija: 5 brojeva \u2013 \u20ac4,019.20 \u2013 1:60,223<\/span><\/p>\n<p><span style=\"font-weight: 400;\">Peta kategorija: 4 broja + Super broj \u2013 \u20ac191.10 \u2013 1:10,324<\/span><\/p>\n<p><span style=\"font-weight: 400;\">\u0160esta kategorija: 4 broja \u2013 \u20ac50.30 \u2013 1:1,147<\/span><\/p>\n<p><span style=\"font-weight: 400;\">Sedma kategorija: 3 broja + Super broj \u2013 \u20ac21.20 \u2013 1:567<\/span><\/p>\n<p><span style=\"font-weight: 400;\">Osma kategorija: 3 broja \u2013 \u20ac11.10 \u2013 1:63<\/span><\/p>\n<p><span style=\"font-weight: 400;\">Deveta kategorija: 2 broja + Super broj \u2013 \u20ac6 \u2013 1:76<\/span><\/p>\n<h2><span style=\"font-weight: 400;\">Proverite dobitne brojeve online<\/span><\/h2>\n<p><span style=\"font-weight: 400;\">Nema\u010dki lotto je jednostavan za igru, a isto tako je lako proveriti rezultate. Kada se izvla\u010denje zavr\u0161i, mo\u017eete proveriti svoje brojeve online. Redovno objavljujemo rezultate.<\/span><\/p>\n<p><span style=\"font-weight: 400;\">Ako zaboravite da proverite, obavesti\u0107emo vas putem va\u0161eg naloga i email-a ako ste osvojili nagradu.<\/span><\/p>\n<h2><span style=\"font-weight: 400;\">Kako da preuzmete svoju nagradu<\/span><\/h2>\n<p><span style=\"font-weight: 400;\">Nema\u010dko loto izvla\u010denje se odr\u017eava svake srede. Ako pobedite, mo\u017eete lako povu\u0107i svoju nagradu sa na\u0161e platforme na va\u0161 nalog.<\/span><\/p>\n","protected":false},"excerpt":{"rendered":"<p>Ako ste igrali nema\u010dki lotto ili planirate da probate, va\u017eno je da proverite dobitne brojeve. Pobediti na lotou mo\u017ee vam promeniti \u017eivot. Tako\u0111e poznat kao 6 aus 49 (6 od 49), ovaj je jedan od najpopularnijih lotou u Evropi. Sa fantasti\u010dnim \u0161ansama i nagradama koje menjaju \u017eivot, nema\u010dki lotto nudi devet razli\u010ditih kategorija nagrada. Igra [&hellip;]<\/p>\n","protected":false},"author":7,"featured_media":0,"parent":74058,"menu_order":8,"comment_status":"closed","ping_status":"closed","template":"lotto-german-results.php","meta":{"_et_pb_use_builder":"","_et_pb_old_content":"","_et_gb_content_width":"","exclude_from_search":false,"footnotes":""},"class_list":["post-74231","page","type-page","status-publish","hentry"],"yoast_head":"<!-- This site is optimized with the Yoast SEO plugin v23.3 - https:\/\/yoast.com\/wordpress\/plugins\/seo\/ -->\n<title>Nema\u010dki lotto \u2013 dobitni brojevi i rezultati<\/title>\n<meta name=\"description\" content=\"Ovdje mo\u017eete prona\u0107i najnovije i pro\u0161le dobitne brojeve i rezultate za nema\u010dki lotto.\" \/>\n<meta name=\"robots\" content=\"index, follow, max-snippet:-1, max-image-preview:large, max-video-preview:-1\" \/>\n<link rel=\"canonical\" href=\"https:\/\/jackpotlotteryonline.com\/sr\/rezultati-lutrije\/nemacki-lotto-rezultati\/\" \/>\n<meta property=\"og:locale\" content=\"sr_RS\" \/>\n<meta property=\"og:type\" content=\"article\" \/>\n<meta property=\"og:title\" content=\"Nema\u010dki lotto \u2013 dobitni brojevi i rezultati\" \/>\n<meta property=\"og:description\" content=\"Ovdje mo\u017eete prona\u0107i najnovije i pro\u0161le dobitne brojeve i rezultate za nema\u010dki lotto.\" \/>\n<meta property=\"og:url\" content=\"https:\/\/jackpotlotteryonline.com\/sr\/rezultati-lutrije\/nemacki-lotto-rezultati\/\" \/>\n<meta property=\"og:site_name\" content=\"Lotto Online - Crack The International Lottery Jackpots\" \/>\n<meta property=\"og:image\" content=\"http:\/\/jackpotlotteryonline.com\/wp-content\/uploads\/2022\/11\/1_play_lotto_to_win-300x214.jpg\" \/>\n<meta name=\"twitter:card\" content=\"summary_large_image\" \/>\n<!-- \/ Yoast SEO plugin. -->","yoast_head_json":{"title":"Nema\u010dki lotto \u2013 dobitni brojevi i rezultati","description":"Ovdje mo\u017eete prona\u0107i najnovije i pro\u0161le dobitne brojeve i rezultate za nema\u010dki lotto.","robots":{"index":"index","follow":"follow","max-snippet":"max-snippet:-1","max-image-preview":"max-image-preview:large","max-video-preview":"max-video-preview:-1"},"canonical":"https:\/\/jackpotlotteryonline.com\/sr\/rezultati-lutrije\/nemacki-lotto-rezultati\/","og_locale":"sr_RS","og_type":"article","og_title":"Nema\u010dki lotto \u2013 dobitni brojevi i rezultati","og_description":"Ovdje mo\u017eete prona\u0107i najnovije i pro\u0161le dobitne brojeve i rezultate za nema\u010dki lotto.","og_url":"https:\/\/jackpotlotteryonline.com\/sr\/rezultati-lutrije\/nemacki-lotto-rezultati\/","og_site_name":"Lotto Online - Crack The International Lottery Jackpots","og_image":[{"url":"http:\/\/jackpotlotteryonline.com\/wp-content\/uploads\/2022\/11\/1_play_lotto_to_win-300x214.jpg"}],"twitter_card":"summary_large_image","schema":{"@context":"https:\/\/schema.org","@graph":[{"@type":"WebPage","@id":"https:\/\/jackpotlotteryonline.com\/sr\/rezultati-lutrije\/nemacki-lotto-rezultati\/","url":"https:\/\/jackpotlotteryonline.com\/sr\/rezultati-lutrije\/nemacki-lotto-rezultati\/","name":"Nema\u010dki lotto \u2013 dobitni brojevi i rezultati","isPartOf":{"@id":"https:\/\/jackpotlotteryonline.com\/#website"},"primaryImageOfPage":{"@id":"https:\/\/jackpotlotteryonline.com\/sr\/rezultati-lutrije\/nemacki-lotto-rezultati\/#primaryimage"},"image":{"@id":"https:\/\/jackpotlotteryonline.com\/sr\/rezultati-lutrije\/nemacki-lotto-rezultati\/#primaryimage"},"thumbnailUrl":"http:\/\/jackpotlotteryonline.com\/wp-content\/uploads\/2022\/11\/1_play_lotto_to_win-300x214.jpg","datePublished":"2025-02-06T05:40:27+00:00","dateModified":"2025-02-06T05:40:27+00:00","description":"Ovdje mo\u017eete prona\u0107i najnovije i pro\u0161le dobitne brojeve i rezultate za nema\u010dki lotto.","breadcrumb":{"@id":"https:\/\/jackpotlotteryonline.com\/sr\/rezultati-lutrije\/nemacki-lotto-rezultati\/#breadcrumb"},"inLanguage":"sr-RS","potentialAction":[{"@type":"ReadAction","target":["https:\/\/jackpotlotteryonline.com\/sr\/rezultati-lutrije\/nemacki-lotto-rezultati\/"]}]},{"@type":"ImageObject","inLanguage":"sr-RS","@id":"https:\/\/jackpotlotteryonline.com\/sr\/rezultati-lutrije\/nemacki-lotto-rezultati\/#primaryimage","url":"http:\/\/jackpotlotteryonline.com\/wp-content\/uploads\/2022\/11\/1_play_lotto_to_win-300x214.jpg","contentUrl":"http:\/\/jackpotlotteryonline.com\/wp-content\/uploads\/2022\/11\/1_play_lotto_to_win-300x214.jpg"},{"@type":"BreadcrumbList","@id":"https:\/\/jackpotlotteryonline.com\/sr\/rezultati-lutrije\/nemacki-lotto-rezultati\/#breadcrumb","itemListElement":[{"@type":"ListItem","position":1,"name":"Home","item":"https:\/\/jackpotlotteryonline.com\/sr\/"},{"@type":"ListItem","position":2,"name":"Rezultati lutrije","item":"https:\/\/jackpotlotteryonline.com\/sr\/rezultati-lutrije\/"},{"@type":"ListItem","position":3,"name":"Nema\u010dki Lotto rezultati"}]},{"@type":"WebSite","@id":"https:\/\/jackpotlotteryonline.com\/#website","url":"https:\/\/jackpotlotteryonline.com\/","name":"Lotto Online - Crack The International Lottery Jackpots","description":"","potentialAction":[{"@type":"SearchAction","target":{"@type":"EntryPoint","urlTemplate":"https:\/\/jackpotlotteryonline.com\/?s={search_term_string}"},"query-input":"required name=search_term_string"}],"inLanguage":"sr-RS"}]}},"_links":{"self":[{"href":"https:\/\/jackpotlotteryonline.com\/sr\/wp-json\/wp\/v2\/pages\/74231","targetHints":{"allow":["GET"]}}],"collection":[{"href":"https:\/\/jackpotlotteryonline.com\/sr\/wp-json\/wp\/v2\/pages"}],"about":[{"href":"https:\/\/jackpotlotteryonline.com\/sr\/wp-json\/wp\/v2\/types\/page"}],"author":[{"embeddable":true,"href":"https:\/\/jackpotlotteryonline.com\/sr\/wp-json\/wp\/v2\/users\/7"}],"replies":[{"embeddable":true,"href":"https:\/\/jackpotlotteryonline.com\/sr\/wp-json\/wp\/v2\/comments?post=74231"}],"version-history":[{"count":0,"href":"https:\/\/jackpotlotteryonline.com\/sr\/wp-json\/wp\/v2\/pages\/74231\/revisions"}],"up":[{"embeddable":true,"href":"https:\/\/jackpotlotteryonline.com\/sr\/wp-json\/wp\/v2\/pages\/74058"}],"wp:attachment":[{"href":"https:\/\/jackpotlotteryonline.com\/sr\/wp-json\/wp\/v2\/media?parent=74231"}],"curies":[{"name":"wp","href":"https:\/\/api.w.org\/{rel}","templated":true}]}}