{"id":74248,"date":"2025-02-06T06:03:42","date_gmt":"2025-02-06T06:03:42","guid":{"rendered":"https:\/\/jackpotlotteryonline.com\/?page_id=74248"},"modified":"2025-02-06T06:03:42","modified_gmt":"2025-02-06T06:03:42","slug":"rezultatele-tragerii-france-lotto","status":"publish","type":"page","link":"https:\/\/jackpotlotteryonline.com\/sr\/rezultati-lutrije\/rezultatele-tragerii-france-lotto\/","title":{"rendered":"Rezultatele tragerii France Lotto"},"content":{"rendered":"<p><span style=\"font-weight: 400;\">France Lotto este un loto european care produce c\u00e2\u0219tig\u0103tori de trei ori pe s\u0103pt\u0103m\u00e2n\u0103. A fost lansat \u00een 1976 \u0219i zilele sale de tragere sunt luni, miercuri \u0219i s\u00e2mb\u0103t\u0103. Numerele c\u00e2\u0219tig\u0103toare France Lotto sunt anun\u021bate \u00een aceste zile. C\u00e2\u0219tig\u0103torii din \u00eentreaga lume pot participa la France Lotto cump\u0103r\u00e2nd biletele lor online.<\/span><\/p>\n<h2><span style=\"font-weight: 400;\">De ce ar trebui s\u0103 verifica\u021bi numerele c\u00e2\u0219tig\u0103toare<\/span><\/h2>\n<p><span style=\"font-weight: 400;\">\u00cen general, compania France Lotto nu cunoa\u0219te identitatea tuturor celor care au cump\u0103rat bilete. Prin urmare, nu au nicio modalitate de a contacta c\u00e2\u0219tig\u0103torii biletelor. De aceea trebuie s\u0103 verifica\u021bi \u00een mod constant biletul dumneavoastr\u0103 \u00een raport cu numerele extrase pentru a afla dac\u0103 a\u021bi c\u00e2\u0219tigat.<\/span><\/p>\n<p><span style=\"font-weight: 400;\">De asemenea, France Lotto are 10 divizii de premii. Este posibil ca un juc\u0103tor s\u0103 nu fi c\u00e2\u0219tigat marele premiu, dar ar putea fi c\u00e2\u0219tig\u0103tor la alte premii.<\/span><\/p>\n<h2><span style=\"font-weight: 400;\"><img loading=\"lazy\" decoding=\"async\" class=\"alignright wp-image-31748\" src=\"http:\/\/jackpotlotteryonline.com\/wp-content\/uploads\/2022\/11\/rf_results_page-300x225.jpg\" alt=\"Rezultate c\u00e2\u0219tig\u0103toare France Lotto\" width=\"244\" height=\"183\" srcset=\"https:\/\/jackpotlotteryonline.com\/wp-content\/uploads\/2022\/11\/rf_results_page-300x225.jpg 300w, https:\/\/jackpotlotteryonline.com\/wp-content\/uploads\/2022\/11\/rf_results_page-600x449.jpg 600w, https:\/\/jackpotlotteryonline.com\/wp-content\/uploads\/2022\/11\/rf_results_page-768x575.jpg 768w, https:\/\/jackpotlotteryonline.com\/wp-content\/uploads\/2022\/11\/rf_results_page.jpg 801w\" sizes=\"auto, (max-width: 244px) 100vw, 244px\" \/>Moduri de a verifica rezultatele c\u00e2\u0219tig\u0103toare France Lotto<\/span><\/h2>\n<p><span style=\"font-weight: 400;\">Exist\u0103 mai multe modalit\u0103\u021bi de a verifica rezultatele tragerii pentru France Lotto. Acest lucru este esen\u021bial pentru a afla biletul c\u00e2\u0219tig\u0103tor pentru marele premiu. Aminti\u021bi-v\u0103 c\u0103 c\u00e2\u0219tig\u0103torul este cel care se potrive\u0219te cu numerele extrase. Dac\u0103 cump\u0103ra\u021bi bilete pentru France Lotto, pute\u021bi verifica rezultatele tragerii \u00een oricare dintre urm\u0103toarele moduri:<\/span><\/p>\n<h3><b>Urm\u0103ri\u021bi extragerea live la televizor<\/b><\/h3>\n<p><span style=\"font-weight: 400;\">Acest lucru este foarte interesant deoarece numerele sunt anun\u021bate \u0219i pute\u021bi afla imediat dac\u0103 a\u021bi c\u00e2\u0219tigat. Problema este c\u0103 trebuie s\u0103 tr\u0103i\u021bi \u00een Fran\u021ba pentru a urm\u0103ri extragerile live ale France Lotto.<\/span><\/p>\n<section class=\"layout\" style=\"border: solid 1px; width: 100%;\">\n<div class=\"img-div\" style=\"margin-top: 5px;\">\n    <img decoding=\"async\" class=\"wp-image-17212 alignleft\" style=\"height: 45px; margin: 8px 8px 0px;\" src=\"http:\/\/jackpotlotteryonline.com\/wp-content\/uploads\/2022\/11\/read1.jpg\" alt=\"Cite\u0219te\" width=\"\" height=\"\" \/>\n  <\/div>\n<div style=\"padding-left: 5px;\">\n<div style=\"font-size: 1.1em;\">\n      <strong>Nu rata\u021bi orele tragerilor pentru cele mai mari jackpoturi din lume<\/strong><\/p>\n<p style=\"font-size: 0.85em; margin-top: -1.5em;\">O list\u0103 cu orele tragerilor pentru loteriile interna\u021bionale &#8211; <a href=\"https:\/\/jackpotlotteryonline.com\/when-are-the-draw-times-for-the-international-lotteries\">Citi\u021bi mai mult<\/a><\/p>\n<\/p><\/div>\n<\/p><\/div>\n<\/section>\n<h3><b>Vizita\u021bi site-urile de \u0219tiri<\/b><\/h3>\n<p><span style=\"font-weight: 400;\">O alt\u0103 modalitate de a verifica rezultatele tragerii este s\u0103 verifica\u021bi site-urile de \u0219tiri. Diverse site-uri de \u0219tiri public\u0103 combina\u021biile c\u00e2\u0219tig\u0103toare pe paginile lor. Acest lucru este valabil \u00een mod special pentru site-urile de \u0219tiri europene. Dac\u0103 c\u00e2\u0219tiga\u021bi marele premiu, atunci aceasta este o op\u021biune excelent\u0103. Cu toate acestea, multe dintre aceste site-uri nu public\u0103 combina\u021biile c\u00e2\u0219tig\u0103toare pentru alte divizii de premii. A\u0219adar, dac\u0103 c\u00e2\u0219tiga\u021bi un premiu de al doilea nivel, de exemplu, s-ar putea s\u0103 \u00eel rata\u021bi.<\/span><\/p>\n<h3><b>Verifica\u021bi jackpotlotteryonline.com<\/b><\/h3>\n<p><span style=\"font-weight: 400;\">C\u00e2nd v\u0103 \u00eenregistra\u021bi cu noi, pute\u021bi verifica cu u\u0219urin\u021b\u0103 numerele c\u00e2\u0219tig\u0103toare pentru France Lotto. Dup\u0103 fiecare extragere, public\u0103m rezultatele chiar aici pe pagina noastr\u0103. De asemenea, dac\u0103 c\u00e2\u0219tiga\u021bi orice premiu, v\u0103 vom anun\u021ba imediat, indiferent de divizia de premii pe care a\u021bi c\u00e2\u0219tigat-o. \u00cen plus, pute\u021bi retrage premiile loto direct din site-ul nostru \u00een contul dumneavoastr\u0103.<\/span><\/p>\n<h2><span style=\"font-weight: 400;\">Beneficiile jocului online<\/span><\/h2>\n<p><span style=\"font-weight: 400;\">Posibilitatea de a verifica rezultatele tragerilor este doar unul dintre beneficiile <a href=\"https:\/\/jackpotlotteryonline.com\/play-online\/france-lotto\">jocului online<\/a>. Dar trebuie s\u0103 recunoa\u0219tem c\u0103 este un beneficiu uria\u0219. Iat\u0103 c\u00e2teva dintre beneficii pe scurt:<\/span><\/p>\n<ul>\n<li style=\"font-weight: 400;\" aria-level=\"1\"><span style=\"font-weight: 400;\">Acces la cele mai bune loterii interna\u021bionale din orice loca\u021bie<\/span><\/li>\n<li style=\"font-weight: 400;\" aria-level=\"1\"><span style=\"font-weight: 400;\">Comoditatea jocului de pe computer sau dispozitivul mobil<\/span><\/li>\n<li style=\"font-weight: 400;\" aria-level=\"1\"><span style=\"font-weight: 400;\">Programarea u\u0219oar\u0103 a mai multor extrageri \u00een avans<\/span><\/li>\n<li style=\"font-weight: 400;\" aria-level=\"1\"><span style=\"font-weight: 400;\">Verificarea convenabil\u0103 a rezultatelor tragerilor<\/span><\/li>\n<li style=\"font-weight: 400;\" aria-level=\"1\"><span style=\"font-weight: 400;\">Retragerea premiilor direct \u00een contul dumneavoastr\u0103<\/span><\/li>\n<\/ul>\n<h2><span style=\"font-weight: 400;\">Combin\u0103rile c\u00e2\u0219tig\u0103toare ale France Lotto<\/span><\/h2>\n<p><span style=\"font-weight: 400;\">Alegerea combina\u021biei corecte pentru biletul dumneavoastr\u0103 France Lotto poate fi destul de complicat\u0103. Mul\u021bi juc\u0103tori au diferite sfaturi pe care le folosesc pentru a-\u0219i spori \u0219ansele de c\u00e2\u0219tig. Ce putem s\u0103 v\u0103 spunem este c\u0103 nu exist\u0103 o metod\u0103 garantat\u0103 de c\u00e2\u0219tig la loto. Este o chestiune de noroc. Cu toate acestea, putem s\u0103 v\u0103 \u00eemp\u0103rt\u0103\u0219im c\u00e2teva strategii pe care le folosesc juc\u0103torii pentru a-\u0219i alege cifrele c\u00e2\u0219tig\u0103toare.<\/span><\/p>\n<p><span style=\"font-weight: 400;\">Unii juc\u0103tori prefer\u0103 s\u0103 treac\u0103 prin combina\u021biile c\u00e2\u0219tig\u0103toare anterioare pentru a g\u0103si numere care apar frecvent sau rar. Ei reu\u0219esc s\u0103 identifice un tipar \u0219i s\u0103-l foloseasc\u0103 pentru a crea o strategie de joc pentru loterie. Dac\u0103 func\u021bioneaz\u0103 sau nu, este greu de spus.<\/span><\/p>\n<p><span style=\"font-weight: 400;\">Al\u021bi juc\u0103tori aleg s\u0103 joace frecvent cump\u0103r\u00e2nd bilete multiple \u0219i particip\u00e2nd la extrageri multiple. Logica din spatele acestei abord\u0103ri este c\u0103, cu c\u00e2t joci mai mult la loterie, cu at\u00e2t ai mai multe \u0219anse s\u0103 c\u00e2\u0219tigi. Interesant este c\u0103 majoritatea c\u00e2\u0219tig\u0103torilor au jucat ani de zile \u00eenainte de a c\u00e2\u0219tiga la loto. Cu toate acestea, exist\u0103 \u0219i cei care au c\u00e2\u0219tigat la prima lor \u00eencercare.<\/span><\/p>\n<h2><span style=\"font-weight: 400;\">Concluzie<\/span><\/h2>\n<p><span style=\"font-weight: 400;\">\u00cen concluzie, France Lotto este un joc de \u0219ans\u0103. Pute\u021bi <a href=\"https:\/\/jackpotlotteryonline.com\/buy-tickets\/lotto-france\">cump\u0103ra biletele pentru France Lotto<\/a> \u0219i s\u0103 verifica\u021bi combina\u021biile c\u00e2\u0219tig\u0103toare chiar aici pe jackpotlotteryonline.com.<\/span><\/p>\n","protected":false},"excerpt":{"rendered":"<p>France Lotto este un loto european care produce c\u00e2\u0219tig\u0103tori de trei ori pe s\u0103pt\u0103m\u00e2n\u0103. A fost lansat \u00een 1976 \u0219i zilele sale de tragere sunt luni, miercuri \u0219i s\u00e2mb\u0103t\u0103. Numerele c\u00e2\u0219tig\u0103toare France Lotto sunt anun\u021bate \u00een aceste zile. C\u00e2\u0219tig\u0103torii din \u00eentreaga lume pot participa la France Lotto cump\u0103r\u00e2nd biletele lor online. De ce ar trebui [&hellip;]<\/p>\n","protected":false},"author":7,"featured_media":0,"parent":74058,"menu_order":9,"comment_status":"closed","ping_status":"closed","template":"lotto-fr-results.php","meta":{"_et_pb_use_builder":"","_et_pb_old_content":"","_et_gb_content_width":"","exclude_from_search":false,"footnotes":""},"class_list":["post-74248","page","type-page","status-publish","hentry"],"yoast_head":"<!-- This site is optimized with the Yoast SEO plugin v23.3 - https:\/\/yoast.com\/wordpress\/plugins\/seo\/ -->\n<title>Numerele c\u00e2\u0219tig\u0103toare ale France Lotto \u0219i rezultatele tragerii<\/title>\n<meta name=\"description\" content=\"Dori\u021bi s\u0103 \u0219ti\u021bi numerele c\u00e2\u0219tig\u0103toare \u0219i rezultatele tragerii pentru loteria francez\u0103? Verifica\u021bi pagina noastr\u0103 de rezultate Lotto France \u0219i arhiva noastr\u0103.\" \/>\n<meta name=\"robots\" content=\"index, follow, max-snippet:-1, max-image-preview:large, max-video-preview:-1\" \/>\n<link rel=\"canonical\" href=\"https:\/\/jackpotlotteryonline.com\/sr\/rezultati-lutrije\/rezultatele-tragerii-france-lotto\/\" \/>\n<meta property=\"og:locale\" content=\"sr_RS\" \/>\n<meta property=\"og:type\" content=\"article\" \/>\n<meta property=\"og:title\" content=\"Numerele c\u00e2\u0219tig\u0103toare ale France Lotto \u0219i rezultatele tragerii\" \/>\n<meta property=\"og:description\" content=\"Dori\u021bi s\u0103 \u0219ti\u021bi numerele c\u00e2\u0219tig\u0103toare \u0219i rezultatele tragerii pentru loteria francez\u0103? Verifica\u021bi pagina noastr\u0103 de rezultate Lotto France \u0219i arhiva noastr\u0103.\" \/>\n<meta property=\"og:url\" content=\"https:\/\/jackpotlotteryonline.com\/sr\/rezultati-lutrije\/rezultatele-tragerii-france-lotto\/\" \/>\n<meta property=\"og:site_name\" content=\"Lotto Online - Crack The International Lottery Jackpots\" \/>\n<meta property=\"og:image\" content=\"http:\/\/jackpotlotteryonline.com\/wp-content\/uploads\/2022\/11\/rf_results_page-300x225.jpg\" \/>\n<meta name=\"twitter:card\" content=\"summary_large_image\" \/>\n<!-- \/ Yoast SEO plugin. -->","yoast_head_json":{"title":"Numerele c\u00e2\u0219tig\u0103toare ale France Lotto \u0219i rezultatele tragerii","description":"Dori\u021bi s\u0103 \u0219ti\u021bi numerele c\u00e2\u0219tig\u0103toare \u0219i rezultatele tragerii pentru loteria francez\u0103? Verifica\u021bi pagina noastr\u0103 de rezultate Lotto France \u0219i arhiva noastr\u0103.","robots":{"index":"index","follow":"follow","max-snippet":"max-snippet:-1","max-image-preview":"max-image-preview:large","max-video-preview":"max-video-preview:-1"},"canonical":"https:\/\/jackpotlotteryonline.com\/sr\/rezultati-lutrije\/rezultatele-tragerii-france-lotto\/","og_locale":"sr_RS","og_type":"article","og_title":"Numerele c\u00e2\u0219tig\u0103toare ale France Lotto \u0219i rezultatele tragerii","og_description":"Dori\u021bi s\u0103 \u0219ti\u021bi numerele c\u00e2\u0219tig\u0103toare \u0219i rezultatele tragerii pentru loteria francez\u0103? Verifica\u021bi pagina noastr\u0103 de rezultate Lotto France \u0219i arhiva noastr\u0103.","og_url":"https:\/\/jackpotlotteryonline.com\/sr\/rezultati-lutrije\/rezultatele-tragerii-france-lotto\/","og_site_name":"Lotto Online - Crack The International Lottery Jackpots","og_image":[{"url":"http:\/\/jackpotlotteryonline.com\/wp-content\/uploads\/2022\/11\/rf_results_page-300x225.jpg"}],"twitter_card":"summary_large_image","schema":{"@context":"https:\/\/schema.org","@graph":[{"@type":"WebPage","@id":"https:\/\/jackpotlotteryonline.com\/sr\/rezultati-lutrije\/rezultatele-tragerii-france-lotto\/","url":"https:\/\/jackpotlotteryonline.com\/sr\/rezultati-lutrije\/rezultatele-tragerii-france-lotto\/","name":"Numerele c\u00e2\u0219tig\u0103toare ale France Lotto \u0219i rezultatele tragerii","isPartOf":{"@id":"https:\/\/jackpotlotteryonline.com\/#website"},"primaryImageOfPage":{"@id":"https:\/\/jackpotlotteryonline.com\/sr\/rezultati-lutrije\/rezultatele-tragerii-france-lotto\/#primaryimage"},"image":{"@id":"https:\/\/jackpotlotteryonline.com\/sr\/rezultati-lutrije\/rezultatele-tragerii-france-lotto\/#primaryimage"},"thumbnailUrl":"http:\/\/jackpotlotteryonline.com\/wp-content\/uploads\/2022\/11\/rf_results_page-300x225.jpg","datePublished":"2025-02-06T06:03:42+00:00","dateModified":"2025-02-06T06:03:42+00:00","description":"Dori\u021bi s\u0103 \u0219ti\u021bi numerele c\u00e2\u0219tig\u0103toare \u0219i rezultatele tragerii pentru loteria francez\u0103? Verifica\u021bi pagina noastr\u0103 de rezultate Lotto France \u0219i arhiva noastr\u0103.","breadcrumb":{"@id":"https:\/\/jackpotlotteryonline.com\/sr\/rezultati-lutrije\/rezultatele-tragerii-france-lotto\/#breadcrumb"},"inLanguage":"sr-RS","potentialAction":[{"@type":"ReadAction","target":["https:\/\/jackpotlotteryonline.com\/sr\/rezultati-lutrije\/rezultatele-tragerii-france-lotto\/"]}]},{"@type":"ImageObject","inLanguage":"sr-RS","@id":"https:\/\/jackpotlotteryonline.com\/sr\/rezultati-lutrije\/rezultatele-tragerii-france-lotto\/#primaryimage","url":"http:\/\/jackpotlotteryonline.com\/wp-content\/uploads\/2022\/11\/rf_results_page-300x225.jpg","contentUrl":"http:\/\/jackpotlotteryonline.com\/wp-content\/uploads\/2022\/11\/rf_results_page-300x225.jpg"},{"@type":"BreadcrumbList","@id":"https:\/\/jackpotlotteryonline.com\/sr\/rezultati-lutrije\/rezultatele-tragerii-france-lotto\/#breadcrumb","itemListElement":[{"@type":"ListItem","position":1,"name":"Home","item":"https:\/\/jackpotlotteryonline.com\/sr\/"},{"@type":"ListItem","position":2,"name":"Rezultati lutrije","item":"https:\/\/jackpotlotteryonline.com\/sr\/rezultati-lutrije\/"},{"@type":"ListItem","position":3,"name":"Rezultatele tragerii France Lotto"}]},{"@type":"WebSite","@id":"https:\/\/jackpotlotteryonline.com\/#website","url":"https:\/\/jackpotlotteryonline.com\/","name":"Lotto Online - Crack The International Lottery Jackpots","description":"","potentialAction":[{"@type":"SearchAction","target":{"@type":"EntryPoint","urlTemplate":"https:\/\/jackpotlotteryonline.com\/?s={search_term_string}"},"query-input":"required name=search_term_string"}],"inLanguage":"sr-RS"}]}},"_links":{"self":[{"href":"https:\/\/jackpotlotteryonline.com\/sr\/wp-json\/wp\/v2\/pages\/74248","targetHints":{"allow":["GET"]}}],"collection":[{"href":"https:\/\/jackpotlotteryonline.com\/sr\/wp-json\/wp\/v2\/pages"}],"about":[{"href":"https:\/\/jackpotlotteryonline.com\/sr\/wp-json\/wp\/v2\/types\/page"}],"author":[{"embeddable":true,"href":"https:\/\/jackpotlotteryonline.com\/sr\/wp-json\/wp\/v2\/users\/7"}],"replies":[{"embeddable":true,"href":"https:\/\/jackpotlotteryonline.com\/sr\/wp-json\/wp\/v2\/comments?post=74248"}],"version-history":[{"count":0,"href":"https:\/\/jackpotlotteryonline.com\/sr\/wp-json\/wp\/v2\/pages\/74248\/revisions"}],"up":[{"embeddable":true,"href":"https:\/\/jackpotlotteryonline.com\/sr\/wp-json\/wp\/v2\/pages\/74058"}],"wp:attachment":[{"href":"https:\/\/jackpotlotteryonline.com\/sr\/wp-json\/wp\/v2\/media?parent=74248"}],"curies":[{"name":"wp","href":"https:\/\/api.w.org\/{rel}","templated":true}]}}