{"id":74270,"date":"2025-02-06T06:31:17","date_gmt":"2025-02-06T06:31:17","guid":{"rendered":"https:\/\/jackpotlotteryonline.com\/?page_id=74270"},"modified":"2025-02-06T06:31:17","modified_gmt":"2025-02-06T06:31:17","slug":"uk-lotto-rezultati","status":"publish","type":"page","link":"https:\/\/jackpotlotteryonline.com\/sr\/rezultati-lutrije\/uk-lotto-rezultati\/","title":{"rendered":"UK Lotto Rezultati"},"content":{"rendered":"<p>UK Lotto je zanimljiva igra jer mo\u017ee da u\u010dini igra\u010de milionerima. Iako je popularna u Ujedinjenom Kraljevstvu, nije toliko poznata me\u0111unarodnim igra\u010dima. Dakle, ako \u017eelite da probate svoju sre\u0107u na me\u0111unarodnoj lutriji, za\u0161to ne biste poku\u0161ali upravo ovu? Iako nagrade nisu garantovane, lako je odabrati pobedni\u010dki broj.<\/p>\n<p>Postoji jedna stvar na koju treba da obratite pa\u017enju. Ako pobedite na ovoj lutriji, ne mo\u017eemo sa sigurno\u0161\u0107u re\u0107i koliko \u0107ete ta\u010dno osvojiti. Razlog je \u0161to je nagradni fond 52% ukupnog fonda lutrije. Ako se ne prodaju mnoge karte, mo\u017eda ne\u0107ete osvojiti mnogo. Ovo nema nikakve veze sa nama, ve\u0107 je pravilo same lutrijske kompanije.<\/p>\n<p>Posetite na\u0161 sajt na [jackpotlotteryonline.com](https:\/\/jackpotlotteryonline.com) da biste se prijavili za ovu lutriju ili izabrali neku od drugih me\u0111unarodnih lutrija. Na na\u0161em sajtu mo\u017eete u\u010destvovati u najboljim me\u0111unarodnim lutrijama i zadr\u017eati sve \u0161to osvojite. Ili mo\u017eete probati ovu lutriju. Odabir je na vama.<\/p>\n<section class=\"layout\" style=\"border: solid 1px; width: 100%;\">\n<div class=\"img-div\" style=\"margin-top: 5px;\">\n    <img decoding=\"async\" class=\"wp-image-17212 alignleft\" style=\"height: 45px; margin: 8px 8px 0px;\" src=\"https:\/\/jackpotlotteryonline.com\/wp-content\/uploads\/2022\/11\/read1.jpg\" alt=\"read more\" width=\"\" height=\"\" \/>\n  <\/div>\n<div style=\"padding-left: 5px;\">\n<div style=\"font-size: 1.1em;\">\n      <strong>Koja me\u0111unarodna lutrija je najbolja?<\/strong>  <\/p>\n<p style=\"font-size: 0.85em; margin-top: -1.5em;\">\n        Koja od me\u0111unarodnih lutrija ima najbolje \u0161anse za veliki dobitak? &#8211;<br \/>\n        <a href=\"https:\/\/jackpotlotteryonline.com\/which-international-lottery-is-the-best\">Pro\u010ditajte vi\u0161e<\/a>\n      <\/p>\n<\/p><\/div>\n<\/p><\/div>\n<\/section>\n<h2>Kako igrati UK Lotto?<\/h2>\n<p><img loading=\"lazy\" decoding=\"async\" class=\"alignright size-full wp-image-27482\" src=\"https:\/\/jackpotlotteryonline.com\/wp-content\/uploads\/2022\/11\/1_lottery_jackpot3.jpg\" alt=\"play the UK lottery\" width=\"245\" height=\"123\" \/><br \/>\nKao i u ve\u0107ini lutrija, morate odabrati 6 brojeva iz opsega od 1 do 49. Tokom izvla\u010denja, slu\u010dajno se bira i bonus broj koji se koristi za odre\u0111ivanje nagrada. Ne preporu\u010dujemo ovu lutriju, jer \u010dak i ako pogodite brojeve, ne mo\u017eemo garantovati koliko \u0107ete osvojiti.<\/p>\n<p>Ako posetite na\u0161 sajt, mo\u017eete u\u010destvovati i u drugim igrama kao \u0161to su US Powerball i Mega Millions. Ove lutrije imaju minimalni d\u017eekpot od 40 miliona dolara. Tako\u0111e, mo\u017eete se prijaviti i za druge evropske lutrije, kao \u0161to su Euromillions i Eurojackpot.<\/p>\n<h2>Izvla\u010denja<\/h2>\n<p>UK Lotto se izvodi dva puta nedeljno, sredom i subotom. Tako da kada kupite tiket, mo\u017eete se odlu\u010diti da u\u010destvujete u jednom izvla\u010denju ili u vi\u0161e njih. U\u010destvovanje u vi\u0161e izvla\u010denja je odli\u010dan na\u010din da pove\u0107ate \u0161anse za dobitak.<\/p>\n<h2>Pobediti na UK Lotto<\/h2>\n<p>Da biste pobedili u ovoj lutriji, potrebno je da pogodite najmanje tri glavna broja sa izvu\u010denim brojevima. D\u017eekpot je obi\u010dno oko 3.000.000 funti, ali mo\u017ee biti vi\u0161e ili manje. Da biste osvojili d\u017eekpot, morate pogoditi svih \u0161est izvu\u010denih brojeva.<\/p>\n<p>Postoje i drugi nivoi nagrada koje \u0107emo pomenuti u slede\u0107em odeljku.<\/p>\n<h2>Nivoi nagrada<\/h2>\n<p>Evo jednog primera raspodele nagrada za jedno izvla\u010denje UK Lotto. Imajte na umu da su ostale nagrade procenat od ukupnog fonda nagrada. To zna\u010di da ako postoji vi\u0161e pobednika, nagrada \u0107e biti podeljena me\u0111u njima.<\/p>\n<p>&#8211; **Divizija 1:** 6 brojeva pogo\u0111eno \u2013 2.000.000 funti (d\u017eekpot)<br \/>\n&#8211; **Divizija 2:** 5 brojeva + bonus broj \u2013 1.000.000 funti<br \/>\n&#8211; **Divizija 3:** 5 brojeva pogo\u0111eno \u2013 1.750 funti<br \/>\n&#8211; **Divizija 4:** 4 broja pogo\u0111ena \u2013 140 funti<br \/>\n&#8211; **Divizija 5:** 3 broja pogo\u0111ena \u2013 30 funti<br \/>\n&#8211; **Divizija 6:** 2 broja pogo\u0111ena \u2013 besplatni loto &#8220;Lucky Dip&#8221;<\/p>\n<h2>Kako preuzeti dobitak<\/h2>\n<ul>\n<li>Morate imati najmanje 18 godina da biste u\u010destvovali u lutriji.<\/li>\n<li>Dobici moraju biti preuzeti u roku od 180 dana od izvla\u010denja.<\/li>\n<li>Instant dobitci moraju biti preuzeti u roku od 180 dana od kupovine instant igre.<\/li>\n<\/ul>\n<h2>Kako proveriti dobitne brojeve<\/h2>\n<p><img loading=\"lazy\" decoding=\"async\" class=\"alignright size-medium wp-image-27563\" src=\"https:\/\/jackpotlotteryonline.com\/wp-content\/uploads\/2022\/11\/1_lottery_numbers_draw_results-300x201.jpg\" alt=\"check your winning numbers\" width=\"300\" height=\"201\" srcset=\"https:\/\/jackpotlotteryonline.com\/wp-content\/uploads\/2022\/11\/1_lottery_numbers_draw_results-300x201.jpg 300w, https:\/\/jackpotlotteryonline.com\/wp-content\/uploads\/2022\/11\/1_lottery_numbers_draw_results.jpg 320w\" sizes=\"auto, (max-width: 300px) 100vw, 300px\" \/><br \/>\nDa biste saznali da li ste osvojili nagradu, prvo treba da proverite izvu\u010dene brojeve. Postoji nekoliko na\u010dina da to uradite ako igrate online, ali najsigurniji na\u010din je da se vratite ovde i proverite rezultate. Objavljujemo dobitne brojeve odmah nakon svakog izvla\u010denja.<\/p>\n<h2>Prednosti igranja lutrije sa nama<\/h2>\n<ul>\n<li>Pristupite najboljim me\u0111unarodnim lutrijama sa jednog mesta.<\/li>\n<li>Mi smo concierge sajt. To zna\u010di da ne kla\u0111enje na ishod lutrije, ve\u0107 kupujete u\u010de\u0161\u0107e u lutriji od bilo gde.<\/li>\n<li>Mo\u017eete u\u010destvovati u izvla\u010denjima nekoliko nedelja unapred koriste\u0107i na\u0161u uslugu pretplate.<\/li>\n<li>Mo\u017eete odmah proveriti rezultate izvla\u010denja na na\u0161em sajtu.<\/li>\n<li>Obavesti\u0107emo vas ako osvojite bilo koju nagradu.<\/li>\n<li>Jednostavno povucite svoj dobitak na bankovni ra\u010dun.<\/li>\n<\/ul>\n<p>Za\u0161to ne biste ve\u0107 danas registrovali na na\u0161em sajtu i po\u010deli sa igranjem lutrije?<\/p>\n","protected":false},"excerpt":{"rendered":"<p>UK Lotto je zanimljiva igra jer mo\u017ee da u\u010dini igra\u010de milionerima. Iako je popularna u Ujedinjenom Kraljevstvu, nije toliko poznata me\u0111unarodnim igra\u010dima. Dakle, ako \u017eelite da probate svoju sre\u0107u na me\u0111unarodnoj lutriji, za\u0161to ne biste poku\u0161ali upravo ovu? Iako nagrade nisu garantovane, lako je odabrati pobedni\u010dki broj. Postoji jedna stvar na koju treba da obratite [&hellip;]<\/p>\n","protected":false},"author":7,"featured_media":0,"parent":74058,"menu_order":10,"comment_status":"closed","ping_status":"closed","template":"lotto-uk-results.php","meta":{"_et_pb_use_builder":"","_et_pb_old_content":"","_et_gb_content_width":"","exclude_from_search":false,"footnotes":""},"class_list":["post-74270","page","type-page","status-publish","hentry"],"yoast_head":"<!-- This site is optimized with the Yoast SEO plugin v23.3 - https:\/\/yoast.com\/wordpress\/plugins\/seo\/ -->\n<title>Pobedni\u010dki brojevi i rezultati izvla\u010denja UK lutrije<\/title>\n<meta name=\"description\" content=\"Odmah nakon izvla\u010denja, ovde \u0107ete prona\u0107i sve rezultate i pobedni\u010dke brojeve za UK lutriju\" \/>\n<meta name=\"robots\" content=\"index, follow, max-snippet:-1, max-image-preview:large, max-video-preview:-1\" \/>\n<link rel=\"canonical\" href=\"https:\/\/jackpotlotteryonline.com\/sr\/rezultati-lutrije\/uk-lotto-rezultati\/\" \/>\n<meta property=\"og:locale\" content=\"sr_RS\" \/>\n<meta property=\"og:type\" content=\"article\" \/>\n<meta property=\"og:title\" content=\"Pobedni\u010dki brojevi i rezultati izvla\u010denja UK lutrije\" \/>\n<meta property=\"og:description\" content=\"Odmah nakon izvla\u010denja, ovde \u0107ete prona\u0107i sve rezultate i pobedni\u010dke brojeve za UK lutriju\" \/>\n<meta property=\"og:url\" content=\"https:\/\/jackpotlotteryonline.com\/sr\/rezultati-lutrije\/uk-lotto-rezultati\/\" \/>\n<meta property=\"og:site_name\" content=\"Lotto Online - Crack The International Lottery Jackpots\" \/>\n<meta property=\"og:image\" content=\"https:\/\/jackpotlotteryonline.com\/wp-content\/uploads\/2022\/11\/read1.jpg\" \/>\n<meta name=\"twitter:card\" content=\"summary_large_image\" \/>\n<!-- \/ Yoast SEO plugin. -->","yoast_head_json":{"title":"Pobedni\u010dki brojevi i rezultati izvla\u010denja UK lutrije","description":"Odmah nakon izvla\u010denja, ovde \u0107ete prona\u0107i sve rezultate i pobedni\u010dke brojeve za UK lutriju","robots":{"index":"index","follow":"follow","max-snippet":"max-snippet:-1","max-image-preview":"max-image-preview:large","max-video-preview":"max-video-preview:-1"},"canonical":"https:\/\/jackpotlotteryonline.com\/sr\/rezultati-lutrije\/uk-lotto-rezultati\/","og_locale":"sr_RS","og_type":"article","og_title":"Pobedni\u010dki brojevi i rezultati izvla\u010denja UK lutrije","og_description":"Odmah nakon izvla\u010denja, ovde \u0107ete prona\u0107i sve rezultate i pobedni\u010dke brojeve za UK lutriju","og_url":"https:\/\/jackpotlotteryonline.com\/sr\/rezultati-lutrije\/uk-lotto-rezultati\/","og_site_name":"Lotto Online - Crack The International Lottery Jackpots","og_image":[{"url":"https:\/\/jackpotlotteryonline.com\/wp-content\/uploads\/2022\/11\/read1.jpg"}],"twitter_card":"summary_large_image","schema":{"@context":"https:\/\/schema.org","@graph":[{"@type":"WebPage","@id":"https:\/\/jackpotlotteryonline.com\/sr\/rezultati-lutrije\/uk-lotto-rezultati\/","url":"https:\/\/jackpotlotteryonline.com\/sr\/rezultati-lutrije\/uk-lotto-rezultati\/","name":"Pobedni\u010dki brojevi i rezultati izvla\u010denja UK lutrije","isPartOf":{"@id":"https:\/\/jackpotlotteryonline.com\/#website"},"primaryImageOfPage":{"@id":"https:\/\/jackpotlotteryonline.com\/sr\/rezultati-lutrije\/uk-lotto-rezultati\/#primaryimage"},"image":{"@id":"https:\/\/jackpotlotteryonline.com\/sr\/rezultati-lutrije\/uk-lotto-rezultati\/#primaryimage"},"thumbnailUrl":"https:\/\/jackpotlotteryonline.com\/wp-content\/uploads\/2022\/11\/read1.jpg","datePublished":"2025-02-06T06:31:17+00:00","dateModified":"2025-02-06T06:31:17+00:00","description":"Odmah nakon izvla\u010denja, ovde \u0107ete prona\u0107i sve rezultate i pobedni\u010dke brojeve za UK lutriju","breadcrumb":{"@id":"https:\/\/jackpotlotteryonline.com\/sr\/rezultati-lutrije\/uk-lotto-rezultati\/#breadcrumb"},"inLanguage":"sr-RS","potentialAction":[{"@type":"ReadAction","target":["https:\/\/jackpotlotteryonline.com\/sr\/rezultati-lutrije\/uk-lotto-rezultati\/"]}]},{"@type":"ImageObject","inLanguage":"sr-RS","@id":"https:\/\/jackpotlotteryonline.com\/sr\/rezultati-lutrije\/uk-lotto-rezultati\/#primaryimage","url":"https:\/\/jackpotlotteryonline.com\/wp-content\/uploads\/2022\/11\/read1.jpg","contentUrl":"https:\/\/jackpotlotteryonline.com\/wp-content\/uploads\/2022\/11\/read1.jpg"},{"@type":"BreadcrumbList","@id":"https:\/\/jackpotlotteryonline.com\/sr\/rezultati-lutrije\/uk-lotto-rezultati\/#breadcrumb","itemListElement":[{"@type":"ListItem","position":1,"name":"Home","item":"https:\/\/jackpotlotteryonline.com\/sr\/"},{"@type":"ListItem","position":2,"name":"Rezultati lutrije","item":"https:\/\/jackpotlotteryonline.com\/sr\/rezultati-lutrije\/"},{"@type":"ListItem","position":3,"name":"UK Lotto Rezultati"}]},{"@type":"WebSite","@id":"https:\/\/jackpotlotteryonline.com\/#website","url":"https:\/\/jackpotlotteryonline.com\/","name":"Lotto Online - Crack The International Lottery Jackpots","description":"","potentialAction":[{"@type":"SearchAction","target":{"@type":"EntryPoint","urlTemplate":"https:\/\/jackpotlotteryonline.com\/?s={search_term_string}"},"query-input":"required name=search_term_string"}],"inLanguage":"sr-RS"}]}},"_links":{"self":[{"href":"https:\/\/jackpotlotteryonline.com\/sr\/wp-json\/wp\/v2\/pages\/74270","targetHints":{"allow":["GET"]}}],"collection":[{"href":"https:\/\/jackpotlotteryonline.com\/sr\/wp-json\/wp\/v2\/pages"}],"about":[{"href":"https:\/\/jackpotlotteryonline.com\/sr\/wp-json\/wp\/v2\/types\/page"}],"author":[{"embeddable":true,"href":"https:\/\/jackpotlotteryonline.com\/sr\/wp-json\/wp\/v2\/users\/7"}],"replies":[{"embeddable":true,"href":"https:\/\/jackpotlotteryonline.com\/sr\/wp-json\/wp\/v2\/comments?post=74270"}],"version-history":[{"count":0,"href":"https:\/\/jackpotlotteryonline.com\/sr\/wp-json\/wp\/v2\/pages\/74270\/revisions"}],"up":[{"embeddable":true,"href":"https:\/\/jackpotlotteryonline.com\/sr\/wp-json\/wp\/v2\/pages\/74058"}],"wp:attachment":[{"href":"https:\/\/jackpotlotteryonline.com\/sr\/wp-json\/wp\/v2\/media?parent=74270"}],"curies":[{"name":"wp","href":"https:\/\/api.w.org\/{rel}","templated":true}]}}