{"id":74286,"date":"2025-02-06T06:53:26","date_gmt":"2025-02-06T06:53:26","guid":{"rendered":"https:\/\/jackpotlotteryonline.com\/?page_id=74286"},"modified":"2025-02-06T06:53:26","modified_gmt":"2025-02-06T06:53:26","slug":"rezultati-izvlacenja-eurojackpot-a","status":"publish","type":"page","link":"https:\/\/jackpotlotteryonline.com\/sr\/rezultati-lutrije\/rezultati-izvlacenja-eurojackpot-a\/","title":{"rendered":"Rezultati izvla\u010denja Eurojackpot-a"},"content":{"rendered":"<p><span style=\"font-weight: 400;\">Kako da proverite dobitne brojeve za Eurojackpot lutriju? Kao jedna od popularnijih lutrija u Evropi, igra\u010di \u0161irom sveta jedva \u010dekaju priliku da osvoje velike nagrade. Ako \u017eivite van Evrope, tako\u0111e mo\u017eete kupiti tiket za lutriju i proveriti rezultate izvla\u010denja online.<\/span><\/p>\n<p><span style=\"font-weight: 400;\">Kada posetite <a href=\"https:\/\/jackpotlotteryonline.com\">jackpotlotteryonline.com<\/a>, dobi\u0107ete pristup najboljim me\u0111unarodnim lutrijama \u0161irom sveta. Pru\u017eamo jednostavan i prakti\u010dan na\u010din za igru na lutriji i proveru izvla\u010denja na jednom mestu.<\/span><\/p>\n<h2><span style=\"font-weight: 400;\">Koja je dobitna kombinacija?<\/span><\/h2>\n<p><img loading=\"lazy\" decoding=\"async\" class=\"alignright wp-image-28751 size-full\" src=\"http:\/\/jackpotlotteryonline.com\/wp-content\/uploads\/2022\/11\/1_online_ticket_eurojackpot.jpg\" alt=\"dobitni brojevi Eurojackpot\" width=\"300\" height=\"210\" \/><span style=\"font-weight: 400;\">Ve\u0107ina ljudi <a href=\"https:\/\/jackpotlotteryonline.com\/play-online\/eurojackpot\">igra lutriju<\/a> kako bi osvojila velike nagrade, a igra\u010di posebno vole Eurojackpot iz nekoliko razloga. Jedan od njih je visoka \u0161ansa za pobedu. Ova lutrija je proizvela mnogo milionera od svog pokretanja.<\/span><\/p>\n<p><span style=\"font-weight: 400;\">Osnovno pravilo je da je dobitnik tiket koji se poklapa sa izvu\u010denim brojevima. Ako igrate online, morate da odaberete 5 brojeva izme\u0111u 1 i 50 i jo\u0161 2 broja izme\u0111u 1 i 12. Onaj ko pogodi svih sedam brojeva osvoji d\u017eekpot.<\/span><\/p>\n<p><span style=\"font-weight: 400;\">Kada birate brojeve, mo\u017eete da odaberete one koji su vam posebni ili nasumi\u010dne brojeve. Neki igra\u010di preferiraju da koriste na\u0161 auto-generator za nasumi\u010dan izbor brojeva. Najva\u017enije je da kupite svoj tiket pre izvla\u010denja.<\/span><\/p>\n<h2><span style=\"font-weight: 400;\">Kako da proverite rezultate izvla\u010denja<\/span><\/h2>\n<p><span style=\"font-weight: 400;\">Ova evropska lutrija ima dva dana izvla\u010denja, utorkom i petkom svake nedelje. Rezultati izvla\u010denja obi\u010dno se objavljuju u live emisijama. Me\u0111utim, \u010dekanje na live izvla\u010denje mo\u017ee biti pomalo nezgodno. Pogotovo ako se poklapa sa nekim va\u017enim doga\u0111ajem ili va\u0161im poslom, na primer. Zbog toga je igranje lutrije sa nama fantasti\u010dna opcija.<\/span><\/p>\n<p><span style=\"font-weight: 400;\">Kada igrate sa nama, dovoljno je da se vratite na sajt da biste saznali rezultate izvla\u010denja. To je zato \u0161to mi objavljujemo rezultate izvla\u010denja upravo ovde na na\u0161em sajtu.<\/span><\/p>\n<p><span style=\"font-weight: 400;\">Tako\u0111e, ako osvojite nagradu, obavesti\u0107emo vas odmah putem e-maila. A kada se prijavite na svoj nalog na na\u0161oj platformi, dobi\u0107ete obave\u0161tenje. Igranje lutrije je jo\u0161 lak\u0161e i prakti\u010dnije kada kupite svoje lutrijske tikete od nas.<\/span><\/p>\n<h2><span style=\"font-weight: 400;\">\u0160ta da radite kada pobedite<\/span><\/h2>\n<p><span style=\"font-weight: 400;\">Volimo kada na\u0161i korisnici pobede na lutriji, jer je to razlog zbog kojeg postojimo. Da bismo omogu\u0107ili igra\u010dima \u0161irom sveta pristup najboljim me\u0111unarodnim lutrijama sa udobnosti njihovih ra\u010dunara ili mobilnih ure\u0111aja.<\/span><\/p>\n<p><span style=\"font-weight: 400;\">Dakle, ako osvojite nagradu, ne samo da \u0107emo vas obavestiti, ve\u0107 \u0107ete lako mo\u0107i da povu\u010dete svoj dobitak sa na\u0161e platforme. Tako je. Nema potrebe da idete bilo gde da biste pristupili svom dobitku, jednostavno ga povucite direktno na svoj nalog.<\/span><\/p>\n<p><span style=\"font-weight: 400;\">Treba da napomenemo da kada iznos nagrade pre\u0111e odre\u0111eni limit, mo\u017eda \u0107ete morati da popunite obrazac za zahtev. Ovo je kako bismo vam pomogli da preuzmete svoju nagradu od lutrijske kompanije. Ali tu smo da vam pomognemo i u\u010dinimo ceo proces \u0161to jednostavnijim i jasnijim.<\/span><\/p>\n<section class=\"layout\" style=\"border: solid 1px; width: 100%;\">\n<div class=\"img-div\" style=\"margin-top: 5px;\">\n    <img decoding=\"async\" class=\"wp-image-17212 alignleft\" style=\"height: 45px; margin: 8px 8px 0px;\" src=\"http:\/\/jackpotlotteryonline.com\/wp-content\/uploads\/2022\/11\/read1.jpg\" alt=\"\u010ditaj vi\u0161e\" width=\"\" height=\"\" \/>\n  <\/div>\n<div style=\"padding-left: 5px;\">\n<div style=\"font-size: 1.1em;\">\n      <strong>Kako da dobijem isplatu ako pobedim na lutriji online?<\/strong><\/p>\n<p style=\"font-size: 0.85em; margin-top: -1.5em;\">Ovako dobijate svoj novac ako pobedite na lutriji online &#8211;<br \/>\n        <a href=\"https:\/\/jackpotlotteryonline.com\/how-do-i-get-paid-if-i-win-the-lottery-online\">pro\u010ditajte vi\u0161e<\/a><\/p>\n<\/p><\/div>\n<\/p><\/div>\n<\/section>\n<h2><span style=\"font-weight: 400;\">Proverite svoje dobitne brojeve za Eurojackpot ovde<\/span><\/h2>\n<p><span style=\"font-weight: 400;\"><a href=\"https:\/\/jackpotlotteryonline.com\/buy-tickets\/eurojackpot\">Kupite svoje lutrijske tikete<\/a>, u\u010destvujte u izvla\u010denju i proverite rezultate izvla\u010denja, sve sa jednog sajta. Posetite jackpotlotteryonline.com danas.<\/span><\/p>\n","protected":false},"excerpt":{"rendered":"<p>Kako da proverite dobitne brojeve za Eurojackpot lutriju? Kao jedna od popularnijih lutrija u Evropi, igra\u010di \u0161irom sveta jedva \u010dekaju priliku da osvoje velike nagrade. Ako \u017eivite van Evrope, tako\u0111e mo\u017eete kupiti tiket za lutriju i proveriti rezultate izvla\u010denja online. Kada posetite jackpotlotteryonline.com, dobi\u0107ete pristup najboljim me\u0111unarodnim lutrijama \u0161irom sveta. Pru\u017eamo jednostavan i prakti\u010dan na\u010din [&hellip;]<\/p>\n","protected":false},"author":7,"featured_media":0,"parent":74058,"menu_order":4,"comment_status":"closed","ping_status":"closed","template":"eurojackpot-results.php","meta":{"_et_pb_use_builder":"","_et_pb_old_content":"","_et_gb_content_width":"","exclude_from_search":false,"footnotes":""},"class_list":["post-74286","page","type-page","status-publish","hentry"],"yoast_head":"<!-- This site is optimized with the Yoast SEO plugin v23.3 - https:\/\/yoast.com\/wordpress\/plugins\/seo\/ -->\n<title>Rezultati izvla\u010denja Eurojackpot-a i dobitni brojevi<\/title>\n<meta name=\"description\" content=\"\u017delite da saznate dobitne brojeve za Eurojackpot? Proverite sve rezultate izvla\u010denja Eurojackpot-a i mnogih drugih lutrija ovde!\" \/>\n<meta name=\"robots\" content=\"index, follow, max-snippet:-1, max-image-preview:large, max-video-preview:-1\" \/>\n<link rel=\"canonical\" href=\"https:\/\/jackpotlotteryonline.com\/sr\/rezultati-lutrije\/rezultati-izvlacenja-eurojackpot-a\/\" \/>\n<meta property=\"og:locale\" content=\"sr_RS\" \/>\n<meta property=\"og:type\" content=\"article\" \/>\n<meta property=\"og:title\" content=\"Rezultati izvla\u010denja Eurojackpot-a i dobitni brojevi\" \/>\n<meta property=\"og:description\" content=\"\u017delite da saznate dobitne brojeve za Eurojackpot? Proverite sve rezultate izvla\u010denja Eurojackpot-a i mnogih drugih lutrija ovde!\" \/>\n<meta property=\"og:url\" content=\"https:\/\/jackpotlotteryonline.com\/sr\/rezultati-lutrije\/rezultati-izvlacenja-eurojackpot-a\/\" \/>\n<meta property=\"og:site_name\" content=\"Lotto Online - Crack The International Lottery Jackpots\" \/>\n<meta property=\"og:image\" content=\"http:\/\/jackpotlotteryonline.com\/wp-content\/uploads\/2022\/11\/1_online_ticket_eurojackpot.jpg\" \/>\n<meta name=\"twitter:card\" content=\"summary_large_image\" \/>\n<!-- \/ Yoast SEO plugin. -->","yoast_head_json":{"title":"Rezultati izvla\u010denja Eurojackpot-a i dobitni brojevi","description":"\u017delite da saznate dobitne brojeve za Eurojackpot? Proverite sve rezultate izvla\u010denja Eurojackpot-a i mnogih drugih lutrija ovde!","robots":{"index":"index","follow":"follow","max-snippet":"max-snippet:-1","max-image-preview":"max-image-preview:large","max-video-preview":"max-video-preview:-1"},"canonical":"https:\/\/jackpotlotteryonline.com\/sr\/rezultati-lutrije\/rezultati-izvlacenja-eurojackpot-a\/","og_locale":"sr_RS","og_type":"article","og_title":"Rezultati izvla\u010denja Eurojackpot-a i dobitni brojevi","og_description":"\u017delite da saznate dobitne brojeve za Eurojackpot? Proverite sve rezultate izvla\u010denja Eurojackpot-a i mnogih drugih lutrija ovde!","og_url":"https:\/\/jackpotlotteryonline.com\/sr\/rezultati-lutrije\/rezultati-izvlacenja-eurojackpot-a\/","og_site_name":"Lotto Online - Crack The International Lottery Jackpots","og_image":[{"url":"http:\/\/jackpotlotteryonline.com\/wp-content\/uploads\/2022\/11\/1_online_ticket_eurojackpot.jpg"}],"twitter_card":"summary_large_image","schema":{"@context":"https:\/\/schema.org","@graph":[{"@type":"WebPage","@id":"https:\/\/jackpotlotteryonline.com\/sr\/rezultati-lutrije\/rezultati-izvlacenja-eurojackpot-a\/","url":"https:\/\/jackpotlotteryonline.com\/sr\/rezultati-lutrije\/rezultati-izvlacenja-eurojackpot-a\/","name":"Rezultati izvla\u010denja Eurojackpot-a i dobitni brojevi","isPartOf":{"@id":"https:\/\/jackpotlotteryonline.com\/#website"},"primaryImageOfPage":{"@id":"https:\/\/jackpotlotteryonline.com\/sr\/rezultati-lutrije\/rezultati-izvlacenja-eurojackpot-a\/#primaryimage"},"image":{"@id":"https:\/\/jackpotlotteryonline.com\/sr\/rezultati-lutrije\/rezultati-izvlacenja-eurojackpot-a\/#primaryimage"},"thumbnailUrl":"http:\/\/jackpotlotteryonline.com\/wp-content\/uploads\/2022\/11\/1_online_ticket_eurojackpot.jpg","datePublished":"2025-02-06T06:53:26+00:00","dateModified":"2025-02-06T06:53:26+00:00","description":"\u017delite da saznate dobitne brojeve za Eurojackpot? Proverite sve rezultate izvla\u010denja Eurojackpot-a i mnogih drugih lutrija ovde!","breadcrumb":{"@id":"https:\/\/jackpotlotteryonline.com\/sr\/rezultati-lutrije\/rezultati-izvlacenja-eurojackpot-a\/#breadcrumb"},"inLanguage":"sr-RS","potentialAction":[{"@type":"ReadAction","target":["https:\/\/jackpotlotteryonline.com\/sr\/rezultati-lutrije\/rezultati-izvlacenja-eurojackpot-a\/"]}]},{"@type":"ImageObject","inLanguage":"sr-RS","@id":"https:\/\/jackpotlotteryonline.com\/sr\/rezultati-lutrije\/rezultati-izvlacenja-eurojackpot-a\/#primaryimage","url":"http:\/\/jackpotlotteryonline.com\/wp-content\/uploads\/2022\/11\/1_online_ticket_eurojackpot.jpg","contentUrl":"http:\/\/jackpotlotteryonline.com\/wp-content\/uploads\/2022\/11\/1_online_ticket_eurojackpot.jpg"},{"@type":"BreadcrumbList","@id":"https:\/\/jackpotlotteryonline.com\/sr\/rezultati-lutrije\/rezultati-izvlacenja-eurojackpot-a\/#breadcrumb","itemListElement":[{"@type":"ListItem","position":1,"name":"Home","item":"https:\/\/jackpotlotteryonline.com\/sr\/"},{"@type":"ListItem","position":2,"name":"Rezultati lutrije","item":"https:\/\/jackpotlotteryonline.com\/sr\/rezultati-lutrije\/"},{"@type":"ListItem","position":3,"name":"Rezultati izvla\u010denja Eurojackpot-a"}]},{"@type":"WebSite","@id":"https:\/\/jackpotlotteryonline.com\/#website","url":"https:\/\/jackpotlotteryonline.com\/","name":"Lotto Online - Crack The International Lottery Jackpots","description":"","potentialAction":[{"@type":"SearchAction","target":{"@type":"EntryPoint","urlTemplate":"https:\/\/jackpotlotteryonline.com\/?s={search_term_string}"},"query-input":"required name=search_term_string"}],"inLanguage":"sr-RS"}]}},"_links":{"self":[{"href":"https:\/\/jackpotlotteryonline.com\/sr\/wp-json\/wp\/v2\/pages\/74286","targetHints":{"allow":["GET"]}}],"collection":[{"href":"https:\/\/jackpotlotteryonline.com\/sr\/wp-json\/wp\/v2\/pages"}],"about":[{"href":"https:\/\/jackpotlotteryonline.com\/sr\/wp-json\/wp\/v2\/types\/page"}],"author":[{"embeddable":true,"href":"https:\/\/jackpotlotteryonline.com\/sr\/wp-json\/wp\/v2\/users\/7"}],"replies":[{"embeddable":true,"href":"https:\/\/jackpotlotteryonline.com\/sr\/wp-json\/wp\/v2\/comments?post=74286"}],"version-history":[{"count":0,"href":"https:\/\/jackpotlotteryonline.com\/sr\/wp-json\/wp\/v2\/pages\/74286\/revisions"}],"up":[{"embeddable":true,"href":"https:\/\/jackpotlotteryonline.com\/sr\/wp-json\/wp\/v2\/pages\/74058"}],"wp:attachment":[{"href":"https:\/\/jackpotlotteryonline.com\/sr\/wp-json\/wp\/v2\/media?parent=74286"}],"curies":[{"name":"wp","href":"https:\/\/api.w.org\/{rel}","templated":true}]}}