{"id":74303,"date":"2025-02-06T07:10:22","date_gmt":"2025-02-06T07:10:22","guid":{"rendered":"https:\/\/jackpotlotteryonline.com\/?page_id=74303"},"modified":"2025-02-06T07:10:22","modified_gmt":"2025-02-06T07:10:22","slug":"rezultati-superenalotto-zreba","status":"publish","type":"page","link":"https:\/\/jackpotlotteryonline.com\/sr\/rezultati-lutrije\/rezultati-superenalotto-zreba\/","title":{"rendered":"Rezultati Superenalotto \u017ereba"},"content":{"rendered":"<p><span style=\"font-weight: 400;\">Superenalotto je nacionalna lutrija Italije i veoma je popularna me\u0111u igra\u010dima u zemlji. Ako igrate van Italije, dobro je da saznate kako da proverite brojeve koji su pobedili. Nastavite da \u010ditate da biste saznali vi\u0161e.<\/span><\/p>\n<h2><span style=\"font-weight: 400;\">Koraci za igranje Superenalotto online<\/span><\/h2>\n<p><span style=\"font-weight: 400;\"><a href=\"https:\/\/jackpotlotteryonline.com\/play-online\/superenalotto\">Igranje Superenalotto online<\/a> je kao igranje u offline re\u017eimu, ali sa ve\u0107om udobno\u0161\u0107u i lako\u0107om. Kada odete na stranicu Superenalotto na jackpotlotteryonline.com, mo\u017eete izabrati 6 brojeva od 1 do 90. Zatim, izaberite broj \u017ereba u koji \u017eelite da se prijavite, a mo\u017eete se prijaviti i do 5 nedelja unapred. \u0160to vi\u0161e \u017ereba u\u0111ete, to su ve\u0107e \u0161anse za pobedu.<\/span><\/p>\n<p><span style=\"font-weight: 400;\">Superenalotto ima \u010detiri \u017erebanja nedeljno, u utorak, \u010detvrtak, petak i subotu. Dakle, mo\u017eete se prijaviti za bilo koji od njih ili za sve. Tako\u0111e mo\u017eete izabrati SuperStar broj kako biste pobolj\u0161ali svoje \u0161anse za dobitak. Tako\u0111e, postoji i \u201cJolly broj\u201d koji je od 1 do 90 i koristi se za odre\u0111ivanje pobednika drugog nivoa.<\/span><\/p>\n<h2><span style=\"font-weight: 400;\">Kako da proverite svoje dobitne brojeve<\/span><\/h2>\n<p><span style=\"font-weight: 400;\"><img loading=\"lazy\" decoding=\"async\" class=\"alignright size-full wp-image-31316\" src=\"http:\/\/jackpotlotteryonline.com\/wp-content\/uploads\/2022\/11\/logo_superenalotto.png\" alt=\"SuperEnalotto winning numbers\" width=\"200\" height=\"212\" \/>Postoji nekoliko na\u010dina da proverite dobitne brojeve kada igrate Superenalotto. Dok mo\u017eete gledati u\u017eivo \u017erebanja na TV-u, to je mogu\u0107e samo ako \u017eivite u Italiji i govorite italijanski. Na sre\u0107u, mo\u017eete tako\u0111e proveriti dobitne brojeve online nakon \u017erebanja. Ve\u0107ina vesti sajtova objavi rezultate \u017erebanja.<\/span><\/p>\n<p><span style=\"font-weight: 400;\">Me\u0111utim, postoji nekoliko problema sa tim. Prvo, lako mo\u017eete zaboraviti da proverite rezultate \u017erebanja. Postoje pri\u010de o dobitnicima d\u017eekpota koji nisu preuzeli nagradu, verovatno zato \u0161to su zaboravili da provere svoje tikete. Tako\u0111e, mnogi sajtovi objavljuju samo brojeve za prvi nivo. Ve\u0107ina lutrija ima vi\u0161e nivoa nagrada.<\/span><\/p>\n<p><span style=\"font-weight: 400;\">Ako igrate Superenalotto sa nama, ne morate da brinete o propu\u0161tanju bilo kakve nagrade. Ne samo da \u0107emo vas obavestiti \u010dim osvojite nagradu, ve\u0107 \u0107ete dobiti obave\u0161tenje kada se prijavite. Pored toga, objavljujemo rezultate lutrije odmah nakon \u017erebanja na na\u0161em sajtu. Vratite se nakon \u017erebanja da proverite da li imate dobitne brojeve za Superenalotto.<\/span><\/p>\n<h2><span style=\"font-weight: 400;\">Superenalotto nivoi nagrada<\/span><\/h2>\n<p><span style=\"font-weight: 400;\">Ve\u0107 smo spomenuli da lutrija Superenalotto ima d\u017eekpot nagradu od 2 miliona evra. Ali, da li ste znali da nema ograni\u010denja za iznos d\u017eekpota? To zna\u010di da ako nema pobednika nakon \u017erebanja, nagrada se prenosi u slede\u0107i krug dok se ne pojavi pobednik. D\u017eekpot je 2019. godine ponovo preneo toliko puta da je dostigao rekordni iznos od 209,1 miliona evra.<\/span><\/p>\n<p><span style=\"font-weight: 400;\">Osim d\u017eekpota, koji je nagrada za prvi nivo, postoje i druge nagrade koje igra\u010d mo\u017ee da osvoji. Nagrade zavise od fonda nagrada, pa stoga ne postoji odre\u0111eni iznos. Me\u0111utim, podeli\u0107emo sa vama prose\u010dan iznos po \u017erebanju.<\/span><\/p>\n<p><span style=\"font-weight: 400;\">Pogodite 6 &#8211; \u20ac92,056,091.66<\/span><\/p>\n<p><span style=\"font-weight: 400;\">Pogodite 5 + Jolly broj &#8211; \u20ac594,951.95<\/span><\/p>\n<p><span style=\"font-weight: 400;\">Pogodite 5 &#8211; \u20ac49,736.38<\/span><\/p>\n<p><span style=\"font-weight: 400;\">Pogodite 4 broja &#8211; \u20ac354.83<\/span><\/p>\n<p><span style=\"font-weight: 400;\">Pogodite 3 broja &#8211; \u20ac27.15<\/span><\/p>\n<p><span style=\"font-weight: 400;\">Pogodite 2 broja &#8211; \u20ac5.48<\/span><\/p>\n<section class=\"layout\" style=\"border: solid 1px; width: 100%;\">\n<div class=\"img-div\" style=\"margin-top: 5px;\">\n    <img decoding=\"async\" class=\"wp-image-17212 alignleft\" style=\"height: 45px; margin: 8px 8px 0px;\" src=\"http:\/\/jackpotlotteryonline.com\/wp-content\/uploads\/2022\/11\/read1.jpg\" alt=\"read\" width=\"\" height=\"\" \/>\n  <\/div>\n<div style=\"padding-left: 5px;\">\n<div style=\"font-size: 1.1em;\">\n      <strong>Lutrije sa najboljim \u0161ansama za veliku pobedu<\/strong><\/p>\n<p style=\"font-size: 0.85em; margin-top: -1.5em;\">Koja lutrija ima najbolje \u0161anse za pobedu?<br \/>\n        <a href=\"https:\/\/jackpotlotteryonline.com\/which-lottery-has-the-best-winning-chances\"> pro\u010ditajte vi\u0161e<\/a><\/p>\n<\/p><\/div>\n<\/p><\/div>\n<\/section>\n<h2><span style=\"font-weight: 400;\">Kako da preuzmete svoju nagradu iz Superenalotto<\/span><\/h2>\n<p><span style=\"font-weight: 400;\">Po\u0161to igrate Superenalotto online, prirodno je da se zapitate \u0161ta se de\u0161ava kada osvojite nagradu. Ovdje \u0107emo vam objasniti kako mo\u017eete da preuzmete svoju nagradu iz Superenalotto, \u010dak iako \u017eivite van Italije.<\/span><\/p>\n","protected":false},"excerpt":{"rendered":"<p>Superenalotto je nacionalna lutrija Italije i veoma je popularna me\u0111u igra\u010dima u zemlji. Ako igrate van Italije, dobro je da saznate kako da proverite brojeve koji su pobedili. Nastavite da \u010ditate da biste saznali vi\u0161e. Koraci za igranje Superenalotto online Igranje Superenalotto online je kao igranje u offline re\u017eimu, ali sa ve\u0107om udobno\u0161\u0107u i lako\u0107om. [&hellip;]<\/p>\n","protected":false},"author":7,"featured_media":0,"parent":74058,"menu_order":5,"comment_status":"closed","ping_status":"closed","template":"superenalotto-results.php","meta":{"_et_pb_use_builder":"","_et_pb_old_content":"","_et_gb_content_width":"","exclude_from_search":false,"footnotes":""},"class_list":["post-74303","page","type-page","status-publish","hentry"],"yoast_head":"<!-- This site is optimized with the Yoast SEO plugin v23.3 - https:\/\/yoast.com\/wordpress\/plugins\/seo\/ -->\n<title>Superenalotto brojevi i rezultati \u017ereba<\/title>\n<meta name=\"description\" content=\"Pratite rezultate \u017ereba i dobitne brojeve za Superenalotto Italija, sa dnevnim a\u017euriranjima na na\u0161em sajtu.\" \/>\n<meta name=\"robots\" content=\"index, follow, max-snippet:-1, max-image-preview:large, max-video-preview:-1\" \/>\n<link rel=\"canonical\" href=\"https:\/\/jackpotlotteryonline.com\/sr\/rezultati-lutrije\/rezultati-superenalotto-zreba\/\" \/>\n<meta property=\"og:locale\" content=\"sr_RS\" \/>\n<meta property=\"og:type\" content=\"article\" \/>\n<meta property=\"og:title\" content=\"Superenalotto brojevi i rezultati \u017ereba\" \/>\n<meta property=\"og:description\" content=\"Pratite rezultate \u017ereba i dobitne brojeve za Superenalotto Italija, sa dnevnim a\u017euriranjima na na\u0161em sajtu.\" \/>\n<meta property=\"og:url\" content=\"https:\/\/jackpotlotteryonline.com\/sr\/rezultati-lutrije\/rezultati-superenalotto-zreba\/\" \/>\n<meta property=\"og:site_name\" content=\"Lotto Online - Crack The International Lottery Jackpots\" \/>\n<meta property=\"og:image\" content=\"http:\/\/jackpotlotteryonline.com\/wp-content\/uploads\/2022\/11\/logo_superenalotto.png\" \/>\n<meta name=\"twitter:card\" content=\"summary_large_image\" \/>\n<!-- \/ Yoast SEO plugin. -->","yoast_head_json":{"title":"Superenalotto brojevi i rezultati \u017ereba","description":"Pratite rezultate \u017ereba i dobitne brojeve za Superenalotto Italija, sa dnevnim a\u017euriranjima na na\u0161em sajtu.","robots":{"index":"index","follow":"follow","max-snippet":"max-snippet:-1","max-image-preview":"max-image-preview:large","max-video-preview":"max-video-preview:-1"},"canonical":"https:\/\/jackpotlotteryonline.com\/sr\/rezultati-lutrije\/rezultati-superenalotto-zreba\/","og_locale":"sr_RS","og_type":"article","og_title":"Superenalotto brojevi i rezultati \u017ereba","og_description":"Pratite rezultate \u017ereba i dobitne brojeve za Superenalotto Italija, sa dnevnim a\u017euriranjima na na\u0161em sajtu.","og_url":"https:\/\/jackpotlotteryonline.com\/sr\/rezultati-lutrije\/rezultati-superenalotto-zreba\/","og_site_name":"Lotto Online - Crack The International Lottery Jackpots","og_image":[{"url":"http:\/\/jackpotlotteryonline.com\/wp-content\/uploads\/2022\/11\/logo_superenalotto.png"}],"twitter_card":"summary_large_image","schema":{"@context":"https:\/\/schema.org","@graph":[{"@type":"WebPage","@id":"https:\/\/jackpotlotteryonline.com\/sr\/rezultati-lutrije\/rezultati-superenalotto-zreba\/","url":"https:\/\/jackpotlotteryonline.com\/sr\/rezultati-lutrije\/rezultati-superenalotto-zreba\/","name":"Superenalotto brojevi i rezultati \u017ereba","isPartOf":{"@id":"https:\/\/jackpotlotteryonline.com\/#website"},"primaryImageOfPage":{"@id":"https:\/\/jackpotlotteryonline.com\/sr\/rezultati-lutrije\/rezultati-superenalotto-zreba\/#primaryimage"},"image":{"@id":"https:\/\/jackpotlotteryonline.com\/sr\/rezultati-lutrije\/rezultati-superenalotto-zreba\/#primaryimage"},"thumbnailUrl":"http:\/\/jackpotlotteryonline.com\/wp-content\/uploads\/2022\/11\/logo_superenalotto.png","datePublished":"2025-02-06T07:10:22+00:00","dateModified":"2025-02-06T07:10:22+00:00","description":"Pratite rezultate \u017ereba i dobitne brojeve za Superenalotto Italija, sa dnevnim a\u017euriranjima na na\u0161em sajtu.","breadcrumb":{"@id":"https:\/\/jackpotlotteryonline.com\/sr\/rezultati-lutrije\/rezultati-superenalotto-zreba\/#breadcrumb"},"inLanguage":"sr-RS","potentialAction":[{"@type":"ReadAction","target":["https:\/\/jackpotlotteryonline.com\/sr\/rezultati-lutrije\/rezultati-superenalotto-zreba\/"]}]},{"@type":"ImageObject","inLanguage":"sr-RS","@id":"https:\/\/jackpotlotteryonline.com\/sr\/rezultati-lutrije\/rezultati-superenalotto-zreba\/#primaryimage","url":"http:\/\/jackpotlotteryonline.com\/wp-content\/uploads\/2022\/11\/logo_superenalotto.png","contentUrl":"http:\/\/jackpotlotteryonline.com\/wp-content\/uploads\/2022\/11\/logo_superenalotto.png"},{"@type":"BreadcrumbList","@id":"https:\/\/jackpotlotteryonline.com\/sr\/rezultati-lutrije\/rezultati-superenalotto-zreba\/#breadcrumb","itemListElement":[{"@type":"ListItem","position":1,"name":"Home","item":"https:\/\/jackpotlotteryonline.com\/sr\/"},{"@type":"ListItem","position":2,"name":"Rezultati lutrije","item":"https:\/\/jackpotlotteryonline.com\/sr\/rezultati-lutrije\/"},{"@type":"ListItem","position":3,"name":"Rezultati Superenalotto \u017ereba"}]},{"@type":"WebSite","@id":"https:\/\/jackpotlotteryonline.com\/#website","url":"https:\/\/jackpotlotteryonline.com\/","name":"Lotto Online - Crack The International Lottery Jackpots","description":"","potentialAction":[{"@type":"SearchAction","target":{"@type":"EntryPoint","urlTemplate":"https:\/\/jackpotlotteryonline.com\/?s={search_term_string}"},"query-input":"required name=search_term_string"}],"inLanguage":"sr-RS"}]}},"_links":{"self":[{"href":"https:\/\/jackpotlotteryonline.com\/sr\/wp-json\/wp\/v2\/pages\/74303","targetHints":{"allow":["GET"]}}],"collection":[{"href":"https:\/\/jackpotlotteryonline.com\/sr\/wp-json\/wp\/v2\/pages"}],"about":[{"href":"https:\/\/jackpotlotteryonline.com\/sr\/wp-json\/wp\/v2\/types\/page"}],"author":[{"embeddable":true,"href":"https:\/\/jackpotlotteryonline.com\/sr\/wp-json\/wp\/v2\/users\/7"}],"replies":[{"embeddable":true,"href":"https:\/\/jackpotlotteryonline.com\/sr\/wp-json\/wp\/v2\/comments?post=74303"}],"version-history":[{"count":0,"href":"https:\/\/jackpotlotteryonline.com\/sr\/wp-json\/wp\/v2\/pages\/74303\/revisions"}],"up":[{"embeddable":true,"href":"https:\/\/jackpotlotteryonline.com\/sr\/wp-json\/wp\/v2\/pages\/74058"}],"wp:attachment":[{"href":"https:\/\/jackpotlotteryonline.com\/sr\/wp-json\/wp\/v2\/media?parent=74303"}],"curies":[{"name":"wp","href":"https:\/\/api.w.org\/{rel}","templated":true}]}}