{"id":74316,"date":"2025-02-06T07:34:44","date_gmt":"2025-02-06T07:34:44","guid":{"rendered":"https:\/\/jackpotlotteryonline.com\/?page_id=74316"},"modified":"2025-02-06T07:34:44","modified_gmt":"2025-02-06T07:34:44","slug":"rezultati-izvlacenja-el-gordo","status":"publish","type":"page","link":"https:\/\/jackpotlotteryonline.com\/sr\/rezultati-lutrije\/rezultati-izvlacenja-el-gordo\/","title":{"rendered":"Rezultati izvla\u010denja El Gordo"},"content":{"rendered":"<p><span style=\"font-weight: 400;\">Ljubitelji loterija postaju uzbu\u0111eni kada \u010duju za El Gordo, ne samo zato \u0161to je to jedna od najve\u0107ih evropskih lutrija. El Gordo je majka svih lutrija zato \u0161to se izvla\u010denja odr\u017eavaju samo jednom godi\u0161nje. Zapravo, ovo je deo \u0161panske lutrije i svake godine se odr\u017eava specijalno izvla\u010denje za Bo\u017ei\u0107. To je doga\u0111aj pun uzbu\u0111enja, duboko ukorenjen u tradiciji. Ovaj doga\u0111aj okuplja porodice, kom\u0161ije i zajednice da proslave prazni\u010dnu sezonu. Za igra\u010de u \u0160paniji, bo\u017ei\u0107na sezona je pravo vreme da potra\u017ee brojeve koji \u0107e osvojiti El Gordo.<\/span><\/p>\n<p><span style=\"font-weight: 400;\">Obi\u010dno, El Gordo je lutrija koja se odr\u017eava u \u0160paniji. To zna\u010di da ako ne \u017eivite u toj zemlji, mo\u017ee vam biti te\u0161ko da kupite tiket za El Gordo. Me\u0111utim, to se promenilo jer sada mo\u017eete proveriti dobitne brojeve El Gordo-a putem interneta.<\/span><\/p>\n<h2><span style=\"font-weight: 400;\"><img loading=\"lazy\" decoding=\"async\" class=\"alignright wp-image-17870 size-full\" src=\"http:\/\/jackpotlotteryonline.com\/wp-content\/uploads\/2022\/10\/lotto_euros.jpg\" alt=\"win big with El Gordo lotto\" width=\"225\" height=\"134\" \/>Igrajte El Gordo<\/span><\/h2>\n<p><span style=\"font-weight: 400;\">El Gordo zna\u010di &#8220;najve\u0107i&#8221; i ima najve\u0107i d\u017eekpot na svetu. Ono \u0161to je specifi\u010dno za ovu lutriju je da sada d\u017eekpot mo\u017ee osvojiti samo jedna osoba. To je zato \u0161to su tiketi podeljeni u mnogo delova. Zapravo, deo igre u El Gordo-u mo\u017ee biti pomalo zbunjuju\u0107i. Svaki tiket El Gordo-a podeljen je u 10 delova, a svaki od tih delova je dodatno podeljen.<\/span><\/p>\n<p><span style=\"font-weight: 400;\">Najjeftiniji tiket koji mo\u017eete kupiti za El Gordo je 1\/100 od punog tiketa.<\/span><\/p>\n<p><span style=\"font-weight: 400;\">Za vi\u0161e informacija o <a href=\"https:\/\/jackpotlotteryonline.com\/play-online\/el-gordo\">igranju El Gordo<\/a>, posetite sajt jackpotlotteryonline.com i <a href=\"https:\/\/jackpotlotteryonline.com\/buy-tickets\/el-gordo\">kupite svoj tiket sada<\/a>. Igranje El Gordo je vrlo zabavno, posebno kada igrate onlajn.<\/span><\/p>\n<h2><span style=\"font-weight: 400;\">Igrajte onlajn<\/span><\/h2>\n<p><span style=\"font-weight: 400;\">Ako ste spremni da igrate El Gordo lutriju, posetite na\u0161 sajt i izaberite svoje dobitne brojeve. Jedino \u0161to treba da uradite je da izaberete 6 brojeva od 1 do 49. Naravno, ako nemate specijalne brojeve za igru, mo\u017eete koristiti na\u0161u opciju automatskog odabira. Zatim u\u010destvujte u izvla\u010denju i \u010dekajte rezultate dobitnih brojeva El Gordo.<\/span><\/p>\n<h2><span style=\"font-weight: 400;\">Kako da osvojite El Gordo<\/span><\/h2>\n<p><img loading=\"lazy\" decoding=\"async\" class=\"alignright size-full wp-image-30668\" src=\"http:\/\/jackpotlotteryonline.com\/wp-content\/uploads\/2022\/11\/3_screen_lottery_results_online.jpg\" alt=\"El Gordo drawing results\" width=\"130\" height=\"120\" \/><span style=\"font-weight: 400;\">Osvojiti El Gordo zna\u010di da imate kombinaciju dobitnih brojeva. Dakle, ako se va\u0161i brojevi poklope sa onima koji su izvu\u010deni, vi ste pobednik El Gordo lutrije.<\/span><\/p>\n<p><span style=\"font-weight: 400;\">Igra\u010di imaju razli\u010dite strategije kada biraju kombinacije brojeva za El Gordo. Jedna od njih je da biraju brojeve koje smatraju sre\u0107nim brojevima. Za neke ljude to su datumi ro\u0111enja ili datumi ro\u0111enja njihovih voljenih. Mo\u017eda su to bilo koji brojevi koji su vam specijalni. Drugi igra\u010di preferiraju da se u potpunosti oslone na nasumi\u010dne brojeve. \u0160ta god da izaberete, na vama je.<\/span><\/p>\n<p><span style=\"font-weight: 400;\">Jo\u0161 jedan na\u010din da izaberete dobitnu kombinaciju za El Gordo je da pogledate prethodne rezultate. To mo\u017ee biti korisno, posebno ako ste veteran igra\u010d. Za mnoge igra\u010de, kupovina vi\u0161e tiketa je uvek dobar plan. Mo\u017eete formirati grupu prijatelja ili porodice i zajedno kupiti tikete za El Gordo.<\/span><\/p>\n<h2><span style=\"font-weight: 400;\">Kako proveriti dobitne brojeve<\/span><\/h2>\n<p><span style=\"font-weight: 400;\">Nakon \u0161to kupite tiket za El Gordo, slede\u0107i korak je da sa\u010dekate izvla\u010denja El Gordo. Nakon izvla\u010denja, va\u017eno je da proverite dobitne kombinacije. Postoji mnogo pri\u010da o d\u017eekpotima koji nisu osvojeni jer pobednici nikada nisu proverili svoje tikete. Ako igrate sa nama, ne\u0107ete imati brige u vezi s tim.<\/span><\/p>\n<p><span style=\"font-weight: 400;\">Nakon svakog izvla\u010denja, mi \u0107emo objaviti dobitne rezultate El Gordo upravo ovde na ovoj stranici. Jedna od gre\u0161aka koju novi igra\u010di prave je da ne proveravaju da li su osvojili neki od drugih manjih nagrada.<\/span><\/p>\n<p><span style=\"font-weight: 400;\">El Gordo lutrija ima 17 razli\u010ditih nivoa nagrada, a igra\u010d mo\u017ee osvojiti bilo koji od njih. Ako igrate sa nama, obavesti\u0107emo vas o tome da li ste osvojili neku nagradu. To \u0107emo uraditi putem emaila i bi\u0107ete obave\u0161teni prilikom prijavljivanja na platformu.<\/span><\/p>\n<h2><span style=\"font-weight: 400;\">\u0160ta se de\u0161ava ako pobedite?<\/span><\/h2>\n<p><span style=\"font-weight: 400;\">Pobediti na El Gordo lutriji je neverovatno iskustvo jer ose\u0107ate da ste deo ne\u010dega velikog. To je kao da ste deo istorije koja se stvara. Ose\u0107aj postaje jo\u0161 ve\u0107i ako ste zajedno sa prijateljima, kolegama ili porodicom kupovali tikete za El Gordo. Tada mo\u017eete zajedno proslaviti.<\/span><\/p>\n<p><span style=\"font-weight: 400;\">Ovo re\u010deno, povla\u010denje nagrada za El Gordo pobednike je veoma jednostavno ako igrate sa nama. Sve \u0161to treba da uradite je da prenesete svoje dobitke na svoj onlajn nalog. Ako osvojite iznos koji je ve\u0107i od odre\u0111enog limita, mo\u017eda \u0107ete morati da popunite obrazac za prijavu kako biste preuzeli svoju nagradu od lutrijske kompanije. Ali, mi smo tu da sve u\u010dinimo \u0161to jednostavnijim za vas.<\/span><\/p>\n<section class=\"layout\" style=\"border: solid 1px; width: 100%;\">\n<div class=\"img-div\" style=\"margin-top: 5px;\">\n    <img decoding=\"async\" class=\"wp-image-17212 alignleft\" style=\"height: 45px; margin: 8px 8px 0px;\" src=\"http:\/\/jackpotlotteryonline.com\/wp-content\/uploads\/2022\/11\/read1.jpg\" alt=\"read\" width=\"\" height=\"\" \/>\n  <\/div>\n<div style=\"padding-left: 5px;\">\n<div style=\"font-size: 1.1em;\">\n      <strong>Oporezivanje lutrijskih nagrada<\/strong><\/p>\n<p style=\"font-size: 0.85em; margin-top: -1.5em;\">Da li moram da platim porez na lutrijske nagrade? <a href=\"https:\/\/jackpotlotteryonline.com\/do-i-have-to-pay-taxes-on-lottery-winnings\">Saznajte vi\u0161e<\/a><\/p>\n<\/p><\/div>\n<\/p><\/div>\n<\/section>\n<h2><span style=\"font-weight: 400;\">Za\u0161to da igrate sa nama onlajn<\/span><\/h2>\n<p><span style=\"font-weight: 400;\">Postoji mnogo razloga za\u0161to na\u0161i korisnici vole da igraju lutriju sa nama.<\/span><\/p>\n<ul>\n<li style=\"font-weight: 400;\" aria-level=\"1\"><span style=\"font-weight: 400;\">Kupovina tiketa za El Gordo lutriju je jednostavna i mo\u017ee se obaviti sa nekoliko dodira na va\u0161em mobilnom ure\u0111aju. Bez stresa i potpuno jednostavno.<\/span><\/li>\n<li style=\"font-weight: 400;\" aria-level=\"1\"><span style=\"font-weight: 400;\">Mo\u017eete odmah proveriti dobitne brojeve El Gordo lutriju ovde, bez potrebe da idete bilo gde drugo.<\/span><\/li>\n<li style=\"font-weight: 400;\" aria-level=\"1\"><span style=\"font-weight: 400;\">Obavesti\u0107emo vas \u010dim osvojite bilo koju nagradu, bez obzira na to koliko ona bila.<\/span><\/li>\n<li style=\"font-weight: 400;\" aria-level=\"1\"><span style=\"font-weight: 400;\">Ako osvojite nagradu, mo\u017eete je prebaciti sa na\u0161e platforme na svoj ra\u010dun.<\/span><\/li>\n<\/ul>\n<p><span style=\"font-weight: 400;\">Zaista \u010dinimo sve \u0161to mo\u017eemo kako bismo korisnicima olak\u0161ali da se zabave i u\u017eivaju u igri lutrija. Istina je da mnoge stvari u \u017eivotu mogu biti te\u0161ke, ali pobediti na lutriji ne bi trebalo da bude jedna od njih.<\/span><\/p>\n<h2><span style=\"font-weight: 400;\">Proverite svoje dobitne brojeve<\/span><\/h2>\n<p><span style=\"font-weight: 400;\">Pre nego \u0161to kupite svoj tiket, treba da znate da korisnicima pru\u017eamo stvarnu stvarnost. Kada igrate sa nama, niste samo kladite na rezultat lutrija. Mi se postaramo da zaista u\u010destvujete u lutriji. Ovo radimo putem na\u0161eg konzijer\u017e sistema, gde na\u0161 agent u \u0160paniji kupuje odgovaraju\u0107e tikete koji odgovaraju va\u0161im brojevima.<\/span><\/p>\n<p><span style=\"font-weight: 400;\">Kada budete imali dobitne brojeve El Gordo, to zna\u010di da ste pobedili u lutriji. To je jednostavno.<\/span><\/p>\n<p><span style=\"font-weight: 400;\">Posetite nas danas i proverite dobitne brojeve me\u0111unarodnih lutrija ovde. Ili kupite tikete za El Gordo i proverite dobitne brojeve.<\/span><\/p>\n","protected":false},"excerpt":{"rendered":"<p>Ljubitelji loterija postaju uzbu\u0111eni kada \u010duju za El Gordo, ne samo zato \u0161to je to jedna od najve\u0107ih evropskih lutrija. El Gordo je majka svih lutrija zato \u0161to se izvla\u010denja odr\u017eavaju samo jednom godi\u0161nje. Zapravo, ovo je deo \u0161panske lutrije i svake godine se odr\u017eava specijalno izvla\u010denje za Bo\u017ei\u0107. To je doga\u0111aj pun uzbu\u0111enja, duboko [&hellip;]<\/p>\n","protected":false},"author":7,"featured_media":0,"parent":74058,"menu_order":6,"comment_status":"closed","ping_status":"closed","template":"el-gordo-results.php","meta":{"_et_pb_use_builder":"","_et_pb_old_content":"","_et_gb_content_width":"","exclude_from_search":false,"footnotes":""},"class_list":["post-74316","page","type-page","status-publish","hentry"],"yoast_head":"<!-- This site is optimized with the Yoast SEO plugin v23.3 - https:\/\/yoast.com\/wordpress\/plugins\/seo\/ -->\n<title>Pobedni\u010dki brojevi i rezultati izvla\u010denja El Gordo lutrije<\/title>\n<meta name=\"description\" content=\"Rezultati, pobedni\u010dki brojevi za izvla\u010denje El Gordo - ove nedelje, kao i rezultati od pro\u0161le nedelje\" \/>\n<meta name=\"robots\" content=\"index, follow, max-snippet:-1, max-image-preview:large, max-video-preview:-1\" \/>\n<link rel=\"canonical\" href=\"https:\/\/jackpotlotteryonline.com\/sr\/rezultati-lutrije\/rezultati-izvlacenja-el-gordo\/\" \/>\n<meta property=\"og:locale\" content=\"sr_RS\" \/>\n<meta property=\"og:type\" content=\"article\" \/>\n<meta property=\"og:title\" content=\"Pobedni\u010dki brojevi i rezultati izvla\u010denja El Gordo lutrije\" \/>\n<meta property=\"og:description\" content=\"Rezultati, pobedni\u010dki brojevi za izvla\u010denje El Gordo - ove nedelje, kao i rezultati od pro\u0161le nedelje\" \/>\n<meta property=\"og:url\" content=\"https:\/\/jackpotlotteryonline.com\/sr\/rezultati-lutrije\/rezultati-izvlacenja-el-gordo\/\" \/>\n<meta property=\"og:site_name\" content=\"Lotto Online - Crack The International Lottery Jackpots\" \/>\n<meta property=\"og:image\" content=\"http:\/\/jackpotlotteryonline.com\/wp-content\/uploads\/2022\/10\/lotto_euros.jpg\" \/>\n<meta name=\"twitter:card\" content=\"summary_large_image\" \/>\n<!-- \/ Yoast SEO plugin. -->","yoast_head_json":{"title":"Pobedni\u010dki brojevi i rezultati izvla\u010denja El Gordo lutrije","description":"Rezultati, pobedni\u010dki brojevi za izvla\u010denje El Gordo - ove nedelje, kao i rezultati od pro\u0161le nedelje","robots":{"index":"index","follow":"follow","max-snippet":"max-snippet:-1","max-image-preview":"max-image-preview:large","max-video-preview":"max-video-preview:-1"},"canonical":"https:\/\/jackpotlotteryonline.com\/sr\/rezultati-lutrije\/rezultati-izvlacenja-el-gordo\/","og_locale":"sr_RS","og_type":"article","og_title":"Pobedni\u010dki brojevi i rezultati izvla\u010denja El Gordo lutrije","og_description":"Rezultati, pobedni\u010dki brojevi za izvla\u010denje El Gordo - ove nedelje, kao i rezultati od pro\u0161le nedelje","og_url":"https:\/\/jackpotlotteryonline.com\/sr\/rezultati-lutrije\/rezultati-izvlacenja-el-gordo\/","og_site_name":"Lotto Online - Crack The International Lottery Jackpots","og_image":[{"url":"http:\/\/jackpotlotteryonline.com\/wp-content\/uploads\/2022\/10\/lotto_euros.jpg"}],"twitter_card":"summary_large_image","schema":{"@context":"https:\/\/schema.org","@graph":[{"@type":"WebPage","@id":"https:\/\/jackpotlotteryonline.com\/sr\/rezultati-lutrije\/rezultati-izvlacenja-el-gordo\/","url":"https:\/\/jackpotlotteryonline.com\/sr\/rezultati-lutrije\/rezultati-izvlacenja-el-gordo\/","name":"Pobedni\u010dki brojevi i rezultati izvla\u010denja El Gordo lutrije","isPartOf":{"@id":"https:\/\/jackpotlotteryonline.com\/#website"},"primaryImageOfPage":{"@id":"https:\/\/jackpotlotteryonline.com\/sr\/rezultati-lutrije\/rezultati-izvlacenja-el-gordo\/#primaryimage"},"image":{"@id":"https:\/\/jackpotlotteryonline.com\/sr\/rezultati-lutrije\/rezultati-izvlacenja-el-gordo\/#primaryimage"},"thumbnailUrl":"http:\/\/jackpotlotteryonline.com\/wp-content\/uploads\/2022\/10\/lotto_euros.jpg","datePublished":"2025-02-06T07:34:44+00:00","dateModified":"2025-02-06T07:34:44+00:00","description":"Rezultati, pobedni\u010dki brojevi za izvla\u010denje El Gordo - ove nedelje, kao i rezultati od pro\u0161le nedelje","breadcrumb":{"@id":"https:\/\/jackpotlotteryonline.com\/sr\/rezultati-lutrije\/rezultati-izvlacenja-el-gordo\/#breadcrumb"},"inLanguage":"sr-RS","potentialAction":[{"@type":"ReadAction","target":["https:\/\/jackpotlotteryonline.com\/sr\/rezultati-lutrije\/rezultati-izvlacenja-el-gordo\/"]}]},{"@type":"ImageObject","inLanguage":"sr-RS","@id":"https:\/\/jackpotlotteryonline.com\/sr\/rezultati-lutrije\/rezultati-izvlacenja-el-gordo\/#primaryimage","url":"http:\/\/jackpotlotteryonline.com\/wp-content\/uploads\/2022\/10\/lotto_euros.jpg","contentUrl":"http:\/\/jackpotlotteryonline.com\/wp-content\/uploads\/2022\/10\/lotto_euros.jpg"},{"@type":"BreadcrumbList","@id":"https:\/\/jackpotlotteryonline.com\/sr\/rezultati-lutrije\/rezultati-izvlacenja-el-gordo\/#breadcrumb","itemListElement":[{"@type":"ListItem","position":1,"name":"Home","item":"https:\/\/jackpotlotteryonline.com\/sr\/"},{"@type":"ListItem","position":2,"name":"Rezultati lutrije","item":"https:\/\/jackpotlotteryonline.com\/sr\/rezultati-lutrije\/"},{"@type":"ListItem","position":3,"name":"Rezultati izvla\u010denja El Gordo"}]},{"@type":"WebSite","@id":"https:\/\/jackpotlotteryonline.com\/#website","url":"https:\/\/jackpotlotteryonline.com\/","name":"Lotto Online - Crack The International Lottery Jackpots","description":"","potentialAction":[{"@type":"SearchAction","target":{"@type":"EntryPoint","urlTemplate":"https:\/\/jackpotlotteryonline.com\/?s={search_term_string}"},"query-input":"required name=search_term_string"}],"inLanguage":"sr-RS"}]}},"_links":{"self":[{"href":"https:\/\/jackpotlotteryonline.com\/sr\/wp-json\/wp\/v2\/pages\/74316","targetHints":{"allow":["GET"]}}],"collection":[{"href":"https:\/\/jackpotlotteryonline.com\/sr\/wp-json\/wp\/v2\/pages"}],"about":[{"href":"https:\/\/jackpotlotteryonline.com\/sr\/wp-json\/wp\/v2\/types\/page"}],"author":[{"embeddable":true,"href":"https:\/\/jackpotlotteryonline.com\/sr\/wp-json\/wp\/v2\/users\/7"}],"replies":[{"embeddable":true,"href":"https:\/\/jackpotlotteryonline.com\/sr\/wp-json\/wp\/v2\/comments?post=74316"}],"version-history":[{"count":0,"href":"https:\/\/jackpotlotteryonline.com\/sr\/wp-json\/wp\/v2\/pages\/74316\/revisions"}],"up":[{"embeddable":true,"href":"https:\/\/jackpotlotteryonline.com\/sr\/wp-json\/wp\/v2\/pages\/74058"}],"wp:attachment":[{"href":"https:\/\/jackpotlotteryonline.com\/sr\/wp-json\/wp\/v2\/media?parent=74316"}],"curies":[{"name":"wp","href":"https:\/\/api.w.org\/{rel}","templated":true}]}}