{"id":74332,"date":"2025-02-06T08:05:17","date_gmt":"2025-02-06T08:05:17","guid":{"rendered":"https:\/\/jackpotlotteryonline.com\/?page_id=74332"},"modified":"2025-02-06T08:05:17","modified_gmt":"2025-02-06T08:05:17","slug":"rezultati-izvlacenja-set-for-life","status":"publish","type":"page","link":"https:\/\/jackpotlotteryonline.com\/sr\/rezultati-lutrije\/rezultati-izvlacenja-set-for-life\/","title":{"rendered":"Rezultati izvla\u010denja Set for Life"},"content":{"rendered":"<p><span style=\"font-weight: 400;\">Set for Life je britanska lutrija sa anuitetom koja igra\u010dima pru\u017ea priliku da osvoje nagradu koja menja \u017eivot. Menjanje \u017eivota u smislu da dobijate 10.000 funti svakog meseca tokom 30 godina. To je gotovo kao da svaki mesec dobijate d\u017eekpot do kraja svog \u017eivota.<\/span><\/p>\n<p><span style=\"font-weight: 400;\">Igra\u010di \u0161irom sveta sada mogu <a href=\"https:\/\/jackpotlotteryonline.com\/buy-tickets\/set-for-life\">u\u010destvovati u britanskoj lutriji sa anuitetom kupovinom tiketa online<\/a>. Tako\u0111e, mogu proveriti dobitne brojeve online i dobiti pristup svojim dobitcima.<\/span><\/p>\n<p><span style=\"font-weight: 400;\">Kada <a href=\"https:\/\/jackpotlotteryonline.com\/play-online\/set-for-life\">igrate lutriju sa jackpotlotteryonline.com<\/a>, prakti\u010dno imate sve na jednom mestu za sve va\u0161e lutrijske potrebe. Mo\u017eete se koncentrisati na osvajanje lutrije kupovinom tiketa za vrhunske me\u0111unarodne lutrije online.<\/span><\/p>\n<section class=\"layout\" style=\"border: solid 1px; width: 100%;\">\n<div class=\"img-div\" style=\"margin-top: 5px;\">\n    <img decoding=\"async\" class=\"wp-image-17212 alignleft\" style=\"height: 45px; margin: 8px 8px 0px;\" src=\"http:\/\/jackpotlotteryonline.com\/wp-content\/uploads\/2022\/11\/read1.jpg\" alt=\"read\" width=\"\" height=\"\" \/>\n  <\/div>\n<div style=\"padding-left: 5px;\">\n<div style=\"font-size: 1.1em;\">\n      <strong>Da li je legalno u\u010destvovati u lutrijama iz drugih zemalja online?<\/strong><\/p>\n<p style=\"font-size: 0.85em; margin-top: -1.5em;\">Da li je legalno da kupim tiket online, i ho\u0107u li zapravo biti ispla\u0107en? <a href=\"https:\/\/jackpotlotteryonline.com\/is-it-legal-to-play-lotteries-from-other-countries-online\">Pro\u010ditajte vi\u0161e<\/a><\/p>\n<\/p><\/div>\n<\/p><\/div>\n<\/section>\n<h2><span style=\"font-weight: 400;\">Za\u0161to igrati online?<\/span><\/h2>\n<p><img loading=\"lazy\" decoding=\"async\" class=\"alignright size-medium wp-image-27941\" src=\"http:\/\/jackpotlotteryonline.com\/wp-content\/uploads\/2022\/11\/1_lottery_winner_ticket-200x300.jpg\" alt=\"play the UK lottery online\" width=\"200\" height=\"300\" srcset=\"https:\/\/jackpotlotteryonline.com\/wp-content\/uploads\/2022\/11\/1_lottery_winner_ticket-200x300.jpg 200w, https:\/\/jackpotlotteryonline.com\/wp-content\/uploads\/2022\/11\/1_lottery_winner_ticket.jpg 320w\" sizes=\"auto, (max-width: 200px) 100vw, 200px\" \/><span style=\"font-weight: 400;\">Pre svega, ako ne \u017eivite u Velikoj Britaniji, bi\u0107e vam prili\u010dno te\u0161ko da kupite tiket za ovu lutriju. U su\u0161tini, jedini na\u010din da igrate Set for Life van Velike Britanije je da to uradite online. Drugi razlog je \u0161to kada vidite koliko je lako igrati online, ne\u0107ete \u017eeleti da igrate lutriju na drugi na\u010din.<\/span><\/p>\n<p><strong>Ukratko, evo nekoliko glavnih prednosti igranja lutrije online:<\/strong><\/p>\n<ul>\n<li><span style=\"font-weight: 400;\">Odmah mo\u017eete pristupiti va\u0161im dobitnim brojevima za svako izvla\u010denje<\/span><\/li>\n<li><span style=\"font-weight: 400;\">Mo\u017eete unapred uneti svoje uloge na nedeljama<\/span><\/li>\n<li><span style=\"font-weight: 400;\">Lako proverite dobitne brojeve<\/span><\/li>\n<li><span style=\"font-weight: 400;\">Pristupite svojim dobitcima bez stresa<\/span><\/li>\n<\/ul>\n<p><span style=\"font-weight: 400;\">Postoji mnogo prednosti kada igrate lutriju online. A kada igrate sa nama na jackpotlotteryonline.com, do\u017eivljavate lako\u0107u i prakti\u010dnost imanja lutrije na dohvat ruke. Kao sajt koji se pona\u0161a kao koncijer\u017e, mi upravljamo detaljima za vas dok se vi fokusirate na lako biranje va\u0161ih dobitnih brojeva. Ovo je dobitna situacija za sve.<\/span><\/p>\n<h2><span style=\"font-weight: 400;\">Koji su dobitni brojevi za Set for Life?<\/span><\/h2>\n<p><span style=\"font-weight: 400;\">Jedini na\u010din da saznate da li imate dobitne brojeve je da znate kako da igrate ovu britansku lutriju. Da biste igrali, potrebno je da izaberete 5 brojeva u opsegu od 1 do 47 i 1 Life Ball broj u opsegu od 1 do 10. Nakon \u0161to izaberete brojeve, slede\u0107i korak je da se prijavite za izvla\u010denja po va\u0161em izboru.<\/span><\/p>\n<p><span style=\"font-weight: 400;\">Set for Life ima dva dana izvla\u010denja svake nedelje, ponedeljkom i \u010detvrtkom. To zna\u010di da imate dva \u0161ansa za osvajanje lutrije. Naravno, mo\u017eete se prijaviti za oba izvla\u010denja, jer je to na\u010din da pove\u0107ate svoje \u0161anse za osvajanje lutrije.<\/span><\/p>\n<p><span style=\"font-weight: 400;\">Nakon izvla\u010denja, potrebno je da proverite rezultate da biste videli da li imate dobitnu kombinaciju. Svako ko ima dobitne brojeve osvaja lutriju.<\/span><\/p>\n<h2><span style=\"font-weight: 400;\">Tri na\u010dina da proverite rezultate izvla\u010denja<\/span><\/h2>\n<p><span style=\"font-weight: 400;\">Postoje tri na\u010dina da proverite dobitnu kombinaciju za ovu britansku lutriju. Ako \u017eivite u Velikoj Britaniji, lako mo\u017eete gledati izvla\u010denja u\u017eivo na televiziji. Me\u0111utim, ako ste tada na poslu ili imate neku drugu obavezu, to vam ne\u0107e odgovarati.<\/span><\/p>\n<p><span style=\"font-weight: 400;\">Alternativa je da proverite rezultate online. Razli\u010diti sajtovi objavljuju rezultate, posebno dobitnu kombinaciju za d\u017eekpot. Naravno, budu\u0107i da postoje i druge kategorije nagrada za lutriju, mo\u017eda \u0107ete biti zainteresovani za druge dobitne kombinacije osim d\u017eekpota.<\/span><\/p>\n<p><span style=\"font-weight: 400;\">Najbolji na\u010din da proverite rezultate izvla\u010denja je da se vratite na ovu stranicu nakon svakog izvla\u010denja. Objavljujemo rezultate izvla\u010denja ovde i posve\u0107ujemo vreme da prika\u017eemo dobitne kombinacije u svakoj kategoriji nagrada. \u0160tavi\u0161e, ako ste kupili tiket od nas, posla\u0107emo vam e-mail ako imate dobitni tiket.<\/span><\/p>\n<h2><span style=\"font-weight: 400;\">Kategorije nagrada za Set for Life<\/span><\/h2>\n<p><span style=\"font-weight: 400;\">Najve\u0107a nagrada za ovu britansku lutriju je neverovatnih 10.000 funti svakog meseca tokom narednih 30 godina. Zamislite da svaki mesec pobedite takav iznos tokom 30 godina. Sa ovakvom nagradom, lako je razumeti za\u0161to kockari \u0161irom sveta jedva \u010dekaju da dobiju dobitnu kombinaciju za ovu lutriju.<\/span><\/p>\n<p><span style=\"font-weight: 400;\">Osim osvajanja prve nagrade, postoje i druge uzbudljive nagrade koje igra\u010di mogu osvojiti sa ovom lutrijom. Evo kategorija nagrada:<\/span><\/p>\n<p><span style=\"font-weight: 400;\">Kategorija 1: Pogodite 5 + Life Ball &#8211; 10.000 funti svakog meseca tokom 30 godina<\/span><\/p>\n<p><span style=\"font-weight: 400;\">Kategorija 2: Pogodite 5 &#8211; 10.000 funti svakog meseca tokom 1 godine<\/span><\/p>\n<p><span style=\"font-weight: 400;\">Kategorija 3: Pogodite 4 + Life Ball &#8211; 250 funti<\/span><\/p>\n<p><span style=\"font-weight: 400;\">Kategorija 4: Pogodite 4 &#8211; 50 funti<\/span><\/p>\n<p><span style=\"font-weight: 400;\">Kategorija 5: Pogodite 3 + Life Ball &#8211; 30 funti<\/span><\/p>\n<p><span style=\"font-weight: 400;\">Kategorija 6: Pogodite 3 &#8211; 20 funti<\/span><\/p>\n<p><span style=\"font-weight: 400;\">Kategorija 7: Pogodite 2 + Life Ball &#8211; 10 funti<\/span><\/p>\n<p><span style=\"font-weight: 400;\">Kategorija 8: Pogodite 2 &#8211; 5 funti<\/span><\/p>\n<h2><span style=\"font-weight: 400;\">Kako da podignete svoje dobitke<\/span><\/h2>\n<p><span style=\"font-weight: 400;\">Spomenuli smo da \u0107emo vas obavestiti putem e-maila i va\u0161eg naloga ako imate dobitni tiket. Ali kako mo\u017eete podi\u0107i svoje dobitke kada \u017eivite van Velike Britanije? Ovo je pitanje koje mnoge igra\u010de zabrinjava. Pa, tu smo da vas smirimo u vezi sa va\u0161im dobitcima.<\/span><\/p>\n<p><span style=\"font-weight: 400;\">Kada se registrujete kod nas i kupite va\u0161e lutrijske tikete od nas, pojednostavili smo proces za vas. Kao sajt sa koncijer\u017e uslugom, kreirali smo besprekornu proceduru kojom mo\u017eete lako podi\u0107i svoje dobitke. Za dobitke koji su manji od 2.500 evra, sve \u0161to treba da uradite je da povu\u010dete sredstva sa na\u0161eg sajta na va\u0161 ra\u010dun.<\/span><\/p>\n","protected":false},"excerpt":{"rendered":"<p>Set for Life je britanska lutrija sa anuitetom koja igra\u010dima pru\u017ea priliku da osvoje nagradu koja menja \u017eivot. Menjanje \u017eivota u smislu da dobijate 10.000 funti svakog meseca tokom 30 godina. To je gotovo kao da svaki mesec dobijate d\u017eekpot do kraja svog \u017eivota. Igra\u010di \u0161irom sveta sada mogu u\u010destvovati u britanskoj lutriji sa anuitetom [&hellip;]<\/p>\n","protected":false},"author":7,"featured_media":0,"parent":74058,"menu_order":11,"comment_status":"closed","ping_status":"closed","template":"set-for-life-results.php","meta":{"_et_pb_use_builder":"","_et_pb_old_content":"","_et_gb_content_width":"","exclude_from_search":false,"footnotes":""},"class_list":["post-74332","page","type-page","status-publish","hentry"],"yoast_head":"<!-- This site is optimized with the Yoast SEO plugin v23.3 - https:\/\/yoast.com\/wordpress\/plugins\/seo\/ -->\n<title>Pobedni\u010dki brojevi i rezultati izvla\u010denja El Gordo lutrije<\/title>\n<meta name=\"description\" content=\"Rezultati, pobedni\u010dki brojevi za izvla\u010denje El Gordo - ove nedelje, kao i rezultati od pro\u0161le nedelje\" \/>\n<meta name=\"robots\" content=\"index, follow, max-snippet:-1, max-image-preview:large, max-video-preview:-1\" \/>\n<link rel=\"canonical\" href=\"https:\/\/jackpotlotteryonline.com\/sr\/rezultati-lutrije\/rezultati-izvlacenja-set-for-life\/\" \/>\n<meta property=\"og:locale\" content=\"sr_RS\" \/>\n<meta property=\"og:type\" content=\"article\" \/>\n<meta property=\"og:title\" content=\"Pobedni\u010dki brojevi i rezultati izvla\u010denja El Gordo lutrije\" \/>\n<meta property=\"og:description\" content=\"Rezultati, pobedni\u010dki brojevi za izvla\u010denje El Gordo - ove nedelje, kao i rezultati od pro\u0161le nedelje\" \/>\n<meta property=\"og:url\" content=\"https:\/\/jackpotlotteryonline.com\/sr\/rezultati-lutrije\/rezultati-izvlacenja-set-for-life\/\" \/>\n<meta property=\"og:site_name\" content=\"Lotto Online - Crack The International Lottery Jackpots\" \/>\n<meta property=\"og:image\" content=\"http:\/\/jackpotlotteryonline.com\/wp-content\/uploads\/2022\/11\/read1.jpg\" \/>\n<meta name=\"twitter:card\" content=\"summary_large_image\" \/>\n<!-- \/ Yoast SEO plugin. -->","yoast_head_json":{"title":"Pobedni\u010dki brojevi i rezultati izvla\u010denja El Gordo lutrije","description":"Rezultati, pobedni\u010dki brojevi za izvla\u010denje El Gordo - ove nedelje, kao i rezultati od pro\u0161le nedelje","robots":{"index":"index","follow":"follow","max-snippet":"max-snippet:-1","max-image-preview":"max-image-preview:large","max-video-preview":"max-video-preview:-1"},"canonical":"https:\/\/jackpotlotteryonline.com\/sr\/rezultati-lutrije\/rezultati-izvlacenja-set-for-life\/","og_locale":"sr_RS","og_type":"article","og_title":"Pobedni\u010dki brojevi i rezultati izvla\u010denja El Gordo lutrije","og_description":"Rezultati, pobedni\u010dki brojevi za izvla\u010denje El Gordo - ove nedelje, kao i rezultati od pro\u0161le nedelje","og_url":"https:\/\/jackpotlotteryonline.com\/sr\/rezultati-lutrije\/rezultati-izvlacenja-set-for-life\/","og_site_name":"Lotto Online - Crack The International Lottery Jackpots","og_image":[{"url":"http:\/\/jackpotlotteryonline.com\/wp-content\/uploads\/2022\/11\/read1.jpg"}],"twitter_card":"summary_large_image","schema":{"@context":"https:\/\/schema.org","@graph":[{"@type":"WebPage","@id":"https:\/\/jackpotlotteryonline.com\/sr\/rezultati-lutrije\/rezultati-izvlacenja-set-for-life\/","url":"https:\/\/jackpotlotteryonline.com\/sr\/rezultati-lutrije\/rezultati-izvlacenja-set-for-life\/","name":"Pobedni\u010dki brojevi i rezultati izvla\u010denja El Gordo lutrije","isPartOf":{"@id":"https:\/\/jackpotlotteryonline.com\/#website"},"primaryImageOfPage":{"@id":"https:\/\/jackpotlotteryonline.com\/sr\/rezultati-lutrije\/rezultati-izvlacenja-set-for-life\/#primaryimage"},"image":{"@id":"https:\/\/jackpotlotteryonline.com\/sr\/rezultati-lutrije\/rezultati-izvlacenja-set-for-life\/#primaryimage"},"thumbnailUrl":"http:\/\/jackpotlotteryonline.com\/wp-content\/uploads\/2022\/11\/read1.jpg","datePublished":"2025-02-06T08:05:17+00:00","dateModified":"2025-02-06T08:05:17+00:00","description":"Rezultati, pobedni\u010dki brojevi za izvla\u010denje El Gordo - ove nedelje, kao i rezultati od pro\u0161le nedelje","breadcrumb":{"@id":"https:\/\/jackpotlotteryonline.com\/sr\/rezultati-lutrije\/rezultati-izvlacenja-set-for-life\/#breadcrumb"},"inLanguage":"sr-RS","potentialAction":[{"@type":"ReadAction","target":["https:\/\/jackpotlotteryonline.com\/sr\/rezultati-lutrije\/rezultati-izvlacenja-set-for-life\/"]}]},{"@type":"ImageObject","inLanguage":"sr-RS","@id":"https:\/\/jackpotlotteryonline.com\/sr\/rezultati-lutrije\/rezultati-izvlacenja-set-for-life\/#primaryimage","url":"http:\/\/jackpotlotteryonline.com\/wp-content\/uploads\/2022\/11\/read1.jpg","contentUrl":"http:\/\/jackpotlotteryonline.com\/wp-content\/uploads\/2022\/11\/read1.jpg"},{"@type":"BreadcrumbList","@id":"https:\/\/jackpotlotteryonline.com\/sr\/rezultati-lutrije\/rezultati-izvlacenja-set-for-life\/#breadcrumb","itemListElement":[{"@type":"ListItem","position":1,"name":"Home","item":"https:\/\/jackpotlotteryonline.com\/sr\/"},{"@type":"ListItem","position":2,"name":"Rezultati lutrije","item":"https:\/\/jackpotlotteryonline.com\/sr\/rezultati-lutrije\/"},{"@type":"ListItem","position":3,"name":"Rezultati izvla\u010denja Set for Life"}]},{"@type":"WebSite","@id":"https:\/\/jackpotlotteryonline.com\/#website","url":"https:\/\/jackpotlotteryonline.com\/","name":"Lotto Online - Crack The International Lottery Jackpots","description":"","potentialAction":[{"@type":"SearchAction","target":{"@type":"EntryPoint","urlTemplate":"https:\/\/jackpotlotteryonline.com\/?s={search_term_string}"},"query-input":"required name=search_term_string"}],"inLanguage":"sr-RS"}]}},"_links":{"self":[{"href":"https:\/\/jackpotlotteryonline.com\/sr\/wp-json\/wp\/v2\/pages\/74332","targetHints":{"allow":["GET"]}}],"collection":[{"href":"https:\/\/jackpotlotteryonline.com\/sr\/wp-json\/wp\/v2\/pages"}],"about":[{"href":"https:\/\/jackpotlotteryonline.com\/sr\/wp-json\/wp\/v2\/types\/page"}],"author":[{"embeddable":true,"href":"https:\/\/jackpotlotteryonline.com\/sr\/wp-json\/wp\/v2\/users\/7"}],"replies":[{"embeddable":true,"href":"https:\/\/jackpotlotteryonline.com\/sr\/wp-json\/wp\/v2\/comments?post=74332"}],"version-history":[{"count":0,"href":"https:\/\/jackpotlotteryonline.com\/sr\/wp-json\/wp\/v2\/pages\/74332\/revisions"}],"up":[{"embeddable":true,"href":"https:\/\/jackpotlotteryonline.com\/sr\/wp-json\/wp\/v2\/pages\/74058"}],"wp:attachment":[{"href":"https:\/\/jackpotlotteryonline.com\/sr\/wp-json\/wp\/v2\/media?parent=74332"}],"curies":[{"name":"wp","href":"https:\/\/api.w.org\/{rel}","templated":true}]}}