{"id":74354,"date":"2025-02-06T08:34:00","date_gmt":"2025-02-06T08:34:00","guid":{"rendered":"https:\/\/jackpotlotteryonline.com\/?page_id=74354"},"modified":"2025-02-06T08:34:00","modified_gmt":"2025-02-06T08:34:00","slug":"thunderball-rezultati","status":"publish","type":"page","link":"https:\/\/jackpotlotteryonline.com\/sr\/rezultati-lutrije\/thunderball-rezultati\/","title":{"rendered":"Thunderball Rezultati"},"content":{"rendered":"<p>Thunderball je jedna od najpopularnijih lutrija u Velikoj Britaniji. Sa malim ulogom, igra\u010di mogu da osvoje do pola miliona funti, \u0161to je prili\u010dno impresivno. Postoji mnogo lutrija \u0161irom sveta, ali ne\u0161to u vezi sa Thunderball-om privla\u010di igra\u010de. Mo\u017eda su to sjajne \u0161anse za pobedu ili veliki broj pobednika koje ova lutrija proizvede. Kako god bilo, igra\u010di \u0161irom sveta kupuju Thunderball tiket online.<\/p>\n<p>Ako ste i vi jedan od onih koji igraju online lutriju, va\u017eno je da proverite rezultate \u017erebanja. To je kako biste saznali da li va\u0161a karta odgovara dobitnim brojevima. Ako \u017eelite da saznate kako mo\u017eete proveriti rezultate \u017erebanja, na pravom ste mestu. Tako\u0111e, podeli\u0107emo sa vama najbolji na\u010din za proveru rezultata \u017erebanja.<\/p>\n<p>Ako ste tiket kupili sa sajta jackpotlotteryonline.com, nastavite da \u010ditate kako biste saznali kako da preuzmete svoju nagradu.<\/p>\n<h2>Izbor dobitnih brojeva na Thunderball-u<\/h2>\n<p>Igra\u010di imaju dva osnovna na\u010dina za izbor svojih brojeva. U ve\u0107ini lutrija potrebno je da odaberete brojeve iz odre\u0111enog opsega. Zbog toga neki igra\u010di vole da biraju specijalne brojeve kao \u0161to su datumi ro\u0111enja ili godi\u0161njice. Ovi brojevi se \u010desto nazivaju &#8220;brojevi sre\u0107e&#8221;.<\/p>\n<p>U nekim delovima sveta, neki brojevi imaju specijalno zna\u010denje; na primer, mnogi ljudi smatraju da je broj 7 sre\u0107an, dok drugi veruju da je broj 13 nesre\u0107an. Generalno, to zavisi od va\u0161eg li\u010dnog stava prema brojevima sre\u0107e. Ovaj metod koriste mnogi igra\u010di \u0161irom sveta i mo\u017ee biti korisno i za vas.<\/p>\n<p>Drugi metod je kori\u0161\u0107enje automatskog generatora brojeva za slu\u010dajan odabir. Ovo mo\u017ee biti efikasno za neke jer je lutrija igra bazirana na sre\u0107i. Iako mo\u017eete da preduzmete neke korake da biste se osetili sre\u0107no, nije garantovano da \u0107ete pobediti.<\/p>\n<h2>Kako igrati Thunderball online<\/h2>\n<p>Thunderball u Velikoj Britaniji je uzbudljiva igra na kojoj mo\u017eete u\u010destvovati. Proces je sli\u010dan ostalim lutrijama. U su\u0161tini, treba da odaberete 5 brojeva iz opsega od 1 do 39, kao i jedan specijalni broj iz opsega od 1 do 14. Ovaj specijalni broj, poznat kao &#8220;Thunderball&#8221;, koristi se za odre\u0111ivanje svih \u0161est kategorija nagrada, uklju\u010duju\u0107i glavnu nagradu.<\/p>\n<p>Online igra nije mnogo druga\u010dija; mo\u017eete koristiti generator brojeva za slu\u010dajan izbor. Ovo je sli\u010dno izboru &#8220;brojeva sre\u0107e&#8221; za one koji su navikli na fizi\u010dke karte. Mo\u017eete odabrati razli\u010dite linije i kupiti vi\u0161e tiketa kako biste pove\u0107ali svoje \u0161anse za pobedu u Thunderball-u.<\/p>\n<p>Slede\u0107i korak je u\u010destvovanje u \u017erebanju \u2013 a to je najbolji deo. Sasvim je uobi\u010dajeno da u\u010destvujete u vi\u0161e \u017erebanja, a ako kupite tikete od nas, mo\u017eete se prijaviti za \u017erebanja i nedeljama unapred. To vam daje prednost kada u\u010destvujete u ovoj igri na sre\u0107u.<\/p>\n<h2>Dan \u017erebanja Thunderball-a<\/h2>\n<p>\u017drebanja se odr\u017eavaju \u010detiri puta nedeljno \u2013 utorkom, sredom, petkom i subotom. Ova britanska lutrija, dakle, ima \u010detiri \u017erebanja svake nedelje. To zna\u010di da \u0107ete imati \u010detiri puta vi\u0161e \u0161ansi za osvajanje glavne nagrade u Thunderball-u.<\/p>\n<p>Mo\u017eete u\u010destvovati u jednom \u017erebanju, ali je bolje da u\u010destvujete u vi\u0161e njih kako biste zna\u010dajno pove\u0107ali svoje \u0161anse. Zapamtite, \u0161to vi\u0161e u\u010destvujete, to su ve\u0107e \u0161anse za pobedu.<\/p>\n<h2>Kako proveriti rezultate \u017erebanja Thunderball-a<\/h2>\n<p>Sada dolazimo do zabavnijeg dela: proveravanje rezultata \u017erebanja. Jedini na\u010din da saznate da li ste pogodili dobitne brojeve je da proverite rezultate \u017erebanja. Ve\u0107ina lutrija ima \u017erebanja u\u017eivo, a Thunderball nije izuzetak. Mo\u017eete da gledate \u017erebanje u\u017eivo putem interneta. Va\u017eno je da znate da se \u017erebanja u\u017eivo odr\u017eavaju u ta\u010dno odre\u0111eno vreme i ne \u017eelite da propustite priliku da preuzmete svoju nagradu.<\/p>\n<p>Naravno, mo\u017eete uvek proveriti na internetu da biste saznali da li ste pobedili. Na\u017ealost, \u010dak i ako ste pogodili glavnu nagradu sa pravim brojevima, proveravanje drugih kategorija nagrada mo\u017ee biti malo slo\u017eenije. Na primer, druga nagrada u Thunderball-u je 5000 funti, i ne \u017eelite da je propustite.<\/p>\n<p>Najbolje je da se vratite na ovu stranicu nakon svakog \u017erebanja. Ovde objavljujemo rezultate najnovijih \u017erebanja za sve kategorije nagrada. Tako\u0111e, ako ste kupili tikete od nas, obavesti\u0107emo vas putem e-po\u0161te ako ste osvojili nagradu.<\/p>\n<h2>Nagrade koje mo\u017eete osvojiti<\/h2>\n<p>Dakle, koje nagrade mo\u017eete osvojiti u razli\u010ditim kategorijama? Thunderball u Velikoj Britaniji ima nekoliko kategorija nagrada, a za uskla\u0111ivanje Thunderball broja, postoji specijalna nagrada. \u0160anse za pobedu u ovoj lutriji su vrlo dobre.<\/p>\n<p>Evo pregleda kategorija nagrada u Thunderball-u i \u0161ansi za pobedu:<\/p>\n<p>Kategorija 1: Pogoditi 5 brojeva + Thunderball \u2013 1 od 8,060,598 \u2013 500,000 funti<\/p>\n<p>Kategorija 2: Pogoditi 5 brojeva \u2013 1 od 620,046 \u2013 5000 funti<\/p>\n<p>Kategorija 3: Pogoditi 4 broja + Thunderball \u2013 1 od 47,416 \u2013 250 funti<\/p>\n<p>Kategorija 4: Pogoditi 4 broja \u2013 1 od 3,648 \u2013 100 funti<\/p>\n<p>Kategorija 5: Pogoditi 3 broja + Thunderball \u2013 1 od 1,437 \u2013 20 funti<\/p>\n<p>Kategorija 6: Pogoditi 3 broja \u2013 1 od 111 \u2013 10 funti<\/p>\n<p>Kategorija 7: Pogoditi 2 broja + Thunderball \u2013 1 od 135 \u2013 10 funti<\/p>\n<p>Kategorija 8: Pogoditi 1 broj + Thunderball \u2013 1 od 35 \u2013 5 funti<\/p>\n<p>Kategorija 9: Pogoditi Thunderball \u2013 1 od 29 \u2013 3 funti<\/p>\n<p>Svako mo\u017ee da osvoji Thunderball nagradu, \u010dak i ako \u017eivi van Velike Britanije. Kupite svoj tiket online i isku\u0161ajte svoje sre\u0107e.<\/p>\n<h2>Kako preuzeti svoju nagradu<\/h2>\n<p>Spomenuli smo da \u0107emo vas obavestiti putem e-po\u0161te i va\u0161eg naloga ako ste osvojili nagradu. Ali kako \u0107ete preuzeti svoju nagradu ako \u017eivite van Velike Britanije? To je pitanje koje brine mnoge igra\u010de. Pa, ovde smo da vas umirimo.<\/p>\n<p>Kada se registrujete na na\u0161em sajtu i kupite tikete preko nas, mi \u0107emo u\u010diniti proces jednostavnijim za vas. Kao konzijer\u017e sajt, kreirali smo jednostavan proces kroz koji mo\u017eete lako da preuzmete svoje nagrade. Za nagrade do 2500 evra, samo treba da povu\u010dete novac na va\u0161 ra\u010dun.<\/p>\n<p>Ako ste osvojili nagradu ve\u0107u od ove sume, mora\u0107ete da zatra\u017eite svoju nagradu direktno od lutrijske kompanije. Omogu\u0107i\u0107emo vam obrazac za zahtev i vodi\u0107emo vas kroz proces. Dakle, ne brinite \u2013 mi \u0107emo se pobrinuti da sve pro\u0111e lako i bez stresa.<\/p>\n<h3>Stvari koje treba da znate pre nego \u0161to preuzmete svoju nagradu<\/h3>\n<p>Pre nego \u0161to preuzmete svoju nagradu, va\u017eno je da znate nekoliko stvari u vezi sa lutrijom u Velikoj Britaniji. Znamo da je lutrija otvorena za sve, bez obzira na nacionalnost, ali evo nekoliko stvari koje treba da imate na umu:<\/p>\n<p>&#8211; Lutrija je otvorena za igra\u010de koji imaju vi\u0161e od 16 godina<br \/>\n&#8211; Nagrade se ispla\u0107uju u celosti<br \/>\n&#8211; Pobednici lutrije u Velikoj Britaniji nisu oporezovani, ali ako igrate izvan Velike Britanije, proverite poreznu politiku svoje zemlje<br \/>\n&#8211; Imate 180 dana da preuzmete svoju nagradu pre nego \u0161to se vrati u fond<br \/>\n&#8211; Ako ste kupili tiket fizi\u010dki, mo\u017eda \u0107ete morati da kontaktirate organizatore kako biste preuzeli svoju nagradu<\/p>\n<h2>Prednosti igranja sa Jackpotlotteryonline.com<\/h2>\n<p>&#8211; Imate trenutni i direktni pristup lutrijama. Ne morate da \u017eivite u Velikoj Britaniji da biste igrali<br \/>\n&#8211; Udobno je, jer ne morate da izlazite iz svog doma. Mo\u017eete proveriti svoje brojeve sa svog ra\u010dunara ili mobilnog telefona<br \/>\n&#8211; Tako\u0111e je sigurnije, jer se va\u0161 tiket digitalno \u010duva. To je va\u017eno, jer je to jedini na\u010din da preuzmete svoju nagradu<br \/>\n&#8211; Ne morate da brinete o gubitku nagrade jer \u0107emo vas odmah obavestiti ako pobedite<br \/>\n&#8211; Mo\u017eete lako preuzeti svoju nagradu online bez potrebe da idete bilo gde<\/p>\n<p>Ako jo\u0161 niste kupili svoj Thunderball tiket, sada je savr\u0161en trenutak da to u\u010dinite i u\u010destvujete u slede\u0107em \u017erebanju.<\/p>\n<h2>\u0160ta je konzijer\u017e?<\/h2>\n<p>Spomenuli smo da smo konzijer\u017e sajt, i mo\u017eda \u017eelite da znate \u0161ta to zna\u010di. Jedan od problema sa kojim se igra\u010di suo\u010davaju kada kupuju tikete online je \u0161to nikada nisu sigurni da li su se zaista prijavili za lutriju. Mnoge sajtove omogu\u0107avaju igra\u010dima da se klade na rezultat lutrije, \u0161to je potpuno druga\u010dije.<\/p>\n<p>Na sajtu jackpotlotteryonline.com, pru\u017eamo pristup najboljim me\u0111unarodnim lutrijama za na\u0161e korisnike. To je zato \u0161to smo konzijer\u017e sajt sa predstavnicima \u0161irom sveta. Kada kupite tiket lutrije od nas, na\u0161 predstavnik u odgovaraju\u0107oj zemlji kupuje fizi\u010dki tiket sa odgovaraju\u0107im brojevima. Zatim, tiket skeniramo i \u0161aljemo vam ga.<\/p>\n<p>Kada kupite svoj Thunderball tiket od nas, mo\u017eete biti sigurni da \u0107ete pobediti ako va\u0161i brojevi odgovaraju dobitnim brojevima. Tako jednostavno je, i to je upravo ono \u0161to na\u0161im korisnicima daje sigurnost da igraju online lutriju.<\/p>\n<h2>Saveti za pobedu na Thunderball-u<\/h2>\n<p>Iako je Thunderball igra na sre\u0107u, postoji nekoliko stvari koje mo\u017eete da uradite kako biste pove\u0107ali svoje \u0161anse za pobedu. Evo nekoliko saveta:<\/p>\n<p>&#8211; Izaberite svoje brojeve sre\u0107e. Nikada ne mo\u017eete biti previ\u0161e sre\u0107ni kada igrate Thunderball.<br \/>\n&#8211; Kupite vi\u0161e tiketa i u\u010destvujte u vi\u0161e \u017erebanja \u2013 \u0161to vi\u0161e u\u010destvujete, to su ve\u0107e \u0161anse za pobedu.<br \/>\n&#8211; Pridru\u017eite se grupi ili napravite grupu. Ovo je grupno ulaganje u tikete, gde se resursi kombinuju kako bi se kupilo vi\u0161e tiketa.<br \/>\n&#8211; Verujte potpuno da \u0107ete pobediti. Postoji ne\u0161to u toj veri \u0161to privla\u010di sre\u0107u. Mnogi pobednici lutrija su rekli da su bili potpuno sigurni da \u0107e pobediti.<\/p>\n<h2>Proverite svoje dobitke na jackpotlotteryonline.com<\/h2>\n<p>U\u010dini\u0107emo vam lakim pristup najboljim me\u0111unarodnim lutrijama i pru\u017eiti vam mogu\u0107nost da pratite rezultate svakog \u017erebanja. Ako ste kupili Thunderball tiket od nas, mo\u017eete lako pratiti rezultate \u017erebanja na na\u0161em sajtu.<\/p>\n<p>Kontaktirajte nas da zapo\u010dnete igru i isku\u0161ajte svoju sre\u0107u!<\/p>\n","protected":false},"excerpt":{"rendered":"<p>Thunderball je jedna od najpopularnijih lutrija u Velikoj Britaniji. Sa malim ulogom, igra\u010di mogu da osvoje do pola miliona funti, \u0161to je prili\u010dno impresivno. Postoji mnogo lutrija \u0161irom sveta, ali ne\u0161to u vezi sa Thunderball-om privla\u010di igra\u010de. Mo\u017eda su to sjajne \u0161anse za pobedu ili veliki broj pobednika koje ova lutrija proizvede. Kako god bilo, [&hellip;]<\/p>\n","protected":false},"author":7,"featured_media":0,"parent":74058,"menu_order":12,"comment_status":"closed","ping_status":"closed","template":"thunderball-results.php","meta":{"_et_pb_use_builder":"","_et_pb_old_content":"","_et_gb_content_width":"","exclude_from_search":false,"footnotes":""},"class_list":["post-74354","page","type-page","status-publish","hentry"],"yoast_head":"<!-- This site is optimized with the Yoast SEO plugin v23.3 - https:\/\/yoast.com\/wordpress\/plugins\/seo\/ -->\n<title>Pobedni\u010dki brojevi i rezultati izvla\u010denja Thunderball lutrije<\/title>\n<meta name=\"description\" content=\"Proverite svoj tiket sa pobedni\u010dkim brojevima i rezultatima poslednjeg izvla\u010denja Thunderball-a, ili prona\u0111ite istorijske rezultate izvla\u010denja\" \/>\n<meta name=\"robots\" content=\"index, follow, max-snippet:-1, max-image-preview:large, max-video-preview:-1\" \/>\n<link rel=\"canonical\" href=\"https:\/\/jackpotlotteryonline.com\/sr\/rezultati-lutrije\/thunderball-rezultati\/\" \/>\n<meta property=\"og:locale\" content=\"sr_RS\" \/>\n<meta property=\"og:type\" content=\"article\" \/>\n<meta property=\"og:title\" content=\"Pobedni\u010dki brojevi i rezultati izvla\u010denja Thunderball lutrije\" \/>\n<meta property=\"og:description\" content=\"Proverite svoj tiket sa pobedni\u010dkim brojevima i rezultatima poslednjeg izvla\u010denja Thunderball-a, ili prona\u0111ite istorijske rezultate izvla\u010denja\" \/>\n<meta property=\"og:url\" content=\"https:\/\/jackpotlotteryonline.com\/sr\/rezultati-lutrije\/thunderball-rezultati\/\" \/>\n<meta property=\"og:site_name\" content=\"Lotto Online - Crack The International Lottery Jackpots\" \/>\n<meta name=\"twitter:card\" content=\"summary_large_image\" \/>\n<!-- \/ Yoast SEO plugin. -->","yoast_head_json":{"title":"Pobedni\u010dki brojevi i rezultati izvla\u010denja Thunderball lutrije","description":"Proverite svoj tiket sa pobedni\u010dkim brojevima i rezultatima poslednjeg izvla\u010denja Thunderball-a, ili prona\u0111ite istorijske rezultate izvla\u010denja","robots":{"index":"index","follow":"follow","max-snippet":"max-snippet:-1","max-image-preview":"max-image-preview:large","max-video-preview":"max-video-preview:-1"},"canonical":"https:\/\/jackpotlotteryonline.com\/sr\/rezultati-lutrije\/thunderball-rezultati\/","og_locale":"sr_RS","og_type":"article","og_title":"Pobedni\u010dki brojevi i rezultati izvla\u010denja Thunderball lutrije","og_description":"Proverite svoj tiket sa pobedni\u010dkim brojevima i rezultatima poslednjeg izvla\u010denja Thunderball-a, ili prona\u0111ite istorijske rezultate izvla\u010denja","og_url":"https:\/\/jackpotlotteryonline.com\/sr\/rezultati-lutrije\/thunderball-rezultati\/","og_site_name":"Lotto Online - Crack The International Lottery Jackpots","twitter_card":"summary_large_image","schema":{"@context":"https:\/\/schema.org","@graph":[{"@type":"WebPage","@id":"https:\/\/jackpotlotteryonline.com\/sr\/rezultati-lutrije\/thunderball-rezultati\/","url":"https:\/\/jackpotlotteryonline.com\/sr\/rezultati-lutrije\/thunderball-rezultati\/","name":"Pobedni\u010dki brojevi i rezultati izvla\u010denja Thunderball lutrije","isPartOf":{"@id":"https:\/\/jackpotlotteryonline.com\/#website"},"datePublished":"2025-02-06T08:34:00+00:00","dateModified":"2025-02-06T08:34:00+00:00","description":"Proverite svoj tiket sa pobedni\u010dkim brojevima i rezultatima poslednjeg izvla\u010denja Thunderball-a, ili prona\u0111ite istorijske rezultate izvla\u010denja","breadcrumb":{"@id":"https:\/\/jackpotlotteryonline.com\/sr\/rezultati-lutrije\/thunderball-rezultati\/#breadcrumb"},"inLanguage":"sr-RS","potentialAction":[{"@type":"ReadAction","target":["https:\/\/jackpotlotteryonline.com\/sr\/rezultati-lutrije\/thunderball-rezultati\/"]}]},{"@type":"BreadcrumbList","@id":"https:\/\/jackpotlotteryonline.com\/sr\/rezultati-lutrije\/thunderball-rezultati\/#breadcrumb","itemListElement":[{"@type":"ListItem","position":1,"name":"Home","item":"https:\/\/jackpotlotteryonline.com\/sr\/"},{"@type":"ListItem","position":2,"name":"Rezultati lutrije","item":"https:\/\/jackpotlotteryonline.com\/sr\/rezultati-lutrije\/"},{"@type":"ListItem","position":3,"name":"Thunderball Rezultati"}]},{"@type":"WebSite","@id":"https:\/\/jackpotlotteryonline.com\/#website","url":"https:\/\/jackpotlotteryonline.com\/","name":"Lotto Online - Crack The International Lottery Jackpots","description":"","potentialAction":[{"@type":"SearchAction","target":{"@type":"EntryPoint","urlTemplate":"https:\/\/jackpotlotteryonline.com\/?s={search_term_string}"},"query-input":"required name=search_term_string"}],"inLanguage":"sr-RS"}]}},"_links":{"self":[{"href":"https:\/\/jackpotlotteryonline.com\/sr\/wp-json\/wp\/v2\/pages\/74354","targetHints":{"allow":["GET"]}}],"collection":[{"href":"https:\/\/jackpotlotteryonline.com\/sr\/wp-json\/wp\/v2\/pages"}],"about":[{"href":"https:\/\/jackpotlotteryonline.com\/sr\/wp-json\/wp\/v2\/types\/page"}],"author":[{"embeddable":true,"href":"https:\/\/jackpotlotteryonline.com\/sr\/wp-json\/wp\/v2\/users\/7"}],"replies":[{"embeddable":true,"href":"https:\/\/jackpotlotteryonline.com\/sr\/wp-json\/wp\/v2\/comments?post=74354"}],"version-history":[{"count":0,"href":"https:\/\/jackpotlotteryonline.com\/sr\/wp-json\/wp\/v2\/pages\/74354\/revisions"}],"up":[{"embeddable":true,"href":"https:\/\/jackpotlotteryonline.com\/sr\/wp-json\/wp\/v2\/pages\/74058"}],"wp:attachment":[{"href":"https:\/\/jackpotlotteryonline.com\/sr\/wp-json\/wp\/v2\/media?parent=74354"}],"curies":[{"name":"wp","href":"https:\/\/api.w.org\/{rel}","templated":true}]}}