{"id":74375,"date":"2025-02-06T09:29:20","date_gmt":"2025-02-06T09:29:20","guid":{"rendered":"https:\/\/jackpotlotteryonline.com\/?page_id=74375"},"modified":"2025-02-06T09:29:20","modified_gmt":"2025-02-06T09:29:20","slug":"rezultati-lotto-amerike","status":"publish","type":"page","link":"https:\/\/jackpotlotteryonline.com\/sr\/rezultati-lutrije\/rezultati-lotto-amerike\/","title":{"rendered":"Rezultati Lotto Amerike"},"content":{"rendered":"<p>Lotto Amerika je lutrijska igra u Sjedinjenim Ameri\u010dkim Dr\u017eavama koja je donela mnoge dobitnike miliona. \u0160anse za osvajanje nagrade su izuzetne, \u0161to ovu igru \u010dini privla\u010dnom za ljubitelje lutrija. Sada igra\u010di \u0161irom sveta mogu da kupe <a href=\"https:\/\/jackpotlotteryonline.com\/buy-tickets\/lotto-america\">karte za ovu ameri\u010dku lutriju online<\/a> i mogu proveriti dobitne brojeve da vide da li su osvojili.<\/p>\n<p><span style=\"font-weight: 400;\">Mo\u017eete da kupite karte za najve\u0107e me\u0111unarodne lutrije na sajtu jackpotlotteryonline.com i tako\u0111e proverite rezultate izvla\u010denja. Ako \u017eelite da saznate kako da preuzmete nagrade online, nastavite da \u010ditate. Podeli\u0107emo sve detalje i brzo \u0107ete shvatiti da je online igranje najbolje re\u0161enje.<\/span><\/p>\n<h2><span style=\"font-weight: 400;\">Kako igrati Lotto Ameriku online<\/span><\/h2>\n<p><img loading=\"lazy\" decoding=\"async\" class=\"size-full wp-image-32081 alignright\" src=\"http:\/\/jackpotlotteryonline.com\/wp-content\/uploads\/2022\/11\/1_mega_lotto_win-213x300-1.jpg\" alt=\"Lotto Amerike karta online\" width=\"213\" height=\"300\" \/><span style=\"font-weight: 400;\">Kao \u0161to smo spomenuli, mo\u017eete <a href=\"https:\/\/jackpotlotteryonline.com\/play-online\/lotto-america\">igrati ovu lutriju online<\/a> bez obzira gde \u017eivite. Karte se obi\u010dno prodaju u Sjedinjenim Ameri\u010dkim Dr\u017eavama, ali ih mo\u017eete kupiti i na sajtu jackpotlotteryonline.com.<\/span><\/p>\n<p><span style=\"font-weight: 400;\">Postoje i drugi sajtovi koji prodaju lutrijske karte, ali oni omogu\u0107avaju igra\u010dima samo da se klade na rezultat lutrije. To zna\u010di da kupovina karte na tim sajtovima ne u\u010destvuje u stvarnoj igri lutrije. Dakle, \u010dak i ako pogodite sve dobitne brojeve, ne\u0107ete osvojiti glavnu nagradu. Zato je izuzetno va\u017eno da izaberete pravi sajt.<\/span><\/p>\n<h2><span style=\"font-weight: 400;\">Koraci za igranje online<\/span><\/h2>\n<p><span style=\"font-weight: 400;\">Kada izaberete sajt, pratite slede\u0107e korake:<\/span><\/p>\n<ol>\n<li style=\"font-weight: 400;\" aria-level=\"1\"><span style=\"font-weight: 400;\">Posetite \u017eeljeni sajt i kliknite na opciju za Lotto Ameriku<\/span><\/li>\n<li style=\"font-weight: 400;\" aria-level=\"1\"><span style=\"font-weight: 400;\">Izaberite 5 brojeva od 1 do 52 (ako niste sigurni koje brojeve da izaberete, mo\u017eete koristiti automatski generator brojeva)<\/span><\/li>\n<li style=\"font-weight: 400;\" aria-level=\"1\"><span style=\"font-weight: 400;\">Zatim izaberite dodatni broj (Star Ball) izme\u0111u 1 i 10<\/span><\/li>\n<li style=\"font-weight: 400;\" aria-level=\"1\"><span style=\"font-weight: 400;\">Kupite vi\u0161e linija brojeva za ve\u0107e \u0161anse<\/span><\/li>\n<li style=\"font-weight: 400;\" aria-level=\"1\"><span style=\"font-weight: 400;\">U\u010destvujte u izvla\u010denju (mo\u017eete u\u010destvovati u vi\u0161e izvla\u010denja)<\/span><\/li>\n<li style=\"font-weight: 400;\" aria-level=\"1\"><span style=\"font-weight: 400;\">Registrujte se i platite cenu svojih karata.<\/span><\/li>\n<\/ol>\n<p><span style=\"font-weight: 400;\">Zamolili bismo vas da se registrujete iz nekoliko razloga. Prvo, to osigurava da va\u0161a digitalna karta bude sigurna. Drugi razlog je da \u0107emo koristiti va\u0161 nalog da vas kontaktiramo u slu\u010daju da osvojite.<\/span><\/p>\n<h2><span style=\"font-weight: 400;\">Lotto Amerika izvla\u010denja i glavna nagrada<\/span><\/h2>\n<p><span style=\"font-weight: 400;\">Ova ameri\u010dka lutrija ima tri izvla\u010denja svake nedelje, koja se odr\u017eavaju u ponedeljak, sredu i subotu. Tokom izvla\u010denja, bi\u0107e objavljeni dobitni brojevi. Da biste osvojili glavnu nagradu, va\u0161a karta mora da se poklopi sa svih \u0161est izvu\u010denih brojeva.<\/span><\/p>\n<p><span style=\"font-weight: 400;\">Glavna nagrada Lotto Amerike po\u010dinje sa 2 miliona dolara i mo\u017ee da poraste na 18 miliona dolara ako nema dobitnika u nekom izvla\u010denju. To je sjajan iznos, zar ne?<\/span><\/p>\n<p><span style=\"font-weight: 400;\">Zapravo, najve\u0107a nagrada u istoriji Lotto Amerike iznosila je 23 miliona dolara, a osvojila ju je porodica 2018. godine.<\/span><\/p>\n<section class=\"layout\" style=\"border: solid 1px; width: 100%;\">\n<div class=\"img-div\" style=\"margin-top: 5px;\"><img decoding=\"async\" class=\"wp-image-17212 alignleft\" style=\"height: 45px; margin: 8px 8px 0px;\" src=\"http:\/\/jackpotlotteryonline.com\/wp-content\/uploads\/2022\/11\/read1.jpg\" alt=\"read\" width=\"\" height=\"\" \/><\/div>\n<div style=\"padding-left: 5px;\">\n<div style=\"font-size: 1.1em;\">\n<p><strong>Neki dobitnici lutrije su svoje nagrade vratili zajednici<\/strong><\/p>\n<p style=\"font-size: 0.85em; margin-top: -1.5em;\">Pro\u010ditajte vi\u0161e o inspirativnim pri\u010dama dobitnika lutrija koji su svoje nagrade vratili zajednici <a href=\"https:\/\/jackpotlotteryonline.com\/stories-about-lottery-winners-giving-back\">ovde<\/a>.<\/p>\n<\/div>\n<\/div>\n<\/section>\n<h2><span style=\"font-weight: 400;\">Kategorije nagrada<\/span><\/h2>\n<p><span style=\"font-weight: 400;\">Glavna nagrada je sigurno najvrednija u ovoj lutriji, ali postoji devet razli\u010ditih kategorija nagrada, koje igra\u010dima omogu\u0107avaju da osvoje lepe iznose.<\/span><\/p>\n<p><span style=\"font-weight: 400;\">\u010cak i ako ne osvojite glavnu nagradu, mo\u017eete osvojiti lepe nagrade ako pogodite brojeve u drugim kategorijama. Ovde je pregled nagrada zajedno sa \u0161ansama za osvajanje u svakoj kategoriji:<\/span><\/p>\n<p><span style=\"font-weight: 400;\">Kategorija 1: 5 brojeva + Star Ball &#8211; 1 u 25,989,600 &#8211; Glavna nagrada<\/span><\/p>\n<p><span style=\"font-weight: 400;\">Kategorija 2: 5 brojeva &#8211; 1 u 2,887,733 &#8211; 20.000 dolara<\/span><\/p>\n<p><span style=\"font-weight: 400;\">Kategorija 3: 4 broja + Star Ball &#8211; 1 u 110,594 &#8211; 1.000 dolara<\/span><\/p>\n<p><span style=\"font-weight: 400;\">Kategorija 4: 4 broja &#8211; 1 u 12,288 &#8211; 100 dolara<\/span><\/p>\n<p><span style=\"font-weight: 400;\">Kategorija 5: 3 broja + Star Ball &#8211; 1 u 2,404 &#8211; 20 dolara<\/span><\/p>\n<p><span style=\"font-weight: 400;\">Kategorija 6: 3 broja &#8211; 1 u 267 &#8211; 5 dolara<\/span><\/p>\n<p><span style=\"font-weight: 400;\">Kategorija 7: 2 broja + Star Ball &#8211; 1 u 160 &#8211; 5 dolara<\/span><\/p>\n<p><span style=\"font-weight: 400;\">Kategorija 8: 1 broj + Star Ball &#8211; 1 u 29 &#8211; 2 dolara<\/span><\/p>\n<p><span style=\"font-weight: 400;\">Kategorija 9: 0 brojeva + Star Ball &#8211; 1 u 17 &#8211; 2 dolara<\/span><\/p>\n<h2><span style=\"font-weight: 400;\">Kako proveriti dobitne brojeve<\/span><\/h2>\n<p><span style=\"font-weight: 400;\"><img loading=\"lazy\" decoding=\"async\" class=\"alignright size-full wp-image-31532\" src=\"http:\/\/jackpotlotteryonline.com\/wp-content\/uploads\/2022\/11\/lottoballs.jpg\" alt=\"Provera rezultata Lotto Amerike\" width=\"245\" height=\"123\" \/>Da biste proverili da li ste osvojili, jednostavno se vratite na ovu stranicu nakon izvla\u010denja. Nakon svakog izvla\u010denja, objavi\u0107emo rezultate za svaku kategoriju nagrada. Tako da mo\u017eete lako i bez stresa da proverite rezultate na na\u0161oj stranici.<\/span><\/p>\n<p><span style=\"font-weight: 400;\">Ako ste kupili svoju kartu kod nas, onda ste sigurno registrovani na sajtu. To zna\u010di da \u0107emo vas obavestiti putem va\u0161eg naloga i e-maila ukoliko osvojite nagradu.<\/span><\/p>\n<p><span style=\"font-weight: 400;\">Nikada ne\u0107ete propustiti nagradu ako kupite kartu za lutriju kod nas.<\/span><\/p>\n<h2><span style=\"font-weight: 400;\">Pla\u0107anje nagrada<\/span><\/h2>\n<p><span style=\"font-weight: 400;\">Pitanje koje nam \u010desto postavljaju igra\u010di je kako da preuzmu svoje nagrade ako igraju Lotto Ameriku online. Ako ste kupili karte na na\u0161em sajtu, mi vam pru\u017eamo jednostavan na\u010din za preuzimanje nagrada.<\/span><\/p>\n<p><span style=\"font-weight: 400;\">Nagrade do 2500 evra bi\u0107e upla\u0107ene na va\u0161 ra\u010dun i mo\u017eete ih povu\u0107i bez ikakvih dodatnih naknada. Za ve\u0107e nagrade postoji druga\u010diji postupak. Za ve\u0107e nagrade, morate preuzeti nagradu od kompanije koja organizuje lutriju. Ali mi \u0107emo vam obezbediti obrazac za prijavu i kada ga popunite, obradimo va\u0161 zahtev.<\/span><\/p>\n<p><span style=\"font-weight: 400;\">Razlog zbog kojeg to radimo je taj \u0161to morate da potvrdite svoj identitet. Neke lutrijske kompanije mogu zahtevati da se li\u010dno pojavite kako biste preuzeli ve\u0107e iznose. Ako se to desi, odmah \u0107emo vas obavestiti.<\/span><\/p>\n<h2><span style=\"font-weight: 400;\">Kupovina karte za Lotto Ameriku na sajtu jackpotlotteryonline.com<\/span><\/h2>\n<p><span style=\"font-weight: 400;\">Postoji mnogo razloga za\u0161to biste trebali da kupite karte za Lotto Ameriku od nas. Prvenstveno, mi smo concierge usluga. To zna\u010di da mo\u017eete biti opu\u0161teni dok mi upravljamo svim detaljima za vas. Tako da vam poma\u017eemo da pristupite najboljim me\u0111unarodnim lutrijama, uklju\u010duju\u0107i Lotto Ameriku.<\/span><\/p>\n<p><span style=\"font-weight: 400;\">Ali nismo tu samo za to. Tako\u0111e pru\u017eamo sistem koji vam poma\u017ee da upravljate svojim lutrijskim igrama. Mo\u017eete lako u\u010destvovati u vi\u0161e lutrija i izvla\u010denja direktno sa na\u0161eg sajta. Ne morate da idete na druge sajtove. Tako\u0111e vam pru\u017eamo lak na\u010din za proveru rezultata Lotto Amerike, sve na jednom mestu.<\/span><\/p>\n<p><span style=\"font-weight: 400;\">Na kraju, mo\u017eete lako proveriti dobitne brojeve i povu\u0107i svoje nagrade direktno sa sajta na svoj ra\u010dun. Napravili smo sistem bez stresa, tako da se mo\u017eete fokusirati na zabavu. Registrujte se danas i po\u010dnite da igrate lutriju na na\u0161em sajtu.<\/span><\/p>\n<p>### Rezultati i dobitni brojevi Lotto Amerike<br \/>\nTra\u017eite dobitne brojeve za Lotto Ameriku? Prona\u0111ite rezultate svih velikih ameri\u010dkih lutrija na na\u0161em sajtu!<\/p>\n","protected":false},"excerpt":{"rendered":"<p>Lotto Amerika je lutrijska igra u Sjedinjenim Ameri\u010dkim Dr\u017eavama koja je donela mnoge dobitnike miliona. \u0160anse za osvajanje nagrade su izuzetne, \u0161to ovu igru \u010dini privla\u010dnom za ljubitelje lutrija. Sada igra\u010di \u0161irom sveta mogu da kupe karte za ovu ameri\u010dku lutriju online i mogu proveriti dobitne brojeve da vide da li su osvojili. Mo\u017eete da [&hellip;]<\/p>\n","protected":false},"author":7,"featured_media":0,"parent":74058,"menu_order":13,"comment_status":"closed","ping_status":"closed","template":"lotto-america-results.php","meta":{"_et_pb_use_builder":"","_et_pb_old_content":"","_et_gb_content_width":"","exclude_from_search":false,"footnotes":""},"class_list":["post-74375","page","type-page","status-publish","hentry"],"yoast_head":"<!-- This site is optimized with the Yoast SEO plugin v23.3 - https:\/\/yoast.com\/wordpress\/plugins\/seo\/ -->\n<title>Pobedni\u010dki brojevi i rezultati izvla\u010denja Lotto America lutrije<\/title>\n<meta name=\"description\" content=\"Tra\u017eite pobedni\u010dke brojeve Lotto America? Rezultate izvla\u010denja za sve velike ameri\u010dke lutrije mo\u017eete prona\u0107i na na\u0161em sajtu!\" \/>\n<meta name=\"robots\" content=\"index, follow, max-snippet:-1, max-image-preview:large, max-video-preview:-1\" \/>\n<link rel=\"canonical\" href=\"https:\/\/jackpotlotteryonline.com\/sr\/rezultati-lutrije\/rezultati-lotto-amerike\/\" \/>\n<meta property=\"og:locale\" content=\"sr_RS\" \/>\n<meta property=\"og:type\" content=\"article\" \/>\n<meta property=\"og:title\" content=\"Pobedni\u010dki brojevi i rezultati izvla\u010denja Lotto America lutrije\" \/>\n<meta property=\"og:description\" content=\"Tra\u017eite pobedni\u010dke brojeve Lotto America? Rezultate izvla\u010denja za sve velike ameri\u010dke lutrije mo\u017eete prona\u0107i na na\u0161em sajtu!\" \/>\n<meta property=\"og:url\" content=\"https:\/\/jackpotlotteryonline.com\/sr\/rezultati-lutrije\/rezultati-lotto-amerike\/\" \/>\n<meta property=\"og:site_name\" content=\"Lotto Online - Crack The International Lottery Jackpots\" \/>\n<meta property=\"og:image\" content=\"http:\/\/jackpotlotteryonline.com\/wp-content\/uploads\/2022\/11\/1_mega_lotto_win-213x300-1.jpg\" \/>\n<meta name=\"twitter:card\" content=\"summary_large_image\" \/>\n<!-- \/ Yoast SEO plugin. -->","yoast_head_json":{"title":"Pobedni\u010dki brojevi i rezultati izvla\u010denja Lotto America lutrije","description":"Tra\u017eite pobedni\u010dke brojeve Lotto America? Rezultate izvla\u010denja za sve velike ameri\u010dke lutrije mo\u017eete prona\u0107i na na\u0161em sajtu!","robots":{"index":"index","follow":"follow","max-snippet":"max-snippet:-1","max-image-preview":"max-image-preview:large","max-video-preview":"max-video-preview:-1"},"canonical":"https:\/\/jackpotlotteryonline.com\/sr\/rezultati-lutrije\/rezultati-lotto-amerike\/","og_locale":"sr_RS","og_type":"article","og_title":"Pobedni\u010dki brojevi i rezultati izvla\u010denja Lotto America lutrije","og_description":"Tra\u017eite pobedni\u010dke brojeve Lotto America? Rezultate izvla\u010denja za sve velike ameri\u010dke lutrije mo\u017eete prona\u0107i na na\u0161em sajtu!","og_url":"https:\/\/jackpotlotteryonline.com\/sr\/rezultati-lutrije\/rezultati-lotto-amerike\/","og_site_name":"Lotto Online - Crack The International Lottery Jackpots","og_image":[{"url":"http:\/\/jackpotlotteryonline.com\/wp-content\/uploads\/2022\/11\/1_mega_lotto_win-213x300-1.jpg"}],"twitter_card":"summary_large_image","schema":{"@context":"https:\/\/schema.org","@graph":[{"@type":"WebPage","@id":"https:\/\/jackpotlotteryonline.com\/sr\/rezultati-lutrije\/rezultati-lotto-amerike\/","url":"https:\/\/jackpotlotteryonline.com\/sr\/rezultati-lutrije\/rezultati-lotto-amerike\/","name":"Pobedni\u010dki brojevi i rezultati izvla\u010denja Lotto America lutrije","isPartOf":{"@id":"https:\/\/jackpotlotteryonline.com\/#website"},"primaryImageOfPage":{"@id":"https:\/\/jackpotlotteryonline.com\/sr\/rezultati-lutrije\/rezultati-lotto-amerike\/#primaryimage"},"image":{"@id":"https:\/\/jackpotlotteryonline.com\/sr\/rezultati-lutrije\/rezultati-lotto-amerike\/#primaryimage"},"thumbnailUrl":"http:\/\/jackpotlotteryonline.com\/wp-content\/uploads\/2022\/11\/1_mega_lotto_win-213x300-1.jpg","datePublished":"2025-02-06T09:29:20+00:00","dateModified":"2025-02-06T09:29:20+00:00","description":"Tra\u017eite pobedni\u010dke brojeve Lotto America? Rezultate izvla\u010denja za sve velike ameri\u010dke lutrije mo\u017eete prona\u0107i na na\u0161em sajtu!","breadcrumb":{"@id":"https:\/\/jackpotlotteryonline.com\/sr\/rezultati-lutrije\/rezultati-lotto-amerike\/#breadcrumb"},"inLanguage":"sr-RS","potentialAction":[{"@type":"ReadAction","target":["https:\/\/jackpotlotteryonline.com\/sr\/rezultati-lutrije\/rezultati-lotto-amerike\/"]}]},{"@type":"ImageObject","inLanguage":"sr-RS","@id":"https:\/\/jackpotlotteryonline.com\/sr\/rezultati-lutrije\/rezultati-lotto-amerike\/#primaryimage","url":"http:\/\/jackpotlotteryonline.com\/wp-content\/uploads\/2022\/11\/1_mega_lotto_win-213x300-1.jpg","contentUrl":"http:\/\/jackpotlotteryonline.com\/wp-content\/uploads\/2022\/11\/1_mega_lotto_win-213x300-1.jpg"},{"@type":"BreadcrumbList","@id":"https:\/\/jackpotlotteryonline.com\/sr\/rezultati-lutrije\/rezultati-lotto-amerike\/#breadcrumb","itemListElement":[{"@type":"ListItem","position":1,"name":"Home","item":"https:\/\/jackpotlotteryonline.com\/sr\/"},{"@type":"ListItem","position":2,"name":"Rezultati lutrije","item":"https:\/\/jackpotlotteryonline.com\/sr\/rezultati-lutrije\/"},{"@type":"ListItem","position":3,"name":"Rezultati Lotto Amerike"}]},{"@type":"WebSite","@id":"https:\/\/jackpotlotteryonline.com\/#website","url":"https:\/\/jackpotlotteryonline.com\/","name":"Lotto Online - Crack The International Lottery Jackpots","description":"","potentialAction":[{"@type":"SearchAction","target":{"@type":"EntryPoint","urlTemplate":"https:\/\/jackpotlotteryonline.com\/?s={search_term_string}"},"query-input":"required name=search_term_string"}],"inLanguage":"sr-RS"}]}},"_links":{"self":[{"href":"https:\/\/jackpotlotteryonline.com\/sr\/wp-json\/wp\/v2\/pages\/74375","targetHints":{"allow":["GET"]}}],"collection":[{"href":"https:\/\/jackpotlotteryonline.com\/sr\/wp-json\/wp\/v2\/pages"}],"about":[{"href":"https:\/\/jackpotlotteryonline.com\/sr\/wp-json\/wp\/v2\/types\/page"}],"author":[{"embeddable":true,"href":"https:\/\/jackpotlotteryonline.com\/sr\/wp-json\/wp\/v2\/users\/7"}],"replies":[{"embeddable":true,"href":"https:\/\/jackpotlotteryonline.com\/sr\/wp-json\/wp\/v2\/comments?post=74375"}],"version-history":[{"count":0,"href":"https:\/\/jackpotlotteryonline.com\/sr\/wp-json\/wp\/v2\/pages\/74375\/revisions"}],"up":[{"embeddable":true,"href":"https:\/\/jackpotlotteryonline.com\/sr\/wp-json\/wp\/v2\/pages\/74058"}],"wp:attachment":[{"href":"https:\/\/jackpotlotteryonline.com\/sr\/wp-json\/wp\/v2\/media?parent=74375"}],"curies":[{"name":"wp","href":"https:\/\/api.w.org\/{rel}","templated":true}]}}