{"id":74394,"date":"2025-02-06T09:48:24","date_gmt":"2025-02-06T09:48:24","guid":{"rendered":"https:\/\/jackpotlotteryonline.com\/?page_id=74394"},"modified":"2025-02-06T09:48:24","modified_gmt":"2025-02-06T09:48:24","slug":"rezultati-izvlacenja-mega-sena-lutrije","status":"publish","type":"page","link":"https:\/\/jackpotlotteryonline.com\/sr\/rezultati-lutrije\/rezultati-izvlacenja-mega-sena-lutrije\/","title":{"rendered":"Rezultati izvla\u010denja Mega-Sena lutrije"},"content":{"rendered":"<p><span style=\"font-weight: 400;\">Igra\u010di \u0161irom sveta sada mogu da kupe tiket za Mega-Sena lutriju. Ne samo to, ve\u0107 kada igrate lutriju, mo\u017eete proveriti brojeve dobitnika Mega-Sena online. Osnovni deo igranja lutrije je proveravanje rezultata izvla\u010denja kako biste propustili nijednu nagradu. Postoji nekoliko na\u010dina za proveru dobitnih brojeva za brazilske lutrije, a mi \u0107emo se time baviti u trenutku.<\/span><\/p>\n<p><span style=\"font-weight: 400;\">Me\u0111utim, ako ste u \u017eurbi da saznate rezultate poslednjeg izvla\u010denja, mo\u017eete posetiti jackpotlotteryonline.com kako biste dobili pristup vrhunskim me\u0111unarodnim lutrijama.<\/span><\/p>\n<section class=\"layout\" style=\"border: solid 1px; width: 100%;\">\n<div class=\"img-div\" style=\"margin-top: 5px;\"><img decoding=\"async\" class=\"wp-image-17212 alignleft\" style=\"height: 45px; margin: 8px 8px 0px;\" src=\"https:\/\/jackpotlotteryonline.com\/wp-content\/uploads\/2022\/11\/read1.jpg\" alt=\"read\" width=\"\" height=\"\" \/><\/div>\n<div style=\"padding-left: 5px;\">\n<div style=\"font-size: 1.1em;\">\n<strong>Evropske lutrije<\/strong><\/p>\n<p style=\"font-size: 0.85em; margin-top: -1.5em;\">Koje evropske lutrije su najbolje? <a href=\"https:\/\/jackpotlotteryonline.com\/which-european-lotteries-are-the-best\"> pro\u010ditajte vi\u0161e<\/a><\/p>\n<\/div>\n<\/div>\n<\/section>\n<h2><span style=\"font-weight: 400;\">Osnove Mega-Sena lutrije<\/span><\/h2>\n<p><span style=\"font-weight: 400;\">Mega-Sena je kao i svaka druga lutrija u na\u010dinu na koji se igra. Jednostavno morate da izaberete brojeve iz odre\u0111enog opsega. Za brazilski loto, birate 6 brojeva iz opsega od 1 do 60. I to je to. Nema dodatnih brojeva ili bonus brojeva, samo \u0161est brojeva za ovu lutriju.<\/span><\/p>\n<p><span style=\"font-weight: 400;\">Kada odaberete brojeve koje \u017eelite, slede\u0107i korak je da se prijavite za izvla\u010denja. Mega-Sena ima dva izvla\u010denja nedeljno, u sredu i subotu.<\/span><\/p>\n<h2><span style=\"font-weight: 400;\">Dobitni brojevi Mega-Sena<\/span><\/h2>\n<p><img loading=\"lazy\" decoding=\"async\" class=\"size-full wp-image-29102 alignright\" src=\"https:\/\/jackpotlotteryonline.com\/wp-content\/uploads\/2022\/11\/1_play_lottery_international.jpg\" alt=\"Mega-Sena winning numbers\" width=\"205\" height=\"147\" \/><\/p>\n<p><span style=\"font-weight: 400;\">Kako birate svoje dobitne brojeve Mega-Sena? Razli\u010diti igra\u010di imaju razli\u010dite na\u010dine da odaberu ono \u0161to im odgovara. Mo\u017eete da odaberete svoje dobitne brojeve koriste\u0107i datume koji su vam posebni. Ako imate sre\u0107ne datume ili brojeve, oni vam mogu pomo\u0107i u izboru broja.<\/span><\/p>\n<p><span style=\"font-weight: 400;\">Ako nemate neki poseban broj na umu, ne brinite. Kada <a href=\"https:\/\/jackpotlotteryonline.com\/play-online\/mega-sena\">igrate Mega-Sena sa nama<\/a>, mo\u017eete koristiti na\u0161 automatski generator da biste izabrali nasumi\u010dne brojeve. Na kraju, va\u017eno je zapamtiti da je lutrija igra \u0161anse. Jedini pravi na\u010din da pove\u0107ate svoje \u0161anse za pobedu je da kupite vi\u0161e tiketa i u\u010destvujete u vi\u0161e izvla\u010denja.<\/span><\/p>\n<p><span style=\"font-weight: 400;\">Mo\u017eete da igrate lutriju online tako \u0161to \u0107ete posetiti na\u0161u stranicu za Mega-Sena. Olak\u0161ali smo vam da u\u010destvujete u jednom ili vi\u0161e izvla\u010denja. Tako\u0111e mo\u017eete kupiti vi\u0161e linija na jednom tiketu, \u010dime \u0107ete dobiti vi\u0161e prijava za lutriju.<\/span><\/p>\n<h2><span style=\"font-weight: 400;\">Nagrade Mega-Sena<\/span><\/h2>\n<p><span style=\"font-weight: 400;\">Mega-Sena lutrija ima garantovani po\u010detni d\u017eekpot od 3 miliona brazilski reala. To je otprilike 549.467,87 evra. Me\u0111utim, ako nema dobitnika nakon izvla\u010denja, d\u017eekpot se prenosi na slede\u0107e izvla\u010denje. Tako d\u017eekpot mo\u017ee da naraste prili\u010dno velik, \u0161to ga \u010dini privla\u010dnim za igra\u010de \u0161irom sveta.<\/span><\/p>\n<p><span style=\"font-weight: 400;\">Dodatno, \u0161anse za pobedu u Mega-Sena su 1 prema 50 miliona. Kada to uporedite sa drugim vrhunskim me\u0111unarodnim lutrijama, jasno je za\u0161to je brazilska lutrija popularna me\u0111u igra\u010dima.<\/span><\/p>\n<p><span style=\"font-weight: 400;\">Brazilska lutrija se tako\u0111e razlikuje od drugih jer nudi samo 3 kategorije nagrada, uklju\u010duju\u0107i d\u017eekpot. Dakle, pobediti na lutriji zna\u010di da biste mogli da osvojite bilo koju od slede\u0107ih nagrada.<\/span><\/p>\n<p><span style=\"font-weight: 400;\">D\u017eekpot &#8211; Sena: Pogodite 6 brojeva &#8211; 35% nagradnog fonda<\/span><\/p>\n<p><span style=\"font-weight: 400;\">Drugi nivo &#8211; Quina: Pogodite 5 brojeva &#8211; 19% nagradnog fonda<\/span><\/p>\n<p><span style=\"font-weight: 400;\">Tre\u0107i nivo &#8211; Quadra: Pogodite 4 broja &#8211; 19% nagradnog fonda<\/span><\/p>\n<h2><span style=\"font-weight: 400;\">Preuzimanje nagrade<\/span><\/h2>\n<p><span style=\"font-weight: 400;\">Slede\u0107i korak je da preuzmete bilo koju nagradu koju ste osvojili kada ste u\u010destvovali u lutriji. Kako preuzimate nagradu zavisi od mesta gde ste kupili svoj tiket. Kada igrate lutriju online, va\u017eno je da kupite tiket sa sajta koji vam daje \u0161ansu za osvajanje lutrije. Neki sajtovi vam dozvoljavaju samo da se kladite na ishod lutrije.<\/span><\/p>\n<p><span style=\"font-weight: 400;\">Kada <a href=\"https:\/\/jackpotlotteryonline.com\/buy-tickets\/mega-sena\">kupite svoj tiket za lutriju od nas<\/a>, dobijate pristup lutriji. To je zato \u0161to na\u0161 agent u Brazilu kupuje fizi\u010dke tikete sa va\u0161im odgovaraju\u0107im brojevima. Time vam se daje \u0161ansa za pobedu na lutriji.<\/span><\/p>\n<p><span style=\"font-weight: 400;\">Dakle, ako osvojite bilo koju nagradu, sve \u0161to treba da uradite je da povu\u010dete svoju nagradu sa na\u0161eg sajta na svoj nalog. To je tako jednostavno. Posetite na\u0161e uslove i odredbe da biste saznali kako da preuzmete svoje dobitne brojeve Mega-Sena.<\/span><\/p>\n","protected":false},"excerpt":{"rendered":"<p>Igra\u010di \u0161irom sveta sada mogu da kupe tiket za Mega-Sena lutriju. Ne samo to, ve\u0107 kada igrate lutriju, mo\u017eete proveriti brojeve dobitnika Mega-Sena online. Osnovni deo igranja lutrije je proveravanje rezultata izvla\u010denja kako biste propustili nijednu nagradu. Postoji nekoliko na\u010dina za proveru dobitnih brojeva za brazilske lutrije, a mi \u0107emo se time baviti u trenutku. [&hellip;]<\/p>\n","protected":false},"author":7,"featured_media":0,"parent":74058,"menu_order":14,"comment_status":"closed","ping_status":"closed","template":"megasena-results.php","meta":{"_et_pb_use_builder":"","_et_pb_old_content":"","_et_gb_content_width":"","exclude_from_search":false,"footnotes":""},"class_list":["post-74394","page","type-page","status-publish","hentry"],"yoast_head":"<!-- This site is optimized with the Yoast SEO plugin v23.3 - https:\/\/yoast.com\/wordpress\/plugins\/seo\/ -->\n<title>Rezultati izvla\u010denja Mega-Sena i dobitni brojevi<\/title>\n<meta name=\"description\" content=\"Rezultate Mega-Sena lutrije iz Brazila je te\u0161ko prona\u0107i - mi objavljujemo dana\u0161nje i ju\u010dera\u0161nje dobitne brojeve zajedno sa rezultatima izvla\u010denja na na\u0161em sajtu.\" \/>\n<meta name=\"robots\" content=\"index, follow, max-snippet:-1, max-image-preview:large, max-video-preview:-1\" \/>\n<link rel=\"canonical\" href=\"https:\/\/jackpotlotteryonline.com\/sr\/rezultati-lutrije\/rezultati-izvlacenja-mega-sena-lutrije\/\" \/>\n<meta property=\"og:locale\" content=\"sr_RS\" \/>\n<meta property=\"og:type\" content=\"article\" \/>\n<meta property=\"og:title\" content=\"Rezultati izvla\u010denja Mega-Sena i dobitni brojevi\" \/>\n<meta property=\"og:description\" content=\"Rezultate Mega-Sena lutrije iz Brazila je te\u0161ko prona\u0107i - mi objavljujemo dana\u0161nje i ju\u010dera\u0161nje dobitne brojeve zajedno sa rezultatima izvla\u010denja na na\u0161em sajtu.\" \/>\n<meta property=\"og:url\" content=\"https:\/\/jackpotlotteryonline.com\/sr\/rezultati-lutrije\/rezultati-izvlacenja-mega-sena-lutrije\/\" \/>\n<meta property=\"og:site_name\" content=\"Lotto Online - Crack The International Lottery Jackpots\" \/>\n<meta property=\"og:image\" content=\"https:\/\/jackpotlotteryonline.com\/wp-content\/uploads\/2022\/11\/read1.jpg\" \/>\n<meta name=\"twitter:card\" content=\"summary_large_image\" \/>\n<!-- \/ Yoast SEO plugin. -->","yoast_head_json":{"title":"Rezultati izvla\u010denja Mega-Sena i dobitni brojevi","description":"Rezultate Mega-Sena lutrije iz Brazila je te\u0161ko prona\u0107i - mi objavljujemo dana\u0161nje i ju\u010dera\u0161nje dobitne brojeve zajedno sa rezultatima izvla\u010denja na na\u0161em sajtu.","robots":{"index":"index","follow":"follow","max-snippet":"max-snippet:-1","max-image-preview":"max-image-preview:large","max-video-preview":"max-video-preview:-1"},"canonical":"https:\/\/jackpotlotteryonline.com\/sr\/rezultati-lutrije\/rezultati-izvlacenja-mega-sena-lutrije\/","og_locale":"sr_RS","og_type":"article","og_title":"Rezultati izvla\u010denja Mega-Sena i dobitni brojevi","og_description":"Rezultate Mega-Sena lutrije iz Brazila je te\u0161ko prona\u0107i - mi objavljujemo dana\u0161nje i ju\u010dera\u0161nje dobitne brojeve zajedno sa rezultatima izvla\u010denja na na\u0161em sajtu.","og_url":"https:\/\/jackpotlotteryonline.com\/sr\/rezultati-lutrije\/rezultati-izvlacenja-mega-sena-lutrije\/","og_site_name":"Lotto Online - Crack The International Lottery Jackpots","og_image":[{"url":"https:\/\/jackpotlotteryonline.com\/wp-content\/uploads\/2022\/11\/read1.jpg"}],"twitter_card":"summary_large_image","schema":{"@context":"https:\/\/schema.org","@graph":[{"@type":"WebPage","@id":"https:\/\/jackpotlotteryonline.com\/sr\/rezultati-lutrije\/rezultati-izvlacenja-mega-sena-lutrije\/","url":"https:\/\/jackpotlotteryonline.com\/sr\/rezultati-lutrije\/rezultati-izvlacenja-mega-sena-lutrije\/","name":"Rezultati izvla\u010denja Mega-Sena i dobitni brojevi","isPartOf":{"@id":"https:\/\/jackpotlotteryonline.com\/#website"},"primaryImageOfPage":{"@id":"https:\/\/jackpotlotteryonline.com\/sr\/rezultati-lutrije\/rezultati-izvlacenja-mega-sena-lutrije\/#primaryimage"},"image":{"@id":"https:\/\/jackpotlotteryonline.com\/sr\/rezultati-lutrije\/rezultati-izvlacenja-mega-sena-lutrije\/#primaryimage"},"thumbnailUrl":"https:\/\/jackpotlotteryonline.com\/wp-content\/uploads\/2022\/11\/read1.jpg","datePublished":"2025-02-06T09:48:24+00:00","dateModified":"2025-02-06T09:48:24+00:00","description":"Rezultate Mega-Sena lutrije iz Brazila je te\u0161ko prona\u0107i - mi objavljujemo dana\u0161nje i ju\u010dera\u0161nje dobitne brojeve zajedno sa rezultatima izvla\u010denja na na\u0161em sajtu.","breadcrumb":{"@id":"https:\/\/jackpotlotteryonline.com\/sr\/rezultati-lutrije\/rezultati-izvlacenja-mega-sena-lutrije\/#breadcrumb"},"inLanguage":"sr-RS","potentialAction":[{"@type":"ReadAction","target":["https:\/\/jackpotlotteryonline.com\/sr\/rezultati-lutrije\/rezultati-izvlacenja-mega-sena-lutrije\/"]}]},{"@type":"ImageObject","inLanguage":"sr-RS","@id":"https:\/\/jackpotlotteryonline.com\/sr\/rezultati-lutrije\/rezultati-izvlacenja-mega-sena-lutrije\/#primaryimage","url":"https:\/\/jackpotlotteryonline.com\/wp-content\/uploads\/2022\/11\/read1.jpg","contentUrl":"https:\/\/jackpotlotteryonline.com\/wp-content\/uploads\/2022\/11\/read1.jpg"},{"@type":"BreadcrumbList","@id":"https:\/\/jackpotlotteryonline.com\/sr\/rezultati-lutrije\/rezultati-izvlacenja-mega-sena-lutrije\/#breadcrumb","itemListElement":[{"@type":"ListItem","position":1,"name":"Home","item":"https:\/\/jackpotlotteryonline.com\/sr\/"},{"@type":"ListItem","position":2,"name":"Rezultati lutrije","item":"https:\/\/jackpotlotteryonline.com\/sr\/rezultati-lutrije\/"},{"@type":"ListItem","position":3,"name":"Rezultati izvla\u010denja Mega-Sena lutrije"}]},{"@type":"WebSite","@id":"https:\/\/jackpotlotteryonline.com\/#website","url":"https:\/\/jackpotlotteryonline.com\/","name":"Lotto Online - Crack The International Lottery Jackpots","description":"","potentialAction":[{"@type":"SearchAction","target":{"@type":"EntryPoint","urlTemplate":"https:\/\/jackpotlotteryonline.com\/?s={search_term_string}"},"query-input":"required name=search_term_string"}],"inLanguage":"sr-RS"}]}},"_links":{"self":[{"href":"https:\/\/jackpotlotteryonline.com\/sr\/wp-json\/wp\/v2\/pages\/74394","targetHints":{"allow":["GET"]}}],"collection":[{"href":"https:\/\/jackpotlotteryonline.com\/sr\/wp-json\/wp\/v2\/pages"}],"about":[{"href":"https:\/\/jackpotlotteryonline.com\/sr\/wp-json\/wp\/v2\/types\/page"}],"author":[{"embeddable":true,"href":"https:\/\/jackpotlotteryonline.com\/sr\/wp-json\/wp\/v2\/users\/7"}],"replies":[{"embeddable":true,"href":"https:\/\/jackpotlotteryonline.com\/sr\/wp-json\/wp\/v2\/comments?post=74394"}],"version-history":[{"count":0,"href":"https:\/\/jackpotlotteryonline.com\/sr\/wp-json\/wp\/v2\/pages\/74394\/revisions"}],"up":[{"embeddable":true,"href":"https:\/\/jackpotlotteryonline.com\/sr\/wp-json\/wp\/v2\/pages\/74058"}],"wp:attachment":[{"href":"https:\/\/jackpotlotteryonline.com\/sr\/wp-json\/wp\/v2\/media?parent=74394"}],"curies":[{"name":"wp","href":"https:\/\/api.w.org\/{rel}","templated":true}]}}