{"id":74413,"date":"2025-02-06T10:00:09","date_gmt":"2025-02-06T10:00:09","guid":{"rendered":"https:\/\/jackpotlotteryonline.com\/?page_id=74413"},"modified":"2025-02-06T10:00:09","modified_gmt":"2025-02-06T10:00:09","slug":"rezultati-izvlacenja-njujorske-lutrije","status":"publish","type":"page","link":"https:\/\/jackpotlotteryonline.com\/sr\/rezultati-lutrije\/rezultati-izvlacenja-njujorske-lutrije\/","title":{"rendered":"Rezultati izvla\u010denja Njujor\u0161ke lutrije"},"content":{"rendered":"<p><span style=\"font-weight: 400;\">Njujor\u0161ka lutrija je nekada bila jedna od onih zanemarenih lutrija. Uglavnom zato \u0161to ste mogli u\u010destvovati u lutriji samo ako ste bili rezident Njujorka. To se sada promenilo jer igra\u010di iz celog sveta mogu kupiti tikete. Sada, vi\u0161e entuzijasta za lutrije bira dobitne brojeve igraju\u0107i online. Ova Njujor\u0161ka lutrija je osnovana da prikuplja sredstva za obrazovanje, tako da ima svoje poreklo u dobrom cilju. Svaki put kada kupite tiket, doprinosite finansiranju obrazovanja.<\/span><\/p>\n<p><span style=\"font-weight: 400;\">Mo\u017eete odabrati svoju kombinaciju za Njujor\u0161ku lutriju kada <a href=\"https:\/\/jackpotlotteryonline.com\/buy-tickets\/new-york-lottery\">kupite svoj tiket na jackpotlotteryonline.com<\/a>.<\/span><\/p>\n<h2><span style=\"font-weight: 400;\">Kako igrati Njujor\u0161ku lutriju online<\/span><\/h2>\n<p><span style=\"font-weight: 400;\">Igranje lutrije je zabavno i uzbudljivo. Ali to iskustvo je jo\u0161 uzbudljivije kada igrate online. Ulazak u lutriju online je brz, jednostavan i potpuno jasan. Ako igrate Njujor\u0161ku lutriju, evo koraka u nastavku:<\/span><\/p>\n<ul>\n<li style=\"font-weight: 400;\" aria-level=\"1\"><span style=\"font-weight: 400;\">Posetite sajt po va\u0161em izboru (kao \u0161to je jackpotlotteryonline.com) i kliknite na lutriju koju \u017eelite da igrate.<\/span><\/li>\n<li style=\"font-weight: 400;\" aria-level=\"1\"><span style=\"font-weight: 400;\">Izaberite 6 brojeva od 1 do 59. Postoji sedmi broj, ali to je broj koji se nasumi\u010dno izvla\u010di od strane lutrijske kompanije i nije deo va\u0161eg tiketa.<\/span><\/li>\n<li style=\"font-weight: 400;\" aria-level=\"1\"><span style=\"font-weight: 400;\">U\u010destvujte u izvla\u010denjima koja se odr\u017eavaju svake srede i subote. Mo\u017eete u\u010destvovati u samo jednom izvla\u010denju ili u oba.<\/span><\/li>\n<li style=\"font-weight: 400;\" aria-level=\"1\"><span style=\"font-weight: 400;\">Zavr\u0161ite svoju uplatu. Ve\u0107ina sajtova za lutriju tra\u017ei da se registrujete kako biste zavr\u0161ili uplatu. To je zato da biste lak\u0161e pristupili svom tiketu nakon \u0161to ga kupite.<\/span><\/li>\n<\/ul>\n<p><span style=\"font-weight: 400;\"><img loading=\"lazy\" decoding=\"async\" class=\"alignright size-full wp-image-29534\" src=\"http:\/\/jackpotlotteryonline.com\/wp-content\/uploads\/2022\/11\/1_results_lottery_online5.jpg\" alt=\"Igranje Njujor\u0161ke lutrije online\" width=\"300\" height=\"200\" \/>Igranje lutrije online je zaista tako jednostavno. Ne postoji drugi na\u010din da dobijete tikete izvan Njujorka. Zbog toga pru\u017eamo ultimativnu opciju za igra\u010de koji \u017eive u drugim delovima sveta.<\/span><\/p>\n<h2><span style=\"font-weight: 400;\">Kako odabrati dobitne brojeve<\/span><\/h2>\n<p><span style=\"font-weight: 400;\">Da li stvarno postoji pobedni\u010dka strategija za odabir kombinacija koje \u0107e sigurno osvojiti lutriju? Mi ne verujemo da postoji, iz jednostavnog razloga \u0161to je lutrija igra \u0161anse. Prili\u010dno je te\u0161ko re\u0107i koja kombinacija \u0107e vam pomo\u0107i da osvojite lutriju, posebno jer su izvla\u010denja nasumi\u010dna.<\/span><\/p>\n<p><span style=\"font-weight: 400;\">Ipak, mo\u017eete pove\u0107ati sre\u0107u odabirom brojeva koji vas \u010dine sre\u0107nim. Dakle, mo\u017eete odabrati ro\u0111endane, godi\u0161njice, brojeve koji su vam tokom \u017eivota donosili sre\u0107u itd. Ili jednostavno mo\u017eete koristiti alat za automatsko generisanje na na\u0161em sajtu da biste odabrali nasumi\u010dne brojeve.<\/span><\/p>\n<h2><span style=\"font-weight: 400;\">Kategorije nagrada Njujor\u0161ke lutrije<\/span><\/h2>\n<p><span style=\"font-weight: 400;\">Ova Njujor\u0161ka lutrija ima minimalni iznos d\u017eekpota od 2 miliona dolara. Ali ako niko ne osvoji d\u017eekpot nakon izvla\u010denja, on se pove\u0107ava za 300.000 dolara. Ova nagrada nastavlja da raste dok se ne pojavi pobednik.<\/span><\/p>\n<p><span style=\"font-weight: 400;\">Postoji ukupno pet kategorija nagrada, uklju\u010duju\u0107i d\u017eekpot. I \u0161anse za osvajanje nagrade su 1 u 92,05. Distribucija nagrada zavisi od ukupne prodaje. Dakle, za svaku lutriju, 40% prodaje se dodeljuje kao nagradni fond. D\u017eekpot je procenat ovog iznosa i nije fiksna suma. Kategorije nagrada za Njujor\u0161ku lutriju su kako sledi:<\/span><\/p>\n<p><span style=\"font-weight: 400;\">Kategorija 1: 6 brojeva &#8211; d\u017eekpot (30%)<\/span><\/p>\n<p><span style=\"font-weight: 400;\">Kategorija 2: 5 brojeva + bonus broj &#8211; 2,9% prodaje<\/span><\/p>\n<p><span style=\"font-weight: 400;\">Kategorija 3: 5 brojeva &#8211; 2,2% prodaje<\/span><\/p>\n<p><span style=\"font-weight: 400;\">Kategorija 4: 4 broja &#8211; 2,5% prodaje<\/span><\/p>\n<p><span style=\"font-weight: 400;\">Kategorija 5: 3 broja &#8211; 2,4% prodaje<\/span><\/p>\n<h2><span style=\"font-weight: 400;\"><img loading=\"lazy\" decoding=\"async\" class=\"alignright size-medium wp-image-29183\" src=\"http:\/\/jackpotlotteryonline.com\/wp-content\/uploads\/2022\/11\/1_play_lotto-online-300x199.jpg\" alt=\"Proverite dobitne brojeve Njujorka\" width=\"300\" height=\"199\" srcset=\"https:\/\/jackpotlotteryonline.com\/wp-content\/uploads\/2022\/11\/1_play_lotto-online-300x199.jpg 300w, https:\/\/jackpotlotteryonline.com\/wp-content\/uploads\/2022\/11\/1_play_lotto-online.jpg 350w\" sizes=\"auto, (max-width: 300px) 100vw, 300px\" \/>Kako proveriti dobitne brojeve<\/span><\/h2>\n<p><span style=\"font-weight: 400;\">Kako \u0107ete znati da li ste osvojili nagradu? U su\u0161tini, ako igrate Njujor\u0161ku lutriju na jackpotlotteryonline.com, obavesti\u0107emo vas ako ste osvojili nagradu. To \u0107emo uraditi slanjem poruke na va\u0161 nalog i va\u0161u e-po\u0161tu. Zaista ne postoji na\u010din da propustite svoju nagradu ako ste registrovani kod nas.<\/span><\/p>\n<p><span style=\"font-weight: 400;\">\u010cak i ako ne osvojite nagradu, i dalje mo\u017eete proveriti dobitne brojeve posetom ovoj stranici. Objavljujemo rezultate izvla\u010denja odmah nakon svakog izvla\u010denja. Dakle, vratite se i pogledajte koja kombinacija je osvojila d\u017eekpot ili nagrade iz drugih kategorija.<\/span><\/p>\n<h2><span style=\"font-weight: 400;\">Kako povu\u0107i svoju nagradu<\/span><\/h2>\n<p><span style=\"font-weight: 400;\">Ako ste osvojili nagradu, mo\u017eete lako pristupiti svom dobitku direktno na na\u0161em sajtu. Za nagrade ispod 2.500 evra, mo\u017eete povu\u0107i svoj dobitak direktno na svoj bankovni ra\u010dun sa na\u0161e platforme. To zahteva samo nekoliko klikova i dobi\u0107ete svoju nagradu bez problema.<\/span><\/p>\n<p><span style=\"font-weight: 400;\">Me\u0111utim, ako je va\u0161 dobitak ve\u0107i od 2.500 evra, mo\u017eda \u0107ete morati da kontaktirate lutrijsku kompaniju direktno. Ako je to slu\u010daj, posla\u0107emo vam obrazac za prijavu i pomo\u0107i \u0107emo vam da obradite va\u0161 dobitak.<\/span><\/p>\n","protected":false},"excerpt":{"rendered":"<p>Njujor\u0161ka lutrija je nekada bila jedna od onih zanemarenih lutrija. Uglavnom zato \u0161to ste mogli u\u010destvovati u lutriji samo ako ste bili rezident Njujorka. To se sada promenilo jer igra\u010di iz celog sveta mogu kupiti tikete. Sada, vi\u0161e entuzijasta za lutrije bira dobitne brojeve igraju\u0107i online. Ova Njujor\u0161ka lutrija je osnovana da prikuplja sredstva za [&hellip;]<\/p>\n","protected":false},"author":7,"featured_media":0,"parent":74058,"menu_order":15,"comment_status":"closed","ping_status":"closed","template":"newyork-results.php","meta":{"_et_pb_use_builder":"","_et_pb_old_content":"","_et_gb_content_width":"","exclude_from_search":false,"footnotes":""},"class_list":["post-74413","page","type-page","status-publish","hentry"],"yoast_head":"<!-- This site is optimized with the Yoast SEO plugin v23.3 - https:\/\/yoast.com\/wordpress\/plugins\/seo\/ -->\n<title>Pobedni\u010dki brojevi i rezultati izvla\u010denja Loto Njujork<\/title>\n<meta name=\"description\" content=\"Rezultati izvla\u010denja Loto Njujork - pobedni\u010dki brojevi, iznosi dobitaka za sve prethodne i trenutne izvla\u010denja\" \/>\n<meta name=\"robots\" content=\"index, follow, max-snippet:-1, max-image-preview:large, max-video-preview:-1\" \/>\n<link rel=\"canonical\" href=\"https:\/\/jackpotlotteryonline.com\/sr\/rezultati-lutrije\/rezultati-izvlacenja-njujorske-lutrije\/\" \/>\n<meta property=\"og:locale\" content=\"sr_RS\" \/>\n<meta property=\"og:type\" content=\"article\" \/>\n<meta property=\"og:title\" content=\"Pobedni\u010dki brojevi i rezultati izvla\u010denja Loto Njujork\" \/>\n<meta property=\"og:description\" content=\"Rezultati izvla\u010denja Loto Njujork - pobedni\u010dki brojevi, iznosi dobitaka za sve prethodne i trenutne izvla\u010denja\" \/>\n<meta property=\"og:url\" content=\"https:\/\/jackpotlotteryonline.com\/sr\/rezultati-lutrije\/rezultati-izvlacenja-njujorske-lutrije\/\" \/>\n<meta property=\"og:site_name\" content=\"Lotto Online - Crack The International Lottery Jackpots\" \/>\n<meta property=\"og:image\" content=\"http:\/\/jackpotlotteryonline.com\/wp-content\/uploads\/2022\/11\/1_results_lottery_online5.jpg\" \/>\n<meta name=\"twitter:card\" content=\"summary_large_image\" \/>\n<!-- \/ Yoast SEO plugin. -->","yoast_head_json":{"title":"Pobedni\u010dki brojevi i rezultati izvla\u010denja Loto Njujork","description":"Rezultati izvla\u010denja Loto Njujork - pobedni\u010dki brojevi, iznosi dobitaka za sve prethodne i trenutne izvla\u010denja","robots":{"index":"index","follow":"follow","max-snippet":"max-snippet:-1","max-image-preview":"max-image-preview:large","max-video-preview":"max-video-preview:-1"},"canonical":"https:\/\/jackpotlotteryonline.com\/sr\/rezultati-lutrije\/rezultati-izvlacenja-njujorske-lutrije\/","og_locale":"sr_RS","og_type":"article","og_title":"Pobedni\u010dki brojevi i rezultati izvla\u010denja Loto Njujork","og_description":"Rezultati izvla\u010denja Loto Njujork - pobedni\u010dki brojevi, iznosi dobitaka za sve prethodne i trenutne izvla\u010denja","og_url":"https:\/\/jackpotlotteryonline.com\/sr\/rezultati-lutrije\/rezultati-izvlacenja-njujorske-lutrije\/","og_site_name":"Lotto Online - Crack The International Lottery Jackpots","og_image":[{"url":"http:\/\/jackpotlotteryonline.com\/wp-content\/uploads\/2022\/11\/1_results_lottery_online5.jpg"}],"twitter_card":"summary_large_image","schema":{"@context":"https:\/\/schema.org","@graph":[{"@type":"WebPage","@id":"https:\/\/jackpotlotteryonline.com\/sr\/rezultati-lutrije\/rezultati-izvlacenja-njujorske-lutrije\/","url":"https:\/\/jackpotlotteryonline.com\/sr\/rezultati-lutrije\/rezultati-izvlacenja-njujorske-lutrije\/","name":"Pobedni\u010dki brojevi i rezultati izvla\u010denja Loto Njujork","isPartOf":{"@id":"https:\/\/jackpotlotteryonline.com\/#website"},"primaryImageOfPage":{"@id":"https:\/\/jackpotlotteryonline.com\/sr\/rezultati-lutrije\/rezultati-izvlacenja-njujorske-lutrije\/#primaryimage"},"image":{"@id":"https:\/\/jackpotlotteryonline.com\/sr\/rezultati-lutrije\/rezultati-izvlacenja-njujorske-lutrije\/#primaryimage"},"thumbnailUrl":"http:\/\/jackpotlotteryonline.com\/wp-content\/uploads\/2022\/11\/1_results_lottery_online5.jpg","datePublished":"2025-02-06T10:00:09+00:00","dateModified":"2025-02-06T10:00:09+00:00","description":"Rezultati izvla\u010denja Loto Njujork - pobedni\u010dki brojevi, iznosi dobitaka za sve prethodne i trenutne izvla\u010denja","breadcrumb":{"@id":"https:\/\/jackpotlotteryonline.com\/sr\/rezultati-lutrije\/rezultati-izvlacenja-njujorske-lutrije\/#breadcrumb"},"inLanguage":"sr-RS","potentialAction":[{"@type":"ReadAction","target":["https:\/\/jackpotlotteryonline.com\/sr\/rezultati-lutrije\/rezultati-izvlacenja-njujorske-lutrije\/"]}]},{"@type":"ImageObject","inLanguage":"sr-RS","@id":"https:\/\/jackpotlotteryonline.com\/sr\/rezultati-lutrije\/rezultati-izvlacenja-njujorske-lutrije\/#primaryimage","url":"http:\/\/jackpotlotteryonline.com\/wp-content\/uploads\/2022\/11\/1_results_lottery_online5.jpg","contentUrl":"http:\/\/jackpotlotteryonline.com\/wp-content\/uploads\/2022\/11\/1_results_lottery_online5.jpg"},{"@type":"BreadcrumbList","@id":"https:\/\/jackpotlotteryonline.com\/sr\/rezultati-lutrije\/rezultati-izvlacenja-njujorske-lutrije\/#breadcrumb","itemListElement":[{"@type":"ListItem","position":1,"name":"Home","item":"https:\/\/jackpotlotteryonline.com\/sr\/"},{"@type":"ListItem","position":2,"name":"Rezultati lutrije","item":"https:\/\/jackpotlotteryonline.com\/sr\/rezultati-lutrije\/"},{"@type":"ListItem","position":3,"name":"Rezultati izvla\u010denja Njujor\u0161ke lutrije"}]},{"@type":"WebSite","@id":"https:\/\/jackpotlotteryonline.com\/#website","url":"https:\/\/jackpotlotteryonline.com\/","name":"Lotto Online - Crack The International Lottery Jackpots","description":"","potentialAction":[{"@type":"SearchAction","target":{"@type":"EntryPoint","urlTemplate":"https:\/\/jackpotlotteryonline.com\/?s={search_term_string}"},"query-input":"required name=search_term_string"}],"inLanguage":"sr-RS"}]}},"_links":{"self":[{"href":"https:\/\/jackpotlotteryonline.com\/sr\/wp-json\/wp\/v2\/pages\/74413","targetHints":{"allow":["GET"]}}],"collection":[{"href":"https:\/\/jackpotlotteryonline.com\/sr\/wp-json\/wp\/v2\/pages"}],"about":[{"href":"https:\/\/jackpotlotteryonline.com\/sr\/wp-json\/wp\/v2\/types\/page"}],"author":[{"embeddable":true,"href":"https:\/\/jackpotlotteryonline.com\/sr\/wp-json\/wp\/v2\/users\/7"}],"replies":[{"embeddable":true,"href":"https:\/\/jackpotlotteryonline.com\/sr\/wp-json\/wp\/v2\/comments?post=74413"}],"version-history":[{"count":0,"href":"https:\/\/jackpotlotteryonline.com\/sr\/wp-json\/wp\/v2\/pages\/74413\/revisions"}],"up":[{"embeddable":true,"href":"https:\/\/jackpotlotteryonline.com\/sr\/wp-json\/wp\/v2\/pages\/74058"}],"wp:attachment":[{"href":"https:\/\/jackpotlotteryonline.com\/sr\/wp-json\/wp\/v2\/media?parent=74413"}],"curies":[{"name":"wp","href":"https:\/\/api.w.org\/{rel}","templated":true}]}}