{"id":74427,"date":"2025-02-06T10:16:05","date_gmt":"2025-02-06T10:16:05","guid":{"rendered":"https:\/\/jackpotlotteryonline.com\/?page_id=74427"},"modified":"2025-02-06T10:16:05","modified_gmt":"2025-02-06T10:16:05","slug":"cesto-postavljana-pitanja-o-online-lutrijama","status":"publish","type":"page","link":"https:\/\/jackpotlotteryonline.com\/sr\/cesto-postavljana-pitanja-o-online-lutrijama\/","title":{"rendered":"\u010cesto postavljana pitanja o online lutrijama"},"content":{"rendered":"<h2>\u010cesto postavljana pitanja o online lutrijama<\/h2>\n<p>Ovde \u0107emo dati odgovore na naj\u010de\u0161\u0107e postavljana pitanja o online lutrijama i online loto d\u017eekpotovima. Igranje lutrija online je najpogodniji i najlak\u0161i na\u010din da do\u0111ete do velikih me\u0111unarodnih loto d\u017eekpotova.<\/p>\n<h2>Kako to funkcioni\u0161e?<\/h2>\n<p>Mi delujemo kao servis posredovanja izme\u0111u vas i razli\u010ditih lutrija. Kupujemo tiket u va\u0161e ime i u va\u0161e ime, zatim skeniramo va\u0161 novi tiket i otpremamo sken u va\u0161 korisni\u010dki nalog, \u0161aljemo vam poruku kada pobedite i poma\u017eemo vam da dobijete novac kada pobedite.<\/p>\n<h2>Koje su prednosti igranja preko nas?<\/h2>\n<ul>\n<li>nema potrebe da idete u prodavnicu lutrija. Mo\u017eete lako da igrate iz svog doma ili kancelarije<\/li>\n<li>mo\u017eete platiti online, na primer, kreditnom karticom ili drugim metodama<\/li>\n<li>va\u0161i loto dobitci do 2500 \u20ac bi\u0107e upla\u0107eni na va\u0161 ra\u010dun<\/li>\n<li>ako pobedite vi\u0161e od 2500 \u20ac, mi \u0107emo vam pomo\u0107i da dobijete svoj novac, besplatno<\/li>\n<li>nema dodatnih tro\u0161kova ili provizija ako pobedite<\/li>\n<\/ul>\n<p><strong>Ko mo\u017ee da igra lutriju?<\/strong><br \/>\nSvako ko ima vi\u0161e od 18 godina mo\u017ee da igra lutriju.<\/p>\n<p><strong>Da li mogu da igram lutriju iz inostranstva?<\/strong><br \/>\nDa, mo\u017eete. Nema veze u kojoj zemlji \u017eivite, mo\u017eete da igrate bilo koju lutriju i loto d\u017eekpot u bilo kojoj zemlji po va\u0161em izboru.<\/p>\n<p><strong>Da li mogu da izaberem svoje brojeve za loto?<\/strong><br \/>\nDa. Mo\u017eete da izaberete brojeve koje \u017eelite, ili mo\u017eete jednostavno da dozvolite ra\u010dunaru da nasumi\u010dno izabere brojeve za vas.<\/p>\n<p><strong>Kako \u0107u dobiti svoj loto tiket?<\/strong><br \/>\nKada va\u0161a uplata bude obra\u0111ena, posla\u0107emo vam potvrdu o kupovini putem email-a. Brojevi koje ste izabrali bi\u0107e prikazani u va\u0161em nalogu. Ubrzo nakon toga, mo\u0107i \u0107ete da vidite skenirani tiket u svom nalogu.<\/p>\n<p><strong>Kako mogu da platim za moj loto tiket?<\/strong><br \/>\nNa raspolaganju vam je nekoliko opcija za pla\u0107anje, me\u0111u kojima su pla\u0107anje kreditnom karticom, bankovnim transferom, razli\u010ditim kriptovalutama i drugim metodama.<\/p>\n<p><strong>Da li uzimate deo mojih dobitaka?<\/strong><br \/>\nNe. Svi dobitci od lutrija bi\u0107e ispla\u0107eni u celosti, bez oduzimanja bilo kakvih taksi.<\/p>\n<p><strong>Kada mogu da naru\u010dim loto tiket?<\/strong><br \/>\nDa biste u\u010destvovali u lutriji, trebalo bi da naru\u010dite tiket najmanje 2 sata pre \u017erebanja. To nam omogu\u0107ava da obradimo va\u0161u narud\u017ebinu za loto tiket.<\/p>\n<p><strong>Kako da znam da li sam pobedio?<\/strong><br \/>\nAko pobedite, posla\u0107emo vam email i obavesti\u0107emo vas o va\u0161oj pobedi. Tako\u0111e, brojevi koji su pobedili za sve lutrija bi\u0107e objavljeni na na\u0161em sajtu.<\/p>\n<p><strong>Kako da dobijem svoj novac ako pobedim?<\/strong><br \/>\nAko pobedite iznos manji od 2500 \u20ac, novac \u0107e biti upla\u0107en na va\u0161 korisni\u010dki nalog. Za bilo koji dobitak ve\u0107i od 2500 \u20ac, posla\u0107emo vam obrazac za podno\u0161enje zahteva koji treba da popunite. Morate da se identifikujete, a zatim \u0107emo obraditi va\u0161 zahtev prema kompaniji lutrija. Kompanija lutrija \u0107e vam zatim izdato \u010dek. Imajte na umu da neke lutrija kompanije zahtevaju da li\u010dno preuzmete svoje dobitke ako osvojite d\u017eekpot.<\/p>\n<p><strong>Da li je ova usluga legalna?<\/strong><br \/>\nDa, ona je legalna. Po\u0161to mi funkcioni\u0161emo samo kao servis posredovanja, ovo je potpuno legalno.<\/p>\n<p><strong>Kako mogu da znam da je tiket za loto kupljen u moje ime?<\/strong><br \/>\nKada izvr\u0161ite uplatu za svoj loto tiket, dobi\u0107ete potvrdu o uplati. Dokle god je va\u0161 loto tiket aktivan, dobi\u0107ete email obave\u0161tenje, a nakon prijavljivanja, mo\u017eete videti svoje tikete u svom korisni\u010dkom podru\u010dju na na\u0161em sajtu.<\/p>\n","protected":false},"excerpt":{"rendered":"<p>\u010cesto postavljana pitanja o online lutrijama Ovde \u0107emo dati odgovore na naj\u010de\u0161\u0107e postavljana pitanja o online lutrijama i online loto d\u017eekpotovima. Igranje lutrija online je najpogodniji i najlak\u0161i na\u010din da do\u0111ete do velikih me\u0111unarodnih loto d\u017eekpotova. Kako to funkcioni\u0161e? Mi delujemo kao servis posredovanja izme\u0111u vas i razli\u010ditih lutrija. Kupujemo tiket u va\u0161e ime i [&hellip;]<\/p>\n","protected":false},"author":7,"featured_media":0,"parent":0,"menu_order":6,"comment_status":"closed","ping_status":"closed","template":"","meta":{"_et_pb_use_builder":"","_et_pb_old_content":"","_et_gb_content_width":"","exclude_from_search":false,"footnotes":""},"class_list":["post-74427","page","type-page","status-publish","hentry"],"yoast_head":"<!-- This site is optimized with the Yoast SEO plugin v23.3 - https:\/\/yoast.com\/wordpress\/plugins\/seo\/ -->\n<title>\u010cesto postavljana pitanja o Loto-u | \u010cesta pitanja o online Loto-u<\/title>\n<meta name=\"description\" content=\"Prona\u0111ite odgovore na naj\u010de\u0161\u0107e postavljana pitanja o online Loto-u ovde, kao i najbolje usluge\" \/>\n<meta name=\"robots\" content=\"index, follow, max-snippet:-1, max-image-preview:large, max-video-preview:-1\" \/>\n<link rel=\"canonical\" href=\"https:\/\/jackpotlotteryonline.com\/sr\/cesto-postavljana-pitanja-o-online-lutrijama\/\" \/>\n<meta property=\"og:locale\" content=\"sr_RS\" \/>\n<meta property=\"og:type\" content=\"article\" \/>\n<meta property=\"og:title\" content=\"\u010cesto postavljana pitanja o Loto-u | \u010cesta pitanja o online Loto-u\" \/>\n<meta property=\"og:description\" content=\"Prona\u0111ite odgovore na naj\u010de\u0161\u0107e postavljana pitanja o online Loto-u ovde, kao i najbolje usluge\" \/>\n<meta property=\"og:url\" content=\"https:\/\/jackpotlotteryonline.com\/sr\/cesto-postavljana-pitanja-o-online-lutrijama\/\" \/>\n<meta property=\"og:site_name\" content=\"Lotto Online - Crack The International Lottery Jackpots\" \/>\n<meta name=\"twitter:card\" content=\"summary_large_image\" \/>\n<!-- \/ Yoast SEO plugin. -->","yoast_head_json":{"title":"\u010cesto postavljana pitanja o Loto-u | \u010cesta pitanja o online Loto-u","description":"Prona\u0111ite odgovore na naj\u010de\u0161\u0107e postavljana pitanja o online Loto-u ovde, kao i najbolje usluge","robots":{"index":"index","follow":"follow","max-snippet":"max-snippet:-1","max-image-preview":"max-image-preview:large","max-video-preview":"max-video-preview:-1"},"canonical":"https:\/\/jackpotlotteryonline.com\/sr\/cesto-postavljana-pitanja-o-online-lutrijama\/","og_locale":"sr_RS","og_type":"article","og_title":"\u010cesto postavljana pitanja o Loto-u | \u010cesta pitanja o online Loto-u","og_description":"Prona\u0111ite odgovore na naj\u010de\u0161\u0107e postavljana pitanja o online Loto-u ovde, kao i najbolje usluge","og_url":"https:\/\/jackpotlotteryonline.com\/sr\/cesto-postavljana-pitanja-o-online-lutrijama\/","og_site_name":"Lotto Online - Crack The International Lottery Jackpots","twitter_card":"summary_large_image","schema":{"@context":"https:\/\/schema.org","@graph":[{"@type":"WebPage","@id":"https:\/\/jackpotlotteryonline.com\/sr\/cesto-postavljana-pitanja-o-online-lutrijama\/","url":"https:\/\/jackpotlotteryonline.com\/sr\/cesto-postavljana-pitanja-o-online-lutrijama\/","name":"\u010cesto postavljana pitanja o Loto-u | \u010cesta pitanja o online Loto-u","isPartOf":{"@id":"https:\/\/jackpotlotteryonline.com\/#website"},"datePublished":"2025-02-06T10:16:05+00:00","dateModified":"2025-02-06T10:16:05+00:00","description":"Prona\u0111ite odgovore na naj\u010de\u0161\u0107e postavljana pitanja o online Loto-u ovde, kao i najbolje usluge","breadcrumb":{"@id":"https:\/\/jackpotlotteryonline.com\/sr\/cesto-postavljana-pitanja-o-online-lutrijama\/#breadcrumb"},"inLanguage":"sr-RS","potentialAction":[{"@type":"ReadAction","target":["https:\/\/jackpotlotteryonline.com\/sr\/cesto-postavljana-pitanja-o-online-lutrijama\/"]}]},{"@type":"BreadcrumbList","@id":"https:\/\/jackpotlotteryonline.com\/sr\/cesto-postavljana-pitanja-o-online-lutrijama\/#breadcrumb","itemListElement":[{"@type":"ListItem","position":1,"name":"Home","item":"https:\/\/jackpotlotteryonline.com\/sr\/"},{"@type":"ListItem","position":2,"name":"\u010cesto postavljana pitanja o online lutrijama"}]},{"@type":"WebSite","@id":"https:\/\/jackpotlotteryonline.com\/#website","url":"https:\/\/jackpotlotteryonline.com\/","name":"Lotto Online - Crack The International Lottery Jackpots","description":"","potentialAction":[{"@type":"SearchAction","target":{"@type":"EntryPoint","urlTemplate":"https:\/\/jackpotlotteryonline.com\/?s={search_term_string}"},"query-input":"required name=search_term_string"}],"inLanguage":"sr-RS"}]}},"_links":{"self":[{"href":"https:\/\/jackpotlotteryonline.com\/sr\/wp-json\/wp\/v2\/pages\/74427","targetHints":{"allow":["GET"]}}],"collection":[{"href":"https:\/\/jackpotlotteryonline.com\/sr\/wp-json\/wp\/v2\/pages"}],"about":[{"href":"https:\/\/jackpotlotteryonline.com\/sr\/wp-json\/wp\/v2\/types\/page"}],"author":[{"embeddable":true,"href":"https:\/\/jackpotlotteryonline.com\/sr\/wp-json\/wp\/v2\/users\/7"}],"replies":[{"embeddable":true,"href":"https:\/\/jackpotlotteryonline.com\/sr\/wp-json\/wp\/v2\/comments?post=74427"}],"version-history":[{"count":0,"href":"https:\/\/jackpotlotteryonline.com\/sr\/wp-json\/wp\/v2\/pages\/74427\/revisions"}],"wp:attachment":[{"href":"https:\/\/jackpotlotteryonline.com\/sr\/wp-json\/wp\/v2\/media?parent=74427"}],"curies":[{"name":"wp","href":"https:\/\/api.w.org\/{rel}","templated":true}]}}