{"id":74601,"date":"2025-02-06T11:16:45","date_gmt":"2025-02-06T11:16:45","guid":{"rendered":"https:\/\/jackpotlotteryonline.com\/?page_id=74601"},"modified":"2025-02-06T11:16:45","modified_gmt":"2025-02-06T11:16:45","slug":"rezultati-izvlacenja-saturday-lotto","status":"publish","type":"page","link":"https:\/\/jackpotlotteryonline.com\/sr\/rezultati-lutrije\/rezultati-izvlacenja-saturday-lotto\/","title":{"rendered":"Rezultati izvla\u010denja Saturday Lotto"},"content":{"rendered":"<p>Saturday Lotto, poznat i kao Tatts Lotto, je jedan od najuspe\u0161nijih lutrija u Australiji. A sada, kada igra\u010di \u0161irom sveta mogu u\u010destvovati u ovoj lutriji, jo\u0161 je va\u017enije odabrati dobitne brojeve. Pobediti na ovoj australijskoj lutriji zna\u010di da \u0107ete oti\u0107i ku\u0107i sa minimalno 5 miliona dolara. Ovaj iznos se prenosi u slede\u0107e izvla\u010denje ako ne postoji dobitni tiket. Tako\u0111e, ako u\u010destvujete u Mega Draw-u koji se odr\u017eava jednom godi\u0161nje za Bo\u017ei\u0107, mo\u017eete osvojiti \u010dak 30 miliona dolara!<\/p>\n<p>Ako jo\u0161 niste kupili svoj dobitni tiket, posetite <a href=\"https:\/\/jackpotlotteryonline.com\/buy-tickets\/saturday-lotto\">jackpotlotteryonline.com<\/a> i <strong>kupite svoj tiket sada<\/strong>. Zatim se vratite ovde i proverite dobitne brojeve.<\/p>\n<h3><strong>Kako pobediti na Saturday Lotto<\/strong><\/h3>\n<p>Tatts Lotto je veoma jednostavno igrati, posebno kada igrate online. Osnovno pravilo je da igra\u010di treba da odaberu <strong>6 glavnih brojeva od 1 do 45<\/strong>. Zatim treba da odaberu <strong>2 dodatna broja od 1 do 6<\/strong>. Ovi dodatni brojevi nemaju veliki uticaj na dobijanje glavne nagrade, ali se koriste za odre\u0111ivanje drugih kategorija nagrada.<\/p>\n<p>Da biste osvojili glavnu nagradu, potrebno je da va\u0161a kombinacija brojeva poklapa 6 nasumi\u010dno izvu\u010denih brojeva iz grupe od 45 brojeva. Zatim se iz drugog bubnja sa 6 brojeva izvla\u010de jo\u0161 2 broja. Ovi dodatni brojevi se koriste za odre\u0111ivanje drugih nagrada.<\/p>\n<p>Izvla\u010denje se odr\u017eava jednom nedeljno, u subotu. Dakle, ako \u017eelite da osvojite dobitni tiket, morate na vreme kupiti tiket. Igra\u010di koji \u017eele da u\u010destvuju u izvla\u010denju te nedelje, treba da kupe svoje tikete pre <strong>zatvaranja u subotu u 19:25 AEST<\/strong>.<\/p>\n<h3><strong>Igranje online<\/strong><\/h3>\n<p>U ovom delu \u0107emo ukratko objasniti kako da igrate online. Kada posetite stranicu Saturday Lotto na <a href=\"https:\/\/jackpotlotteryonline.com\/buy-tickets\/saturday-lotto\">jackpotlotteryonline.com<\/a>, bi\u0107ete upitani da izaberete svoje dobitne brojeve. Ako imate posebne datume koji su vam doneli sre\u0107u, mo\u017eete ih koristiti.<\/p>\n<p>Me\u0111utim, ako nemate specijalne brojeve za izbor, ne brinite! Imamo <strong>automatski generator brojeva<\/strong> koji \u0107e za vas generisati nasumi\u010dne brojeve. Mnogi dobitnici su koristili ovaj generator i pobedili.<\/p>\n<p>Nakon \u0161to izaberete svoje brojeve, u\u0107i \u0107ete u nedeljno izvla\u010denje. Pre nego \u0161to obradite uplatu, bi\u0107e vam tra\u017eeno da se <strong>registrujete<\/strong> kako bi va\u0161 tiket bio siguran i kako bi mogli lako da podignete dobitke.<\/p>\n<hr \/>\n<h3><strong>Gledajte izvla\u010denje u\u017eivo<\/strong><\/h3>\n<p>\u017delite da gledate izvla\u010denje svojih brojeva u\u017eivo? Pro\u010ditajte vi\u0161e o tome i kako da gledate izvla\u010denje omiljenih lutrija <a href=\"https:\/\/jackpotlotteryonline.com\/watch-your-lottery-numbers-being-drawn-live\">ovde<\/a>.<\/p>\n<hr \/>\n<h3><strong>Kategorije nagrada<\/strong><\/h3>\n<p>Pobediti na Tatts Lotto nije samo stvar osvajanja glavne nagrade. Ova lutrija ima ukupno <strong>osam kategorija nagrada<\/strong>. Kada kupite tiket, imate \u0161ansu da osvojite bilo koju od ovih kategorija nagrada:<\/p>\n<ul>\n<li><strong>Kategorija 1:<\/strong> 6 pogo\u0111enih brojeva (glavna nagrada)<\/li>\n<li><strong>Kategorija 2:<\/strong> 5 pogo\u0111enih brojeva + 1 dodatni broj<\/li>\n<li><strong>Kategorija 3:<\/strong> 5 pogo\u0111enih brojeva<\/li>\n<li><strong>Kategorija 4:<\/strong> 4 pogo\u0111ena broja<\/li>\n<li><strong>Kategorija 5:<\/strong> 3 pogo\u0111ena broja + 1 dodatni broj<\/li>\n<li><strong>Kategorija 6:<\/strong> 3 pogo\u0111ena broja<\/li>\n<\/ul>\n<p>Jedan od razloga za\u0161to Australijanci vole ovu lutriju je upravo zato \u0161to je tako lako osvojiti. Verovatno\u0107a za pobedu je fantasti\u010dna, a sa minimalnom glavnom nagradom od 5 miliona australijskih dolara, nije ni \u010dudo \u0161to je popularna. Ako jo\u0161 niste kupili svoj tiket, sada je pravi trenutak da to u\u010dinite!<\/p>\n<h3><strong>Dodatni brojevi<\/strong><\/h3>\n<p>Spomenuli smo dodatne brojeve, i verovatno ste ve\u0107 primetili da se ovi brojevi koriste u nekim kategorijama nagrada. Ovi brojevi se nasumi\u010dno biraju tokom izvla\u010denja i koriste se za odre\u0111ivanje kategorija 2 i 5. Igra\u010di ne mogu da biraju ove brojeve i nemaju kontrolu nad njima. Dakle, ne brinite ako ne vidite ovu opciju prilikom kupovine tiketa.<\/p>\n<h3><strong>Kako proveriti rezultate dobitnika<\/strong><\/h3>\n<p>Nakon \u0161to ste kupili svoj tiket, najbolji na\u010din da proverite da li ste osvojili nagradu je da se vratite na ovu stranicu. Nakon izvla\u010denja, objavi\u0107emo rezultate Saturday Lotto na ovoj stranici.<\/p>\n<p>Ne\u0107emo objaviti samo brojeve za glavnu nagradu. Tako\u0111e \u0107emo objaviti brojeve za sve ostale kategorije nagrada. Dakle, mo\u017eete odmah videti koliko ste blizu pobedi.<\/p>\n<p>Ako ste se registrovali kod nas, bi\u0107e jo\u0161 lak\u0161e. Ne morate da idete nigde da biste saznali da li ste pobedili. Mi \u0107emo vam poslati obave\u0161tenje putem e-maila \u010dim budete imali dobitnu kombinaciju brojeva. Na\u0161 cilj je da u\u010dinimo igranje lutrije \u0161to jednostavnijim i bez stresa, bilo gde da se nalazite.<\/p>\n<h3><strong>Kako da podignete svoj dobitak<\/strong><\/h3>\n<p>Ako ste osvojili nagradu, slede\u0107i korak je da do\u0111ete do svog dobitka. Nema smisla pobediti na lutriji u Australiji ako ne mo\u017eete da podignete svoj dobitak.<\/p>\n<ul>\n<li><strong>Ako je va\u0161 dobitak manji od 2.500 evra<\/strong>, podizanje je vrlo jednostavno. Samo povucite svoj dobitak sa na\u0161e platforme direktno na va\u0161 bankovni ra\u010dun. Imamo nekoliko metoda koje mo\u017eete koristiti da lako podignete svoj dobitak.<\/li>\n<li><strong>Ako je va\u0161 dobitak ve\u0107i od 2.500 evra<\/strong>, mora\u0107ete da kontaktirate kompaniju lutrije kako biste podneli zahtev za nagradu. Posla\u0107emo vam potrebne obrasce za podno\u0161enje zahteva. Ceo proces je jednostavan i bez stresa.<\/li>\n<\/ul>\n<h3><strong>Zaklju\u010dak<\/strong><\/h3>\n<p>Prednost kupovine lutrijskih tiketa kod nas je to \u0161to znate da ste kupili pravi tiket za lutriju. Sa nama ne kla\u0111ate se na rezultat. Vi <strong>kupujete pravi tiket<\/strong>. Dakle, ako pobedite, dobi\u0107ete svoj dobitak!<\/p>\n<p>Poma\u017eemo igra\u010dima da jednostavno u\u010destvuju u vrhunskim me\u0111unarodnim lutrijama. Mo\u017eete kupiti svoj tiket, proveriti va\u0161u dobitnu kombinaciju i lako podi\u0107i dobitak. Mi smo se pobrinuli za sve detalje, tako da mo\u017eete u\u017eivati u igri i opu\u0161teno se zabavljati. Kada igrate lutriju sa <a href=\"https:\/\/jackpotlotteryonline.com\/play-online\/saturday-lotto\">jackpotlotteryonline.com<\/a>, situacija je dobitna za sve. Registrujte se danas!<\/p>\n<p>\ud83c\udf9f <strong><a href=\"https:\/\/jackpotlotteryonline.com\/play-online\/saturday-lotto\">Igrajte Saturday Lotto sada!<\/a><\/strong> \ud83c\udf9f<\/p>\n<p>&nbsp;<\/p>\n<p>&nbsp;<\/p>\n","protected":false},"excerpt":{"rendered":"<p>Saturday Lotto, poznat i kao Tatts Lotto, je jedan od najuspe\u0161nijih lutrija u Australiji. A sada, kada igra\u010di \u0161irom sveta mogu u\u010destvovati u ovoj lutriji, jo\u0161 je va\u017enije odabrati dobitne brojeve. Pobediti na ovoj australijskoj lutriji zna\u010di da \u0107ete oti\u0107i ku\u0107i sa minimalno 5 miliona dolara. Ovaj iznos se prenosi u slede\u0107e izvla\u010denje ako ne [&hellip;]<\/p>\n","protected":false},"author":7,"featured_media":0,"parent":74058,"menu_order":18,"comment_status":"closed","ping_status":"closed","template":"saturday-lotto-results.php","meta":{"_et_pb_use_builder":"","_et_pb_old_content":"","_et_gb_content_width":"","exclude_from_search":false,"footnotes":""},"class_list":["post-74601","page","type-page","status-publish","hentry"],"yoast_head":"<!-- This site is optimized with the Yoast SEO plugin v23.3 - https:\/\/yoast.com\/wordpress\/plugins\/seo\/ -->\n<title>Pobedni\u010dki brojevi i rezultati izvla\u010denja za Subotnji Loto<\/title>\n<meta name=\"description\" content=\"Uporedite svoj loto listi\u0107 sa rezultatima najnovijeg izvla\u010denja Subotnjeg Loto-a \u2013 pogledajte pobedni\u010dke brojeve ovde!\" \/>\n<meta name=\"robots\" content=\"index, follow, max-snippet:-1, max-image-preview:large, max-video-preview:-1\" \/>\n<link rel=\"canonical\" href=\"https:\/\/jackpotlotteryonline.com\/sr\/rezultati-lutrije\/rezultati-izvlacenja-saturday-lotto\/\" \/>\n<meta property=\"og:locale\" content=\"sr_RS\" \/>\n<meta property=\"og:type\" content=\"article\" \/>\n<meta property=\"og:title\" content=\"Pobedni\u010dki brojevi i rezultati izvla\u010denja za Subotnji Loto\" \/>\n<meta property=\"og:description\" content=\"Uporedite svoj loto listi\u0107 sa rezultatima najnovijeg izvla\u010denja Subotnjeg Loto-a \u2013 pogledajte pobedni\u010dke brojeve ovde!\" \/>\n<meta property=\"og:url\" content=\"https:\/\/jackpotlotteryonline.com\/sr\/rezultati-lutrije\/rezultati-izvlacenja-saturday-lotto\/\" \/>\n<meta property=\"og:site_name\" content=\"Lotto Online - Crack The International Lottery Jackpots\" \/>\n<meta name=\"twitter:card\" content=\"summary_large_image\" \/>\n<meta name=\"twitter:label1\" content=\"\u041f\u0440\u043e\u0446\u0435\u045a\u0435\u043d\u043e \u0432\u0440\u0435\u043c\u0435 \u0447\u0438\u0442\u0430\u045a\u0430\" \/>\n\t<meta name=\"twitter:data1\" content=\"4 \u043c\u0438\u043d\u0443\u0442\u0430\" \/>\n<!-- \/ Yoast SEO plugin. -->","yoast_head_json":{"title":"Pobedni\u010dki brojevi i rezultati izvla\u010denja za Subotnji Loto","description":"Uporedite svoj loto listi\u0107 sa rezultatima najnovijeg izvla\u010denja Subotnjeg Loto-a \u2013 pogledajte pobedni\u010dke brojeve ovde!","robots":{"index":"index","follow":"follow","max-snippet":"max-snippet:-1","max-image-preview":"max-image-preview:large","max-video-preview":"max-video-preview:-1"},"canonical":"https:\/\/jackpotlotteryonline.com\/sr\/rezultati-lutrije\/rezultati-izvlacenja-saturday-lotto\/","og_locale":"sr_RS","og_type":"article","og_title":"Pobedni\u010dki brojevi i rezultati izvla\u010denja za Subotnji Loto","og_description":"Uporedite svoj loto listi\u0107 sa rezultatima najnovijeg izvla\u010denja Subotnjeg Loto-a \u2013 pogledajte pobedni\u010dke brojeve ovde!","og_url":"https:\/\/jackpotlotteryonline.com\/sr\/rezultati-lutrije\/rezultati-izvlacenja-saturday-lotto\/","og_site_name":"Lotto Online - Crack The International Lottery Jackpots","twitter_card":"summary_large_image","twitter_misc":{"\u041f\u0440\u043e\u0446\u0435\u045a\u0435\u043d\u043e \u0432\u0440\u0435\u043c\u0435 \u0447\u0438\u0442\u0430\u045a\u0430":"4 \u043c\u0438\u043d\u0443\u0442\u0430"},"schema":{"@context":"https:\/\/schema.org","@graph":[{"@type":"WebPage","@id":"https:\/\/jackpotlotteryonline.com\/sr\/rezultati-lutrije\/rezultati-izvlacenja-saturday-lotto\/","url":"https:\/\/jackpotlotteryonline.com\/sr\/rezultati-lutrije\/rezultati-izvlacenja-saturday-lotto\/","name":"Pobedni\u010dki brojevi i rezultati izvla\u010denja za Subotnji Loto","isPartOf":{"@id":"https:\/\/jackpotlotteryonline.com\/#website"},"datePublished":"2025-02-06T11:16:45+00:00","dateModified":"2025-02-06T11:16:45+00:00","description":"Uporedite svoj loto listi\u0107 sa rezultatima najnovijeg izvla\u010denja Subotnjeg Loto-a \u2013 pogledajte pobedni\u010dke brojeve ovde!","breadcrumb":{"@id":"https:\/\/jackpotlotteryonline.com\/sr\/rezultati-lutrije\/rezultati-izvlacenja-saturday-lotto\/#breadcrumb"},"inLanguage":"sr-RS","potentialAction":[{"@type":"ReadAction","target":["https:\/\/jackpotlotteryonline.com\/sr\/rezultati-lutrije\/rezultati-izvlacenja-saturday-lotto\/"]}]},{"@type":"BreadcrumbList","@id":"https:\/\/jackpotlotteryonline.com\/sr\/rezultati-lutrije\/rezultati-izvlacenja-saturday-lotto\/#breadcrumb","itemListElement":[{"@type":"ListItem","position":1,"name":"Home","item":"https:\/\/jackpotlotteryonline.com\/sr\/"},{"@type":"ListItem","position":2,"name":"Rezultati lutrije","item":"https:\/\/jackpotlotteryonline.com\/sr\/rezultati-lutrije\/"},{"@type":"ListItem","position":3,"name":"Rezultati izvla\u010denja Saturday Lotto"}]},{"@type":"WebSite","@id":"https:\/\/jackpotlotteryonline.com\/#website","url":"https:\/\/jackpotlotteryonline.com\/","name":"Lotto Online - Crack The International Lottery Jackpots","description":"","potentialAction":[{"@type":"SearchAction","target":{"@type":"EntryPoint","urlTemplate":"https:\/\/jackpotlotteryonline.com\/?s={search_term_string}"},"query-input":"required name=search_term_string"}],"inLanguage":"sr-RS"}]}},"_links":{"self":[{"href":"https:\/\/jackpotlotteryonline.com\/sr\/wp-json\/wp\/v2\/pages\/74601","targetHints":{"allow":["GET"]}}],"collection":[{"href":"https:\/\/jackpotlotteryonline.com\/sr\/wp-json\/wp\/v2\/pages"}],"about":[{"href":"https:\/\/jackpotlotteryonline.com\/sr\/wp-json\/wp\/v2\/types\/page"}],"author":[{"embeddable":true,"href":"https:\/\/jackpotlotteryonline.com\/sr\/wp-json\/wp\/v2\/users\/7"}],"replies":[{"embeddable":true,"href":"https:\/\/jackpotlotteryonline.com\/sr\/wp-json\/wp\/v2\/comments?post=74601"}],"version-history":[{"count":0,"href":"https:\/\/jackpotlotteryonline.com\/sr\/wp-json\/wp\/v2\/pages\/74601\/revisions"}],"up":[{"embeddable":true,"href":"https:\/\/jackpotlotteryonline.com\/sr\/wp-json\/wp\/v2\/pages\/74058"}],"wp:attachment":[{"href":"https:\/\/jackpotlotteryonline.com\/sr\/wp-json\/wp\/v2\/media?parent=74601"}],"curies":[{"name":"wp","href":"https:\/\/api.w.org\/{rel}","templated":true}]}}