{"id":74615,"date":"2025-02-06T11:25:25","date_gmt":"2025-02-06T11:25:25","guid":{"rendered":"https:\/\/jackpotlotteryonline.com\/?page_id=74615"},"modified":"2025-02-06T11:25:25","modified_gmt":"2025-02-06T11:25:25","slug":"rezultati-izvlacenja-oz-lotto","status":"publish","type":"page","link":"https:\/\/jackpotlotteryonline.com\/sr\/rezultati-lutrije\/rezultati-izvlacenja-oz-lotto\/","title":{"rendered":"Rezultati izvla\u010denja Oz Lotto"},"content":{"rendered":"<h2>Informacije o rezultatima izvla\u010denja Oz Lotto<\/h2>\n<p><img loading=\"lazy\" decoding=\"async\" class=\"alignright size-full wp-image-26942\" src=\"http:\/\/jackpotlotteryonline.com\/wp-content\/uploads\/2022\/11\/1_euromillions_results.jpg\" alt=\"rezultati izvla\u010denja oz lotto\" width=\"300\" height=\"200\" \/>Da li ste radoznali u vezi sa rezultatima izvla\u010denja Oz Lotto ili \u0161ta se de\u0161ava nakon \u0161to neko pobedi? Pa, ovaj \u010dlanak \u0107e vas uputiti kako da odgovorite na ta pitanja.<\/p>\n<p>Ovaj australijski loto se izvla\u010di svakog utorka i subote u 19:30 po AEST vremenu, tako da nakon \u0161to izaberete brojeve, mo\u017eete da se opustite i \u010dekate izvla\u010denje. Izvla\u010denja se obavljaju u Sidneju pomo\u0107u kompjuterskog generatora brojeva.<\/p>\n<p>Oz Lotto je vrlo nagra\u0111ivana igra koja ima sedam nagradnih kategorija, u kojima, ako prvi deo (d\u017eekpot) nije osvojen, ostale nagrade mogu biti osvojene ako igra\u010d pogodi pet ili \u010detiri broja. Tako\u0111e, dodeljuje se deset nagrada od 2 miliona dolara kada nijedan igra\u010d ne pogodi svih sedam brojeva.<\/p>\n<p>Rezultati izvla\u010denja lutrije se objavljuju nedelju dana nakon izvla\u010denja na zvani\u010dnoj stranici vlade Viktorije. Vreme izvla\u010denja je privatno kako bi se za\u0161titila privatnost u\u010desnika.<\/p>\n<h2>Kako mogu da pobedim na australijskom Oz Lotto?<\/h2>\n<p>Da biste osvojili bilo koju nagradu na Oz Lotto, trebate da znate slede\u0107e:<\/p>\n<ol>\n<li>Da biste <a href=\"https:\/\/jackpotlotteryonline.com\/play-online\/oz-lotto\">igrali Oz Lotto<\/a>, igra\u010d mora da izvu\u010de deset brojeva iz skupa od 47.<\/li>\n<li>Prvih sedam izvu\u010denih brojeva smatraju se pobedni\u010dkim brojevima za d\u017eekpot nagradu.<\/li>\n<li>Preostalih tri izvu\u010dena broja su dopunski brojevi koji se koriste za odre\u0111ivanje nagrada za druge kategorije.<\/li>\n<li>\u0160to vi\u0161e pogodjenih brojeva igra\u010d ima, ve\u0107a je nagrada.<\/li>\n<li>U\u010de\u0161\u0107e u Oz Lotto je igra \u0161ansi; mo\u017eete da pobedite ili izgubite.<\/li>\n<\/ol>\n<h2>Kako mogu da proverim da li sam pobedio na odre\u0111enom izvla\u010denju?<\/h2>\n<p><img loading=\"lazy\" decoding=\"async\" class=\"alignright size-full wp-image-26159\" src=\"http:\/\/jackpotlotteryonline.com\/wp-content\/uploads\/2022\/11\/1_buy_lottery_online.jpg\" alt=\"rezultati izvla\u010denja oz lotto\" width=\"212\" height=\"142\" \/>Ako ste <a href=\"https:\/\/jackpotlotteryonline.com\/buy-tickets\/oz-lotto\">kupili tiket kod nas<\/a>, molimo vas da proverite rezultate izvla\u010denja na na\u0161em sajtu. Najlak\u0161i na\u010din da saznate da li ste pobedili je da se prijavite na svoj korisni\u010dki nalog na na\u0161em sajtu. Zatim idite na &#8220;moje karte&#8221; i vide\u0107ete skeniranje va\u0161eg tiketa sa brojevima koje ste odigrali. Nakon izvla\u010denja, svi odgovaraju\u0107i brojevi \u0107e biti ozna\u010deni.<\/p>\n<p>Drugi na\u010din da saznate da li ste pobedili je da proverite svoj email. Odmah nakon izvla\u010denja, dobi\u0107ete email sa obave\u0161tenjem o tome. Iskoristite informacije kako biste saznali da li ste pobedili na tom izvla\u010denju.<\/p>\n<p>Tako\u0111e, mo\u017eete posetiti zvani\u010dni sajt australijskog Oz Lotto-a kako biste saznali vi\u0161e o pro\u0161lim rezultatima i op\u0161tem informacijama o lutriji.<\/p>\n<h2>Na\u010dini da pove\u0107ate \u0161anse za pobedu<\/h2>\n<p>Da biste pove\u0107ali svoje \u0161anse za d\u017eekpot, mo\u017eete u\u010destvovati u vi\u0161e izvla\u010denja kupovinom tiketa za uzastopna izvla\u010denja. To vam omogu\u0107ava da igrate isti izbor nekoliko nedelja. Pa, igranje na ovaj na\u010din pove\u0107a\u0107e tro\u0161ak va\u0161ih porud\u017ebina, ali vam omogu\u0107ava da u\u010destvujete u vi\u0161e izvla\u010denja.<\/p>\n<section class=\"layout\" style=\"border: solid 1px; width: 100%;\">\n<div class=\"img-div\" style=\"margin-top: 5px;\"><img decoding=\"async\" class=\"wp-image-17212 alignleft\" style=\"height: 45px; margin: 8px 8px 0px;\" src=\"http:\/\/jackpotlotteryonline.com\/wp-content\/uploads\/2022\/11\/read1.jpg\" alt=\"\u010ditaj\" width=\"\" height=\"\" \/><\/div>\n<div style=\"padding-left: 5px;\">\n<div style=\"font-size: 1.1em;\">\n<strong>Izaberite pobedni\u010dke loto brojeve ru\u010dno ili koriste\u0107i RNG<\/strong><\/p>\n<p style=\"font-size: 0.85em; margin-top: -1.5em;\">Kako da generi\u0161ete pobedni\u010dke loto brojeve? <a href=\"https:\/\/jackpotlotteryonline.com\/how-to-generate-winning-lotto-numbers\">pro\u010ditajte vi\u0161e<\/a><\/p>\n<\/div>\n<\/div>\n<\/section>\n<h2>Kako mogu da primim svoj dobitak?<\/h2>\n<p>U slu\u010daju da osvojite bilo koju nagradu, obratite pa\u017enju na slede\u0107e:<\/p>\n<ul>\n<li>Dobici manji od 2500 evra bi\u0107e automatski preba\u010deni na va\u0161 korisni\u010dki nalog. Mo\u017eete ih povu\u0107i ili nastaviti da kupujete tikete sa dobitkom.<\/li>\n<li>Za dobitke ve\u0107e od 2500 evra, nagrada \u0107e biti ispla\u0107ena direktno od strane lutrijske komisije, i mo\u017eete je primiti putem bankovnog transfera ili \u010deka.<\/li>\n<\/ul>\n<p>Pazite da ne propustite izvla\u010denja. Da biste bili sigurni da ne\u0107ete propustiti nikakve informacije, savetuje se igra\u010dima da dodaju jackpotlotteryonline.com u listu pouzdanih po\u0161iljalaca e-mailova.<\/p>\n<h2>Na kraju&#8230;<\/h2>\n<p>Oz Lotto je jedan od najpopularnijih loto igara u Australiji od 1994. godine. Mnogi ljudi su postali milioneri preko no\u0107i zahvaljuju\u0107i njemu. Dakle, \u0161ta vas spre\u010dava da ne igrate? U\u010destvujte u ovoj australijskoj lutriji i imajte \u0161ansu da osvojite jedan od mnogih nagrada, ako ne i d\u017eekpot.<\/p>\n<p><strong>Registrujte se danas da biste pobedili!<\/strong><\/p>\n","protected":false},"excerpt":{"rendered":"<p>Informacije o rezultatima izvla\u010denja Oz Lotto Da li ste radoznali u vezi sa rezultatima izvla\u010denja Oz Lotto ili \u0161ta se de\u0161ava nakon \u0161to neko pobedi? Pa, ovaj \u010dlanak \u0107e vas uputiti kako da odgovorite na ta pitanja. Ovaj australijski loto se izvla\u010di svakog utorka i subote u 19:30 po AEST vremenu, tako da nakon \u0161to [&hellip;]<\/p>\n","protected":false},"author":7,"featured_media":0,"parent":74058,"menu_order":16,"comment_status":"closed","ping_status":"closed","template":"","meta":{"_et_pb_use_builder":"","_et_pb_old_content":"","_et_gb_content_width":"","exclude_from_search":false,"footnotes":""},"class_list":["post-74615","page","type-page","status-publish","hentry"],"yoast_head":"<!-- This site is optimized with the Yoast SEO plugin v23.3 - https:\/\/yoast.com\/wordpress\/plugins\/seo\/ -->\n<title>Brojevi pobednika Oz Lotto i rezultati izvla\u010denja<\/title>\n<meta name=\"description\" content=\"Proverite brojeve pobednika i pro\u0161le rezultate za australijski Oz Lotto na na\u0161oj stranici sa rezultatima izvla\u010denja. Pobrinite se da ni\u0161ta ne propustite!\" \/>\n<meta name=\"robots\" content=\"index, follow, max-snippet:-1, max-image-preview:large, max-video-preview:-1\" \/>\n<link rel=\"canonical\" href=\"https:\/\/jackpotlotteryonline.com\/sr\/rezultati-lutrije\/rezultati-izvlacenja-oz-lotto\/\" \/>\n<meta property=\"og:locale\" content=\"sr_RS\" \/>\n<meta property=\"og:type\" content=\"article\" \/>\n<meta property=\"og:title\" content=\"Brojevi pobednika Oz Lotto i rezultati izvla\u010denja\" \/>\n<meta property=\"og:description\" content=\"Proverite brojeve pobednika i pro\u0161le rezultate za australijski Oz Lotto na na\u0161oj stranici sa rezultatima izvla\u010denja. Pobrinite se da ni\u0161ta ne propustite!\" \/>\n<meta property=\"og:url\" content=\"https:\/\/jackpotlotteryonline.com\/sr\/rezultati-lutrije\/rezultati-izvlacenja-oz-lotto\/\" \/>\n<meta property=\"og:site_name\" content=\"Lotto Online - Crack The International Lottery Jackpots\" \/>\n<meta property=\"og:image\" content=\"http:\/\/jackpotlotteryonline.com\/wp-content\/uploads\/2022\/11\/1_euromillions_results.jpg\" \/>\n<meta name=\"twitter:card\" content=\"summary_large_image\" \/>\n<!-- \/ Yoast SEO plugin. -->","yoast_head_json":{"title":"Brojevi pobednika Oz Lotto i rezultati izvla\u010denja","description":"Proverite brojeve pobednika i pro\u0161le rezultate za australijski Oz Lotto na na\u0161oj stranici sa rezultatima izvla\u010denja. Pobrinite se da ni\u0161ta ne propustite!","robots":{"index":"index","follow":"follow","max-snippet":"max-snippet:-1","max-image-preview":"max-image-preview:large","max-video-preview":"max-video-preview:-1"},"canonical":"https:\/\/jackpotlotteryonline.com\/sr\/rezultati-lutrije\/rezultati-izvlacenja-oz-lotto\/","og_locale":"sr_RS","og_type":"article","og_title":"Brojevi pobednika Oz Lotto i rezultati izvla\u010denja","og_description":"Proverite brojeve pobednika i pro\u0161le rezultate za australijski Oz Lotto na na\u0161oj stranici sa rezultatima izvla\u010denja. Pobrinite se da ni\u0161ta ne propustite!","og_url":"https:\/\/jackpotlotteryonline.com\/sr\/rezultati-lutrije\/rezultati-izvlacenja-oz-lotto\/","og_site_name":"Lotto Online - Crack The International Lottery Jackpots","og_image":[{"url":"http:\/\/jackpotlotteryonline.com\/wp-content\/uploads\/2022\/11\/1_euromillions_results.jpg"}],"twitter_card":"summary_large_image","schema":{"@context":"https:\/\/schema.org","@graph":[{"@type":"WebPage","@id":"https:\/\/jackpotlotteryonline.com\/sr\/rezultati-lutrije\/rezultati-izvlacenja-oz-lotto\/","url":"https:\/\/jackpotlotteryonline.com\/sr\/rezultati-lutrije\/rezultati-izvlacenja-oz-lotto\/","name":"Brojevi pobednika Oz Lotto i rezultati izvla\u010denja","isPartOf":{"@id":"https:\/\/jackpotlotteryonline.com\/#website"},"primaryImageOfPage":{"@id":"https:\/\/jackpotlotteryonline.com\/sr\/rezultati-lutrije\/rezultati-izvlacenja-oz-lotto\/#primaryimage"},"image":{"@id":"https:\/\/jackpotlotteryonline.com\/sr\/rezultati-lutrije\/rezultati-izvlacenja-oz-lotto\/#primaryimage"},"thumbnailUrl":"http:\/\/jackpotlotteryonline.com\/wp-content\/uploads\/2022\/11\/1_euromillions_results.jpg","datePublished":"2025-02-06T11:25:25+00:00","dateModified":"2025-02-06T11:25:25+00:00","description":"Proverite brojeve pobednika i pro\u0161le rezultate za australijski Oz Lotto na na\u0161oj stranici sa rezultatima izvla\u010denja. Pobrinite se da ni\u0161ta ne propustite!","breadcrumb":{"@id":"https:\/\/jackpotlotteryonline.com\/sr\/rezultati-lutrije\/rezultati-izvlacenja-oz-lotto\/#breadcrumb"},"inLanguage":"sr-RS","potentialAction":[{"@type":"ReadAction","target":["https:\/\/jackpotlotteryonline.com\/sr\/rezultati-lutrije\/rezultati-izvlacenja-oz-lotto\/"]}]},{"@type":"ImageObject","inLanguage":"sr-RS","@id":"https:\/\/jackpotlotteryonline.com\/sr\/rezultati-lutrije\/rezultati-izvlacenja-oz-lotto\/#primaryimage","url":"http:\/\/jackpotlotteryonline.com\/wp-content\/uploads\/2022\/11\/1_euromillions_results.jpg","contentUrl":"http:\/\/jackpotlotteryonline.com\/wp-content\/uploads\/2022\/11\/1_euromillions_results.jpg"},{"@type":"BreadcrumbList","@id":"https:\/\/jackpotlotteryonline.com\/sr\/rezultati-lutrije\/rezultati-izvlacenja-oz-lotto\/#breadcrumb","itemListElement":[{"@type":"ListItem","position":1,"name":"Home","item":"https:\/\/jackpotlotteryonline.com\/sr\/"},{"@type":"ListItem","position":2,"name":"Rezultati lutrije","item":"https:\/\/jackpotlotteryonline.com\/sr\/rezultati-lutrije\/"},{"@type":"ListItem","position":3,"name":"Rezultati izvla\u010denja Oz Lotto"}]},{"@type":"WebSite","@id":"https:\/\/jackpotlotteryonline.com\/#website","url":"https:\/\/jackpotlotteryonline.com\/","name":"Lotto Online - Crack The International Lottery Jackpots","description":"","potentialAction":[{"@type":"SearchAction","target":{"@type":"EntryPoint","urlTemplate":"https:\/\/jackpotlotteryonline.com\/?s={search_term_string}"},"query-input":"required name=search_term_string"}],"inLanguage":"sr-RS"}]}},"_links":{"self":[{"href":"https:\/\/jackpotlotteryonline.com\/sr\/wp-json\/wp\/v2\/pages\/74615","targetHints":{"allow":["GET"]}}],"collection":[{"href":"https:\/\/jackpotlotteryonline.com\/sr\/wp-json\/wp\/v2\/pages"}],"about":[{"href":"https:\/\/jackpotlotteryonline.com\/sr\/wp-json\/wp\/v2\/types\/page"}],"author":[{"embeddable":true,"href":"https:\/\/jackpotlotteryonline.com\/sr\/wp-json\/wp\/v2\/users\/7"}],"replies":[{"embeddable":true,"href":"https:\/\/jackpotlotteryonline.com\/sr\/wp-json\/wp\/v2\/comments?post=74615"}],"version-history":[{"count":0,"href":"https:\/\/jackpotlotteryonline.com\/sr\/wp-json\/wp\/v2\/pages\/74615\/revisions"}],"up":[{"embeddable":true,"href":"https:\/\/jackpotlotteryonline.com\/sr\/wp-json\/wp\/v2\/pages\/74058"}],"wp:attachment":[{"href":"https:\/\/jackpotlotteryonline.com\/sr\/wp-json\/wp\/v2\/media?parent=74615"}],"curies":[{"name":"wp","href":"https:\/\/api.w.org\/{rel}","templated":true}]}}