{"id":74628,"date":"2025-02-06T14:09:22","date_gmt":"2025-02-06T14:09:22","guid":{"rendered":"https:\/\/jackpotlotteryonline.com\/?page_id=74628"},"modified":"2025-02-06T14:09:22","modified_gmt":"2025-02-06T14:09:22","slug":"rezultati-izvlacenja-powerball-australija","status":"publish","type":"page","link":"https:\/\/jackpotlotteryonline.com\/sr\/rezultati-lutrije\/rezultati-izvlacenja-powerball-australija\/","title":{"rendered":"Rezultati izvla\u010denja Powerball Australija"},"content":{"rendered":"<p><span style=\"font-weight: 400;\"><a href=\"https:\/\/jackpotlotteryonline.com\/play-online\/powerball-australia\">Igranje australijskog Powerballa<\/a> je jednostavno kada kupite svoje karte online. Na taj na\u010din mo\u017eete pristupiti Powerballu sa bilo kog mesta na svetu. Me\u0111utim, kupovina karte je samo deo igranja Powerballa. Tako\u0111e morate proveriti rezultate izvla\u010denja da biste saznali koji su brojevi dobitnici. Tako \u0107ete znati da li ste pobedili na lutriji ili ne. Ovde pru\u017eamo savete i informacije o tome kako mo\u017eete proveriti rezultate izvla\u010denja i pristupiti svojim nagradama.<\/span><\/p>\n<h2><span style=\"font-weight: 400;\">Kako da proverite dobitne brojeve Powerball Australija<\/span><\/h2>\n<p><span style=\"font-weight: 400;\">Da biste igrali Powerball, morate odabrati 7 brojeva iz opsega od 1 do 35, plus Powerball broj od 1 do 20. Tokom izvla\u010denja, nasumi\u010dno se izvla\u010di 8 brojeva. Svako ko pogodi izvu\u010dene brojeve ima dobitnu Powerball kartu.<\/span><\/p>\n<p><span style=\"font-weight: 400;\">Mo\u017eda ne\u0107ete mo\u0107i da pratite Powerball u\u017eivo na TV-u. Me\u0111utim, mo\u017eete proveriti vesti na internetu za dobitne brojeve Powerballa. Ove sajtove obi\u010dno postavljaju samo kombinaciju koja je osvojila d\u017eekpot. Me\u0111utim, Powerball ima nekoliko drugih nivoa nagrada.<\/span><\/p>\n<p><span style=\"font-weight: 400;\">Dakle, da biste znali dobitne brojeve Powerballa za sve nivoe nagrada, mo\u017eete se vratiti ovde nakon svakog izvla\u010denja. Objavljujemo dobitne brojeve Powerballa na na\u0161em sajtu. Tako\u0111e, ako ste svoju Powerball kartu kupili kod nas, obavesti\u0107emo vas ako imate neki od dobitnih brojeva. Posla\u0107emo vam email i staviti obave\u0161tenje na va\u0161 nalog. Na taj na\u010din ne morate da brinete da \u0107ete propustiti svoju pobedu.<\/span><\/p>\n<h2><span style=\"font-weight: 400;\"><img loading=\"lazy\" decoding=\"async\" class=\"alignright size-full wp-image-31181\" src=\"http:\/\/jackpotlotteryonline.com\/wp-content\/uploads\/2022\/11\/logo_powerball-300x50-1.jpg\" alt=\"odds of winning Powerball\" width=\"300\" height=\"50\" \/>Koji su \u0161anse za pobedu na Powerballu?<\/span><\/h2>\n<p><span style=\"font-weight: 400;\">Pobediti na lutriji nije lako. Mnogi ljudi ka\u017eu da su \u0161anse neverovatno male. Ipak, \u010dujemo o ljudima koji su osvojili iznose koji menjaju \u017eivot. Powerball Australija posebno ima dugu listu dobitnika lutrije, a verovatno je to zbog \u0161ansi.<\/span><\/p>\n<p><span style=\"font-weight: 400;\">\u0160anse za pobedu na Powerballu su 1 prema 70 miliona. To zna\u010di da bukvalno svako mo\u017ee da pobedi na Powerballu.<\/span><\/p>\n<p><span style=\"font-weight: 400;\">Osim toga, Powerball ima ukupno 9 kategorija nagrada, \u010dime se pove\u0107avaju \u0161anse za pobedu na ovoj lutriji.<\/span><\/p>\n<h2><span style=\"font-weight: 400;\">Powerball nagrade<\/span><\/h2>\n<p><span style=\"font-weight: 400;\">D\u017eekpot Powerballa obi\u010dno iznosi prose\u010dno 8 miliona AU$. Me\u0111utim, postoji nekoliko drugih nagrada koje mo\u017eete osvojiti ako imate dobitne brojeve Powerballa Australija.<\/span><\/p>\n<p><span style=\"font-weight: 400;\">Evo kategorija nagrada i isplata na jednom od Powerball izvla\u010denja. Imajte na umu da isplate ne\u0107e biti iste na svakom izvla\u010denju, jer nagrade zavise od bazena lutrije. Ovo je samo da biste dobili predstavu o tome \u0161ta mo\u017eete o\u010dekivati kada osvojite Powerball dobitne brojeve.<\/span><\/p>\n<p><span style=\"font-weight: 400;\">Divizija 1: pogodite 7 + Powerball &#8211; 8.000.000,00 USD (d\u017eekpot)<\/span><\/p>\n<p><span style=\"font-weight: 400;\">Divizija 2: pogodite samo 7 &#8211; 95.726,15 USD<\/span><\/p>\n<p><span style=\"font-weight: 400;\">Divizija 3: pogodite 6 + Powerball &#8211; 5.661,20 USD<\/span><\/p>\n<p><span style=\"font-weight: 400;\">Divizija 4: pogodite samo 6 &#8211; 501,70 USD<\/span><\/p>\n<p><span style=\"font-weight: 400;\">Divizija 5: pogodite 5 + Powerball &#8211; 166,75 USD<\/span><\/p>\n<p><span style=\"font-weight: 400;\">Divizija 6: pogodite samo 5 &#8211; 73,10 USD<\/span><\/p>\n<p><span style=\"font-weight: 400;\">Divizija 7: pogodite 4 + Powerball &#8211; 41,60 USD<\/span><\/p>\n<p><span style=\"font-weight: 400;\">Divizija 8: pogodite 3 + Powerball &#8211; 18,05 USD<\/span><\/p>\n<p><span style=\"font-weight: 400;\">Divizija 9: pogodite 2 + Powerball &#8211; 10,95 USD<\/span><\/p>\n<h2><span style=\"font-weight: 400;\">\u0160ta da radite ako imate dobitne brojeve<\/span><\/h2>\n<p><span style=\"font-weight: 400;\">Ako ste proverili rezultate izvla\u010denja i videli da imate dobitne brojeve Powerballa, slede\u0107i korak je kako da pristupite svojoj pobedi. Po\u0161to igrate Powerball izvan Australije, verovatno tra\u017eite prakti\u010dan na\u010din da podignete svoje nagrade.<\/span><\/p>\n<p><span style=\"font-weight: 400;\">Kada <a href=\"https:\/\/jackpotlotteryonline.com\/buy-tickets\/powerball-australia\">kupite svoju Powerball kartu kod nas<\/a>, tako\u0111e mo\u017eete pristupiti svojim nagradama sa bilo kog mesta. Za nagrade koje su ispod odre\u0111enog iznosa, sve \u0161to treba da uradite je da povu\u010dete svoje dobitke sa na\u0161e platforme. Mo\u017eete ih direktno prebaciti na svoj bankovni ra\u010dun.<\/span><\/p>\n<p><span style=\"font-weight: 400;\">Kada je va\u0161 dobitak ve\u0107i od navedenog iznosa, pru\u017ei\u0107emo vam obrazac za prijavu koji treba da popunite. Na taj na\u010din mo\u017eete da podignete svoju pobedu direktno od Powerball kompanije bez ikakvih problema.<\/span><\/p>\n<section class=\"layout\" style=\"border: solid 1px; width: 100%;\">\n<div class=\"img-div\" style=\"margin-top: 5px;\"><img decoding=\"async\" class=\"wp-image-17212 alignleft\" style=\"height: 45px; margin: 8px 8px 0px;\" src=\"http:\/\/jackpotlotteryonline.com\/wp-content\/uploads\/2022\/11\/read1.jpg\" alt=\"read\" width=\"\" height=\"\" \/><\/div>\n<div style=\"padding-left: 5px;\">\n<div style=\"font-size: 1.1em;\">\n<strong>Koji auto biste kupili ako osvojite lutriju?<\/strong><\/p>\n<p style=\"font-size: 0.85em; margin-top: -1.5em;\">Pobedite na lutriji i kupite novi auto <a href=\"https:\/\/jackpotlotteryonline.com\/what-car-would-you-buy-if-you-win-the-lottery\">pro\u010ditajte vi\u0161e<\/a><\/p>\n<\/div>\n<\/div>\n<\/section>\n<h2><span style=\"font-weight: 400;\">Prednosti igranja Powerballa sa Jackpotlotteryonline.com<\/span><\/h2>\n<ul>\n<li><span style=\"font-weight: 400;\">Brzo i odmah imate pristup lutriji. Ne morate da \u017eivite u Australiji da biste igrali Powerball.<\/span><\/li>\n<li><span style=\"font-weight: 400;\">Izuzetno je prakti\u010dno jer ne morate da napustite udobnost svog doma. Proverite svoje dobitne brojeve sa svog ra\u010dunara ili mobilnog ure\u0111aja.<\/span><\/li>\n<li><span style=\"font-weight: 400;\">Tako\u0111e je sigurnije jer se va\u0161a karta \u010duva digitalno. To je va\u017eno jer je to jedini na\u010din da preuzmete svoj dobitak.<\/span><\/li>\n<li><span style=\"font-weight: 400;\">Nema potrebe da propustite svoju pobedu jer \u0107emo vas odmah obavestiti ako osvojite bilo koju nagradu.<\/span><\/li>\n<li><span style=\"font-weight: 400;\">Mo\u017eete lako povu\u0107i bilo koji dobitak online bez potrebe da idete bilo gde.<\/span><\/li>\n<\/ul>\n<h2><span style=\"font-weight: 400;\">Proverite svoje dobitne brojeve sa nama<\/span><\/h2>\n<p><span style=\"font-weight: 400;\">Tokom vremena, posvetili smo mnogo resursa i truda kako bismo osigurali da na\u0161i igra\u010di imaju najbolje iskustvo. Ne samo da olak\u0161avamo kupovinu karata za najpoznatije me\u0111unarodne lutrije, ve\u0107 idemo nekoliko koraka dalje. To \u010dinimo tako \u0161to pru\u017eamo najnovije rezultate izvla\u010denja, tako da mo\u017eete lako proveriti dobitne brojeve.<\/span><\/p>\n<p><span style=\"font-weight: 400;\">Na kraju, ne morate da brinete o tome kako da pristupite svojim nagradama ako osvojite nagradu. Razmislili smo o svemu kako biste mogli da se fokusirate na ono \u0161to je va\u017eno. Registrujte se kod nas danas.<\/span><\/p>\n","protected":false},"excerpt":{"rendered":"<p>Igranje australijskog Powerballa je jednostavno kada kupite svoje karte online. Na taj na\u010din mo\u017eete pristupiti Powerballu sa bilo kog mesta na svetu. Me\u0111utim, kupovina karte je samo deo igranja Powerballa. Tako\u0111e morate proveriti rezultate izvla\u010denja da biste saznali koji su brojevi dobitnici. Tako \u0107ete znati da li ste pobedili na lutriji ili ne. Ovde pru\u017eamo [&hellip;]<\/p>\n","protected":false},"author":7,"featured_media":0,"parent":74058,"menu_order":17,"comment_status":"closed","ping_status":"closed","template":"powerball-au-results.php","meta":{"_et_pb_use_builder":"","_et_pb_old_content":"","_et_gb_content_width":"","exclude_from_search":false,"footnotes":""},"class_list":["post-74628","page","type-page","status-publish","hentry"],"yoast_head":"<!-- This site is optimized with the Yoast SEO plugin v23.3 - https:\/\/yoast.com\/wordpress\/plugins\/seo\/ -->\n<title>Pobedni\u010dki brojevi i rezultati izvla\u010denja Powerball Australija<\/title>\n<meta name=\"description\" content=\"Tra\u017eite pobedni\u010dke brojeve Powerball Australija? Prona\u0111ite rezultate izvla\u010denja australijskih lutrija na ovom sajtu\" \/>\n<meta name=\"robots\" content=\"index, follow, max-snippet:-1, max-image-preview:large, max-video-preview:-1\" \/>\n<link rel=\"canonical\" href=\"https:\/\/jackpotlotteryonline.com\/sr\/rezultati-lutrije\/rezultati-izvlacenja-powerball-australija\/\" \/>\n<meta property=\"og:locale\" content=\"sr_RS\" \/>\n<meta property=\"og:type\" content=\"article\" \/>\n<meta property=\"og:title\" content=\"Pobedni\u010dki brojevi i rezultati izvla\u010denja Powerball Australija\" \/>\n<meta property=\"og:description\" content=\"Tra\u017eite pobedni\u010dke brojeve Powerball Australija? Prona\u0111ite rezultate izvla\u010denja australijskih lutrija na ovom sajtu\" \/>\n<meta property=\"og:url\" content=\"https:\/\/jackpotlotteryonline.com\/sr\/rezultati-lutrije\/rezultati-izvlacenja-powerball-australija\/\" \/>\n<meta property=\"og:site_name\" content=\"Lotto Online - Crack The International Lottery Jackpots\" \/>\n<meta property=\"og:image\" content=\"http:\/\/jackpotlotteryonline.com\/wp-content\/uploads\/2022\/11\/logo_powerball-300x50-1.jpg\" \/>\n<meta name=\"twitter:card\" content=\"summary_large_image\" \/>\n<!-- \/ Yoast SEO plugin. -->","yoast_head_json":{"title":"Pobedni\u010dki brojevi i rezultati izvla\u010denja Powerball Australija","description":"Tra\u017eite pobedni\u010dke brojeve Powerball Australija? Prona\u0111ite rezultate izvla\u010denja australijskih lutrija na ovom sajtu","robots":{"index":"index","follow":"follow","max-snippet":"max-snippet:-1","max-image-preview":"max-image-preview:large","max-video-preview":"max-video-preview:-1"},"canonical":"https:\/\/jackpotlotteryonline.com\/sr\/rezultati-lutrije\/rezultati-izvlacenja-powerball-australija\/","og_locale":"sr_RS","og_type":"article","og_title":"Pobedni\u010dki brojevi i rezultati izvla\u010denja Powerball Australija","og_description":"Tra\u017eite pobedni\u010dke brojeve Powerball Australija? Prona\u0111ite rezultate izvla\u010denja australijskih lutrija na ovom sajtu","og_url":"https:\/\/jackpotlotteryonline.com\/sr\/rezultati-lutrije\/rezultati-izvlacenja-powerball-australija\/","og_site_name":"Lotto Online - Crack The International Lottery Jackpots","og_image":[{"url":"http:\/\/jackpotlotteryonline.com\/wp-content\/uploads\/2022\/11\/logo_powerball-300x50-1.jpg"}],"twitter_card":"summary_large_image","schema":{"@context":"https:\/\/schema.org","@graph":[{"@type":"WebPage","@id":"https:\/\/jackpotlotteryonline.com\/sr\/rezultati-lutrije\/rezultati-izvlacenja-powerball-australija\/","url":"https:\/\/jackpotlotteryonline.com\/sr\/rezultati-lutrije\/rezultati-izvlacenja-powerball-australija\/","name":"Pobedni\u010dki brojevi i rezultati izvla\u010denja Powerball Australija","isPartOf":{"@id":"https:\/\/jackpotlotteryonline.com\/#website"},"primaryImageOfPage":{"@id":"https:\/\/jackpotlotteryonline.com\/sr\/rezultati-lutrije\/rezultati-izvlacenja-powerball-australija\/#primaryimage"},"image":{"@id":"https:\/\/jackpotlotteryonline.com\/sr\/rezultati-lutrije\/rezultati-izvlacenja-powerball-australija\/#primaryimage"},"thumbnailUrl":"http:\/\/jackpotlotteryonline.com\/wp-content\/uploads\/2022\/11\/logo_powerball-300x50-1.jpg","datePublished":"2025-02-06T14:09:22+00:00","dateModified":"2025-02-06T14:09:22+00:00","description":"Tra\u017eite pobedni\u010dke brojeve Powerball Australija? Prona\u0111ite rezultate izvla\u010denja australijskih lutrija na ovom sajtu","breadcrumb":{"@id":"https:\/\/jackpotlotteryonline.com\/sr\/rezultati-lutrije\/rezultati-izvlacenja-powerball-australija\/#breadcrumb"},"inLanguage":"sr-RS","potentialAction":[{"@type":"ReadAction","target":["https:\/\/jackpotlotteryonline.com\/sr\/rezultati-lutrije\/rezultati-izvlacenja-powerball-australija\/"]}]},{"@type":"ImageObject","inLanguage":"sr-RS","@id":"https:\/\/jackpotlotteryonline.com\/sr\/rezultati-lutrije\/rezultati-izvlacenja-powerball-australija\/#primaryimage","url":"http:\/\/jackpotlotteryonline.com\/wp-content\/uploads\/2022\/11\/logo_powerball-300x50-1.jpg","contentUrl":"http:\/\/jackpotlotteryonline.com\/wp-content\/uploads\/2022\/11\/logo_powerball-300x50-1.jpg"},{"@type":"BreadcrumbList","@id":"https:\/\/jackpotlotteryonline.com\/sr\/rezultati-lutrije\/rezultati-izvlacenja-powerball-australija\/#breadcrumb","itemListElement":[{"@type":"ListItem","position":1,"name":"Home","item":"https:\/\/jackpotlotteryonline.com\/sr\/"},{"@type":"ListItem","position":2,"name":"Rezultati lutrije","item":"https:\/\/jackpotlotteryonline.com\/sr\/rezultati-lutrije\/"},{"@type":"ListItem","position":3,"name":"Rezultati izvla\u010denja Powerball Australija"}]},{"@type":"WebSite","@id":"https:\/\/jackpotlotteryonline.com\/#website","url":"https:\/\/jackpotlotteryonline.com\/","name":"Lotto Online - Crack The International Lottery Jackpots","description":"","potentialAction":[{"@type":"SearchAction","target":{"@type":"EntryPoint","urlTemplate":"https:\/\/jackpotlotteryonline.com\/?s={search_term_string}"},"query-input":"required name=search_term_string"}],"inLanguage":"sr-RS"}]}},"_links":{"self":[{"href":"https:\/\/jackpotlotteryonline.com\/sr\/wp-json\/wp\/v2\/pages\/74628","targetHints":{"allow":["GET"]}}],"collection":[{"href":"https:\/\/jackpotlotteryonline.com\/sr\/wp-json\/wp\/v2\/pages"}],"about":[{"href":"https:\/\/jackpotlotteryonline.com\/sr\/wp-json\/wp\/v2\/types\/page"}],"author":[{"embeddable":true,"href":"https:\/\/jackpotlotteryonline.com\/sr\/wp-json\/wp\/v2\/users\/7"}],"replies":[{"embeddable":true,"href":"https:\/\/jackpotlotteryonline.com\/sr\/wp-json\/wp\/v2\/comments?post=74628"}],"version-history":[{"count":0,"href":"https:\/\/jackpotlotteryonline.com\/sr\/wp-json\/wp\/v2\/pages\/74628\/revisions"}],"up":[{"embeddable":true,"href":"https:\/\/jackpotlotteryonline.com\/sr\/wp-json\/wp\/v2\/pages\/74058"}],"wp:attachment":[{"href":"https:\/\/jackpotlotteryonline.com\/sr\/wp-json\/wp\/v2\/media?parent=74628"}],"curies":[{"name":"wp","href":"https:\/\/api.w.org\/{rel}","templated":true}]}}