{"id":31988,"date":"2022-11-01T09:47:49","date_gmt":"2022-11-01T09:47:49","guid":{"rendered":"https:\/\/jackpotlotteryonline.com\/?page_id=31988"},"modified":"2023-01-06T12:01:34","modified_gmt":"2023-01-06T12:01:34","slug":"home","status":"publish","type":"page","link":"https:\/\/jackpotlotteryonline.com\/sv\/","title":{"rendered":"Home"},"content":{"rendered":"<h2>Spela lotto online och f\u00f6rb\u00e4ttra dina chanser<\/h2>\n<p>Vi visar dig hur du enkelt kan <a href=\"https:\/\/jackpotlotteryonline.com\/sv\/hur-man-spelar\">spela lotto online<\/a> &#8211; f\u00f6r ALLA dessa enorma jackpottar, f\u00f6r lotterier inte bara i ditt eget land, utan \u00f6verallt i v\u00e4rlden. Ditt nationella lotteri har inga attraktiva lotterier? Inget problem l\u00e4ngre, satsa bara p\u00e5 de riktigt stora vinsterna. Sl\u00f6sa inte dina pengar p\u00e5 sm\u00e5 vinster &#8211; det finns lotterier d\u00e4r ute med enorma jackpottar.<\/p>\n<p><strong>Kolla banderollerna p\u00e5 v\u00e5r webbplats f\u00f6r att se de st\u00f6rsta jackpottarna som du kan spela f\u00f6r just nu.<\/strong><br \/>\n<img loading=\"lazy\" decoding=\"async\" class=\"size-full wp-image-18302 alignright\" src=\"https:\/\/jackpotlotteryonline.com\/wp-content\/uploads\/2022\/10\/ticket_balls.jpg\" alt=\"spela lotto online\" width=\"297\" height=\"101\" \/><\/p>\n<p>Alla dessa fantastiska jackpottlotterier \u00e4r nu l\u00e4tt tillg\u00e4ngliga, oavsett var du bor. Klicka bara p\u00e5 en av l\u00e4nkarna f\u00f6r att spela lotto online och registrera dig hos RedFoxLotto, d\u00e4r du kan k\u00f6pa en lott via internet f\u00f6r var och en av dessa enorma jackpottar! RedFoxLotto g\u00f6r det m\u00f6jligt f\u00f6r dig att k\u00f6pa en lott f\u00f6r n\u00e5gon av v\u00e4rldens st\u00f6rsta jackpottar, oavsett var du bor. De k\u00f6per p\u00e5litligt din biljett \u00e5t dig och ser till att du f\u00e5r din vinst.<\/p>\n<h2>F\u00e5 tillg\u00e5ng till internationella lotterier<\/h2>\n<p>P\u00e5 v\u00e5r webbplats ger vi dig detaljerad information om alla v\u00e4rldens stora jackpottlotterier, hur du spelar online, hur du betalar, hur du f\u00e5r dina vinster och vad du m\u00e5ste g\u00f6ra om du kn\u00e4cker jackpotten. Det \u00e4r bara att l\u00e4sa artiklarna om hur man deltar och lotterirecensionerna p\u00e5 den h\u00e4r webbplatsen (kolla i toppmenyn), s\u00e5 kan du enkelt v\u00e4lja r\u00e4tt evenemang f\u00f6r dig sj\u00e4lv.<\/p>\n<h2>Det \u00e4r l\u00e4tt att spela online<\/h2>\n<p>Oavsett om du vill spela p\u00e5 den amerikanska Powerball Jackpot, EuroMillions Jackpot, spanska El Gordo, Italiens SuperEnaLotto eller n\u00e5got annat lotteri kan du<a href=\"https:\/\/jackpotlotteryonline.com\/sv\/kopa-biljetter\"> k\u00f6pa alla dina lotter p\u00e5 ett och samma st\u00e4lle<\/a> &#8211; h\u00e4r p\u00e5 v\u00e5r webbplats.<\/p>\n<p>Med v\u00e5r hj\u00e4lp \u00e4r du inte l\u00e4ngre begr\u00e4nsad till ditt nationella lotto &#8211; du kan nu v\u00e4lja att spela online-lotto f\u00f6r vilket evenemang du vill, via internet. P\u00e5 s\u00e5 s\u00e4tt kan du v\u00e4lja den jackpot som \u00e4r h\u00f6gst f\u00f6r tillf\u00e4llet och p\u00e5 s\u00e5 s\u00e4tt \u00f6ka dina chanser att vinna stort. Eller v\u00e4lj den lotto som dras n\u00e4sta g\u00e5ng &#8211; p\u00e5 s\u00e5 s\u00e4tt beh\u00f6ver du inte v\u00e4nta i evigheter p\u00e5 att f\u00e5 reda p\u00e5 om du har vunnit! Det \u00e4r hur enkelt som helst, fr\u00e5n att v\u00e4lja en jackpott till att v\u00e4lja dina nummer och betala.<\/p>\n<section class=\"layout\" style=\"border: solid 1px; width: 100%;\">\n<div class=\"img-div\" style=\"margin-top: 5px;\"><img decoding=\"async\" class=\"wp-image-17212 alignleft\" style=\"height: 45px; margin: 8px 8px 0px;\" src=\"https:\/\/jackpotlotteryonline.com\/wp-content\/uploads\/2022\/11\/read1.jpg\" alt=\"L\u00e4s\" width=\"\" height=\"\" \/><\/div>\n<div style=\"padding-left: 5px;\">\n<div style=\"font-size: 1.1em;\">\n<p><strong>\u00c4r det lagligt att spela lotterier fr\u00e5n andra l\u00e4nder p\u00e5 n\u00e4tet?<\/strong><\/p>\n<p style=\"font-size: 0.85em; margin-top: -1.5em;\">\u00c4r det lagligt att k\u00f6pa en lott p\u00e5 n\u00e4tet och f\u00e5r jag verkligen betalt?\u00a0<a href=\"https:\/\/jackpotlotteryonline.com\/sv\/ar-det-lagligt-att-spela-lotterier-fran-andra-lander-pa-natet\"> L\u00e4s mer<\/a><\/p>\n<\/div>\n<\/div>\n<\/section>\n<h2>Biljettservice p\u00e5 n\u00e4tet<\/h2>\n<p><strong>S\u00e5 h\u00e4r fungerar det:<\/strong> Vi erbjuder en kurirtj\u00e4nst f\u00f6r internationella lotter. Du v\u00e4ljer det lotteri du vill spela online genom att klicka p\u00e5 en av banderollerna ovan. Sedan v\u00e4ljer du dina nummer online. Om du f\u00f6redrar att dina lottonummer v\u00e4ljs av en slumpm\u00e4ssig nummergenerator kan du ocks\u00e5 g\u00f6ra det. N\u00e4r du har best\u00e4mt dig f\u00f6r dina nummer registrerar du dig f\u00f6r ett konto och v\u00e4ljer ett s\u00e4tt att betala f\u00f6r din lott. Det finns flera s\u00e4kra betalningsmetoder tillg\u00e4ngliga.<\/p>\n<p>V\u00e5ra agenter k\u00f6per sedan biljetten \u00e5t dig och skickar dig ett bekr\u00e4ftelsemail som bevis p\u00e5 ditt k\u00f6p. En skannad kopia av din lottorad kommer att visas p\u00e5 ditt konto kort efter ditt k\u00f6p.<\/p>\n<h2>F\u00f6rdelar med att spela internationella lotterier online<\/h2>\n<ul>\n<li>Fler valm\u00f6jligheter &#8211; i st\u00e4llet f\u00f6r att tvingas spela p\u00e5 ditt lokala lotteri, oavsett hur stor den aktuella jackpotten \u00e4r, kan du v\u00e4lja mellan flera lotterier.<\/li>\n<li>B\u00e4ttre valuta f\u00f6r pengarna &#8211; i st\u00e4llet f\u00f6r att till exempel betala 2 euro f\u00f6r en lott som kan ge 1 miljon euro kan du spela f\u00f6r en Mega-Jackpot p\u00e5 100 miljoner euro eller mycket mer. \u00c4ven om du betalar ett h\u00f6gre pris per lott f\u00f6r det st\u00f6rre lotteriet \u00e4r det matematiskt sett b\u00e4ttre att anv\u00e4nda dina pengar f\u00f6r att spela f\u00f6r den st\u00f6rre vinsten.<\/li>\n<li>Bekv\u00e4mlighet &#8211; du beh\u00f6ver inte l\u00e4ngre l\u00e4mna huset f\u00f6r att h\u00e4mta en lott. Du kan k\u00f6pa din lott hemifr\u00e5n eller anv\u00e4nda din mobiltelefon f\u00f6r att spela p\u00e5 lotteriet.<\/li>\n<li>S\u00e4kerhet &#8211; en lott p\u00e5 n\u00e4tet kan inte f\u00f6rloras, precis som en fysisk lottolott. Dina lotter lagras s\u00e4kert p\u00e5 ditt onlinekonto.<\/li>\n<\/ul>\n<h2>N\u00e4r \u00e4ger dragningarna f\u00f6r alla dessa lotterier rum?<\/h2>\n<p>Titta p\u00e5 bilden nedan. Den visar dig en \u00f6versikt \u00f6ver veckodagarna f\u00f6r dragningarna av de st\u00f6rsta lotterierna.<br \/>\n<img loading=\"lazy\" decoding=\"async\" class=\"wp-image-17843 aligncenter\" src=\"https:\/\/jackpotlotteryonline.com\/wp-content\/uploads\/2022\/10\/Lotto-draw-calendar-UTC-300x50.jpg\" alt=\"tider f\u00f6r lottodragningar\" width=\"684\" height=\"114\" srcset=\"https:\/\/jackpotlotteryonline.com\/wp-content\/uploads\/2022\/10\/Lotto-draw-calendar-UTC-300x50.jpg 300w, https:\/\/jackpotlotteryonline.com\/wp-content\/uploads\/2022\/10\/Lotto-draw-calendar-UTC-600x101.jpg 600w, https:\/\/jackpotlotteryonline.com\/wp-content\/uploads\/2022\/10\/Lotto-draw-calendar-UTC-1024x172.jpg 1024w, https:\/\/jackpotlotteryonline.com\/wp-content\/uploads\/2022\/10\/Lotto-draw-calendar-UTC-768x129.jpg 768w, https:\/\/jackpotlotteryonline.com\/wp-content\/uploads\/2022\/10\/Lotto-draw-calendar-UTC.jpg 1287w\" sizes=\"auto, (max-width: 684px) 100vw, 684px\" \/><\/p>\n<h2>Vad h\u00e4nder om du vinner en lottovinst?<\/h2>\n<p>Om du vinner skickar vi dig ett e-postmeddelande om din vinst. Du kan aldrig missa en vinst eller f\u00f6rlora din lott. Vi behandlar ditt krav genom att vidarebefordra din beg\u00e4ran om utbetalning till lotterif\u00f6retaget, som sedan utf\u00e4rdar en check till dig eller \u00f6verf\u00f6r vinsten till ditt bankkonto. Om du vinner en stor jackpott kan du i vissa fall bli tvungen att personligen infinna dig vid lotteriets huvudkontor. Inget problem, eller hur?<\/p>\n<p>Mindre vinster p\u00e5 upp till 2 500 euro kommer att l\u00e4ggas till p\u00e5 ditt spelarkonto direkt, och du kan antingen l\u00f6sa ut dem eller anv\u00e4nda pengarna f\u00f6r att k\u00f6pa fler lotter.<\/p>\n<p><strong>Det \u00e4r s\u00e5 h\u00e4r det fungerar. \u00c4r du redo att vinna stort? Skaffa dina lotter i dag!<\/strong><\/p>\n","protected":false},"excerpt":{"rendered":"<p>Spela lotto online och f\u00f6rb\u00e4ttra dina chanser Vi visar dig hur du enkelt kan spela lotto online &#8211; f\u00f6r ALLA dessa enorma jackpottar, f\u00f6r lotterier inte bara i ditt eget land, utan \u00f6verallt i v\u00e4rlden. Ditt nationella lotteri har inga attraktiva lotterier? Inget problem l\u00e4ngre, satsa bara p\u00e5 de riktigt stora vinsterna. Sl\u00f6sa inte dina [&hellip;]<\/p>\n","protected":false},"author":1,"featured_media":0,"parent":0,"menu_order":1,"comment_status":"closed","ping_status":"closed","template":"lotto.php","meta":{"_et_pb_use_builder":"","_et_pb_old_content":"","_et_gb_content_width":"","exclude_from_search":false,"footnotes":""},"class_list":["post-31988","page","type-page","status-publish","hentry"],"yoast_head":"<!-- This site is optimized with the Yoast SEO plugin v23.3 - https:\/\/yoast.com\/wordpress\/plugins\/seo\/ -->\n<title>Spela lotto online - kn\u00e4ck de internationella jackpottarna i lotteriet!<\/title>\n<meta name=\"description\" content=\"Skaffa din biljett till lotteriets jackpottar \u00f6ver hela v\u00e4rlden - spela dem alla online och vinn miljoner.\" \/>\n<meta name=\"robots\" content=\"index, follow, max-snippet:-1, max-image-preview:large, max-video-preview:-1\" \/>\n<link rel=\"canonical\" href=\"https:\/\/jackpotlotteryonline.com\/sv\/\" \/>\n<meta property=\"og:locale\" content=\"sv_SE\" \/>\n<meta property=\"og:type\" content=\"article\" \/>\n<meta property=\"og:title\" content=\"Spela lotto online - kn\u00e4ck de internationella jackpottarna i lotteriet!\" \/>\n<meta property=\"og:description\" content=\"Skaffa din biljett till lotteriets jackpottar \u00f6ver hela v\u00e4rlden - spela dem alla online och vinn miljoner.\" \/>\n<meta property=\"og:url\" content=\"https:\/\/jackpotlotteryonline.com\/sv\/\" \/>\n<meta property=\"og:site_name\" content=\"Lotto Online - Crack The International Lottery Jackpots\" \/>\n<meta property=\"article:modified_time\" content=\"2023-01-06T12:01:34+00:00\" \/>\n<meta property=\"og:image\" content=\"https:\/\/jackpotlotteryonline.com\/wp-content\/uploads\/2022\/10\/ticket_balls.jpg\" \/>\n<meta name=\"twitter:card\" content=\"summary_large_image\" \/>\n<meta name=\"twitter:label1\" content=\"Ber\u00e4knad l\u00e4stid\" \/>\n\t<meta name=\"twitter:data1\" content=\"4 minuter\" \/>\n<!-- \/ Yoast SEO plugin. -->","yoast_head_json":{"title":"Spela lotto online - kn\u00e4ck de internationella jackpottarna i lotteriet!","description":"Skaffa din biljett till lotteriets jackpottar \u00f6ver hela v\u00e4rlden - spela dem alla online och vinn miljoner.","robots":{"index":"index","follow":"follow","max-snippet":"max-snippet:-1","max-image-preview":"max-image-preview:large","max-video-preview":"max-video-preview:-1"},"canonical":"https:\/\/jackpotlotteryonline.com\/sv\/","og_locale":"sv_SE","og_type":"article","og_title":"Spela lotto online - kn\u00e4ck de internationella jackpottarna i lotteriet!","og_description":"Skaffa din biljett till lotteriets jackpottar \u00f6ver hela v\u00e4rlden - spela dem alla online och vinn miljoner.","og_url":"https:\/\/jackpotlotteryonline.com\/sv\/","og_site_name":"Lotto Online - Crack The International Lottery Jackpots","article_modified_time":"2023-01-06T12:01:34+00:00","og_image":[{"url":"https:\/\/jackpotlotteryonline.com\/wp-content\/uploads\/2022\/10\/ticket_balls.jpg"}],"twitter_card":"summary_large_image","twitter_misc":{"Ber\u00e4knad l\u00e4stid":"4 minuter"},"schema":{"@context":"https:\/\/schema.org","@graph":[{"@type":"WebPage","@id":"https:\/\/jackpotlotteryonline.com\/sv\/","url":"https:\/\/jackpotlotteryonline.com\/sv\/","name":"Spela lotto online - kn\u00e4ck de internationella jackpottarna i lotteriet!","isPartOf":{"@id":"https:\/\/jackpotlotteryonline.com\/#website"},"primaryImageOfPage":{"@id":"https:\/\/jackpotlotteryonline.com\/sv\/#primaryimage"},"image":{"@id":"https:\/\/jackpotlotteryonline.com\/sv\/#primaryimage"},"thumbnailUrl":"https:\/\/jackpotlotteryonline.com\/wp-content\/uploads\/2022\/10\/ticket_balls.jpg","datePublished":"2022-11-01T09:47:49+00:00","dateModified":"2023-01-06T12:01:34+00:00","description":"Skaffa din biljett till lotteriets jackpottar \u00f6ver hela v\u00e4rlden - spela dem alla online och vinn miljoner.","breadcrumb":{"@id":"https:\/\/jackpotlotteryonline.com\/sv\/#breadcrumb"},"inLanguage":"sv-SE","potentialAction":[{"@type":"ReadAction","target":["https:\/\/jackpotlotteryonline.com\/sv\/"]}]},{"@type":"ImageObject","inLanguage":"sv-SE","@id":"https:\/\/jackpotlotteryonline.com\/sv\/#primaryimage","url":"https:\/\/jackpotlotteryonline.com\/wp-content\/uploads\/2022\/10\/ticket_balls.jpg","contentUrl":"https:\/\/jackpotlotteryonline.com\/wp-content\/uploads\/2022\/10\/ticket_balls.jpg"},{"@type":"BreadcrumbList","@id":"https:\/\/jackpotlotteryonline.com\/sv\/#breadcrumb","itemListElement":[{"@type":"ListItem","position":1,"name":"Home","item":"https:\/\/jackpotlotteryonline.com\/sv\/"},{"@type":"ListItem","position":2,"name":"Home"}]},{"@type":"WebSite","@id":"https:\/\/jackpotlotteryonline.com\/#website","url":"https:\/\/jackpotlotteryonline.com\/","name":"Lotto Online - Crack The International Lottery Jackpots","description":"","potentialAction":[{"@type":"SearchAction","target":{"@type":"EntryPoint","urlTemplate":"https:\/\/jackpotlotteryonline.com\/?s={search_term_string}"},"query-input":"required name=search_term_string"}],"inLanguage":"sv-SE"}]}},"_links":{"self":[{"href":"https:\/\/jackpotlotteryonline.com\/sv\/wp-json\/wp\/v2\/pages\/31988","targetHints":{"allow":["GET"]}}],"collection":[{"href":"https:\/\/jackpotlotteryonline.com\/sv\/wp-json\/wp\/v2\/pages"}],"about":[{"href":"https:\/\/jackpotlotteryonline.com\/sv\/wp-json\/wp\/v2\/types\/page"}],"author":[{"embeddable":true,"href":"https:\/\/jackpotlotteryonline.com\/sv\/wp-json\/wp\/v2\/users\/1"}],"replies":[{"embeddable":true,"href":"https:\/\/jackpotlotteryonline.com\/sv\/wp-json\/wp\/v2\/comments?post=31988"}],"version-history":[{"count":0,"href":"https:\/\/jackpotlotteryonline.com\/sv\/wp-json\/wp\/v2\/pages\/31988\/revisions"}],"wp:attachment":[{"href":"https:\/\/jackpotlotteryonline.com\/sv\/wp-json\/wp\/v2\/media?parent=31988"}],"curies":[{"name":"wp","href":"https:\/\/api.w.org\/{rel}","templated":true}]}}