{"id":35725,"date":"2022-11-01T11:08:49","date_gmt":"2022-11-01T11:08:49","guid":{"rendered":"https:\/\/jackpotlotteryonline.com\/?page_id=35725"},"modified":"2022-12-19T08:03:34","modified_gmt":"2022-12-19T08:03:34","slug":"hur-man-spelar","status":"publish","type":"page","link":"https:\/\/jackpotlotteryonline.com\/sv\/hur-man-spelar\/","title":{"rendered":"Hur man spelar"},"content":{"rendered":"<h2>Evenemang och spel i lotterier p\u00e5 n\u00e4tet<\/h2>\n<p>Vill du ha chansen att bli miljon\u00e4r? Om s\u00e5 \u00e4r fallet ska du ansluta dig till miljontals m\u00e4nniskor runt om i v\u00e4rlden och b\u00f6rja spela lotteri p\u00e5 n\u00e4tet. Oavsett var du befinner dig, oavsett om det \u00e4r i USA, Storbritannien, Australien eller Nya Zeeland, finns det m\u00e5nga olika typer av internationella lottospel som kan spelas online f\u00f6r dig att v\u00e4lja mellan, och alla har stora jackpottar som du kan ha chans att vinna.<br \/>\n<img loading=\"lazy\" decoding=\"async\" class=\"size-full wp-image-17816 alignright\" src=\"https:\/\/jackpotlotteryonline.com\/wp-content\/uploads\/2022\/10\/lotteryticket.jpg\" alt=\"spela lotteri online\" width=\"212\" height=\"142\" \/><\/p>\n<p>Att b\u00f6rja spela lotto online \u00e4r mycket enkelt. En av de f\u00f6rsta sakerna du beh\u00f6ver g\u00f6ra \u00e4r att bes\u00f6ka v\u00e5r webbplats och bl\u00e4ddra bland de olika lotterier som finns tillg\u00e4ngliga. Detta kan du enkelt g\u00f6ra genom att v\u00e4lja ett eller flera av de lotterier som finns listade, n\u00e5gra av dem \u00e4r El Gordo Lottery, UK National Lottery, Thunderball Lotto, New York Lottery och m\u00e5nga fler.<\/p>\n<p>Det \u00e4r inom varje typ av lotteri som du kommer att kunna ta reda p\u00e5 allt du beh\u00f6ver veta. Sedan kan du anv\u00e4nda v\u00e5r tj\u00e4nst f\u00f6r att <a href=\"https:\/\/jackpotlotteryonline.com\/sv\/kopa-biljetter\">k\u00f6pa en lott online.<\/a><\/p>\n<p>Fr\u00e5n varje lotteribeskrivning hittar du detaljer som vad jackpotten f\u00f6r n\u00e4rvarande \u00e4r, vad den b\u00f6rjar p\u00e5 efter att ha vunnits, samt hur m\u00e5nga nummer du beh\u00f6ver matcha f\u00f6r att vinna jackpotpriset och vad de andra vinstniv\u00e5erna \u00e4r. Du kommer ocks\u00e5 att kunna hitta information som hur gammal du m\u00e5ste vara f\u00f6r att kunna spela lotterispel online f\u00f6r varje typ, samt vilka dagar och tider dragningarna h\u00e5lls.<\/p>\n<section class=\"layout\" style=\"border: solid 1px; width: 100%;\">\n<div class=\"img-div\" style=\"margin-top: 5px;\"><img decoding=\"async\" class=\"wp-image-17212 alignleft\" style=\"height: 45px; margin: 8px 8px 0px;\" src=\"https:\/\/jackpotlotteryonline.com\/wp-content\/uploads\/2022\/11\/read1.jpg\" alt=\"hur man spelar\" width=\"\" height=\"\" \/><\/div>\n<div style=\"padding-left: 5px;\">\n<div style=\"font-size: 1.1em;\">\n<p><strong>N\u00e5gra knep och tips f\u00f6r att v\u00e4lja dina nummer<\/strong><\/p>\n<p style=\"font-size: 0.85em; margin-top: -1.5em;\">\u00d6ka dina vinstchanser &#8211; anv\u00e4nd en viss strategi f\u00f6r att v\u00e4lja dina nummer.<a href=\"https:\/\/jackpotlotteryonline.com\/sv\/nagra-knep-och-tips-for-att-valja-dina-nummer\">L\u00e4s mer<\/a><\/p>\n<\/div>\n<\/div>\n<\/section>\n<h2>Internationellt lotto<\/h2>\n<p>F\u00f6r att maximera dina chanser att vinna den h\u00f6gsta m\u00f6jliga jackpotten hittar du vilka de aktuella jackpottarna \u00e4r. Detta inneb\u00e4r att du strategiskt v\u00e4ljer vilka lotterispel du vill spela online och v\u00e4ljer att spela dem med de h\u00f6gsta jackpottarna som finns tillg\u00e4ngliga.<\/p>\n<p>Du kommer ocks\u00e5 att kunna spela flera lotterispel online. Det inneb\u00e4r att du inte bara beh\u00f6ver l\u00e4gga en lott p\u00e5 endast en typ av lotteri, utan du kan spela olika typer om du vill samtidigt. Du kan till exempel spela ett amerikanskt och ett brittiskt baserat lotteri samtidigt om du vill, vilket kommer att \u00f6ka dina chanser att vinna en kontantvinst avsev\u00e4rt.<br \/>\n<img loading=\"lazy\" decoding=\"async\" class=\"alignright size-full wp-image-18329\" src=\"https:\/\/jackpotlotteryonline.com\/wp-content\/uploads\/2022\/10\/ticket_numbers_pick.jpg\" alt=\"Lottolott p\u00e5 n\u00e4tet\" width=\"212\" height=\"142\" \/><\/p>\n<p>F\u00f6rutom att du kan spela internationella lotterispel online oavsett var du befinner dig kan du ocks\u00e5 kontrollera resultaten av lotterispelen. Alla <a href=\"https:\/\/jackpotlotteryonline.com\/sv\/vinnande-nummer\">resultat f\u00f6r varje lotteri<\/a> oavsett vilket det \u00e4r kommer att ha resultaten uppdaterade online i realtid. Det betyder att s\u00e5 snart lottdragningen f\u00f6r det spel du har valt att spela har genomf\u00f6rts kommer resultaten att vara tillg\u00e4ngliga f\u00f6r dig att se mycket snabbt efter\u00e5t.<\/p>\n<p>Du kommer ocks\u00e5 att hitta information om exakt hur du spelar varje lotteri online. Du kan till exempel aldrig v\u00e4lja f\u00f6r f\u00e5 eller f\u00f6r m\u00e5nga nummer &#8211; v\u00e5rt biljettsystem visar dig ett meddelande n\u00e4r du g\u00f6r ett s\u00e5dant misstag och visar hur du ska r\u00e4tta till det.<\/p>\n<p>\u00c4ven om du aldrig har spelat ett visst lands lotteri tidigare kommer du d\u00e4rf\u00f6r att ha alla detaljer tillg\u00e4ngliga f\u00f6r att spela som om du vore ett proffs!<\/p>\n","protected":false},"excerpt":{"rendered":"<p>Evenemang och spel i lotterier p\u00e5 n\u00e4tet Vill du ha chansen att bli miljon\u00e4r? Om s\u00e5 \u00e4r fallet ska du ansluta dig till miljontals m\u00e4nniskor runt om i v\u00e4rlden och b\u00f6rja spela lotteri p\u00e5 n\u00e4tet. Oavsett var du befinner dig, oavsett om det \u00e4r i USA, Storbritannien, Australien eller Nya Zeeland, finns det m\u00e5nga olika [&hellip;]<\/p>\n","protected":false},"author":1,"featured_media":0,"parent":0,"menu_order":2,"comment_status":"closed","ping_status":"closed","template":"Play-all.php","meta":{"_et_pb_use_builder":"","_et_pb_old_content":"","_et_gb_content_width":"","exclude_from_search":false,"footnotes":""},"class_list":["post-35725","page","type-page","status-publish","hentry"],"yoast_head":"<!-- This site is optimized with the Yoast SEO plugin v23.3 - https:\/\/yoast.com\/wordpress\/plugins\/seo\/ -->\n<title>Kan jag delta i internationella lotterier online?<\/title>\n<meta name=\"description\" content=\"Du beh\u00f6ver inte vara bosatt i landet f\u00f6r att delta i n\u00e5got lands jackpottar.\" \/>\n<meta name=\"robots\" content=\"index, follow, max-snippet:-1, max-image-preview:large, max-video-preview:-1\" \/>\n<link rel=\"canonical\" href=\"https:\/\/jackpotlotteryonline.com\/play-online\/\" \/>\n<meta property=\"og:locale\" content=\"sv_SE\" \/>\n<meta property=\"og:type\" content=\"article\" \/>\n<meta property=\"og:title\" content=\"Kan jag delta i internationella lotterier online?\" \/>\n<meta property=\"og:description\" content=\"Du beh\u00f6ver inte vara bosatt i landet f\u00f6r att delta i n\u00e5got lands jackpottar.\" \/>\n<meta property=\"og:url\" content=\"https:\/\/jackpotlotteryonline.com\/play-online\/\" \/>\n<meta property=\"og:site_name\" content=\"Lotto Online - Crack The International Lottery Jackpots\" \/>\n<meta property=\"article:modified_time\" content=\"2022-12-19T08:03:34+00:00\" \/>\n<meta property=\"og:image\" content=\"https:\/\/jackpotlotteryonline.com\/wp-content\/uploads\/2022\/10\/lotteryticket.jpg\" \/>\n<meta name=\"twitter:card\" content=\"summary_large_image\" \/>\n<meta name=\"twitter:label1\" content=\"Ber\u00e4knad l\u00e4stid\" \/>\n\t<meta name=\"twitter:data1\" content=\"3 minuter\" \/>\n<!-- \/ Yoast SEO plugin. -->","yoast_head_json":{"title":"Kan jag delta i internationella lotterier online?","description":"Du beh\u00f6ver inte vara bosatt i landet f\u00f6r att delta i n\u00e5got lands jackpottar.","robots":{"index":"index","follow":"follow","max-snippet":"max-snippet:-1","max-image-preview":"max-image-preview:large","max-video-preview":"max-video-preview:-1"},"canonical":"https:\/\/jackpotlotteryonline.com\/play-online\/","og_locale":"sv_SE","og_type":"article","og_title":"Kan jag delta i internationella lotterier online?","og_description":"Du beh\u00f6ver inte vara bosatt i landet f\u00f6r att delta i n\u00e5got lands jackpottar.","og_url":"https:\/\/jackpotlotteryonline.com\/play-online\/","og_site_name":"Lotto Online - Crack The International Lottery Jackpots","article_modified_time":"2022-12-19T08:03:34+00:00","og_image":[{"url":"https:\/\/jackpotlotteryonline.com\/wp-content\/uploads\/2022\/10\/lotteryticket.jpg"}],"twitter_card":"summary_large_image","twitter_misc":{"Ber\u00e4knad l\u00e4stid":"3 minuter"},"schema":{"@context":"https:\/\/schema.org","@graph":[{"@type":"WebPage","@id":"https:\/\/jackpotlotteryonline.com\/play-online\/","url":"https:\/\/jackpotlotteryonline.com\/play-online\/","name":"Kan jag delta i internationella lotterier online?","isPartOf":{"@id":"https:\/\/jackpotlotteryonline.com\/#website"},"primaryImageOfPage":{"@id":"https:\/\/jackpotlotteryonline.com\/play-online\/#primaryimage"},"image":{"@id":"https:\/\/jackpotlotteryonline.com\/play-online\/#primaryimage"},"thumbnailUrl":"https:\/\/jackpotlotteryonline.com\/wp-content\/uploads\/2022\/10\/lotteryticket.jpg","datePublished":"2022-11-01T11:08:49+00:00","dateModified":"2022-12-19T08:03:34+00:00","description":"Du beh\u00f6ver inte vara bosatt i landet f\u00f6r att delta i n\u00e5got lands jackpottar.","breadcrumb":{"@id":"https:\/\/jackpotlotteryonline.com\/play-online\/#breadcrumb"},"inLanguage":"sv-SE","potentialAction":[{"@type":"ReadAction","target":["https:\/\/jackpotlotteryonline.com\/play-online\/"]}]},{"@type":"ImageObject","inLanguage":"sv-SE","@id":"https:\/\/jackpotlotteryonline.com\/play-online\/#primaryimage","url":"https:\/\/jackpotlotteryonline.com\/wp-content\/uploads\/2022\/10\/lotteryticket.jpg","contentUrl":"https:\/\/jackpotlotteryonline.com\/wp-content\/uploads\/2022\/10\/lotteryticket.jpg"},{"@type":"BreadcrumbList","@id":"https:\/\/jackpotlotteryonline.com\/play-online\/#breadcrumb","itemListElement":[{"@type":"ListItem","position":1,"name":"Home","item":"https:\/\/jackpotlotteryonline.com\/sv\/"},{"@type":"ListItem","position":2,"name":"Hur man spelar"}]},{"@type":"WebSite","@id":"https:\/\/jackpotlotteryonline.com\/#website","url":"https:\/\/jackpotlotteryonline.com\/","name":"Lotto Online - Crack The International Lottery Jackpots","description":"","potentialAction":[{"@type":"SearchAction","target":{"@type":"EntryPoint","urlTemplate":"https:\/\/jackpotlotteryonline.com\/?s={search_term_string}"},"query-input":"required name=search_term_string"}],"inLanguage":"sv-SE"}]}},"_links":{"self":[{"href":"https:\/\/jackpotlotteryonline.com\/sv\/wp-json\/wp\/v2\/pages\/35725","targetHints":{"allow":["GET"]}}],"collection":[{"href":"https:\/\/jackpotlotteryonline.com\/sv\/wp-json\/wp\/v2\/pages"}],"about":[{"href":"https:\/\/jackpotlotteryonline.com\/sv\/wp-json\/wp\/v2\/types\/page"}],"author":[{"embeddable":true,"href":"https:\/\/jackpotlotteryonline.com\/sv\/wp-json\/wp\/v2\/users\/1"}],"replies":[{"embeddable":true,"href":"https:\/\/jackpotlotteryonline.com\/sv\/wp-json\/wp\/v2\/comments?post=35725"}],"version-history":[{"count":0,"href":"https:\/\/jackpotlotteryonline.com\/sv\/wp-json\/wp\/v2\/pages\/35725\/revisions"}],"wp:attachment":[{"href":"https:\/\/jackpotlotteryonline.com\/sv\/wp-json\/wp\/v2\/media?parent=35725"}],"curies":[{"name":"wp","href":"https:\/\/api.w.org\/{rel}","templated":true}]}}