{"id":35784,"date":"2022-11-01T13:48:27","date_gmt":"2022-11-01T13:48:27","guid":{"rendered":"https:\/\/jackpotlotteryonline.com\/?page_id=35784"},"modified":"2022-12-19T11:34:49","modified_gmt":"2022-12-19T11:34:49","slug":"kopa-biljetter","status":"publish","type":"page","link":"https:\/\/jackpotlotteryonline.com\/sv\/kopa-biljetter\/","title":{"rendered":"Hur man k\u00f6per lotteri biljetter p\u00e5 n\u00e4tet"},"content":{"rendered":"<p>Att k\u00f6pa lotter p\u00e5 n\u00e4tet har blivit mycket popul\u00e4rt nu. Lottofantaster fr\u00e5n hela v\u00e4rlden anv\u00e4nder sig av v\u00e5r tj\u00e4nst f\u00f6r lotterier p\u00e5 n\u00e4tet. Och det finns m\u00e5nga goda sk\u00e4l till det.<\/p>\n<p>F\u00f6r vissa lottospelare \u00e4r det det enda s\u00e4ttet att k\u00f6pa lotter \u00f6verhuvudtaget, eftersom det inte finns n\u00e5got lotteri tillg\u00e4ngligt i det land d\u00e4r de bor. S\u00e5 de letar efter s\u00e4tt att ha en chans att vinna stora summor pengar, och f\u00f6r det tittar de p\u00e5 lotterier i andra l\u00e4nder. Och p\u00e5 v\u00e5r webbplats finns det m\u00e5nga lotterijackpottar att v\u00e4lja mellan.<\/p>\n<p>Andra lottofantaster har visserligen lotterier i sina egna l\u00e4nder, men dessa lotterier kanske inte \u00e4r lika attraktiva f\u00f6r dem. Ofta har dessa lokala lotterier mindre toppvinster och jackpottar, eller s\u00e5 spelas de bara en g\u00e5ng i veckan. S\u00e5 spelarna kommer att leta efter andra,<a href=\"https:\/\/jackpotlotteryonline.com\/sv\/hur-man-spelar\"> mer lukrativa alternativ.<\/a><\/p>\n<h2>H\u00f6gre utbetalningar som erbjuds av lotterier i andra l\u00e4nder<\/h2>\n<p><img loading=\"lazy\" decoding=\"async\" class=\"alignright wp-image-17212\" src=\"https:\/\/jackpotlotteryonline.com\/wp-content\/uploads\/2022\/10\/1_buy_ticket_online.jpg\" alt=\"k\u00f6pa lotterier p\u00e5 n\u00e4tet\" width=\"272\" height=\"204\" \/><\/p>\n<p>Det \u00e4r en v\u00e4lk\u00e4nd princip att det \u00e4r vettigare att investera pengar i en lott n\u00e4r jackpottarna \u00e4r mycket h\u00f6ga. N\u00e4r du k\u00f6per din lott vill du ju trots allt ha maximalt v\u00e4rde f\u00f6r pengarna. Det betyder att om biljettpriset \u00e4r detsamma ger en potentiellt h\u00f6gre vinst dig mer valuta f\u00f6r pengarna.<\/p>\n<p>Men \u00e4ven om onlinebiljetten f\u00f6r det lotteri du vill spela skulle vara dubbelt s\u00e5 dyr som en biljett f\u00f6r ditt lokala lotteri, skulle det f\u00f6r det mesta \u00e4nd\u00e5 vara vettigt att k\u00f6pa den dyrare onlinebiljetten. Om den m\u00f6jliga jackpotten \u00e4r mer \u00e4n dubbelt s\u00e5 stor som din lokala jackpot \u00e4r dina matematiska vinstchanser h\u00f6gre med det lotteri som du m\u00e5ste k\u00f6pa en n\u00e4tbiljett f\u00f6r.<\/p>\n<h2>Det finns alltid en stor jackpot n\u00e5gonstans i v\u00e4rlden<\/h2>\n<p>Och det \u00e4r den fr\u00e4msta anledningen till att k\u00f6pa lotterier p\u00e5 n\u00e4tet. Med s\u00e5 m\u00e5nga lotterier som \u00e4r tillg\u00e4ngliga f\u00f6r dig via en biljettj\u00e4nst online hittar du alltid en stor jackpot som \u00e4r v\u00e4rd att investera i. Faktum \u00e4r att en stor del av v\u00e5ra kunder f\u00f6ljer en enkel strategi: Vilket lotteri som helst som f\u00f6r n\u00e4rvarande har den st\u00f6rsta jackpotten \u00e4r det lotteri som de k\u00f6per sin biljett f\u00f6r. Det \u00e4r v\u00e4l helt logiskt, eller hur?<\/p>\n<section class=\"layout\" style=\"border: solid 1px; width: 100%;\">\n<div class=\"img-div\" style=\"margin-top: 5px;\"><img decoding=\"async\" class=\"wp-image-17212 alignleft\" style=\"height: 45px; margin: 8px 8px 0px;\" src=\"https:\/\/jackpotlotteryonline.com\/wp-content\/uploads\/2022\/11\/read1.jpg\" alt=\"Akta dig f\u00f6r blufflotterier\" width=\"\" height=\"\" \/><\/div>\n<div style=\"padding-left: 5px;\">\n<div style=\"font-size: 1.1em;\">\n<p><strong>Lottobedr\u00e4gerier som du b\u00f6r vara medveten om<\/strong><\/p>\n<p style=\"font-size: 0.85em; margin-top: -1.5em;\">Fall inte i lotterif\u00e4llorna \u00a0<a href=\"https:\/\/jackpotlotteryonline.com\/sv\/akta-dig-for-bedragerier-med-lotterier-pa-natet\">L\u00e4s mer<\/a><\/p>\n<\/div>\n<\/div>\n<\/section>\n<h2>\u00c4r det lagligt att k\u00f6pa en lott online f\u00f6r ett av dessa lotterier?<\/h2>\n<p>Ja, det \u00e4r det. T\u00e4nk dig att du r\u00e5kar befinna dig i USA och att det lokala Powerball-lotteriet har en enorm jackpot. Du g\u00e5r och k\u00f6per en lott, och den lotten vinner. Naturligtvis m\u00e5ste lotteriet betala dig, \u00e4ven om du inte l\u00e4ngre befinner dig i landet vid den <a href=\"https:\/\/jackpotlotteryonline.com\/sv\/vinnande-nummer\">tidpunkt d\u00e5 dragningen sker<\/a>. Du har lagligen k\u00f6pt en lott. Det spelar ingen roll om du bor i USA eller inte. Och det fungerar p\u00e5 samma s\u00e4tt med alla andra v\u00e4rldsomsp\u00e4nnande lotterier.<\/p>\n<p>Skillnaden online i v\u00e5r onlinetj\u00e4nst \u00e4r att vi k\u00f6per sj\u00e4lva lotten f\u00f6r din r\u00e4kning. Du best\u00e4ller den online och en av v\u00e5ra lokala agenter k\u00f6per en fysisk biljett \u00e5t dig. De kommer ocks\u00e5 att skanna din biljett och den kommer att laddas upp till ditt spelarkonto s\u00e5 att du kan se att vi har k\u00f6pt en faktisk biljett \u00e5t dig.<br \/>\n<img loading=\"lazy\" decoding=\"async\" class=\"alignright size-medium wp-image-25854\" src=\"https:\/\/jackpotlotteryonline.com\/wp-content\/uploads\/2022\/10\/1_results_tickets_lotto-300x212.jpg\" alt=\"lotteri biljett\" width=\"300\" height=\"212\" srcset=\"https:\/\/jackpotlotteryonline.com\/wp-content\/uploads\/2022\/10\/1_results_tickets_lotto-300x212.jpg 300w, https:\/\/jackpotlotteryonline.com\/wp-content\/uploads\/2022\/10\/1_results_tickets_lotto.jpg 320w\" sizes=\"auto, (max-width: 300px) 100vw, 300px\" \/><\/p>\n<p>Om du vinner stort \u00e4r det upp till dig om du vill \u00e5ka till det land d\u00e4r lotteriet h\u00e5lls. Om du vill kan du h\u00e4mta din lott hos oss och personligen visa upp den vinnande lotten f\u00f6r lotterikommissionen. Hur vet de vem som har k\u00f6pt den?<\/p>\n<p>Men du beh\u00f6ver faktiskt inte g\u00f6ra det p\u00e5 det s\u00e4ttet. F\u00f6r en del av v\u00e5r tj\u00e4nst f\u00f6r lotterilotter p\u00e5 n\u00e4tet \u00e4r att vi \u00e4ven kan sk\u00f6ta utbetalningen \u00e5t dig. Vi behandlar dina vinster och lotterikommissionen skickar antingen en check till dig eller s\u00e5 \u00f6verf\u00f6r de vinsten till ditt bankkonto.<\/p>\n<p>Och visste du att alla mindre vinster (under 2 500,00 euro) omedelbart krediteras ditt spelarkonto p\u00e5 v\u00e5r webbplats? Du beh\u00f6ver inte g\u00f6ra n\u00e5got f\u00f6r att f\u00e5 dessa mindre vinster. Och du kan be om ett uttag n\u00e4r som helst, och vi kommer att betala ut dessa pengar till ditt bankkonto, kreditkort eller till din kryptovalutapl\u00e5nbok (om du har en s\u00e5dan).<\/p>\n<h2>Andra f\u00f6rdelar med att k\u00f6pa dina lotter p\u00e5 n\u00e4tet<\/h2>\n<p>V\u00e5r lottservice har n\u00e5gra andra, ganska uppenbara f\u00f6rdelar, som \u00e4r:<\/p>\n<ul>\n<li>Du beh\u00f6ver inte l\u00e4mna huset f\u00f6r att h\u00e4mta din lott.<\/li>\n<li>Inga k\u00f6er vid lotteriombudet eller butiken (viktigt s\u00e4rskilt n\u00e4r jackpottarna \u00e4r stora!).<\/li>\n<li>Din biljett kan inte g\u00e5 f\u00f6rlorad, eftersom den har skannats och f\u00f6rvaras i v\u00e5ra s\u00e4kra valv.<\/li>\n<\/ul>\n<p>S\u00e5 vad v\u00e4ntar du p\u00e5? V\u00e4lj ett lotteri och k\u00f6p dina biljetter online idag &#8211; med lite tur kan du vara morgondagens jackpotvinnare!<\/p>\n","protected":false},"excerpt":{"rendered":"<p>Att k\u00f6pa lotter p\u00e5 n\u00e4tet har blivit mycket popul\u00e4rt nu. Lottofantaster fr\u00e5n hela v\u00e4rlden anv\u00e4nder sig av v\u00e5r tj\u00e4nst f\u00f6r lotterier p\u00e5 n\u00e4tet. Och det finns m\u00e5nga goda sk\u00e4l till det. F\u00f6r vissa lottospelare \u00e4r det det enda s\u00e4ttet att k\u00f6pa lotter \u00f6verhuvudtaget, eftersom det inte finns n\u00e5got lotteri tillg\u00e4ngligt i det land d\u00e4r de [&hellip;]<\/p>\n","protected":false},"author":1,"featured_media":0,"parent":0,"menu_order":3,"comment_status":"closed","ping_status":"closed","template":"Information.php","meta":{"_et_pb_use_builder":"","_et_pb_old_content":"","_et_gb_content_width":"","exclude_from_search":false,"footnotes":""},"class_list":["post-35784","page","type-page","status-publish","hentry"],"yoast_head":"<!-- This site is optimized with the Yoast SEO plugin v23.3 - https:\/\/yoast.com\/wordpress\/plugins\/seo\/ -->\n<title>Hur man k\u00f6per lotter online f\u00f6r v\u00e4rldsomsp\u00e4nnande lotterier<\/title>\n<meta name=\"description\" content=\"Vad du ska t\u00e4nka p\u00e5 n\u00e4r du k\u00f6per dina lotter f\u00f6r internationella lotterier p\u00e5 n\u00e4tet. Vissa lotttj\u00e4nster online \u00e4r mindre rekommenderade, ta reda p\u00e5 vilka.\" \/>\n<meta name=\"robots\" content=\"index, follow, max-snippet:-1, max-image-preview:large, max-video-preview:-1\" \/>\n<link rel=\"canonical\" href=\"https:\/\/jackpotlotteryonline.com\/buy-tickets\/\" \/>\n<meta property=\"og:locale\" content=\"sv_SE\" \/>\n<meta property=\"og:type\" content=\"article\" \/>\n<meta property=\"og:title\" content=\"Hur man k\u00f6per lotter online f\u00f6r v\u00e4rldsomsp\u00e4nnande lotterier\" \/>\n<meta property=\"og:description\" content=\"Vad du ska t\u00e4nka p\u00e5 n\u00e4r du k\u00f6per dina lotter f\u00f6r internationella lotterier p\u00e5 n\u00e4tet. Vissa lotttj\u00e4nster online \u00e4r mindre rekommenderade, ta reda p\u00e5 vilka.\" \/>\n<meta property=\"og:url\" content=\"https:\/\/jackpotlotteryonline.com\/buy-tickets\/\" \/>\n<meta property=\"og:site_name\" content=\"Lotto Online - Crack The International Lottery Jackpots\" \/>\n<meta property=\"article:modified_time\" content=\"2022-12-19T11:34:49+00:00\" \/>\n<meta property=\"og:image\" content=\"https:\/\/jackpotlotteryonline.com\/wp-content\/uploads\/2022\/10\/1_buy_ticket_online.jpg\" \/>\n<meta name=\"twitter:card\" content=\"summary_large_image\" \/>\n<meta name=\"twitter:label1\" content=\"Ber\u00e4knad l\u00e4stid\" \/>\n\t<meta name=\"twitter:data1\" content=\"4 minuter\" \/>\n<!-- \/ Yoast SEO plugin. -->","yoast_head_json":{"title":"Hur man k\u00f6per lotter online f\u00f6r v\u00e4rldsomsp\u00e4nnande lotterier","description":"Vad du ska t\u00e4nka p\u00e5 n\u00e4r du k\u00f6per dina lotter f\u00f6r internationella lotterier p\u00e5 n\u00e4tet. Vissa lotttj\u00e4nster online \u00e4r mindre rekommenderade, ta reda p\u00e5 vilka.","robots":{"index":"index","follow":"follow","max-snippet":"max-snippet:-1","max-image-preview":"max-image-preview:large","max-video-preview":"max-video-preview:-1"},"canonical":"https:\/\/jackpotlotteryonline.com\/buy-tickets\/","og_locale":"sv_SE","og_type":"article","og_title":"Hur man k\u00f6per lotter online f\u00f6r v\u00e4rldsomsp\u00e4nnande lotterier","og_description":"Vad du ska t\u00e4nka p\u00e5 n\u00e4r du k\u00f6per dina lotter f\u00f6r internationella lotterier p\u00e5 n\u00e4tet. Vissa lotttj\u00e4nster online \u00e4r mindre rekommenderade, ta reda p\u00e5 vilka.","og_url":"https:\/\/jackpotlotteryonline.com\/buy-tickets\/","og_site_name":"Lotto Online - Crack The International Lottery Jackpots","article_modified_time":"2022-12-19T11:34:49+00:00","og_image":[{"url":"https:\/\/jackpotlotteryonline.com\/wp-content\/uploads\/2022\/10\/1_buy_ticket_online.jpg"}],"twitter_card":"summary_large_image","twitter_misc":{"Ber\u00e4knad l\u00e4stid":"4 minuter"},"schema":{"@context":"https:\/\/schema.org","@graph":[{"@type":"WebPage","@id":"https:\/\/jackpotlotteryonline.com\/buy-tickets\/","url":"https:\/\/jackpotlotteryonline.com\/buy-tickets\/","name":"Hur man k\u00f6per lotter online f\u00f6r v\u00e4rldsomsp\u00e4nnande lotterier","isPartOf":{"@id":"https:\/\/jackpotlotteryonline.com\/#website"},"primaryImageOfPage":{"@id":"https:\/\/jackpotlotteryonline.com\/buy-tickets\/#primaryimage"},"image":{"@id":"https:\/\/jackpotlotteryonline.com\/buy-tickets\/#primaryimage"},"thumbnailUrl":"https:\/\/jackpotlotteryonline.com\/wp-content\/uploads\/2022\/10\/1_buy_ticket_online.jpg","datePublished":"2022-11-01T13:48:27+00:00","dateModified":"2022-12-19T11:34:49+00:00","description":"Vad du ska t\u00e4nka p\u00e5 n\u00e4r du k\u00f6per dina lotter f\u00f6r internationella lotterier p\u00e5 n\u00e4tet. Vissa lotttj\u00e4nster online \u00e4r mindre rekommenderade, ta reda p\u00e5 vilka.","breadcrumb":{"@id":"https:\/\/jackpotlotteryonline.com\/buy-tickets\/#breadcrumb"},"inLanguage":"sv-SE","potentialAction":[{"@type":"ReadAction","target":["https:\/\/jackpotlotteryonline.com\/buy-tickets\/"]}]},{"@type":"ImageObject","inLanguage":"sv-SE","@id":"https:\/\/jackpotlotteryonline.com\/buy-tickets\/#primaryimage","url":"https:\/\/jackpotlotteryonline.com\/wp-content\/uploads\/2022\/10\/1_buy_ticket_online.jpg","contentUrl":"https:\/\/jackpotlotteryonline.com\/wp-content\/uploads\/2022\/10\/1_buy_ticket_online.jpg"},{"@type":"BreadcrumbList","@id":"https:\/\/jackpotlotteryonline.com\/buy-tickets\/#breadcrumb","itemListElement":[{"@type":"ListItem","position":1,"name":"Home","item":"https:\/\/jackpotlotteryonline.com\/sv\/"},{"@type":"ListItem","position":2,"name":"Hur man k\u00f6per lotteri biljetter p\u00e5 n\u00e4tet"}]},{"@type":"WebSite","@id":"https:\/\/jackpotlotteryonline.com\/#website","url":"https:\/\/jackpotlotteryonline.com\/","name":"Lotto Online - Crack The International Lottery Jackpots","description":"","potentialAction":[{"@type":"SearchAction","target":{"@type":"EntryPoint","urlTemplate":"https:\/\/jackpotlotteryonline.com\/?s={search_term_string}"},"query-input":"required name=search_term_string"}],"inLanguage":"sv-SE"}]}},"_links":{"self":[{"href":"https:\/\/jackpotlotteryonline.com\/sv\/wp-json\/wp\/v2\/pages\/35784","targetHints":{"allow":["GET"]}}],"collection":[{"href":"https:\/\/jackpotlotteryonline.com\/sv\/wp-json\/wp\/v2\/pages"}],"about":[{"href":"https:\/\/jackpotlotteryonline.com\/sv\/wp-json\/wp\/v2\/types\/page"}],"author":[{"embeddable":true,"href":"https:\/\/jackpotlotteryonline.com\/sv\/wp-json\/wp\/v2\/users\/1"}],"replies":[{"embeddable":true,"href":"https:\/\/jackpotlotteryonline.com\/sv\/wp-json\/wp\/v2\/comments?post=35784"}],"version-history":[{"count":0,"href":"https:\/\/jackpotlotteryonline.com\/sv\/wp-json\/wp\/v2\/pages\/35784\/revisions"}],"wp:attachment":[{"href":"https:\/\/jackpotlotteryonline.com\/sv\/wp-json\/wp\/v2\/media?parent=35784"}],"curies":[{"name":"wp","href":"https:\/\/api.w.org\/{rel}","templated":true}]}}