{"id":35858,"date":"2022-11-02T07:45:13","date_gmt":"2022-11-02T07:45:13","guid":{"rendered":"https:\/\/jackpotlotteryonline.com\/?page_id=35858"},"modified":"2022-12-26T08:40:55","modified_gmt":"2022-12-26T08:40:55","slug":"vinnande-nummer","status":"publish","type":"page","link":"https:\/\/jackpotlotteryonline.com\/sv\/vinnande-nummer\/","title":{"rendered":"Lotterieresultat"},"content":{"rendered":"<h2>Lotterieresultat p\u00e5 n\u00e4tet<\/h2>\n<p>Med ett s\u00e5 stort utbud av lotterier som du kan spela och den enkla tillg\u00e5ngen till Internet som vi alla har i dag f\u00f6redrar m\u00e5nga att snabbt kontrollera sina lotteriresultat p\u00e5 n\u00e4tet. Om du har k\u00f6pt en lott \u00e4r du s\u00e4kert angel\u00e4gen om att f\u00e5 reda p\u00e5 vilka vinnande nummer som finns f\u00f6r den specifika dragningen. <strong>Nu kan du enkelt kolla resultaten av internationella jackpottar p\u00e5 n\u00e4tet p\u00e5 n\u00e5gra sekunder.<\/strong><\/p>\n<p>Denna tj\u00e4nst \u00e4r tillg\u00e4nglig \u00f6ver hela v\u00e4rlden, s\u00e5 oavsett var du befinner dig, oavsett om du \u00e4r p\u00e5 semester, p\u00e5 en aff\u00e4rsresa utomlands, eller helt enkelt p\u00e5 jobbet eller ute med v\u00e4nnerna beh\u00f6ver du inte l\u00e4ngre leta i den lokala tidningen eller v\u00e4nta n\u00e5gra dagar f\u00f6r att f\u00e5 reda p\u00e5 om du har vunnit en jackpott. Du kan nu helt enkelt bes\u00f6ka v\u00e5r webbplats och v\u00e4lja resultaten f\u00f6r det lotteri du har satsat p\u00e5 och snabbt ta reda p\u00e5 om du har matchat n\u00e5gra nummer.<\/p>\n<section class=\"layout\" style=\"border: solid 1px; width: 100%;\">\n<div class=\"img-div\" style=\"margin-top: 5px;\"><img decoding=\"async\" class=\"wp-image-17212 alignleft\" style=\"height: 45px; margin: 8px 8px 0px;\" src=\"https:\/\/jackpotlotteryonline.com\/wp-content\/uploads\/2022\/11\/read1.jpg\" alt=\"L\u00e4s\" width=\"\" height=\"\" \/><\/div>\n<div style=\"padding-left: 5px;\">\n<div style=\"font-size: 1.1em;\">\n<p><strong>Se hur dina lottnummer dras live<\/strong><\/p>\n<p style=\"font-size: 0.85em; margin-top: -1.5em;\">Hur du kan titta p\u00e5 live-uttagningar av dina favoritlotterier <a href=\"https:\/\/jackpotlotteryonline.com\/sv\/titta-pa-hur-dina-lottnummer-dras-live\">L\u00e4s mer<\/a><\/p>\n<\/div>\n<\/div>\n<\/section>\n<h2>Internationella jackpotvinnande lottonummer<\/h2>\n<p>Kolla veckans vinnande lottonummer f\u00f6r de st\u00f6rsta internationella jackpottarna, dagligen uppdaterade p\u00e5 v\u00e5r webbplats. Vi listar de b\u00e4sta och st\u00f6rsta lottona p\u00e5 planeten, inklusive El Gordo, Euromillions, Mega Millions, Powerball, SuperEnaLotto och m\u00e5nga fler.<br \/>\n<img loading=\"lazy\" decoding=\"async\" class=\"alignright size-medium wp-image-19277\" src=\"https:\/\/jackpotlotteryonline.com\/wp-content\/uploads\/2022\/10\/2_ticket_powerball_au2-163x300.jpg\" alt=\"skanning av lotterilotter\" width=\"163\" height=\"300\" srcset=\"https:\/\/jackpotlotteryonline.com\/wp-content\/uploads\/2022\/10\/2_ticket_powerball_au2-163x300.jpg 163w, https:\/\/jackpotlotteryonline.com\/wp-content\/uploads\/2022\/10\/2_ticket_powerball_au2.jpg 250w\" sizes=\"auto, (max-width: 163px) 100vw, 163px\" \/><\/p>\n<p><strong>Du kanske tror att de flesta av dessa lotterier \u00e4r otillg\u00e4ngliga f\u00f6r dig att spela, men det \u00e4r inte sant!<\/strong> Numera \u00e4r det l\u00e4tt att <a href=\"https:\/\/jackpotlotteryonline.com\/sv\/kopa-biljetter\">k\u00f6pa lotter p\u00e5 n\u00e4tet<\/a> f\u00f6r n\u00e4stan alla lotterier. Det inneb\u00e4r att du inte beh\u00f6ver bo i det land d\u00e4r lotteriet h\u00e5lls.<\/p>\n<p><strong>Detta \u00e4r m\u00f6jligt tack vare en tj\u00e4nst som tillhandah\u00e5lls av oss.<\/strong><\/p>\n<p>Klicka bara p\u00e5 n\u00e5gon av <a href=\"https:\/\/jackpotlotteryonline.com\/sv\/hur-man-spelar\">knapparna &#8220;Spela&#8221;<\/a> ovan s\u00e5 kommer du till sidan f\u00f6r nummerplockning f\u00f6r det specifika lotteriet. V\u00e4lj dina nummer, registrera dig och betala online &#8211; s\u00e5 enkelt \u00e4r det! Du f\u00e5r en bekr\u00e4ftelse p\u00e5 din personliga lott omedelbart efter att k\u00f6pet \u00e4r genomf\u00f6rt och en skanning av din lott lite senare. Vi kommer ocks\u00e5 att se till att du f\u00e5r betalt det du vinner. Dessa v\u00e4rldsomsp\u00e4nnande jackpottar kan ofta vara 100 g\u00e5nger st\u00f6rre \u00e4n ditt lokala lotteri, s\u00e5 vad v\u00e4ntar du p\u00e5? G\u00f6r ditt val!<\/p>\n<h2>Se om du har vunnit &#8211; j\u00e4mf\u00f6r din lott med de vinnande numren.<\/h2>\n<p>Du kan inte bara kontrollera lotteriresultat online fr\u00e5n din b\u00e4rbara dator, station\u00e4ra dator eller till och med din iPhone hemma eller p\u00e5 kontoret, utan du kan ocks\u00e5 kontrollera resultat f\u00f6r s\u00e5 m\u00e5nga lotterier direkt, p\u00e5 en och samma sida.<\/p>\n<p>N\u00e4r varje lottodragning har \u00e4gt rum uppdateras resultaten f\u00f6r varje dragning i realtid. Det betyder att resultaten av internationella jackpottar online \u00e4r tillg\u00e4ngliga f\u00f6r dig inom n\u00e5gra \u00f6gonblick efter att dragningen \u00e4gt rum.<br \/>\n<img loading=\"lazy\" decoding=\"async\" class=\"alignright wp-image-19599\" src=\"https:\/\/jackpotlotteryonline.com\/wp-content\/uploads\/2022\/10\/1_balls_draw_lotto_numbers-200x300.jpg\" alt=\"vinnande nummer i ett lotteri\" width=\"154\" height=\"231\" srcset=\"https:\/\/jackpotlotteryonline.com\/wp-content\/uploads\/2022\/10\/1_balls_draw_lotto_numbers-200x300.jpg 200w, https:\/\/jackpotlotteryonline.com\/wp-content\/uploads\/2022\/10\/1_balls_draw_lotto_numbers.jpg 320w\" sizes=\"auto, (max-width: 154px) 100vw, 154px\" \/><\/p>\n<p>Om du har valt att k\u00f6pa en lottolott online, oavsett vilken typ av lotto det \u00e4r, \u00e4r det \u00e4nnu enklare att kontrollera dina lotteri resultat online h\u00e4r p\u00e5 v\u00e5r sida. Detta beror p\u00e5 att du vid den tidpunkt d\u00e5 du placerar din lott p\u00e5 n\u00e4tet m\u00e5ste ange din e-postadress. Den beh\u00f6vs inte bara f\u00f6r att du ska kunna \u00f6ppna ett konto f\u00f6r att spela, utan ocks\u00e5 f\u00f6r att du ska kunna f\u00e5 meddelande om en vinst.<\/p>\n<p>N\u00e4r lottodragningen har \u00e4gt rum kommer du att meddelas automatiskt via e-post om du har f\u00e5tt r\u00e4tt nummer som kan ha gett dig en kontantvinst. Det \u00e4r bara att kontrollera din e-postinkorg.<\/p>\n<p>Om du har k\u00f6pt din lott p\u00e5 n\u00e4tet h\u00e4r kan du dessutom logga in p\u00e5 ditt klientkonto, och resultaten kommer att visas precis bredvid din lott f\u00f6r j\u00e4mf\u00f6relse. De nummer p\u00e5 din lott som matchar dragningen kommer att lyftas fram. Det \u00e4r s\u00e5 bekv\u00e4mt som det bara \u00e4r m\u00e4nskligt m\u00f6jligt!<\/p>\n<p>Med s\u00e5 m\u00e5nga fantastiska f\u00f6rm\u00e5ner och praktiska funktioner som att snabbt kunna kontrollera dina lotteri resultat online, <strong>v\u00e4ljer m\u00e5nga m\u00e4nniskor nu att k\u00f6pa lotto biljetter online ist\u00e4llet f\u00f6r i butiker.<\/strong><\/p>\n","protected":false},"excerpt":{"rendered":"<p>Lotterieresultat p\u00e5 n\u00e4tet Med ett s\u00e5 stort utbud av lotterier som du kan spela och den enkla tillg\u00e5ngen till Internet som vi alla har i dag f\u00f6redrar m\u00e5nga att snabbt kontrollera sina lotteriresultat p\u00e5 n\u00e4tet. Om du har k\u00f6pt en lott \u00e4r du s\u00e4kert angel\u00e4gen om att f\u00e5 reda p\u00e5 vilka vinnande nummer som finns [&hellip;]<\/p>\n","protected":false},"author":1,"featured_media":0,"parent":0,"menu_order":4,"comment_status":"closed","ping_status":"closed","template":"Results.php","meta":{"_et_pb_use_builder":"","_et_pb_old_content":"","_et_gb_content_width":"","exclude_from_search":false,"footnotes":""},"class_list":["post-35858","page","type-page","status-publish","hentry"],"yoast_head":"<!-- This site is optimized with the Yoast SEO plugin v23.3 - https:\/\/yoast.com\/wordpress\/plugins\/seo\/ -->\n<title>Vinnande nummer och resultat f\u00f6r internationella jackpottar p\u00e5 lotto<\/title>\n<meta name=\"description\" content=\"Den h\u00e4r sidan visar resultat och vinnande nummer f\u00f6r de flesta internationella jackpottlotterier online.\" \/>\n<meta name=\"robots\" content=\"index, follow, max-snippet:-1, max-image-preview:large, max-video-preview:-1\" \/>\n<link rel=\"canonical\" href=\"https:\/\/jackpotlotteryonline.com\/sv\/vinnande-nummer\/\" \/>\n<meta property=\"og:locale\" content=\"sv_SE\" \/>\n<meta property=\"og:type\" content=\"article\" \/>\n<meta property=\"og:title\" content=\"Vinnande nummer och resultat f\u00f6r internationella jackpottar p\u00e5 lotto\" \/>\n<meta property=\"og:description\" content=\"Den h\u00e4r sidan visar resultat och vinnande nummer f\u00f6r de flesta internationella jackpottlotterier online.\" \/>\n<meta property=\"og:url\" content=\"https:\/\/jackpotlotteryonline.com\/sv\/vinnande-nummer\/\" \/>\n<meta property=\"og:site_name\" content=\"Lotto Online - Crack The International Lottery Jackpots\" \/>\n<meta property=\"article:modified_time\" content=\"2022-12-26T08:40:55+00:00\" \/>\n<meta property=\"og:image\" content=\"https:\/\/jackpotlotteryonline.com\/wp-content\/uploads\/2022\/11\/read1.jpg\" \/>\n<meta name=\"twitter:card\" content=\"summary_large_image\" \/>\n<meta name=\"twitter:label1\" content=\"Ber\u00e4knad l\u00e4stid\" \/>\n\t<meta name=\"twitter:data1\" content=\"4 minuter\" \/>\n<!-- \/ Yoast SEO plugin. -->","yoast_head_json":{"title":"Vinnande nummer och resultat f\u00f6r internationella jackpottar p\u00e5 lotto","description":"Den h\u00e4r sidan visar resultat och vinnande nummer f\u00f6r de flesta internationella jackpottlotterier online.","robots":{"index":"index","follow":"follow","max-snippet":"max-snippet:-1","max-image-preview":"max-image-preview:large","max-video-preview":"max-video-preview:-1"},"canonical":"https:\/\/jackpotlotteryonline.com\/sv\/vinnande-nummer\/","og_locale":"sv_SE","og_type":"article","og_title":"Vinnande nummer och resultat f\u00f6r internationella jackpottar p\u00e5 lotto","og_description":"Den h\u00e4r sidan visar resultat och vinnande nummer f\u00f6r de flesta internationella jackpottlotterier online.","og_url":"https:\/\/jackpotlotteryonline.com\/sv\/vinnande-nummer\/","og_site_name":"Lotto Online - Crack The International Lottery Jackpots","article_modified_time":"2022-12-26T08:40:55+00:00","og_image":[{"url":"https:\/\/jackpotlotteryonline.com\/wp-content\/uploads\/2022\/11\/read1.jpg"}],"twitter_card":"summary_large_image","twitter_misc":{"Ber\u00e4knad l\u00e4stid":"4 minuter"},"schema":{"@context":"https:\/\/schema.org","@graph":[{"@type":"WebPage","@id":"https:\/\/jackpotlotteryonline.com\/sv\/vinnande-nummer\/","url":"https:\/\/jackpotlotteryonline.com\/sv\/vinnande-nummer\/","name":"Vinnande nummer och resultat f\u00f6r internationella jackpottar p\u00e5 lotto","isPartOf":{"@id":"https:\/\/jackpotlotteryonline.com\/#website"},"primaryImageOfPage":{"@id":"https:\/\/jackpotlotteryonline.com\/sv\/vinnande-nummer\/#primaryimage"},"image":{"@id":"https:\/\/jackpotlotteryonline.com\/sv\/vinnande-nummer\/#primaryimage"},"thumbnailUrl":"https:\/\/jackpotlotteryonline.com\/wp-content\/uploads\/2022\/11\/read1.jpg","datePublished":"2022-11-02T07:45:13+00:00","dateModified":"2022-12-26T08:40:55+00:00","description":"Den h\u00e4r sidan visar resultat och vinnande nummer f\u00f6r de flesta internationella jackpottlotterier online.","breadcrumb":{"@id":"https:\/\/jackpotlotteryonline.com\/sv\/vinnande-nummer\/#breadcrumb"},"inLanguage":"sv-SE","potentialAction":[{"@type":"ReadAction","target":["https:\/\/jackpotlotteryonline.com\/sv\/vinnande-nummer\/"]}]},{"@type":"ImageObject","inLanguage":"sv-SE","@id":"https:\/\/jackpotlotteryonline.com\/sv\/vinnande-nummer\/#primaryimage","url":"https:\/\/jackpotlotteryonline.com\/wp-content\/uploads\/2022\/11\/read1.jpg","contentUrl":"https:\/\/jackpotlotteryonline.com\/wp-content\/uploads\/2022\/11\/read1.jpg"},{"@type":"BreadcrumbList","@id":"https:\/\/jackpotlotteryonline.com\/sv\/vinnande-nummer\/#breadcrumb","itemListElement":[{"@type":"ListItem","position":1,"name":"Home","item":"https:\/\/jackpotlotteryonline.com\/sv\/"},{"@type":"ListItem","position":2,"name":"Lotterieresultat"}]},{"@type":"WebSite","@id":"https:\/\/jackpotlotteryonline.com\/#website","url":"https:\/\/jackpotlotteryonline.com\/","name":"Lotto Online - Crack The International Lottery Jackpots","description":"","potentialAction":[{"@type":"SearchAction","target":{"@type":"EntryPoint","urlTemplate":"https:\/\/jackpotlotteryonline.com\/?s={search_term_string}"},"query-input":"required name=search_term_string"}],"inLanguage":"sv-SE"}]}},"_links":{"self":[{"href":"https:\/\/jackpotlotteryonline.com\/sv\/wp-json\/wp\/v2\/pages\/35858","targetHints":{"allow":["GET"]}}],"collection":[{"href":"https:\/\/jackpotlotteryonline.com\/sv\/wp-json\/wp\/v2\/pages"}],"about":[{"href":"https:\/\/jackpotlotteryonline.com\/sv\/wp-json\/wp\/v2\/types\/page"}],"author":[{"embeddable":true,"href":"https:\/\/jackpotlotteryonline.com\/sv\/wp-json\/wp\/v2\/users\/1"}],"replies":[{"embeddable":true,"href":"https:\/\/jackpotlotteryonline.com\/sv\/wp-json\/wp\/v2\/comments?post=35858"}],"version-history":[{"count":0,"href":"https:\/\/jackpotlotteryonline.com\/sv\/wp-json\/wp\/v2\/pages\/35858\/revisions"}],"wp:attachment":[{"href":"https:\/\/jackpotlotteryonline.com\/sv\/wp-json\/wp\/v2\/media?parent=35858"}],"curies":[{"name":"wp","href":"https:\/\/api.w.org\/{rel}","templated":true}]}}