{"id":35911,"date":"2022-11-02T10:02:24","date_gmt":"2022-11-02T10:02:24","guid":{"rendered":"https:\/\/jackpotlotteryonline.com\/?page_id=35911"},"modified":"2022-12-19T09:33:09","modified_gmt":"2022-12-19T09:33:09","slug":"powerball","status":"publish","type":"page","link":"https:\/\/jackpotlotteryonline.com\/sv\/hur-man-spelar\/powerball\/","title":{"rendered":"Powerball USA"},"content":{"rendered":"<h2>Jackpotten i Powerball-lotteriet p\u00e5 n\u00e4tet<\/h2>\n<p><img loading=\"lazy\" decoding=\"async\" class=\"alignright size-full wp-image-19358\" src=\"https:\/\/jackpotlotteryonline.com\/wp-content\/uploads\/2022\/10\/2_ticket_powerball3.jpg\" alt=\"Powerball-biljett\" width=\"180\" height=\"194\" \/><\/p>\n<p>Du tittar p\u00e5 ett av USA:s \u00e4ldsta och st\u00f6rsta lotterier. Powerball Lottery Jackpot erbjuds av en lotterikommission som best\u00e5r av 41 amerikanska delstater. Det drivs i alla USA:s delstater (inklusive Jungfru\u00f6arna och Columbia-distriktet) utom 8 (Nevada, Kalifornien, Utah, Mississippi, Wyoming, Alabama, Hawaii och Alaska).<\/p>\n<p>Powerball lotteriets jackpot online har vid flera tillf\u00e4llen g\u00e5tt \u00f6ver 300 miljoner dollar i jackpotbelopp och den h\u00f6gsta jackpotten n\u00e5gonsin var 1 500 miljoner dollar. Normalt sett b\u00f6rjar jackpottarna p\u00e5 20 miljoner dollar och stiger med minst 5 miljoner dollar varje g\u00e5ng jackpotten inte har n\u00e5tts.<\/p>\n<section class=\"layout\" style=\"border: solid 1px; width: 100%;\">\n<div class=\"img-div\" style=\"margin-top: 5px;\"><img decoding=\"async\" class=\"wp-image-17212 alignleft\" style=\"height: 45px; margin: 8px 8px 0px;\" src=\"https:\/\/jackpotlotteryonline.com\/wp-content\/uploads\/2022\/11\/read1.jpg\" alt=\"st\u00f6rsta jackpotten i lotto\" width=\"\" height=\"\" \/><\/div>\n<div style=\"padding-left: 5px;\">\n<div style=\"font-size: 1.1em;\">\n<p><strong>Historiska, rekordstora jackpottar p\u00e5 lotteri<\/strong><\/p>\n<p style=\"font-size: 0.85em; margin-top: -1.5em;\">De st\u00f6rsta jackpottarna i historien kommer att f\u00e5 dig att bli galen. <a href=\"https:\/\/jackpotlotteryonline.com\/sv\/historiens-storsta-jackpottar-i-lotto\">L\u00e4s mer<\/a><\/p>\n<\/div>\n<\/div>\n<\/section>\n<h2>Hur man spelar Powerball-lotteriet<\/h2>\n<p>Du kan enkelt <strong><a href=\"https:\/\/jackpotlotteryonline.com\/sv\/kopa-biljetter\/powerball\">skaffa din lotterilott online<\/a> via v\u00e5r webbplats. F\u00f6r att spela och vinna Powerball-lotteriets jackpot<\/strong> beh\u00f6ver du inte vara amerikansk medborgare &#8211; du kan bo utanf\u00f6r USA, men du m\u00e5ste vara minst 18 \u00e5r gammal. Allt du beh\u00f6ver g\u00f6ra \u00e4r att klicka p\u00e5 en av lotteribannrarna, registrera dig och verifiera dig sj\u00e4lv samt g\u00f6ra betalningen. Vi sk\u00f6ter resten n\u00e4r du g\u00f6r en best\u00e4llning. Biljettk\u00f6p, leverans och hj\u00e4lp med penninglogistik \u00e4r de omr\u00e5den som du kan f\u00e5 hj\u00e4lp med.<br \/>\n<img loading=\"lazy\" decoding=\"async\" class=\"alignright size-full wp-image-18167\" src=\"https:\/\/jackpotlotteryonline.com\/wp-content\/uploads\/2022\/10\/powerball_globe_logo.png\" alt=\"spela powerball online\" width=\"200\" height=\"212\" \/><\/p>\n<p>F\u00f6r att vinna Powerball Lottery Jackpot m\u00e5ste du f\u00e5 fem nummer av 59 r\u00e4tt, plus Powerballnumret mellan 1 och 39. Det finns nio s\u00e4tt att vinna, och du f\u00e5r redan ett pris om du tr\u00e4ffar Powerballnumret.<\/p>\n<p><a href=\"https:\/\/jackpotlotteryonline.com\/sv\/kopa-biljetter\/powerball\">Powerball lotterijackpot<\/a> online \u00e4r ett traditionellt lotteri med tv\u00e5 trummor. Den ena trumman kommer med 59 vita bollar den andra trumman kommer med 39 r\u00f6da bollar. Du m\u00e5ste v\u00e4lja 5 vita bollar och en r\u00f6d boll. Bollarna kan v\u00e4ljas slumpm\u00e4ssigt och ordningen f\u00f6r urvalet har ingen betydelse f\u00f6r resultatet.<\/p>\n<p>Att definitivt spela Powerball lotteriets jackpot p\u00e5 n\u00e4tet har sina egna f\u00f6rdelar och p\u00e5 grund av dess fantastiska vinstchanser finns det en stor efterfr\u00e5gan p\u00e5 detta lotteri.<\/p>\n<h2>Det \u00e4r dags att pr\u00f6va lyckan i Powerball.<\/h2>\n<p>Om du \u00e4r en person som gillar att pr\u00f6va lyckan i hasardspel \u00e4r Powerball-lotteriet s\u00e4kert r\u00e4tt st\u00e4lle att b\u00f6rja p\u00e5. Det finns mycket mer information p\u00e5 v\u00e5r webbplats som kan hj\u00e4lpa dig att best\u00e4mma vilka nummer du ska v\u00e4lja och spela.<\/p>\n<p>M\u00e5nga m\u00e4nniskor tenderar att tro att lotteriet \u00e4r ett slumpspel. Men de kanske tenderar att t\u00e4nka lite annorlunda n\u00e4r de v\u00e4l f\u00f6rst\u00e5r hur Powerball-lotteriet fungerar. <strong>Det finns m\u00e5nga som redan har vunnit p\u00e5 Powerball och det finns ingen anledning till varf\u00f6r du inte kan bli en av dem. B\u00f6rja nu&#8230;!<\/strong><\/p>\n","protected":false},"excerpt":{"rendered":"<p>Jackpotten i Powerball-lotteriet p\u00e5 n\u00e4tet Du tittar p\u00e5 ett av USA:s \u00e4ldsta och st\u00f6rsta lotterier. Powerball Lottery Jackpot erbjuds av en lotterikommission som best\u00e5r av 41 amerikanska delstater. Det drivs i alla USA:s delstater (inklusive Jungfru\u00f6arna och Columbia-distriktet) utom 8 (Nevada, Kalifornien, Utah, Mississippi, Wyoming, Alabama, Hawaii och Alaska). Powerball lotteriets jackpot online har vid [&hellip;]<\/p>\n","protected":false},"author":1,"featured_media":0,"parent":35725,"menu_order":1,"comment_status":"closed","ping_status":"closed","template":"powerball-usa.php","meta":{"_et_pb_use_builder":"","_et_pb_old_content":"","_et_gb_content_width":"","exclude_from_search":false,"footnotes":""},"class_list":["post-35911","page","type-page","status-publish","hentry"],"yoast_head":"<!-- This site is optimized with the Yoast SEO plugin v23.3 - https:\/\/yoast.com\/wordpress\/plugins\/seo\/ -->\n<title>Spela Powerball Lottery online, fr\u00e5n ett land utanf\u00f6r USA.<\/title>\n<meta name=\"description\" content=\"Powerball lotteriet \u00e4r ett av USA:s \u00e4ldsta lotterier - l\u00e4s detta f\u00f6r att ta reda p\u00e5 hur du kan spela online och fr\u00e5n ett land utanf\u00f6r USA idag!\" \/>\n<meta name=\"robots\" content=\"index, follow, max-snippet:-1, max-image-preview:large, max-video-preview:-1\" \/>\n<link rel=\"canonical\" href=\"https:\/\/jackpotlotteryonline.com\/play-online\/powerball\/\" \/>\n<meta property=\"og:locale\" content=\"sv_SE\" \/>\n<meta property=\"og:type\" content=\"article\" \/>\n<meta property=\"og:title\" content=\"Spela Powerball Lottery online, fr\u00e5n ett land utanf\u00f6r USA.\" \/>\n<meta property=\"og:description\" content=\"Powerball lotteriet \u00e4r ett av USA:s \u00e4ldsta lotterier - l\u00e4s detta f\u00f6r att ta reda p\u00e5 hur du kan spela online och fr\u00e5n ett land utanf\u00f6r USA idag!\" \/>\n<meta property=\"og:url\" content=\"https:\/\/jackpotlotteryonline.com\/play-online\/powerball\/\" \/>\n<meta property=\"og:site_name\" content=\"Lotto Online - Crack The International Lottery Jackpots\" \/>\n<meta property=\"article:modified_time\" content=\"2022-12-19T09:33:09+00:00\" \/>\n<meta property=\"og:image\" content=\"https:\/\/jackpotlotteryonline.com\/wp-content\/uploads\/2022\/10\/2_ticket_powerball3.jpg\" \/>\n<meta name=\"twitter:card\" content=\"summary_large_image\" \/>\n<meta name=\"twitter:label1\" content=\"Ber\u00e4knad l\u00e4stid\" \/>\n\t<meta name=\"twitter:data1\" content=\"3 minuter\" \/>\n<!-- \/ Yoast SEO plugin. -->","yoast_head_json":{"title":"Spela Powerball Lottery online, fr\u00e5n ett land utanf\u00f6r USA.","description":"Powerball lotteriet \u00e4r ett av USA:s \u00e4ldsta lotterier - l\u00e4s detta f\u00f6r att ta reda p\u00e5 hur du kan spela online och fr\u00e5n ett land utanf\u00f6r USA idag!","robots":{"index":"index","follow":"follow","max-snippet":"max-snippet:-1","max-image-preview":"max-image-preview:large","max-video-preview":"max-video-preview:-1"},"canonical":"https:\/\/jackpotlotteryonline.com\/play-online\/powerball\/","og_locale":"sv_SE","og_type":"article","og_title":"Spela Powerball Lottery online, fr\u00e5n ett land utanf\u00f6r USA.","og_description":"Powerball lotteriet \u00e4r ett av USA:s \u00e4ldsta lotterier - l\u00e4s detta f\u00f6r att ta reda p\u00e5 hur du kan spela online och fr\u00e5n ett land utanf\u00f6r USA idag!","og_url":"https:\/\/jackpotlotteryonline.com\/play-online\/powerball\/","og_site_name":"Lotto Online - Crack The International Lottery Jackpots","article_modified_time":"2022-12-19T09:33:09+00:00","og_image":[{"url":"https:\/\/jackpotlotteryonline.com\/wp-content\/uploads\/2022\/10\/2_ticket_powerball3.jpg"}],"twitter_card":"summary_large_image","twitter_misc":{"Ber\u00e4knad l\u00e4stid":"3 minuter"},"schema":{"@context":"https:\/\/schema.org","@graph":[{"@type":"WebPage","@id":"https:\/\/jackpotlotteryonline.com\/play-online\/powerball\/","url":"https:\/\/jackpotlotteryonline.com\/play-online\/powerball\/","name":"Spela Powerball Lottery online, fr\u00e5n ett land utanf\u00f6r USA.","isPartOf":{"@id":"https:\/\/jackpotlotteryonline.com\/#website"},"primaryImageOfPage":{"@id":"https:\/\/jackpotlotteryonline.com\/play-online\/powerball\/#primaryimage"},"image":{"@id":"https:\/\/jackpotlotteryonline.com\/play-online\/powerball\/#primaryimage"},"thumbnailUrl":"https:\/\/jackpotlotteryonline.com\/wp-content\/uploads\/2022\/10\/2_ticket_powerball3.jpg","datePublished":"2022-11-02T10:02:24+00:00","dateModified":"2022-12-19T09:33:09+00:00","description":"Powerball lotteriet \u00e4r ett av USA:s \u00e4ldsta lotterier - l\u00e4s detta f\u00f6r att ta reda p\u00e5 hur du kan spela online och fr\u00e5n ett land utanf\u00f6r USA idag!","breadcrumb":{"@id":"https:\/\/jackpotlotteryonline.com\/play-online\/powerball\/#breadcrumb"},"inLanguage":"sv-SE","potentialAction":[{"@type":"ReadAction","target":["https:\/\/jackpotlotteryonline.com\/play-online\/powerball\/"]}]},{"@type":"ImageObject","inLanguage":"sv-SE","@id":"https:\/\/jackpotlotteryonline.com\/play-online\/powerball\/#primaryimage","url":"https:\/\/jackpotlotteryonline.com\/wp-content\/uploads\/2022\/10\/2_ticket_powerball3.jpg","contentUrl":"https:\/\/jackpotlotteryonline.com\/wp-content\/uploads\/2022\/10\/2_ticket_powerball3.jpg"},{"@type":"BreadcrumbList","@id":"https:\/\/jackpotlotteryonline.com\/play-online\/powerball\/#breadcrumb","itemListElement":[{"@type":"ListItem","position":1,"name":"Home","item":"https:\/\/jackpotlotteryonline.com\/sv\/"},{"@type":"ListItem","position":2,"name":"Hur man spelar","item":"https:\/\/jackpotlotteryonline.com\/play-online\/"},{"@type":"ListItem","position":3,"name":"Powerball USA"}]},{"@type":"WebSite","@id":"https:\/\/jackpotlotteryonline.com\/#website","url":"https:\/\/jackpotlotteryonline.com\/","name":"Lotto Online - Crack The International Lottery Jackpots","description":"","potentialAction":[{"@type":"SearchAction","target":{"@type":"EntryPoint","urlTemplate":"https:\/\/jackpotlotteryonline.com\/?s={search_term_string}"},"query-input":"required name=search_term_string"}],"inLanguage":"sv-SE"}]}},"_links":{"self":[{"href":"https:\/\/jackpotlotteryonline.com\/sv\/wp-json\/wp\/v2\/pages\/35911","targetHints":{"allow":["GET"]}}],"collection":[{"href":"https:\/\/jackpotlotteryonline.com\/sv\/wp-json\/wp\/v2\/pages"}],"about":[{"href":"https:\/\/jackpotlotteryonline.com\/sv\/wp-json\/wp\/v2\/types\/page"}],"author":[{"embeddable":true,"href":"https:\/\/jackpotlotteryonline.com\/sv\/wp-json\/wp\/v2\/users\/1"}],"replies":[{"embeddable":true,"href":"https:\/\/jackpotlotteryonline.com\/sv\/wp-json\/wp\/v2\/comments?post=35911"}],"version-history":[{"count":0,"href":"https:\/\/jackpotlotteryonline.com\/sv\/wp-json\/wp\/v2\/pages\/35911\/revisions"}],"up":[{"embeddable":true,"href":"https:\/\/jackpotlotteryonline.com\/sv\/wp-json\/wp\/v2\/pages\/35725"}],"wp:attachment":[{"href":"https:\/\/jackpotlotteryonline.com\/sv\/wp-json\/wp\/v2\/media?parent=35911"}],"curies":[{"name":"wp","href":"https:\/\/api.w.org\/{rel}","templated":true}]}}