{"id":35979,"date":"2022-11-02T13:35:39","date_gmt":"2022-11-02T13:35:39","guid":{"rendered":"https:\/\/jackpotlotteryonline.com\/?page_id=35979"},"modified":"2022-12-30T19:37:43","modified_gmt":"2022-12-30T19:37:43","slug":"mega-millions","status":"publish","type":"page","link":"https:\/\/jackpotlotteryonline.com\/sv\/hur-man-spelar\/mega-millions\/","title":{"rendered":"Mega Millions USA"},"content":{"rendered":"<h2>Jackpotten Mega Millions p\u00e5 n\u00e4tet<\/h2>\n<p>Mega Millions Jackpot Lotto ligger i Michigan USA och spelas i 12 delstater i USA. Dragningarna sker varje tisdag och fredag kv\u00e4ll kl. 20.00, vilket inneb\u00e4r att vinstfrekvensen kan vara ganska h\u00f6g f\u00f6r en lycklig spelare. En Mega Millions-biljett \u00e4r relativt billig och den st\u00f6rsta jackpotten som n\u00e5gonsin har betalats ut var p\u00e5 mer \u00e4n 1 500 miljoner dollar.<br \/>\n<img loading=\"lazy\" decoding=\"async\" class=\"alignright size-full wp-image-17546\" src=\"https:\/\/jackpotlotteryonline.com\/wp-content\/uploads\/2022\/10\/logo_Mega_Millions_233x110.png\" alt=\"spela Mega Millions online\" width=\"232\" height=\"110\" \/><\/p>\n<p>Om du funderar p\u00e5 att spela Mega Millions, och det dessutom regelbundet, kan du f\u00f6rest\u00e4lla dig den tid och energi som det inneb\u00e4r att springa till ett lotteri tv\u00e5 g\u00e5nger i veckan. Det b\u00e4sta s\u00e4ttet att ta bort komplikationerna och spara tid skulle vara att spela online. <a href=\"https:\/\/jackpotlotteryonline.com\/sv\/vinnande-nummer\/mega-millions\">Att k\u00f6pa lotten<\/a> med dina favoritnummer och leverera den till din d\u00f6rr har aldrig varit s\u00e5 enkelt. Med v\u00e5r hj\u00e4lp kan Mega Millions Lotto Jackpot vinnas online av alla i v\u00e4rlden!<\/p>\n<h2>Hur man spelar Mega Millions online<\/h2>\n<p>Mega Millions-lotteriet b\u00f6rjar med ett belopp p\u00e5 20 miljoner dollar och skrev historia n\u00e4r det n\u00e5dde 1,5 miljarder dollar, den h\u00f6gsta jackpotten i USA:s historia! Spelarna kan v\u00e4lja fem nummer mellan 1 och 56 (vit boll) plus ett s\u00e5 kallat Mega-nummer mellan 1 och 46 (gyllene boll).<br \/>\n<img loading=\"lazy\" decoding=\"async\" class=\"alignright size-full wp-image-19115\" src=\"https:\/\/jackpotlotteryonline.com\/wp-content\/uploads\/2022\/10\/2_ticket_mega_millions3.jpg\" alt=\"skanning av mega miljoners lottsedel\" width=\"180\" height=\"193\" \/><\/p>\n<p>F\u00f6r att kn\u00e4cka jackpotten m\u00e5ste du f\u00e5 alla fem nummer och meganumret r\u00e4tt. Men \u00e4ven om du inte kn\u00e4cker jackpotten har du en god chans att vinna, eftersom 1 av 40 lotter vinner. Vem som helst skulle h\u00e5lla med om att det \u00e4r mycket goda odds f\u00f6r att vinna p\u00e5 ett lotteri.<\/p>\n<p>Jackpotten kommer att betalas ut i 26 \u00e5rliga utbetalningar som ocks\u00e5 kallas annuitetsalternativet eller s\u00e5 kan du v\u00e4lja en kontantl\u00f6sning d\u00e4r du f\u00e5r utbetalning av annuitets nuv\u00e4rde. <a href=\"https:\/\/jackpotlotteryonline.com\/sv\/vinnande-nummer\/mega-millions\">Dragningarna<\/a> h\u00e5lls vanligtvis i Idaho (Georgia) men n\u00e4r jackpotten passerar 200 miljoner dollar h\u00e5lls dragningen p\u00e5 Times Square (New York).<\/p>\n<p>Du m\u00e5ste vara minst 18 \u00e5r gammal f\u00f6r att spela detta lotteri, men du beh\u00f6ver inte vara medborgare eller bosatt i USA. Med v\u00e5r hj\u00e4lp kan du spela fr\u00e5n utanf\u00f6r USA, fr\u00e5n var som helst i v\u00e4rlden faktiskt. Faktum \u00e4r att vi ocks\u00e5 hj\u00e4lper dig att f\u00e5 de vunna prispengarna s\u00e4kert till dig utan n\u00e5gra problem.<\/p>\n<h2>Extrafunktioner<\/h2>\n<p>I n\u00e4stan alla jurisdiktioner (42 av 43, utom Kalifornien) f\u00f6r Mega Millions har spelarna m\u00f6jlighet att aktivera ett extrainslag som kallas Megaplier. Megapriern f\u00f6rdubblar insatsen i spelet och spelarna kan multiplicera icke-jackpotpriserna med 2,3 eller 4. Naturligtvis beh\u00f6ver man inte n\u00e4mna att oddsen sjunker h\u00e4r.<\/p>\n<p>S\u00e5 med s\u00e5 mycket p\u00e5 spel \u00e4r det dags att du \u00f6verv\u00e4ger att spela Mega Millions, det kan f\u00e5 dig att f\u00f6rverkliga dina dr\u00f6mmar. Registrera dig p\u00e5 v\u00e5r hemsida och testa det st\u00f6rsta amerikanska lotteriet n\u00e5gonsin.<\/p>\n<section class=\"layout\" style=\"border: solid 1px; width: 100%;\">\n<div class=\"img-div\" style=\"margin-top: 5px;\"><img decoding=\"async\" class=\"wp-image-17212 alignleft\" style=\"height: 45px; margin: 8px 8px 0px;\" src=\"https:\/\/jackpotlotteryonline.com\/wp-content\/uploads\/2022\/11\/read1.jpg\" alt=\"L\u00e4s\" width=\"\" height=\"\" \/><\/div>\n<div style=\"padding-left: 5px;\">\n<div style=\"font-size: 1.1em;\">\n<p><strong>Ditt nationella lotteri i internationell j\u00e4mf\u00f6relse<\/strong><\/p>\n<p style=\"font-size: 0.85em; margin-top: -1.5em;\">Ditt lokala lotteri kan vara ditt s\u00e4msta alternativ &#8211; varf\u00f6r det \u00e4r vettigare att betala mer men satsa p\u00e5 st\u00f6rre jackpottar\u00a0<a href=\"https:\/\/jackpotlotteryonline.com\/sv\/your-national-lottery-in-international-comparison\"> L\u00e4s mer<\/a><\/p>\n<\/div>\n<\/div>\n<\/section>\n","protected":false},"excerpt":{"rendered":"<p>Jackpotten Mega Millions p\u00e5 n\u00e4tet Mega Millions Jackpot Lotto ligger i Michigan USA och spelas i 12 delstater i USA. Dragningarna sker varje tisdag och fredag kv\u00e4ll kl. 20.00, vilket inneb\u00e4r att vinstfrekvensen kan vara ganska h\u00f6g f\u00f6r en lycklig spelare. En Mega Millions-biljett \u00e4r relativt billig och den st\u00f6rsta jackpotten som n\u00e5gonsin har betalats [&hellip;]<\/p>\n","protected":false},"author":1,"featured_media":0,"parent":35725,"menu_order":2,"comment_status":"closed","ping_status":"closed","template":"megamillion.php","meta":{"_et_pb_use_builder":"","_et_pb_old_content":"","_et_gb_content_width":"","exclude_from_search":false,"footnotes":""},"class_list":["post-35979","page","type-page","status-publish","hentry"],"yoast_head":"<!-- This site is optimized with the Yoast SEO plugin v23.3 - https:\/\/yoast.com\/wordpress\/plugins\/seo\/ -->\n<title>Spela Mega Millions online fr\u00e5n l\u00e4nder utanf\u00f6r USA<\/title>\n<meta name=\"description\" content=\"Den amerikanska Mega Millions-jackpotten \u00e4r alla lotteriers moder och du kan spela online nu, \u00e4ven om du bor utanf\u00f6r USA.\" \/>\n<meta name=\"robots\" content=\"index, follow, max-snippet:-1, max-image-preview:large, max-video-preview:-1\" \/>\n<link rel=\"canonical\" href=\"https:\/\/jackpotlotteryonline.com\/play-online\/mega-millions\/\" \/>\n<meta property=\"og:locale\" content=\"sv_SE\" \/>\n<meta property=\"og:type\" content=\"article\" \/>\n<meta property=\"og:title\" content=\"Spela Mega Millions online fr\u00e5n l\u00e4nder utanf\u00f6r USA\" \/>\n<meta property=\"og:description\" content=\"Den amerikanska Mega Millions-jackpotten \u00e4r alla lotteriers moder och du kan spela online nu, \u00e4ven om du bor utanf\u00f6r USA.\" \/>\n<meta property=\"og:url\" content=\"https:\/\/jackpotlotteryonline.com\/play-online\/mega-millions\/\" \/>\n<meta property=\"og:site_name\" content=\"Lotto Online - Crack The International Lottery Jackpots\" \/>\n<meta property=\"article:modified_time\" content=\"2022-12-30T19:37:43+00:00\" \/>\n<meta property=\"og:image\" content=\"https:\/\/jackpotlotteryonline.com\/wp-content\/uploads\/2022\/10\/logo_Mega_Millions_233x110.png\" \/>\n<meta name=\"twitter:card\" content=\"summary_large_image\" \/>\n<meta name=\"twitter:label1\" content=\"Ber\u00e4knad l\u00e4stid\" \/>\n\t<meta name=\"twitter:data1\" content=\"3 minuter\" \/>\n<!-- \/ Yoast SEO plugin. -->","yoast_head_json":{"title":"Spela Mega Millions online fr\u00e5n l\u00e4nder utanf\u00f6r USA","description":"Den amerikanska Mega Millions-jackpotten \u00e4r alla lotteriers moder och du kan spela online nu, \u00e4ven om du bor utanf\u00f6r USA.","robots":{"index":"index","follow":"follow","max-snippet":"max-snippet:-1","max-image-preview":"max-image-preview:large","max-video-preview":"max-video-preview:-1"},"canonical":"https:\/\/jackpotlotteryonline.com\/play-online\/mega-millions\/","og_locale":"sv_SE","og_type":"article","og_title":"Spela Mega Millions online fr\u00e5n l\u00e4nder utanf\u00f6r USA","og_description":"Den amerikanska Mega Millions-jackpotten \u00e4r alla lotteriers moder och du kan spela online nu, \u00e4ven om du bor utanf\u00f6r USA.","og_url":"https:\/\/jackpotlotteryonline.com\/play-online\/mega-millions\/","og_site_name":"Lotto Online - Crack The International Lottery Jackpots","article_modified_time":"2022-12-30T19:37:43+00:00","og_image":[{"url":"https:\/\/jackpotlotteryonline.com\/wp-content\/uploads\/2022\/10\/logo_Mega_Millions_233x110.png"}],"twitter_card":"summary_large_image","twitter_misc":{"Ber\u00e4knad l\u00e4stid":"3 minuter"},"schema":{"@context":"https:\/\/schema.org","@graph":[{"@type":"WebPage","@id":"https:\/\/jackpotlotteryonline.com\/play-online\/mega-millions\/","url":"https:\/\/jackpotlotteryonline.com\/play-online\/mega-millions\/","name":"Spela Mega Millions online fr\u00e5n l\u00e4nder utanf\u00f6r USA","isPartOf":{"@id":"https:\/\/jackpotlotteryonline.com\/#website"},"primaryImageOfPage":{"@id":"https:\/\/jackpotlotteryonline.com\/play-online\/mega-millions\/#primaryimage"},"image":{"@id":"https:\/\/jackpotlotteryonline.com\/play-online\/mega-millions\/#primaryimage"},"thumbnailUrl":"https:\/\/jackpotlotteryonline.com\/wp-content\/uploads\/2022\/10\/logo_Mega_Millions_233x110.png","datePublished":"2022-11-02T13:35:39+00:00","dateModified":"2022-12-30T19:37:43+00:00","description":"Den amerikanska Mega Millions-jackpotten \u00e4r alla lotteriers moder och du kan spela online nu, \u00e4ven om du bor utanf\u00f6r USA.","breadcrumb":{"@id":"https:\/\/jackpotlotteryonline.com\/play-online\/mega-millions\/#breadcrumb"},"inLanguage":"sv-SE","potentialAction":[{"@type":"ReadAction","target":["https:\/\/jackpotlotteryonline.com\/play-online\/mega-millions\/"]}]},{"@type":"ImageObject","inLanguage":"sv-SE","@id":"https:\/\/jackpotlotteryonline.com\/play-online\/mega-millions\/#primaryimage","url":"https:\/\/jackpotlotteryonline.com\/wp-content\/uploads\/2022\/10\/logo_Mega_Millions_233x110.png","contentUrl":"https:\/\/jackpotlotteryonline.com\/wp-content\/uploads\/2022\/10\/logo_Mega_Millions_233x110.png"},{"@type":"BreadcrumbList","@id":"https:\/\/jackpotlotteryonline.com\/play-online\/mega-millions\/#breadcrumb","itemListElement":[{"@type":"ListItem","position":1,"name":"Home","item":"https:\/\/jackpotlotteryonline.com\/sv\/"},{"@type":"ListItem","position":2,"name":"Hur man spelar","item":"https:\/\/jackpotlotteryonline.com\/play-online\/"},{"@type":"ListItem","position":3,"name":"Mega Millions USA"}]},{"@type":"WebSite","@id":"https:\/\/jackpotlotteryonline.com\/#website","url":"https:\/\/jackpotlotteryonline.com\/","name":"Lotto Online - Crack The International Lottery Jackpots","description":"","potentialAction":[{"@type":"SearchAction","target":{"@type":"EntryPoint","urlTemplate":"https:\/\/jackpotlotteryonline.com\/?s={search_term_string}"},"query-input":"required name=search_term_string"}],"inLanguage":"sv-SE"}]}},"_links":{"self":[{"href":"https:\/\/jackpotlotteryonline.com\/sv\/wp-json\/wp\/v2\/pages\/35979","targetHints":{"allow":["GET"]}}],"collection":[{"href":"https:\/\/jackpotlotteryonline.com\/sv\/wp-json\/wp\/v2\/pages"}],"about":[{"href":"https:\/\/jackpotlotteryonline.com\/sv\/wp-json\/wp\/v2\/types\/page"}],"author":[{"embeddable":true,"href":"https:\/\/jackpotlotteryonline.com\/sv\/wp-json\/wp\/v2\/users\/1"}],"replies":[{"embeddable":true,"href":"https:\/\/jackpotlotteryonline.com\/sv\/wp-json\/wp\/v2\/comments?post=35979"}],"version-history":[{"count":0,"href":"https:\/\/jackpotlotteryonline.com\/sv\/wp-json\/wp\/v2\/pages\/35979\/revisions"}],"up":[{"embeddable":true,"href":"https:\/\/jackpotlotteryonline.com\/sv\/wp-json\/wp\/v2\/pages\/35725"}],"wp:attachment":[{"href":"https:\/\/jackpotlotteryonline.com\/sv\/wp-json\/wp\/v2\/media?parent=35979"}],"curies":[{"name":"wp","href":"https:\/\/api.w.org\/{rel}","templated":true}]}}