{"id":36044,"date":"2022-11-03T08:42:53","date_gmt":"2022-11-03T08:42:53","guid":{"rendered":"https:\/\/jackpotlotteryonline.com\/?page_id=36044"},"modified":"2022-12-30T20:26:29","modified_gmt":"2022-12-30T20:26:29","slug":"euromillions","status":"publish","type":"page","link":"https:\/\/jackpotlotteryonline.com\/sv\/hur-man-spelar\/euromillions\/","title":{"rendered":"Spela Euro Millions"},"content":{"rendered":"<h2>Skaffa en biljett till Euromillions online<\/h2>\n<p><img loading=\"lazy\" decoding=\"async\" class=\"alignright wp-image-18926\" src=\"https:\/\/jackpotlotteryonline.com\/wp-content\/uploads\/2022\/10\/2_ticket_euromillions3-111x300.jpg\" alt=\"euromillions lottsedel\" width=\"83\" height=\"224\" srcset=\"https:\/\/jackpotlotteryonline.com\/wp-content\/uploads\/2022\/10\/2_ticket_euromillions3-111x300.jpg 111w, https:\/\/jackpotlotteryonline.com\/wp-content\/uploads\/2022\/10\/2_ticket_euromillions3.jpg 180w\" sizes=\"auto, (max-width: 83px) 100vw, 83px\" \/><\/p>\n<p>Euromillions \u00e4r ett lotteri som h\u00e5lls i flera europeiska l\u00e4nder som Frankrike, Storbritannien, Spanien, Irland, Belgien, Luxemburg och Schweiz. Euromillions online-lotteriets jackpot b\u00f6rjar med ett belopp p\u00e5 15 miljoner euro och rekordjackpotten ligger p\u00e5 190 miljoner euro.<\/p>\n<p>F\u00f6r att spela Euromillions jackpotlotteriet m\u00e5ste du vara minst 18 \u00e5r gammal, men du kan spela det fr\u00e5n vilket land som helst i v\u00e4rlden med hj\u00e4lp av den tj\u00e4nst vi tillhandah\u00e5ller p\u00e5 den h\u00e4r webbplatsen. Det vi erbjuder \u00e4r ganska unikt i den bem\u00e4rkelsen att det ger alla \u00f6ver hela v\u00e4rlden, inklusive l\u00e4nder som Tyskland, Nederl\u00e4nderna, Italien och till och med utanf\u00f6r Europa, med mera, en m\u00f6jlighet att spela och vinna jackpotten online. Genom att erbjuda ett lucky pick-alternativ \u00e4r det l\u00e4ttare att v\u00e4lja slumpm\u00e4ssiga nummer i st\u00e4llet f\u00f6r att s\u00e4tta press p\u00e5 dina egna gr\u00e5 celler.<\/p>\n<h2>Hur man k\u00f6per en biljett till Euromillions jackpot fr\u00e5n ett land utanf\u00f6r Europa<\/h2>\n<p><a href=\"https:\/\/jackpotlotteryonline.com\/sv\/kopa-biljetter\/euromillions\">Att k\u00f6pa biljetter till Euromillions lotteriets jackpot p\u00e5 n\u00e4tet<\/a> kan g\u00f6ras mindre omst\u00e4ndligt genom oss. N\u00e4r du registrerar dig p\u00e5 v\u00e5r webbplats och blir verifierad beh\u00f6ver du bara v\u00e4lja ditt lotteri och g\u00f6ra den n\u00f6dv\u00e4ndiga betalningen. N\u00e4r detta \u00e4r gjort k\u00f6ps en lott f\u00f6r din r\u00e4kning och en skanning laddas upp till ditt konto n\u00e4r du har betalat via det valda betalningsmedlet.<\/p>\n<p>Om du dessutom \u00e4r intresserad av att forts\u00e4tta spela Euromillions online jackpot under en tid kan du v\u00e4lja dina nummer eller slumpm\u00e4ssigt v\u00e4lja dem och du kan delta i flera dragningar, men du beh\u00f6ver bara betala en g\u00e5ng med n\u00e5gra veckors mellanrum.<\/p>\n<h2>Hur Euromillions lotteriet online jackpot fungerar<\/h2>\n<p><img loading=\"lazy\" decoding=\"async\" class=\"alignright wp-image-17411\" src=\"https:\/\/jackpotlotteryonline.com\/wp-content\/uploads\/2022\/10\/euromillions.png\" alt=\"spela euromillions online\" width=\"143\" height=\"152\" \/><\/p>\n<p>Du m\u00e5ste v\u00e4lja fem nummer mellan 1 och 50 plus ytterligare 2 Lucky Star-nummer (mellan 1 och 9) f\u00f6r att vinna jackpotten. <a href=\"https:\/\/jackpotlotteryonline.com\/sv\/vinnande-nummer\/euromillions\">Jackpotdragningen i Euromillions<\/a> \u00e4ger rum varje fredagskv\u00e4ll, och f\u00f6rutom jackpotten finns det elva vinstniv\u00e5er. Oddsen f\u00f6r att vinna \u00e5tminstone n\u00e5got pris \u00e4r en p\u00e5 24.<\/p>\n<h2>Kontrollera resultaten<\/h2>\n<p>Du kan kontrollera resultaten online n\u00e4r som helst n\u00e4r dragningen \u00e4r avslutad. Du kan faktiskt anv\u00e4nda din iPad, iPhone eller n\u00e5gon annan liknande enhet f\u00f6r att h\u00e5lla dig uppdaterad. N\u00e4r du har tur och vinner ett pris eller jackpotten i Euromillions lotteriet online hj\u00e4lper vi dig ocks\u00e5 att beg\u00e4ra ut vinsten och se till att den levereras till dig.<\/p>\n<section class=\"layout\" style=\"border: solid 1px; width: 100%;\">\n<div class=\"img-div\" style=\"margin-top: 5px;\"><img decoding=\"async\" class=\"wp-image-17212 alignleft\" style=\"height: 45px; margin: 8px 8px 0px;\" src=\"https:\/\/jackpotlotteryonline.com\/wp-content\/uploads\/2022\/11\/read1.jpg\" alt=\"L\u00e4s\" width=\"\" height=\"\" \/><\/div>\n<div style=\"padding-left: 5px;\">\n<div style=\"font-size: 1.1em;\">\n<p><strong>De lotterier som har de b\u00e4sta oddsen f\u00f6r att du ska vinna stort<\/strong><\/p>\n<p style=\"font-size: 0.85em; margin-top: -1.5em;\">Vilket lotteri har de b\u00e4sta vinstchanserna?\u00a0<a href=\"https:\/\/jackpotlotteryonline.com\/sv\/vilket-lotteri-har-de-basta-vinstchanserna\"> L\u00e4s mer<\/a><\/p>\n<\/div>\n<\/div>\n<\/section>\n<h2>Euromillions lotteriet online jackpot<\/h2>\n<p>Euromillions jackpotten lanserades ursprungligen den 7 februari 2004 och h\u00f6ll sin f\u00f6rsta dragning i Paris den 13 februari 2004. Den mest anm\u00e4rkningsv\u00e4rda jackpotvinsten gjordes i en av de senaste dragningarna (12 juli 2011), och Colin och Chris Weir fr\u00e5n Glasgow (Storbritannien) vann ett belopp p\u00e5 185 000 000 euro.<\/p>\n<p>Euromillions Lottery online-jackpotten har inte varit utan sin egen del av skandaler &#8211; fr\u00e4mst den som d\u00f6k upp i Belgien 2009. De har dock inte haft n\u00e5gon h\u00e5llbar grund och har sedan dess tystats ner. S\u00e5 det \u00e4r dags att du pr\u00f6var lyckan i ett av de st\u00f6rsta penningutdelningarna n\u00e5gonsin.<\/p>\n","protected":false},"excerpt":{"rendered":"<p>Skaffa en biljett till Euromillions online Euromillions \u00e4r ett lotteri som h\u00e5lls i flera europeiska l\u00e4nder som Frankrike, Storbritannien, Spanien, Irland, Belgien, Luxemburg och Schweiz. Euromillions online-lotteriets jackpot b\u00f6rjar med ett belopp p\u00e5 15 miljoner euro och rekordjackpotten ligger p\u00e5 190 miljoner euro. F\u00f6r att spela Euromillions jackpotlotteriet m\u00e5ste du vara minst 18 \u00e5r gammal, [&hellip;]<\/p>\n","protected":false},"author":1,"featured_media":0,"parent":35725,"menu_order":3,"comment_status":"closed","ping_status":"closed","template":"euromillions.php","meta":{"_et_pb_use_builder":"","_et_pb_old_content":"","_et_gb_content_width":"","exclude_from_search":false,"footnotes":""},"class_list":["post-36044","page","type-page","status-publish","hentry"],"yoast_head":"<!-- This site is optimized with the Yoast SEO plugin v23.3 - https:\/\/yoast.com\/wordpress\/plugins\/seo\/ -->\n<title>Spela Euromillions online var som helst, \u00e4ven utanf\u00f6r Europa.<\/title>\n<meta name=\"description\" content=\"Euromillions-lotteriet \u00e4r ett av de mest eftertraktade lotterierna. Du kan spela nu med en lott online, \u00e4ven om du befinner dig utanf\u00f6r Europa.\" \/>\n<meta name=\"robots\" content=\"index, follow, max-snippet:-1, max-image-preview:large, max-video-preview:-1\" \/>\n<link rel=\"canonical\" href=\"https:\/\/jackpotlotteryonline.com\/play-online\/euromillions\/\" \/>\n<meta property=\"og:locale\" content=\"sv_SE\" \/>\n<meta property=\"og:type\" content=\"article\" \/>\n<meta property=\"og:title\" content=\"Spela Euromillions online var som helst, \u00e4ven utanf\u00f6r Europa.\" \/>\n<meta property=\"og:description\" content=\"Euromillions-lotteriet \u00e4r ett av de mest eftertraktade lotterierna. Du kan spela nu med en lott online, \u00e4ven om du befinner dig utanf\u00f6r Europa.\" \/>\n<meta property=\"og:url\" content=\"https:\/\/jackpotlotteryonline.com\/play-online\/euromillions\/\" \/>\n<meta property=\"og:site_name\" content=\"Lotto Online - Crack The International Lottery Jackpots\" \/>\n<meta property=\"article:modified_time\" content=\"2022-12-30T20:26:29+00:00\" \/>\n<meta property=\"og:image\" content=\"https:\/\/jackpotlotteryonline.com\/wp-content\/uploads\/2022\/10\/2_ticket_euromillions3-111x300.jpg\" \/>\n<meta name=\"twitter:card\" content=\"summary_large_image\" \/>\n<meta name=\"twitter:label1\" content=\"Ber\u00e4knad l\u00e4stid\" \/>\n\t<meta name=\"twitter:data1\" content=\"3 minuter\" \/>\n<!-- \/ Yoast SEO plugin. -->","yoast_head_json":{"title":"Spela Euromillions online var som helst, \u00e4ven utanf\u00f6r Europa.","description":"Euromillions-lotteriet \u00e4r ett av de mest eftertraktade lotterierna. Du kan spela nu med en lott online, \u00e4ven om du befinner dig utanf\u00f6r Europa.","robots":{"index":"index","follow":"follow","max-snippet":"max-snippet:-1","max-image-preview":"max-image-preview:large","max-video-preview":"max-video-preview:-1"},"canonical":"https:\/\/jackpotlotteryonline.com\/play-online\/euromillions\/","og_locale":"sv_SE","og_type":"article","og_title":"Spela Euromillions online var som helst, \u00e4ven utanf\u00f6r Europa.","og_description":"Euromillions-lotteriet \u00e4r ett av de mest eftertraktade lotterierna. Du kan spela nu med en lott online, \u00e4ven om du befinner dig utanf\u00f6r Europa.","og_url":"https:\/\/jackpotlotteryonline.com\/play-online\/euromillions\/","og_site_name":"Lotto Online - Crack The International Lottery Jackpots","article_modified_time":"2022-12-30T20:26:29+00:00","og_image":[{"url":"https:\/\/jackpotlotteryonline.com\/wp-content\/uploads\/2022\/10\/2_ticket_euromillions3-111x300.jpg"}],"twitter_card":"summary_large_image","twitter_misc":{"Ber\u00e4knad l\u00e4stid":"3 minuter"},"schema":{"@context":"https:\/\/schema.org","@graph":[{"@type":"WebPage","@id":"https:\/\/jackpotlotteryonline.com\/play-online\/euromillions\/","url":"https:\/\/jackpotlotteryonline.com\/play-online\/euromillions\/","name":"Spela Euromillions online var som helst, \u00e4ven utanf\u00f6r Europa.","isPartOf":{"@id":"https:\/\/jackpotlotteryonline.com\/#website"},"primaryImageOfPage":{"@id":"https:\/\/jackpotlotteryonline.com\/play-online\/euromillions\/#primaryimage"},"image":{"@id":"https:\/\/jackpotlotteryonline.com\/play-online\/euromillions\/#primaryimage"},"thumbnailUrl":"https:\/\/jackpotlotteryonline.com\/wp-content\/uploads\/2022\/10\/2_ticket_euromillions3-111x300.jpg","datePublished":"2022-11-03T08:42:53+00:00","dateModified":"2022-12-30T20:26:29+00:00","description":"Euromillions-lotteriet \u00e4r ett av de mest eftertraktade lotterierna. Du kan spela nu med en lott online, \u00e4ven om du befinner dig utanf\u00f6r Europa.","breadcrumb":{"@id":"https:\/\/jackpotlotteryonline.com\/play-online\/euromillions\/#breadcrumb"},"inLanguage":"sv-SE","potentialAction":[{"@type":"ReadAction","target":["https:\/\/jackpotlotteryonline.com\/play-online\/euromillions\/"]}]},{"@type":"ImageObject","inLanguage":"sv-SE","@id":"https:\/\/jackpotlotteryonline.com\/play-online\/euromillions\/#primaryimage","url":"https:\/\/jackpotlotteryonline.com\/wp-content\/uploads\/2022\/10\/2_ticket_euromillions3-111x300.jpg","contentUrl":"https:\/\/jackpotlotteryonline.com\/wp-content\/uploads\/2022\/10\/2_ticket_euromillions3-111x300.jpg"},{"@type":"BreadcrumbList","@id":"https:\/\/jackpotlotteryonline.com\/play-online\/euromillions\/#breadcrumb","itemListElement":[{"@type":"ListItem","position":1,"name":"Home","item":"https:\/\/jackpotlotteryonline.com\/sv\/"},{"@type":"ListItem","position":2,"name":"Hur man spelar","item":"https:\/\/jackpotlotteryonline.com\/play-online\/"},{"@type":"ListItem","position":3,"name":"Spela Euro Millions"}]},{"@type":"WebSite","@id":"https:\/\/jackpotlotteryonline.com\/#website","url":"https:\/\/jackpotlotteryonline.com\/","name":"Lotto Online - Crack The International Lottery Jackpots","description":"","potentialAction":[{"@type":"SearchAction","target":{"@type":"EntryPoint","urlTemplate":"https:\/\/jackpotlotteryonline.com\/?s={search_term_string}"},"query-input":"required name=search_term_string"}],"inLanguage":"sv-SE"}]}},"_links":{"self":[{"href":"https:\/\/jackpotlotteryonline.com\/sv\/wp-json\/wp\/v2\/pages\/36044","targetHints":{"allow":["GET"]}}],"collection":[{"href":"https:\/\/jackpotlotteryonline.com\/sv\/wp-json\/wp\/v2\/pages"}],"about":[{"href":"https:\/\/jackpotlotteryonline.com\/sv\/wp-json\/wp\/v2\/types\/page"}],"author":[{"embeddable":true,"href":"https:\/\/jackpotlotteryonline.com\/sv\/wp-json\/wp\/v2\/users\/1"}],"replies":[{"embeddable":true,"href":"https:\/\/jackpotlotteryonline.com\/sv\/wp-json\/wp\/v2\/comments?post=36044"}],"version-history":[{"count":0,"href":"https:\/\/jackpotlotteryonline.com\/sv\/wp-json\/wp\/v2\/pages\/36044\/revisions"}],"up":[{"embeddable":true,"href":"https:\/\/jackpotlotteryonline.com\/sv\/wp-json\/wp\/v2\/pages\/35725"}],"wp:attachment":[{"href":"https:\/\/jackpotlotteryonline.com\/sv\/wp-json\/wp\/v2\/media?parent=36044"}],"curies":[{"name":"wp","href":"https:\/\/api.w.org\/{rel}","templated":true}]}}