{"id":36097,"date":"2022-11-03T10:16:18","date_gmt":"2022-11-03T10:16:18","guid":{"rendered":"https:\/\/jackpotlotteryonline.com\/?page_id=36097"},"modified":"2022-12-30T21:14:10","modified_gmt":"2022-12-30T21:14:10","slug":"eurojackpot","status":"publish","type":"page","link":"https:\/\/jackpotlotteryonline.com\/sv\/hur-man-spelar\/eurojackpot\/","title":{"rendered":"EuroJackpot"},"content":{"rendered":"<h2>Hur man deltar i Eurojackpot fr\u00e5n vilket land som helst<\/h2>\n<p><strong>Eurojackpot<\/strong> \u00e4r tillsammans med Euromillions ett av de st\u00f6rsta och mest popul\u00e4ra lotterierna i hela Europa och spelas av miljontals m\u00e4nniskor runt om i v\u00e4rlden varje vecka. Eurojackpot skapades f\u00f6rst 1994, men med flera \u00e4ndringar av reglerna och formatet f\u00f6rsenades det i n\u00e5gra \u00e5r tills det slutligen lanserades och var redo att spelas i Europa \u00e5r 2004.<br \/>\n<img loading=\"lazy\" decoding=\"async\" class=\"alignright wp-image-18574\" src=\"http:\/\/jackpotlotteryonline.com\/wp-content\/uploads\/2022\/10\/1_online_ticket_eurojackpot2.jpg\" alt=\"spela eurojackpot online\" width=\"260\" height=\"173\" \/><\/p>\n<p>\u00c4nda sedan den f\u00f6rsta dragningen h\u00f6lls 2004 har miljontals m\u00e4nniskor spelat detta fantastiska hasardspel, och det har funnits m\u00e5nga jackpotvinnare, varav n\u00e5gra har haft turen att kamma hem jackpotvinster p\u00e5 \u00f6ver 180 miljoner euro!<\/p>\n<p>Med en standardjackpot p\u00e5 15 miljoner euro som kan f\u00f6r\u00e4ndra livet \u00e4r det inte konstigt att EuroJackpot spelas online av miljontals m\u00e4nniskor varje vecka. Reglerna \u00e4r mycket enkla &#8211; f\u00f6r att spela och vinna jackpotten m\u00e5ste du v\u00e4lja 5 nummer korrekt, fr\u00e5n ett intervall mellan 1 och 50, och dessutom matcha ytterligare 2 nummer som heter &#8220;lyckostj\u00e4rnor&#8221; mellan 1 och 11.<\/p>\n<p><a href=\"https:\/\/jackpotlotteryonline.com\/sv\/kopa-biljetter\/eurojackpot\">Skaffa din onlinebiljett nu<\/a> via v\u00e5r tj\u00e4nst &#8211; alla kan delta och vinna!<\/p>\n<section class=\"layout\" style=\"border: solid 1px; width: 100%;\">\n<div class=\"img-div\" style=\"margin-top: 5px;\"><img decoding=\"async\" class=\"wp-image-17212 alignleft\" style=\"height: 45px; margin: 8px 8px 0px;\" src=\"http:\/\/jackpotlotteryonline.com\/wp-content\/uploads\/2022\/11\/read1.jpg\" alt=\"L\u00e4s\" width=\"\" height=\"\" \/><\/div>\n<div style=\"padding-left: 5px;\">\n<div style=\"font-size: 1.1em;\">\n<p><strong>Vilket internationellt lotteri \u00e4r b\u00e4st?<\/strong><\/p>\n<p style=\"font-size: 0.85em; margin-top: -1.5em;\">Vilket av de internationella lotterierna har de b\u00e4sta oddsen att vinna <a href=\"https:\/\/jackpotlotteryonline.com\/sv\/vilket-internationellt-lotteri-ar-det-basta\">\u00a0L\u00e4s mer<\/a><\/p>\n<\/div>\n<\/div>\n<\/section>\n<h2>K\u00f6p en biljett f\u00f6r EuroJackpot online<\/h2>\n<p><strong>Det fina med att spela EuroJackpot online<\/strong> \u00e4r att det finns m\u00e5nga priser att vinna, s\u00e5 om du inte vinner jackpotten beh\u00f6ver du inte oroa dig eftersom du mycket v\u00e4l fortfarande kan ha chans att vinna stora kontantpriser. F\u00f6rutom det stora jackpottpriset som du kan vinna n\u00e4r du k\u00f6per en biljett till EuroJackpot online finns det 13 olika priser som du kan vinna.<br \/>\n<img loading=\"lazy\" decoding=\"async\" class=\"alignright size-medium wp-image-18736\" src=\"http:\/\/jackpotlotteryonline.com\/wp-content\/uploads\/2022\/10\/2_ticket_eurojackpot-141x300.jpg\" alt=\"eurojackpot biljett\" width=\"141\" height=\"300\" srcset=\"https:\/\/jackpotlotteryonline.com\/wp-content\/uploads\/2022\/10\/2_ticket_eurojackpot-141x300.jpg 141w, https:\/\/jackpotlotteryonline.com\/wp-content\/uploads\/2022\/10\/2_ticket_eurojackpot.jpg 150w\" sizes=\"auto, (max-width: 141px) 100vw, 141px\" \/><\/p>\n<p>Om det inte finns n\u00e5gon vinnare av det stora jackpotpriset rullar Eurojackpot \u00f6ver till en annan vecka. Det \u00e4r d\u00e4rf\u00f6r som det tidigare har f\u00f6rekommit enorma jackpottar p\u00e5 100 miljoner euro eller mer. Lotteriet spelas vanligtvis av inv\u00e5nare i europeiska l\u00e4nder, s\u00e5 varje vecka k\u00f6per deltagare p\u00e5 platser som Storbritannien, Frankrike, Tyskland och Schweiz lotter f\u00f6r EuroJackpot online.<\/p>\n<p>Att k\u00f6pa en lott p\u00e5 n\u00e4tet blir snabbt det mest popul\u00e4ra s\u00e4ttet att spela Eurojackpot-lotteriet. Reglerna \u00e4r desamma, men hela spelprocessen \u00e4r mycket snabbare och enklare n\u00e4r det g\u00e4ller att k\u00f6pa din lott. Ist\u00e4llet f\u00f6r att \u00e5ka till din lokala butik f\u00f6r att k\u00f6pa en fysisk lott kan du till exempel helt enkelt logga in p\u00e5 spelsajten och v\u00e4lja dina egna nummer fr\u00e5n ditt eget hem, eller till och med ditt kontor, p\u00e5 n\u00e5gra sekunder.<\/p>\n<p>N\u00e4r du v\u00e4l har valt dina lyckonummer, eller till och med flera upps\u00e4ttningar nummer om du verkligen vill \u00f6ka dina chanser att vinna, kan du tryggt och s\u00e4kert betala f\u00f6r din biljett online ocks\u00e5. Efter varje dragning p\u00e5 <a href=\"http:\/\/jackpotlotteryonline.com\/sv\/vinnande-nummer\/euromillions\">Eurojackpot-lotteriet<\/a> uppdateras resultaten online inom ett \u00f6gonblick efter att det sista numret avsl\u00f6jats varje vecka. Detta inneb\u00e4r att du helt enkelt kan logga in p\u00e5 ditt konto igen och se de vinnande numren p\u00e5 n\u00e5gra sekunder, vilket eliminerar behovet av att leta efter resultat i tidningar.<\/p>\n<p>Vad mer \u00e4r n\u00e4r du spelar EuroJackpot online hos oss kommer du ocks\u00e5 att f\u00e5 ett e-postmeddelande automatiskt om du har matchat n\u00e5gra nummer.<\/p>\n","protected":false},"excerpt":{"rendered":"<p>Hur man deltar i Eurojackpot fr\u00e5n vilket land som helst Eurojackpot \u00e4r tillsammans med Euromillions ett av de st\u00f6rsta och mest popul\u00e4ra lotterierna i hela Europa och spelas av miljontals m\u00e4nniskor runt om i v\u00e4rlden varje vecka. Eurojackpot skapades f\u00f6rst 1994, men med flera \u00e4ndringar av reglerna och formatet f\u00f6rsenades det i n\u00e5gra \u00e5r tills [&hellip;]<\/p>\n","protected":false},"author":1,"featured_media":0,"parent":35725,"menu_order":4,"comment_status":"closed","ping_status":"closed","template":"eurojackpot.php","meta":{"_et_pb_use_builder":"","_et_pb_old_content":"","_et_gb_content_width":"","exclude_from_search":false,"footnotes":""},"class_list":["post-36097","page","type-page","status-publish","hentry"],"yoast_head":"<!-- This site is optimized with the Yoast SEO plugin v23.3 - https:\/\/yoast.com\/wordpress\/plugins\/seo\/ -->\n<title>Spela Eurojackpot online, \u00e4ven fr\u00e5n l\u00e4nder utanf\u00f6r Europa<\/title>\n<meta name=\"description\" content=\"Att spela Eurojackpot online f\u00f6r dig n\u00e4rmare en miljon\u00e4r!\" \/>\n<meta name=\"robots\" content=\"index, follow, max-snippet:-1, max-image-preview:large, max-video-preview:-1\" \/>\n<link rel=\"canonical\" href=\"https:\/\/jackpotlotteryonline.com\/sv\/hur-man-spelar\/eurojackpot\/\" \/>\n<meta property=\"og:locale\" content=\"sv_SE\" \/>\n<meta property=\"og:type\" content=\"article\" \/>\n<meta property=\"og:title\" content=\"Spela Eurojackpot online, \u00e4ven fr\u00e5n l\u00e4nder utanf\u00f6r Europa\" \/>\n<meta property=\"og:description\" content=\"Att spela Eurojackpot online f\u00f6r dig n\u00e4rmare en miljon\u00e4r!\" \/>\n<meta property=\"og:url\" content=\"https:\/\/jackpotlotteryonline.com\/sv\/hur-man-spelar\/eurojackpot\/\" \/>\n<meta property=\"og:site_name\" content=\"Lotto Online - Crack The International Lottery Jackpots\" \/>\n<meta property=\"article:modified_time\" content=\"2022-12-30T21:14:10+00:00\" \/>\n<meta property=\"og:image\" content=\"http:\/\/jackpotlotteryonline.com\/wp-content\/uploads\/2022\/10\/1_online_ticket_eurojackpot2.jpg\" \/>\n<meta name=\"twitter:card\" content=\"summary_large_image\" \/>\n<meta name=\"twitter:label1\" content=\"Ber\u00e4knad l\u00e4stid\" \/>\n\t<meta name=\"twitter:data1\" content=\"3 minuter\" \/>\n<!-- \/ Yoast SEO plugin. -->","yoast_head_json":{"title":"Spela Eurojackpot online, \u00e4ven fr\u00e5n l\u00e4nder utanf\u00f6r Europa","description":"Att spela Eurojackpot online f\u00f6r dig n\u00e4rmare en miljon\u00e4r!","robots":{"index":"index","follow":"follow","max-snippet":"max-snippet:-1","max-image-preview":"max-image-preview:large","max-video-preview":"max-video-preview:-1"},"canonical":"https:\/\/jackpotlotteryonline.com\/sv\/hur-man-spelar\/eurojackpot\/","og_locale":"sv_SE","og_type":"article","og_title":"Spela Eurojackpot online, \u00e4ven fr\u00e5n l\u00e4nder utanf\u00f6r Europa","og_description":"Att spela Eurojackpot online f\u00f6r dig n\u00e4rmare en miljon\u00e4r!","og_url":"https:\/\/jackpotlotteryonline.com\/sv\/hur-man-spelar\/eurojackpot\/","og_site_name":"Lotto Online - Crack The International Lottery Jackpots","article_modified_time":"2022-12-30T21:14:10+00:00","og_image":[{"url":"http:\/\/jackpotlotteryonline.com\/wp-content\/uploads\/2022\/10\/1_online_ticket_eurojackpot2.jpg"}],"twitter_card":"summary_large_image","twitter_misc":{"Ber\u00e4knad l\u00e4stid":"3 minuter"},"schema":{"@context":"https:\/\/schema.org","@graph":[{"@type":"WebPage","@id":"https:\/\/jackpotlotteryonline.com\/sv\/hur-man-spelar\/eurojackpot\/","url":"https:\/\/jackpotlotteryonline.com\/sv\/hur-man-spelar\/eurojackpot\/","name":"Spela Eurojackpot online, \u00e4ven fr\u00e5n l\u00e4nder utanf\u00f6r Europa","isPartOf":{"@id":"https:\/\/jackpotlotteryonline.com\/#website"},"primaryImageOfPage":{"@id":"https:\/\/jackpotlotteryonline.com\/sv\/hur-man-spelar\/eurojackpot\/#primaryimage"},"image":{"@id":"https:\/\/jackpotlotteryonline.com\/sv\/hur-man-spelar\/eurojackpot\/#primaryimage"},"thumbnailUrl":"http:\/\/jackpotlotteryonline.com\/wp-content\/uploads\/2022\/10\/1_online_ticket_eurojackpot2.jpg","datePublished":"2022-11-03T10:16:18+00:00","dateModified":"2022-12-30T21:14:10+00:00","description":"Att spela Eurojackpot online f\u00f6r dig n\u00e4rmare en miljon\u00e4r!","breadcrumb":{"@id":"https:\/\/jackpotlotteryonline.com\/sv\/hur-man-spelar\/eurojackpot\/#breadcrumb"},"inLanguage":"sv-SE","potentialAction":[{"@type":"ReadAction","target":["https:\/\/jackpotlotteryonline.com\/sv\/hur-man-spelar\/eurojackpot\/"]}]},{"@type":"ImageObject","inLanguage":"sv-SE","@id":"https:\/\/jackpotlotteryonline.com\/sv\/hur-man-spelar\/eurojackpot\/#primaryimage","url":"http:\/\/jackpotlotteryonline.com\/wp-content\/uploads\/2022\/10\/1_online_ticket_eurojackpot2.jpg","contentUrl":"http:\/\/jackpotlotteryonline.com\/wp-content\/uploads\/2022\/10\/1_online_ticket_eurojackpot2.jpg"},{"@type":"BreadcrumbList","@id":"https:\/\/jackpotlotteryonline.com\/sv\/hur-man-spelar\/eurojackpot\/#breadcrumb","itemListElement":[{"@type":"ListItem","position":1,"name":"Home","item":"https:\/\/jackpotlotteryonline.com\/sv\/"},{"@type":"ListItem","position":2,"name":"Hur man spelar","item":"https:\/\/jackpotlotteryonline.com\/play-online\/"},{"@type":"ListItem","position":3,"name":"EuroJackpot"}]},{"@type":"WebSite","@id":"https:\/\/jackpotlotteryonline.com\/#website","url":"https:\/\/jackpotlotteryonline.com\/","name":"Lotto Online - Crack The International Lottery Jackpots","description":"","potentialAction":[{"@type":"SearchAction","target":{"@type":"EntryPoint","urlTemplate":"https:\/\/jackpotlotteryonline.com\/?s={search_term_string}"},"query-input":"required name=search_term_string"}],"inLanguage":"sv-SE"}]}},"_links":{"self":[{"href":"https:\/\/jackpotlotteryonline.com\/sv\/wp-json\/wp\/v2\/pages\/36097","targetHints":{"allow":["GET"]}}],"collection":[{"href":"https:\/\/jackpotlotteryonline.com\/sv\/wp-json\/wp\/v2\/pages"}],"about":[{"href":"https:\/\/jackpotlotteryonline.com\/sv\/wp-json\/wp\/v2\/types\/page"}],"author":[{"embeddable":true,"href":"https:\/\/jackpotlotteryonline.com\/sv\/wp-json\/wp\/v2\/users\/1"}],"replies":[{"embeddable":true,"href":"https:\/\/jackpotlotteryonline.com\/sv\/wp-json\/wp\/v2\/comments?post=36097"}],"version-history":[{"count":0,"href":"https:\/\/jackpotlotteryonline.com\/sv\/wp-json\/wp\/v2\/pages\/36097\/revisions"}],"up":[{"embeddable":true,"href":"https:\/\/jackpotlotteryonline.com\/sv\/wp-json\/wp\/v2\/pages\/35725"}],"wp:attachment":[{"href":"https:\/\/jackpotlotteryonline.com\/sv\/wp-json\/wp\/v2\/media?parent=36097"}],"curies":[{"name":"wp","href":"https:\/\/api.w.org\/{rel}","templated":true}]}}