{"id":36151,"date":"2022-11-03T13:54:33","date_gmt":"2022-11-03T13:54:33","guid":{"rendered":"https:\/\/jackpotlotteryonline.com\/?page_id=36151"},"modified":"2022-12-31T07:48:30","modified_gmt":"2022-12-31T07:48:30","slug":"superenalotto","status":"publish","type":"page","link":"https:\/\/jackpotlotteryonline.com\/sv\/hur-man-spelar\/superenalotto\/","title":{"rendered":"SuperEnaLotto Italien"},"content":{"rendered":"<h2>Superenalotto Italia<\/h2>\n<p>Detta \u00e4r det italienska jackpottlotteriet som drogs f\u00f6rsta g\u00e5ngen den 3 december 1997, och <strong>Superenalotto online jackpotten<\/strong> n\u00e5r ofta astronomiska summor. Den dras varje tisdag, torsdag och l\u00f6rdag prick klockan 20.00. Med de st\u00f6rsta jackpotbeloppen inblandade \u00e4r oddsen f\u00f6r att vinna detta lotteri bland de l\u00e4gsta. <strong>Superenalotto Italia<\/strong> \u00e4r k\u00e4nt f\u00f6r att n\u00e5 jackpotbelopp p\u00e5 \u00f6ver 250 miljoner euro.<\/p>\n<section class=\"layout\" style=\"border: solid 1px; width: 100%;\">\n<div class=\"img-div\" style=\"margin-top: 5px;\"><img decoding=\"async\" class=\"wp-image-17212 alignleft\" style=\"height: 45px; margin: 8px 8px 0px;\" src=\"https:\/\/jackpotlotteryonline.com\/wp-content\/uploads\/2022\/11\/read1.jpg\" alt=\"L\u00e4s\" width=\"\" height=\"\" \/><\/div>\n<div style=\"padding-left: 5px;\">\n<div style=\"font-size: 1.1em;\">\n<p><strong>Europeiska lotterier<\/strong><\/p>\n<p style=\"font-size: 0.85em; margin-top: -1.5em;\">Vilka europeiska lotterier \u00e4r b\u00e4st?\u00a0<a href=\"https:\/\/jackpotlotteryonline.com\/sv\/vilka-europeiska-lotterier-ar-bast\"> L\u00e4s mer<\/a><\/p>\n<\/div>\n<\/div>\n<\/section>\n<h2>Hur Superenalotto fungerar<\/h2>\n<p><img loading=\"lazy\" decoding=\"async\" class=\"alignright wp-image-17735\" src=\"https:\/\/jackpotlotteryonline.com\/wp-content\/uploads\/2022\/10\/logo_superenalotto.png\" alt=\"spela superenalotto online\" width=\"168\" height=\"178\" \/><\/p>\n<p><strong>Superenalotto<\/strong> inneb\u00e4r att man matchar 6 nummer av 90. <a href=\"https:\/\/jackpotlotteryonline.com\/sv\/vinnande-nummer\/superenalotto\">Huvuddragningen<\/a> omfattar dragningen av alla 6 nummer som inkluderar Jolly-numret, och sedan sker en andra och oberoende dragning av Superstar-numret. F\u00f6r att ha n\u00e5gra chanser att vinna n\u00e5got i <strong>Superenalotto Italia<\/strong> m\u00e5ste man matcha minst 3 nummer och oddsen f\u00f6r att uppn\u00e5 detta \u00e4r 1 p\u00e5 327. F\u00f6r att vinna jackpotten \u00e4r oddsen 1 p\u00e5 622 miljoner.<\/p>\n<p>Superstarnumret kostar extra att spela, men om du \u00e4r spelglad och har tur nog att tr\u00e4ffa det kan det \u00f6ka prispengarna 100 g\u00e5nger. Om du matchar Superstar-numret och inte matchar de sex grundnumren kan du faktiskt ocks\u00e5 g\u00e5 d\u00e4rifr\u00e5n med ett fast belopp i prispengar.<\/p>\n<h2>Vad kan du vinna med Superenalotto Jackpot?<\/h2>\n<p>\u00c5r 2022 \u00e4r f\u00f6r n\u00e4rvarande den st\u00f6rsta jackpotten n\u00e5gonsin av <strong>Superenalotto Italia, som f\u00f6r n\u00e4rvarande ligger p\u00e5<\/strong> 295 miljoner euro. Detta \u00e4r den \u00f6verl\u00e4gset st\u00f6rsta jackpotten som har vunnits i Italiens lottohistoria, och n\u00e4r denna sida uppdateras har ingen vinnare \u00e4nnu hittats!<br \/>\n<img loading=\"lazy\" decoding=\"async\" class=\"alignright size-medium wp-image-19493\" src=\"https:\/\/jackpotlotteryonline.com\/wp-content\/uploads\/2022\/10\/2_ticket_superenalotto4-211x300.jpg\" alt=\"superenalotto biljett\" width=\"211\" height=\"300\" srcset=\"https:\/\/jackpotlotteryonline.com\/wp-content\/uploads\/2022\/10\/2_ticket_superenalotto4-211x300.jpg 211w, https:\/\/jackpotlotteryonline.com\/wp-content\/uploads\/2022\/10\/2_ticket_superenalotto4.jpg 300w\" sizes=\"auto, (max-width: 211px) 100vw, 211px\" \/><\/p>\n<p>Det finns dock ingen anledning att bli avskr\u00e4ckt. Faktum \u00e4r att ju h\u00f6gre oddsen \u00e4r, desto h\u00f6gre \u00e4r jackpotten att vinna och desto b\u00e4ttre \u00e4r adrenalinkicken. Lotteriet har alltid varit ett slumpspel och chansen \u00e4r stor att du \u00e4r n\u00e4sta lyckliga.<\/p>\n<p>Det b\u00e4sta med <strong>Superena lotteriets jackpot online<\/strong> \u00e4r att vem som helst fr\u00e5n vilken plats som helst i v\u00e4rlden kan delta i det, \u00e4ven fr\u00e5n utanf\u00f6r Italien, och den enda grunden f\u00f6r att delta \u00e4r att man ska vara 18+ \u00e5r gammal. <strong>V\u00e5r webbplats<\/strong> ger dig den <a href=\"https:\/\/jackpotlotteryonline.com\/sv\/kopa-biljetter\/superenalotto\">b\u00e4sta chansen att vinna Superenalotto Italia<\/a> och om du inte har spelat det \u00e4nnu s\u00e5 \u00e4r det fel st\u00e4lle du trycker din lycka p\u00e5.<\/p>\n<p>N\u00e4r du v\u00e4l har registrerat dig p\u00e5 v\u00e5r webbplats och verifierat dina referenser \u00e4r allt du beh\u00f6ver g\u00f6ra att v\u00e4lja dina nummer och g\u00f6ra betalningen f\u00f6r att f\u00f6rs\u00e4kra dig om att du har bokat din plats p\u00e5 bussen till miljonerna. V\u00e5r lokala representant kommer att k\u00f6pa din biljett lokalt med de nummer du angett och se till att du kan se en skanning av biljetten kort d\u00e4refter.<\/p>\n<p>Medan det \u00e4r en fr\u00e5ga om ogynnsamma odds att vinna<strong> Superenalotto Italia<\/strong> kan du ocks\u00e5 kolla in de andra lotterierna \u00f6ver hela v\u00e4rlden som du kan spela online med hj\u00e4lp av v\u00e5r tj\u00e4nst.<\/p>\n<p>V\u00e4lj dina favoritspel och f\u00e5 upp dina vinstprocenter genom att g\u00e5 med i gemenskapen av v\u00e5ra anv\u00e4ndare idag. Det \u00e4r dags att du s\u00e4tter din tur p\u00e5 det ultimata testet.<\/p>\n","protected":false},"excerpt":{"rendered":"<p>Superenalotto Italia Detta \u00e4r det italienska jackpottlotteriet som drogs f\u00f6rsta g\u00e5ngen den 3 december 1997, och Superenalotto online jackpotten n\u00e5r ofta astronomiska summor. Den dras varje tisdag, torsdag och l\u00f6rdag prick klockan 20.00. Med de st\u00f6rsta jackpotbeloppen inblandade \u00e4r oddsen f\u00f6r att vinna detta lotteri bland de l\u00e4gsta. Superenalotto Italia \u00e4r k\u00e4nt f\u00f6r att n\u00e5 [&hellip;]<\/p>\n","protected":false},"author":1,"featured_media":0,"parent":35725,"menu_order":5,"comment_status":"closed","ping_status":"closed","template":"superenalotto.php","meta":{"_et_pb_use_builder":"","_et_pb_old_content":"","_et_gb_content_width":"","exclude_from_search":false,"footnotes":""},"class_list":["post-36151","page","type-page","status-publish","hentry"],"yoast_head":"<!-- This site is optimized with the Yoast SEO plugin v23.3 - https:\/\/yoast.com\/wordpress\/plugins\/seo\/ -->\n<title>Spela SuperEnaLotto online fr\u00e5n utanf\u00f6r Italien<\/title>\n<meta name=\"description\" content=\"Superenalotto kan tyckas vara en sv\u00e5r n\u00f6t att kn\u00e4cka men om du tr\u00e4ffar jackpotten vinner du stort. Spela Superenalotto fr\u00e5n utanf\u00f6r Italien h\u00e4r!\" \/>\n<meta name=\"robots\" content=\"index, follow, max-snippet:-1, max-image-preview:large, max-video-preview:-1\" \/>\n<link rel=\"canonical\" href=\"https:\/\/jackpotlotteryonline.com\/play-online\/superenalotto\/\" \/>\n<meta property=\"og:locale\" content=\"sv_SE\" \/>\n<meta property=\"og:type\" content=\"article\" \/>\n<meta property=\"og:title\" content=\"Spela SuperEnaLotto online fr\u00e5n utanf\u00f6r Italien\" \/>\n<meta property=\"og:description\" content=\"Superenalotto kan tyckas vara en sv\u00e5r n\u00f6t att kn\u00e4cka men om du tr\u00e4ffar jackpotten vinner du stort. Spela Superenalotto fr\u00e5n utanf\u00f6r Italien h\u00e4r!\" \/>\n<meta property=\"og:url\" content=\"https:\/\/jackpotlotteryonline.com\/play-online\/superenalotto\/\" \/>\n<meta property=\"og:site_name\" content=\"Lotto Online - Crack The International Lottery Jackpots\" \/>\n<meta property=\"article:modified_time\" content=\"2022-12-31T07:48:30+00:00\" \/>\n<meta property=\"og:image\" content=\"https:\/\/jackpotlotteryonline.com\/wp-content\/uploads\/2022\/11\/read1.jpg\" \/>\n<meta name=\"twitter:card\" content=\"summary_large_image\" \/>\n<meta name=\"twitter:label1\" content=\"Ber\u00e4knad l\u00e4stid\" \/>\n\t<meta name=\"twitter:data1\" content=\"3 minuter\" \/>\n<!-- \/ Yoast SEO plugin. -->","yoast_head_json":{"title":"Spela SuperEnaLotto online fr\u00e5n utanf\u00f6r Italien","description":"Superenalotto kan tyckas vara en sv\u00e5r n\u00f6t att kn\u00e4cka men om du tr\u00e4ffar jackpotten vinner du stort. Spela Superenalotto fr\u00e5n utanf\u00f6r Italien h\u00e4r!","robots":{"index":"index","follow":"follow","max-snippet":"max-snippet:-1","max-image-preview":"max-image-preview:large","max-video-preview":"max-video-preview:-1"},"canonical":"https:\/\/jackpotlotteryonline.com\/play-online\/superenalotto\/","og_locale":"sv_SE","og_type":"article","og_title":"Spela SuperEnaLotto online fr\u00e5n utanf\u00f6r Italien","og_description":"Superenalotto kan tyckas vara en sv\u00e5r n\u00f6t att kn\u00e4cka men om du tr\u00e4ffar jackpotten vinner du stort. Spela Superenalotto fr\u00e5n utanf\u00f6r Italien h\u00e4r!","og_url":"https:\/\/jackpotlotteryonline.com\/play-online\/superenalotto\/","og_site_name":"Lotto Online - Crack The International Lottery Jackpots","article_modified_time":"2022-12-31T07:48:30+00:00","og_image":[{"url":"https:\/\/jackpotlotteryonline.com\/wp-content\/uploads\/2022\/11\/read1.jpg"}],"twitter_card":"summary_large_image","twitter_misc":{"Ber\u00e4knad l\u00e4stid":"3 minuter"},"schema":{"@context":"https:\/\/schema.org","@graph":[{"@type":"WebPage","@id":"https:\/\/jackpotlotteryonline.com\/play-online\/superenalotto\/","url":"https:\/\/jackpotlotteryonline.com\/play-online\/superenalotto\/","name":"Spela SuperEnaLotto online fr\u00e5n utanf\u00f6r Italien","isPartOf":{"@id":"https:\/\/jackpotlotteryonline.com\/#website"},"primaryImageOfPage":{"@id":"https:\/\/jackpotlotteryonline.com\/play-online\/superenalotto\/#primaryimage"},"image":{"@id":"https:\/\/jackpotlotteryonline.com\/play-online\/superenalotto\/#primaryimage"},"thumbnailUrl":"https:\/\/jackpotlotteryonline.com\/wp-content\/uploads\/2022\/11\/read1.jpg","datePublished":"2022-11-03T13:54:33+00:00","dateModified":"2022-12-31T07:48:30+00:00","description":"Superenalotto kan tyckas vara en sv\u00e5r n\u00f6t att kn\u00e4cka men om du tr\u00e4ffar jackpotten vinner du stort. Spela Superenalotto fr\u00e5n utanf\u00f6r Italien h\u00e4r!","breadcrumb":{"@id":"https:\/\/jackpotlotteryonline.com\/play-online\/superenalotto\/#breadcrumb"},"inLanguage":"sv-SE","potentialAction":[{"@type":"ReadAction","target":["https:\/\/jackpotlotteryonline.com\/play-online\/superenalotto\/"]}]},{"@type":"ImageObject","inLanguage":"sv-SE","@id":"https:\/\/jackpotlotteryonline.com\/play-online\/superenalotto\/#primaryimage","url":"https:\/\/jackpotlotteryonline.com\/wp-content\/uploads\/2022\/11\/read1.jpg","contentUrl":"https:\/\/jackpotlotteryonline.com\/wp-content\/uploads\/2022\/11\/read1.jpg"},{"@type":"BreadcrumbList","@id":"https:\/\/jackpotlotteryonline.com\/play-online\/superenalotto\/#breadcrumb","itemListElement":[{"@type":"ListItem","position":1,"name":"Home","item":"https:\/\/jackpotlotteryonline.com\/sv\/"},{"@type":"ListItem","position":2,"name":"Hur man spelar","item":"https:\/\/jackpotlotteryonline.com\/play-online\/"},{"@type":"ListItem","position":3,"name":"SuperEnaLotto Italien"}]},{"@type":"WebSite","@id":"https:\/\/jackpotlotteryonline.com\/#website","url":"https:\/\/jackpotlotteryonline.com\/","name":"Lotto Online - Crack The International Lottery Jackpots","description":"","potentialAction":[{"@type":"SearchAction","target":{"@type":"EntryPoint","urlTemplate":"https:\/\/jackpotlotteryonline.com\/?s={search_term_string}"},"query-input":"required name=search_term_string"}],"inLanguage":"sv-SE"}]}},"_links":{"self":[{"href":"https:\/\/jackpotlotteryonline.com\/sv\/wp-json\/wp\/v2\/pages\/36151","targetHints":{"allow":["GET"]}}],"collection":[{"href":"https:\/\/jackpotlotteryonline.com\/sv\/wp-json\/wp\/v2\/pages"}],"about":[{"href":"https:\/\/jackpotlotteryonline.com\/sv\/wp-json\/wp\/v2\/types\/page"}],"author":[{"embeddable":true,"href":"https:\/\/jackpotlotteryonline.com\/sv\/wp-json\/wp\/v2\/users\/1"}],"replies":[{"embeddable":true,"href":"https:\/\/jackpotlotteryonline.com\/sv\/wp-json\/wp\/v2\/comments?post=36151"}],"version-history":[{"count":0,"href":"https:\/\/jackpotlotteryonline.com\/sv\/wp-json\/wp\/v2\/pages\/36151\/revisions"}],"up":[{"embeddable":true,"href":"https:\/\/jackpotlotteryonline.com\/sv\/wp-json\/wp\/v2\/pages\/35725"}],"wp:attachment":[{"href":"https:\/\/jackpotlotteryonline.com\/sv\/wp-json\/wp\/v2\/media?parent=36151"}],"curies":[{"name":"wp","href":"https:\/\/api.w.org\/{rel}","templated":true}]}}