{"id":36213,"date":"2022-11-04T07:02:05","date_gmt":"2022-11-04T07:02:05","guid":{"rendered":"https:\/\/jackpotlotteryonline.com\/?page_id=36213"},"modified":"2023-01-03T08:35:46","modified_gmt":"2023-01-03T08:35:46","slug":"el-gordo","status":"publish","type":"page","link":"https:\/\/jackpotlotteryonline.com\/sv\/hur-man-spelar\/el-gordo\/","title":{"rendered":"Spela El Gordo Lotto Spanien"},"content":{"rendered":"<h2>El Gordo Lotto Jackpot p\u00e5 n\u00e4tet<\/h2>\n<p><img loading=\"lazy\" decoding=\"async\" class=\"alignright wp-image-18709\" src=\"http:\/\/jackpotlotteryonline.com\/wp-content\/uploads\/2022\/10\/2_ticket_el_gordo3-218x300.jpg\" alt=\"el gordo biljett\" width=\"174\" height=\"239\" srcset=\"https:\/\/jackpotlotteryonline.com\/wp-content\/uploads\/2022\/10\/2_ticket_el_gordo3-218x300.jpg 218w, https:\/\/jackpotlotteryonline.com\/wp-content\/uploads\/2022\/10\/2_ticket_el_gordo3.jpg 570w\" sizes=\"auto, (max-width: 174px) 100vw, 174px\" \/><\/p>\n<p>Den genomsnittliga spanjoren spenderade en fantastisk summa p\u00e5 60 euro p\u00e5 El Gordo lottojackpotten under 2009. Tja, siffran 60 euro kanske inte verkar vara s\u00e5 stor, men om du multiplicerar det med den spanska befolkningen kan du bli f\u00f6rbluffad. El Gordo-lotteriet \u00e4r mest k\u00e4nt f\u00f6r Spaniens jullotteriupplaga, men det \u00e4r ocks\u00e5 en veckovis h\u00e4ndelse.<\/p>\n<p>Det \u00e4r ett lotteri med <a href=\"https:\/\/jackpotlotteryonline.com\/sv\/vinnande-nummer\/el-gordo-draw-results\">en dragning per vecka (varje s\u00f6ndag),<\/a> och du m\u00e5ste v\u00e4lja 5 nummer ur ett 54 nummer stort urval. Namnet El Gordo \u00e4r f\u00f6rresten spanska och betyder &#8220;den stora&#8221;.<\/p>\n<h2>El Gordo-juldragningen<\/h2>\n<p>El Gordo Navidad spelas en g\u00e5ng om \u00e5ret i juletid och skiljer sig mycket fr\u00e5n andra j\u00e4mf\u00f6rbara lotterier i v\u00e4rlden, eftersom det bara finns 85 000 lottnummer tillg\u00e4ngliga (fr\u00e5n 00000 till 84999) och lotteridragningen \u00e4r en mycket speciell h\u00e4ndelse som tar l\u00e5ng tid att f\u00f6rbereda och genomf\u00f6ra.<\/p>\n<section class=\"layout\" style=\"border: solid 1px; width: 100%;\">\n<div class=\"img-div\" style=\"margin-top: 5px;\"><img decoding=\"async\" class=\"wp-image-17212 alignleft\" style=\"height: 45px; margin: 8px 8px 0px;\" src=\"http:\/\/jackpotlotteryonline.com\/wp-content\/uploads\/2022\/11\/read1.jpg\" alt=\"L\u00e4s\" width=\"\" height=\"\" \/><\/div>\n<div style=\"padding-left: 5px;\">\n<div style=\"font-size: 1.1em;\">\n<p><strong>Missa inte dragningstiderna f\u00f6r v\u00e4rldens st\u00f6rsta jackpottar p\u00e5 lotto.<\/strong><\/p>\n<p style=\"font-size: 0.85em; margin-top: -1.5em;\">En lista \u00f6ver dragningstiderna f\u00f6r de internationella lotterierna\u00a0 <a href=\"https:\/\/jackpotlotteryonline.com\/sv\/nar-ar-dragningstiderna-for-de-internationella-lotterierna-2\"> L\u00e4s mer<\/a><\/p>\n<\/div>\n<\/div>\n<\/section>\n<h2>Varf\u00f6r \u00e4r julens El Gordo unikt?<\/h2>\n<p><img loading=\"lazy\" decoding=\"async\" class=\"alignright size-full wp-image-17870\" src=\"http:\/\/jackpotlotteryonline.com\/wp-content\/uploads\/2022\/10\/lotto_euros.jpg\" alt=\"vinna julen El Gordo\" width=\"225\" height=\"134\" \/><\/p>\n<p>Dragningen i sig \u00e4r mycket unik och annorlunda. Det finns knappast n\u00e5gra maskiner eller n\u00e5gon teknik inblandade. En enorm sf\u00e4r fylls med tr\u00e4kulor som var och en har ett av de femsiffriga numren p\u00e5 sig. En andra sf\u00e4r inneh\u00e5ller bollarna med vinsterna. Dragningen g\u00f6rs av tv\u00e5 barn, som tar en kula ur varje sf\u00e4r, som definierar det vinnande numret och det pris som detta nummer har vunnit.<\/p>\n<p>El Gordo Online lottojackpotten, som helt och h\u00e5llet dras av m\u00e4nniskoh\u00e4nder, \u00e4r mycket unik och en av de mest eftertraktade p\u00e5 det europeiska fastlandet. Det finns tre h\u00f6gsta vinster och \u00f6ver 1000 mindre vinster, och nummer som delvis matchar de tre h\u00f6gsta vinstnumren vinner ocks\u00e5 n\u00e5got. S\u00e5 det \u00f6kar chanserna att vinna med en hel del.<\/p>\n<p>El Gordo \u00e4r en av de st\u00f6rsta jackpottarna i v\u00e4rlden, med en total vinstsumma p\u00e5 \u00f6ver 3 miljarder euro varje \u00e5r (fr\u00e5n och med nu och det \u00f6kar stadigt). Du beh\u00f6ver inte vara spansk eller europeisk medborgare, alla \u00f6ver 18 \u00e5r kan spela El Gordo Lotto.<\/p>\n<h2>Hur och varf\u00f6r ska du spela El Gordo online?<\/h2>\n<p>Registrera dig p\u00e5 v\u00e5r hemsida idag f\u00f6r att se till att du bokar din plats till rikedomar. Vi hj\u00e4lper spelare fr\u00e5n l\u00e4nder utanf\u00f6r Spanien att delta i El Gordo Lottery. Allt du beh\u00f6ver g\u00f6ra \u00e4r att skapa ditt konto, v\u00e4lja dina nummer och slutf\u00f6ra betalningen. Sedan ser vi till att <a href=\"https:\/\/jackpotlotteryonline.com\/sv\/kopa-biljetter\/el-gordo\">en lott k\u00f6ps f\u00f6r din r\u00e4kning till El Gordo lottojackpotten<\/a>. Biljetten med dina valda nummer kommer att skannas \u00e5t dig, och om du vinner en f\u00f6rm\u00f6genhet hj\u00e4lper vi ocks\u00e5 till att se till att pengarna kommer till dig s\u00e5 snabbt som m\u00f6jligt. Det rekommenderas att du bokar din biljett med dina favoritnummer redan idag.<\/p>\n","protected":false},"excerpt":{"rendered":"<p>El Gordo Lotto Jackpot p\u00e5 n\u00e4tet Den genomsnittliga spanjoren spenderade en fantastisk summa p\u00e5 60 euro p\u00e5 El Gordo lottojackpotten under 2009. Tja, siffran 60 euro kanske inte verkar vara s\u00e5 stor, men om du multiplicerar det med den spanska befolkningen kan du bli f\u00f6rbluffad. El Gordo-lotteriet \u00e4r mest k\u00e4nt f\u00f6r Spaniens jullotteriupplaga, men det [&hellip;]<\/p>\n","protected":false},"author":1,"featured_media":0,"parent":35725,"menu_order":6,"comment_status":"closed","ping_status":"closed","template":"el-gordo.php","meta":{"_et_pb_use_builder":"","_et_pb_old_content":"","_et_gb_content_width":"","exclude_from_search":false,"footnotes":""},"class_list":["post-36213","page","type-page","status-publish","hentry"],"yoast_head":"<!-- This site is optimized with the Yoast SEO plugin v23.3 - https:\/\/yoast.com\/wordpress\/plugins\/seo\/ -->\n<title>Spela Spaniens El Gordo Lotto online - \u00e4ven fr\u00e5n ett annat land \u00e4n Spanien.<\/title>\n<meta name=\"description\" content=\"El Gordo Online Lotto Jackpot \u00e4r en av de st\u00f6rsta jackpottarna i v\u00e4rlden och kan spelas online fr\u00e5n l\u00e4nder utanf\u00f6r Spanien.\" \/>\n<meta name=\"robots\" content=\"index, follow, max-snippet:-1, max-image-preview:large, max-video-preview:-1\" \/>\n<link rel=\"canonical\" href=\"https:\/\/jackpotlotteryonline.com\/play-online\/el-gordo\/\" \/>\n<meta property=\"og:locale\" content=\"sv_SE\" \/>\n<meta property=\"og:type\" content=\"article\" \/>\n<meta property=\"og:title\" content=\"Spela Spaniens El Gordo Lotto online - \u00e4ven fr\u00e5n ett annat land \u00e4n Spanien.\" \/>\n<meta property=\"og:description\" content=\"El Gordo Online Lotto Jackpot \u00e4r en av de st\u00f6rsta jackpottarna i v\u00e4rlden och kan spelas online fr\u00e5n l\u00e4nder utanf\u00f6r Spanien.\" \/>\n<meta property=\"og:url\" content=\"https:\/\/jackpotlotteryonline.com\/play-online\/el-gordo\/\" \/>\n<meta property=\"og:site_name\" content=\"Lotto Online - Crack The International Lottery Jackpots\" \/>\n<meta property=\"article:modified_time\" content=\"2023-01-03T08:35:46+00:00\" \/>\n<meta property=\"og:image\" content=\"http:\/\/jackpotlotteryonline.com\/wp-content\/uploads\/2022\/10\/2_ticket_el_gordo3-218x300.jpg\" \/>\n<meta name=\"twitter:card\" content=\"summary_large_image\" \/>\n<meta name=\"twitter:label1\" content=\"Ber\u00e4knad l\u00e4stid\" \/>\n\t<meta name=\"twitter:data1\" content=\"3 minuter\" \/>\n<!-- \/ Yoast SEO plugin. -->","yoast_head_json":{"title":"Spela Spaniens El Gordo Lotto online - \u00e4ven fr\u00e5n ett annat land \u00e4n Spanien.","description":"El Gordo Online Lotto Jackpot \u00e4r en av de st\u00f6rsta jackpottarna i v\u00e4rlden och kan spelas online fr\u00e5n l\u00e4nder utanf\u00f6r Spanien.","robots":{"index":"index","follow":"follow","max-snippet":"max-snippet:-1","max-image-preview":"max-image-preview:large","max-video-preview":"max-video-preview:-1"},"canonical":"https:\/\/jackpotlotteryonline.com\/play-online\/el-gordo\/","og_locale":"sv_SE","og_type":"article","og_title":"Spela Spaniens El Gordo Lotto online - \u00e4ven fr\u00e5n ett annat land \u00e4n Spanien.","og_description":"El Gordo Online Lotto Jackpot \u00e4r en av de st\u00f6rsta jackpottarna i v\u00e4rlden och kan spelas online fr\u00e5n l\u00e4nder utanf\u00f6r Spanien.","og_url":"https:\/\/jackpotlotteryonline.com\/play-online\/el-gordo\/","og_site_name":"Lotto Online - Crack The International Lottery Jackpots","article_modified_time":"2023-01-03T08:35:46+00:00","og_image":[{"url":"http:\/\/jackpotlotteryonline.com\/wp-content\/uploads\/2022\/10\/2_ticket_el_gordo3-218x300.jpg"}],"twitter_card":"summary_large_image","twitter_misc":{"Ber\u00e4knad l\u00e4stid":"3 minuter"},"schema":{"@context":"https:\/\/schema.org","@graph":[{"@type":"WebPage","@id":"https:\/\/jackpotlotteryonline.com\/play-online\/el-gordo\/","url":"https:\/\/jackpotlotteryonline.com\/play-online\/el-gordo\/","name":"Spela Spaniens El Gordo Lotto online - \u00e4ven fr\u00e5n ett annat land \u00e4n Spanien.","isPartOf":{"@id":"https:\/\/jackpotlotteryonline.com\/#website"},"primaryImageOfPage":{"@id":"https:\/\/jackpotlotteryonline.com\/play-online\/el-gordo\/#primaryimage"},"image":{"@id":"https:\/\/jackpotlotteryonline.com\/play-online\/el-gordo\/#primaryimage"},"thumbnailUrl":"http:\/\/jackpotlotteryonline.com\/wp-content\/uploads\/2022\/10\/2_ticket_el_gordo3-218x300.jpg","datePublished":"2022-11-04T07:02:05+00:00","dateModified":"2023-01-03T08:35:46+00:00","description":"El Gordo Online Lotto Jackpot \u00e4r en av de st\u00f6rsta jackpottarna i v\u00e4rlden och kan spelas online fr\u00e5n l\u00e4nder utanf\u00f6r Spanien.","breadcrumb":{"@id":"https:\/\/jackpotlotteryonline.com\/play-online\/el-gordo\/#breadcrumb"},"inLanguage":"sv-SE","potentialAction":[{"@type":"ReadAction","target":["https:\/\/jackpotlotteryonline.com\/play-online\/el-gordo\/"]}]},{"@type":"ImageObject","inLanguage":"sv-SE","@id":"https:\/\/jackpotlotteryonline.com\/play-online\/el-gordo\/#primaryimage","url":"http:\/\/jackpotlotteryonline.com\/wp-content\/uploads\/2022\/10\/2_ticket_el_gordo3-218x300.jpg","contentUrl":"http:\/\/jackpotlotteryonline.com\/wp-content\/uploads\/2022\/10\/2_ticket_el_gordo3-218x300.jpg"},{"@type":"BreadcrumbList","@id":"https:\/\/jackpotlotteryonline.com\/play-online\/el-gordo\/#breadcrumb","itemListElement":[{"@type":"ListItem","position":1,"name":"Home","item":"https:\/\/jackpotlotteryonline.com\/sv\/"},{"@type":"ListItem","position":2,"name":"Hur man spelar","item":"https:\/\/jackpotlotteryonline.com\/play-online\/"},{"@type":"ListItem","position":3,"name":"Spela El Gordo Lotto Spanien"}]},{"@type":"WebSite","@id":"https:\/\/jackpotlotteryonline.com\/#website","url":"https:\/\/jackpotlotteryonline.com\/","name":"Lotto Online - Crack The International Lottery Jackpots","description":"","potentialAction":[{"@type":"SearchAction","target":{"@type":"EntryPoint","urlTemplate":"https:\/\/jackpotlotteryonline.com\/?s={search_term_string}"},"query-input":"required name=search_term_string"}],"inLanguage":"sv-SE"}]}},"_links":{"self":[{"href":"https:\/\/jackpotlotteryonline.com\/sv\/wp-json\/wp\/v2\/pages\/36213","targetHints":{"allow":["GET"]}}],"collection":[{"href":"https:\/\/jackpotlotteryonline.com\/sv\/wp-json\/wp\/v2\/pages"}],"about":[{"href":"https:\/\/jackpotlotteryonline.com\/sv\/wp-json\/wp\/v2\/types\/page"}],"author":[{"embeddable":true,"href":"https:\/\/jackpotlotteryonline.com\/sv\/wp-json\/wp\/v2\/users\/1"}],"replies":[{"embeddable":true,"href":"https:\/\/jackpotlotteryonline.com\/sv\/wp-json\/wp\/v2\/comments?post=36213"}],"version-history":[{"count":0,"href":"https:\/\/jackpotlotteryonline.com\/sv\/wp-json\/wp\/v2\/pages\/36213\/revisions"}],"up":[{"embeddable":true,"href":"https:\/\/jackpotlotteryonline.com\/sv\/wp-json\/wp\/v2\/pages\/35725"}],"wp:attachment":[{"href":"https:\/\/jackpotlotteryonline.com\/sv\/wp-json\/wp\/v2\/media?parent=36213"}],"curies":[{"name":"wp","href":"https:\/\/api.w.org\/{rel}","templated":true}]}}