{"id":36266,"date":"2022-11-04T08:42:16","date_gmt":"2022-11-04T08:42:16","guid":{"rendered":"https:\/\/jackpotlotteryonline.com\/?page_id=36266"},"modified":"2022-12-31T11:08:56","modified_gmt":"2022-12-31T11:08:56","slug":"france-lotto","status":"publish","type":"page","link":"https:\/\/jackpotlotteryonline.com\/sv\/hur-man-spelar\/france-lotto\/","title":{"rendered":"Spela p\u00e5 det franska lotteriet"},"content":{"rendered":"<h2>Frankrike Lotto online<\/h2>\n<p><img loading=\"lazy\" decoding=\"async\" class=\"alignright size-full wp-image-18410\" src=\"https:\/\/jackpotlotteryonline.com\/wp-content\/uploads\/2022\/10\/win_big.jpg\" alt=\"spela france lotto online\" width=\"224\" height=\"134\" \/><\/p>\n<p>France Lotto \u00e4r ett av de \u00e4ldsta organiserade europeiska lotterierna och organiseras och f\u00f6rvaltas av Francaise des Jeux Group. Det \u00e4r mycket popul\u00e4rt i Frankrike och andra delar av Europa. Eftersom fransm\u00e4nnen \u00e4r mycket passionerade fans av hasardspel dras <a href=\"https:\/\/jackpotlotteryonline.com\/sv\/vinnande-nummer\/france-lotto-2\">France Lotto online tre g\u00e5nger i veckan (m\u00e5ndagar, onsdagar och l\u00f6rdagar)<\/a> till skillnad fr\u00e5n de flesta andra europeiska lotterier som bara dras tv\u00e5 g\u00e5nger i veckan. De totala vinsterna som delas ut av French Lotto uppskattas till \u00f6ver 4,4 miljarder per \u00e5r och det kommer med en stor jackpot.<\/p>\n<p>Du beh\u00f6ver inte vara bosatt i Frankrike &#8211; <strong>att spela det franska lotteriet fr\u00e5n utlandet \u00e4r m\u00f6jligt online med v\u00e5r hj\u00e4lp.<\/strong><\/p>\n<p>J\u00e4mf\u00f6rt med andra europeiska lotterier ser French Lotto online en stor \u00f6kning av jackpottarna som erbjuds eftersom jackpotten \u00f6kar med en miljon euro. Med tre dragningar varje vecka ackumuleras och stiger den ganska snabbt tills den vinns. Det faktum att jackpotten inte r\u00e4knas som den h\u00f6gsta bland lotterier bevisar att jackpotten vinns mer \u00e4n i andra lotterier.<\/p>\n<p>France Lotto online s\u00e4gs ha skapat fler miljon\u00e4rer \u00e4n de flesta andra j\u00e4mf\u00f6rbara lotterier i Europa. Du b\u00f6r ta din chans och k\u00f6pa <a href=\"https:\/\/jackpotlotteryonline.com\/sv\/kopa-biljetter\/lotto-france\">en lott online f\u00f6r France Lotto<\/a> och bli n\u00e4sta miljon\u00e4r.<\/p>\n<p>Vi \u00e4r h\u00e4r f\u00f6r att hj\u00e4lpa dig att spela France lotto online. Att spela detta spel \u00e4r lika enkelt som ABC och de kommer att hj\u00e4lpa dig hela v\u00e4gen.<\/p>\n<section class=\"layout\" style=\"border: solid 1px; width: 100%;\">\n<div class=\"img-div\" style=\"margin-top: 5px;\"><img decoding=\"async\" class=\"wp-image-17212 alignleft\" style=\"height: 45px; margin: 8px 8px 0px;\" src=\"https:\/\/jackpotlotteryonline.com\/wp-content\/uploads\/2022\/11\/read1.jpg\" alt=\"L\u00e4s\" width=\"\" height=\"\" \/><\/div>\n<div style=\"padding-left: 5px;\">\n<div style=\"font-size: 1.1em;\">\n<p><strong>Se hur dina lottnummer dras live<\/strong><\/p>\n<p style=\"font-size: 0.85em; margin-top: -1.5em;\">Hur du kan titta p\u00e5 live-uttagningar av dina favoritlotterier\u00a0 <a href=\"https:\/\/jackpotlotteryonline.com\/sv\/titta-pa-hur-dina-lottnummer-dras-live\"> L\u00e4s mer<\/a><\/p>\n<\/div>\n<\/div>\n<\/section>\n<h2>Hur spelar man France Lotto online?<\/h2>\n<p><img loading=\"lazy\" decoding=\"async\" class=\"alignright wp-image-27131\" src=\"https:\/\/jackpotlotteryonline.com\/wp-content\/uploads\/2022\/11\/1_jckpot_win_online.jpg\" alt=\"franskt lotteri jackpot\" width=\"159\" height=\"159\" srcset=\"https:\/\/jackpotlotteryonline.com\/wp-content\/uploads\/2022\/11\/1_jckpot_win_online.jpg 300w, https:\/\/jackpotlotteryonline.com\/wp-content\/uploads\/2022\/11\/1_jckpot_win_online-100x100.jpg 100w, https:\/\/jackpotlotteryonline.com\/wp-content\/uploads\/2022\/11\/1_jckpot_win_online-150x150.jpg 150w\" sizes=\"auto, (max-width: 159px) 100vw, 159px\" \/><\/p>\n<p>Precis som alla andra lotterier handlar Frankrike-lotto om att v\u00e4lja 5 nummer fr\u00e5n 49 och ett enda nummer fr\u00e5n en annan grupp med 10 nummer. Att k\u00f6pa en lott \u00e4r enkelt, n\u00e4r du best\u00e4ller genom oss k\u00f6per vi en lott f\u00f6r din r\u00e4kning. Direkt efter k\u00f6pet kan du se de nummer du valt p\u00e5 ditt konto, och lite senare kommer en skanning av ditt bidrag ocks\u00e5 att vara synlig p\u00e5 ditt konto.<\/p>\n<p>Om du \u00e4r skeptisk till att v\u00e4lja nummer har vi ocks\u00e5 en nummergenerator f\u00f6r lotteriet och Quick Pick-alternativet p\u00e5 France Lotto online g\u00f6r det m\u00f6jligt att spela slumpm\u00e4ssiga nummer.<\/p>\n<p>Du m\u00e5ste vara \u00f6ver 18 \u00e5r f\u00f6r att k\u00f6pa en France lotto online-lottolott och innan du g\u00f6r det genom oss kan du g\u00f6ra lite research p\u00e5 tidigare resultat, f\u00f6r att hj\u00e4lpa dig att v\u00e4lja dina egna lyckonummer.<\/p>\n<h2>H\u00e4mta dina vinster fr\u00e5n France lotto online<\/h2>\n<p>F\u00f6rutom jackpotten erbjuder France Lotto online \u00e4ven andra priser f\u00f6r matchande nummer. Till skillnad fr\u00e5n amerikanska lotterier betalas vinsterna ut i sin helhet och kontant. Du m\u00e5ste g\u00f6ra dina krav inom 2 m\u00e5nader fr\u00e5n dragningsdatumet, vilket vi hj\u00e4lper dig med. Prispengar under 2500 euro kommer att krediteras till ditt konto p\u00e5 v\u00e5r webbplats. Prispengar \u00f6ver detta belopp m\u00e5ste h\u00e4nvisas till Francaise des Jeux betalningscenter.<\/p>\n<p>Om du spelar via oss hj\u00e4lper vi dig ocks\u00e5 att h\u00e4mta ut dina priser genom att g\u00f6ra anspr\u00e5k p\u00e5 dina v\u00e4gnar och se till att priset levereras till dig s\u00e5 snabbt som m\u00f6jligt. Kom och registrera dig gratis idag och g\u00f6r anspr\u00e5k p\u00e5 of\u00f6rutsedda f\u00f6rdelar&#8230;!<\/p>\n<p>Alla vinster som vinns p\u00e5 France Lotto betalas ut skattefritt!<\/p>\n","protected":false},"excerpt":{"rendered":"<p>Frankrike Lotto online France Lotto \u00e4r ett av de \u00e4ldsta organiserade europeiska lotterierna och organiseras och f\u00f6rvaltas av Francaise des Jeux Group. Det \u00e4r mycket popul\u00e4rt i Frankrike och andra delar av Europa. Eftersom fransm\u00e4nnen \u00e4r mycket passionerade fans av hasardspel dras France Lotto online tre g\u00e5nger i veckan (m\u00e5ndagar, onsdagar och l\u00f6rdagar) till skillnad [&hellip;]<\/p>\n","protected":false},"author":1,"featured_media":0,"parent":35725,"menu_order":9,"comment_status":"closed","ping_status":"closed","template":"lotto-fr.php","meta":{"_et_pb_use_builder":"","_et_pb_old_content":"","_et_gb_content_width":"","exclude_from_search":false,"footnotes":""},"class_list":["post-36266","page","type-page","status-publish","hentry"],"yoast_head":"<!-- This site is optimized with the Yoast SEO plugin v23.3 - https:\/\/yoast.com\/wordpress\/plugins\/seo\/ -->\n<title>Delta i France Lotto online, fr\u00e5n utanf\u00f6r Frankrike.<\/title>\n<meta name=\"description\" content=\"K\u00f6p biljett till France lotto p\u00e5 h\u00e4r - vi g\u00f6r det m\u00f6jligt f\u00f6r lottofantaster fr\u00e5n utanf\u00f6r Frankrike att f\u00e5 en biljett till detta popul\u00e4ra lotteri.\" \/>\n<meta name=\"robots\" content=\"index, follow, max-snippet:-1, max-image-preview:large, max-video-preview:-1\" \/>\n<link rel=\"canonical\" href=\"https:\/\/jackpotlotteryonline.com\/play-online\/france-lotto\/\" \/>\n<meta property=\"og:locale\" content=\"sv_SE\" \/>\n<meta property=\"og:type\" content=\"article\" \/>\n<meta property=\"og:title\" content=\"Delta i France Lotto online, fr\u00e5n utanf\u00f6r Frankrike.\" \/>\n<meta property=\"og:description\" content=\"K\u00f6p biljett till France lotto p\u00e5 h\u00e4r - vi g\u00f6r det m\u00f6jligt f\u00f6r lottofantaster fr\u00e5n utanf\u00f6r Frankrike att f\u00e5 en biljett till detta popul\u00e4ra lotteri.\" \/>\n<meta property=\"og:url\" content=\"https:\/\/jackpotlotteryonline.com\/play-online\/france-lotto\/\" \/>\n<meta property=\"og:site_name\" content=\"Lotto Online - Crack The International Lottery Jackpots\" \/>\n<meta property=\"article:modified_time\" content=\"2022-12-31T11:08:56+00:00\" \/>\n<meta property=\"og:image\" content=\"https:\/\/jackpotlotteryonline.com\/wp-content\/uploads\/2022\/10\/win_big.jpg\" \/>\n<meta name=\"twitter:card\" content=\"summary_large_image\" \/>\n<meta name=\"twitter:label1\" content=\"Ber\u00e4knad l\u00e4stid\" \/>\n\t<meta name=\"twitter:data1\" content=\"3 minuter\" \/>\n<!-- \/ Yoast SEO plugin. -->","yoast_head_json":{"title":"Delta i France Lotto online, fr\u00e5n utanf\u00f6r Frankrike.","description":"K\u00f6p biljett till France lotto p\u00e5 h\u00e4r - vi g\u00f6r det m\u00f6jligt f\u00f6r lottofantaster fr\u00e5n utanf\u00f6r Frankrike att f\u00e5 en biljett till detta popul\u00e4ra lotteri.","robots":{"index":"index","follow":"follow","max-snippet":"max-snippet:-1","max-image-preview":"max-image-preview:large","max-video-preview":"max-video-preview:-1"},"canonical":"https:\/\/jackpotlotteryonline.com\/play-online\/france-lotto\/","og_locale":"sv_SE","og_type":"article","og_title":"Delta i France Lotto online, fr\u00e5n utanf\u00f6r Frankrike.","og_description":"K\u00f6p biljett till France lotto p\u00e5 h\u00e4r - vi g\u00f6r det m\u00f6jligt f\u00f6r lottofantaster fr\u00e5n utanf\u00f6r Frankrike att f\u00e5 en biljett till detta popul\u00e4ra lotteri.","og_url":"https:\/\/jackpotlotteryonline.com\/play-online\/france-lotto\/","og_site_name":"Lotto Online - Crack The International Lottery Jackpots","article_modified_time":"2022-12-31T11:08:56+00:00","og_image":[{"url":"https:\/\/jackpotlotteryonline.com\/wp-content\/uploads\/2022\/10\/win_big.jpg"}],"twitter_card":"summary_large_image","twitter_misc":{"Ber\u00e4knad l\u00e4stid":"3 minuter"},"schema":{"@context":"https:\/\/schema.org","@graph":[{"@type":"WebPage","@id":"https:\/\/jackpotlotteryonline.com\/play-online\/france-lotto\/","url":"https:\/\/jackpotlotteryonline.com\/play-online\/france-lotto\/","name":"Delta i France Lotto online, fr\u00e5n utanf\u00f6r Frankrike.","isPartOf":{"@id":"https:\/\/jackpotlotteryonline.com\/#website"},"primaryImageOfPage":{"@id":"https:\/\/jackpotlotteryonline.com\/play-online\/france-lotto\/#primaryimage"},"image":{"@id":"https:\/\/jackpotlotteryonline.com\/play-online\/france-lotto\/#primaryimage"},"thumbnailUrl":"https:\/\/jackpotlotteryonline.com\/wp-content\/uploads\/2022\/10\/win_big.jpg","datePublished":"2022-11-04T08:42:16+00:00","dateModified":"2022-12-31T11:08:56+00:00","description":"K\u00f6p biljett till France lotto p\u00e5 h\u00e4r - vi g\u00f6r det m\u00f6jligt f\u00f6r lottofantaster fr\u00e5n utanf\u00f6r Frankrike att f\u00e5 en biljett till detta popul\u00e4ra lotteri.","breadcrumb":{"@id":"https:\/\/jackpotlotteryonline.com\/play-online\/france-lotto\/#breadcrumb"},"inLanguage":"sv-SE","potentialAction":[{"@type":"ReadAction","target":["https:\/\/jackpotlotteryonline.com\/play-online\/france-lotto\/"]}]},{"@type":"ImageObject","inLanguage":"sv-SE","@id":"https:\/\/jackpotlotteryonline.com\/play-online\/france-lotto\/#primaryimage","url":"https:\/\/jackpotlotteryonline.com\/wp-content\/uploads\/2022\/10\/win_big.jpg","contentUrl":"https:\/\/jackpotlotteryonline.com\/wp-content\/uploads\/2022\/10\/win_big.jpg"},{"@type":"BreadcrumbList","@id":"https:\/\/jackpotlotteryonline.com\/play-online\/france-lotto\/#breadcrumb","itemListElement":[{"@type":"ListItem","position":1,"name":"Home","item":"https:\/\/jackpotlotteryonline.com\/sv\/"},{"@type":"ListItem","position":2,"name":"Hur man spelar","item":"https:\/\/jackpotlotteryonline.com\/play-online\/"},{"@type":"ListItem","position":3,"name":"Spela p\u00e5 det franska lotteriet"}]},{"@type":"WebSite","@id":"https:\/\/jackpotlotteryonline.com\/#website","url":"https:\/\/jackpotlotteryonline.com\/","name":"Lotto Online - Crack The International Lottery Jackpots","description":"","potentialAction":[{"@type":"SearchAction","target":{"@type":"EntryPoint","urlTemplate":"https:\/\/jackpotlotteryonline.com\/?s={search_term_string}"},"query-input":"required name=search_term_string"}],"inLanguage":"sv-SE"}]}},"_links":{"self":[{"href":"https:\/\/jackpotlotteryonline.com\/sv\/wp-json\/wp\/v2\/pages\/36266","targetHints":{"allow":["GET"]}}],"collection":[{"href":"https:\/\/jackpotlotteryonline.com\/sv\/wp-json\/wp\/v2\/pages"}],"about":[{"href":"https:\/\/jackpotlotteryonline.com\/sv\/wp-json\/wp\/v2\/types\/page"}],"author":[{"embeddable":true,"href":"https:\/\/jackpotlotteryonline.com\/sv\/wp-json\/wp\/v2\/users\/1"}],"replies":[{"embeddable":true,"href":"https:\/\/jackpotlotteryonline.com\/sv\/wp-json\/wp\/v2\/comments?post=36266"}],"version-history":[{"count":0,"href":"https:\/\/jackpotlotteryonline.com\/sv\/wp-json\/wp\/v2\/pages\/36266\/revisions"}],"up":[{"embeddable":true,"href":"https:\/\/jackpotlotteryonline.com\/sv\/wp-json\/wp\/v2\/pages\/35725"}],"wp:attachment":[{"href":"https:\/\/jackpotlotteryonline.com\/sv\/wp-json\/wp\/v2\/media?parent=36266"}],"curies":[{"name":"wp","href":"https:\/\/api.w.org\/{rel}","templated":true}]}}