{"id":36324,"date":"2022-11-04T10:12:45","date_gmt":"2022-11-04T10:12:45","guid":{"rendered":"https:\/\/jackpotlotteryonline.com\/?page_id=36324"},"modified":"2022-12-31T10:13:50","modified_gmt":"2022-12-31T10:13:50","slug":"german-lotto","status":"publish","type":"page","link":"https:\/\/jackpotlotteryonline.com\/sv\/hur-man-spelar\/german-lotto\/","title":{"rendered":"Tyska Lotto"},"content":{"rendered":"<h2>German Lotto finns nu p\u00e5 n\u00e4tet<\/h2>\n<p><img loading=\"lazy\" decoding=\"async\" class=\"alignright wp-image-18464 size-full\" src=\"https:\/\/jackpotlotteryonline.com\/wp-content\/uploads\/2022\/10\/win_lottery_online.jpg\" alt=\"spela tyska lotto online\" width=\"231\" height=\"130\" \/><\/p>\n<p>Lotto i Tyskland \u00e4r \u00f6ver fem decennier gammalt och det tyska lotteriet online organiseras och f\u00f6rvaltas av Deutscher Lotto och Toto Block. Med en <a href=\"https:\/\/jackpotlotteryonline.com\/sv\/vinnande-nummer\/german-lotto\">dragning tv\u00e5 g\u00e5nger i veckan<\/a>, onsdag och l\u00f6rdag, kommer det tyska lotteriet online oftast med en av de st\u00f6rsta europeiska jackpottarna. Det finns allts\u00e5 all anledning f\u00f6r dig att spela det tyska lotteriet med en lott online om du bor utanf\u00f6r Tyskland.<\/p>\n<p>Om du inte bor i Tyskland \u00e4r ditt enda alternativ f\u00f6r att spela det tyska lotteriet online hos oss. N\u00e4r du v\u00e4l har registrerat dig p\u00e5 v\u00e5r webbplats kan du f\u00e5 all relevant information om det tyska lotteriet online. Det inkluderar gamla resultat, en lottnummergenerator och det omr\u00e5de d\u00e4r du kan k\u00f6pa lotten. De kommer \u00e4ven att hj\u00e4lpa dig att g\u00f6ra anspr\u00e5k p\u00e5 och f\u00e5 leverans av vinsten.<\/p>\n<h2>Hur det tyska lotteriet online fungerar<\/h2>\n<p>Allt du beh\u00f6ver g\u00f6ra \u00e4r att<a href=\"https:\/\/jackpotlotteryonline.com\/sv\/kopa-biljetter\/lotto-germany\"> k\u00f6pa en lott till det tyska lotto online<\/a> genom att v\u00e4lja 6 nummer fr\u00e5n en grupp p\u00e5 49. Du har ocks\u00e5 m\u00f6jlighet att v\u00e4lja ett supernummer mellan 1 och 10. Huvuddragningen sker f\u00f6r basnumren och d\u00e4refter sker en dragning f\u00f6r supernumret. N\u00e4r de 6 basnumren st\u00e4mmer \u00f6verens vinner du det f\u00f6rsta bel\u00f6ningspriset. Den egentliga jackpotten delas ut n\u00e4r dina 6 basnummer och supernumret matchar dragningen.<\/p>\n<p>Personer fr\u00e5n andra l\u00e4nder \u00e4n Tyskland f\u00e5r ocks\u00e5 spela det tyska lotteriet online. P\u00e5 v\u00e5r webbplats kan du utnyttja denna m\u00f6jlighet att pr\u00f6va lyckan och l\u00e4mna resten av logistiken till oss. Du m\u00e5ste vara \u00f6ver 18 \u00e5r gammal f\u00f6r att spela det tyska lotteriet med en lott online.<\/p>\n<section class=\"layout\" style=\"border: solid 1px; width: 100%;\">\n<div class=\"img-div\" style=\"margin-top: 5px;\"><img decoding=\"async\" class=\"wp-image-17212 alignleft\" style=\"height: 45px; margin: 8px 8px 0px;\" src=\"https:\/\/jackpotlotteryonline.com\/wp-content\/uploads\/2022\/11\/read1.jpg\" alt=\"L\u00e4s\" width=\"\" height=\"\" \/><\/div>\n<div style=\"padding-left: 5px;\">\n<div style=\"font-size: 1.1em;\">\n<p><strong>Vilken bil skulle du k\u00f6pa om du vann p\u00e5 lotto?<\/strong><\/p>\n<p style=\"font-size: 0.85em; margin-top: -1.5em;\">Vinn p\u00e5 lotto och f\u00e5 en ny bil <a href=\"https:\/\/jackpotlotteryonline.com\/sv\/vilken-bil-skulle-du-kopa-om-du-vann-pa-lotto\">L\u00e4s mer<\/a><\/p>\n<\/div>\n<\/div>\n<\/section>\n<h2>Att vinna det tyska lotteriet online<\/h2>\n<p><img loading=\"lazy\" decoding=\"async\" class=\"alignright size-medium wp-image-33350\" src=\"https:\/\/jackpotlotteryonline.com\/wp-content\/uploads\/2022\/11\/2_ticket_euromillions3-1-111x300.jpg\" alt=\"tysk lottobiljett\" width=\"111\" height=\"300\" srcset=\"https:\/\/jackpotlotteryonline.com\/wp-content\/uploads\/2022\/11\/2_ticket_euromillions3-1-111x300.jpg 111w, https:\/\/jackpotlotteryonline.com\/wp-content\/uploads\/2022\/11\/2_ticket_euromillions3-1.jpg 180w\" sizes=\"auto, (max-width: 111px) 100vw, 111px\" \/><\/p>\n<p>Att vinna det tyska lotto online \u00e4r en fr\u00e5ga om slump, men det g\u00e4ller \u00e4ven f\u00f6r alla andra lotterier. Vi \u00f6kar dina chanser att vinna det tyska lotteriet online genom att anv\u00e4nda v\u00e5r nummergenerator och genom att ge dig information om tidigare resultat f\u00f6r att hj\u00e4lpa dig att v\u00e4lja dina lyckonummer. All relevant information om det tyska lotteriet online finns d\u00e4r och du kan anv\u00e4nda den till fullo f\u00f6r att \u00f6ka dina chanser.<\/p>\n<p>Det tyska lotteriet online \u00e4r inte bara en av de st\u00f6rsta jackpottarna i Europa, utan det \u00e4r ocks\u00e5 det mest organiserade lotteriet i v\u00e4rlden och drivs mycket professionellt. N\u00e4r du spelar det tyska lotto online och om du vinner hj\u00e4lper vi dig att kr\u00e4va din vinst utan problem och ser till att vinstbeloppet levereras till dig utan problem.<\/p>\n<p>\u00c4ven om det tyska lotteriet online \u00e4r ett av de \u00e4ldsta lotterierna i Europa \u00e4r det inte lika popul\u00e4rt som de andra. Anledningen \u00e4r att det inte offentligg\u00f6rs lika mycket utanf\u00f6r Tyskland.<strong> Hur som helst \u00e4r detta ingen anledning att inte spela det tyska lotteriet online. Pr\u00f6va din lycka p\u00e5 lotto i Tyskland idag.<\/strong><\/p>\n","protected":false},"excerpt":{"rendered":"<p>German Lotto finns nu p\u00e5 n\u00e4tet Lotto i Tyskland \u00e4r \u00f6ver fem decennier gammalt och det tyska lotteriet online organiseras och f\u00f6rvaltas av Deutscher Lotto och Toto Block. Med en dragning tv\u00e5 g\u00e5nger i veckan, onsdag och l\u00f6rdag, kommer det tyska lotteriet online oftast med en av de st\u00f6rsta europeiska jackpottarna. Det finns allts\u00e5 all [&hellip;]<\/p>\n","protected":false},"author":1,"featured_media":0,"parent":35725,"menu_order":8,"comment_status":"closed","ping_status":"closed","template":"lotto-german.php","meta":{"_et_pb_use_builder":"","_et_pb_old_content":"","_et_gb_content_width":"","exclude_from_search":false,"footnotes":""},"class_list":["post-36324","page","type-page","status-publish","hentry"],"yoast_head":"<!-- This site is optimized with the Yoast SEO plugin v23.3 - https:\/\/yoast.com\/wordpress\/plugins\/seo\/ -->\n<title>Spela det tyska lotteriet fr\u00e5n ett land utanf\u00f6r Tyskland med en lott p\u00e5 n\u00e4tet<\/title>\n<meta name=\"description\" content=\"Bor du utanf\u00f6r Tyskland? Inga problem - spela det tyska lotteriet med en onlinebiljett fr\u00e5n oss.\" \/>\n<meta name=\"robots\" content=\"index, follow, max-snippet:-1, max-image-preview:large, max-video-preview:-1\" \/>\n<link rel=\"canonical\" href=\"https:\/\/jackpotlotteryonline.com\/play-online\/german-lotto\/\" \/>\n<meta property=\"og:locale\" content=\"sv_SE\" \/>\n<meta property=\"og:type\" content=\"article\" \/>\n<meta property=\"og:title\" content=\"Spela det tyska lotteriet fr\u00e5n ett land utanf\u00f6r Tyskland med en lott p\u00e5 n\u00e4tet\" \/>\n<meta property=\"og:description\" content=\"Bor du utanf\u00f6r Tyskland? Inga problem - spela det tyska lotteriet med en onlinebiljett fr\u00e5n oss.\" \/>\n<meta property=\"og:url\" content=\"https:\/\/jackpotlotteryonline.com\/play-online\/german-lotto\/\" \/>\n<meta property=\"og:site_name\" content=\"Lotto Online - Crack The International Lottery Jackpots\" \/>\n<meta property=\"article:modified_time\" content=\"2022-12-31T10:13:50+00:00\" \/>\n<meta property=\"og:image\" content=\"https:\/\/jackpotlotteryonline.com\/wp-content\/uploads\/2022\/10\/win_lottery_online.jpg\" \/>\n<meta name=\"twitter:card\" content=\"summary_large_image\" \/>\n<meta name=\"twitter:label1\" content=\"Ber\u00e4knad l\u00e4stid\" \/>\n\t<meta name=\"twitter:data1\" content=\"3 minuter\" \/>\n<!-- \/ Yoast SEO plugin. -->","yoast_head_json":{"title":"Spela det tyska lotteriet fr\u00e5n ett land utanf\u00f6r Tyskland med en lott p\u00e5 n\u00e4tet","description":"Bor du utanf\u00f6r Tyskland? Inga problem - spela det tyska lotteriet med en onlinebiljett fr\u00e5n oss.","robots":{"index":"index","follow":"follow","max-snippet":"max-snippet:-1","max-image-preview":"max-image-preview:large","max-video-preview":"max-video-preview:-1"},"canonical":"https:\/\/jackpotlotteryonline.com\/play-online\/german-lotto\/","og_locale":"sv_SE","og_type":"article","og_title":"Spela det tyska lotteriet fr\u00e5n ett land utanf\u00f6r Tyskland med en lott p\u00e5 n\u00e4tet","og_description":"Bor du utanf\u00f6r Tyskland? Inga problem - spela det tyska lotteriet med en onlinebiljett fr\u00e5n oss.","og_url":"https:\/\/jackpotlotteryonline.com\/play-online\/german-lotto\/","og_site_name":"Lotto Online - Crack The International Lottery Jackpots","article_modified_time":"2022-12-31T10:13:50+00:00","og_image":[{"url":"https:\/\/jackpotlotteryonline.com\/wp-content\/uploads\/2022\/10\/win_lottery_online.jpg"}],"twitter_card":"summary_large_image","twitter_misc":{"Ber\u00e4knad l\u00e4stid":"3 minuter"},"schema":{"@context":"https:\/\/schema.org","@graph":[{"@type":"WebPage","@id":"https:\/\/jackpotlotteryonline.com\/play-online\/german-lotto\/","url":"https:\/\/jackpotlotteryonline.com\/play-online\/german-lotto\/","name":"Spela det tyska lotteriet fr\u00e5n ett land utanf\u00f6r Tyskland med en lott p\u00e5 n\u00e4tet","isPartOf":{"@id":"https:\/\/jackpotlotteryonline.com\/#website"},"primaryImageOfPage":{"@id":"https:\/\/jackpotlotteryonline.com\/play-online\/german-lotto\/#primaryimage"},"image":{"@id":"https:\/\/jackpotlotteryonline.com\/play-online\/german-lotto\/#primaryimage"},"thumbnailUrl":"https:\/\/jackpotlotteryonline.com\/wp-content\/uploads\/2022\/10\/win_lottery_online.jpg","datePublished":"2022-11-04T10:12:45+00:00","dateModified":"2022-12-31T10:13:50+00:00","description":"Bor du utanf\u00f6r Tyskland? Inga problem - spela det tyska lotteriet med en onlinebiljett fr\u00e5n oss.","breadcrumb":{"@id":"https:\/\/jackpotlotteryonline.com\/play-online\/german-lotto\/#breadcrumb"},"inLanguage":"sv-SE","potentialAction":[{"@type":"ReadAction","target":["https:\/\/jackpotlotteryonline.com\/play-online\/german-lotto\/"]}]},{"@type":"ImageObject","inLanguage":"sv-SE","@id":"https:\/\/jackpotlotteryonline.com\/play-online\/german-lotto\/#primaryimage","url":"https:\/\/jackpotlotteryonline.com\/wp-content\/uploads\/2022\/10\/win_lottery_online.jpg","contentUrl":"https:\/\/jackpotlotteryonline.com\/wp-content\/uploads\/2022\/10\/win_lottery_online.jpg"},{"@type":"BreadcrumbList","@id":"https:\/\/jackpotlotteryonline.com\/play-online\/german-lotto\/#breadcrumb","itemListElement":[{"@type":"ListItem","position":1,"name":"Home","item":"https:\/\/jackpotlotteryonline.com\/sv\/"},{"@type":"ListItem","position":2,"name":"Hur man spelar","item":"https:\/\/jackpotlotteryonline.com\/play-online\/"},{"@type":"ListItem","position":3,"name":"Tyska Lotto"}]},{"@type":"WebSite","@id":"https:\/\/jackpotlotteryonline.com\/#website","url":"https:\/\/jackpotlotteryonline.com\/","name":"Lotto Online - Crack The International Lottery Jackpots","description":"","potentialAction":[{"@type":"SearchAction","target":{"@type":"EntryPoint","urlTemplate":"https:\/\/jackpotlotteryonline.com\/?s={search_term_string}"},"query-input":"required name=search_term_string"}],"inLanguage":"sv-SE"}]}},"_links":{"self":[{"href":"https:\/\/jackpotlotteryonline.com\/sv\/wp-json\/wp\/v2\/pages\/36324","targetHints":{"allow":["GET"]}}],"collection":[{"href":"https:\/\/jackpotlotteryonline.com\/sv\/wp-json\/wp\/v2\/pages"}],"about":[{"href":"https:\/\/jackpotlotteryonline.com\/sv\/wp-json\/wp\/v2\/types\/page"}],"author":[{"embeddable":true,"href":"https:\/\/jackpotlotteryonline.com\/sv\/wp-json\/wp\/v2\/users\/1"}],"replies":[{"embeddable":true,"href":"https:\/\/jackpotlotteryonline.com\/sv\/wp-json\/wp\/v2\/comments?post=36324"}],"version-history":[{"count":0,"href":"https:\/\/jackpotlotteryonline.com\/sv\/wp-json\/wp\/v2\/pages\/36324\/revisions"}],"up":[{"embeddable":true,"href":"https:\/\/jackpotlotteryonline.com\/sv\/wp-json\/wp\/v2\/pages\/35725"}],"wp:attachment":[{"href":"https:\/\/jackpotlotteryonline.com\/sv\/wp-json\/wp\/v2\/media?parent=36324"}],"curies":[{"name":"wp","href":"https:\/\/api.w.org\/{rel}","templated":true}]}}