{"id":36435,"date":"2022-11-07T07:42:05","date_gmt":"2022-11-07T07:42:05","guid":{"rendered":"https:\/\/jackpotlotteryonline.com\/?page_id=36435"},"modified":"2022-12-19T16:50:43","modified_gmt":"2022-12-19T16:50:43","slug":"powerball","status":"publish","type":"page","link":"https:\/\/jackpotlotteryonline.com\/sv\/kopa-biljetter\/powerball\/","title":{"rendered":"Det amerikanska Powerball-lotteriet"},"content":{"rendered":"<h2>Hur man f\u00e5r Powerball-lotterier fr\u00e5n l\u00e4nder utanf\u00f6r USA<\/h2>\n<p>Det finns ett lotteri i n\u00e4stan alla l\u00e4nder p\u00e5 jorden, men alla lotterier \u00e4r inte som Powerball och Mega Millions, de stora amerikanska lotterierna. Lottornas jackpottar i USA har n\u00e5tt belopp s\u00e5 h\u00f6ga som 1,5 miljarder dollar (2016). Lotto-jackpottarna i andra l\u00e4nder har aldrig n\u00e5tt upp till ett s\u00e5dant belopp, s\u00e5 varje g\u00e5ng lottofans l\u00e4ser om \u00e4nnu en rekordstor lottojackpott i USA st\u00e4ller de sig en fr\u00e5ga:<strong> Kan jag <a href=\"https:\/\/jackpotlotteryonline.com\/sv\/hur-man-spelar\/powerball\">spela Powerball utanf\u00f6r USA<\/a>, kanske online?<\/strong><\/p>\n<p><strong>Det enkla svaret \u00e4r ja &#8211; \u00e4ven om du bor utanf\u00f6r USA<\/strong> kan du spela Powerball. Vi \u00e4r en v\u00e4lrenommerad tj\u00e4nst som l\u00e5ter dig k\u00f6pa biljetter till dessa enorma lotterier eller ett antal andra internationella lotterier. Det \u00e4r hur enkelt som helst &#8211; du v\u00e4ljer dina nummer online och vi skickar ut v\u00e5ra agenter i USA f\u00f6r att k\u00f6pa lotter \u00e5t dig. Dessa lotter tillh\u00f6r dig s\u00e5 du har ett legitimt krav mot sj\u00e4lva lotterikommissionen. Om du vinner hj\u00e4lper vi dig ocks\u00e5 att f\u00e5 dina pengar.<\/p>\n<p>Det viktiga \u00e4r att du f\u00e5r en originallottolott h\u00e4r, och inte deltar i n\u00e5gon form av lotto bluff!<\/p>\n<h2>Processen f\u00f6r att k\u00f6pa din lott p\u00e5 n\u00e4tet<\/h2>\n<p><img loading=\"lazy\" decoding=\"async\" class=\"alignright size-full wp-image-34943\" src=\"https:\/\/jackpotlotteryonline.com\/wp-content\/uploads\/2022\/11\/2_ticket_powerball3-1.jpg\" alt=\"Powerball-biljett\" width=\"180\" height=\"194\" \/><\/p>\n<p><strong>F\u00f6rst tittar du h\u00f6gst upp p\u00e5 v\u00e5r webbplat<\/strong>s, d\u00e4r du klickar p\u00e5 en av banderollerna och v\u00e4ljer det lotteri som du vill delta i. V\u00e5r webbplats \u00e4r tillg\u00e4nglig p\u00e5 mer \u00e4n 20 olika spr\u00e5k. De flesta kunder k\u00f6per biljetter till de amerikanska lotterierna Powerball och\/eller Mega Millions, men mycket ofta har \u00e4ven andra internationella lotterier enorma jackpottar. Du kan sortera dem efter storleken p\u00e5 jackpotten och helt enkelt spela p\u00e5 det lotto som f\u00f6r n\u00e4rvarande har det h\u00f6gsta beloppet. Om du vill spela flera lotterier \u00e4r det ocks\u00e5 enkelt &#8211; du kan till exempel k\u00f6pa en lott f\u00f6r Powerball och en annan f\u00f6r det spanska El Gordo.<\/p>\n<p>D\u00e4refter v\u00e4ljer du dina nummer &#8211; detta \u00e4r enkelt eftersom v\u00e5r webbplats visar dig hur m\u00e5nga nummer du har att v\u00e4lja. Det finns en funktion f\u00f6r snabbval som genererar nummer slumpm\u00e4ssigt om du f\u00f6redrar det. D\u00e4refter v\u00e4ljer du hur m\u00e5nga biljetter du vill k\u00f6pa och <a href=\"https:\/\/jackpotlotteryonline.com\/sv\/vinnande-nummer\/powerball\">hur m\u00e5nga dragningar (veckor)<\/a> du vill att din biljett ska vara giltig under. Beroende p\u00e5 hur m\u00e5nga veckor din biljett deltar f\u00e5r du en rabatt p\u00e5 det pris du betalar f\u00f6r biljetten.<\/p>\n<p>N\u00e4r du har valt alla alternativ kan du se det totala priset och n\u00e4sta steg \u00e4r att registrera ett kundkonto. Det \u00e4r ocks\u00e5 enkelt att betala f\u00f6r dina lotter &#8211; de flesta kunder v\u00e4ljer betalningsalternativet kreditkort, men det finns andra alternativ som (beroende p\u00e5 vilket land du kommer fr\u00e5n) omedelbar bank\u00f6verf\u00f6ring eller kryptovalutor.<\/p>\n<p>F\u00f6r dina betalningar anv\u00e4nds de senaste och s\u00e4kraste protokollen s\u00e5 att du inte beh\u00f6ver vara r\u00e4dd f\u00f6r n\u00e5got kreditkortsbedr\u00e4geri. Om du vill kan du v\u00e4lja alternativet att skaffa en biljett f\u00f6r flera dragningar, dina nummer kommer att delta i Powerball eller vilket lotteri du \u00e4n v\u00e4ljer, i 2, 4, 6 eller till och med 8 dragningar i rad.\u00a0 Detta \u00e4r dock ett alternativ &#8211; om du inte markerar den rutan kommer du att debiteras endast f\u00f6r en dragning!<\/p>\n<p>De flesta m\u00e4nniskor utanf\u00f6r USA spelar bara p\u00e5 sitt lokala lotto utan att k\u00e4nna till m\u00f6jligheten att spela internationellt lotto p\u00e5 n\u00e4tet. Men nu n\u00e4r du \u00e4r informerad, vad hindrar dig fr\u00e5n att spela f\u00f6r jackpottar som ofta \u00e4r 100 g\u00e5nger h\u00f6gre \u00e4n vad du kan vinna i ditt hemland? Kanske blir du n\u00e4sta vinnare av Powerball-jackpotten!<\/p>\n<section class=\"layout\" style=\"border: solid 1px; width: 100%;\">\n<div class=\"img-div\" style=\"margin-top: 5px;\"><img decoding=\"async\" class=\"wp-image-17212 alignleft\" style=\"height: 45px; margin: 8px 8px 0px;\" src=\"https:\/\/jackpotlotteryonline.com\/wp-content\/uploads\/2022\/11\/read1.jpg\" alt=\"spela Powerball utanf\u00f6r USA\" width=\"\" height=\"\" \/><\/div>\n<div style=\"padding-left: 5px;\">\n<div style=\"font-size: 1.1em;\">\n<p><strong>\u00c4r det lagligt att spela lotterier fr\u00e5n andra l\u00e4nder p\u00e5 n\u00e4tet?<\/strong><\/p>\n<p style=\"font-size: 0.85em; margin-top: -1.5em;\">\u00c4r det lagligt att k\u00f6pa en lott p\u00e5 n\u00e4tet och f\u00e5r jag verkligen betalt?\u00a0\u00a0<a href=\"https:\/\/jackpotlotteryonline.com\/sv\/ar-det-lagligt-att-spela-lotterier-fran-andra-lander-pa-natet\"> L\u00e4s mer<\/a><\/p>\n<\/div>\n<\/div>\n<\/section>\n<h2>Lotto USA Online \u00d6versikt<\/h2>\n<p>I USA finns det 43 delstater plus District of Columbia, de amerikanska Jungfru\u00f6arna och Puerto Rico som driver lotterier. Det finns statliga lotterier i vart och ett av dessa omr\u00e5den som faller under <strong>kategorin Lotto USA.<\/strong> N\u00e5gra av de st\u00f6rsta lotterierna i Lotto USA \u00e4r Mega Millions och Powerball. Dessa \u00e4r enorma lotterier som \u00e4r tillg\u00e4ngliga f\u00f6r inv\u00e5nare fr\u00e5n hela USA och nu kan spelare fr\u00e5n utlandet delta online genom denna v\u00e5r tj\u00e4nst.<\/p>\n<h2>Powerball Lotto USA<\/h2>\n<p><img loading=\"lazy\" decoding=\"async\" class=\"alignright size-full wp-image-31721\" src=\"https:\/\/jackpotlotteryonline.com\/wp-content\/uploads\/2022\/11\/powerball_globe_logo.png\" alt=\"k\u00f6pa powerball online\" width=\"200\" height=\"212\" \/><\/p>\n<p>Det mest popul\u00e4ra spelet i Lotto USA \u00e4r Powerball. Powerball dras i Universal Studios i Florida, USA, men det har ett krav p\u00e5 att inte vara bosatt, vilket inneb\u00e4r att inv\u00e5nare i stater som inte \u00e4r Powerball-stater och \u00e4ven spelare utanf\u00f6r USA kan delta i detta Lotto USA-spel.<\/p>\n<p>F\u00f6r att vara ber\u00e4ttigad att spela Powerball m\u00e5ste spelaren vara minst 18 \u00e5r gammal. Spelarna m\u00e5ste v\u00e4lja sex nummer &#8211; fem nummer mellan 1 och 59 och ett PowerBall-nummer mellan 1 och 39. Spelare kan anv\u00e4nda sig av Quick Pick-funktionen som slumpm\u00e4ssigt v\u00e4ljer 6 nummer \u00e5t dig.<\/p>\n<p>Powerball-jackpottarna ligger vanligtvis p\u00e5 tiotals miljoner dollar, \u00e4ven om de har g\u00e5tt \u00f6ver 200 miljoner dollar ganska ofta tidigare.<\/p>\n<h2>Mega Millions Lotto USA<\/h2>\n<p>Mega Millions \u00e4r ett annat <strong>Lotto USA-lotteri<\/strong> som drivs i USA och som faktiskt dras i Atlanta, Georgia. Trots detta har Mega Millions inget krav p\u00e5 bos\u00e4ttning, vilket inneb\u00e4r att inv\u00e5nare i stater som inte \u00e4r Mega Millions-stater och till och med inv\u00e5nare som inte \u00e4r bosatta i USA kan delta i och vinna Mega Millions Lotto USA.<\/p>\n<p>F\u00f6r att kunna spela Mega Million Lotto USA m\u00e5ste du vara 18 \u00e5r eller \u00e4ldre. Du m\u00e5ste v\u00e4lja 6 nummer &#8211; fem nummer mellan 1 och 56 och ett Mega Ball-nummer mellan 1 och 46. Du kan anv\u00e4nda dig av Quick Pick-alternativet som slumpm\u00e4ssigt v\u00e4ljer numren \u00e5t dig.<\/p>\n<p>Spelet Mega Million Lotto USA erbjuder kontantpriser samt ett jackpotpris. Den livsavg\u00f6rande jackpotten har varit k\u00e4nd f\u00f6r att g\u00e5 upp i hundratals miljoner dollar, vilket g\u00f6r det mycket popul\u00e4rt.<\/p>\n<h2>NASPL &#8211; USA Lotto Association<\/h2>\n<p>North American Association of State and Provincial lotteries (NASPL) representerar alla amerikanska statliga lotterier och provinsiella lotterier samt kanadensiska lotterier. Lotto USA drivs mer effektivt genom NASPL. Den fungerar som ett gr\u00e4nssnitt f\u00f6r Lotto USA, tillhandah\u00e5ller information, bedriver forskning och utveckling, garanterar s\u00e4kerheten och utbildar Lotto USA:s personal. Alla de stora amerikanska lotterierna \u00e4r medlemmar i NASPL.<\/p>\n","protected":false},"excerpt":{"rendered":"<p>Hur man f\u00e5r Powerball-lotterier fr\u00e5n l\u00e4nder utanf\u00f6r USA Det finns ett lotteri i n\u00e4stan alla l\u00e4nder p\u00e5 jorden, men alla lotterier \u00e4r inte som Powerball och Mega Millions, de stora amerikanska lotterierna. Lottornas jackpottar i USA har n\u00e5tt belopp s\u00e5 h\u00f6ga som 1,5 miljarder dollar (2016). Lotto-jackpottarna i andra l\u00e4nder har aldrig n\u00e5tt upp till [&hellip;]<\/p>\n","protected":false},"author":1,"featured_media":0,"parent":35784,"menu_order":1,"comment_status":"closed","ping_status":"closed","template":"powerball-usa-info.php","meta":{"_et_pb_use_builder":"","_et_pb_old_content":"","_et_gb_content_width":"","exclude_from_search":false,"footnotes":""},"class_list":["post-36435","page","type-page","status-publish","hentry"],"yoast_head":"<!-- This site is optimized with the Yoast SEO plugin v23.3 - https:\/\/yoast.com\/wordpress\/plugins\/seo\/ -->\n<title>K\u00f6p Powerball-biljetter online fr\u00e5n alla andra l\u00e4nder utanf\u00f6r USA.<\/title>\n<meta name=\"description\" content=\"Ta reda p\u00e5 hur inv\u00e5nare i andra l\u00e4nder kan spela om de enorma jackpottarna i Powerball-lotteriet online - du kan vara utanf\u00f6r USA och \u00e4nd\u00e5 spela.\" \/>\n<meta name=\"robots\" content=\"index, follow, max-snippet:-1, max-image-preview:large, max-video-preview:-1\" \/>\n<link rel=\"canonical\" href=\"https:\/\/jackpotlotteryonline.com\/sv\/kopa-biljetter\/powerball\/\" \/>\n<meta property=\"og:locale\" content=\"sv_SE\" \/>\n<meta property=\"og:type\" content=\"article\" \/>\n<meta property=\"og:title\" content=\"K\u00f6p Powerball-biljetter online fr\u00e5n alla andra l\u00e4nder utanf\u00f6r USA.\" \/>\n<meta property=\"og:description\" content=\"Ta reda p\u00e5 hur inv\u00e5nare i andra l\u00e4nder kan spela om de enorma jackpottarna i Powerball-lotteriet online - du kan vara utanf\u00f6r USA och \u00e4nd\u00e5 spela.\" \/>\n<meta property=\"og:url\" content=\"https:\/\/jackpotlotteryonline.com\/sv\/kopa-biljetter\/powerball\/\" \/>\n<meta property=\"og:site_name\" content=\"Lotto Online - Crack The International Lottery Jackpots\" \/>\n<meta property=\"article:modified_time\" content=\"2022-12-19T16:50:43+00:00\" \/>\n<meta property=\"og:image\" content=\"https:\/\/jackpotlotteryonline.com\/wp-content\/uploads\/2022\/11\/2_ticket_powerball3-1.jpg\" \/>\n<meta name=\"twitter:card\" content=\"summary_large_image\" \/>\n<meta name=\"twitter:label1\" content=\"Ber\u00e4knad l\u00e4stid\" \/>\n\t<meta name=\"twitter:data1\" content=\"5 minuter\" \/>\n<!-- \/ Yoast SEO plugin. -->","yoast_head_json":{"title":"K\u00f6p Powerball-biljetter online fr\u00e5n alla andra l\u00e4nder utanf\u00f6r USA.","description":"Ta reda p\u00e5 hur inv\u00e5nare i andra l\u00e4nder kan spela om de enorma jackpottarna i Powerball-lotteriet online - du kan vara utanf\u00f6r USA och \u00e4nd\u00e5 spela.","robots":{"index":"index","follow":"follow","max-snippet":"max-snippet:-1","max-image-preview":"max-image-preview:large","max-video-preview":"max-video-preview:-1"},"canonical":"https:\/\/jackpotlotteryonline.com\/sv\/kopa-biljetter\/powerball\/","og_locale":"sv_SE","og_type":"article","og_title":"K\u00f6p Powerball-biljetter online fr\u00e5n alla andra l\u00e4nder utanf\u00f6r USA.","og_description":"Ta reda p\u00e5 hur inv\u00e5nare i andra l\u00e4nder kan spela om de enorma jackpottarna i Powerball-lotteriet online - du kan vara utanf\u00f6r USA och \u00e4nd\u00e5 spela.","og_url":"https:\/\/jackpotlotteryonline.com\/sv\/kopa-biljetter\/powerball\/","og_site_name":"Lotto Online - Crack The International Lottery Jackpots","article_modified_time":"2022-12-19T16:50:43+00:00","og_image":[{"url":"https:\/\/jackpotlotteryonline.com\/wp-content\/uploads\/2022\/11\/2_ticket_powerball3-1.jpg"}],"twitter_card":"summary_large_image","twitter_misc":{"Ber\u00e4knad l\u00e4stid":"5 minuter"},"schema":{"@context":"https:\/\/schema.org","@graph":[{"@type":"WebPage","@id":"https:\/\/jackpotlotteryonline.com\/sv\/kopa-biljetter\/powerball\/","url":"https:\/\/jackpotlotteryonline.com\/sv\/kopa-biljetter\/powerball\/","name":"K\u00f6p Powerball-biljetter online fr\u00e5n alla andra l\u00e4nder utanf\u00f6r USA.","isPartOf":{"@id":"https:\/\/jackpotlotteryonline.com\/#website"},"primaryImageOfPage":{"@id":"https:\/\/jackpotlotteryonline.com\/sv\/kopa-biljetter\/powerball\/#primaryimage"},"image":{"@id":"https:\/\/jackpotlotteryonline.com\/sv\/kopa-biljetter\/powerball\/#primaryimage"},"thumbnailUrl":"https:\/\/jackpotlotteryonline.com\/wp-content\/uploads\/2022\/11\/2_ticket_powerball3-1.jpg","datePublished":"2022-11-07T07:42:05+00:00","dateModified":"2022-12-19T16:50:43+00:00","description":"Ta reda p\u00e5 hur inv\u00e5nare i andra l\u00e4nder kan spela om de enorma jackpottarna i Powerball-lotteriet online - du kan vara utanf\u00f6r USA och \u00e4nd\u00e5 spela.","breadcrumb":{"@id":"https:\/\/jackpotlotteryonline.com\/sv\/kopa-biljetter\/powerball\/#breadcrumb"},"inLanguage":"sv-SE","potentialAction":[{"@type":"ReadAction","target":["https:\/\/jackpotlotteryonline.com\/sv\/kopa-biljetter\/powerball\/"]}]},{"@type":"ImageObject","inLanguage":"sv-SE","@id":"https:\/\/jackpotlotteryonline.com\/sv\/kopa-biljetter\/powerball\/#primaryimage","url":"https:\/\/jackpotlotteryonline.com\/wp-content\/uploads\/2022\/11\/2_ticket_powerball3-1.jpg","contentUrl":"https:\/\/jackpotlotteryonline.com\/wp-content\/uploads\/2022\/11\/2_ticket_powerball3-1.jpg"},{"@type":"BreadcrumbList","@id":"https:\/\/jackpotlotteryonline.com\/sv\/kopa-biljetter\/powerball\/#breadcrumb","itemListElement":[{"@type":"ListItem","position":1,"name":"Home","item":"https:\/\/jackpotlotteryonline.com\/sv\/"},{"@type":"ListItem","position":2,"name":"Hur man k\u00f6per lotteri biljetter p\u00e5 n\u00e4tet","item":"https:\/\/jackpotlotteryonline.com\/buy-tickets\/"},{"@type":"ListItem","position":3,"name":"Det amerikanska Powerball-lotteriet"}]},{"@type":"WebSite","@id":"https:\/\/jackpotlotteryonline.com\/#website","url":"https:\/\/jackpotlotteryonline.com\/","name":"Lotto Online - Crack The International Lottery Jackpots","description":"","potentialAction":[{"@type":"SearchAction","target":{"@type":"EntryPoint","urlTemplate":"https:\/\/jackpotlotteryonline.com\/?s={search_term_string}"},"query-input":"required name=search_term_string"}],"inLanguage":"sv-SE"}]}},"_links":{"self":[{"href":"https:\/\/jackpotlotteryonline.com\/sv\/wp-json\/wp\/v2\/pages\/36435","targetHints":{"allow":["GET"]}}],"collection":[{"href":"https:\/\/jackpotlotteryonline.com\/sv\/wp-json\/wp\/v2\/pages"}],"about":[{"href":"https:\/\/jackpotlotteryonline.com\/sv\/wp-json\/wp\/v2\/types\/page"}],"author":[{"embeddable":true,"href":"https:\/\/jackpotlotteryonline.com\/sv\/wp-json\/wp\/v2\/users\/1"}],"replies":[{"embeddable":true,"href":"https:\/\/jackpotlotteryonline.com\/sv\/wp-json\/wp\/v2\/comments?post=36435"}],"version-history":[{"count":0,"href":"https:\/\/jackpotlotteryonline.com\/sv\/wp-json\/wp\/v2\/pages\/36435\/revisions"}],"up":[{"embeddable":true,"href":"https:\/\/jackpotlotteryonline.com\/sv\/wp-json\/wp\/v2\/pages\/35784"}],"wp:attachment":[{"href":"https:\/\/jackpotlotteryonline.com\/sv\/wp-json\/wp\/v2\/media?parent=36435"}],"curies":[{"name":"wp","href":"https:\/\/api.w.org\/{rel}","templated":true}]}}