{"id":36488,"date":"2022-11-07T08:58:18","date_gmt":"2022-11-07T08:58:18","guid":{"rendered":"https:\/\/jackpotlotteryonline.com\/?page_id=36488"},"modified":"2022-12-19T20:00:35","modified_gmt":"2022-12-19T20:00:35","slug":"euromillions","status":"publish","type":"page","link":"https:\/\/jackpotlotteryonline.com\/sv\/kopa-biljetter\/euromillions\/","title":{"rendered":"Kan jag f\u00e5 en biljett till Euromillions fr\u00e5n ett land utanf\u00f6r Europa?"},"content":{"rendered":"<h2>Europas st\u00f6rsta lotteri \u00e4r Euromillions.<\/h2>\n<p><img loading=\"lazy\" decoding=\"async\" class=\"alignright wp-image-17411 size-full\" src=\"https:\/\/jackpotlotteryonline.com\/wp-content\/uploads\/2022\/10\/euromillions.png\" alt=\"k\u00f6pa euromillions online \" width=\"200\" height=\"212\" \/><\/p>\n<p><a href=\"https:\/\/jackpotlotteryonline.com\/sv\/hur-man-spelar\/euromillions\">Euromillions<\/a> \u00e4r ett lotteri som erbjuds i olika europeiska l\u00e4nder. Det har utformats f\u00f6r att erbjuda betydligt st\u00f6rre jackpottar \u00e4n de nationella lotterierna i de enskilda l\u00e4nderna. Detta uppn\u00e5ddes genom att inr\u00e4tta en lotteristruktur med l\u00e4gre sannolikhet, vilket inneb\u00e4r fler m\u00f6jliga nummerkombinationer. Det faktum att s\u00e5dana jackpottar vanligtvis tar l\u00e4ngre tid att kn\u00e4cka, i kombination med en st\u00f6rre startjackpott p\u00e5 10 miljoner euro, har lett till jackpottar p\u00e5 \u00f6ver 100 miljoner euro regelbundet.<\/p>\n<h2>Varf\u00f6r beh\u00f6ver du en biljettj\u00e4nst online f\u00f6r att spela?<\/h2>\n<p>Jo, om du bor i ett av de deltagande europeiska l\u00e4nderna beh\u00f6ver du inte en tj\u00e4nst som v\u00e5r. Men om du inte g\u00f6r det, eller om du till och med befinner dig utanf\u00f6r Europa, \u00e4r det enda s\u00e4ttet f\u00f6r dig att skaffa en biljett till Euromillions online. Allt du beh\u00f6ver g\u00f6ra \u00e4r att <strong>klicka p\u00e5 Euromillions-bannern h\u00f6gst upp<\/strong> och best\u00e4lla dina biljetter, sedan \u00e4r ditt deltagande s\u00e4krat. F\u00f6rresten k\u00f6per vi faktiska Euromillions-biljetter via en officiell biljettf\u00f6rs\u00e4ljare som ligger i Europa.<\/p>\n<section class=\"layout\" style=\"border: solid 1px; width: 100%;\">\n<div class=\"img-div\" style=\"margin-top: 5px;\"><img decoding=\"async\" class=\"wp-image-17212 alignleft\" style=\"height: 45px; margin: 8px 8px 0px;\" src=\"https:\/\/jackpotlotteryonline.com\/wp-content\/uploads\/2022\/11\/read1.jpg\" alt=\"spela Euromillions\" width=\"\" height=\"\" \/><\/div>\n<div style=\"padding-left: 5px;\">\n<div style=\"font-size: 1.1em;\">\n<p><strong>De lotterier som har de b\u00e4sta oddsen f\u00f6r att du ska vinna stort<\/strong><\/p>\n<p style=\"font-size: 0.85em; margin-top: -1.5em;\">Vilket lotteri har de b\u00e4sta vinstchanserna?\u00a0<a href=\"https:\/\/jackpotlotteryonline.com\/sv\/vilket-lotteri-har-de-basta-vinstchanserna\"> L\u00e4s mer<\/a><\/p>\n<\/div>\n<\/div>\n<\/section>\n<h2>Om Euromillions<\/h2>\n<p><a href=\"https:\/\/jackpotlotteryonline.com\/sv\/vinnande-nummer\/euromillions\">Detta lotteri har tv\u00e5 veckodragningar<\/a> p\u00e5 tisdag och fredag. Det \u00e4r uppbyggt p\u00e5 samma s\u00e4tt som Eurojackpot, f\u00f6rutom att det inte finns n\u00e5got tak f\u00f6r jackpotten och att du m\u00e5ste v\u00e4lja tv\u00e5 extra nummer mellan 1 och 12. Det har ocks\u00e5 13 vinstniv\u00e5er.<\/p>\n<h2>Biljettk\u00f6pstj\u00e4nst f\u00f6r internationella lotterier<\/h2>\n<p><img loading=\"lazy\" decoding=\"async\" class=\"alignright size-full wp-image-33431\" src=\"https:\/\/jackpotlotteryonline.com\/wp-content\/uploads\/2022\/11\/2_ticket_euromillions-112x300-1.jpg\" alt=\"biljett till euromillions\" width=\"112\" height=\"300\" \/><\/p>\n<p>F\u00f6rutom att ge dig onlinebiljetter till Euromillions och Eurojackpot har vi totalt mer \u00e4n 20 lotterier att v\u00e4lja mellan. \u00c4ven om du kanske alltid vill satsa p\u00e5 det som har de st\u00f6rsta jackpottarna \u00e4r n\u00e5gra av de &#8220;mindre&#8221; lotterierna ocks\u00e5 v\u00e4rda att \u00f6verv\u00e4ga. De kan erbjuda mer f\u00f6rdelaktiga vinstchanser eller l\u00e4gre biljettpriser.<\/p>\n<p>Du beh\u00f6ver inte heller oroa dig f\u00f6r betalnings- och datas\u00e4kerhet. Vi anv\u00e4nder extremt s\u00e4kra protokoll f\u00f6r betalningshantering. Vi accepterar betalning med kreditkort, kryptovalutor, bank\u00f6verf\u00f6ring och ett antal andra alternativ.<\/p>\n<p>&nbsp;<\/p>\n","protected":false},"excerpt":{"rendered":"<p>Europas st\u00f6rsta lotteri \u00e4r Euromillions. Euromillions \u00e4r ett lotteri som erbjuds i olika europeiska l\u00e4nder. Det har utformats f\u00f6r att erbjuda betydligt st\u00f6rre jackpottar \u00e4n de nationella lotterierna i de enskilda l\u00e4nderna. Detta uppn\u00e5ddes genom att inr\u00e4tta en lotteristruktur med l\u00e4gre sannolikhet, vilket inneb\u00e4r fler m\u00f6jliga nummerkombinationer. Det faktum att s\u00e5dana jackpottar vanligtvis tar l\u00e4ngre [&hellip;]<\/p>\n","protected":false},"author":1,"featured_media":0,"parent":35784,"menu_order":3,"comment_status":"closed","ping_status":"closed","template":"euromillions-info.php","meta":{"_et_pb_use_builder":"","_et_pb_old_content":"","_et_gb_content_width":"","exclude_from_search":false,"footnotes":""},"class_list":["post-36488","page","type-page","status-publish","hentry"],"yoast_head":"<!-- This site is optimized with the Yoast SEO plugin v23.3 - https:\/\/yoast.com\/wordpress\/plugins\/seo\/ -->\n<title>Skaffa en biljett till Euromillions fr\u00e5n utanf\u00f6r Europa<\/title>\n<meta name=\"description\" content=\"Hur man deltar i Euromillions online fr\u00e5n utanf\u00f6r Europa - k\u00f6p helt enkelt din biljett online p\u00e5 v\u00e5r hemsida.\" \/>\n<meta name=\"robots\" content=\"index, follow, max-snippet:-1, max-image-preview:large, max-video-preview:-1\" \/>\n<link rel=\"canonical\" href=\"https:\/\/jackpotlotteryonline.com\/buy-tickets\/euromillions\/\" \/>\n<meta property=\"og:locale\" content=\"sv_SE\" \/>\n<meta property=\"og:type\" content=\"article\" \/>\n<meta property=\"og:title\" content=\"Skaffa en biljett till Euromillions fr\u00e5n utanf\u00f6r Europa\" \/>\n<meta property=\"og:description\" content=\"Hur man deltar i Euromillions online fr\u00e5n utanf\u00f6r Europa - k\u00f6p helt enkelt din biljett online p\u00e5 v\u00e5r hemsida.\" \/>\n<meta property=\"og:url\" content=\"https:\/\/jackpotlotteryonline.com\/buy-tickets\/euromillions\/\" \/>\n<meta property=\"og:site_name\" content=\"Lotto Online - Crack The International Lottery Jackpots\" \/>\n<meta property=\"article:modified_time\" content=\"2022-12-19T20:00:35+00:00\" \/>\n<meta property=\"og:image\" content=\"https:\/\/jackpotlotteryonline.com\/wp-content\/uploads\/2022\/10\/euromillions.png\" \/>\n<meta name=\"twitter:card\" content=\"summary_large_image\" \/>\n<meta name=\"twitter:label1\" content=\"Ber\u00e4knad l\u00e4stid\" \/>\n\t<meta name=\"twitter:data1\" content=\"2 minuter\" \/>\n<!-- \/ Yoast SEO plugin. -->","yoast_head_json":{"title":"Skaffa en biljett till Euromillions fr\u00e5n utanf\u00f6r Europa","description":"Hur man deltar i Euromillions online fr\u00e5n utanf\u00f6r Europa - k\u00f6p helt enkelt din biljett online p\u00e5 v\u00e5r hemsida.","robots":{"index":"index","follow":"follow","max-snippet":"max-snippet:-1","max-image-preview":"max-image-preview:large","max-video-preview":"max-video-preview:-1"},"canonical":"https:\/\/jackpotlotteryonline.com\/buy-tickets\/euromillions\/","og_locale":"sv_SE","og_type":"article","og_title":"Skaffa en biljett till Euromillions fr\u00e5n utanf\u00f6r Europa","og_description":"Hur man deltar i Euromillions online fr\u00e5n utanf\u00f6r Europa - k\u00f6p helt enkelt din biljett online p\u00e5 v\u00e5r hemsida.","og_url":"https:\/\/jackpotlotteryonline.com\/buy-tickets\/euromillions\/","og_site_name":"Lotto Online - Crack The International Lottery Jackpots","article_modified_time":"2022-12-19T20:00:35+00:00","og_image":[{"url":"https:\/\/jackpotlotteryonline.com\/wp-content\/uploads\/2022\/10\/euromillions.png"}],"twitter_card":"summary_large_image","twitter_misc":{"Ber\u00e4knad l\u00e4stid":"2 minuter"},"schema":{"@context":"https:\/\/schema.org","@graph":[{"@type":"WebPage","@id":"https:\/\/jackpotlotteryonline.com\/buy-tickets\/euromillions\/","url":"https:\/\/jackpotlotteryonline.com\/buy-tickets\/euromillions\/","name":"Skaffa en biljett till Euromillions fr\u00e5n utanf\u00f6r Europa","isPartOf":{"@id":"https:\/\/jackpotlotteryonline.com\/#website"},"primaryImageOfPage":{"@id":"https:\/\/jackpotlotteryonline.com\/buy-tickets\/euromillions\/#primaryimage"},"image":{"@id":"https:\/\/jackpotlotteryonline.com\/buy-tickets\/euromillions\/#primaryimage"},"thumbnailUrl":"https:\/\/jackpotlotteryonline.com\/wp-content\/uploads\/2022\/10\/euromillions.png","datePublished":"2022-11-07T08:58:18+00:00","dateModified":"2022-12-19T20:00:35+00:00","description":"Hur man deltar i Euromillions online fr\u00e5n utanf\u00f6r Europa - k\u00f6p helt enkelt din biljett online p\u00e5 v\u00e5r hemsida.","breadcrumb":{"@id":"https:\/\/jackpotlotteryonline.com\/buy-tickets\/euromillions\/#breadcrumb"},"inLanguage":"sv-SE","potentialAction":[{"@type":"ReadAction","target":["https:\/\/jackpotlotteryonline.com\/buy-tickets\/euromillions\/"]}]},{"@type":"ImageObject","inLanguage":"sv-SE","@id":"https:\/\/jackpotlotteryonline.com\/buy-tickets\/euromillions\/#primaryimage","url":"https:\/\/jackpotlotteryonline.com\/wp-content\/uploads\/2022\/10\/euromillions.png","contentUrl":"https:\/\/jackpotlotteryonline.com\/wp-content\/uploads\/2022\/10\/euromillions.png"},{"@type":"BreadcrumbList","@id":"https:\/\/jackpotlotteryonline.com\/buy-tickets\/euromillions\/#breadcrumb","itemListElement":[{"@type":"ListItem","position":1,"name":"Home","item":"https:\/\/jackpotlotteryonline.com\/sv\/"},{"@type":"ListItem","position":2,"name":"Hur man k\u00f6per lotteri biljetter p\u00e5 n\u00e4tet","item":"https:\/\/jackpotlotteryonline.com\/buy-tickets\/"},{"@type":"ListItem","position":3,"name":"Kan jag f\u00e5 en biljett till Euromillions fr\u00e5n ett land utanf\u00f6r Europa?"}]},{"@type":"WebSite","@id":"https:\/\/jackpotlotteryonline.com\/#website","url":"https:\/\/jackpotlotteryonline.com\/","name":"Lotto Online - Crack The International Lottery Jackpots","description":"","potentialAction":[{"@type":"SearchAction","target":{"@type":"EntryPoint","urlTemplate":"https:\/\/jackpotlotteryonline.com\/?s={search_term_string}"},"query-input":"required name=search_term_string"}],"inLanguage":"sv-SE"}]}},"_links":{"self":[{"href":"https:\/\/jackpotlotteryonline.com\/sv\/wp-json\/wp\/v2\/pages\/36488","targetHints":{"allow":["GET"]}}],"collection":[{"href":"https:\/\/jackpotlotteryonline.com\/sv\/wp-json\/wp\/v2\/pages"}],"about":[{"href":"https:\/\/jackpotlotteryonline.com\/sv\/wp-json\/wp\/v2\/types\/page"}],"author":[{"embeddable":true,"href":"https:\/\/jackpotlotteryonline.com\/sv\/wp-json\/wp\/v2\/users\/1"}],"replies":[{"embeddable":true,"href":"https:\/\/jackpotlotteryonline.com\/sv\/wp-json\/wp\/v2\/comments?post=36488"}],"version-history":[{"count":0,"href":"https:\/\/jackpotlotteryonline.com\/sv\/wp-json\/wp\/v2\/pages\/36488\/revisions"}],"up":[{"embeddable":true,"href":"https:\/\/jackpotlotteryonline.com\/sv\/wp-json\/wp\/v2\/pages\/35784"}],"wp:attachment":[{"href":"https:\/\/jackpotlotteryonline.com\/sv\/wp-json\/wp\/v2\/media?parent=36488"}],"curies":[{"name":"wp","href":"https:\/\/api.w.org\/{rel}","templated":true}]}}