{"id":36543,"date":"2022-11-07T11:00:42","date_gmt":"2022-11-07T11:00:42","guid":{"rendered":"https:\/\/jackpotlotteryonline.com\/?page_id=36543"},"modified":"2023-01-03T20:16:12","modified_gmt":"2023-01-03T20:16:12","slug":"eurojackpot","status":"publish","type":"page","link":"https:\/\/jackpotlotteryonline.com\/sv\/kopa-biljetter\/eurojackpot\/","title":{"rendered":"K\u00f6p biljetter till Eurojackpot utanf\u00f6r de deltagande l\u00e4nderna"},"content":{"rendered":"<h2>Om EuroJackpot<\/h2>\n<p><a href=\"https:\/\/jackpotlotteryonline.com\/sv\/hur-man-spelar\/eurojackpot\">Eurojackpot<\/a> har en sp\u00e4nnande egenskap som du b\u00f6r k\u00e4nna till: N\u00e4r jackpotten n\u00e5r 90 miljoner finns det en gr\u00e4ns f\u00f6r hur mycket du kan vinna. Det inneb\u00e4r att alla medel fr\u00e5n biljettf\u00f6rs\u00e4ljning som \u00f6verstiger 90 miljoner euro l\u00e4ggs till det andra priset. Detta pris i andra hand kommer d\u00e5 att vara betydligt h\u00f6gre. Med tanke p\u00e5 att det \u00e4r 10 g\u00e5nger s\u00e5 sannolikt att du vinner detta pris, j\u00e4mf\u00f6rt med jackpotten, \u00e4r det alltid en bra strategi att fokusera p\u00e5 detta lotteri n\u00e4r det har n\u00e5tt tr\u00f6skeln p\u00e5 90 miljoner euro.<\/p>\n<p>Det finns bara en dragningsdag i <a href=\"https:\/\/jackpotlotteryonline.com\/sv\/vinnande-nummer\/eurojackpot\">veckan f\u00f6r Eurojackpot,<\/a> vilket \u00e4r fredagen. V\u00e4lj 5 av 50 nummer, plus tv\u00e5 ytterligare nummer mellan 1 och 10, och du \u00e4r p\u00e5 v\u00e4g att vinna ett pris fr\u00e5n totalt 12 niv\u00e5er.<\/p>\n<h2>Hur man k\u00f6per Eurojackpot-biljetter<\/h2>\n<p><img loading=\"lazy\" decoding=\"async\" class=\"wp-image-26077 size-medium alignright\" src=\"https:\/\/jackpotlotteryonline.com\/wp-content\/uploads\/2022\/11\/1_buy_eurojackpot_ticket-300x99.jpg\" alt=\"eurojackpot biljett\" width=\"300\" height=\"99\" srcset=\"https:\/\/jackpotlotteryonline.com\/wp-content\/uploads\/2022\/11\/1_buy_eurojackpot_ticket-300x99.jpg 300w, https:\/\/jackpotlotteryonline.com\/wp-content\/uploads\/2022\/11\/1_buy_eurojackpot_ticket.jpg 350w\" sizes=\"auto, (max-width: 300px) 100vw, 300px\" \/><\/p>\n<p>Eurojackpot \u00e4r ett europeiskt lotteri och bidragen s\u00e4ljs fr\u00e4mst i Eurojackpot-l\u00e4nderna. Det finns 18 l\u00e4nder som deltar i Eurojackpot-lotteriet och alla som bor i dessa l\u00e4nder kan delta i lotteriet. Eurojackpotl\u00e4nderna \u00e4r Danmark, Estland, Finland, Island, Italien, Kroatien, Lettland, Litauen, Nederl\u00e4nderna, Norge, Slovenien, Spanien, Sverige, Kroatien och Tyskland.<\/p>\n<p>\u00c4ven om Eurojackpot har 18 l\u00e4nder som \u00e4r medlemmar s\u00e4ljs lotterisedlar i vissa icke deltagande l\u00e4nder p\u00e5 kontinenten. Spelare i n\u00e5got av dessa l\u00e4nder kan g\u00e5 in hos vilken lottf\u00f6rs\u00e4ljare som helst och k\u00f6pa lotterisedlar. Detta \u00e4r inte fallet f\u00f6r de spelare utanf\u00f6r Europa som vill delta i Eurojackpot.<\/p>\n<h2>Vad ska man g\u00f6ra om man bor utanf\u00f6r Europa?<\/h2>\n<p>Om du bor utanf\u00f6r kontinenten och vill delta i Eurojackpot \u00e4r det b\u00e4sta alternativet att g\u00e5 online. Du kan g\u00f6ra detta antingen via webben eller p\u00e5 en mobil enhet. Det du beh\u00f6ver g\u00f6ra \u00e4r att hitta en lotterisajt, k\u00f6pa din lott och delta i dragningen. V\u00e4nta sedan f\u00f6r att se om du har vunnit. Det \u00e4r en enkel process men det finns n\u00e5gra saker att se upp f\u00f6r.<\/p>\n<p>Deltagarna till Eurojackpot s\u00e4ljs p\u00e5 flera webbplatser p\u00e5 internet, men det \u00e4r viktigt att leta efter en legitimerad onlinef\u00f6rs\u00e4ljare. Internet ger dig tillg\u00e5ng till fantastiska internationella lotterier, inte bara Eurojackpot ensam. Du m\u00e5ste dock vara s\u00e4ker p\u00e5 att du har deltagit i Eurojackpot till skillnad fr\u00e5n att satsa mot utg\u00e5ngen av lotteriet. Ja, det finns en skillnad.<\/p>\n<section class=\"layout\" style=\"border: solid 1px; width: 100%;\">\n<div class=\"img-div\" style=\"margin-top: 5px;\"><img decoding=\"async\" class=\"wp-image-17212 alignleft\" style=\"height: 45px; margin: 8px 8px 0px;\" src=\"https:\/\/jackpotlotteryonline.com\/wp-content\/uploads\/2022\/11\/read1.jpg\" alt=\"L\u00e4s\" width=\"\" height=\"\" \/><\/div>\n<div style=\"padding-left: 5px;\">\n<div style=\"font-size: 1.1em;\">\n<p><strong>Vilket internationellt lotteri \u00e4r b\u00e4st?<\/strong><\/p>\n<p style=\"font-size: 0.85em; margin-top: -1.5em;\">Vilket av de internationella lotterierna har de b\u00e4sta oddsen att vinna\u00a0<a href=\"https:\/\/jackpotlotteryonline.com\/sv\/vilket-internationellt-lotteri-ar-det-basta\"> L\u00e4s mer<\/a><\/p>\n<\/div>\n<\/div>\n<\/section>\n<h2>Var f\u00e5r man Eurojackpot-biljetter?<\/h2>\n<p>N\u00e4r du g\u00e5r in p\u00e5 n\u00e4tet f\u00f6r att s\u00f6ka efter en Eurojackpot-f\u00f6rs\u00e4ljare ska du inte ha br\u00e5ttom att k\u00f6pa ett Eurojackpot-intr\u00e4de om du inte vet att det \u00e4r en conciergesajt. Webbplatser som denna ger spelarna tillg\u00e5ng till de b\u00e4sta internationella lotterierna som Eurojackpot genom att tillhandah\u00e5lla lotterisedlar.<\/p>\n<p>Det \u00e4r m\u00f6jligt att k\u00f6pa en Eurojackpot-sedel via internet och \u00e4nd\u00e5 inte vara med i lotteriet. Det beror p\u00e5 att dessa webbplatser endast l\u00e5ter spelarna satsa p\u00e5 resultatet av lotteriet. P\u00e5 jackpotlotteryonline.com ser vi till att du kan delta i Eurojackpot-lotteriet oavsett var du befinner dig.<\/p>\n<p>N\u00e4r du k\u00f6per ett intr\u00e4de fr\u00e5n oss kommer v\u00e5ra agenter p\u00e5 inneh\u00e5llet att g\u00e5 ut och k\u00f6pa en fysisk Eurojackpot-sedel med motsvarande nummer. P\u00e5 s\u00e5 s\u00e4tt \u00e4r du, \u00e4ven om du inte \u00e4r fysiskt n\u00e4rvarande i landet, \u00e4nd\u00e5 anm\u00e4ld till Eurojackpot. Om din kupong matchar de dragna numren vinner du priset. Du beh\u00f6ver inte heller oroa dig f\u00f6r att kr\u00e4va din Eurojackpot-vinst eftersom vi sk\u00f6ter det \u00e5t dig. Allt du beh\u00f6ver g\u00f6ra \u00e4r att ta ut ditt pris fr\u00e5n v\u00e5r plattform till ditt onlinekonto.<\/p>\n<h2>F\u00f6rdelar med att registrera sig hos jackpotlotteryonline.com<\/h2>\n<p><img loading=\"lazy\" decoding=\"async\" class=\"alignright size-medium wp-image-28886\" src=\"https:\/\/jackpotlotteryonline.com\/wp-content\/uploads\/2022\/11\/1_pick_for_eurojackpot-300x100.jpg\" alt=\"eurojackpot ticket\" width=\"300\" height=\"100\" srcset=\"https:\/\/jackpotlotteryonline.com\/wp-content\/uploads\/2022\/11\/1_pick_for_eurojackpot-300x100.jpg 300w, https:\/\/jackpotlotteryonline.com\/wp-content\/uploads\/2022\/11\/1_pick_for_eurojackpot-600x200.jpg 600w, https:\/\/jackpotlotteryonline.com\/wp-content\/uploads\/2022\/11\/1_pick_for_eurojackpot.jpg 734w\" sizes=\"auto, (max-width: 300px) 100vw, 300px\" \/><\/p>\n<p>Jackpotlotteryonline.com \u00e4r en conciergesajt, d\u00e4rf\u00f6r g\u00f6r vi det m\u00f6jligt f\u00f6r v\u00e5ra kunder att delta i lotterier fr\u00e5n hela v\u00e4rlden. Vi anser att Eurojackpot ska vara tillg\u00e4ngligt f\u00f6r alla som \u00e4r myndiga och har laglig kapacitet, och vi har tagit med oss den passionen i v\u00e5r tj\u00e4nsteleverans. N\u00e4r du registrerar dig hos oss f\u00e5r du f\u00f6ljande:<\/p>\n<ul>\n<li>Tillg\u00e5ng till \u00f6ver tv\u00e5 dussin internationella lotterier, inklusive Eurojackpot.<\/li>\n<li>Ett smidigt s\u00e4tt att spela p\u00e5 lotteri<\/li>\n<li>Du kan spela flera lotterier och delta i flera dragningar p\u00e5 ett och samma st\u00e4lle.<\/li>\n<li>Du beh\u00f6ver inte h\u00e5lla reda p\u00e5 alla dina lotterier fr\u00e5n Eurojackpot, det g\u00f6r vi \u00e5t dig.<\/li>\n<li>Vi h\u00e5ller ocks\u00e5 reda p\u00e5 dina vinster och varnar dig s\u00e5 att du inte missar att h\u00e4mta ut din vinst.<\/li>\n<li>Du kan enkelt betala ut dina vinster fr\u00e5n v\u00e5r plattform till ditt onlinekonto.<\/li>\n<\/ul>\n<p>V\u00e5rt fokus ligger p\u00e5 att se till att du f\u00e5r en trevlig upplevelse n\u00e4r du spelar p\u00e5 lotteri. Vi har finjusterat v\u00e5ra tj\u00e4nster och forts\u00e4tter att f\u00f6rfina processen s\u00e5 att den blir mer intuitiv f\u00f6r v\u00e5ra spelare.<\/p>\n<h2>F\u00f6lj dessa steg f\u00f6r att komma in i Eurojackpot<\/h2>\n<p><strong>Steg 1:<\/strong> Bes\u00f6k jackpotlotteryonline.com och g\u00e5 till det lotteri du vill delta i, i det h\u00e4r fallet Eurojackpot. Klicka p\u00e5 den.<\/p>\n<p><strong>Steg 2:<\/strong> V\u00e4lj 5 huvudnummer och 2 extra nummer. Du kan v\u00e4lja flera rader f\u00f6r att \u00f6ka dina chanser att vinna Eurojackpot. Om du inte har n\u00e5got s\u00e4rskilt nummer kan du anv\u00e4nda &#8220;Quick Pick All&#8221; f\u00f6r att g\u00f6ra urvalsprocessen snabbare.<\/p>\n<p><strong>Steg 3:<\/strong> V\u00e4lj vilken typ av biljett du vill k\u00f6pa. Du kan antingen skaffa en enkel eller k\u00f6pa multi-draws, vilket g\u00f6r att du kan delta i flera dragningar. Om du deltar i flera dragningar har du st\u00f6rre chans att vinna Eurojackpot.<\/p>\n<p><strong>Steg 4:<\/strong> G\u00e5 till betalningssidan. P\u00e5 betalningssidan kommer du att bli ombedd att registrera dig eller att registrera dig. Anledningen till detta \u00e4r trefaldig:<\/p>\n<ol>\n<li>F\u00f6r att se till att du alltid har tillg\u00e5ng till din Eurojackpot-blankett, eftersom det \u00e4r det enda s\u00e4ttet att h\u00e4mta ut en vinst.<\/li>\n<li>S\u00e5 att vi kan varna dig om du vinner Eurojackpot eller n\u00e5got av priserna i de andra niv\u00e5erna. Vi kommer att g\u00f6ra det via plattformen och \u00e4ven via din e-post.<\/li>\n<li>F\u00f6r att g\u00f6ra det enkelt f\u00f6r dig att g\u00f6ra anspr\u00e5k p\u00e5 och ta ut ditt pris.<\/li>\n<\/ol>\n<p>Det var allt. Att delta i Eurojackpot var du \u00e4n befinner dig \u00e4r lika enkelt som att f\u00f6lja dessa tre steg. Nu kan du njuta av s\u00e4ker och bekymmersfri betting fr\u00e5n din dator eller mobila enhet.<\/p>\n<p>Varf\u00f6r inte registrera dig hos oss idag f\u00f6r att k\u00f6pa Eurojackpot-biljetter fr\u00e5n l\u00e4nder utanf\u00f6r Europa? Att spela p\u00e5 lotto \u00e4r sp\u00e4nnande och man vet aldrig n\u00e4r man har tur. Om du vill ha chansen att bli miljon\u00e4r kan du g\u00e5 online och delta i Eurojackpot idag.<\/p>\n","protected":false},"excerpt":{"rendered":"<p>Om EuroJackpot Eurojackpot har en sp\u00e4nnande egenskap som du b\u00f6r k\u00e4nna till: N\u00e4r jackpotten n\u00e5r 90 miljoner finns det en gr\u00e4ns f\u00f6r hur mycket du kan vinna. Det inneb\u00e4r att alla medel fr\u00e5n biljettf\u00f6rs\u00e4ljning som \u00f6verstiger 90 miljoner euro l\u00e4ggs till det andra priset. Detta pris i andra hand kommer d\u00e5 att vara betydligt h\u00f6gre. [&hellip;]<\/p>\n","protected":false},"author":1,"featured_media":0,"parent":35784,"menu_order":4,"comment_status":"closed","ping_status":"closed","template":"eurojackpot-info.php","meta":{"_et_pb_use_builder":"","_et_pb_old_content":"","_et_gb_content_width":"","exclude_from_search":false,"footnotes":""},"class_list":["post-36543","page","type-page","status-publish","hentry"],"yoast_head":"<!-- This site is optimized with the Yoast SEO plugin v23.3 - https:\/\/yoast.com\/wordpress\/plugins\/seo\/ -->\n<title>K\u00f6p Eurojackpot-biljetter utanf\u00f6r Europa | K\u00f6p biljetter online<\/title>\n<meta name=\"description\" content=\"I vissa europeiska l\u00e4nder kan du k\u00f6pa Eurojackpot-biljetter i butiken. Men h\u00e4r kan du f\u00e5 biljetter \u00e4ven fr\u00e5n l\u00e4nder utanf\u00f6r Europa\" \/>\n<meta name=\"robots\" content=\"index, follow, max-snippet:-1, max-image-preview:large, max-video-preview:-1\" \/>\n<link rel=\"canonical\" href=\"https:\/\/jackpotlotteryonline.com\/buy-tickets\/eurojackpot\/\" \/>\n<meta property=\"og:locale\" content=\"sv_SE\" \/>\n<meta property=\"og:type\" content=\"article\" \/>\n<meta property=\"og:title\" content=\"K\u00f6p Eurojackpot-biljetter utanf\u00f6r Europa | K\u00f6p biljetter online\" \/>\n<meta property=\"og:description\" content=\"I vissa europeiska l\u00e4nder kan du k\u00f6pa Eurojackpot-biljetter i butiken. Men h\u00e4r kan du f\u00e5 biljetter \u00e4ven fr\u00e5n l\u00e4nder utanf\u00f6r Europa\" \/>\n<meta property=\"og:url\" content=\"https:\/\/jackpotlotteryonline.com\/buy-tickets\/eurojackpot\/\" \/>\n<meta property=\"og:site_name\" content=\"Lotto Online - Crack The International Lottery Jackpots\" \/>\n<meta property=\"article:modified_time\" content=\"2023-01-03T20:16:12+00:00\" \/>\n<meta property=\"og:image\" content=\"https:\/\/jackpotlotteryonline.com\/wp-content\/uploads\/2022\/11\/1_buy_eurojackpot_ticket-300x99.jpg\" \/>\n<meta name=\"twitter:card\" content=\"summary_large_image\" \/>\n<meta name=\"twitter:label1\" content=\"Ber\u00e4knad l\u00e4stid\" \/>\n\t<meta name=\"twitter:data1\" content=\"6 minuter\" \/>\n<!-- \/ Yoast SEO plugin. -->","yoast_head_json":{"title":"K\u00f6p Eurojackpot-biljetter utanf\u00f6r Europa | K\u00f6p biljetter online","description":"I vissa europeiska l\u00e4nder kan du k\u00f6pa Eurojackpot-biljetter i butiken. Men h\u00e4r kan du f\u00e5 biljetter \u00e4ven fr\u00e5n l\u00e4nder utanf\u00f6r Europa","robots":{"index":"index","follow":"follow","max-snippet":"max-snippet:-1","max-image-preview":"max-image-preview:large","max-video-preview":"max-video-preview:-1"},"canonical":"https:\/\/jackpotlotteryonline.com\/buy-tickets\/eurojackpot\/","og_locale":"sv_SE","og_type":"article","og_title":"K\u00f6p Eurojackpot-biljetter utanf\u00f6r Europa | K\u00f6p biljetter online","og_description":"I vissa europeiska l\u00e4nder kan du k\u00f6pa Eurojackpot-biljetter i butiken. Men h\u00e4r kan du f\u00e5 biljetter \u00e4ven fr\u00e5n l\u00e4nder utanf\u00f6r Europa","og_url":"https:\/\/jackpotlotteryonline.com\/buy-tickets\/eurojackpot\/","og_site_name":"Lotto Online - Crack The International Lottery Jackpots","article_modified_time":"2023-01-03T20:16:12+00:00","og_image":[{"url":"https:\/\/jackpotlotteryonline.com\/wp-content\/uploads\/2022\/11\/1_buy_eurojackpot_ticket-300x99.jpg"}],"twitter_card":"summary_large_image","twitter_misc":{"Ber\u00e4knad l\u00e4stid":"6 minuter"},"schema":{"@context":"https:\/\/schema.org","@graph":[{"@type":"WebPage","@id":"https:\/\/jackpotlotteryonline.com\/buy-tickets\/eurojackpot\/","url":"https:\/\/jackpotlotteryonline.com\/buy-tickets\/eurojackpot\/","name":"K\u00f6p Eurojackpot-biljetter utanf\u00f6r Europa | K\u00f6p biljetter online","isPartOf":{"@id":"https:\/\/jackpotlotteryonline.com\/#website"},"primaryImageOfPage":{"@id":"https:\/\/jackpotlotteryonline.com\/buy-tickets\/eurojackpot\/#primaryimage"},"image":{"@id":"https:\/\/jackpotlotteryonline.com\/buy-tickets\/eurojackpot\/#primaryimage"},"thumbnailUrl":"https:\/\/jackpotlotteryonline.com\/wp-content\/uploads\/2022\/11\/1_buy_eurojackpot_ticket-300x99.jpg","datePublished":"2022-11-07T11:00:42+00:00","dateModified":"2023-01-03T20:16:12+00:00","description":"I vissa europeiska l\u00e4nder kan du k\u00f6pa Eurojackpot-biljetter i butiken. Men h\u00e4r kan du f\u00e5 biljetter \u00e4ven fr\u00e5n l\u00e4nder utanf\u00f6r Europa","breadcrumb":{"@id":"https:\/\/jackpotlotteryonline.com\/buy-tickets\/eurojackpot\/#breadcrumb"},"inLanguage":"sv-SE","potentialAction":[{"@type":"ReadAction","target":["https:\/\/jackpotlotteryonline.com\/buy-tickets\/eurojackpot\/"]}]},{"@type":"ImageObject","inLanguage":"sv-SE","@id":"https:\/\/jackpotlotteryonline.com\/buy-tickets\/eurojackpot\/#primaryimage","url":"https:\/\/jackpotlotteryonline.com\/wp-content\/uploads\/2022\/11\/1_buy_eurojackpot_ticket-300x99.jpg","contentUrl":"https:\/\/jackpotlotteryonline.com\/wp-content\/uploads\/2022\/11\/1_buy_eurojackpot_ticket-300x99.jpg"},{"@type":"BreadcrumbList","@id":"https:\/\/jackpotlotteryonline.com\/buy-tickets\/eurojackpot\/#breadcrumb","itemListElement":[{"@type":"ListItem","position":1,"name":"Home","item":"https:\/\/jackpotlotteryonline.com\/sv\/"},{"@type":"ListItem","position":2,"name":"Hur man k\u00f6per lotteri biljetter p\u00e5 n\u00e4tet","item":"https:\/\/jackpotlotteryonline.com\/buy-tickets\/"},{"@type":"ListItem","position":3,"name":"K\u00f6p biljetter till Eurojackpot utanf\u00f6r de deltagande l\u00e4nderna"}]},{"@type":"WebSite","@id":"https:\/\/jackpotlotteryonline.com\/#website","url":"https:\/\/jackpotlotteryonline.com\/","name":"Lotto Online - Crack The International Lottery Jackpots","description":"","potentialAction":[{"@type":"SearchAction","target":{"@type":"EntryPoint","urlTemplate":"https:\/\/jackpotlotteryonline.com\/?s={search_term_string}"},"query-input":"required name=search_term_string"}],"inLanguage":"sv-SE"}]}},"_links":{"self":[{"href":"https:\/\/jackpotlotteryonline.com\/sv\/wp-json\/wp\/v2\/pages\/36543","targetHints":{"allow":["GET"]}}],"collection":[{"href":"https:\/\/jackpotlotteryonline.com\/sv\/wp-json\/wp\/v2\/pages"}],"about":[{"href":"https:\/\/jackpotlotteryonline.com\/sv\/wp-json\/wp\/v2\/types\/page"}],"author":[{"embeddable":true,"href":"https:\/\/jackpotlotteryonline.com\/sv\/wp-json\/wp\/v2\/users\/1"}],"replies":[{"embeddable":true,"href":"https:\/\/jackpotlotteryonline.com\/sv\/wp-json\/wp\/v2\/comments?post=36543"}],"version-history":[{"count":0,"href":"https:\/\/jackpotlotteryonline.com\/sv\/wp-json\/wp\/v2\/pages\/36543\/revisions"}],"up":[{"embeddable":true,"href":"https:\/\/jackpotlotteryonline.com\/sv\/wp-json\/wp\/v2\/pages\/35784"}],"wp:attachment":[{"href":"https:\/\/jackpotlotteryonline.com\/sv\/wp-json\/wp\/v2\/media?parent=36543"}],"curies":[{"name":"wp","href":"https:\/\/api.w.org\/{rel}","templated":true}]}}